{"id":4223,"date":"2024-01-15T07:03:35","date_gmt":"2024-01-15T07:03:35","guid":{"rendered":"https:\/\/longchangchemical.com\/?post_type=product&#038;p=4223"},"modified":"2025-12-19T10:05:46","modified_gmt":"2025-12-19T10:05:46","slug":"butyl-glycidyl-ether-cas-2426-08-6","status":"publish","type":"product","link":"https:\/\/longchangchemical.com\/tr\/product\/butyl-glycidyl-ether-cas-2426-08-6\/","title":{"rendered":"b\u00fctil glisidil eter cas 2426-08-6"},"content":{"rendered":"<h2><strong>Butil glisidil eterptik \u00d6zellikler<\/strong><\/h2>\n<table class=\"table-1\" cellspacing=\"0\">\n<tbody>\n<tr>\n<td>\u00d6\u011fe<\/td>\n<td>Teknik \u00d6zellikler<\/td>\n<\/tr>\n<tr>\n<td>Renk, APHA<\/td>\n<td>\u226420<\/td>\n<\/tr>\n<tr>\n<td>Viskozite \uff0c mPas (25 \u2103)<\/td>\n<td>\u22642<\/td>\n<\/tr>\n<tr>\n<td>Epoksit E\u015fde\u011feri g\/eq<\/td>\n<td>\u2264159<\/td>\n<\/tr>\n<tr>\n<td>Hidrolize edilebilir klor\u00fcr eq\/100g<\/td>\n<td>\u22640.01<\/td>\n<\/tr>\n<tr>\n<td>\u0130norganik klor eq\/100g<\/td>\n<td>\u22640.001<\/td>\n<\/tr>\n<tr>\n<td>Nem %<\/td>\n<td>\u22640.5<\/td>\n<\/tr>\n<\/tbody>\n<\/table>\n<h2><strong>Butil glisidil eter Uygulama<\/strong><\/h2>\n<p>Epoksi g\u00f6mme malzemesi, D\u00f6k\u00fcm malzemesi, Kaps\u00fclleme malzemesi, Kaplama Malzemesi ve Yap\u0131\u015ft\u0131r\u0131c\u0131 i\u00e7in uygun S\u0131v\u0131 Epoksi Re\u00e7ine ile birle\u015ftirilmi\u015ftir. Solventsiz korozyon \u00f6nleyici kaplamada, kanat olu\u015fturmada kullan\u0131lmak \u00fczere Uygulama \u00f6zellikleri: D\u00fc\u015f\u00fck viskozite, k\u00fcrlenmi\u015f epoksi re\u00e7inenin mukavemetini ve yap\u0131\u015fmas\u0131n\u0131 iyile\u015ftirir, \u00e7e\u015fitli epoksirezinler ile iyi \u00e7\u00f6z\u00fcn\u00fcrl\u00fck.<\/p>\n<ol>\n<li><strong>Epoksi Re\u00e7ine Form\u00fclasyonu:<\/strong> CAS numaras\u0131 2426-08-6 olan Butil Glisidil Eter, epoksi re\u00e7inelerin form\u00fclasyonunda yayg\u0131n olarak kullan\u0131l\u0131r. Reaktif bir seyreltici olarak g\u00f6rev yapar, re\u00e7ine i\u015flemenin ve k\u00fcrlenmi\u015f epoksi malzemelerin \u00f6zelliklerinin iyile\u015ftirilmesine katk\u0131da bulunur.<\/li>\n<li><strong>Kaplama ve Yap\u0131\u015ft\u0131r\u0131c\u0131 Uygulamalar\u0131:<\/strong> Bu bile\u015fik kaplamalarda ve yap\u0131\u015ft\u0131r\u0131c\u0131larda uygulama alan\u0131 bulur. Butil Glisidil Eter, kaplamalar\u0131n viskozitesini de\u011fi\u015ftirmek ve \u00e7e\u015fitli uygulamalarda yap\u0131\u015ft\u0131r\u0131c\u0131lar\u0131n yap\u0131\u015fmas\u0131n\u0131 iyile\u015ftirmek i\u00e7in kullan\u0131labilir.<\/li>\n<li><strong>Kimyasal Sentez:<\/strong> Butil Glisidil Eter, kimyasal sentezde \u00e7e\u015fitli organik bile\u015fiklerin \u00fcretimi i\u00e7in bir yap\u0131 ta\u015f\u0131 olarak kullan\u0131l\u0131r. \u00d6zel kimyasallar\u0131n sentezinde \u00e7ok y\u00f6nl\u00fc bir ara \u00fcr\u00fcn olarak hizmet eder.<\/li>\n<li><strong>Elektronik End\u00fcstrisi:<\/strong> Elektronik end\u00fcstrisinde, Butil Glisidil Eter elektronik malzemelerin ve kaps\u00fclleyicilerin \u00fcretiminde kullan\u0131labilir. Elektronik uygulamalar i\u00e7in arzu edilen \u00f6zelliklere sahip malzemelerin form\u00fclasyonuna katk\u0131da bulunur.<\/li>\n<\/ol>\n<h2><strong>B\u00fctil glisidil eter Paketleme<\/strong><\/h2>\n<p>20 kg veya 180kg plastik bidon veya 900kgs\/IBC konteyner i\u00e7inde paketlenmi\u015ftir.<\/p>\n<p>Depolama ve nakliye normal kimyasallar\u0131n temel gerekliliklerine uygun olmal\u0131d\u0131r.<\/p>\n<p>Serin, kuru ve iyi havaland\u0131r\u0131lan bir yerde saklay\u0131n. Tutu\u015fturucu kaynaklardan, \u0131s\u0131 ve alevden ve g\u00fcne\u015f \u0131\u015f\u0131\u011f\u0131ndan uzak tutun<\/p>\n<p>Nem emiliminden kaynaklanan olumsuz etkilerden ka\u00e7\u0131nmak i\u00e7in kullan\u0131mdan sonra yal\u0131t\u0131lm\u0131\u015f (s\u0131k\u0131ca kapat\u0131lm\u0131\u015f) olarak muhafaza edilmesi gerekir.<\/p>\n<h2><strong>B\u00fctil glisidil eter Dikkat<\/strong><\/h2>\n<p>Cilt ve g\u00f6z ile temas\u0131ndan ka\u00e7\u0131n\u0131n. Cilt ile temas\u0131 halinde derhal sabun ve su ile y\u0131kay\u0131n, g\u00f6z ile temas\u0131 halinde derhal akan su ile y\u0131kay\u0131n. Yutulmas\u0131 halinde t\u0131bbi yard\u0131m al\u0131n.<\/p>\n<p>\u00c7al\u0131\u015fma ortam\u0131 havaland\u0131rma olmal\u0131d\u0131r.<\/p>\n<p>Yukar\u0131daki bilgiler sadece referans i\u00e7indir, l\u00fctfen kullanmadan \u00f6nce test edin. Uygulamada ba\u015fka herhangi bir sorunuz varsa, l\u00fctfen bizimle ileti\u015fime ge\u00e7mekten \u00e7ekinmeyin.<\/p>\n<h2><strong><b>\u015eimdi Bize Ula\u015f\u0131n!<\/b><\/strong><\/h2>\n<h4><strong><b>COA, MSDS veya TDS'ye ihtiyac\u0131n\u0131z varsa, l\u00fctfen a\u015fa\u011f\u0131daki forma ileti\u015fim bilgilerinizi girin, genellikle 24 saat i\u00e7inde sizinle ileti\u015fime ge\u00e7ece\u011fiz. Bana e-posta da g\u00f6nderebilirsiniz <span style=\"color: #0000ff;\"><a style=\"color: #0000ff;\" href=\"mailto:info@longchangchemical.com\">info@longchangchemical.com<\/a><\/span> \u00c7al\u0131\u015fma saatleri i\u00e7inde (8:30 - 6:00 UTC+8 Pzt.~Sat.) veya h\u0131zl\u0131 yan\u0131t almak i\u00e7in web sitesi canl\u0131 sohbetini kullan\u0131n.<\/b><\/strong><\/h4>","protected":false},"excerpt":{"rendered":"<h2><strong>Butil glisidil eter h\u0131zl\u0131 Ayr\u0131nt\u0131lar<\/strong><\/h2>\n<p>\u00dcr\u00fcn ad\u0131:Butil glisidil eter<\/p>\n<p>CAS: 2426-08-6<\/p>\n<p>Molek\u00fcler form\u00fcl:C7H14O2<\/p>\n<p>Molek\u00fcl a\u011f\u0131rl\u0131\u011f\u0131:130.18<\/p>","protected":false},"featured_media":6462,"comment_status":"open","ping_status":"closed","template":"","meta":[],"product_brand":[],"product_cat":[69],"product_tag":[],"class_list":{"0":"post-4223","1":"product","2":"type-product","3":"status-publish","4":"has-post-thumbnail","6":"product_cat-catalysts-chemical-auxiliary-agents","8":"first","9":"instock","10":"shipping-taxable","11":"product-type-simple"},"yoast_head":"<!-- This site is optimized with the Yoast SEO plugin v25.3.1 - https:\/\/yoast.com\/wordpress\/plugins\/seo\/ -->\n<title>China Butyl Glycidyl Ether Manufacturer CAS 2426-08-6 -Longchang Chemical<\/title>\n<meta name=\"description\" content=\"butyl glycidyl ether cas 2426-08-6 is key product of Longchang Chemical. We provide best price. We are the leading manufacturer and supplier in China with the best quanlity and competitive price.\" \/>\n<meta name=\"robots\" content=\"index, follow, max-snippet:-1, max-image-preview:large, max-video-preview:-1\" \/>\n<link rel=\"canonical\" href=\"https:\/\/longchangchemical.com\/tr\/product\/butyl-glycidyl-ether-cas-2426-08-6\/\" \/>\n<meta property=\"og:locale\" content=\"tr_TR\" \/>\n<meta property=\"og:type\" content=\"article\" \/>\n<meta property=\"og:title\" content=\"China Butyl Glycidyl Ether Manufacturer CAS 2426-08-6 -Longchang Chemical\" \/>\n<meta property=\"og:description\" content=\"butyl glycidyl ether cas 2426-08-6 is key product of Longchang Chemical. We provide best price. We are the leading manufacturer and supplier in China with the best quanlity and competitive price.\" \/>\n<meta property=\"og:url\" content=\"https:\/\/longchangchemical.com\/tr\/product\/butyl-glycidyl-ether-cas-2426-08-6\/\" \/>\n<meta property=\"og:site_name\" content=\"Longchang Chemical\" \/>\n<meta property=\"article:modified_time\" content=\"2025-12-19T10:05:46+00:00\" \/>\n<meta property=\"og:image\" content=\"https:\/\/longchangchemical.com\/wp-content\/uploads\/2024\/01\/2.jpg\" \/>\n\t<meta property=\"og:image:width\" content=\"800\" \/>\n\t<meta property=\"og:image:height\" content=\"800\" \/>\n\t<meta property=\"og:image:type\" content=\"image\/jpeg\" \/>\n<meta name=\"twitter:card\" content=\"summary_large_image\" \/>\n<script type=\"application\/ld+json\" class=\"yoast-schema-graph\">{\"@context\":\"https:\/\/schema.org\",\"@graph\":[{\"@type\":\"WebPage\",\"@id\":\"https:\/\/longchangchemical.com\/product\/butyl-glycidyl-ether-cas-2426-08-6\/\",\"url\":\"https:\/\/longchangchemical.com\/product\/butyl-glycidyl-ether-cas-2426-08-6\/\",\"name\":\"China Butyl Glycidyl Ether Manufacturer CAS 2426-08-6 -Longchang Chemical\",\"isPartOf\":{\"@id\":\"https:\/\/longchangchemical.com\/#website\"},\"primaryImageOfPage\":{\"@id\":\"https:\/\/longchangchemical.com\/product\/butyl-glycidyl-ether-cas-2426-08-6\/#primaryimage\"},\"image\":{\"@id\":\"https:\/\/longchangchemical.com\/product\/butyl-glycidyl-ether-cas-2426-08-6\/#primaryimage\"},\"thumbnailUrl\":\"https:\/\/longchangchemical.com\/wp-content\/uploads\/2024\/01\/2.jpg\",\"datePublished\":\"2024-01-15T07:03:35+00:00\",\"dateModified\":\"2025-12-19T10:05:46+00:00\",\"description\":\"butyl glycidyl ether cas 2426-08-6 is key product of Longchang Chemical. We provide best price. We are the leading manufacturer and supplier in China with the best quanlity and competitive price.\",\"breadcrumb\":{\"@id\":\"https:\/\/longchangchemical.com\/product\/butyl-glycidyl-ether-cas-2426-08-6\/#breadcrumb\"},\"inLanguage\":\"tr\",\"potentialAction\":[{\"@type\":\"ReadAction\",\"target\":[\"https:\/\/longchangchemical.com\/product\/butyl-glycidyl-ether-cas-2426-08-6\/\"]}]},{\"@type\":\"ImageObject\",\"inLanguage\":\"tr\",\"@id\":\"https:\/\/longchangchemical.com\/product\/butyl-glycidyl-ether-cas-2426-08-6\/#primaryimage\",\"url\":\"https:\/\/longchangchemical.com\/wp-content\/uploads\/2024\/01\/2.jpg\",\"contentUrl\":\"https:\/\/longchangchemical.com\/wp-content\/uploads\/2024\/01\/2.jpg\",\"width\":800,\"height\":800,\"caption\":\"butyl glycidyl ether cas 2426-08-6\"},{\"@type\":\"BreadcrumbList\",\"@id\":\"https:\/\/longchangchemical.com\/product\/butyl-glycidyl-ether-cas-2426-08-6\/#breadcrumb\",\"itemListElement\":[{\"@type\":\"ListItem\",\"position\":1,\"name\":\"Home\",\"item\":\"https:\/\/longchangchemical.com\/\"},{\"@type\":\"ListItem\",\"position\":2,\"name\":\"Products Longchang\",\"item\":\"https:\/\/longchangchemical.com\/product\/\"},{\"@type\":\"ListItem\",\"position\":3,\"name\":\"butyl glycidyl ether cas 2426-08-6\"}]},{\"@type\":\"WebSite\",\"@id\":\"https:\/\/longchangchemical.com\/#website\",\"url\":\"https:\/\/longchangchemical.com\/\",\"name\":\"Longchang Chemical\",\"description\":\"China chemical manufacturer \uff06 supplier\",\"publisher\":{\"@id\":\"https:\/\/longchangchemical.com\/#organization\"},\"potentialAction\":[{\"@type\":\"SearchAction\",\"target\":{\"@type\":\"EntryPoint\",\"urlTemplate\":\"https:\/\/longchangchemical.com\/?s={search_term_string}\"},\"query-input\":{\"@type\":\"PropertyValueSpecification\",\"valueRequired\":true,\"valueName\":\"search_term_string\"}}],\"inLanguage\":\"tr\"},{\"@type\":\"Organization\",\"@id\":\"https:\/\/longchangchemical.com\/#organization\",\"name\":\"Longchang Chemical\",\"url\":\"https:\/\/longchangchemical.com\/\",\"logo\":{\"@type\":\"ImageObject\",\"inLanguage\":\"tr\",\"@id\":\"https:\/\/longchangchemical.com\/#\/schema\/logo\/image\/\",\"url\":\"https:\/\/longchangchemical.com\/wp-content\/uploads\/2020\/08\/cropped-longchang-logo.png\",\"contentUrl\":\"https:\/\/longchangchemical.com\/wp-content\/uploads\/2020\/08\/cropped-longchang-logo.png\",\"width\":512,\"height\":512,\"caption\":\"Longchang Chemical\"},\"image\":{\"@id\":\"https:\/\/longchangchemical.com\/#\/schema\/logo\/image\/\"}}]}<\/script>\n<!-- \/ Yoast SEO plugin. -->","yoast_head_json":{"title":"\u00c7in Butil Glisidil Eter \u00dcreticisi CAS 2426-08-6 -Longchang Chemical","description":"b\u00fctil glisidil eter cas 2426-08-6 Longchang Chemical'\u0131n anahtar \u00fcr\u00fcn\u00fcd\u00fcr. En iyi fiyat\u0131 sa\u011fl\u0131yoruz. Biz en iyi quanlity ve rekabet\u00e7i fiyat ile \u00c7in'de lider \u00fcretici ve tedarik\u00e7i vard\u0131r.","robots":{"index":"index","follow":"follow","max-snippet":"max-snippet:-1","max-image-preview":"max-image-preview:large","max-video-preview":"max-video-preview:-1"},"canonical":"https:\/\/longchangchemical.com\/tr\/product\/butyl-glycidyl-ether-cas-2426-08-6\/","og_locale":"tr_TR","og_type":"article","og_title":"China Butyl Glycidyl Ether Manufacturer CAS 2426-08-6 -Longchang Chemical","og_description":"butyl glycidyl ether cas 2426-08-6 is key product of Longchang Chemical. We provide best price. We are the leading manufacturer and supplier in China with the best quanlity and competitive price.","og_url":"https:\/\/longchangchemical.com\/tr\/product\/butyl-glycidyl-ether-cas-2426-08-6\/","og_site_name":"Longchang Chemical","article_modified_time":"2025-12-19T10:05:46+00:00","og_image":[{"width":800,"height":800,"url":"https:\/\/longchangchemical.com\/wp-content\/uploads\/2024\/01\/2.jpg","type":"image\/jpeg"}],"twitter_card":"summary_large_image","schema":{"@context":"https:\/\/schema.org","@graph":[{"@type":"WebPage","@id":"https:\/\/longchangchemical.com\/product\/butyl-glycidyl-ether-cas-2426-08-6\/","url":"https:\/\/longchangchemical.com\/product\/butyl-glycidyl-ether-cas-2426-08-6\/","name":"\u00c7in Butil Glisidil Eter \u00dcreticisi CAS 2426-08-6 -Longchang Chemical","isPartOf":{"@id":"https:\/\/longchangchemical.com\/#website"},"primaryImageOfPage":{"@id":"https:\/\/longchangchemical.com\/product\/butyl-glycidyl-ether-cas-2426-08-6\/#primaryimage"},"image":{"@id":"https:\/\/longchangchemical.com\/product\/butyl-glycidyl-ether-cas-2426-08-6\/#primaryimage"},"thumbnailUrl":"https:\/\/longchangchemical.com\/wp-content\/uploads\/2024\/01\/2.jpg","datePublished":"2024-01-15T07:03:35+00:00","dateModified":"2025-12-19T10:05:46+00:00","description":"b\u00fctil glisidil eter cas 2426-08-6 Longchang Chemical'\u0131n anahtar \u00fcr\u00fcn\u00fcd\u00fcr. En iyi fiyat\u0131 sa\u011fl\u0131yoruz. Biz en iyi quanlity ve rekabet\u00e7i fiyat ile \u00c7in'de lider \u00fcretici ve tedarik\u00e7i vard\u0131r.","breadcrumb":{"@id":"https:\/\/longchangchemical.com\/product\/butyl-glycidyl-ether-cas-2426-08-6\/#breadcrumb"},"inLanguage":"tr","potentialAction":[{"@type":"ReadAction","target":["https:\/\/longchangchemical.com\/product\/butyl-glycidyl-ether-cas-2426-08-6\/"]}]},{"@type":"ImageObject","inLanguage":"tr","@id":"https:\/\/longchangchemical.com\/product\/butyl-glycidyl-ether-cas-2426-08-6\/#primaryimage","url":"https:\/\/longchangchemical.com\/wp-content\/uploads\/2024\/01\/2.jpg","contentUrl":"https:\/\/longchangchemical.com\/wp-content\/uploads\/2024\/01\/2.jpg","width":800,"height":800,"caption":"butyl glycidyl ether cas 2426-08-6"},{"@type":"BreadcrumbList","@id":"https:\/\/longchangchemical.com\/product\/butyl-glycidyl-ether-cas-2426-08-6\/#breadcrumb","itemListElement":[{"@type":"ListItem","position":1,"name":"Home","item":"https:\/\/longchangchemical.com\/"},{"@type":"ListItem","position":2,"name":"Products Longchang","item":"https:\/\/longchangchemical.com\/product\/"},{"@type":"ListItem","position":3,"name":"butyl glycidyl ether cas 2426-08-6"}]},{"@type":"WebSite","@id":"https:\/\/longchangchemical.com\/#website","url":"https:\/\/longchangchemical.com\/","name":"Longchang Kimya","description":"\u00c7in kimyasal \u00fcreticisi \uff06 tedarik\u00e7isi","publisher":{"@id":"https:\/\/longchangchemical.com\/#organization"},"potentialAction":[{"@type":"SearchAction","target":{"@type":"EntryPoint","urlTemplate":"https:\/\/longchangchemical.com\/?s={search_term_string}"},"query-input":{"@type":"PropertyValueSpecification","valueRequired":true,"valueName":"search_term_string"}}],"inLanguage":"tr"},{"@type":"Organization","@id":"https:\/\/longchangchemical.com\/#organization","name":"Longchang Kimya","url":"https:\/\/longchangchemical.com\/","logo":{"@type":"ImageObject","inLanguage":"tr","@id":"https:\/\/longchangchemical.com\/#\/schema\/logo\/image\/","url":"https:\/\/longchangchemical.com\/wp-content\/uploads\/2020\/08\/cropped-longchang-logo.png","contentUrl":"https:\/\/longchangchemical.com\/wp-content\/uploads\/2020\/08\/cropped-longchang-logo.png","width":512,"height":512,"caption":"Longchang Chemical"},"image":{"@id":"https:\/\/longchangchemical.com\/#\/schema\/logo\/image\/"}}]}},"_links":{"self":[{"href":"https:\/\/longchangchemical.com\/tr\/wp-json\/wp\/v2\/product\/4223","targetHints":{"allow":["GET"]}}],"collection":[{"href":"https:\/\/longchangchemical.com\/tr\/wp-json\/wp\/v2\/product"}],"about":[{"href":"https:\/\/longchangchemical.com\/tr\/wp-json\/wp\/v2\/types\/product"}],"replies":[{"embeddable":true,"href":"https:\/\/longchangchemical.com\/tr\/wp-json\/wp\/v2\/comments?post=4223"}],"wp:featuredmedia":[{"embeddable":true,"href":"https:\/\/longchangchemical.com\/tr\/wp-json\/wp\/v2\/media\/6462"}],"wp:attachment":[{"href":"https:\/\/longchangchemical.com\/tr\/wp-json\/wp\/v2\/media?parent=4223"}],"wp:term":[{"taxonomy":"product_brand","embeddable":true,"href":"https:\/\/longchangchemical.com\/tr\/wp-json\/wp\/v2\/product_brand?post=4223"},{"taxonomy":"product_cat","embeddable":true,"href":"https:\/\/longchangchemical.com\/tr\/wp-json\/wp\/v2\/product_cat?post=4223"},{"taxonomy":"product_tag","embeddable":true,"href":"https:\/\/longchangchemical.com\/tr\/wp-json\/wp\/v2\/product_tag?post=4223"}],"curies":[{"name":"wp","href":"https:\/\/api.w.org\/{rel}","templated":true}]}}