{"id":4216,"date":"2024-01-17T01:27:52","date_gmt":"2024-01-17T01:27:52","guid":{"rendered":"https:\/\/longchangchemical.com\/?post_type=product&#038;p=4216"},"modified":"2025-12-17T06:02:03","modified_gmt":"2025-12-17T06:02:03","slug":"ammonium-2-hydroxyethanesulphonate-cas-57267-78-4","status":"publish","type":"product","link":"https:\/\/longchangchemical.com\/tr\/product\/ammonium-2-hydroxyethanesulphonate-cas-57267-78-4\/","title":{"rendered":"amonyum 2-hidroksietanes\u00fclfonat cas 57267-78-4"},"content":{"rendered":"<h2><strong>Amonyum 2-hidroksietanes\u00fclfonat Tipik \u00d6zellikler<\/strong><\/h2>\n<table class=\"table-1\" cellspacing=\"0\">\n<tbody>\n<tr>\n<td>\u00d6\u011fe<\/td>\n<td>Teknik \u00d6zellikler<\/td>\n<\/tr>\n<tr>\n<td>G\u00f6r\u00fcn\u00fc\u015f<\/td>\n<td>Beyaz Kristal Toz<\/td>\n<\/tr>\n<tr>\n<td>Nem<\/td>\n<td>\u22640,5%<\/td>\n<\/tr>\n<tr>\n<td>A\u011f\u0131r Metal<\/td>\n<td>\u2264 5PPM<\/td>\n<\/tr>\n<tr>\n<td>Tahlil<\/td>\n<td>\u226598.5%<\/td>\n<\/tr>\n<\/tbody>\n<\/table>\n<h2><strong>Amonyum 2-hidroksietanes\u00fclfonatKullan\u0131m<\/strong><\/h2>\n<p>Aktivat\u00f6r, di\u011fer biyokimyasal reaktifler olarak kullan\u0131l\u0131r.<\/p>\n<ol>\n<li><strong>Elektrokaplama End\u00fcstrisi:<\/strong> CAS numaras\u0131 57267-78-4 olan Amonyum 2-Hidroksietanes\u00fclfonat, elektrokaplama end\u00fcstrisinde yayg\u0131n olarak kullan\u0131lmaktad\u0131r. Elektrokaplama banyolar\u0131nda katk\u0131 maddesi olarak g\u00f6rev yapar ve y\u00fczeylerde metal kaplamalar\u0131n birikmesine katk\u0131da bulunur.<\/li>\n<li><strong>Foto\u011fraf\u00e7\u0131l\u0131k End\u00fcstrisi:<\/strong> Bu bile\u015fik foto\u011fraf\u00e7\u0131l\u0131k end\u00fcstrisinde uygulama alan\u0131 bulmaktad\u0131r. Amonyum 2-Hidroksietanes\u00fclfonat, foto\u011fraf filmlerinin ve ka\u011f\u0131tlar\u0131n\u0131n i\u015flenmesine yard\u0131mc\u0131 olan baz\u0131 foto\u011fraf geli\u015ftiricilerin form\u00fclasyonunda kullan\u0131l\u0131r.<\/li>\n<li><strong>Kimyasal Sentez:<\/strong> Amonyum 2-Hidroksietans\u00fclfonat, kimyasal sentezde bir reaktif ve stabilizat\u00f6r olarak kullan\u0131l\u0131r. Baz\u0131 organik bile\u015fiklerin sentezinde \u00f6nemli bir bile\u015fen olarak ve \u00e7e\u015fitli kimyasal i\u015flemlerde stabilizat\u00f6r olarak hizmet eder.<\/li>\n<li><strong>Y\u00fczey \u0130\u015flemi:<\/strong> Baz\u0131 end\u00fcstriyel proseslerde, bu bile\u015fik y\u00fczey i\u015fleme uygulamalar\u0131nda kullan\u0131labilir. Y\u00fczey \u00f6zelliklerinin modifikasyonuna katk\u0131da bulunabilir ve kaplamalar\u0131n yap\u0131\u015fmas\u0131n\u0131 iyile\u015ftirebilir.<\/li>\n<\/ol>\n<h2><strong>Amonyum 2-hidroksietanes\u00fclfonat Paketleme ve Nakliye<\/strong><\/h2>\n<p>Ambalaj: 25kg\/\u00c7anta<\/p>\n<p>Teslimat:Tehlikesiz kargo<\/p>\n<h2><strong>Amonyum 2-hidroksietanes\u00fclfonat Depolama<\/strong><\/h2>\n<p>Do\u011frudan g\u00fcne\u015f \u0131\u015f\u0131\u011f\u0131ndan ka\u00e7\u0131nmak i\u00e7in kuru, havaland\u0131r\u0131lm\u0131\u015f alanlarda saklay\u0131n.<\/p>\n<h2><strong><b>\u015eimdi Bize Ula\u015f\u0131n!<\/b><\/strong><\/h2>\n<h4><strong><b>COA, MSDS veya TDS'ye ihtiyac\u0131n\u0131z varsa, l\u00fctfen a\u015fa\u011f\u0131daki forma ileti\u015fim bilgilerinizi girin, genellikle 24 saat i\u00e7inde sizinle ileti\u015fime ge\u00e7ece\u011fiz. Bana e-posta da g\u00f6nderebilirsiniz <span style=\"color: #0000ff;\"><a style=\"color: #0000ff;\" href=\"mailto:info@longchangchemical.com\">info@longchangchemical.com<\/a><\/span> \u00c7al\u0131\u015fma saatleri i\u00e7inde (8:30 - 6:00 UTC+8 Pzt.~Sat.) veya h\u0131zl\u0131 yan\u0131t almak i\u00e7in web sitesi canl\u0131 sohbetini kullan\u0131n.<\/b><\/strong><\/h4>","protected":false},"excerpt":{"rendered":"<h2><strong>Amonyum 2-hidroksietanes\u00fclfonat H\u0131zl\u0131 Ayr\u0131nt\u0131lar<\/strong><\/h2>\n<p>Kimyasal Ad\u0131: Amonyum 2-hidroksietanes\u00fclfonat<\/p>\n<p>CAS No: 57267-78-4<\/p>\n<p>Molek\u00fcler Fom\u00fcl: C2H9NO4S<\/p>\n<p>Kimyasal Yap\u0131:<img decoding=\"async\" title=\"Amonyum 2-hidroksietanes\u00fclfonat Yap\u0131s\u0131 \" src=\"https:\/\/www.longchangchemical.com\/wp-content\/uploads\/product-details\/20200612263854.png\" alt=\"Amonyum 2-hidroksietanes\u00fclfonat Yap\u0131s\u0131 \" width=\"93\" height=\"67\" border=\"0\" vspace=\"0\" \/><\/p>\n<p>Molek\u00fcl a\u011f\u0131rl\u0131\u011f\u0131: 143.16<\/p>\n<p>G\u00f6r\u00fcn\u00fc\u015f: Beyaz Kristal Toz<\/p>\n<p>Tahlil: 98,5%min<\/p>","protected":false},"featured_media":6489,"comment_status":"open","ping_status":"closed","template":"","meta":[],"product_brand":[],"product_cat":[69],"product_tag":[],"class_list":{"0":"post-4216","1":"product","2":"type-product","3":"status-publish","4":"has-post-thumbnail","6":"product_cat-catalysts-chemical-auxiliary-agents","8":"first","9":"instock","10":"shipping-taxable","11":"product-type-simple"},"yoast_head":"<!-- This site is optimized with the Yoast SEO plugin v25.3.1 - https:\/\/yoast.com\/wordpress\/plugins\/seo\/ -->\n<title>China Ammonium 2-hydroxyethanesulphonate Manufacturer CAS 57267-78-4 -Longchang Chemical<\/title>\n<meta name=\"description\" content=\"ammonium 2-hydroxyethanesulphonate cas 57267-78-4 is key product of Longchang Chemical. We provide best price. We are the leading manufacturer and supplier in China with the best quanlity and competitive price.\" \/>\n<meta name=\"robots\" content=\"index, follow, max-snippet:-1, max-image-preview:large, max-video-preview:-1\" \/>\n<link rel=\"canonical\" href=\"https:\/\/longchangchemical.com\/tr\/product\/ammonium-2-hydroxyethanesulphonate-cas-57267-78-4\/\" \/>\n<meta property=\"og:locale\" content=\"tr_TR\" \/>\n<meta property=\"og:type\" content=\"article\" \/>\n<meta property=\"og:title\" content=\"China Ammonium 2-hydroxyethanesulphonate Manufacturer CAS 57267-78-4 -Longchang Chemical\" \/>\n<meta property=\"og:description\" content=\"ammonium 2-hydroxyethanesulphonate cas 57267-78-4 is key product of Longchang Chemical. We provide best price. We are the leading manufacturer and supplier in China with the best quanlity and competitive price.\" \/>\n<meta property=\"og:url\" content=\"https:\/\/longchangchemical.com\/tr\/product\/ammonium-2-hydroxyethanesulphonate-cas-57267-78-4\/\" \/>\n<meta property=\"og:site_name\" content=\"Longchang Chemical\" \/>\n<meta property=\"article:modified_time\" content=\"2025-12-17T06:02:03+00:00\" \/>\n<meta property=\"og:image\" content=\"https:\/\/longchangchemical.com\/wp-content\/uploads\/2021\/01\/6-3.jpg\" \/>\n\t<meta property=\"og:image:width\" content=\"800\" \/>\n\t<meta property=\"og:image:height\" content=\"800\" \/>\n\t<meta property=\"og:image:type\" content=\"image\/jpeg\" \/>\n<meta name=\"twitter:card\" content=\"summary_large_image\" \/>\n<script type=\"application\/ld+json\" class=\"yoast-schema-graph\">{\"@context\":\"https:\/\/schema.org\",\"@graph\":[{\"@type\":\"WebPage\",\"@id\":\"https:\/\/longchangchemical.com\/product\/ammonium-2-hydroxyethanesulphonate-cas-57267-78-4\/\",\"url\":\"https:\/\/longchangchemical.com\/product\/ammonium-2-hydroxyethanesulphonate-cas-57267-78-4\/\",\"name\":\"China Ammonium 2-hydroxyethanesulphonate Manufacturer CAS 57267-78-4 -Longchang Chemical\",\"isPartOf\":{\"@id\":\"https:\/\/longchangchemical.com\/#website\"},\"primaryImageOfPage\":{\"@id\":\"https:\/\/longchangchemical.com\/product\/ammonium-2-hydroxyethanesulphonate-cas-57267-78-4\/#primaryimage\"},\"image\":{\"@id\":\"https:\/\/longchangchemical.com\/product\/ammonium-2-hydroxyethanesulphonate-cas-57267-78-4\/#primaryimage\"},\"thumbnailUrl\":\"https:\/\/longchangchemical.com\/wp-content\/uploads\/2021\/01\/6-3.jpg\",\"datePublished\":\"2024-01-17T01:27:52+00:00\",\"dateModified\":\"2025-12-17T06:02:03+00:00\",\"description\":\"ammonium 2-hydroxyethanesulphonate cas 57267-78-4 is key product of Longchang Chemical. We provide best price. We are the leading manufacturer and supplier in China with the best quanlity and competitive price.\",\"breadcrumb\":{\"@id\":\"https:\/\/longchangchemical.com\/product\/ammonium-2-hydroxyethanesulphonate-cas-57267-78-4\/#breadcrumb\"},\"inLanguage\":\"tr\",\"potentialAction\":[{\"@type\":\"ReadAction\",\"target\":[\"https:\/\/longchangchemical.com\/product\/ammonium-2-hydroxyethanesulphonate-cas-57267-78-4\/\"]}]},{\"@type\":\"ImageObject\",\"inLanguage\":\"tr\",\"@id\":\"https:\/\/longchangchemical.com\/product\/ammonium-2-hydroxyethanesulphonate-cas-57267-78-4\/#primaryimage\",\"url\":\"https:\/\/longchangchemical.com\/wp-content\/uploads\/2021\/01\/6-3.jpg\",\"contentUrl\":\"https:\/\/longchangchemical.com\/wp-content\/uploads\/2021\/01\/6-3.jpg\",\"width\":800,\"height\":800,\"caption\":\"ammonium 2-hydroxyethanesulphonate cas 57267-78-4\"},{\"@type\":\"BreadcrumbList\",\"@id\":\"https:\/\/longchangchemical.com\/product\/ammonium-2-hydroxyethanesulphonate-cas-57267-78-4\/#breadcrumb\",\"itemListElement\":[{\"@type\":\"ListItem\",\"position\":1,\"name\":\"Home\",\"item\":\"https:\/\/longchangchemical.com\/\"},{\"@type\":\"ListItem\",\"position\":2,\"name\":\"Products Longchang\",\"item\":\"https:\/\/longchangchemical.com\/product\/\"},{\"@type\":\"ListItem\",\"position\":3,\"name\":\"ammonium 2-hydroxyethanesulphonate cas 57267-78-4\"}]},{\"@type\":\"WebSite\",\"@id\":\"https:\/\/longchangchemical.com\/#website\",\"url\":\"https:\/\/longchangchemical.com\/\",\"name\":\"Longchang Chemical\",\"description\":\"China chemical manufacturer \uff06 supplier\",\"publisher\":{\"@id\":\"https:\/\/longchangchemical.com\/#organization\"},\"potentialAction\":[{\"@type\":\"SearchAction\",\"target\":{\"@type\":\"EntryPoint\",\"urlTemplate\":\"https:\/\/longchangchemical.com\/?s={search_term_string}\"},\"query-input\":{\"@type\":\"PropertyValueSpecification\",\"valueRequired\":true,\"valueName\":\"search_term_string\"}}],\"inLanguage\":\"tr\"},{\"@type\":\"Organization\",\"@id\":\"https:\/\/longchangchemical.com\/#organization\",\"name\":\"Longchang Chemical\",\"url\":\"https:\/\/longchangchemical.com\/\",\"logo\":{\"@type\":\"ImageObject\",\"inLanguage\":\"tr\",\"@id\":\"https:\/\/longchangchemical.com\/#\/schema\/logo\/image\/\",\"url\":\"https:\/\/longchangchemical.com\/wp-content\/uploads\/2020\/08\/cropped-longchang-logo.png\",\"contentUrl\":\"https:\/\/longchangchemical.com\/wp-content\/uploads\/2020\/08\/cropped-longchang-logo.png\",\"width\":512,\"height\":512,\"caption\":\"Longchang Chemical\"},\"image\":{\"@id\":\"https:\/\/longchangchemical.com\/#\/schema\/logo\/image\/\"}}]}<\/script>\n<!-- \/ Yoast SEO plugin. -->","yoast_head_json":{"title":"\u00c7in Amonyum 2-hidroksietanes\u00fclfonat \u00dcreticisi CAS 57267-78-4 -Longchang Chemical","description":"amonyum 2-hidroksietanes\u00fclfonat cas 57267-78-4 Longchang Chemical'\u0131n anahtar \u00fcr\u00fcn\u00fcd\u00fcr. En iyi fiyat\u0131 sa\u011fl\u0131yoruz. Biz en iyi quanlity ve rekabet\u00e7i fiyat ile \u00c7in'de lider \u00fcretici ve tedarik\u00e7i vard\u0131r.","robots":{"index":"index","follow":"follow","max-snippet":"max-snippet:-1","max-image-preview":"max-image-preview:large","max-video-preview":"max-video-preview:-1"},"canonical":"https:\/\/longchangchemical.com\/tr\/product\/ammonium-2-hydroxyethanesulphonate-cas-57267-78-4\/","og_locale":"tr_TR","og_type":"article","og_title":"China Ammonium 2-hydroxyethanesulphonate Manufacturer CAS 57267-78-4 -Longchang Chemical","og_description":"ammonium 2-hydroxyethanesulphonate cas 57267-78-4 is key product of Longchang Chemical. We provide best price. We are the leading manufacturer and supplier in China with the best quanlity and competitive price.","og_url":"https:\/\/longchangchemical.com\/tr\/product\/ammonium-2-hydroxyethanesulphonate-cas-57267-78-4\/","og_site_name":"Longchang Chemical","article_modified_time":"2025-12-17T06:02:03+00:00","og_image":[{"width":800,"height":800,"url":"https:\/\/longchangchemical.com\/wp-content\/uploads\/2021\/01\/6-3.jpg","type":"image\/jpeg"}],"twitter_card":"summary_large_image","schema":{"@context":"https:\/\/schema.org","@graph":[{"@type":"WebPage","@id":"https:\/\/longchangchemical.com\/product\/ammonium-2-hydroxyethanesulphonate-cas-57267-78-4\/","url":"https:\/\/longchangchemical.com\/product\/ammonium-2-hydroxyethanesulphonate-cas-57267-78-4\/","name":"\u00c7in Amonyum 2-hidroksietanes\u00fclfonat \u00dcreticisi CAS 57267-78-4 -Longchang Chemical","isPartOf":{"@id":"https:\/\/longchangchemical.com\/#website"},"primaryImageOfPage":{"@id":"https:\/\/longchangchemical.com\/product\/ammonium-2-hydroxyethanesulphonate-cas-57267-78-4\/#primaryimage"},"image":{"@id":"https:\/\/longchangchemical.com\/product\/ammonium-2-hydroxyethanesulphonate-cas-57267-78-4\/#primaryimage"},"thumbnailUrl":"https:\/\/longchangchemical.com\/wp-content\/uploads\/2021\/01\/6-3.jpg","datePublished":"2024-01-17T01:27:52+00:00","dateModified":"2025-12-17T06:02:03+00:00","description":"amonyum 2-hidroksietanes\u00fclfonat cas 57267-78-4 Longchang Chemical'\u0131n anahtar \u00fcr\u00fcn\u00fcd\u00fcr. En iyi fiyat\u0131 sa\u011fl\u0131yoruz. Biz en iyi quanlity ve rekabet\u00e7i fiyat ile \u00c7in'de lider \u00fcretici ve tedarik\u00e7i vard\u0131r.","breadcrumb":{"@id":"https:\/\/longchangchemical.com\/product\/ammonium-2-hydroxyethanesulphonate-cas-57267-78-4\/#breadcrumb"},"inLanguage":"tr","potentialAction":[{"@type":"ReadAction","target":["https:\/\/longchangchemical.com\/product\/ammonium-2-hydroxyethanesulphonate-cas-57267-78-4\/"]}]},{"@type":"ImageObject","inLanguage":"tr","@id":"https:\/\/longchangchemical.com\/product\/ammonium-2-hydroxyethanesulphonate-cas-57267-78-4\/#primaryimage","url":"https:\/\/longchangchemical.com\/wp-content\/uploads\/2021\/01\/6-3.jpg","contentUrl":"https:\/\/longchangchemical.com\/wp-content\/uploads\/2021\/01\/6-3.jpg","width":800,"height":800,"caption":"ammonium 2-hydroxyethanesulphonate cas 57267-78-4"},{"@type":"BreadcrumbList","@id":"https:\/\/longchangchemical.com\/product\/ammonium-2-hydroxyethanesulphonate-cas-57267-78-4\/#breadcrumb","itemListElement":[{"@type":"ListItem","position":1,"name":"Home","item":"https:\/\/longchangchemical.com\/"},{"@type":"ListItem","position":2,"name":"Products Longchang","item":"https:\/\/longchangchemical.com\/product\/"},{"@type":"ListItem","position":3,"name":"ammonium 2-hydroxyethanesulphonate cas 57267-78-4"}]},{"@type":"WebSite","@id":"https:\/\/longchangchemical.com\/#website","url":"https:\/\/longchangchemical.com\/","name":"Longchang Kimya","description":"\u00c7in kimyasal \u00fcreticisi \uff06 tedarik\u00e7isi","publisher":{"@id":"https:\/\/longchangchemical.com\/#organization"},"potentialAction":[{"@type":"SearchAction","target":{"@type":"EntryPoint","urlTemplate":"https:\/\/longchangchemical.com\/?s={search_term_string}"},"query-input":{"@type":"PropertyValueSpecification","valueRequired":true,"valueName":"search_term_string"}}],"inLanguage":"tr"},{"@type":"Organization","@id":"https:\/\/longchangchemical.com\/#organization","name":"Longchang Kimya","url":"https:\/\/longchangchemical.com\/","logo":{"@type":"ImageObject","inLanguage":"tr","@id":"https:\/\/longchangchemical.com\/#\/schema\/logo\/image\/","url":"https:\/\/longchangchemical.com\/wp-content\/uploads\/2020\/08\/cropped-longchang-logo.png","contentUrl":"https:\/\/longchangchemical.com\/wp-content\/uploads\/2020\/08\/cropped-longchang-logo.png","width":512,"height":512,"caption":"Longchang Chemical"},"image":{"@id":"https:\/\/longchangchemical.com\/#\/schema\/logo\/image\/"}}]}},"_links":{"self":[{"href":"https:\/\/longchangchemical.com\/tr\/wp-json\/wp\/v2\/product\/4216","targetHints":{"allow":["GET"]}}],"collection":[{"href":"https:\/\/longchangchemical.com\/tr\/wp-json\/wp\/v2\/product"}],"about":[{"href":"https:\/\/longchangchemical.com\/tr\/wp-json\/wp\/v2\/types\/product"}],"replies":[{"embeddable":true,"href":"https:\/\/longchangchemical.com\/tr\/wp-json\/wp\/v2\/comments?post=4216"}],"wp:featuredmedia":[{"embeddable":true,"href":"https:\/\/longchangchemical.com\/tr\/wp-json\/wp\/v2\/media\/6489"}],"wp:attachment":[{"href":"https:\/\/longchangchemical.com\/tr\/wp-json\/wp\/v2\/media?parent=4216"}],"wp:term":[{"taxonomy":"product_brand","embeddable":true,"href":"https:\/\/longchangchemical.com\/tr\/wp-json\/wp\/v2\/product_brand?post=4216"},{"taxonomy":"product_cat","embeddable":true,"href":"https:\/\/longchangchemical.com\/tr\/wp-json\/wp\/v2\/product_cat?post=4216"},{"taxonomy":"product_tag","embeddable":true,"href":"https:\/\/longchangchemical.com\/tr\/wp-json\/wp\/v2\/product_tag?post=4216"}],"curies":[{"name":"wp","href":"https:\/\/api.w.org\/{rel}","templated":true}]}}