{"id":4212,"date":"2024-01-17T01:21:28","date_gmt":"2024-01-17T01:21:28","guid":{"rendered":"https:\/\/longchangchemical.com\/?post_type=product&#038;p=4212"},"modified":"2025-12-17T06:08:49","modified_gmt":"2025-12-17T06:08:49","slug":"anthraquinone-cas-84-65-1","status":"publish","type":"product","link":"https:\/\/longchangchemical.com\/tr\/product\/anthraquinone-cas-84-65-1\/","title":{"rendered":"antrakinon cas 84-65-1"},"content":{"rendered":"<h2><strong>AntrakinonTipik \u00d6zellikler<\/strong><\/h2>\n<table class=\"table-1\" cellspacing=\"0\">\n<tbody>\n<tr>\n<td>\u00d6\u011fe<\/td>\n<td>Standart<\/td>\n<td>Sonu\u00e7lar<\/td>\n<\/tr>\n<tr>\n<td>G\u00f6r\u00fcn\u00fc\u015f<\/td>\n<td>A\u00e7\u0131k sar\u0131 toz<\/td>\n<td>Uygundur<\/td>\n<\/tr>\n<tr>\n<td>Safl\u0131k<\/td>\n<td>\u2265 98,0 %<\/td>\n<td>98.6%<\/td>\n<\/tr>\n<tr>\n<td>\u0130lk Erime Noktas\u0131<\/td>\n<td>284 ~ 286 \u00baC<\/td>\n<td>284.2\u2103<\/td>\n<\/tr>\n<tr>\n<td>Kurutma kayb\u0131<\/td>\n<td>\u22642%<\/td>\n<td>1.3%<\/td>\n<\/tr>\n<tr>\n<td>\u00c7\u00f6z\u00fcn\u00fcrl\u00fck:<\/td>\n<td>Suda \u00e7\u00f6z\u00fcnmez, etil eter, etanol ve asetonda \u00e7\u00f6z\u00fcn\u00fcr<\/td>\n<td>Uygundur<\/td>\n<\/tr>\n<tr>\n<td>Sonu\u00e7<\/td>\n<td colspan=\"2\">Nitelikli<\/td>\n<\/tr>\n<\/tbody>\n<\/table>\n<h2><strong>Antrakinon Kullan\u0131m\u0131<\/strong><\/h2>\n<p>1. Kullan\u0131m Alanlar\u0131 Boya ara maddeleri, ka\u011f\u0131t pi\u015firme maddesi ve hidrojen peroksit hammaddesi olarak kullan\u0131l\u0131r<\/p>\n<p>2. Ka\u011f\u0131t hamuru ve ka\u011f\u0131t hamuru pi\u015firme yard\u0131mc\u0131lar\u0131 olarak kullan\u0131n, alkali miktar\u0131n\u0131 azaltabilir, pi\u015firme s\u00fcresini k\u0131saltabilir.<br \/>\n3. Kullan\u0131m Antrakinonun \u00e7o\u011fu boyalarda kullan\u0131l\u0131r, ancak ka\u011f\u0131t hamuru olarak kullan\u0131lan vapalizingaid miktar\u0131 h\u0131zla artmaktad\u0131r.<\/p>\n<p>(1) hammadde olarak boya antrakinon \u00fcretimi i\u00e7in, s\u00fclfonasyon, klorlama, nitrifikasyon, vb., antrakinon dispers boyalar\u0131, asit boyalar\u0131, kdv boyalar\u0131, reaksiyon boyalar\u0131, vb. \u00fcretimi i\u00e7in \u00e7ok \u00e7e\u015fitli boya ara maddeleri olabilir, tam renkli bir boya s\u0131n\u0131f\u0131 olu\u015fturmak i\u00e7in. \u0130statistiklere g\u00f6re, antrakinon boyalar\u0131n 400'den fazla \u00e7e\u015fidi vard\u0131r, sentetik boyalar alan\u0131nda \u00e7ok \u00f6nemli bir konuma sahiptir.<\/p>\n<p>(2) alkali pi\u015firme lik\u00f6r\u00fcnde ka\u011f\u0131t hamuru pi\u015firme ajan\u0131 olarak kullan\u0131l\u0131r, sadece az miktarda antrakinon ekleyerek, delignifikasyonu h\u0131zland\u0131rabilir, pi\u015firme s\u00fcresini k\u0131saltabilir, ka\u011f\u0131t hamuru verimini art\u0131rabilir ve at\u0131k y\u00fck\u00fcn\u00fc azaltabilirsiniz. \u015eu anda antrakinon katk\u0131 maddeleri kullanan giderek daha fazla ka\u011f\u0131t fabrikas\u0131 var. Pi\u015firme katk\u0131s\u0131 olarak antrakinon t\u00fcketimi h\u0131zla artm\u0131\u015ft\u0131r. Antrakinon ve di\u011fer uygulamalar. Antrakinon bile\u015fikleri y\u00fcksek konsantrasyonlarda hidrojen peroksit \u00fcretimi i\u00e7in kullan\u0131labilir; g\u00fcbre end\u00fcstrisinde des\u00fclf\u00fcrizasyon ajan\u0131 antrakinon dis\u00fclfonat \u00fcretmek i\u00e7in. Bask\u0131 ve boyama end\u00fcstrisinde da\u011f\u0131t\u0131m yard\u0131mc\u0131lar\u0131 olarak kullan\u0131l\u0131r.<br \/>\n4. \u0130ndantren indirgeyici boyalar, asit boyalar, baz\u0131 aktif boyalar gibi y\u00fcksek seviyeli boya ara \u00fcr\u00fcnlerinin organik sentezinin kullan\u0131lmas\u0131 \u00f6nemli hammaddelerdir. Ka\u011f\u0131t pi\u015firme maddesi ve hidrojen peroksit hammaddesi vb. olarak kullan\u0131l\u0131r, alkali miktar\u0131n\u0131 azaltabilir, pi\u015firme s\u00fcresini k\u0131saltabilir. Alkali pi\u015firme lik\u00f6r\u00fcnde ka\u011f\u0131t hamuru pi\u015firme maddesi olarak kullan\u0131ld\u0131\u011f\u0131nda, sadece az miktarda antrakinon ekleyerek, hamurla\u015ft\u0131rma h\u0131z\u0131n\u0131 art\u0131rabilir, pi\u015firme s\u00fcresini k\u0131saltabilir, hamur verimini art\u0131rabilir, at\u0131k y\u00fck\u00fcn\u00fc azaltabilirsiniz. \u015eu anda antrakinon katk\u0131 maddeleri kullanan giderek daha fazla ka\u011f\u0131t fabrikas\u0131 var.<\/p>\n<h2><strong>Antrakinon Paketleme ve Nakliye<\/strong><\/h2>\n<p>Ambalaj: 25kg\/\u00e7anta<\/p>\n<h2><strong>Antrakinon Depolama<\/strong><\/h2>\n<p>Do\u011frudan g\u00fcne\u015f \u0131\u015f\u0131\u011f\u0131 almayan serin ve kuru bir yerde saklan\u0131r.<\/p>","protected":false},"excerpt":{"rendered":"<h2><strong>Antrakinon H\u0131zl\u0131 Ayr\u0131nt\u0131lar<\/strong><\/h2>\n<p>Kimyasal Ad\u0131: Antrakinon<\/p>\n<p>CAS No: 84-65-1<\/p>\n<p>Molek\u00fcler Form\u00fcl:C14H8O2<\/p>\n<p>Molek\u00fcl A\u011f\u0131rl\u0131\u011f\u0131:208.21<\/p>\n<p>Kimyasal Yap\u0131:<img decoding=\"async\" title=\"Antrakinon Yap\u0131s\u0131\" src=\"https:\/\/www.longchangchemical.com\/wp-content\/uploads\/product-details\/20200612133635.png\" alt=\"Antrakinon Yap\u0131s\u0131\" width=\"108\" height=\"93\" border=\"0\" vspace=\"0\" \/><\/p>\n<p>G\u00f6r\u00fcn\u00fcm:A\u00e7\u0131k sar\u0131 toz veya i\u011fne kristali<\/p>\n<p>Tahlil: 98%min<\/p>","protected":false},"featured_media":6488,"comment_status":"open","ping_status":"closed","template":"","meta":[],"product_brand":[],"product_cat":[69],"product_tag":[],"class_list":{"0":"post-4212","1":"product","2":"type-product","3":"status-publish","4":"has-post-thumbnail","6":"product_cat-catalysts-chemical-auxiliary-agents","8":"first","9":"instock","10":"shipping-taxable","11":"product-type-simple"},"yoast_head":"<!-- This site is optimized with the Yoast SEO plugin v25.3.1 - https:\/\/yoast.com\/wordpress\/plugins\/seo\/ -->\n<title>China Anthraquinone Manufacturer CAS 84-65-1 -Longchang Chemical<\/title>\n<meta name=\"description\" content=\"anthraquinone cas 84-65-1 is key product of Longchang Chemical. We provide best price. We are the leading manufacturer and supplier in China with the best quanlity and competitive price.\" \/>\n<meta name=\"robots\" content=\"index, follow, max-snippet:-1, max-image-preview:large, max-video-preview:-1\" \/>\n<link rel=\"canonical\" href=\"https:\/\/longchangchemical.com\/tr\/product\/anthraquinone-cas-84-65-1\/\" \/>\n<meta property=\"og:locale\" content=\"tr_TR\" \/>\n<meta property=\"og:type\" content=\"article\" \/>\n<meta property=\"og:title\" content=\"China Anthraquinone Manufacturer CAS 84-65-1 -Longchang Chemical\" \/>\n<meta property=\"og:description\" content=\"anthraquinone cas 84-65-1 is key product of Longchang Chemical. We provide best price. We are the leading manufacturer and supplier in China with the best quanlity and competitive price.\" \/>\n<meta property=\"og:url\" content=\"https:\/\/longchangchemical.com\/tr\/product\/anthraquinone-cas-84-65-1\/\" \/>\n<meta property=\"og:site_name\" content=\"Longchang Chemical\" \/>\n<meta property=\"article:modified_time\" content=\"2025-12-17T06:08:49+00:00\" \/>\n<meta property=\"og:image\" content=\"https:\/\/longchangchemical.com\/wp-content\/uploads\/2021\/01\/2-5.jpg\" \/>\n\t<meta property=\"og:image:width\" content=\"800\" \/>\n\t<meta property=\"og:image:height\" content=\"800\" \/>\n\t<meta property=\"og:image:type\" content=\"image\/jpeg\" \/>\n<meta name=\"twitter:card\" content=\"summary_large_image\" \/>\n<script type=\"application\/ld+json\" class=\"yoast-schema-graph\">{\"@context\":\"https:\/\/schema.org\",\"@graph\":[{\"@type\":\"WebPage\",\"@id\":\"https:\/\/longchangchemical.com\/product\/anthraquinone-cas-84-65-1\/\",\"url\":\"https:\/\/longchangchemical.com\/product\/anthraquinone-cas-84-65-1\/\",\"name\":\"China Anthraquinone Manufacturer CAS 84-65-1 -Longchang Chemical\",\"isPartOf\":{\"@id\":\"https:\/\/longchangchemical.com\/#website\"},\"primaryImageOfPage\":{\"@id\":\"https:\/\/longchangchemical.com\/product\/anthraquinone-cas-84-65-1\/#primaryimage\"},\"image\":{\"@id\":\"https:\/\/longchangchemical.com\/product\/anthraquinone-cas-84-65-1\/#primaryimage\"},\"thumbnailUrl\":\"https:\/\/longchangchemical.com\/wp-content\/uploads\/2021\/01\/2-5.jpg\",\"datePublished\":\"2024-01-17T01:21:28+00:00\",\"dateModified\":\"2025-12-17T06:08:49+00:00\",\"description\":\"anthraquinone cas 84-65-1 is key product of Longchang Chemical. We provide best price. We are the leading manufacturer and supplier in China with the best quanlity and competitive price.\",\"breadcrumb\":{\"@id\":\"https:\/\/longchangchemical.com\/product\/anthraquinone-cas-84-65-1\/#breadcrumb\"},\"inLanguage\":\"tr\",\"potentialAction\":[{\"@type\":\"ReadAction\",\"target\":[\"https:\/\/longchangchemical.com\/product\/anthraquinone-cas-84-65-1\/\"]}]},{\"@type\":\"ImageObject\",\"inLanguage\":\"tr\",\"@id\":\"https:\/\/longchangchemical.com\/product\/anthraquinone-cas-84-65-1\/#primaryimage\",\"url\":\"https:\/\/longchangchemical.com\/wp-content\/uploads\/2021\/01\/2-5.jpg\",\"contentUrl\":\"https:\/\/longchangchemical.com\/wp-content\/uploads\/2021\/01\/2-5.jpg\",\"width\":800,\"height\":800,\"caption\":\"anthraquinone cas 84-65-1\"},{\"@type\":\"BreadcrumbList\",\"@id\":\"https:\/\/longchangchemical.com\/product\/anthraquinone-cas-84-65-1\/#breadcrumb\",\"itemListElement\":[{\"@type\":\"ListItem\",\"position\":1,\"name\":\"Home\",\"item\":\"https:\/\/longchangchemical.com\/\"},{\"@type\":\"ListItem\",\"position\":2,\"name\":\"Products Longchang\",\"item\":\"https:\/\/longchangchemical.com\/product\/\"},{\"@type\":\"ListItem\",\"position\":3,\"name\":\"anthraquinone cas 84-65-1\"}]},{\"@type\":\"WebSite\",\"@id\":\"https:\/\/longchangchemical.com\/#website\",\"url\":\"https:\/\/longchangchemical.com\/\",\"name\":\"Longchang Chemical\",\"description\":\"China chemical manufacturer \uff06 supplier\",\"publisher\":{\"@id\":\"https:\/\/longchangchemical.com\/#organization\"},\"potentialAction\":[{\"@type\":\"SearchAction\",\"target\":{\"@type\":\"EntryPoint\",\"urlTemplate\":\"https:\/\/longchangchemical.com\/?s={search_term_string}\"},\"query-input\":{\"@type\":\"PropertyValueSpecification\",\"valueRequired\":true,\"valueName\":\"search_term_string\"}}],\"inLanguage\":\"tr\"},{\"@type\":\"Organization\",\"@id\":\"https:\/\/longchangchemical.com\/#organization\",\"name\":\"Longchang Chemical\",\"url\":\"https:\/\/longchangchemical.com\/\",\"logo\":{\"@type\":\"ImageObject\",\"inLanguage\":\"tr\",\"@id\":\"https:\/\/longchangchemical.com\/#\/schema\/logo\/image\/\",\"url\":\"https:\/\/longchangchemical.com\/wp-content\/uploads\/2020\/08\/cropped-longchang-logo.png\",\"contentUrl\":\"https:\/\/longchangchemical.com\/wp-content\/uploads\/2020\/08\/cropped-longchang-logo.png\",\"width\":512,\"height\":512,\"caption\":\"Longchang Chemical\"},\"image\":{\"@id\":\"https:\/\/longchangchemical.com\/#\/schema\/logo\/image\/\"}}]}<\/script>\n<!-- \/ Yoast SEO plugin. -->","yoast_head_json":{"title":"\u00c7in Antrakinon \u00dcreticisi CAS 84-65-1 -Longchang Chemical","description":"anthraquinone cas 84-65-1, Longchang Chemical'\u0131n temel \u00fcr\u00fcn\u00fcd\u00fcr. En iyi fiyat\u0131 sa\u011fl\u0131yoruz. Biz en iyi quanlity ve rekabet\u00e7i fiyat ile \u00c7in'de lider \u00fcreticisi ve tedarik\u00e7isi vard\u0131r.","robots":{"index":"index","follow":"follow","max-snippet":"max-snippet:-1","max-image-preview":"max-image-preview:large","max-video-preview":"max-video-preview:-1"},"canonical":"https:\/\/longchangchemical.com\/tr\/product\/anthraquinone-cas-84-65-1\/","og_locale":"tr_TR","og_type":"article","og_title":"China Anthraquinone Manufacturer CAS 84-65-1 -Longchang Chemical","og_description":"anthraquinone cas 84-65-1 is key product of Longchang Chemical. We provide best price. We are the leading manufacturer and supplier in China with the best quanlity and competitive price.","og_url":"https:\/\/longchangchemical.com\/tr\/product\/anthraquinone-cas-84-65-1\/","og_site_name":"Longchang Chemical","article_modified_time":"2025-12-17T06:08:49+00:00","og_image":[{"width":800,"height":800,"url":"https:\/\/longchangchemical.com\/wp-content\/uploads\/2021\/01\/2-5.jpg","type":"image\/jpeg"}],"twitter_card":"summary_large_image","schema":{"@context":"https:\/\/schema.org","@graph":[{"@type":"WebPage","@id":"https:\/\/longchangchemical.com\/product\/anthraquinone-cas-84-65-1\/","url":"https:\/\/longchangchemical.com\/product\/anthraquinone-cas-84-65-1\/","name":"\u00c7in Antrakinon \u00dcreticisi CAS 84-65-1 -Longchang Chemical","isPartOf":{"@id":"https:\/\/longchangchemical.com\/#website"},"primaryImageOfPage":{"@id":"https:\/\/longchangchemical.com\/product\/anthraquinone-cas-84-65-1\/#primaryimage"},"image":{"@id":"https:\/\/longchangchemical.com\/product\/anthraquinone-cas-84-65-1\/#primaryimage"},"thumbnailUrl":"https:\/\/longchangchemical.com\/wp-content\/uploads\/2021\/01\/2-5.jpg","datePublished":"2024-01-17T01:21:28+00:00","dateModified":"2025-12-17T06:08:49+00:00","description":"anthraquinone cas 84-65-1, Longchang Chemical'\u0131n temel \u00fcr\u00fcn\u00fcd\u00fcr. En iyi fiyat\u0131 sa\u011fl\u0131yoruz. Biz en iyi quanlity ve rekabet\u00e7i fiyat ile \u00c7in'de lider \u00fcreticisi ve tedarik\u00e7isi vard\u0131r.","breadcrumb":{"@id":"https:\/\/longchangchemical.com\/product\/anthraquinone-cas-84-65-1\/#breadcrumb"},"inLanguage":"tr","potentialAction":[{"@type":"ReadAction","target":["https:\/\/longchangchemical.com\/product\/anthraquinone-cas-84-65-1\/"]}]},{"@type":"ImageObject","inLanguage":"tr","@id":"https:\/\/longchangchemical.com\/product\/anthraquinone-cas-84-65-1\/#primaryimage","url":"https:\/\/longchangchemical.com\/wp-content\/uploads\/2021\/01\/2-5.jpg","contentUrl":"https:\/\/longchangchemical.com\/wp-content\/uploads\/2021\/01\/2-5.jpg","width":800,"height":800,"caption":"anthraquinone cas 84-65-1"},{"@type":"BreadcrumbList","@id":"https:\/\/longchangchemical.com\/product\/anthraquinone-cas-84-65-1\/#breadcrumb","itemListElement":[{"@type":"ListItem","position":1,"name":"Home","item":"https:\/\/longchangchemical.com\/"},{"@type":"ListItem","position":2,"name":"Products Longchang","item":"https:\/\/longchangchemical.com\/product\/"},{"@type":"ListItem","position":3,"name":"anthraquinone cas 84-65-1"}]},{"@type":"WebSite","@id":"https:\/\/longchangchemical.com\/#website","url":"https:\/\/longchangchemical.com\/","name":"Longchang Kimya","description":"\u00c7in kimyasal \u00fcreticisi \uff06 tedarik\u00e7isi","publisher":{"@id":"https:\/\/longchangchemical.com\/#organization"},"potentialAction":[{"@type":"SearchAction","target":{"@type":"EntryPoint","urlTemplate":"https:\/\/longchangchemical.com\/?s={search_term_string}"},"query-input":{"@type":"PropertyValueSpecification","valueRequired":true,"valueName":"search_term_string"}}],"inLanguage":"tr"},{"@type":"Organization","@id":"https:\/\/longchangchemical.com\/#organization","name":"Longchang Kimya","url":"https:\/\/longchangchemical.com\/","logo":{"@type":"ImageObject","inLanguage":"tr","@id":"https:\/\/longchangchemical.com\/#\/schema\/logo\/image\/","url":"https:\/\/longchangchemical.com\/wp-content\/uploads\/2020\/08\/cropped-longchang-logo.png","contentUrl":"https:\/\/longchangchemical.com\/wp-content\/uploads\/2020\/08\/cropped-longchang-logo.png","width":512,"height":512,"caption":"Longchang Chemical"},"image":{"@id":"https:\/\/longchangchemical.com\/#\/schema\/logo\/image\/"}}]}},"_links":{"self":[{"href":"https:\/\/longchangchemical.com\/tr\/wp-json\/wp\/v2\/product\/4212","targetHints":{"allow":["GET"]}}],"collection":[{"href":"https:\/\/longchangchemical.com\/tr\/wp-json\/wp\/v2\/product"}],"about":[{"href":"https:\/\/longchangchemical.com\/tr\/wp-json\/wp\/v2\/types\/product"}],"replies":[{"embeddable":true,"href":"https:\/\/longchangchemical.com\/tr\/wp-json\/wp\/v2\/comments?post=4212"}],"wp:featuredmedia":[{"embeddable":true,"href":"https:\/\/longchangchemical.com\/tr\/wp-json\/wp\/v2\/media\/6488"}],"wp:attachment":[{"href":"https:\/\/longchangchemical.com\/tr\/wp-json\/wp\/v2\/media?parent=4212"}],"wp:term":[{"taxonomy":"product_brand","embeddable":true,"href":"https:\/\/longchangchemical.com\/tr\/wp-json\/wp\/v2\/product_brand?post=4212"},{"taxonomy":"product_cat","embeddable":true,"href":"https:\/\/longchangchemical.com\/tr\/wp-json\/wp\/v2\/product_cat?post=4212"},{"taxonomy":"product_tag","embeddable":true,"href":"https:\/\/longchangchemical.com\/tr\/wp-json\/wp\/v2\/product_tag?post=4212"}],"curies":[{"name":"wp","href":"https:\/\/api.w.org\/{rel}","templated":true}]}}