{"id":4210,"date":"2024-01-17T01:52:32","date_gmt":"2024-01-17T01:52:32","guid":{"rendered":"https:\/\/longchangchemical.com\/?post_type=product&#038;p=4210"},"modified":"2025-12-17T04:27:43","modified_gmt":"2025-12-17T04:27:43","slug":"n-acetylmorpholine-cas-1696-20-4","status":"publish","type":"product","link":"https:\/\/longchangchemical.com\/tr\/product\/n-acetylmorpholine-cas-1696-20-4\/","title":{"rendered":"n-asetilmorfolin cas 1696-20-4"},"content":{"rendered":"<h2><strong>N-Asetilmorfolin \u00d6zellikleri<\/strong><\/h2>\n<table class=\"table-1\" cellspacing=\"0\">\n<tbody>\n<tr>\n<td>Tahlil (G.C.)<\/td>\n<td>\u226599%<\/td>\n<\/tr>\n<tr>\n<td>Yo\u011funluk<\/td>\n<td>1.116<\/td>\n<\/tr>\n<tr>\n<td>Kaynama noktas\u0131<\/td>\n<td>240\u2103<\/td>\n<\/tr>\n<tr>\n<td>Parlama noktas\u0131<\/td>\n<td>122\u2103<\/td>\n<\/tr>\n<\/tbody>\n<\/table>\n<h2><strong>N-Asetilmorfolin Kullan\u0131m\u0131<\/strong><\/h2>\n<p>N-Asetilmorfolin \u00e7ok \u00f6nemli pestisit ara \u00fcr\u00fcnleridir. Tar\u0131msal fungisitler dimetomorf ve flumorfu olu\u015fturmak i\u00e7in ana hammaddelerden biridir.<\/p>\n<ol>\n<li><strong>Kimyasal Sentez:<\/strong> CAS numaras\u0131 1696-20-4 olan N-Asetilmorfolin, kimyasal sentezde yayg\u0131n olarak kullan\u0131l\u0131r. Farmas\u00f6tikler, zirai kimyasallar ve \u00f6zel kimyasallar dahil olmak \u00fczere \u00e7e\u015fitli organik bile\u015fiklerin \u00fcretiminde \u00e7ok y\u00f6nl\u00fc bir ara \u00fcr\u00fcn olarak hizmet eder.<\/li>\n<li><strong>Polimer End\u00fcstrisi:<\/strong> Bu bile\u015fik polimer end\u00fcstrisinde uygulama alan\u0131 bulmaktad\u0131r. N-Asetilmorfolin, polimerizasyon i\u015flemlerinde kataliz\u00f6r ve reaksiyon ortam\u0131 olarak kullan\u0131l\u0131r ve belirli polimerlerin ve kopolimerlerin \u00fcretimine katk\u0131da bulunur.<\/li>\n<li><strong>Korozyon \u0130nhibit\u00f6r\u00fc:<\/strong> N-Asetilmorfolin, baz\u0131 end\u00fcstriyel proseslerde korozyon \u00f6nleyici olarak kullan\u0131l\u0131r. Metal y\u00fczeylerin korozyondan korunmas\u0131na yard\u0131mc\u0131 olarak ekipman\u0131n uzun \u00f6m\u00fcrl\u00fcl\u00fc\u011f\u00fcn\u00fc ve dayan\u0131kl\u0131l\u0131\u011f\u0131n\u0131 art\u0131r\u0131r.<\/li>\n<li><strong>\u00c7\u00f6z\u00fcc\u00fc:<\/strong> Baz\u0131 durumlarda, N-Asetilmorfolin \u00e7e\u015fitli kimyasal reaksiyonlarda ve proseslerde \u00e7\u00f6z\u00fcc\u00fc olarak kullan\u0131l\u0131r. Benzersiz \u00f6zellikleri onu belirli laboratuvar ve end\u00fcstriyel uygulamalarda kullan\u0131m i\u00e7in uygun hale getirir.<\/li>\n<\/ol>\n<h2><strong>N-AsetilmorfolinPaketleme ve Nakliye<\/strong><\/h2>\n<p>Ambalaj: 200kgs\/davul.<\/p>\n<p>Teslimat: 5-7 i\u015f g\u00fcn\u00fc i\u00e7inde.<\/p>\n<h2><strong>N-AsetilmorfolinDepolama<\/strong><\/h2>\n<p>Do\u011frudan g\u00fcne\u015f \u0131\u015f\u0131\u011f\u0131 almayan serin ve kuru bir yerde saklan\u0131r.<\/p>\n<h2><strong><b>\u015eimdi Bize Ula\u015f\u0131n!<\/b><\/strong><\/h2>\n<h4><strong><b>COA, MSDS veya TDS'ye ihtiyac\u0131n\u0131z varsa, l\u00fctfen a\u015fa\u011f\u0131daki forma ileti\u015fim bilgilerinizi girin, genellikle 24 saat i\u00e7inde sizinle ileti\u015fime ge\u00e7ece\u011fiz. Bana e-posta da g\u00f6nderebilirsiniz <span style=\"color: #0000ff;\"><a style=\"color: #0000ff;\" href=\"mailto:info@longchangchemical.com\">info@longchangchemical.com<\/a><\/span> \u00c7al\u0131\u015fma saatleri i\u00e7inde (8:30 - 6:00 UTC+8 Pzt.~Sat.) veya h\u0131zl\u0131 yan\u0131t almak i\u00e7in web sitesi canl\u0131 sohbetini kullan\u0131n.<\/b><\/strong><\/h4>","protected":false},"excerpt":{"rendered":"<h2><strong>N-AsetilmorfolinH\u0131zl\u0131 Ayr\u0131nt\u0131lar<\/strong><\/h2>\n<p>\u00dcr\u00fcn ad\u0131: N-Asetilmorfolin<\/p>\n<p>Kimyasal ad\u0131: 4-Asetilmorfolin; 1-Morfolinoetanon; 1-morfolin-4-yletanon<\/p>\n<p>Cas No: 1696-20-4<\/p>\n<p>Molek\u00fcler form\u00fcl: C6H11NO2<\/p>\n<p>Molek\u00fcl a\u011f\u0131rl\u0131\u011f\u0131: 129.15700<\/p>\n<p>N-Asetilmorfolinyap\u0131:<img decoding=\"async\" title=\"N-Asetilmorfolin yap\u0131s\u0131\" src=\"https:\/\/www.longchangchemical.com\/wp-content\/uploads\/product-details\/20200611227023.png\" alt=\"N-Asetilmorfolin yap\u0131s\u0131\" width=\"84\" height=\"45\" border=\"0\" vspace=\"0\" \/><\/p>","protected":false},"featured_media":6494,"comment_status":"open","ping_status":"closed","template":"","meta":[],"product_brand":[],"product_cat":[69],"product_tag":[],"class_list":{"0":"post-4210","1":"product","2":"type-product","3":"status-publish","4":"has-post-thumbnail","6":"product_cat-catalysts-chemical-auxiliary-agents","8":"first","9":"instock","10":"shipping-taxable","11":"product-type-simple"},"yoast_head":"<!-- This site is optimized with the Yoast SEO plugin v25.3.1 - https:\/\/yoast.com\/wordpress\/plugins\/seo\/ -->\n<title>China n-Acetylmorpholine Manufacturer CAS 1696-20-4 -Longchang Chemical<\/title>\n<meta name=\"description\" content=\"n-acetylmorpholine cas 1696-20-4 is key product of Longchang Chemical. We provide best price. We are the leading manufacturer and supplier in China with the best quanlity and competitive price.\" \/>\n<meta name=\"robots\" content=\"index, follow, max-snippet:-1, max-image-preview:large, max-video-preview:-1\" \/>\n<link rel=\"canonical\" href=\"https:\/\/longchangchemical.com\/tr\/product\/n-acetylmorpholine-cas-1696-20-4\/\" \/>\n<meta property=\"og:locale\" content=\"tr_TR\" \/>\n<meta property=\"og:type\" content=\"article\" \/>\n<meta property=\"og:title\" content=\"China n-Acetylmorpholine Manufacturer CAS 1696-20-4 -Longchang Chemical\" \/>\n<meta property=\"og:description\" content=\"n-acetylmorpholine cas 1696-20-4 is key product of Longchang Chemical. We provide best price. We are the leading manufacturer and supplier in China with the best quanlity and competitive price.\" \/>\n<meta property=\"og:url\" content=\"https:\/\/longchangchemical.com\/tr\/product\/n-acetylmorpholine-cas-1696-20-4\/\" \/>\n<meta property=\"og:site_name\" content=\"Longchang Chemical\" \/>\n<meta property=\"article:modified_time\" content=\"2025-12-17T04:27:43+00:00\" \/>\n<meta property=\"og:image\" content=\"https:\/\/longchangchemical.com\/wp-content\/uploads\/2021\/01\/7-5.jpg\" \/>\n\t<meta property=\"og:image:width\" content=\"800\" \/>\n\t<meta property=\"og:image:height\" content=\"800\" \/>\n\t<meta property=\"og:image:type\" content=\"image\/jpeg\" \/>\n<meta name=\"twitter:card\" content=\"summary_large_image\" \/>\n<script type=\"application\/ld+json\" class=\"yoast-schema-graph\">{\"@context\":\"https:\/\/schema.org\",\"@graph\":[{\"@type\":\"WebPage\",\"@id\":\"https:\/\/longchangchemical.com\/product\/n-acetylmorpholine-cas-1696-20-4\/\",\"url\":\"https:\/\/longchangchemical.com\/product\/n-acetylmorpholine-cas-1696-20-4\/\",\"name\":\"China n-Acetylmorpholine Manufacturer CAS 1696-20-4 -Longchang Chemical\",\"isPartOf\":{\"@id\":\"https:\/\/longchangchemical.com\/#website\"},\"primaryImageOfPage\":{\"@id\":\"https:\/\/longchangchemical.com\/product\/n-acetylmorpholine-cas-1696-20-4\/#primaryimage\"},\"image\":{\"@id\":\"https:\/\/longchangchemical.com\/product\/n-acetylmorpholine-cas-1696-20-4\/#primaryimage\"},\"thumbnailUrl\":\"https:\/\/longchangchemical.com\/wp-content\/uploads\/2021\/01\/7-5.jpg\",\"datePublished\":\"2024-01-17T01:52:32+00:00\",\"dateModified\":\"2025-12-17T04:27:43+00:00\",\"description\":\"n-acetylmorpholine cas 1696-20-4 is key product of Longchang Chemical. We provide best price. We are the leading manufacturer and supplier in China with the best quanlity and competitive price.\",\"breadcrumb\":{\"@id\":\"https:\/\/longchangchemical.com\/product\/n-acetylmorpholine-cas-1696-20-4\/#breadcrumb\"},\"inLanguage\":\"tr\",\"potentialAction\":[{\"@type\":\"ReadAction\",\"target\":[\"https:\/\/longchangchemical.com\/product\/n-acetylmorpholine-cas-1696-20-4\/\"]}]},{\"@type\":\"ImageObject\",\"inLanguage\":\"tr\",\"@id\":\"https:\/\/longchangchemical.com\/product\/n-acetylmorpholine-cas-1696-20-4\/#primaryimage\",\"url\":\"https:\/\/longchangchemical.com\/wp-content\/uploads\/2021\/01\/7-5.jpg\",\"contentUrl\":\"https:\/\/longchangchemical.com\/wp-content\/uploads\/2021\/01\/7-5.jpg\",\"width\":800,\"height\":800,\"caption\":\"n-acetylmorpholine cas 1696-20-4\"},{\"@type\":\"BreadcrumbList\",\"@id\":\"https:\/\/longchangchemical.com\/product\/n-acetylmorpholine-cas-1696-20-4\/#breadcrumb\",\"itemListElement\":[{\"@type\":\"ListItem\",\"position\":1,\"name\":\"Home\",\"item\":\"https:\/\/longchangchemical.com\/\"},{\"@type\":\"ListItem\",\"position\":2,\"name\":\"Products Longchang\",\"item\":\"https:\/\/longchangchemical.com\/product\/\"},{\"@type\":\"ListItem\",\"position\":3,\"name\":\"n-acetylmorpholine cas 1696-20-4\"}]},{\"@type\":\"WebSite\",\"@id\":\"https:\/\/longchangchemical.com\/#website\",\"url\":\"https:\/\/longchangchemical.com\/\",\"name\":\"Longchang Chemical\",\"description\":\"China chemical manufacturer \uff06 supplier\",\"publisher\":{\"@id\":\"https:\/\/longchangchemical.com\/#organization\"},\"potentialAction\":[{\"@type\":\"SearchAction\",\"target\":{\"@type\":\"EntryPoint\",\"urlTemplate\":\"https:\/\/longchangchemical.com\/?s={search_term_string}\"},\"query-input\":{\"@type\":\"PropertyValueSpecification\",\"valueRequired\":true,\"valueName\":\"search_term_string\"}}],\"inLanguage\":\"tr\"},{\"@type\":\"Organization\",\"@id\":\"https:\/\/longchangchemical.com\/#organization\",\"name\":\"Longchang Chemical\",\"url\":\"https:\/\/longchangchemical.com\/\",\"logo\":{\"@type\":\"ImageObject\",\"inLanguage\":\"tr\",\"@id\":\"https:\/\/longchangchemical.com\/#\/schema\/logo\/image\/\",\"url\":\"https:\/\/longchangchemical.com\/wp-content\/uploads\/2020\/08\/cropped-longchang-logo.png\",\"contentUrl\":\"https:\/\/longchangchemical.com\/wp-content\/uploads\/2020\/08\/cropped-longchang-logo.png\",\"width\":512,\"height\":512,\"caption\":\"Longchang Chemical\"},\"image\":{\"@id\":\"https:\/\/longchangchemical.com\/#\/schema\/logo\/image\/\"}}]}<\/script>\n<!-- \/ Yoast SEO plugin. -->","yoast_head_json":{"title":"\u00c7in n-Asetilmorfolin \u00dcreticisi CAS 1696-20-4 -Longchang Chemical","description":"n-asetilmorfolin cas 1696-20-4, Longchang Chemical'\u0131n anahtar \u00fcr\u00fcn\u00fcd\u00fcr. En iyi fiyat\u0131 sa\u011fl\u0131yoruz. Biz en iyi quanlity ve rekabet\u00e7i fiyat ile \u00c7in'de lider \u00fcretici ve tedarik\u00e7i vard\u0131r.","robots":{"index":"index","follow":"follow","max-snippet":"max-snippet:-1","max-image-preview":"max-image-preview:large","max-video-preview":"max-video-preview:-1"},"canonical":"https:\/\/longchangchemical.com\/tr\/product\/n-acetylmorpholine-cas-1696-20-4\/","og_locale":"tr_TR","og_type":"article","og_title":"China n-Acetylmorpholine Manufacturer CAS 1696-20-4 -Longchang Chemical","og_description":"n-acetylmorpholine cas 1696-20-4 is key product of Longchang Chemical. We provide best price. We are the leading manufacturer and supplier in China with the best quanlity and competitive price.","og_url":"https:\/\/longchangchemical.com\/tr\/product\/n-acetylmorpholine-cas-1696-20-4\/","og_site_name":"Longchang Chemical","article_modified_time":"2025-12-17T04:27:43+00:00","og_image":[{"width":800,"height":800,"url":"https:\/\/longchangchemical.com\/wp-content\/uploads\/2021\/01\/7-5.jpg","type":"image\/jpeg"}],"twitter_card":"summary_large_image","schema":{"@context":"https:\/\/schema.org","@graph":[{"@type":"WebPage","@id":"https:\/\/longchangchemical.com\/product\/n-acetylmorpholine-cas-1696-20-4\/","url":"https:\/\/longchangchemical.com\/product\/n-acetylmorpholine-cas-1696-20-4\/","name":"\u00c7in n-Asetilmorfolin \u00dcreticisi CAS 1696-20-4 -Longchang Chemical","isPartOf":{"@id":"https:\/\/longchangchemical.com\/#website"},"primaryImageOfPage":{"@id":"https:\/\/longchangchemical.com\/product\/n-acetylmorpholine-cas-1696-20-4\/#primaryimage"},"image":{"@id":"https:\/\/longchangchemical.com\/product\/n-acetylmorpholine-cas-1696-20-4\/#primaryimage"},"thumbnailUrl":"https:\/\/longchangchemical.com\/wp-content\/uploads\/2021\/01\/7-5.jpg","datePublished":"2024-01-17T01:52:32+00:00","dateModified":"2025-12-17T04:27:43+00:00","description":"n-asetilmorfolin cas 1696-20-4, Longchang Chemical'\u0131n anahtar \u00fcr\u00fcn\u00fcd\u00fcr. En iyi fiyat\u0131 sa\u011fl\u0131yoruz. Biz en iyi quanlity ve rekabet\u00e7i fiyat ile \u00c7in'de lider \u00fcretici ve tedarik\u00e7i vard\u0131r.","breadcrumb":{"@id":"https:\/\/longchangchemical.com\/product\/n-acetylmorpholine-cas-1696-20-4\/#breadcrumb"},"inLanguage":"tr","potentialAction":[{"@type":"ReadAction","target":["https:\/\/longchangchemical.com\/product\/n-acetylmorpholine-cas-1696-20-4\/"]}]},{"@type":"ImageObject","inLanguage":"tr","@id":"https:\/\/longchangchemical.com\/product\/n-acetylmorpholine-cas-1696-20-4\/#primaryimage","url":"https:\/\/longchangchemical.com\/wp-content\/uploads\/2021\/01\/7-5.jpg","contentUrl":"https:\/\/longchangchemical.com\/wp-content\/uploads\/2021\/01\/7-5.jpg","width":800,"height":800,"caption":"n-acetylmorpholine cas 1696-20-4"},{"@type":"BreadcrumbList","@id":"https:\/\/longchangchemical.com\/product\/n-acetylmorpholine-cas-1696-20-4\/#breadcrumb","itemListElement":[{"@type":"ListItem","position":1,"name":"Home","item":"https:\/\/longchangchemical.com\/"},{"@type":"ListItem","position":2,"name":"Products Longchang","item":"https:\/\/longchangchemical.com\/product\/"},{"@type":"ListItem","position":3,"name":"n-acetylmorpholine cas 1696-20-4"}]},{"@type":"WebSite","@id":"https:\/\/longchangchemical.com\/#website","url":"https:\/\/longchangchemical.com\/","name":"Longchang Kimya","description":"\u00c7in kimyasal \u00fcreticisi \uff06 tedarik\u00e7isi","publisher":{"@id":"https:\/\/longchangchemical.com\/#organization"},"potentialAction":[{"@type":"SearchAction","target":{"@type":"EntryPoint","urlTemplate":"https:\/\/longchangchemical.com\/?s={search_term_string}"},"query-input":{"@type":"PropertyValueSpecification","valueRequired":true,"valueName":"search_term_string"}}],"inLanguage":"tr"},{"@type":"Organization","@id":"https:\/\/longchangchemical.com\/#organization","name":"Longchang Kimya","url":"https:\/\/longchangchemical.com\/","logo":{"@type":"ImageObject","inLanguage":"tr","@id":"https:\/\/longchangchemical.com\/#\/schema\/logo\/image\/","url":"https:\/\/longchangchemical.com\/wp-content\/uploads\/2020\/08\/cropped-longchang-logo.png","contentUrl":"https:\/\/longchangchemical.com\/wp-content\/uploads\/2020\/08\/cropped-longchang-logo.png","width":512,"height":512,"caption":"Longchang Chemical"},"image":{"@id":"https:\/\/longchangchemical.com\/#\/schema\/logo\/image\/"}}]}},"_links":{"self":[{"href":"https:\/\/longchangchemical.com\/tr\/wp-json\/wp\/v2\/product\/4210","targetHints":{"allow":["GET"]}}],"collection":[{"href":"https:\/\/longchangchemical.com\/tr\/wp-json\/wp\/v2\/product"}],"about":[{"href":"https:\/\/longchangchemical.com\/tr\/wp-json\/wp\/v2\/types\/product"}],"replies":[{"embeddable":true,"href":"https:\/\/longchangchemical.com\/tr\/wp-json\/wp\/v2\/comments?post=4210"}],"wp:featuredmedia":[{"embeddable":true,"href":"https:\/\/longchangchemical.com\/tr\/wp-json\/wp\/v2\/media\/6494"}],"wp:attachment":[{"href":"https:\/\/longchangchemical.com\/tr\/wp-json\/wp\/v2\/media?parent=4210"}],"wp:term":[{"taxonomy":"product_brand","embeddable":true,"href":"https:\/\/longchangchemical.com\/tr\/wp-json\/wp\/v2\/product_brand?post=4210"},{"taxonomy":"product_cat","embeddable":true,"href":"https:\/\/longchangchemical.com\/tr\/wp-json\/wp\/v2\/product_cat?post=4210"},{"taxonomy":"product_tag","embeddable":true,"href":"https:\/\/longchangchemical.com\/tr\/wp-json\/wp\/v2\/product_tag?post=4210"}],"curies":[{"name":"wp","href":"https:\/\/api.w.org\/{rel}","templated":true}]}}