{"id":4207,"date":"2024-01-18T02:18:16","date_gmt":"2024-01-18T02:18:16","guid":{"rendered":"https:\/\/longchangchemical.com\/?post_type=product&#038;p=4207"},"modified":"2025-12-15T06:41:43","modified_gmt":"2025-12-15T06:41:43","slug":"thiophene-cas-110-02-1","status":"publish","type":"product","link":"https:\/\/longchangchemical.com\/tr\/product\/thiophene-cas-110-02-1\/","title":{"rendered":"CHLUMIFLEX\u00ae tiyofen cas 110-02-1"},"content":{"rendered":"<h2><strong>TiyofenTipik \u00d6zellikler<\/strong><\/h2>\n<table class=\"table-1\" cellspacing=\"1\">\n<tbody>\n<tr>\n<td>\u00d6\u011fe<\/td>\n<td>Teknik \u00d6zellikler<\/td>\n<\/tr>\n<tr>\n<td>Karakter<\/td>\n<td>Renksiz \u015feffaf s\u0131v\u0131<\/td>\n<\/tr>\n<tr>\n<td>Safl\u0131k WT PCT (G.C.)<\/td>\n<td>\u226599,9%<\/td>\n<\/tr>\n<tr>\n<td>Nem<\/td>\n<td>\u22640,1 %<\/td>\n<\/tr>\n<\/tbody>\n<\/table>\n<h2><strong>Tiyofen Kullan\u0131m\u0131<\/strong><\/h2>\n<p>Ayr\u0131ca sefalosporin ve benzerlerinin sentezinde de kullan\u0131l\u0131r. Ayr\u0131ca boyalar, sentetik re\u00e7ineler, \u00e7\u00f6z\u00fcc\u00fcler vb. \u00fcretiminde de kullan\u0131l\u0131r.<\/p>\n<p>\u0130la\u00e7 ve boyalar\u0131n haz\u0131rlanmas\u0131nda kullan\u0131l\u0131r.<\/p>\n<p>\u0130la\u00e7larda ve plastikle\u015ftiricilerde vb. kullan\u0131l\u0131r. Tiyofen, geni\u015f bir kullan\u0131m alan\u0131na sahip olan \u00f6nemli bir organik kimyasal hammaddedir. Esas olarak boyalarda, ila\u00e7larda ve re\u00e7inelerde kullan\u0131l\u0131r. Yeni bir geni\u015f spektrumlu antibiyoti\u011fin sentezi \u00f6nc\u00fc miksin \u00f6nemli bir farmas\u00f6tik ve kimyasal yard\u0131mc\u0131d\u0131r, ayr\u0131ca renkli film \u00fcretiminde ve \u00f6zel foto\u011fraf\u00e7\u0131l\u0131kta, uranyum ve di\u011fer metallerin ekstraksiyonu ve ayr\u0131lmas\u0131 i\u00e7in karma\u015f\u0131k bir reaktifin sentezinde de kullan\u0131labilir.<\/p>\n<p>\u0130la\u00e7, boya ve plastik end\u00fcstrileri i\u00e7in hammadde ve plastikle\u015ftirici olarak kullan\u0131l\u0131r.<\/p>\n<p>Esas olarak tiyazid, pirimidin ve di\u011fer ila\u00e7lar\u0131n haz\u0131rlanmas\u0131 i\u00e7in ila\u00e7 end\u00fcstrisinin ara maddesi olarak kullan\u0131l\u0131r. Ayr\u0131ca sentetik re\u00e7ine ve boyarmadde end\u00fcstrisi i\u00e7in hammadde olarak kullan\u0131l\u0131r. Organik \u00e7\u00f6z\u00fcc\u00fc olarak da kullan\u0131l\u0131r. Kimyasal bir reaktif olarak, kromatografik analiz i\u00e7in standart bir reaktif olarak kullan\u0131l\u0131r.<\/p>\n<p>\u00c7\u00f6z\u00fcc\u00fc, kromatografik analiz standart malzemesi olarak ve organik sentez, re\u00e7ine, boya ve ila\u00e7lar i\u00e7in kullan\u0131l\u0131r.<\/p>\n<ol>\n<li><strong>Kimyasal Ara Maddeler:<\/strong> CAS numaras\u0131 110-02-1 olan tiyofen, \u00e7e\u015fitli organik bile\u015fiklerin sentezinde kimyasal bir ara madde olarak yayg\u0131n \u015fekilde kullan\u0131lmaktad\u0131r. Farmas\u00f6tiklerin, zirai kimyasallar\u0131n ve \u00f6zel kimyasallar\u0131n \u00fcretiminde bir yap\u0131 ta\u015f\u0131 olarak hizmet eder.<\/li>\n<li><strong>Polimer End\u00fcstrisi:<\/strong> Bu bile\u015fik polimer end\u00fcstrisinde uygulama alan\u0131 bulmaktad\u0131r. Tiyofen, organik g\u00fcne\u015f pilleri ve \u0131\u015f\u0131k yayan diyotlar (LED'ler) gibi elektronik cihazlarda uygulamalar\u0131 olan iletken polimerler olan politiyofenlerin sentezinde kullan\u0131l\u0131r.<\/li>\n<li><strong>\u00c7\u00f6z\u00fcc\u00fc:<\/strong> Tiyofen \u00e7e\u015fitli kimyasal i\u015flemlerde \u00e7\u00f6z\u00fcc\u00fc olarak kullan\u0131l\u0131r. Benzersiz \u00f6zellikleri onu laboratuvarlarda ve end\u00fcstriyel ortamlarda belirli reaksiyonlarda ve ekstraksiyonlarda kullan\u0131ma uygun hale getirir.<\/li>\n<li><strong>Aroma ve Koku End\u00fcstrisi:<\/strong> Aroma ve koku end\u00fcstrisinde tiyofen, belirli aroma bile\u015fiklerinin sentezinde bir bile\u015fen olarak kullan\u0131l\u0131r. Belirli kokular\u0131n ve tatlar\u0131n olu\u015fturulmas\u0131na katk\u0131da bulunur.<\/li>\n<\/ol>\n<h2><strong>Tiyofen<\/strong><strong>Paketleme<\/strong><\/h2>\n<p>Plastik Tambur, Net a\u011f\u0131rl\u0131k: Tambur ba\u015f\u0131na 200kg<\/p>\n<h2><strong>TiyofenDepolama<\/strong><\/h2>\n<p>Saklama ko\u015fullar\u0131: Serin, kuru ve havaland\u0131r\u0131lm\u0131\u015f bir yerde saklanmal\u0131 ve \u0131\u015f\u0131ktan korunmal\u0131d\u0131r. Raf \u00f6mr\u00fc\uff1aUygun depolama ile iki y\u0131l.<\/p>\n<h2><strong>Di\u011fer ad\u0131: <\/strong><\/h2>\n<p>Thiaphene;<\/p>\n<p>Thiofen;<\/p>\n<p>Thiofuram;<\/p>\n<p>Thiofurfuran;<\/p>\n<h2><strong><b>\u015eimdi Bize Ula\u015f\u0131n!<\/b><\/strong><\/h2>\n<h4><strong><b>Fiyata ihtiyac\u0131n\u0131z varsa, l\u00fctfen a\u015fa\u011f\u0131daki forma ileti\u015fim bilgilerinizi doldurun, genellikle 24 saat i\u00e7inde sizinle ileti\u015fime ge\u00e7ece\u011fiz. Bana e-posta da g\u00f6nderebilirsiniz <span style=\"color: #0000ff;\"><a style=\"color: #0000ff;\" href=\"mailto:info@longchangchemical.com\">info@longchangchemical.com<\/a><\/span> \u00c7al\u0131\u015fma saatleri i\u00e7inde (8:30 - 6:00 UTC+8 Pzt.~Sat.) veya h\u0131zl\u0131 yan\u0131t almak i\u00e7in web sitesi canl\u0131 sohbetini kullan\u0131n.<\/b><\/strong><\/h4>\n<p>&nbsp;<\/p>","protected":false},"excerpt":{"rendered":"<h2><strong>TiyofenH\u0131zl\u0131 Ayr\u0131nt\u0131lar<\/strong><\/h2>\n<p>Kimyasal Ad\u0131:Tiyofen<\/p>\n<p>CAS: 110-02-1<\/p>\n<p>Kimyasal form\u00fcl:C4H4S<\/p>\n<p>Molek\u00fcl a\u011f\u0131rl\u0131\u011f\u0131:84.14<\/p>\n<p>Molek\u00fcl yap\u0131s\u0131:<img decoding=\"async\" title=\"Tiyofen yap\u0131s\u0131\" src=\"https:\/\/www.longchangchemical.com\/wp-content\/uploads\/product-details\/20200616295430.png\" alt=\"Tiyofen yap\u0131s\u0131\" width=\"50\" height=\"49\" border=\"0\" vspace=\"0\" \/><\/p>\n<p>G\u00f6r\u00fcn\u00fcm:Renksiz \u015feffaf s\u0131v\u0131<\/p>\n<p>Safl\u0131k: \u226599,9%<\/p>","protected":false},"featured_media":6512,"comment_status":"open","ping_status":"closed","template":"","meta":[],"product_brand":[],"product_cat":[111],"product_tag":[],"class_list":{"0":"post-4207","1":"product","2":"type-product","3":"status-publish","4":"has-post-thumbnail","6":"product_cat-plasticizer","8":"first","9":"instock","10":"shipping-taxable","11":"product-type-simple"},"yoast_head":"<!-- This site is optimized with the Yoast SEO plugin v25.3.1 - https:\/\/yoast.com\/wordpress\/plugins\/seo\/ -->\n<title>China Thiophene Manufacturer CAS 110-02-1 -Longchang Chemical<\/title>\n<meta name=\"description\" content=\"thiophene cas 110-02-1 is key product of Longchang Chemical. We provide best price. We are the leading manufacturer and supplier in China with the best quanlity and competitive price. Other Name:Thiaphene;\u00a0Thiofen;\u00a0Thiofuram;\u00a0Thiofurfuran;\u00a0\" \/>\n<meta name=\"robots\" content=\"index, follow, max-snippet:-1, max-image-preview:large, max-video-preview:-1\" \/>\n<link rel=\"canonical\" href=\"https:\/\/longchangchemical.com\/tr\/product\/thiophene-cas-110-02-1\/\" \/>\n<meta property=\"og:locale\" content=\"tr_TR\" \/>\n<meta property=\"og:type\" content=\"article\" \/>\n<meta property=\"og:title\" content=\"China Thiophene Manufacturer CAS 110-02-1 -Longchang Chemical\" \/>\n<meta property=\"og:description\" content=\"thiophene cas 110-02-1 is key product of Longchang Chemical. We provide best price. We are the leading manufacturer and supplier in China with the best quanlity and competitive price. Other Name:Thiaphene;\u00a0Thiofen;\u00a0Thiofuram;\u00a0Thiofurfuran;\u00a0\" \/>\n<meta property=\"og:url\" content=\"https:\/\/longchangchemical.com\/tr\/product\/thiophene-cas-110-02-1\/\" \/>\n<meta property=\"og:site_name\" content=\"Longchang Chemical\" \/>\n<meta property=\"article:modified_time\" content=\"2025-12-15T06:41:43+00:00\" \/>\n<meta property=\"og:image\" content=\"https:\/\/longchangchemical.com\/wp-content\/uploads\/2024\/01\/5-1.jpg\" \/>\n\t<meta property=\"og:image:width\" content=\"800\" \/>\n\t<meta property=\"og:image:height\" content=\"800\" \/>\n\t<meta property=\"og:image:type\" content=\"image\/jpeg\" \/>\n<meta name=\"twitter:card\" content=\"summary_large_image\" \/>\n<script type=\"application\/ld+json\" class=\"yoast-schema-graph\">{\"@context\":\"https:\/\/schema.org\",\"@graph\":[{\"@type\":\"WebPage\",\"@id\":\"https:\/\/longchangchemical.com\/product\/thiophene-cas-110-02-1\/\",\"url\":\"https:\/\/longchangchemical.com\/product\/thiophene-cas-110-02-1\/\",\"name\":\"China Thiophene Manufacturer CAS 110-02-1 -Longchang Chemical\",\"isPartOf\":{\"@id\":\"https:\/\/longchangchemical.com\/#website\"},\"primaryImageOfPage\":{\"@id\":\"https:\/\/longchangchemical.com\/product\/thiophene-cas-110-02-1\/#primaryimage\"},\"image\":{\"@id\":\"https:\/\/longchangchemical.com\/product\/thiophene-cas-110-02-1\/#primaryimage\"},\"thumbnailUrl\":\"https:\/\/longchangchemical.com\/wp-content\/uploads\/2024\/01\/5-1.jpg\",\"datePublished\":\"2024-01-18T02:18:16+00:00\",\"dateModified\":\"2025-12-15T06:41:43+00:00\",\"description\":\"thiophene cas 110-02-1 is key product of Longchang Chemical. We provide best price. We are the leading manufacturer and supplier in China with the best quanlity and competitive price. Other Name:Thiaphene;\u00a0Thiofen;\u00a0Thiofuram;\u00a0Thiofurfuran;\u00a0\",\"breadcrumb\":{\"@id\":\"https:\/\/longchangchemical.com\/product\/thiophene-cas-110-02-1\/#breadcrumb\"},\"inLanguage\":\"tr\",\"potentialAction\":[{\"@type\":\"ReadAction\",\"target\":[\"https:\/\/longchangchemical.com\/product\/thiophene-cas-110-02-1\/\"]}]},{\"@type\":\"ImageObject\",\"inLanguage\":\"tr\",\"@id\":\"https:\/\/longchangchemical.com\/product\/thiophene-cas-110-02-1\/#primaryimage\",\"url\":\"https:\/\/longchangchemical.com\/wp-content\/uploads\/2024\/01\/5-1.jpg\",\"contentUrl\":\"https:\/\/longchangchemical.com\/wp-content\/uploads\/2024\/01\/5-1.jpg\",\"width\":800,\"height\":800,\"caption\":\"thiophene cas 110-02-1\"},{\"@type\":\"BreadcrumbList\",\"@id\":\"https:\/\/longchangchemical.com\/product\/thiophene-cas-110-02-1\/#breadcrumb\",\"itemListElement\":[{\"@type\":\"ListItem\",\"position\":1,\"name\":\"Home\",\"item\":\"https:\/\/longchangchemical.com\/\"},{\"@type\":\"ListItem\",\"position\":2,\"name\":\"Products Longchang\",\"item\":\"https:\/\/longchangchemical.com\/product\/\"},{\"@type\":\"ListItem\",\"position\":3,\"name\":\"CHLUMIFLEX\u00ae thiophene cas 110-02-1\"}]},{\"@type\":\"WebSite\",\"@id\":\"https:\/\/longchangchemical.com\/#website\",\"url\":\"https:\/\/longchangchemical.com\/\",\"name\":\"Longchang Chemical\",\"description\":\"China chemical manufacturer \uff06 supplier\",\"publisher\":{\"@id\":\"https:\/\/longchangchemical.com\/#organization\"},\"potentialAction\":[{\"@type\":\"SearchAction\",\"target\":{\"@type\":\"EntryPoint\",\"urlTemplate\":\"https:\/\/longchangchemical.com\/?s={search_term_string}\"},\"query-input\":{\"@type\":\"PropertyValueSpecification\",\"valueRequired\":true,\"valueName\":\"search_term_string\"}}],\"inLanguage\":\"tr\"},{\"@type\":\"Organization\",\"@id\":\"https:\/\/longchangchemical.com\/#organization\",\"name\":\"Longchang Chemical\",\"url\":\"https:\/\/longchangchemical.com\/\",\"logo\":{\"@type\":\"ImageObject\",\"inLanguage\":\"tr\",\"@id\":\"https:\/\/longchangchemical.com\/#\/schema\/logo\/image\/\",\"url\":\"https:\/\/longchangchemical.com\/wp-content\/uploads\/2020\/08\/cropped-longchang-logo.png\",\"contentUrl\":\"https:\/\/longchangchemical.com\/wp-content\/uploads\/2020\/08\/cropped-longchang-logo.png\",\"width\":512,\"height\":512,\"caption\":\"Longchang Chemical\"},\"image\":{\"@id\":\"https:\/\/longchangchemical.com\/#\/schema\/logo\/image\/\"}}]}<\/script>\n<!-- \/ Yoast SEO plugin. -->","yoast_head_json":{"title":"\u00c7in Tiyofen \u00dcreticisi CAS 110-02-1 -Longchang Chemical","description":"thiophene cas 110-02-1, Longchang Chemical'\u0131n temel \u00fcr\u00fcn\u00fcd\u00fcr. En iyi fiyat\u0131 sa\u011fl\u0131yoruz. Biz en iyi quanlity ve rekabet\u00e7i fiyat ile \u00c7in'de lider \u00fcretici ve tedarik\u00e7i vard\u0131r. Di\u011fer Ad\u0131: Thiaphene; Thiofen; Thiofuram; Thiofurfuran;\u00a0","robots":{"index":"index","follow":"follow","max-snippet":"max-snippet:-1","max-image-preview":"max-image-preview:large","max-video-preview":"max-video-preview:-1"},"canonical":"https:\/\/longchangchemical.com\/tr\/product\/thiophene-cas-110-02-1\/","og_locale":"tr_TR","og_type":"article","og_title":"China Thiophene Manufacturer CAS 110-02-1 -Longchang Chemical","og_description":"thiophene cas 110-02-1 is key product of Longchang Chemical. We provide best price. We are the leading manufacturer and supplier in China with the best quanlity and competitive price. Other Name:Thiaphene;\u00a0Thiofen;\u00a0Thiofuram;\u00a0Thiofurfuran;\u00a0","og_url":"https:\/\/longchangchemical.com\/tr\/product\/thiophene-cas-110-02-1\/","og_site_name":"Longchang Chemical","article_modified_time":"2025-12-15T06:41:43+00:00","og_image":[{"width":800,"height":800,"url":"https:\/\/longchangchemical.com\/wp-content\/uploads\/2024\/01\/5-1.jpg","type":"image\/jpeg"}],"twitter_card":"summary_large_image","schema":{"@context":"https:\/\/schema.org","@graph":[{"@type":"WebPage","@id":"https:\/\/longchangchemical.com\/product\/thiophene-cas-110-02-1\/","url":"https:\/\/longchangchemical.com\/product\/thiophene-cas-110-02-1\/","name":"\u00c7in Tiyofen \u00dcreticisi CAS 110-02-1 -Longchang Chemical","isPartOf":{"@id":"https:\/\/longchangchemical.com\/#website"},"primaryImageOfPage":{"@id":"https:\/\/longchangchemical.com\/product\/thiophene-cas-110-02-1\/#primaryimage"},"image":{"@id":"https:\/\/longchangchemical.com\/product\/thiophene-cas-110-02-1\/#primaryimage"},"thumbnailUrl":"https:\/\/longchangchemical.com\/wp-content\/uploads\/2024\/01\/5-1.jpg","datePublished":"2024-01-18T02:18:16+00:00","dateModified":"2025-12-15T06:41:43+00:00","description":"thiophene cas 110-02-1, Longchang Chemical'\u0131n temel \u00fcr\u00fcn\u00fcd\u00fcr. En iyi fiyat\u0131 sa\u011fl\u0131yoruz. Biz en iyi quanlity ve rekabet\u00e7i fiyat ile \u00c7in'de lider \u00fcretici ve tedarik\u00e7i vard\u0131r. Di\u011fer Ad\u0131: Thiaphene; Thiofen; Thiofuram; Thiofurfuran;\u00a0","breadcrumb":{"@id":"https:\/\/longchangchemical.com\/product\/thiophene-cas-110-02-1\/#breadcrumb"},"inLanguage":"tr","potentialAction":[{"@type":"ReadAction","target":["https:\/\/longchangchemical.com\/product\/thiophene-cas-110-02-1\/"]}]},{"@type":"ImageObject","inLanguage":"tr","@id":"https:\/\/longchangchemical.com\/product\/thiophene-cas-110-02-1\/#primaryimage","url":"https:\/\/longchangchemical.com\/wp-content\/uploads\/2024\/01\/5-1.jpg","contentUrl":"https:\/\/longchangchemical.com\/wp-content\/uploads\/2024\/01\/5-1.jpg","width":800,"height":800,"caption":"thiophene cas 110-02-1"},{"@type":"BreadcrumbList","@id":"https:\/\/longchangchemical.com\/product\/thiophene-cas-110-02-1\/#breadcrumb","itemListElement":[{"@type":"ListItem","position":1,"name":"Home","item":"https:\/\/longchangchemical.com\/"},{"@type":"ListItem","position":2,"name":"Products Longchang","item":"https:\/\/longchangchemical.com\/product\/"},{"@type":"ListItem","position":3,"name":"CHLUMIFLEX\u00ae thiophene cas 110-02-1"}]},{"@type":"WebSite","@id":"https:\/\/longchangchemical.com\/#website","url":"https:\/\/longchangchemical.com\/","name":"Longchang Kimya","description":"\u00c7in kimyasal \u00fcreticisi \uff06 tedarik\u00e7isi","publisher":{"@id":"https:\/\/longchangchemical.com\/#organization"},"potentialAction":[{"@type":"SearchAction","target":{"@type":"EntryPoint","urlTemplate":"https:\/\/longchangchemical.com\/?s={search_term_string}"},"query-input":{"@type":"PropertyValueSpecification","valueRequired":true,"valueName":"search_term_string"}}],"inLanguage":"tr"},{"@type":"Organization","@id":"https:\/\/longchangchemical.com\/#organization","name":"Longchang Kimya","url":"https:\/\/longchangchemical.com\/","logo":{"@type":"ImageObject","inLanguage":"tr","@id":"https:\/\/longchangchemical.com\/#\/schema\/logo\/image\/","url":"https:\/\/longchangchemical.com\/wp-content\/uploads\/2020\/08\/cropped-longchang-logo.png","contentUrl":"https:\/\/longchangchemical.com\/wp-content\/uploads\/2020\/08\/cropped-longchang-logo.png","width":512,"height":512,"caption":"Longchang Chemical"},"image":{"@id":"https:\/\/longchangchemical.com\/#\/schema\/logo\/image\/"}}]}},"_links":{"self":[{"href":"https:\/\/longchangchemical.com\/tr\/wp-json\/wp\/v2\/product\/4207","targetHints":{"allow":["GET"]}}],"collection":[{"href":"https:\/\/longchangchemical.com\/tr\/wp-json\/wp\/v2\/product"}],"about":[{"href":"https:\/\/longchangchemical.com\/tr\/wp-json\/wp\/v2\/types\/product"}],"replies":[{"embeddable":true,"href":"https:\/\/longchangchemical.com\/tr\/wp-json\/wp\/v2\/comments?post=4207"}],"wp:featuredmedia":[{"embeddable":true,"href":"https:\/\/longchangchemical.com\/tr\/wp-json\/wp\/v2\/media\/6512"}],"wp:attachment":[{"href":"https:\/\/longchangchemical.com\/tr\/wp-json\/wp\/v2\/media?parent=4207"}],"wp:term":[{"taxonomy":"product_brand","embeddable":true,"href":"https:\/\/longchangchemical.com\/tr\/wp-json\/wp\/v2\/product_brand?post=4207"},{"taxonomy":"product_cat","embeddable":true,"href":"https:\/\/longchangchemical.com\/tr\/wp-json\/wp\/v2\/product_cat?post=4207"},{"taxonomy":"product_tag","embeddable":true,"href":"https:\/\/longchangchemical.com\/tr\/wp-json\/wp\/v2\/product_tag?post=4207"}],"curies":[{"name":"wp","href":"https:\/\/api.w.org\/{rel}","templated":true}]}}