{"id":4204,"date":"2024-01-18T02:49:32","date_gmt":"2024-01-18T02:49:32","guid":{"rendered":"https:\/\/longchangchemical.com\/?post_type=product&#038;p=4204"},"modified":"2025-12-17T04:20:59","modified_gmt":"2025-12-17T04:20:59","slug":"nn-dimethylbenzylamine-cas-103-83-3","status":"publish","type":"product","link":"https:\/\/longchangchemical.com\/tr\/product\/nn-dimethylbenzylamine-cas-103-83-3\/","title":{"rendered":"n,n-dimetilbenzilamin cas 103-83-3"},"content":{"rendered":"<h2><strong>N,N-DimetilbenzilaminTipik \u00d6zellikler<\/strong><\/h2>\n<table class=\"table-1\" cellspacing=\"0\">\n<tbody>\n<tr>\n<td>\u00d6\u011fe<\/td>\n<td>Teknik \u00d6zellikler<\/td>\n<td>Sonu\u00e7lar<\/td>\n<\/tr>\n<tr>\n<td>G\u00f6r\u00fcn\u00fc\u015f<\/td>\n<td>Renksiz \u015feffaf s\u0131v\u0131<\/td>\n<td>Teyit Ediyor<\/td>\n<\/tr>\n<tr>\n<td>Su i\u00e7eri\u011fi, %<\/td>\n<td>&lt;0,2%<\/td>\n<td>0.14<\/td>\n<\/tr>\n<tr>\n<td>Safl\u0131k, %<\/td>\n<td>\u226599.0<\/td>\n<td>99.25<\/td>\n<\/tr>\n<tr>\n<td>Sonu\u00e7<\/td>\n<td colspan=\"2\">Sonu\u00e7lar standartlarla uyumludur<\/td>\n<\/tr>\n<\/tbody>\n<\/table>\n<h2><strong>N,N-Dimetilbenzilamin Kullan\u0131m\u0131<\/strong><\/h2>\n<p>Organik sentez ara \u00fcr\u00fcnleri, temiz ve dehidrohalojenlenmi\u015f halojenlerin \u00fcretimi i\u00e7in kataliz\u00f6rler, korozyon inhibit\u00f6rleri, asidik n\u00f6trle\u015ftiriciler, elektron mikroskobu kesiti i\u00e7in h\u0131zland\u0131r\u0131c\u0131lar.<\/p>\n<section>N,N-Dimetilbenzilamin, bis[(N,N-dimetilamino)benzil] selenid sentezinde kullan\u0131lm\u0131\u015ft\u0131r. Bisfenol A'n\u0131n diglisidil eteri ve tetrahidroftalik anhidrit form\u00fclasyonlar\u0131n\u0131n k\u00fcrleme reaksiyonu s\u0131ras\u0131nda kataliz\u00f6r olarak kullan\u0131lm\u0131\u015ft\u0131r. B\u00fctil lityum ile y\u00f6nlendirilmi\u015f orto metalasyona u\u011frar. Faz transfer kataliz\u00f6r\u00fc olarak kullan\u0131lan amonyum tuzu elde etmek i\u00e7in metil iyod\u00fcr ile reaksiyona girer. Ayr\u0131ca, poli\u00fcretan k\u00f6p\u00fcklerin ve epoksi re\u00e7inelerin olu\u015fumu i\u00e7in bir kataliz\u00f6r olarak kullan\u0131l\u0131r.<\/section>\n<section>\n<ol>\n<li><strong>Kimyasal Sentez:<\/strong> CAS numaras\u0131 103-83-3 olan N,N-Dimetilbenzilamin, kimyasal sentezde yayg\u0131n olarak kullan\u0131lmaktad\u0131r. Farmas\u00f6tikler, zirai kimyasallar ve \u00f6zel kimyasallar dahil olmak \u00fczere \u00e7e\u015fitli bile\u015fiklerin \u00fcretiminde \u00e7ok y\u00f6nl\u00fc bir ara \u00fcr\u00fcn olarak hizmet eder.<\/li>\n<li><strong>Polimer End\u00fcstrisi:<\/strong> Bu bile\u015fik polimer end\u00fcstrisinde uygulama alan\u0131 bulmaktad\u0131r. Polimerlerin ve kopolimerlerin sentezinde kullan\u0131l\u0131r, polimer \u00f6zelliklerinin modifikasyonuna ve spesifik malzemelerin geli\u015ftirilmesine katk\u0131da bulunur.<\/li>\n<li><strong>Y\u00fczey Aktif Maddeler ve Kuaterner Amonyum Bile\u015fikleri:<\/strong> N,N-Dimetilbenzilamin, y\u00fczey aktif maddelerin ve kuaterner amonyum bile\u015fiklerinin \u00fcretiminde kullan\u0131l\u0131r. Bu bile\u015fiklerin deterjan, yumu\u015fat\u0131c\u0131 ve di\u011fer temizlik \u00fcr\u00fcnlerinin form\u00fclasyonunda uygulamalar\u0131 vard\u0131r.<\/li>\n<li><strong>Kataliz:<\/strong> Katalitik i\u015flemlerde, N,N-Dimetilbenzilamin \u00e7e\u015fitli kimyasal reaksiyonlarda kataliz\u00f6r veya yard\u0131mc\u0131 kataliz\u00f6r olarak kullan\u0131l\u0131r. Di\u011fer reaktanlar\u0131n varl\u0131\u011f\u0131nda belirli ara \u00fcr\u00fcnlerin ve son \u00fcr\u00fcnlerin sentezini kolayla\u015ft\u0131r\u0131r.<\/li>\n<\/ol>\n<\/section>\n<h2><a name=\"Preparation\"><\/a><strong>N,N-DimetilbenzilaminAmbalaj<\/strong><\/h2>\n<p>varil, 25 kg, 200L<br \/>\nVeya ihtiyac\u0131n\u0131za g\u00f6re.<\/p>\n<h2><strong>N,N-Dimetilbenzilaminestore<\/strong><\/h2>\n<p>Depo d\u00fc\u015f\u00fck s\u0131cakl\u0131kta havaland\u0131r\u0131l\u0131r; asitten ayr\u0131 olarak depolan\u0131r.<\/p>\n<h2><strong><b>\u015eimdi Bize Ula\u015f\u0131n!<\/b><\/strong><\/h2>\n<h4><strong><b>COA, MSDS veya TDS'ye ihtiyac\u0131n\u0131z varsa, l\u00fctfen a\u015fa\u011f\u0131daki forma ileti\u015fim bilgilerinizi girin, genellikle 24 saat i\u00e7inde sizinle ileti\u015fime ge\u00e7ece\u011fiz. Bana e-posta da g\u00f6nderebilirsiniz <span style=\"color: #0000ff;\"><a style=\"color: #0000ff;\" href=\"mailto:info@longchangchemical.com\">info@longchangchemical.com<\/a><\/span> \u00c7al\u0131\u015fma saatleri i\u00e7inde (8:30 - 6:00 UTC+8 Pzt.~Sat.) veya h\u0131zl\u0131 yan\u0131t almak i\u00e7in web sitesi canl\u0131 sohbetini kullan\u0131n.<\/b><\/strong><\/h4>","protected":false},"excerpt":{"rendered":"<h2><strong>N,N-DimetilbenzilaminH\u0131zl\u0131 Ayr\u0131nt\u0131lar<\/strong><\/h2>\n<p>Kimyasal Ad\u0131:N,N-Dimetilbenzilamin<\/p>\n<p>CAS: 103-83-3<\/p>\n<p>Molek\u00fcler Fom\u00fcl:C9H13N<\/p>\n<p>Molek\u00fcler A\u011f\u0131rl\u0131k:135.21<\/p>\n<p>Kimyasal Yap\u0131:<img decoding=\"async\" title=\"N,N-Dimetilbenzilamin Yap\u0131s\u0131\" src=\"https:\/\/www.longchangchemical.com\/wp-content\/uploads\/product-details\/20200616005758.png\" alt=\"N,N-Dimetilbenzilamin Yap\u0131s\u0131\" width=\"94\" height=\"45\" border=\"0\" vspace=\"0\" \/><\/p>\n<p>G\u00f6r\u00fcn\u00fc\u015f: Renksiz \u015feffaf s\u0131v\u0131<\/p>\n<p>Safl\u0131k: 99%<\/p>","protected":false},"featured_media":6514,"comment_status":"open","ping_status":"closed","template":"","meta":[],"product_brand":[],"product_cat":[69],"product_tag":[],"class_list":{"0":"post-4204","1":"product","2":"type-product","3":"status-publish","4":"has-post-thumbnail","6":"product_cat-catalysts-chemical-auxiliary-agents","8":"first","9":"instock","10":"shipping-taxable","11":"product-type-simple"},"yoast_head":"<!-- This site is optimized with the Yoast SEO plugin v25.3.1 - https:\/\/yoast.com\/wordpress\/plugins\/seo\/ -->\n<title>China n,n-dimethylbenzylamine Manufacturer CAS 103-83-3 -Longchang Chemical<\/title>\n<meta name=\"description\" content=\"n,n-dimethylbenzylamine cas 103-83-3 is key product of Longchang Chemical. We provide best price. We are the leading manufacturer and supplier in China with the best quanlity and competitive price.\" \/>\n<meta name=\"robots\" content=\"index, follow, max-snippet:-1, max-image-preview:large, max-video-preview:-1\" \/>\n<link rel=\"canonical\" href=\"https:\/\/longchangchemical.com\/tr\/product\/nn-dimethylbenzylamine-cas-103-83-3\/\" \/>\n<meta property=\"og:locale\" content=\"tr_TR\" \/>\n<meta property=\"og:type\" content=\"article\" \/>\n<meta property=\"og:title\" content=\"China n,n-dimethylbenzylamine Manufacturer CAS 103-83-3 -Longchang Chemical\" \/>\n<meta property=\"og:description\" content=\"n,n-dimethylbenzylamine cas 103-83-3 is key product of Longchang Chemical. We provide best price. We are the leading manufacturer and supplier in China with the best quanlity and competitive price.\" \/>\n<meta property=\"og:url\" content=\"https:\/\/longchangchemical.com\/tr\/product\/nn-dimethylbenzylamine-cas-103-83-3\/\" \/>\n<meta property=\"og:site_name\" content=\"Longchang Chemical\" \/>\n<meta property=\"article:modified_time\" content=\"2025-12-17T04:20:59+00:00\" \/>\n<meta property=\"og:image\" content=\"https:\/\/longchangchemical.com\/wp-content\/uploads\/2024\/01\/1-1.jpg\" \/>\n\t<meta property=\"og:image:width\" content=\"800\" \/>\n\t<meta property=\"og:image:height\" content=\"800\" \/>\n\t<meta property=\"og:image:type\" content=\"image\/jpeg\" \/>\n<meta name=\"twitter:card\" content=\"summary_large_image\" \/>\n<script type=\"application\/ld+json\" class=\"yoast-schema-graph\">{\"@context\":\"https:\/\/schema.org\",\"@graph\":[{\"@type\":\"WebPage\",\"@id\":\"https:\/\/longchangchemical.com\/product\/nn-dimethylbenzylamine-cas-103-83-3\/\",\"url\":\"https:\/\/longchangchemical.com\/product\/nn-dimethylbenzylamine-cas-103-83-3\/\",\"name\":\"China n,n-dimethylbenzylamine Manufacturer CAS 103-83-3 -Longchang Chemical\",\"isPartOf\":{\"@id\":\"https:\/\/longchangchemical.com\/#website\"},\"primaryImageOfPage\":{\"@id\":\"https:\/\/longchangchemical.com\/product\/nn-dimethylbenzylamine-cas-103-83-3\/#primaryimage\"},\"image\":{\"@id\":\"https:\/\/longchangchemical.com\/product\/nn-dimethylbenzylamine-cas-103-83-3\/#primaryimage\"},\"thumbnailUrl\":\"https:\/\/longchangchemical.com\/wp-content\/uploads\/2024\/01\/1-1.jpg\",\"datePublished\":\"2024-01-18T02:49:32+00:00\",\"dateModified\":\"2025-12-17T04:20:59+00:00\",\"description\":\"n,n-dimethylbenzylamine cas 103-83-3 is key product of Longchang Chemical. We provide best price. We are the leading manufacturer and supplier in China with the best quanlity and competitive price.\",\"breadcrumb\":{\"@id\":\"https:\/\/longchangchemical.com\/product\/nn-dimethylbenzylamine-cas-103-83-3\/#breadcrumb\"},\"inLanguage\":\"tr\",\"potentialAction\":[{\"@type\":\"ReadAction\",\"target\":[\"https:\/\/longchangchemical.com\/product\/nn-dimethylbenzylamine-cas-103-83-3\/\"]}]},{\"@type\":\"ImageObject\",\"inLanguage\":\"tr\",\"@id\":\"https:\/\/longchangchemical.com\/product\/nn-dimethylbenzylamine-cas-103-83-3\/#primaryimage\",\"url\":\"https:\/\/longchangchemical.com\/wp-content\/uploads\/2024\/01\/1-1.jpg\",\"contentUrl\":\"https:\/\/longchangchemical.com\/wp-content\/uploads\/2024\/01\/1-1.jpg\",\"width\":800,\"height\":800,\"caption\":\"n,n-dimethylbenzylamine cas 103-83-3\"},{\"@type\":\"BreadcrumbList\",\"@id\":\"https:\/\/longchangchemical.com\/product\/nn-dimethylbenzylamine-cas-103-83-3\/#breadcrumb\",\"itemListElement\":[{\"@type\":\"ListItem\",\"position\":1,\"name\":\"Home\",\"item\":\"https:\/\/longchangchemical.com\/\"},{\"@type\":\"ListItem\",\"position\":2,\"name\":\"Products Longchang\",\"item\":\"https:\/\/longchangchemical.com\/product\/\"},{\"@type\":\"ListItem\",\"position\":3,\"name\":\"n,n-dimethylbenzylamine cas 103-83-3\"}]},{\"@type\":\"WebSite\",\"@id\":\"https:\/\/longchangchemical.com\/#website\",\"url\":\"https:\/\/longchangchemical.com\/\",\"name\":\"Longchang Chemical\",\"description\":\"China chemical manufacturer \uff06 supplier\",\"publisher\":{\"@id\":\"https:\/\/longchangchemical.com\/#organization\"},\"potentialAction\":[{\"@type\":\"SearchAction\",\"target\":{\"@type\":\"EntryPoint\",\"urlTemplate\":\"https:\/\/longchangchemical.com\/?s={search_term_string}\"},\"query-input\":{\"@type\":\"PropertyValueSpecification\",\"valueRequired\":true,\"valueName\":\"search_term_string\"}}],\"inLanguage\":\"tr\"},{\"@type\":\"Organization\",\"@id\":\"https:\/\/longchangchemical.com\/#organization\",\"name\":\"Longchang Chemical\",\"url\":\"https:\/\/longchangchemical.com\/\",\"logo\":{\"@type\":\"ImageObject\",\"inLanguage\":\"tr\",\"@id\":\"https:\/\/longchangchemical.com\/#\/schema\/logo\/image\/\",\"url\":\"https:\/\/longchangchemical.com\/wp-content\/uploads\/2020\/08\/cropped-longchang-logo.png\",\"contentUrl\":\"https:\/\/longchangchemical.com\/wp-content\/uploads\/2020\/08\/cropped-longchang-logo.png\",\"width\":512,\"height\":512,\"caption\":\"Longchang Chemical\"},\"image\":{\"@id\":\"https:\/\/longchangchemical.com\/#\/schema\/logo\/image\/\"}}]}<\/script>\n<!-- \/ Yoast SEO plugin. -->","yoast_head_json":{"title":"\u00c7in n,n-dimetilbenzilamin \u00dcreticisi CAS 103-83-3 -Longchang Chemical","description":"n, n-dimetilbenzilamin cas 103-83-3, Longchang Chemical'\u0131n anahtar \u00fcr\u00fcn\u00fcd\u00fcr. En iyi fiyat\u0131 sa\u011fl\u0131yoruz. Biz en iyi quanlity ve rekabet\u00e7i fiyat ile \u00c7in'de lider \u00fcretici ve tedarik\u00e7i vard\u0131r.","robots":{"index":"index","follow":"follow","max-snippet":"max-snippet:-1","max-image-preview":"max-image-preview:large","max-video-preview":"max-video-preview:-1"},"canonical":"https:\/\/longchangchemical.com\/tr\/product\/nn-dimethylbenzylamine-cas-103-83-3\/","og_locale":"tr_TR","og_type":"article","og_title":"China n,n-dimethylbenzylamine Manufacturer CAS 103-83-3 -Longchang Chemical","og_description":"n,n-dimethylbenzylamine cas 103-83-3 is key product of Longchang Chemical. We provide best price. We are the leading manufacturer and supplier in China with the best quanlity and competitive price.","og_url":"https:\/\/longchangchemical.com\/tr\/product\/nn-dimethylbenzylamine-cas-103-83-3\/","og_site_name":"Longchang Chemical","article_modified_time":"2025-12-17T04:20:59+00:00","og_image":[{"width":800,"height":800,"url":"https:\/\/longchangchemical.com\/wp-content\/uploads\/2024\/01\/1-1.jpg","type":"image\/jpeg"}],"twitter_card":"summary_large_image","schema":{"@context":"https:\/\/schema.org","@graph":[{"@type":"WebPage","@id":"https:\/\/longchangchemical.com\/product\/nn-dimethylbenzylamine-cas-103-83-3\/","url":"https:\/\/longchangchemical.com\/product\/nn-dimethylbenzylamine-cas-103-83-3\/","name":"\u00c7in n,n-dimetilbenzilamin \u00dcreticisi CAS 103-83-3 -Longchang Chemical","isPartOf":{"@id":"https:\/\/longchangchemical.com\/#website"},"primaryImageOfPage":{"@id":"https:\/\/longchangchemical.com\/product\/nn-dimethylbenzylamine-cas-103-83-3\/#primaryimage"},"image":{"@id":"https:\/\/longchangchemical.com\/product\/nn-dimethylbenzylamine-cas-103-83-3\/#primaryimage"},"thumbnailUrl":"https:\/\/longchangchemical.com\/wp-content\/uploads\/2024\/01\/1-1.jpg","datePublished":"2024-01-18T02:49:32+00:00","dateModified":"2025-12-17T04:20:59+00:00","description":"n, n-dimetilbenzilamin cas 103-83-3, Longchang Chemical'\u0131n anahtar \u00fcr\u00fcn\u00fcd\u00fcr. En iyi fiyat\u0131 sa\u011fl\u0131yoruz. Biz en iyi quanlity ve rekabet\u00e7i fiyat ile \u00c7in'de lider \u00fcretici ve tedarik\u00e7i vard\u0131r.","breadcrumb":{"@id":"https:\/\/longchangchemical.com\/product\/nn-dimethylbenzylamine-cas-103-83-3\/#breadcrumb"},"inLanguage":"tr","potentialAction":[{"@type":"ReadAction","target":["https:\/\/longchangchemical.com\/product\/nn-dimethylbenzylamine-cas-103-83-3\/"]}]},{"@type":"ImageObject","inLanguage":"tr","@id":"https:\/\/longchangchemical.com\/product\/nn-dimethylbenzylamine-cas-103-83-3\/#primaryimage","url":"https:\/\/longchangchemical.com\/wp-content\/uploads\/2024\/01\/1-1.jpg","contentUrl":"https:\/\/longchangchemical.com\/wp-content\/uploads\/2024\/01\/1-1.jpg","width":800,"height":800,"caption":"n,n-dimethylbenzylamine cas 103-83-3"},{"@type":"BreadcrumbList","@id":"https:\/\/longchangchemical.com\/product\/nn-dimethylbenzylamine-cas-103-83-3\/#breadcrumb","itemListElement":[{"@type":"ListItem","position":1,"name":"Home","item":"https:\/\/longchangchemical.com\/"},{"@type":"ListItem","position":2,"name":"Products Longchang","item":"https:\/\/longchangchemical.com\/product\/"},{"@type":"ListItem","position":3,"name":"n,n-dimethylbenzylamine cas 103-83-3"}]},{"@type":"WebSite","@id":"https:\/\/longchangchemical.com\/#website","url":"https:\/\/longchangchemical.com\/","name":"Longchang Kimya","description":"\u00c7in kimyasal \u00fcreticisi \uff06 tedarik\u00e7isi","publisher":{"@id":"https:\/\/longchangchemical.com\/#organization"},"potentialAction":[{"@type":"SearchAction","target":{"@type":"EntryPoint","urlTemplate":"https:\/\/longchangchemical.com\/?s={search_term_string}"},"query-input":{"@type":"PropertyValueSpecification","valueRequired":true,"valueName":"search_term_string"}}],"inLanguage":"tr"},{"@type":"Organization","@id":"https:\/\/longchangchemical.com\/#organization","name":"Longchang Kimya","url":"https:\/\/longchangchemical.com\/","logo":{"@type":"ImageObject","inLanguage":"tr","@id":"https:\/\/longchangchemical.com\/#\/schema\/logo\/image\/","url":"https:\/\/longchangchemical.com\/wp-content\/uploads\/2020\/08\/cropped-longchang-logo.png","contentUrl":"https:\/\/longchangchemical.com\/wp-content\/uploads\/2020\/08\/cropped-longchang-logo.png","width":512,"height":512,"caption":"Longchang Chemical"},"image":{"@id":"https:\/\/longchangchemical.com\/#\/schema\/logo\/image\/"}}]}},"_links":{"self":[{"href":"https:\/\/longchangchemical.com\/tr\/wp-json\/wp\/v2\/product\/4204","targetHints":{"allow":["GET"]}}],"collection":[{"href":"https:\/\/longchangchemical.com\/tr\/wp-json\/wp\/v2\/product"}],"about":[{"href":"https:\/\/longchangchemical.com\/tr\/wp-json\/wp\/v2\/types\/product"}],"replies":[{"embeddable":true,"href":"https:\/\/longchangchemical.com\/tr\/wp-json\/wp\/v2\/comments?post=4204"}],"wp:featuredmedia":[{"embeddable":true,"href":"https:\/\/longchangchemical.com\/tr\/wp-json\/wp\/v2\/media\/6514"}],"wp:attachment":[{"href":"https:\/\/longchangchemical.com\/tr\/wp-json\/wp\/v2\/media?parent=4204"}],"wp:term":[{"taxonomy":"product_brand","embeddable":true,"href":"https:\/\/longchangchemical.com\/tr\/wp-json\/wp\/v2\/product_brand?post=4204"},{"taxonomy":"product_cat","embeddable":true,"href":"https:\/\/longchangchemical.com\/tr\/wp-json\/wp\/v2\/product_cat?post=4204"},{"taxonomy":"product_tag","embeddable":true,"href":"https:\/\/longchangchemical.com\/tr\/wp-json\/wp\/v2\/product_tag?post=4204"}],"curies":[{"name":"wp","href":"https:\/\/api.w.org\/{rel}","templated":true}]}}