{"id":4199,"date":"2024-01-18T03:29:55","date_gmt":"2024-01-18T03:29:55","guid":{"rendered":"https:\/\/longchangchemical.com\/?post_type=product&#038;p=4199"},"modified":"2025-12-17T04:12:19","modified_gmt":"2025-12-17T04:12:19","slug":"basic-red-5-cas-553-24-2","status":"publish","type":"product","link":"https:\/\/longchangchemical.com\/tr\/product\/basic-red-5-cas-553-24-2\/","title":{"rendered":"bazik k\u0131rm\u0131z\u0131 5 cas 553-24-2"},"content":{"rendered":"<h2><strong>Temel K\u0131rm\u0131z\u0131 5 Tipik \u00d6zellikler<\/strong><\/h2>\n<table class=\"table-1\" cellspacing=\"0\">\n<tbody>\n<tr>\n<td>G\u00f6r\u00fcn\u00fc\u015f<\/td>\n<td>Koyu ye\u015fil, kahverengi veya a\u00e7\u0131k siyah toz<\/td>\n<td>Koyu ye\u015fil, kahverengi veya a\u00e7\u0131k siyah toz<\/td>\n<\/tr>\n<tr>\n<td>PH Renk de\u011fi\u015fikli\u011fi alan\u0131<\/td>\n<td>6,8\uff08K\u0131rm\u0131z\u0131\uff09\uff5e8,0\uff08Sar\u0131\uff09<\/td>\n<td>6,8(K\u0131rm\u0131z\u0131) \uff5e 8,0(Merhaba)<\/td>\n<\/tr>\n<tr>\n<td>Yanma kal\u0131nt\u0131s\u0131 (s\u00fclfat olarak hesaplanm\u0131\u015ft\u0131r)\u2264<\/td>\n<td>2<\/td>\n<td>1.2<\/td>\n<\/tr>\n<tr>\n<td>Etanol \u00e7\u00f6z\u00fcnme testi Hassasiyet testi<\/td>\n<td>Uygundur Uygundur<\/td>\n<td>Uygundur Uygundur<\/td>\n<\/tr>\n<\/tbody>\n<\/table>\n<h2><strong>Temel K\u0131rm\u0131z\u0131 5 Kullan\u0131m\u0131<\/strong><\/h2>\n<p>1. Asit-baz indikat\u00f6r\u00fc, biyolojik boya<\/p>\n<p>2. Su, nitrit ve idrar i\u00e7in alkalinite g\u00f6stergesi<\/p>\n<p>3. Histokimyada ya\u011f i\u00e7in hidroliz g\u00f6stergesi<\/p>\n<p>4. Sinir h\u00fccrelerinin Nissl gran\u00fcl boyanmas\u0131<\/p>\n<p>5. \u0130n vitro canl\u0131 v\u00fccut boyamas\u0131 i\u00e7in Jianna Green ile birlikte kullan\u0131l\u0131r<\/p>\n<p>6. \u0130yod\u00fcr iyonlar\u0131n\u0131n fotometrik tayini<\/p>\n<p>7. N\u00f6tr k\u0131rm\u0131z\u0131 test ka\u011f\u0131d\u0131n\u0131n haz\u0131rlanmas\u0131<\/p>\n<h2><strong>Temel K\u0131rm\u0131z\u0131 5 Paketleme ve Nakliye<\/strong><\/h2>\n<p>Ambalaj: 25kg\/\u00e7anta<\/p>\n<h2><strong>Temel K\u0131rm\u0131z\u0131 5 Depolama<\/strong><\/h2>\n<p>Serin, kuru ve havaland\u0131r\u0131lm\u0131\u015f bir depoda \u00e7ocuklardan uzakta saklan\u0131r<\/p>\n<h2><strong><b>\u015eimdi Bize Ula\u015f\u0131n!<\/b><\/strong><\/h2>\n<h4><strong><b>COA, MSDS veya TDS'ye ihtiyac\u0131n\u0131z varsa, l\u00fctfen a\u015fa\u011f\u0131daki forma ileti\u015fim bilgilerinizi girin, genellikle 24 saat i\u00e7inde sizinle ileti\u015fime ge\u00e7ece\u011fiz. Bana e-posta da g\u00f6nderebilirsiniz <span style=\"color: #0000ff;\"><a style=\"color: #0000ff;\" href=\"mailto:info@longchangchemical.com\">info@longchangchemical.com<\/a><\/span> \u00c7al\u0131\u015fma saatleri i\u00e7inde (8:30 - 6:00 UTC+8 Pzt.~Sat.) veya h\u0131zl\u0131 yan\u0131t almak i\u00e7in web sitesi canl\u0131 sohbetini kullan\u0131n.<\/b><\/strong><\/h4>","protected":false},"excerpt":{"rendered":"<h2><strong>Temel K\u0131rm\u0131z\u0131 5 Ayr\u0131nt\u0131lar<\/strong><\/h2>\n<p>Kimyasal Ad\u0131: Bazik K\u0131rm\u0131z\u0131 5<\/p>\n<p>CAS No.:553-24-2<\/p>\n<p>Molek\u00fcler Form\u00fcl: C15H17ClN4<\/p>\n<p>Molek\u00fcler A\u011f\u0131rl\u0131k:288.77528<\/p>\n<p>Molek\u00fcler Yap\u0131:<img decoding=\"async\" title=\"Temel K\u0131rm\u0131z\u0131 5 Yap\u0131s\u0131\" src=\"https:\/\/www.longchangchemical.com\/wp-content\/uploads\/product-details\/20200611270254.png\" alt=\"Temel K\u0131rm\u0131z\u0131 5 Yap\u0131s\u0131\" width=\"220\" height=\"110\" border=\"0\" vspace=\"0\" \/><\/p>\n<p>G\u00f6r\u00fcn\u00fcm: koyu ye\u015fil<\/p>","protected":false},"featured_media":6517,"comment_status":"open","ping_status":"closed","template":"","meta":[],"product_brand":[],"product_cat":[69],"product_tag":[],"class_list":{"0":"post-4199","1":"product","2":"type-product","3":"status-publish","4":"has-post-thumbnail","6":"product_cat-catalysts-chemical-auxiliary-agents","8":"first","9":"instock","10":"shipping-taxable","11":"product-type-simple"},"yoast_head":"<!-- This site is optimized with the Yoast SEO plugin v25.3.1 - https:\/\/yoast.com\/wordpress\/plugins\/seo\/ -->\n<title>China Basic Red 5 Manufacturer CAS 553-24-2 - Longchang Chemical<\/title>\n<meta name=\"description\" content=\"Basic Red 5 is a key product of Longchang Chemical. We provide the best price and are the leading manufacturer and supplier in China, known for the best quality and competitive prices.\" \/>\n<meta name=\"robots\" content=\"index, follow, max-snippet:-1, max-image-preview:large, max-video-preview:-1\" \/>\n<link rel=\"canonical\" href=\"https:\/\/longchangchemical.com\/tr\/product\/basic-red-5-cas-553-24-2\/\" \/>\n<meta property=\"og:locale\" content=\"tr_TR\" \/>\n<meta property=\"og:type\" content=\"article\" \/>\n<meta property=\"og:title\" content=\"China Basic Red 5 Manufacturer CAS 553-24-2 - Longchang Chemical\" \/>\n<meta property=\"og:description\" content=\"Basic Red 5 is a key product of Longchang Chemical. We provide the best price and are the leading manufacturer and supplier in China, known for the best quality and competitive prices.\" \/>\n<meta property=\"og:url\" content=\"https:\/\/longchangchemical.com\/tr\/product\/basic-red-5-cas-553-24-2\/\" \/>\n<meta property=\"og:site_name\" content=\"Longchang Chemical\" \/>\n<meta property=\"article:modified_time\" content=\"2025-12-17T04:12:19+00:00\" \/>\n<meta property=\"og:image\" content=\"https:\/\/longchangchemical.com\/wp-content\/uploads\/2021\/01\/4-6.jpg\" \/>\n\t<meta property=\"og:image:width\" content=\"800\" \/>\n\t<meta property=\"og:image:height\" content=\"800\" \/>\n\t<meta property=\"og:image:type\" content=\"image\/jpeg\" \/>\n<meta name=\"twitter:card\" content=\"summary_large_image\" \/>\n<script type=\"application\/ld+json\" class=\"yoast-schema-graph\">{\"@context\":\"https:\/\/schema.org\",\"@graph\":[{\"@type\":\"WebPage\",\"@id\":\"https:\/\/longchangchemical.com\/product\/basic-red-5-cas-553-24-2\/\",\"url\":\"https:\/\/longchangchemical.com\/product\/basic-red-5-cas-553-24-2\/\",\"name\":\"China Basic Red 5 Manufacturer CAS 553-24-2 - Longchang Chemical\",\"isPartOf\":{\"@id\":\"https:\/\/longchangchemical.com\/#website\"},\"primaryImageOfPage\":{\"@id\":\"https:\/\/longchangchemical.com\/product\/basic-red-5-cas-553-24-2\/#primaryimage\"},\"image\":{\"@id\":\"https:\/\/longchangchemical.com\/product\/basic-red-5-cas-553-24-2\/#primaryimage\"},\"thumbnailUrl\":\"https:\/\/longchangchemical.com\/wp-content\/uploads\/2021\/01\/4-6.jpg\",\"datePublished\":\"2024-01-18T03:29:55+00:00\",\"dateModified\":\"2025-12-17T04:12:19+00:00\",\"description\":\"Basic Red 5 is a key product of Longchang Chemical. We provide the best price and are the leading manufacturer and supplier in China, known for the best quality and competitive prices.\",\"breadcrumb\":{\"@id\":\"https:\/\/longchangchemical.com\/product\/basic-red-5-cas-553-24-2\/#breadcrumb\"},\"inLanguage\":\"tr\",\"potentialAction\":[{\"@type\":\"ReadAction\",\"target\":[\"https:\/\/longchangchemical.com\/product\/basic-red-5-cas-553-24-2\/\"]}]},{\"@type\":\"ImageObject\",\"inLanguage\":\"tr\",\"@id\":\"https:\/\/longchangchemical.com\/product\/basic-red-5-cas-553-24-2\/#primaryimage\",\"url\":\"https:\/\/longchangchemical.com\/wp-content\/uploads\/2021\/01\/4-6.jpg\",\"contentUrl\":\"https:\/\/longchangchemical.com\/wp-content\/uploads\/2021\/01\/4-6.jpg\",\"width\":800,\"height\":800,\"caption\":\"basic red 5 cas 553-24-2\"},{\"@type\":\"BreadcrumbList\",\"@id\":\"https:\/\/longchangchemical.com\/product\/basic-red-5-cas-553-24-2\/#breadcrumb\",\"itemListElement\":[{\"@type\":\"ListItem\",\"position\":1,\"name\":\"Home\",\"item\":\"https:\/\/longchangchemical.com\/\"},{\"@type\":\"ListItem\",\"position\":2,\"name\":\"Products Longchang\",\"item\":\"https:\/\/longchangchemical.com\/product\/\"},{\"@type\":\"ListItem\",\"position\":3,\"name\":\"basic red 5 cas 553-24-2\"}]},{\"@type\":\"WebSite\",\"@id\":\"https:\/\/longchangchemical.com\/#website\",\"url\":\"https:\/\/longchangchemical.com\/\",\"name\":\"Longchang Chemical\",\"description\":\"China chemical manufacturer \uff06 supplier\",\"publisher\":{\"@id\":\"https:\/\/longchangchemical.com\/#organization\"},\"potentialAction\":[{\"@type\":\"SearchAction\",\"target\":{\"@type\":\"EntryPoint\",\"urlTemplate\":\"https:\/\/longchangchemical.com\/?s={search_term_string}\"},\"query-input\":{\"@type\":\"PropertyValueSpecification\",\"valueRequired\":true,\"valueName\":\"search_term_string\"}}],\"inLanguage\":\"tr\"},{\"@type\":\"Organization\",\"@id\":\"https:\/\/longchangchemical.com\/#organization\",\"name\":\"Longchang Chemical\",\"url\":\"https:\/\/longchangchemical.com\/\",\"logo\":{\"@type\":\"ImageObject\",\"inLanguage\":\"tr\",\"@id\":\"https:\/\/longchangchemical.com\/#\/schema\/logo\/image\/\",\"url\":\"https:\/\/longchangchemical.com\/wp-content\/uploads\/2020\/08\/cropped-longchang-logo.png\",\"contentUrl\":\"https:\/\/longchangchemical.com\/wp-content\/uploads\/2020\/08\/cropped-longchang-logo.png\",\"width\":512,\"height\":512,\"caption\":\"Longchang Chemical\"},\"image\":{\"@id\":\"https:\/\/longchangchemical.com\/#\/schema\/logo\/image\/\"}}]}<\/script>\n<!-- \/ Yoast SEO plugin. -->","yoast_head_json":{"title":"\u00c7in Temel K\u0131rm\u0131z\u0131 5 \u00dcretici CAS 553-24-2 - Longchang Chemical","description":"Basic Red 5, Longchang Chemical'\u0131n \u00f6nemli bir \u00fcr\u00fcn\u00fcd\u00fcr. En iyi fiyat\u0131 sa\u011fl\u0131yoruz ve en iyi kalite ve rekabet\u00e7i fiyatlarla bilinen \u00c7in'in \u00f6nde gelen \u00fcreticisi ve tedarik\u00e7isiyiz.","robots":{"index":"index","follow":"follow","max-snippet":"max-snippet:-1","max-image-preview":"max-image-preview:large","max-video-preview":"max-video-preview:-1"},"canonical":"https:\/\/longchangchemical.com\/tr\/product\/basic-red-5-cas-553-24-2\/","og_locale":"tr_TR","og_type":"article","og_title":"China Basic Red 5 Manufacturer CAS 553-24-2 - Longchang Chemical","og_description":"Basic Red 5 is a key product of Longchang Chemical. We provide the best price and are the leading manufacturer and supplier in China, known for the best quality and competitive prices.","og_url":"https:\/\/longchangchemical.com\/tr\/product\/basic-red-5-cas-553-24-2\/","og_site_name":"Longchang Chemical","article_modified_time":"2025-12-17T04:12:19+00:00","og_image":[{"width":800,"height":800,"url":"https:\/\/longchangchemical.com\/wp-content\/uploads\/2021\/01\/4-6.jpg","type":"image\/jpeg"}],"twitter_card":"summary_large_image","schema":{"@context":"https:\/\/schema.org","@graph":[{"@type":"WebPage","@id":"https:\/\/longchangchemical.com\/product\/basic-red-5-cas-553-24-2\/","url":"https:\/\/longchangchemical.com\/product\/basic-red-5-cas-553-24-2\/","name":"\u00c7in Temel K\u0131rm\u0131z\u0131 5 \u00dcretici CAS 553-24-2 - Longchang Chemical","isPartOf":{"@id":"https:\/\/longchangchemical.com\/#website"},"primaryImageOfPage":{"@id":"https:\/\/longchangchemical.com\/product\/basic-red-5-cas-553-24-2\/#primaryimage"},"image":{"@id":"https:\/\/longchangchemical.com\/product\/basic-red-5-cas-553-24-2\/#primaryimage"},"thumbnailUrl":"https:\/\/longchangchemical.com\/wp-content\/uploads\/2021\/01\/4-6.jpg","datePublished":"2024-01-18T03:29:55+00:00","dateModified":"2025-12-17T04:12:19+00:00","description":"Basic Red 5, Longchang Chemical'\u0131n \u00f6nemli bir \u00fcr\u00fcn\u00fcd\u00fcr. En iyi fiyat\u0131 sa\u011fl\u0131yoruz ve en iyi kalite ve rekabet\u00e7i fiyatlarla bilinen \u00c7in'in \u00f6nde gelen \u00fcreticisi ve tedarik\u00e7isiyiz.","breadcrumb":{"@id":"https:\/\/longchangchemical.com\/product\/basic-red-5-cas-553-24-2\/#breadcrumb"},"inLanguage":"tr","potentialAction":[{"@type":"ReadAction","target":["https:\/\/longchangchemical.com\/product\/basic-red-5-cas-553-24-2\/"]}]},{"@type":"ImageObject","inLanguage":"tr","@id":"https:\/\/longchangchemical.com\/product\/basic-red-5-cas-553-24-2\/#primaryimage","url":"https:\/\/longchangchemical.com\/wp-content\/uploads\/2021\/01\/4-6.jpg","contentUrl":"https:\/\/longchangchemical.com\/wp-content\/uploads\/2021\/01\/4-6.jpg","width":800,"height":800,"caption":"basic red 5 cas 553-24-2"},{"@type":"BreadcrumbList","@id":"https:\/\/longchangchemical.com\/product\/basic-red-5-cas-553-24-2\/#breadcrumb","itemListElement":[{"@type":"ListItem","position":1,"name":"Home","item":"https:\/\/longchangchemical.com\/"},{"@type":"ListItem","position":2,"name":"Products Longchang","item":"https:\/\/longchangchemical.com\/product\/"},{"@type":"ListItem","position":3,"name":"basic red 5 cas 553-24-2"}]},{"@type":"WebSite","@id":"https:\/\/longchangchemical.com\/#website","url":"https:\/\/longchangchemical.com\/","name":"Longchang Kimya","description":"\u00c7in kimyasal \u00fcreticisi \uff06 tedarik\u00e7isi","publisher":{"@id":"https:\/\/longchangchemical.com\/#organization"},"potentialAction":[{"@type":"SearchAction","target":{"@type":"EntryPoint","urlTemplate":"https:\/\/longchangchemical.com\/?s={search_term_string}"},"query-input":{"@type":"PropertyValueSpecification","valueRequired":true,"valueName":"search_term_string"}}],"inLanguage":"tr"},{"@type":"Organization","@id":"https:\/\/longchangchemical.com\/#organization","name":"Longchang Kimya","url":"https:\/\/longchangchemical.com\/","logo":{"@type":"ImageObject","inLanguage":"tr","@id":"https:\/\/longchangchemical.com\/#\/schema\/logo\/image\/","url":"https:\/\/longchangchemical.com\/wp-content\/uploads\/2020\/08\/cropped-longchang-logo.png","contentUrl":"https:\/\/longchangchemical.com\/wp-content\/uploads\/2020\/08\/cropped-longchang-logo.png","width":512,"height":512,"caption":"Longchang Chemical"},"image":{"@id":"https:\/\/longchangchemical.com\/#\/schema\/logo\/image\/"}}]}},"_links":{"self":[{"href":"https:\/\/longchangchemical.com\/tr\/wp-json\/wp\/v2\/product\/4199","targetHints":{"allow":["GET"]}}],"collection":[{"href":"https:\/\/longchangchemical.com\/tr\/wp-json\/wp\/v2\/product"}],"about":[{"href":"https:\/\/longchangchemical.com\/tr\/wp-json\/wp\/v2\/types\/product"}],"replies":[{"embeddable":true,"href":"https:\/\/longchangchemical.com\/tr\/wp-json\/wp\/v2\/comments?post=4199"}],"wp:featuredmedia":[{"embeddable":true,"href":"https:\/\/longchangchemical.com\/tr\/wp-json\/wp\/v2\/media\/6517"}],"wp:attachment":[{"href":"https:\/\/longchangchemical.com\/tr\/wp-json\/wp\/v2\/media?parent=4199"}],"wp:term":[{"taxonomy":"product_brand","embeddable":true,"href":"https:\/\/longchangchemical.com\/tr\/wp-json\/wp\/v2\/product_brand?post=4199"},{"taxonomy":"product_cat","embeddable":true,"href":"https:\/\/longchangchemical.com\/tr\/wp-json\/wp\/v2\/product_cat?post=4199"},{"taxonomy":"product_tag","embeddable":true,"href":"https:\/\/longchangchemical.com\/tr\/wp-json\/wp\/v2\/product_tag?post=4199"}],"curies":[{"name":"wp","href":"https:\/\/api.w.org\/{rel}","templated":true}]}}