{"id":4194,"date":"2024-01-18T06:50:43","date_gmt":"2024-01-18T06:50:43","guid":{"rendered":"https:\/\/longchangchemical.com\/?post_type=product&#038;p=4194"},"modified":"2025-12-17T03:50:08","modified_gmt":"2025-12-17T03:50:08","slug":"246-trimethylbenzoyl-chloride-cas-938-18-1","status":"publish","type":"product","link":"https:\/\/longchangchemical.com\/tr\/product\/246-trimethylbenzoyl-chloride-cas-938-18-1\/","title":{"rendered":"2,4,6-trimetilbenzoil klor\u00fcr cas 938-18-1"},"content":{"rendered":"<h2><strong>2,4,6-Trimetilbenzoil kloridtipik \u00d6zellikler<\/strong><\/h2>\n<table class=\"table-1\" cellspacing=\"0\">\n<tbody>\n<tr>\n<td>\u0130sim<\/td>\n<td>Mesitoyl klor\u00fcr\/2,4,6-Trimetilbenzoil klor\u00fcr<\/td>\n<\/tr>\n<tr>\n<td>CAS NO.<\/td>\n<td>938-18-1<\/td>\n<\/tr>\n<tr>\n<td>G\u00f6r\u00fcn\u00fc\u015f<\/td>\n<td>Renksiz ila soluk sar\u0131 s\u0131v\u0131<\/td>\n<\/tr>\n<tr>\n<td>Safl\u0131k<\/td>\n<td>99% Min<\/td>\n<\/tr>\n<tr>\n<td>B.P.<\/td>\n<td>143-146 \u00baC (60 mmHg)<\/td>\n<\/tr>\n<tr>\n<td>K\u0131r\u0131lma indisi<\/td>\n<td>1.528-1.53<\/td>\n<\/tr>\n<\/tbody>\n<\/table>\n<h2><strong>2,4,6-Trimetilbenzoil klor\u00fcrKullan\u0131m<\/strong><\/h2>\n<p>Plastik ve m\u00fcrekkeplere katk\u0131 maddesi olarak organik sentez ara \u00fcr\u00fcnleri.<\/p>\n<ol>\n<li><strong>Kimyasal Sentez:<\/strong> CAS numaras\u0131 938-18-1 olan 2,4,6-Trimetilbenzoil Klor\u00fcr, kimyasal sentezde, \u00f6zellikle benzoilleme ajan\u0131 olarak yayg\u0131n \u015fekilde kullan\u0131l\u0131r. Organik bile\u015fiklere benzoil gruplar\u0131n\u0131n eklenmesini i\u00e7eren reaksiyonlarda kullan\u0131l\u0131r.<\/li>\n<li><strong>Polimer End\u00fcstrisi:<\/strong> Bu bile\u015fik, polimer ve kopolimerlerin sentezinde bir reaktif olarak kullan\u0131ld\u0131\u011f\u0131 polimer end\u00fcstrisinde uygulama alan\u0131 bulur. Benzoil i\u015flevselliklerinin dahil edilmesi yoluyla polimer \u00f6zelliklerinin modifikasyonuna katk\u0131da bulunur.<\/li>\n<li><strong>\u0130la\u00e7lar:<\/strong> 2,4,6-Trimetilbenzoil Klor\u00fcr, ila\u00e7 end\u00fcstrisinde \u00e7e\u015fitli farmas\u00f6tik ara \u00fcr\u00fcnlerin ve aktif bile\u015fenlerin sentezi i\u00e7in kullan\u0131l\u0131r. Baz\u0131 ila\u00e7lar\u0131n \u00fcretiminde \u00f6nemli bir yap\u0131 ta\u015f\u0131 olarak hizmet eder.<\/li>\n<li><strong>Zirai kimyasallar:<\/strong> Zirai kimyasallar alan\u0131nda, bu bile\u015fik spesifik zirai kimyasal \u00fcr\u00fcnlerin sentezi i\u00e7in kullan\u0131l\u0131r. Zirai kimyasal form\u00fclasyonlar\u0131n ve aktif bile\u015fenlerin geli\u015ftirilmesinde rol oynar.<\/li>\n<\/ol>\n<h2><strong>2,4,6-Trimetilbenzoil klor\u00fcrPaketleme ve Nakliye<\/strong><\/h2>\n<p>Ambalaj: 25Kg\/tambur<\/p>\n<p>Teslimat: 3-5 i\u015f g\u00fcn\u00fc i\u00e7inde teslimat<\/p>\n<h2><strong>2,4,6-Trimetilbenzoil klor\u00fcrDepolama<\/strong><\/h2>\n<p>I\u015f\u0131ktan ve kurumadan ka\u00e7\u0131nma.<\/p>\n<p>\u0130lk yard\u0131m \u00f6nlemleri<\/p>\n<p>4.1Gerekli ilk yard\u0131m \u00f6nlemlerinin tan\u0131m\u0131<\/p>\n<p>Genel tavsiye<\/p>\n<p>Bir doktora dan\u0131\u015f\u0131n. Bu g\u00fcvenlik bilgi formunu ilgili doktora g\u00f6sterin.<\/p>\n<p>E\u011fer solunursa<\/p>\n<p>Nefes al\u0131yorsa, ki\u015fiyi temiz havaya \u00e7\u0131kar\u0131n. Nefes alm\u0131yorsa suni teneff\u00fcs yap\u0131n. Bir doktora dan\u0131\u015f\u0131n.<\/p>\n<p>Deri temas\u0131 durumunda<\/p>\n<p>Sabun ve bol su ile y\u0131kay\u0131n. Bir doktora dan\u0131\u015f\u0131n.<\/p>\n<p>G\u00f6z temas\u0131 durumunda<\/p>\n<p>En az 15 dakika boyunca bol su ile iyice durulay\u0131n ve bir doktora dan\u0131\u015f\u0131n.<\/p>\n<p>E\u011fer yutulursa<\/p>\n<p>Bilinci yerinde olmayan bir ki\u015fiye asla a\u011f\u0131z yoluyla bir \u015fey vermeyin. A\u011fz\u0131n\u0131z\u0131 su ile \u00e7alkalay\u0131n. Bir doktora dan\u0131\u015f\u0131n.<\/p>\n<p>4.2En \u00f6nemli semptomlar\/etkiler, akut ve gecikmi\u015f<\/p>\n<p>veri mevcut de\u011fil<\/p>\n<p>4.3Gerekti\u011finde acil t\u0131bbi m\u00fcdahale ve \u00f6zel tedavi gereklili\u011finin belirtilmesi<\/p>\n<p>veri mevcut de\u011fil<\/p>\n<p>5. Yang\u0131nla m\u00fccadele \u00f6nlemleri<\/p>\n<p>5.1S\u00f6nd\u00fcrme ara\u00e7lar\u0131<\/p>\n<p>Uygun s\u00f6nd\u00fcrme maddeleri<\/p>\n<p>Su spreyi, alkole dayan\u0131kl\u0131 k\u00f6p\u00fck, kuru kimyasal veya karbondioksit kullan\u0131n.<\/p>\n<p>5.2Kimyasaldan kaynaklanan spesifik tehlikeler<\/p>\n<p>veri mevcut de\u011fil<\/p>\n<p>5.3 Yang\u0131n s\u00f6nd\u00fcrme ekipleri i\u00e7in \u00f6zel koruyucu \u00f6nlemler<\/p>\n<p>Gerekirse yang\u0131nla m\u00fccadele i\u00e7in ba\u011f\u0131ms\u0131z solunum cihaz\u0131 kullan\u0131n.<\/p>\n<p>6. Kaza sonucu sal\u0131n\u0131m \u00f6nlemleri<\/p>\n<p>6.1Ki\u015fisel \u00f6nlemler, koruyucu ekipman ve acil durum prosed\u00fcrleri<\/p>\n<p>Ki\u015fisel koruyucu ekipman kullan\u0131n. Toz olu\u015fumunu \u00f6nleyin. Buharlar\u0131, bu\u011fular\u0131 veya gazlar\u0131 solumaktan ka\u00e7\u0131n\u0131n. Yeterli havaland\u0131rma sa\u011flay\u0131n. Personeli g\u00fcvenli alanlara tahliye edin. Toz solumaktan ka\u00e7\u0131n\u0131n. Ki\u015fisel korunma i\u00e7in 8. b\u00f6l\u00fcme bak\u0131n\u0131z.<\/p>\n<p>6.2\u00c7evresel \u00f6nlemler<\/p>\n<p>G\u00fcvenli ise daha fazla s\u0131z\u0131nt\u0131 veya d\u00f6k\u00fclmeyi \u00f6nleyin. \u00dcr\u00fcn\u00fcn kanalizasyona girmesine izin vermeyin. \u00c7evreye bo\u015falt\u0131lmas\u0131ndan ka\u00e7\u0131n\u0131lmal\u0131d\u0131r.<\/p>\n<p>6.3Muhafaza ve temizlik i\u00e7in y\u00f6ntem ve malzemeler<\/p>\n<p>Toplay\u0131n ve at\u0131lmas\u0131n\u0131 sa\u011flay\u0131n. S\u00fcp\u00fcr\u00fcn ve k\u00fcrekle at\u0131n. Bertaraf i\u00e7in uygun, kapal\u0131 kaplarda saklay\u0131n.<\/p>\n<p>7. Elle\u00e7leme ve depolama<\/p>\n<p>7.1G\u00fcvenli kullan\u0131m i\u00e7in \u00f6nlemler<\/p>\n<p>Cilt ve g\u00f6z ile temas\u0131ndan ka\u00e7\u0131n\u0131n. Toz ve aerosol olu\u015fumunu \u00f6nleyin. Maruz kalmaktan ka\u00e7\u0131n\u0131n - kullanmadan \u00f6nce \u00f6zel talimatlar al\u0131n Toz olu\u015fan yerlerde uygun egzoz havaland\u0131rmas\u0131 sa\u011flay\u0131n. \u00d6nlemler i\u00e7in bkz. b\u00f6l\u00fcm 2.2.<\/p>\n<p>7.2Her t\u00fcrl\u00fc uyumsuzluk da dahil olmak \u00fczere g\u00fcvenli depolama i\u00e7in ko\u015fullar<\/p>\n<p>Serin yerde saklay\u0131n. Kab\u0131 kuru ve iyi havaland\u0131r\u0131lan bir yerde s\u0131k\u0131ca kapal\u0131 tutun.<\/p>\n<p>8. Maruziyet kontrolleri\/ki\u015fisel korunma<\/p>\n<p>8.1Kontrol parametreleri<\/p>\n<p>Mesleki Maruziyet s\u0131n\u0131r de\u011ferleri<\/p>\n<p>veri mevcut de\u011fil<\/p>\n<p>Biyolojik s\u0131n\u0131r de\u011ferler<\/p>\n<p>veri mevcut de\u011fil<\/p>\n<p>8.2Uygun m\u00fchendislik kontrolleri<\/p>\n<p>\u0130yi end\u00fcstriyel hijyen ve g\u00fcvenlik uygulamalar\u0131na uygun \u015fekilde kullan\u0131n. Molalardan \u00f6nce ve i\u015f g\u00fcn\u00fcn\u00fcn sonunda ellerinizi y\u0131kay\u0131n.<\/p>\n<p>8.3Ki\u015fisel koruyucu ekipman (KKE) gibi bireysel koruma \u00f6nlemleri<\/p>\n<p>G\u00f6z\/y\u00fcz korumas\u0131<\/p>\n<p>EN166'ya uygun yan siperlikli g\u00fcvenlik g\u00f6zl\u00fckleri. NIOSH (ABD) veya EN 166 (AB) gibi uygun devlet standartlar\u0131 kapsam\u0131nda test edilmi\u015f ve onaylanm\u0131\u015f g\u00f6z koruma ekipman\u0131 kullan\u0131n.<\/p>\n<p>Cilt korumas\u0131<\/p>\n<p>Ge\u00e7irimsiz giysiler giyin. Koruyucu ekipman t\u00fcr\u00fc, belirli bir i\u015fyerindeki tehlikeli maddenin konsantrasyonuna ve miktar\u0131na g\u00f6re se\u00e7ilmelidir. Eldiven ile ta\u015f\u0131y\u0131n. Eldivenler kullan\u0131mdan \u00f6nce kontrol edilmelidir. Bu \u00fcr\u00fcnle cilt temas\u0131n\u0131 \u00f6nlemek i\u00e7in uygun eldiven \u00e7\u0131karma tekni\u011fini kullan\u0131n (eldivenin d\u0131\u015f y\u00fczeyine dokunmadan). Kirlenmi\u015f eldivenleri kullan\u0131mdan sonra y\u00fcr\u00fcrl\u00fckteki yasalara ve iyi laboratuvar uygulamalar\u0131na uygun olarak at\u0131n. Ellerinizi y\u0131kay\u0131n ve kurulay\u0131n. Se\u00e7ilen koruyucu eldivenler 89\/686\/EEC say\u0131l\u0131 AB Direktifi ve bundan t\u00fcretilen EN 374 standard\u0131n\u0131n \u00f6zelliklerini kar\u015f\u0131lamal\u0131d\u0131r.<\/p>\n<p>Solunum korumas\u0131<\/p>\n<p>B\u00fcy\u00fck miktarlarda kullan\u0131rken toz maskesi tak\u0131n.<\/p>\n<p>Termal tehlikeler<\/p>\n<p>veri mevcut de\u011fil<\/p>\n<h2><strong><b>\u015eimdi Bize Ula\u015f\u0131n!<\/b><\/strong><\/h2>\n<h4><strong><b>COA, MSDS veya TDS'ye ihtiyac\u0131n\u0131z varsa, l\u00fctfen a\u015fa\u011f\u0131daki forma ileti\u015fim bilgilerinizi girin, genellikle 24 saat i\u00e7inde sizinle ileti\u015fime ge\u00e7ece\u011fiz. Bana e-posta da g\u00f6nderebilirsiniz <span style=\"color: #0000ff;\"><a style=\"color: #0000ff;\" href=\"mailto:info@longchangchemical.com\">info@longchangchemical.com<\/a><\/span> \u00c7al\u0131\u015fma saatleri i\u00e7inde (8:30 - 6:00 UTC+8 Pzt.~Sat.) veya h\u0131zl\u0131 yan\u0131t almak i\u00e7in web sitesi canl\u0131 sohbetini kullan\u0131n.<\/b><\/strong><\/h4>","protected":false},"excerpt":{"rendered":"<h2><strong>2,4,6-Trimetilbenzoil klor\u00fcr h\u0131zl\u0131 Ayr\u0131nt\u0131lar<\/strong><\/h2>\n<p>Kimyasal Ad\u0131: 2,4,6-Trimetilbenzoil klor\u00fcr<\/p>\n<p>CAS No: 938-18-1<\/p>\n<p>Molek\u00fcler Fom\u00fcl: C10H11ClO<\/p>\n<p>Molek\u00fcl a\u011f\u0131rl\u0131\u011f\u0131: 182,65<\/p>\n<p>G\u00f6r\u00fcn\u00fcm:Renksiz ila soluk sar\u0131 s\u0131v\u0131<\/p>\n<p>Tahlil: 99%<\/p>","protected":false},"featured_media":6523,"comment_status":"open","ping_status":"closed","template":"","meta":[],"product_brand":[],"product_cat":[69],"product_tag":[],"class_list":{"0":"post-4194","1":"product","2":"type-product","3":"status-publish","4":"has-post-thumbnail","6":"product_cat-catalysts-chemical-auxiliary-agents","8":"first","9":"instock","10":"shipping-taxable","11":"product-type-simple"},"yoast_head":"<!-- This site is optimized with the Yoast SEO plugin v25.3.1 - https:\/\/yoast.com\/wordpress\/plugins\/seo\/ -->\n<title>China 2,4,6-Trimethylbenzoyl Chloride Manufacturer CAS 938-18-1 - Longchang Chemical<\/title>\n<meta name=\"description\" content=\"2,4,6-Trimethylbenzoyl Chloride is a key product of Longchang Chemical. We provide the best price and are the leading manufacturer and supplier in China, known for the best quality and competitive prices.\" \/>\n<meta name=\"robots\" content=\"index, follow, max-snippet:-1, max-image-preview:large, max-video-preview:-1\" \/>\n<link rel=\"canonical\" href=\"https:\/\/longchangchemical.com\/tr\/product\/246-trimethylbenzoyl-chloride-cas-938-18-1\/\" \/>\n<meta property=\"og:locale\" content=\"tr_TR\" \/>\n<meta property=\"og:type\" content=\"article\" \/>\n<meta property=\"og:title\" content=\"China 2,4,6-Trimethylbenzoyl Chloride Manufacturer CAS 938-18-1 - Longchang Chemical\" \/>\n<meta property=\"og:description\" content=\"2,4,6-Trimethylbenzoyl Chloride is a key product of Longchang Chemical. We provide the best price and are the leading manufacturer and supplier in China, known for the best quality and competitive prices.\" \/>\n<meta property=\"og:url\" content=\"https:\/\/longchangchemical.com\/tr\/product\/246-trimethylbenzoyl-chloride-cas-938-18-1\/\" \/>\n<meta property=\"og:site_name\" content=\"Longchang Chemical\" \/>\n<meta property=\"article:modified_time\" content=\"2025-12-17T03:50:08+00:00\" \/>\n<meta property=\"og:image\" content=\"https:\/\/longchangchemical.com\/wp-content\/uploads\/2021\/01\/2-7.jpg\" \/>\n\t<meta property=\"og:image:width\" content=\"800\" \/>\n\t<meta property=\"og:image:height\" content=\"800\" \/>\n\t<meta property=\"og:image:type\" content=\"image\/jpeg\" \/>\n<meta name=\"twitter:card\" content=\"summary_large_image\" \/>\n<script type=\"application\/ld+json\" class=\"yoast-schema-graph\">{\"@context\":\"https:\/\/schema.org\",\"@graph\":[{\"@type\":\"WebPage\",\"@id\":\"https:\/\/longchangchemical.com\/product\/246-trimethylbenzoyl-chloride-cas-938-18-1\/\",\"url\":\"https:\/\/longchangchemical.com\/product\/246-trimethylbenzoyl-chloride-cas-938-18-1\/\",\"name\":\"China 2,4,6-Trimethylbenzoyl Chloride Manufacturer CAS 938-18-1 - Longchang Chemical\",\"isPartOf\":{\"@id\":\"https:\/\/longchangchemical.com\/#website\"},\"primaryImageOfPage\":{\"@id\":\"https:\/\/longchangchemical.com\/product\/246-trimethylbenzoyl-chloride-cas-938-18-1\/#primaryimage\"},\"image\":{\"@id\":\"https:\/\/longchangchemical.com\/product\/246-trimethylbenzoyl-chloride-cas-938-18-1\/#primaryimage\"},\"thumbnailUrl\":\"https:\/\/longchangchemical.com\/wp-content\/uploads\/2021\/01\/2-7.jpg\",\"datePublished\":\"2024-01-18T06:50:43+00:00\",\"dateModified\":\"2025-12-17T03:50:08+00:00\",\"description\":\"2,4,6-Trimethylbenzoyl Chloride is a key product of Longchang Chemical. We provide the best price and are the leading manufacturer and supplier in China, known for the best quality and competitive prices.\",\"breadcrumb\":{\"@id\":\"https:\/\/longchangchemical.com\/product\/246-trimethylbenzoyl-chloride-cas-938-18-1\/#breadcrumb\"},\"inLanguage\":\"tr\",\"potentialAction\":[{\"@type\":\"ReadAction\",\"target\":[\"https:\/\/longchangchemical.com\/product\/246-trimethylbenzoyl-chloride-cas-938-18-1\/\"]}]},{\"@type\":\"ImageObject\",\"inLanguage\":\"tr\",\"@id\":\"https:\/\/longchangchemical.com\/product\/246-trimethylbenzoyl-chloride-cas-938-18-1\/#primaryimage\",\"url\":\"https:\/\/longchangchemical.com\/wp-content\/uploads\/2021\/01\/2-7.jpg\",\"contentUrl\":\"https:\/\/longchangchemical.com\/wp-content\/uploads\/2021\/01\/2-7.jpg\",\"width\":800,\"height\":800,\"caption\":\"2,4,6-trimethylbenzoyl chloride cas 938-18-1\"},{\"@type\":\"BreadcrumbList\",\"@id\":\"https:\/\/longchangchemical.com\/product\/246-trimethylbenzoyl-chloride-cas-938-18-1\/#breadcrumb\",\"itemListElement\":[{\"@type\":\"ListItem\",\"position\":1,\"name\":\"Home\",\"item\":\"https:\/\/longchangchemical.com\/\"},{\"@type\":\"ListItem\",\"position\":2,\"name\":\"Products Longchang\",\"item\":\"https:\/\/longchangchemical.com\/product\/\"},{\"@type\":\"ListItem\",\"position\":3,\"name\":\"2,4,6-trimethylbenzoyl chloride cas 938-18-1\"}]},{\"@type\":\"WebSite\",\"@id\":\"https:\/\/longchangchemical.com\/#website\",\"url\":\"https:\/\/longchangchemical.com\/\",\"name\":\"Longchang Chemical\",\"description\":\"China chemical manufacturer \uff06 supplier\",\"publisher\":{\"@id\":\"https:\/\/longchangchemical.com\/#organization\"},\"potentialAction\":[{\"@type\":\"SearchAction\",\"target\":{\"@type\":\"EntryPoint\",\"urlTemplate\":\"https:\/\/longchangchemical.com\/?s={search_term_string}\"},\"query-input\":{\"@type\":\"PropertyValueSpecification\",\"valueRequired\":true,\"valueName\":\"search_term_string\"}}],\"inLanguage\":\"tr\"},{\"@type\":\"Organization\",\"@id\":\"https:\/\/longchangchemical.com\/#organization\",\"name\":\"Longchang Chemical\",\"url\":\"https:\/\/longchangchemical.com\/\",\"logo\":{\"@type\":\"ImageObject\",\"inLanguage\":\"tr\",\"@id\":\"https:\/\/longchangchemical.com\/#\/schema\/logo\/image\/\",\"url\":\"https:\/\/longchangchemical.com\/wp-content\/uploads\/2020\/08\/cropped-longchang-logo.png\",\"contentUrl\":\"https:\/\/longchangchemical.com\/wp-content\/uploads\/2020\/08\/cropped-longchang-logo.png\",\"width\":512,\"height\":512,\"caption\":\"Longchang Chemical\"},\"image\":{\"@id\":\"https:\/\/longchangchemical.com\/#\/schema\/logo\/image\/\"}}]}<\/script>\n<!-- \/ Yoast SEO plugin. -->","yoast_head_json":{"title":"\u00c7in 2,4,6-Trimetilbenzoil Klor\u00fcr \u00dcreticisi CAS 938-18-1 - Longchang Chemical","description":"2,4,6-Trimetilbenzoil Klor\u00fcr, Longchang Chemical'\u0131n \u00f6nemli bir \u00fcr\u00fcn\u00fcd\u00fcr. En iyi fiyat\u0131 sa\u011fl\u0131yoruz ve en iyi kalite ve rekabet\u00e7i fiyatlarla bilinen \u00c7in'in \u00f6nde gelen \u00fcreticisi ve tedarik\u00e7isiyiz.","robots":{"index":"index","follow":"follow","max-snippet":"max-snippet:-1","max-image-preview":"max-image-preview:large","max-video-preview":"max-video-preview:-1"},"canonical":"https:\/\/longchangchemical.com\/tr\/product\/246-trimethylbenzoyl-chloride-cas-938-18-1\/","og_locale":"tr_TR","og_type":"article","og_title":"China 2,4,6-Trimethylbenzoyl Chloride Manufacturer CAS 938-18-1 - Longchang Chemical","og_description":"2,4,6-Trimethylbenzoyl Chloride is a key product of Longchang Chemical. We provide the best price and are the leading manufacturer and supplier in China, known for the best quality and competitive prices.","og_url":"https:\/\/longchangchemical.com\/tr\/product\/246-trimethylbenzoyl-chloride-cas-938-18-1\/","og_site_name":"Longchang Chemical","article_modified_time":"2025-12-17T03:50:08+00:00","og_image":[{"width":800,"height":800,"url":"https:\/\/longchangchemical.com\/wp-content\/uploads\/2021\/01\/2-7.jpg","type":"image\/jpeg"}],"twitter_card":"summary_large_image","schema":{"@context":"https:\/\/schema.org","@graph":[{"@type":"WebPage","@id":"https:\/\/longchangchemical.com\/product\/246-trimethylbenzoyl-chloride-cas-938-18-1\/","url":"https:\/\/longchangchemical.com\/product\/246-trimethylbenzoyl-chloride-cas-938-18-1\/","name":"\u00c7in 2,4,6-Trimetilbenzoil Klor\u00fcr \u00dcreticisi CAS 938-18-1 - Longchang Chemical","isPartOf":{"@id":"https:\/\/longchangchemical.com\/#website"},"primaryImageOfPage":{"@id":"https:\/\/longchangchemical.com\/product\/246-trimethylbenzoyl-chloride-cas-938-18-1\/#primaryimage"},"image":{"@id":"https:\/\/longchangchemical.com\/product\/246-trimethylbenzoyl-chloride-cas-938-18-1\/#primaryimage"},"thumbnailUrl":"https:\/\/longchangchemical.com\/wp-content\/uploads\/2021\/01\/2-7.jpg","datePublished":"2024-01-18T06:50:43+00:00","dateModified":"2025-12-17T03:50:08+00:00","description":"2,4,6-Trimetilbenzoil Klor\u00fcr, Longchang Chemical'\u0131n \u00f6nemli bir \u00fcr\u00fcn\u00fcd\u00fcr. En iyi fiyat\u0131 sa\u011fl\u0131yoruz ve en iyi kalite ve rekabet\u00e7i fiyatlarla bilinen \u00c7in'in \u00f6nde gelen \u00fcreticisi ve tedarik\u00e7isiyiz.","breadcrumb":{"@id":"https:\/\/longchangchemical.com\/product\/246-trimethylbenzoyl-chloride-cas-938-18-1\/#breadcrumb"},"inLanguage":"tr","potentialAction":[{"@type":"ReadAction","target":["https:\/\/longchangchemical.com\/product\/246-trimethylbenzoyl-chloride-cas-938-18-1\/"]}]},{"@type":"ImageObject","inLanguage":"tr","@id":"https:\/\/longchangchemical.com\/product\/246-trimethylbenzoyl-chloride-cas-938-18-1\/#primaryimage","url":"https:\/\/longchangchemical.com\/wp-content\/uploads\/2021\/01\/2-7.jpg","contentUrl":"https:\/\/longchangchemical.com\/wp-content\/uploads\/2021\/01\/2-7.jpg","width":800,"height":800,"caption":"2,4,6-trimethylbenzoyl chloride cas 938-18-1"},{"@type":"BreadcrumbList","@id":"https:\/\/longchangchemical.com\/product\/246-trimethylbenzoyl-chloride-cas-938-18-1\/#breadcrumb","itemListElement":[{"@type":"ListItem","position":1,"name":"Home","item":"https:\/\/longchangchemical.com\/"},{"@type":"ListItem","position":2,"name":"Products Longchang","item":"https:\/\/longchangchemical.com\/product\/"},{"@type":"ListItem","position":3,"name":"2,4,6-trimethylbenzoyl chloride cas 938-18-1"}]},{"@type":"WebSite","@id":"https:\/\/longchangchemical.com\/#website","url":"https:\/\/longchangchemical.com\/","name":"Longchang Kimya","description":"\u00c7in kimyasal \u00fcreticisi \uff06 tedarik\u00e7isi","publisher":{"@id":"https:\/\/longchangchemical.com\/#organization"},"potentialAction":[{"@type":"SearchAction","target":{"@type":"EntryPoint","urlTemplate":"https:\/\/longchangchemical.com\/?s={search_term_string}"},"query-input":{"@type":"PropertyValueSpecification","valueRequired":true,"valueName":"search_term_string"}}],"inLanguage":"tr"},{"@type":"Organization","@id":"https:\/\/longchangchemical.com\/#organization","name":"Longchang Kimya","url":"https:\/\/longchangchemical.com\/","logo":{"@type":"ImageObject","inLanguage":"tr","@id":"https:\/\/longchangchemical.com\/#\/schema\/logo\/image\/","url":"https:\/\/longchangchemical.com\/wp-content\/uploads\/2020\/08\/cropped-longchang-logo.png","contentUrl":"https:\/\/longchangchemical.com\/wp-content\/uploads\/2020\/08\/cropped-longchang-logo.png","width":512,"height":512,"caption":"Longchang Chemical"},"image":{"@id":"https:\/\/longchangchemical.com\/#\/schema\/logo\/image\/"}}]}},"_links":{"self":[{"href":"https:\/\/longchangchemical.com\/tr\/wp-json\/wp\/v2\/product\/4194","targetHints":{"allow":["GET"]}}],"collection":[{"href":"https:\/\/longchangchemical.com\/tr\/wp-json\/wp\/v2\/product"}],"about":[{"href":"https:\/\/longchangchemical.com\/tr\/wp-json\/wp\/v2\/types\/product"}],"replies":[{"embeddable":true,"href":"https:\/\/longchangchemical.com\/tr\/wp-json\/wp\/v2\/comments?post=4194"}],"wp:featuredmedia":[{"embeddable":true,"href":"https:\/\/longchangchemical.com\/tr\/wp-json\/wp\/v2\/media\/6523"}],"wp:attachment":[{"href":"https:\/\/longchangchemical.com\/tr\/wp-json\/wp\/v2\/media?parent=4194"}],"wp:term":[{"taxonomy":"product_brand","embeddable":true,"href":"https:\/\/longchangchemical.com\/tr\/wp-json\/wp\/v2\/product_brand?post=4194"},{"taxonomy":"product_cat","embeddable":true,"href":"https:\/\/longchangchemical.com\/tr\/wp-json\/wp\/v2\/product_cat?post=4194"},{"taxonomy":"product_tag","embeddable":true,"href":"https:\/\/longchangchemical.com\/tr\/wp-json\/wp\/v2\/product_tag?post=4194"}],"curies":[{"name":"wp","href":"https:\/\/api.w.org\/{rel}","templated":true}]}}