{"id":4192,"date":"2024-01-18T07:04:22","date_gmt":"2024-01-18T07:04:22","guid":{"rendered":"https:\/\/longchangchemical.com\/?post_type=product&#038;p=4192"},"modified":"2025-12-17T03:39:27","modified_gmt":"2025-12-17T03:39:27","slug":"vanillin-cas-121-33-5","status":"publish","type":"product","link":"https:\/\/longchangchemical.com\/tr\/product\/vanillin-cas-121-33-5\/","title":{"rendered":"vanilin cas 121-33-5"},"content":{"rendered":"<h2><strong>Vanilin Tipik \u00d6zellikleri<\/strong><\/h2>\n<table class=\"table-1\" cellspacing=\"0\">\n<tbody>\n<tr>\n<td>\u00d6\u011fe<\/td>\n<td>Teknik \u00d6zellikler<\/td>\n<\/tr>\n<tr>\n<td>\u00d6zellikler<\/td>\n<td>BeyazdanA\u00e7\u0131kSar\u0131Kristale<\/td>\n<\/tr>\n<tr>\n<td>Koku<\/td>\n<td>Vanilyan\u0131n \u00f6zellikleri<\/td>\n<\/tr>\n<tr>\n<td>\u00c7\u00f6z\u00fcn\u00fcrl\u00fck<\/td>\n<td>1g vanilin 100ml suda, 3ml 70% veya 2ml 95% etanolde 25\u00b0C'de, 20ml gliserolde, 20ml suda 80\u00b0C'de \u00e7\u00f6z\u00fcn\u00fcr kloroformda, eterde \u00e7\u00f6z\u00fcn\u00fcr<\/td>\n<\/tr>\n<tr>\n<td>Erime noktas\u0131<\/td>\n<td>81.0-83.0\u2103<\/td>\n<\/tr>\n<tr>\n<td>Safl\u0131k (GC'ye g\u00f6re)<\/td>\n<td>\u226599.50%<\/td>\n<\/tr>\n<tr>\n<td>Kurutma kayb\u0131<\/td>\n<td>\u22640,5%<\/td>\n<\/tr>\n<tr>\n<td>Arsenik (as )<\/td>\n<td>\u22640.0003%<\/td>\n<\/tr>\n<tr>\n<td>A\u011f\u0131r metal (pb'ye g\u00f6re)<\/td>\n<td>\u22640,001%<\/td>\n<\/tr>\n<tr>\n<td>Ate\u015fleme \u00fczerinde kal\u0131nt\u0131<\/td>\n<td>\u22640,05%<\/td>\n<\/tr>\n<\/tbody>\n<\/table>\n<h2><strong>Vanilin Kullan\u0131m\u0131<\/strong><\/h2>\n<p>G\u0131da aromas\u0131, g\u00fcnl\u00fck aroma ve farmas\u00f6tik ara \u00fcr\u00fcnler olarak kullan\u0131l\u0131r.<\/p>\n<ol>\n<li><strong>G\u0131da End\u00fcstrisi:<\/strong> CAS numaras\u0131 121-33-5 olan vanilin, g\u0131da end\u00fcstrisinde tatland\u0131r\u0131c\u0131 olarak yayg\u0131n bir \u015fekilde kullan\u0131lmaktad\u0131r. Unlu mamuller, \u015fekerlemeler, i\u00e7ecekler ve s\u00fct \u00fcr\u00fcnleri dahil olmak \u00fczere \u00e7e\u015fitli g\u0131da \u00fcr\u00fcnlerine tatl\u0131 ve ho\u015f vanilya benzeri bir tat ve aroma verir.<\/li>\n<li><strong>Parf\u00fcmeri ve Koku:<\/strong> Bu bile\u015fik parf\u00fcmeri ve koku end\u00fcstrisinde de\u011ferli bir bile\u015fendir. \u00c7ok \u00e7e\u015fitli parf\u00fcmlere, kolonyalara ve ki\u015fisel bak\u0131m \u00fcr\u00fcnlerine vanilya notalar\u0131 katmak ve geli\u015ftirmek i\u00e7in kullan\u0131l\u0131r.<\/li>\n<li><strong>\u0130la\u00e7lar:<\/strong> Vanilin, ila\u00e7 end\u00fcstrisinde t\u0131bbi form\u00fclasyonlar i\u00e7in bir aroma maddesi olarak uygulama alan\u0131 bulmaktad\u0131r. Baz\u0131 ila\u00e7lar\u0131n tad\u0131n\u0131 maskelemek ve farmas\u00f6tik \u00fcr\u00fcnlerin genel lezzetini art\u0131rmak i\u00e7in kullan\u0131l\u0131r.<\/li>\n<li><strong>Kimyasal Sentez:<\/strong> Aroma maddesi olarak rol\u00fcne ek olarak vanilin, \u00e7e\u015fitli t\u00fcrevlerin \u00fcretimi i\u00e7in kimyasal sentezde ve di\u011fer bile\u015fiklerin sentezi i\u00e7in bir ba\u015flang\u0131\u00e7 malzemesi olarak kullan\u0131l\u0131r.<\/li>\n<\/ol>\n<h2><strong>Vanilin Paketleme ve Nakliye<\/strong><\/h2>\n<p>Ambalaj: 25kg\/tambur<\/p>\n<h2><strong>Vanilin Depolama<\/strong><\/h2>\n<p>Kuru, serin, iyi havaland\u0131r\u0131lan bir yerde saklanmak \u00fczere m\u00fch\u00fcrlenmeli ve g\u00f6lgelendirilmelidir.<\/p>","protected":false},"excerpt":{"rendered":"<h2><strong>Vanilin Detaylar\u0131<\/strong><\/h2>\n<p>Kimyasal Ad\u0131:Vanilin<\/p>\n<p>CAS No.:121-33-5<\/p>\n<p>Molek\u00fcler Form\u00fcl: C8H8O3<\/p>\n<p>Molek\u00fcler A\u011f\u0131rl\u0131k: 152,15<\/p>\n<p>Molek\u00fcler Yap\u0131:<img decoding=\"async\" title=\"Vanilinin Yap\u0131s\u0131\" src=\"https:\/\/www.longchangchemical.com\/wp-content\/uploads\/product-details\/20200611155215.png\" alt=\"Vanilinin Yap\u0131s\u0131\" width=\"190\" height=\"137\" border=\"0\" vspace=\"0\" \/><\/p>\n<p>G\u00f6r\u00fcn\u00fc\u015f: Beyaz ila A\u00e7\u0131k Sar\u0131 Kristal<\/p>","protected":false},"featured_media":6525,"comment_status":"open","ping_status":"closed","template":"","meta":[],"product_brand":[],"product_cat":[69],"product_tag":[],"class_list":{"0":"post-4192","1":"product","2":"type-product","3":"status-publish","4":"has-post-thumbnail","6":"product_cat-catalysts-chemical-auxiliary-agents","8":"first","9":"instock","10":"shipping-taxable","11":"product-type-simple"},"yoast_head":"<!-- This site is optimized with the Yoast SEO plugin v25.3.1 - https:\/\/yoast.com\/wordpress\/plugins\/seo\/ -->\n<title>China Vanillin Manufacturer CAS 121-33-5 - Longchang Chemical<\/title>\n<meta name=\"description\" content=\"Vanillin is a key product of Longchang Chemical. We provide the best price and are the leading manufacturer and supplier in China, known for the best quality and competitive prices.\" \/>\n<meta name=\"robots\" content=\"index, follow, max-snippet:-1, max-image-preview:large, max-video-preview:-1\" \/>\n<link rel=\"canonical\" href=\"https:\/\/longchangchemical.com\/tr\/product\/vanillin-cas-121-33-5\/\" \/>\n<meta property=\"og:locale\" content=\"tr_TR\" \/>\n<meta property=\"og:type\" content=\"article\" \/>\n<meta property=\"og:title\" content=\"China Vanillin Manufacturer CAS 121-33-5 - Longchang Chemical\" \/>\n<meta property=\"og:description\" content=\"Vanillin is a key product of Longchang Chemical. We provide the best price and are the leading manufacturer and supplier in China, known for the best quality and competitive prices.\" \/>\n<meta property=\"og:url\" content=\"https:\/\/longchangchemical.com\/tr\/product\/vanillin-cas-121-33-5\/\" \/>\n<meta property=\"og:site_name\" content=\"Longchang Chemical\" \/>\n<meta property=\"article:modified_time\" content=\"2025-12-17T03:39:27+00:00\" \/>\n<meta property=\"og:image\" content=\"https:\/\/longchangchemical.com\/wp-content\/uploads\/2024\/01\/1-2.jpg\" \/>\n\t<meta property=\"og:image:width\" content=\"800\" \/>\n\t<meta property=\"og:image:height\" content=\"800\" \/>\n\t<meta property=\"og:image:type\" content=\"image\/jpeg\" \/>\n<meta name=\"twitter:card\" content=\"summary_large_image\" \/>\n<script type=\"application\/ld+json\" class=\"yoast-schema-graph\">{\"@context\":\"https:\/\/schema.org\",\"@graph\":[{\"@type\":\"WebPage\",\"@id\":\"https:\/\/longchangchemical.com\/product\/vanillin-cas-121-33-5\/\",\"url\":\"https:\/\/longchangchemical.com\/product\/vanillin-cas-121-33-5\/\",\"name\":\"China Vanillin Manufacturer CAS 121-33-5 - Longchang Chemical\",\"isPartOf\":{\"@id\":\"https:\/\/longchangchemical.com\/#website\"},\"primaryImageOfPage\":{\"@id\":\"https:\/\/longchangchemical.com\/product\/vanillin-cas-121-33-5\/#primaryimage\"},\"image\":{\"@id\":\"https:\/\/longchangchemical.com\/product\/vanillin-cas-121-33-5\/#primaryimage\"},\"thumbnailUrl\":\"https:\/\/longchangchemical.com\/wp-content\/uploads\/2024\/01\/1-2.jpg\",\"datePublished\":\"2024-01-18T07:04:22+00:00\",\"dateModified\":\"2025-12-17T03:39:27+00:00\",\"description\":\"Vanillin is a key product of Longchang Chemical. We provide the best price and are the leading manufacturer and supplier in China, known for the best quality and competitive prices.\",\"breadcrumb\":{\"@id\":\"https:\/\/longchangchemical.com\/product\/vanillin-cas-121-33-5\/#breadcrumb\"},\"inLanguage\":\"tr\",\"potentialAction\":[{\"@type\":\"ReadAction\",\"target\":[\"https:\/\/longchangchemical.com\/product\/vanillin-cas-121-33-5\/\"]}]},{\"@type\":\"ImageObject\",\"inLanguage\":\"tr\",\"@id\":\"https:\/\/longchangchemical.com\/product\/vanillin-cas-121-33-5\/#primaryimage\",\"url\":\"https:\/\/longchangchemical.com\/wp-content\/uploads\/2024\/01\/1-2.jpg\",\"contentUrl\":\"https:\/\/longchangchemical.com\/wp-content\/uploads\/2024\/01\/1-2.jpg\",\"width\":800,\"height\":800,\"caption\":\"vanillin cas 121-33-5\"},{\"@type\":\"BreadcrumbList\",\"@id\":\"https:\/\/longchangchemical.com\/product\/vanillin-cas-121-33-5\/#breadcrumb\",\"itemListElement\":[{\"@type\":\"ListItem\",\"position\":1,\"name\":\"Home\",\"item\":\"https:\/\/longchangchemical.com\/\"},{\"@type\":\"ListItem\",\"position\":2,\"name\":\"Products Longchang\",\"item\":\"https:\/\/longchangchemical.com\/product\/\"},{\"@type\":\"ListItem\",\"position\":3,\"name\":\"vanillin cas 121-33-5\"}]},{\"@type\":\"WebSite\",\"@id\":\"https:\/\/longchangchemical.com\/#website\",\"url\":\"https:\/\/longchangchemical.com\/\",\"name\":\"Longchang Chemical\",\"description\":\"China chemical manufacturer \uff06 supplier\",\"publisher\":{\"@id\":\"https:\/\/longchangchemical.com\/#organization\"},\"potentialAction\":[{\"@type\":\"SearchAction\",\"target\":{\"@type\":\"EntryPoint\",\"urlTemplate\":\"https:\/\/longchangchemical.com\/?s={search_term_string}\"},\"query-input\":{\"@type\":\"PropertyValueSpecification\",\"valueRequired\":true,\"valueName\":\"search_term_string\"}}],\"inLanguage\":\"tr\"},{\"@type\":\"Organization\",\"@id\":\"https:\/\/longchangchemical.com\/#organization\",\"name\":\"Longchang Chemical\",\"url\":\"https:\/\/longchangchemical.com\/\",\"logo\":{\"@type\":\"ImageObject\",\"inLanguage\":\"tr\",\"@id\":\"https:\/\/longchangchemical.com\/#\/schema\/logo\/image\/\",\"url\":\"https:\/\/longchangchemical.com\/wp-content\/uploads\/2020\/08\/cropped-longchang-logo.png\",\"contentUrl\":\"https:\/\/longchangchemical.com\/wp-content\/uploads\/2020\/08\/cropped-longchang-logo.png\",\"width\":512,\"height\":512,\"caption\":\"Longchang Chemical\"},\"image\":{\"@id\":\"https:\/\/longchangchemical.com\/#\/schema\/logo\/image\/\"}}]}<\/script>\n<!-- \/ Yoast SEO plugin. -->","yoast_head_json":{"title":"\u00c7in Vanilin \u00dcreticisi CAS 121-33-5 - Longchang Chemical","description":"Vanilin, Longchang Chemical'\u0131n \u00f6nemli bir \u00fcr\u00fcn\u00fcd\u00fcr. En iyi fiyat\u0131 sa\u011fl\u0131yoruz ve en iyi kalite ve rekabet\u00e7i fiyatlarla bilinen \u00c7in'in \u00f6nde gelen \u00fcreticisi ve tedarik\u00e7isiyiz.","robots":{"index":"index","follow":"follow","max-snippet":"max-snippet:-1","max-image-preview":"max-image-preview:large","max-video-preview":"max-video-preview:-1"},"canonical":"https:\/\/longchangchemical.com\/tr\/product\/vanillin-cas-121-33-5\/","og_locale":"tr_TR","og_type":"article","og_title":"China Vanillin Manufacturer CAS 121-33-5 - Longchang Chemical","og_description":"Vanillin is a key product of Longchang Chemical. We provide the best price and are the leading manufacturer and supplier in China, known for the best quality and competitive prices.","og_url":"https:\/\/longchangchemical.com\/tr\/product\/vanillin-cas-121-33-5\/","og_site_name":"Longchang Chemical","article_modified_time":"2025-12-17T03:39:27+00:00","og_image":[{"width":800,"height":800,"url":"https:\/\/longchangchemical.com\/wp-content\/uploads\/2024\/01\/1-2.jpg","type":"image\/jpeg"}],"twitter_card":"summary_large_image","schema":{"@context":"https:\/\/schema.org","@graph":[{"@type":"WebPage","@id":"https:\/\/longchangchemical.com\/product\/vanillin-cas-121-33-5\/","url":"https:\/\/longchangchemical.com\/product\/vanillin-cas-121-33-5\/","name":"\u00c7in Vanilin \u00dcreticisi CAS 121-33-5 - Longchang Chemical","isPartOf":{"@id":"https:\/\/longchangchemical.com\/#website"},"primaryImageOfPage":{"@id":"https:\/\/longchangchemical.com\/product\/vanillin-cas-121-33-5\/#primaryimage"},"image":{"@id":"https:\/\/longchangchemical.com\/product\/vanillin-cas-121-33-5\/#primaryimage"},"thumbnailUrl":"https:\/\/longchangchemical.com\/wp-content\/uploads\/2024\/01\/1-2.jpg","datePublished":"2024-01-18T07:04:22+00:00","dateModified":"2025-12-17T03:39:27+00:00","description":"Vanilin, Longchang Chemical'\u0131n \u00f6nemli bir \u00fcr\u00fcn\u00fcd\u00fcr. En iyi fiyat\u0131 sa\u011fl\u0131yoruz ve en iyi kalite ve rekabet\u00e7i fiyatlarla bilinen \u00c7in'in \u00f6nde gelen \u00fcreticisi ve tedarik\u00e7isiyiz.","breadcrumb":{"@id":"https:\/\/longchangchemical.com\/product\/vanillin-cas-121-33-5\/#breadcrumb"},"inLanguage":"tr","potentialAction":[{"@type":"ReadAction","target":["https:\/\/longchangchemical.com\/product\/vanillin-cas-121-33-5\/"]}]},{"@type":"ImageObject","inLanguage":"tr","@id":"https:\/\/longchangchemical.com\/product\/vanillin-cas-121-33-5\/#primaryimage","url":"https:\/\/longchangchemical.com\/wp-content\/uploads\/2024\/01\/1-2.jpg","contentUrl":"https:\/\/longchangchemical.com\/wp-content\/uploads\/2024\/01\/1-2.jpg","width":800,"height":800,"caption":"vanillin cas 121-33-5"},{"@type":"BreadcrumbList","@id":"https:\/\/longchangchemical.com\/product\/vanillin-cas-121-33-5\/#breadcrumb","itemListElement":[{"@type":"ListItem","position":1,"name":"Home","item":"https:\/\/longchangchemical.com\/"},{"@type":"ListItem","position":2,"name":"Products Longchang","item":"https:\/\/longchangchemical.com\/product\/"},{"@type":"ListItem","position":3,"name":"vanillin cas 121-33-5"}]},{"@type":"WebSite","@id":"https:\/\/longchangchemical.com\/#website","url":"https:\/\/longchangchemical.com\/","name":"Longchang Kimya","description":"\u00c7in kimyasal \u00fcreticisi \uff06 tedarik\u00e7isi","publisher":{"@id":"https:\/\/longchangchemical.com\/#organization"},"potentialAction":[{"@type":"SearchAction","target":{"@type":"EntryPoint","urlTemplate":"https:\/\/longchangchemical.com\/?s={search_term_string}"},"query-input":{"@type":"PropertyValueSpecification","valueRequired":true,"valueName":"search_term_string"}}],"inLanguage":"tr"},{"@type":"Organization","@id":"https:\/\/longchangchemical.com\/#organization","name":"Longchang Kimya","url":"https:\/\/longchangchemical.com\/","logo":{"@type":"ImageObject","inLanguage":"tr","@id":"https:\/\/longchangchemical.com\/#\/schema\/logo\/image\/","url":"https:\/\/longchangchemical.com\/wp-content\/uploads\/2020\/08\/cropped-longchang-logo.png","contentUrl":"https:\/\/longchangchemical.com\/wp-content\/uploads\/2020\/08\/cropped-longchang-logo.png","width":512,"height":512,"caption":"Longchang Chemical"},"image":{"@id":"https:\/\/longchangchemical.com\/#\/schema\/logo\/image\/"}}]}},"_links":{"self":[{"href":"https:\/\/longchangchemical.com\/tr\/wp-json\/wp\/v2\/product\/4192","targetHints":{"allow":["GET"]}}],"collection":[{"href":"https:\/\/longchangchemical.com\/tr\/wp-json\/wp\/v2\/product"}],"about":[{"href":"https:\/\/longchangchemical.com\/tr\/wp-json\/wp\/v2\/types\/product"}],"replies":[{"embeddable":true,"href":"https:\/\/longchangchemical.com\/tr\/wp-json\/wp\/v2\/comments?post=4192"}],"wp:featuredmedia":[{"embeddable":true,"href":"https:\/\/longchangchemical.com\/tr\/wp-json\/wp\/v2\/media\/6525"}],"wp:attachment":[{"href":"https:\/\/longchangchemical.com\/tr\/wp-json\/wp\/v2\/media?parent=4192"}],"wp:term":[{"taxonomy":"product_brand","embeddable":true,"href":"https:\/\/longchangchemical.com\/tr\/wp-json\/wp\/v2\/product_brand?post=4192"},{"taxonomy":"product_cat","embeddable":true,"href":"https:\/\/longchangchemical.com\/tr\/wp-json\/wp\/v2\/product_cat?post=4192"},{"taxonomy":"product_tag","embeddable":true,"href":"https:\/\/longchangchemical.com\/tr\/wp-json\/wp\/v2\/product_tag?post=4192"}],"curies":[{"name":"wp","href":"https:\/\/api.w.org\/{rel}","templated":true}]}}