{"id":4190,"date":"2024-01-18T08:15:23","date_gmt":"2024-01-18T08:15:23","guid":{"rendered":"https:\/\/longchangchemical.com\/?post_type=product&#038;p=4190"},"modified":"2025-12-17T03:26:32","modified_gmt":"2025-12-17T03:26:32","slug":"dl-thioctic-acid-cas-1077-28-7","status":"publish","type":"product","link":"https:\/\/longchangchemical.com\/tr\/product\/dl-thioctic-acid-cas-1077-28-7\/","title":{"rendered":"dl-tiyoktik asit cas 1077-28-7"},"content":{"rendered":"<h2><strong>DL-Tiyoktik asit Tipik \u00d6zellikler<\/strong><\/h2>\n<table class=\"table-1\" cellspacing=\"0\">\n<tbody>\n<tr>\n<td>\u00d6\u011fe<\/td>\n<td>Teknik \u00d6zellikler<\/td>\n<\/tr>\n<tr>\n<td>G\u00f6r\u00fcn\u00fc\u015f<\/td>\n<td>sar\u0131 kristal toz, yabanc\u0131 madde yok, belirgin koku yok<\/td>\n<\/tr>\n<tr>\n<td>Erime Noktas\u0131<\/td>\n<td>60.0\uff5e62.0\u2103<\/td>\n<\/tr>\n<tr>\n<td>Spesifik Optik Rotasyon<\/td>\n<td>-1.0\u00b0\uff5e 1.0\u00b0<\/td>\n<\/tr>\n<tr>\n<td>Kuru Kay\u0131p<\/td>\n<td>\u22640,2%<\/td>\n<\/tr>\n<tr>\n<td>Ate\u015fleme \u00dczerinde Kal\u0131nt\u0131<\/td>\n<td>\u22640,1%<\/td>\n<\/tr>\n<tr>\n<td>A\u011f\u0131r Metal<\/td>\n<td>\u226410ppm<\/td>\n<\/tr>\n<tr>\n<td>Tahlil Belirleme<\/td>\n<td>99.0%\uff5e101.0% (kuruma bazl\u0131)<\/td>\n<\/tr>\n<tr>\n<td>\u0130lgili Madde<\/td>\n<td>tek safs\u0131zl\u0131k\u22640.1%, toplam safs\u0131zl\u0131k\u22642.0%<\/td>\n<\/tr>\n<tr>\n<td>Sonu\u00e7<\/td>\n<td>Sonu\u00e7lar Kurumsal standartlarla uyumludur<\/td>\n<\/tr>\n<\/tbody>\n<\/table>\n<h2><strong>DL-Tiyoktik asit Kullan\u0131m\u0131<\/strong><\/h2>\n<p>DL-Thioctic asit, diyabetik n\u00f6ropati komplikasyon ilac\u0131 ve besin takviyesi i\u00e7in yayg\u0131n olarak kullan\u0131lmaktad\u0131r.<\/p>\n<ol>\n<li><strong>Besin Takviyeleri:<\/strong> CAS numaras\u0131 1077-28-7 olan DL-Tiyoktik Asit, yayg\u0131n olarak bir besin takviyesi olarak kullan\u0131l\u0131r. Antioksidan \u00f6zellikleri ile bilinir ve genellikle genel sa\u011fl\u0131k ve refah\u0131 desteklemek i\u00e7in beslenme form\u00fclasyonlar\u0131na dahil edilir.<\/li>\n<li><strong>Antioksidan Uygulamalar\u0131:<\/strong> Bu bile\u015fik, kozmetik ve cilt bak\u0131m\u0131 dahil olmak \u00fczere \u00e7e\u015fitli end\u00fcstrilerde antioksidan olarak hizmet eder. Cildin ve di\u011fer malzemelerin oksidatif hasardan korunmas\u0131na yard\u0131mc\u0131 olarak \u00fcr\u00fcnlerin stabilitesine ve uzun \u00f6m\u00fcrl\u00fcl\u00fc\u011f\u00fcne katk\u0131da bulunur.<\/li>\n<li><strong>\u0130la\u00e7lar:<\/strong> DL-Tiyoktik Asit, potansiyel terap\u00f6tik etkileri nedeniyle ila\u00e7 end\u00fcstrisinde uygulama alan\u0131 bulmaktad\u0131r. Oksidatif stres ve inflamasyon ile ilgili durumlar\u0131n ele al\u0131nmas\u0131ndaki rol\u00fc i\u00e7in \u00e7al\u0131\u015f\u0131lmaktad\u0131r.<\/li>\n<li><strong>Fonksiyonel G\u0131dalar:<\/strong> Diyet takviyelerine ek olarak, DL-Tiyoktik Asit fonksiyonel g\u0131dalar\u0131n \u00fcretiminde kullan\u0131l\u0131r. Antioksidan \u00f6zellikleri onu sa\u011fl\u0131\u011f\u0131 geli\u015ftirmeyi ve oksidatif hasar\u0131 \u00f6nlemeyi ama\u00e7layan \u00fcr\u00fcnlerde faydal\u0131 bir bile\u015fen haline getirmektedir.<\/li>\n<\/ol>\n<h2><strong>DL-Tiyoktik asit Paketleme ve Nakliye<\/strong><\/h2>\n<p>Ambalaj:25kg\/davul<\/p>\n<p>Teslimat: deniz yoluyla \/ hava yoluyla<\/p>\n<h2><strong>DL-Tiyoktik asitDepolama<\/strong><\/h2>\n<p>Bu \u00fcr\u00fcn serin, kuru ve kapal\u0131 bir kapta veya tankta saklanmal\u0131 ve \u0131\u015f\u0131ktan uzak tutulmal\u0131d\u0131r. Depo d\u00fczenli olarak temizlenmeli, havaland\u0131r\u0131lmal\u0131 ve denetlenmeli, d\u00fc\u015f\u00fck s\u0131cakl\u0131kta ve kuru olmal\u0131d\u0131r.<\/p>\n<h2><strong><b>\u015eimdi Bize Ula\u015f\u0131n!<\/b><\/strong><\/h2>\n<h4><strong><b>COA, MSDS veya TDS'ye ihtiyac\u0131n\u0131z varsa, l\u00fctfen a\u015fa\u011f\u0131daki forma ileti\u015fim bilgilerinizi girin, genellikle 24 saat i\u00e7inde sizinle ileti\u015fime ge\u00e7ece\u011fiz. Bana e-posta da g\u00f6nderebilirsiniz <span style=\"color: #0000ff;\"><a style=\"color: #0000ff;\" href=\"mailto:info@longchangchemical.com\">info@longchangchemical.com<\/a><\/span> \u00c7al\u0131\u015fma saatleri i\u00e7inde (8:30 - 6:00 UTC+8 Pzt.~Sat.) veya h\u0131zl\u0131 yan\u0131t almak i\u00e7in web sitesi canl\u0131 sohbetini kullan\u0131n.<\/b><\/strong><\/h4>","protected":false},"excerpt":{"rendered":"<h2><strong>DL-Tiyoktik asit H\u0131zl\u0131 Ayr\u0131nt\u0131lar<\/strong><\/h2>\n<p>Kimyasal Ad\u0131: DL-Tiyoktik asit<\/p>\n<p>CAS No: 1077-28-7<\/p>\n<p>Molek\u00fcler Fom\u00fcl: C8H14O2S2<\/p>\n<p>Kimyasal Yap\u0131:<img decoding=\"async\" title=\"DL-Tiyoktik asit Yap\u0131s\u0131\" src=\"https:\/\/www.longchangchemical.com\/wp-content\/uploads\/product-details\/20200612064511.png\" alt=\"DL-Tiyoktik asit Yap\u0131s\u0131\" width=\"297\" height=\"63\" border=\"0\" vspace=\"0\" \/><\/p>\n<p>Molek\u00fcl a\u011f\u0131rl\u0131\u011f\u0131: 206,33<\/p>\n<p>G\u00f6r\u00fcn\u00fc\u015f: sar\u0131 kristal toz, yabanc\u0131 madde yok, belirgin koku yok<\/p>\n<p>Tahlil: 99%<\/p>","protected":false},"featured_media":6529,"comment_status":"open","ping_status":"closed","template":"","meta":[],"product_brand":[],"product_cat":[69],"product_tag":[],"class_list":{"0":"post-4190","1":"product","2":"type-product","3":"status-publish","4":"has-post-thumbnail","6":"product_cat-catalysts-chemical-auxiliary-agents","8":"first","9":"instock","10":"shipping-taxable","11":"product-type-simple"},"yoast_head":"<!-- This site is optimized with the Yoast SEO plugin v25.3.1 - https:\/\/yoast.com\/wordpress\/plugins\/seo\/ -->\n<title>China DL-Thioctic Acid Manufacturer CAS 1077-28-7 - Longchang Chemical<\/title>\n<meta name=\"description\" content=\"DL-Thioctic Acid is a key product of Longchang Chemical. We provide the best price and are the leading manufacturer and supplier in China, known for the best quality and competitive prices.\" \/>\n<meta name=\"robots\" content=\"index, follow, max-snippet:-1, max-image-preview:large, max-video-preview:-1\" \/>\n<link rel=\"canonical\" href=\"https:\/\/longchangchemical.com\/tr\/product\/dl-thioctic-acid-cas-1077-28-7\/\" \/>\n<meta property=\"og:locale\" content=\"tr_TR\" \/>\n<meta property=\"og:type\" content=\"article\" \/>\n<meta property=\"og:title\" content=\"China DL-Thioctic Acid Manufacturer CAS 1077-28-7 - Longchang Chemical\" \/>\n<meta property=\"og:description\" content=\"DL-Thioctic Acid is a key product of Longchang Chemical. We provide the best price and are the leading manufacturer and supplier in China, known for the best quality and competitive prices.\" \/>\n<meta property=\"og:url\" content=\"https:\/\/longchangchemical.com\/tr\/product\/dl-thioctic-acid-cas-1077-28-7\/\" \/>\n<meta property=\"og:site_name\" content=\"Longchang Chemical\" \/>\n<meta property=\"article:modified_time\" content=\"2025-12-17T03:26:32+00:00\" \/>\n<meta property=\"og:image\" content=\"https:\/\/longchangchemical.com\/wp-content\/uploads\/2021\/01\/7-7.jpg\" \/>\n\t<meta property=\"og:image:width\" content=\"800\" \/>\n\t<meta property=\"og:image:height\" content=\"800\" \/>\n\t<meta property=\"og:image:type\" content=\"image\/jpeg\" \/>\n<meta name=\"twitter:card\" content=\"summary_large_image\" \/>\n<script type=\"application\/ld+json\" class=\"yoast-schema-graph\">{\"@context\":\"https:\/\/schema.org\",\"@graph\":[{\"@type\":\"WebPage\",\"@id\":\"https:\/\/longchangchemical.com\/product\/dl-thioctic-acid-cas-1077-28-7\/\",\"url\":\"https:\/\/longchangchemical.com\/product\/dl-thioctic-acid-cas-1077-28-7\/\",\"name\":\"China DL-Thioctic Acid Manufacturer CAS 1077-28-7 - Longchang Chemical\",\"isPartOf\":{\"@id\":\"https:\/\/longchangchemical.com\/#website\"},\"primaryImageOfPage\":{\"@id\":\"https:\/\/longchangchemical.com\/product\/dl-thioctic-acid-cas-1077-28-7\/#primaryimage\"},\"image\":{\"@id\":\"https:\/\/longchangchemical.com\/product\/dl-thioctic-acid-cas-1077-28-7\/#primaryimage\"},\"thumbnailUrl\":\"https:\/\/longchangchemical.com\/wp-content\/uploads\/2021\/01\/7-7.jpg\",\"datePublished\":\"2024-01-18T08:15:23+00:00\",\"dateModified\":\"2025-12-17T03:26:32+00:00\",\"description\":\"DL-Thioctic Acid is a key product of Longchang Chemical. We provide the best price and are the leading manufacturer and supplier in China, known for the best quality and competitive prices.\",\"breadcrumb\":{\"@id\":\"https:\/\/longchangchemical.com\/product\/dl-thioctic-acid-cas-1077-28-7\/#breadcrumb\"},\"inLanguage\":\"tr\",\"potentialAction\":[{\"@type\":\"ReadAction\",\"target\":[\"https:\/\/longchangchemical.com\/product\/dl-thioctic-acid-cas-1077-28-7\/\"]}]},{\"@type\":\"ImageObject\",\"inLanguage\":\"tr\",\"@id\":\"https:\/\/longchangchemical.com\/product\/dl-thioctic-acid-cas-1077-28-7\/#primaryimage\",\"url\":\"https:\/\/longchangchemical.com\/wp-content\/uploads\/2021\/01\/7-7.jpg\",\"contentUrl\":\"https:\/\/longchangchemical.com\/wp-content\/uploads\/2021\/01\/7-7.jpg\",\"width\":800,\"height\":800,\"caption\":\"dl-thioctic acid cas 1077-28-7\"},{\"@type\":\"BreadcrumbList\",\"@id\":\"https:\/\/longchangchemical.com\/product\/dl-thioctic-acid-cas-1077-28-7\/#breadcrumb\",\"itemListElement\":[{\"@type\":\"ListItem\",\"position\":1,\"name\":\"Home\",\"item\":\"https:\/\/longchangchemical.com\/\"},{\"@type\":\"ListItem\",\"position\":2,\"name\":\"Products Longchang\",\"item\":\"https:\/\/longchangchemical.com\/product\/\"},{\"@type\":\"ListItem\",\"position\":3,\"name\":\"dl-thioctic acid cas 1077-28-7\"}]},{\"@type\":\"WebSite\",\"@id\":\"https:\/\/longchangchemical.com\/#website\",\"url\":\"https:\/\/longchangchemical.com\/\",\"name\":\"Longchang Chemical\",\"description\":\"China chemical manufacturer \uff06 supplier\",\"publisher\":{\"@id\":\"https:\/\/longchangchemical.com\/#organization\"},\"potentialAction\":[{\"@type\":\"SearchAction\",\"target\":{\"@type\":\"EntryPoint\",\"urlTemplate\":\"https:\/\/longchangchemical.com\/?s={search_term_string}\"},\"query-input\":{\"@type\":\"PropertyValueSpecification\",\"valueRequired\":true,\"valueName\":\"search_term_string\"}}],\"inLanguage\":\"tr\"},{\"@type\":\"Organization\",\"@id\":\"https:\/\/longchangchemical.com\/#organization\",\"name\":\"Longchang Chemical\",\"url\":\"https:\/\/longchangchemical.com\/\",\"logo\":{\"@type\":\"ImageObject\",\"inLanguage\":\"tr\",\"@id\":\"https:\/\/longchangchemical.com\/#\/schema\/logo\/image\/\",\"url\":\"https:\/\/longchangchemical.com\/wp-content\/uploads\/2020\/08\/cropped-longchang-logo.png\",\"contentUrl\":\"https:\/\/longchangchemical.com\/wp-content\/uploads\/2020\/08\/cropped-longchang-logo.png\",\"width\":512,\"height\":512,\"caption\":\"Longchang Chemical\"},\"image\":{\"@id\":\"https:\/\/longchangchemical.com\/#\/schema\/logo\/image\/\"}}]}<\/script>\n<!-- \/ Yoast SEO plugin. -->","yoast_head_json":{"title":"\u00c7in DL-Tiyoktik Asit \u00dcreticisi CAS 1077-28-7 - Longchang Chemical","description":"DL-Thioctic Acid, Longchang Chemical'\u0131n \u00f6nemli bir \u00fcr\u00fcn\u00fcd\u00fcr. En iyi fiyat\u0131 sa\u011fl\u0131yoruz ve en iyi kalite ve rekabet\u00e7i fiyatlarla bilinen \u00c7in'in \u00f6nde gelen \u00fcreticisi ve tedarik\u00e7isiyiz.","robots":{"index":"index","follow":"follow","max-snippet":"max-snippet:-1","max-image-preview":"max-image-preview:large","max-video-preview":"max-video-preview:-1"},"canonical":"https:\/\/longchangchemical.com\/tr\/product\/dl-thioctic-acid-cas-1077-28-7\/","og_locale":"tr_TR","og_type":"article","og_title":"China DL-Thioctic Acid Manufacturer CAS 1077-28-7 - Longchang Chemical","og_description":"DL-Thioctic Acid is a key product of Longchang Chemical. We provide the best price and are the leading manufacturer and supplier in China, known for the best quality and competitive prices.","og_url":"https:\/\/longchangchemical.com\/tr\/product\/dl-thioctic-acid-cas-1077-28-7\/","og_site_name":"Longchang Chemical","article_modified_time":"2025-12-17T03:26:32+00:00","og_image":[{"width":800,"height":800,"url":"https:\/\/longchangchemical.com\/wp-content\/uploads\/2021\/01\/7-7.jpg","type":"image\/jpeg"}],"twitter_card":"summary_large_image","schema":{"@context":"https:\/\/schema.org","@graph":[{"@type":"WebPage","@id":"https:\/\/longchangchemical.com\/product\/dl-thioctic-acid-cas-1077-28-7\/","url":"https:\/\/longchangchemical.com\/product\/dl-thioctic-acid-cas-1077-28-7\/","name":"\u00c7in DL-Tiyoktik Asit \u00dcreticisi CAS 1077-28-7 - Longchang Chemical","isPartOf":{"@id":"https:\/\/longchangchemical.com\/#website"},"primaryImageOfPage":{"@id":"https:\/\/longchangchemical.com\/product\/dl-thioctic-acid-cas-1077-28-7\/#primaryimage"},"image":{"@id":"https:\/\/longchangchemical.com\/product\/dl-thioctic-acid-cas-1077-28-7\/#primaryimage"},"thumbnailUrl":"https:\/\/longchangchemical.com\/wp-content\/uploads\/2021\/01\/7-7.jpg","datePublished":"2024-01-18T08:15:23+00:00","dateModified":"2025-12-17T03:26:32+00:00","description":"DL-Thioctic Acid, Longchang Chemical'\u0131n \u00f6nemli bir \u00fcr\u00fcn\u00fcd\u00fcr. En iyi fiyat\u0131 sa\u011fl\u0131yoruz ve en iyi kalite ve rekabet\u00e7i fiyatlarla bilinen \u00c7in'in \u00f6nde gelen \u00fcreticisi ve tedarik\u00e7isiyiz.","breadcrumb":{"@id":"https:\/\/longchangchemical.com\/product\/dl-thioctic-acid-cas-1077-28-7\/#breadcrumb"},"inLanguage":"tr","potentialAction":[{"@type":"ReadAction","target":["https:\/\/longchangchemical.com\/product\/dl-thioctic-acid-cas-1077-28-7\/"]}]},{"@type":"ImageObject","inLanguage":"tr","@id":"https:\/\/longchangchemical.com\/product\/dl-thioctic-acid-cas-1077-28-7\/#primaryimage","url":"https:\/\/longchangchemical.com\/wp-content\/uploads\/2021\/01\/7-7.jpg","contentUrl":"https:\/\/longchangchemical.com\/wp-content\/uploads\/2021\/01\/7-7.jpg","width":800,"height":800,"caption":"dl-thioctic acid cas 1077-28-7"},{"@type":"BreadcrumbList","@id":"https:\/\/longchangchemical.com\/product\/dl-thioctic-acid-cas-1077-28-7\/#breadcrumb","itemListElement":[{"@type":"ListItem","position":1,"name":"Home","item":"https:\/\/longchangchemical.com\/"},{"@type":"ListItem","position":2,"name":"Products Longchang","item":"https:\/\/longchangchemical.com\/product\/"},{"@type":"ListItem","position":3,"name":"dl-thioctic acid cas 1077-28-7"}]},{"@type":"WebSite","@id":"https:\/\/longchangchemical.com\/#website","url":"https:\/\/longchangchemical.com\/","name":"Longchang Kimya","description":"\u00c7in kimyasal \u00fcreticisi \uff06 tedarik\u00e7isi","publisher":{"@id":"https:\/\/longchangchemical.com\/#organization"},"potentialAction":[{"@type":"SearchAction","target":{"@type":"EntryPoint","urlTemplate":"https:\/\/longchangchemical.com\/?s={search_term_string}"},"query-input":{"@type":"PropertyValueSpecification","valueRequired":true,"valueName":"search_term_string"}}],"inLanguage":"tr"},{"@type":"Organization","@id":"https:\/\/longchangchemical.com\/#organization","name":"Longchang Kimya","url":"https:\/\/longchangchemical.com\/","logo":{"@type":"ImageObject","inLanguage":"tr","@id":"https:\/\/longchangchemical.com\/#\/schema\/logo\/image\/","url":"https:\/\/longchangchemical.com\/wp-content\/uploads\/2020\/08\/cropped-longchang-logo.png","contentUrl":"https:\/\/longchangchemical.com\/wp-content\/uploads\/2020\/08\/cropped-longchang-logo.png","width":512,"height":512,"caption":"Longchang Chemical"},"image":{"@id":"https:\/\/longchangchemical.com\/#\/schema\/logo\/image\/"}}]}},"_links":{"self":[{"href":"https:\/\/longchangchemical.com\/tr\/wp-json\/wp\/v2\/product\/4190","targetHints":{"allow":["GET"]}}],"collection":[{"href":"https:\/\/longchangchemical.com\/tr\/wp-json\/wp\/v2\/product"}],"about":[{"href":"https:\/\/longchangchemical.com\/tr\/wp-json\/wp\/v2\/types\/product"}],"replies":[{"embeddable":true,"href":"https:\/\/longchangchemical.com\/tr\/wp-json\/wp\/v2\/comments?post=4190"}],"wp:featuredmedia":[{"embeddable":true,"href":"https:\/\/longchangchemical.com\/tr\/wp-json\/wp\/v2\/media\/6529"}],"wp:attachment":[{"href":"https:\/\/longchangchemical.com\/tr\/wp-json\/wp\/v2\/media?parent=4190"}],"wp:term":[{"taxonomy":"product_brand","embeddable":true,"href":"https:\/\/longchangchemical.com\/tr\/wp-json\/wp\/v2\/product_brand?post=4190"},{"taxonomy":"product_cat","embeddable":true,"href":"https:\/\/longchangchemical.com\/tr\/wp-json\/wp\/v2\/product_cat?post=4190"},{"taxonomy":"product_tag","embeddable":true,"href":"https:\/\/longchangchemical.com\/tr\/wp-json\/wp\/v2\/product_tag?post=4190"}],"curies":[{"name":"wp","href":"https:\/\/api.w.org\/{rel}","templated":true}]}}