{"id":4188,"date":"2024-01-18T08:29:37","date_gmt":"2024-01-18T08:29:37","guid":{"rendered":"https:\/\/longchangchemical.com\/?post_type=product&#038;p=4188"},"modified":"2025-12-17T03:18:14","modified_gmt":"2025-12-17T03:18:14","slug":"salicylic-acid-cas-69-72-7","status":"publish","type":"product","link":"https:\/\/longchangchemical.com\/tr\/product\/salicylic-acid-cas-69-72-7\/","title":{"rendered":"Salisilik asit CAS 69-72-7"},"content":{"rendered":"<h2><strong>Salisilik asit Tipik \u00d6zellikler<\/strong><\/h2>\n<table class=\"table-1\" cellspacing=\"0\">\n<tbody>\n<tr>\n<td>\u00d6\u011fe<\/td>\n<td>Dizin<\/td>\n<\/tr>\n<tr>\n<td>G\u00f6r\u00fcn\u00fc\u015f<\/td>\n<td>S\u0131\u011f pembe ila kahverengi kristal toz<\/td>\n<\/tr>\n<tr>\n<td>Tahlil<\/td>\n<td>99%min<\/td>\n<\/tr>\n<tr>\n<td>Bir erken erime noktas\u0131 \u2103<\/td>\n<td>\u2265156.0<\/td>\n<\/tr>\n<tr>\n<td>Fenol<\/td>\n<td>\u22640.20%<\/td>\n<\/tr>\n<tr>\n<td>Spesifikasyon olarak<\/td>\n<td>\u22640,30%<\/td>\n<\/tr>\n<\/tbody>\n<\/table>\n<h2><strong>Salisilik asit Kullan\u0131m\u0131<\/strong><\/h2>\n<p>\u0130la\u00e7 end\u00fcstrisi antipiretik, analjezik, anti-inflamatuar, di\u00fcretik ve di\u011fer ila\u00e7lar\u0131n yap\u0131m\u0131nda, boya end\u00fcstrisi ise azo direkt boyalar ve asit mordan boyalar\u0131n yan\u0131 s\u0131ra baharatlar\u0131n yap\u0131m\u0131nda kullan\u0131l\u0131r.<\/p>\n<p>Esas olarak aspirin ilac\u0131 ve amin tiyofosfor gibi pestisit \u00fcr\u00fcnlerinin hammaddesi olarak kullan\u0131l\u0131r ve ayr\u0131ca boya end\u00fcstrisinde ve rafine kimyasal reaktifte de kullan\u0131labilir.<\/p>\n<ol>\n<li><strong>\u0130la\u00e7lar:<\/strong> CAS numaras\u0131 69-72-7 olan Salisilik Asit, ila\u00e7 end\u00fcstrisinde temel bir bile\u015fendir. Cilt rahats\u0131zl\u0131klar\u0131 i\u00e7in topikal tedaviler ve oral analjezikler dahil olmak \u00fczere \u00e7e\u015fitli ila\u00e7lar\u0131n \u00fcretiminde yayg\u0131n olarak kullan\u0131lmaktad\u0131r.<\/li>\n<li><strong>Kozmetik ve Cilt Bak\u0131m\u0131:<\/strong> Bu bile\u015fik, peeling \u00f6zellikleri nedeniyle kozmetik ve cilt bak\u0131m \u00fcr\u00fcnlerinde uygulama alan\u0131 bulur. Cildin yenilenmesini te\u015fvik etmek i\u00e7in genellikle y\u00fcz temizleyicileri ve akne tedavileri gibi form\u00fclasyonlara dahil edilir.<\/li>\n<li><strong>Koruyucular:<\/strong> Salisilik Asit baz\u0131 kozmetik ve ki\u015fisel bak\u0131m \u00fcr\u00fcnlerinde koruyucu olarak kullan\u0131l\u0131r. Antimikrobiyal \u00f6zellikleri, bakteri ve mantar \u00fcremesinin \u00f6nlenmesine katk\u0131da bulunarak \u00fcr\u00fcnlerin raf \u00f6mr\u00fcn\u00fc uzat\u0131r.<\/li>\n<li><strong>Kimyasal peeling:<\/strong> Dermatoloji ve kozmetik prosed\u00fcrlerde, Salisilik Asit kimyasal peelinglerde cildi pul pul d\u00f6kmek i\u00e7in kullan\u0131l\u0131r. \u00d6l\u00fc deri h\u00fccrelerinin at\u0131lmas\u0131na yard\u0131mc\u0131 olarak daha p\u00fcr\u00fczs\u00fcz ve berrak bir cildi destekler.<\/li>\n<\/ol>\n<h2><strong>Salisilik asitPaketleme ve Nakliye<\/strong><\/h2>\n<p>Ambalaj: 25kg\/\u00e7anta<\/p>\n<p>Teslimat: deniz, hava ve kurye ile<\/p>\n<h2><strong>Salisilik asit Depolama<\/strong><\/h2>\n<p>Depoda d\u00fc\u015f\u00fck s\u0131cakl\u0131kta havaland\u0131rma ve kurutma<\/p>","protected":false},"excerpt":{"rendered":"<h2><strong>Salisilik asit H\u0131zl\u0131 Ayr\u0131nt\u0131lar<\/strong><\/h2>\n<p>Kimyasal Ad\u0131: Salisilik asit<\/p>\n<p>CAS No: 69-72-7<\/p>\n<p>Molek\u00fcler Fom\u00fcl:C7H6O3<\/p>\n<p>Molek\u00fcl a\u011f\u0131rl\u0131\u011f\u0131: 138.12<\/p>\n<p>Kimyasal Yap\u0131:<img decoding=\"async\" title=\"Salisilik asit Yap\u0131s\u0131\" src=\"https:\/\/www.longchangchemical.com\/wp-content\/uploads\/product-details\/20200612214004.png\" alt=\"Salisilik asit Yap\u0131s\u0131\" width=\"148\" height=\"109\" border=\"0\" vspace=\"0\" \/><\/p>\n<p>G\u00f6r\u00fcn\u00fc\u015f: Beyaz veya kirli beyaz toz<\/p>\n<p>Tahlil: 98%<\/p>","protected":false},"featured_media":6531,"comment_status":"open","ping_status":"closed","template":"","meta":[],"product_brand":[],"product_cat":[69],"product_tag":[],"class_list":{"0":"post-4188","1":"product","2":"type-product","3":"status-publish","4":"has-post-thumbnail","6":"product_cat-catalysts-chemical-auxiliary-agents","8":"first","9":"instock","10":"shipping-taxable","11":"product-type-simple"},"yoast_head":"<!-- This site is optimized with the Yoast SEO plugin v25.3.1 - https:\/\/yoast.com\/wordpress\/plugins\/seo\/ -->\n<title>China Salicylic Acid Manufacturer CAS 69-72-7 - Longchang Chemical<\/title>\n<meta name=\"description\" content=\"Salicylic Acid is a key product of Longchang Chemical. We provide the best price and are the leading manufacturer and supplier in China, known for the best quality and competitive prices.\" \/>\n<meta name=\"robots\" content=\"index, follow, max-snippet:-1, max-image-preview:large, max-video-preview:-1\" \/>\n<link rel=\"canonical\" href=\"https:\/\/longchangchemical.com\/tr\/product\/salicylic-acid-cas-69-72-7\/\" \/>\n<meta property=\"og:locale\" content=\"tr_TR\" \/>\n<meta property=\"og:type\" content=\"article\" \/>\n<meta property=\"og:title\" content=\"China Salicylic Acid Manufacturer CAS 69-72-7 - Longchang Chemical\" \/>\n<meta property=\"og:description\" content=\"Salicylic Acid is a key product of Longchang Chemical. We provide the best price and are the leading manufacturer and supplier in China, known for the best quality and competitive prices.\" \/>\n<meta property=\"og:url\" content=\"https:\/\/longchangchemical.com\/tr\/product\/salicylic-acid-cas-69-72-7\/\" \/>\n<meta property=\"og:site_name\" content=\"Longchang Chemical\" \/>\n<meta property=\"article:modified_time\" content=\"2025-12-17T03:18:14+00:00\" \/>\n<meta property=\"og:image\" content=\"https:\/\/longchangchemical.com\/wp-content\/uploads\/2024\/01\/3.jpg\" \/>\n\t<meta property=\"og:image:width\" content=\"800\" \/>\n\t<meta property=\"og:image:height\" content=\"800\" \/>\n\t<meta property=\"og:image:type\" content=\"image\/jpeg\" \/>\n<meta name=\"twitter:card\" content=\"summary_large_image\" \/>\n<script type=\"application\/ld+json\" class=\"yoast-schema-graph\">{\"@context\":\"https:\/\/schema.org\",\"@graph\":[{\"@type\":\"WebPage\",\"@id\":\"https:\/\/longchangchemical.com\/product\/salicylic-acid-cas-69-72-7\/\",\"url\":\"https:\/\/longchangchemical.com\/product\/salicylic-acid-cas-69-72-7\/\",\"name\":\"China Salicylic Acid Manufacturer CAS 69-72-7 - Longchang Chemical\",\"isPartOf\":{\"@id\":\"https:\/\/longchangchemical.com\/#website\"},\"primaryImageOfPage\":{\"@id\":\"https:\/\/longchangchemical.com\/product\/salicylic-acid-cas-69-72-7\/#primaryimage\"},\"image\":{\"@id\":\"https:\/\/longchangchemical.com\/product\/salicylic-acid-cas-69-72-7\/#primaryimage\"},\"thumbnailUrl\":\"https:\/\/longchangchemical.com\/wp-content\/uploads\/2024\/01\/3.jpg\",\"datePublished\":\"2024-01-18T08:29:37+00:00\",\"dateModified\":\"2025-12-17T03:18:14+00:00\",\"description\":\"Salicylic Acid is a key product of Longchang Chemical. We provide the best price and are the leading manufacturer and supplier in China, known for the best quality and competitive prices.\",\"breadcrumb\":{\"@id\":\"https:\/\/longchangchemical.com\/product\/salicylic-acid-cas-69-72-7\/#breadcrumb\"},\"inLanguage\":\"tr\",\"potentialAction\":[{\"@type\":\"ReadAction\",\"target\":[\"https:\/\/longchangchemical.com\/product\/salicylic-acid-cas-69-72-7\/\"]}]},{\"@type\":\"ImageObject\",\"inLanguage\":\"tr\",\"@id\":\"https:\/\/longchangchemical.com\/product\/salicylic-acid-cas-69-72-7\/#primaryimage\",\"url\":\"https:\/\/longchangchemical.com\/wp-content\/uploads\/2024\/01\/3.jpg\",\"contentUrl\":\"https:\/\/longchangchemical.com\/wp-content\/uploads\/2024\/01\/3.jpg\",\"width\":800,\"height\":800,\"caption\":\"Salicylic acid CAS 69-72-7\"},{\"@type\":\"BreadcrumbList\",\"@id\":\"https:\/\/longchangchemical.com\/product\/salicylic-acid-cas-69-72-7\/#breadcrumb\",\"itemListElement\":[{\"@type\":\"ListItem\",\"position\":1,\"name\":\"Home\",\"item\":\"https:\/\/longchangchemical.com\/\"},{\"@type\":\"ListItem\",\"position\":2,\"name\":\"Products Longchang\",\"item\":\"https:\/\/longchangchemical.com\/product\/\"},{\"@type\":\"ListItem\",\"position\":3,\"name\":\"Salicylic acid CAS 69-72-7\"}]},{\"@type\":\"WebSite\",\"@id\":\"https:\/\/longchangchemical.com\/#website\",\"url\":\"https:\/\/longchangchemical.com\/\",\"name\":\"Longchang Chemical\",\"description\":\"China chemical manufacturer \uff06 supplier\",\"publisher\":{\"@id\":\"https:\/\/longchangchemical.com\/#organization\"},\"potentialAction\":[{\"@type\":\"SearchAction\",\"target\":{\"@type\":\"EntryPoint\",\"urlTemplate\":\"https:\/\/longchangchemical.com\/?s={search_term_string}\"},\"query-input\":{\"@type\":\"PropertyValueSpecification\",\"valueRequired\":true,\"valueName\":\"search_term_string\"}}],\"inLanguage\":\"tr\"},{\"@type\":\"Organization\",\"@id\":\"https:\/\/longchangchemical.com\/#organization\",\"name\":\"Longchang Chemical\",\"url\":\"https:\/\/longchangchemical.com\/\",\"logo\":{\"@type\":\"ImageObject\",\"inLanguage\":\"tr\",\"@id\":\"https:\/\/longchangchemical.com\/#\/schema\/logo\/image\/\",\"url\":\"https:\/\/longchangchemical.com\/wp-content\/uploads\/2020\/08\/cropped-longchang-logo.png\",\"contentUrl\":\"https:\/\/longchangchemical.com\/wp-content\/uploads\/2020\/08\/cropped-longchang-logo.png\",\"width\":512,\"height\":512,\"caption\":\"Longchang Chemical\"},\"image\":{\"@id\":\"https:\/\/longchangchemical.com\/#\/schema\/logo\/image\/\"}}]}<\/script>\n<!-- \/ Yoast SEO plugin. -->","yoast_head_json":{"title":"\u00c7in Salisilik Asit \u00dcreticisi CAS 69-72-7 - Longchang Chemical","description":"Salisilik Asit, Longchang Chemical'\u0131n \u00f6nemli bir \u00fcr\u00fcn\u00fcd\u00fcr. En iyi fiyat\u0131 sa\u011fl\u0131yoruz ve en iyi kalite ve rekabet\u00e7i fiyatlarla bilinen \u00c7in'in \u00f6nde gelen \u00fcreticisi ve tedarik\u00e7isiyiz.","robots":{"index":"index","follow":"follow","max-snippet":"max-snippet:-1","max-image-preview":"max-image-preview:large","max-video-preview":"max-video-preview:-1"},"canonical":"https:\/\/longchangchemical.com\/tr\/product\/salicylic-acid-cas-69-72-7\/","og_locale":"tr_TR","og_type":"article","og_title":"China Salicylic Acid Manufacturer CAS 69-72-7 - Longchang Chemical","og_description":"Salicylic Acid is a key product of Longchang Chemical. We provide the best price and are the leading manufacturer and supplier in China, known for the best quality and competitive prices.","og_url":"https:\/\/longchangchemical.com\/tr\/product\/salicylic-acid-cas-69-72-7\/","og_site_name":"Longchang Chemical","article_modified_time":"2025-12-17T03:18:14+00:00","og_image":[{"width":800,"height":800,"url":"https:\/\/longchangchemical.com\/wp-content\/uploads\/2024\/01\/3.jpg","type":"image\/jpeg"}],"twitter_card":"summary_large_image","schema":{"@context":"https:\/\/schema.org","@graph":[{"@type":"WebPage","@id":"https:\/\/longchangchemical.com\/product\/salicylic-acid-cas-69-72-7\/","url":"https:\/\/longchangchemical.com\/product\/salicylic-acid-cas-69-72-7\/","name":"\u00c7in Salisilik Asit \u00dcreticisi CAS 69-72-7 - Longchang Chemical","isPartOf":{"@id":"https:\/\/longchangchemical.com\/#website"},"primaryImageOfPage":{"@id":"https:\/\/longchangchemical.com\/product\/salicylic-acid-cas-69-72-7\/#primaryimage"},"image":{"@id":"https:\/\/longchangchemical.com\/product\/salicylic-acid-cas-69-72-7\/#primaryimage"},"thumbnailUrl":"https:\/\/longchangchemical.com\/wp-content\/uploads\/2024\/01\/3.jpg","datePublished":"2024-01-18T08:29:37+00:00","dateModified":"2025-12-17T03:18:14+00:00","description":"Salisilik Asit, Longchang Chemical'\u0131n \u00f6nemli bir \u00fcr\u00fcn\u00fcd\u00fcr. En iyi fiyat\u0131 sa\u011fl\u0131yoruz ve en iyi kalite ve rekabet\u00e7i fiyatlarla bilinen \u00c7in'in \u00f6nde gelen \u00fcreticisi ve tedarik\u00e7isiyiz.","breadcrumb":{"@id":"https:\/\/longchangchemical.com\/product\/salicylic-acid-cas-69-72-7\/#breadcrumb"},"inLanguage":"tr","potentialAction":[{"@type":"ReadAction","target":["https:\/\/longchangchemical.com\/product\/salicylic-acid-cas-69-72-7\/"]}]},{"@type":"ImageObject","inLanguage":"tr","@id":"https:\/\/longchangchemical.com\/product\/salicylic-acid-cas-69-72-7\/#primaryimage","url":"https:\/\/longchangchemical.com\/wp-content\/uploads\/2024\/01\/3.jpg","contentUrl":"https:\/\/longchangchemical.com\/wp-content\/uploads\/2024\/01\/3.jpg","width":800,"height":800,"caption":"Salicylic acid CAS 69-72-7"},{"@type":"BreadcrumbList","@id":"https:\/\/longchangchemical.com\/product\/salicylic-acid-cas-69-72-7\/#breadcrumb","itemListElement":[{"@type":"ListItem","position":1,"name":"Home","item":"https:\/\/longchangchemical.com\/"},{"@type":"ListItem","position":2,"name":"Products Longchang","item":"https:\/\/longchangchemical.com\/product\/"},{"@type":"ListItem","position":3,"name":"Salicylic acid CAS 69-72-7"}]},{"@type":"WebSite","@id":"https:\/\/longchangchemical.com\/#website","url":"https:\/\/longchangchemical.com\/","name":"Longchang Kimya","description":"\u00c7in kimyasal \u00fcreticisi \uff06 tedarik\u00e7isi","publisher":{"@id":"https:\/\/longchangchemical.com\/#organization"},"potentialAction":[{"@type":"SearchAction","target":{"@type":"EntryPoint","urlTemplate":"https:\/\/longchangchemical.com\/?s={search_term_string}"},"query-input":{"@type":"PropertyValueSpecification","valueRequired":true,"valueName":"search_term_string"}}],"inLanguage":"tr"},{"@type":"Organization","@id":"https:\/\/longchangchemical.com\/#organization","name":"Longchang Kimya","url":"https:\/\/longchangchemical.com\/","logo":{"@type":"ImageObject","inLanguage":"tr","@id":"https:\/\/longchangchemical.com\/#\/schema\/logo\/image\/","url":"https:\/\/longchangchemical.com\/wp-content\/uploads\/2020\/08\/cropped-longchang-logo.png","contentUrl":"https:\/\/longchangchemical.com\/wp-content\/uploads\/2020\/08\/cropped-longchang-logo.png","width":512,"height":512,"caption":"Longchang Chemical"},"image":{"@id":"https:\/\/longchangchemical.com\/#\/schema\/logo\/image\/"}}]}},"_links":{"self":[{"href":"https:\/\/longchangchemical.com\/tr\/wp-json\/wp\/v2\/product\/4188","targetHints":{"allow":["GET"]}}],"collection":[{"href":"https:\/\/longchangchemical.com\/tr\/wp-json\/wp\/v2\/product"}],"about":[{"href":"https:\/\/longchangchemical.com\/tr\/wp-json\/wp\/v2\/types\/product"}],"replies":[{"embeddable":true,"href":"https:\/\/longchangchemical.com\/tr\/wp-json\/wp\/v2\/comments?post=4188"}],"wp:featuredmedia":[{"embeddable":true,"href":"https:\/\/longchangchemical.com\/tr\/wp-json\/wp\/v2\/media\/6531"}],"wp:attachment":[{"href":"https:\/\/longchangchemical.com\/tr\/wp-json\/wp\/v2\/media?parent=4188"}],"wp:term":[{"taxonomy":"product_brand","embeddable":true,"href":"https:\/\/longchangchemical.com\/tr\/wp-json\/wp\/v2\/product_brand?post=4188"},{"taxonomy":"product_cat","embeddable":true,"href":"https:\/\/longchangchemical.com\/tr\/wp-json\/wp\/v2\/product_cat?post=4188"},{"taxonomy":"product_tag","embeddable":true,"href":"https:\/\/longchangchemical.com\/tr\/wp-json\/wp\/v2\/product_tag?post=4188"}],"curies":[{"name":"wp","href":"https:\/\/api.w.org\/{rel}","templated":true}]}}