{"id":4186,"date":"2024-01-18T08:33:53","date_gmt":"2024-01-18T08:33:53","guid":{"rendered":"https:\/\/longchangchemical.com\/?post_type=product&#038;p=4186"},"modified":"2025-12-17T03:14:08","modified_gmt":"2025-12-17T03:14:08","slug":"2-carboxyethyldimethylsulfonium-chloridedmpt-cas-4337-33-1","status":"publish","type":"product","link":"https:\/\/longchangchemical.com\/tr\/product\/2-carboxyethyldimethylsulfonium-chloridedmpt-cas-4337-33-1\/","title":{"rendered":"(2-karboksietil) dimetils\u00fclfOnyum klOr\u00fcr (dmpt) cas 4337-33-1"},"content":{"rendered":"<h2><strong>CAS 4337-33-1 (DMPT) Tipik \u00d6zellikler<\/strong><\/h2>\n<table class=\"table-1\" cellspacing=\"0\">\n<tbody>\n<tr>\n<td><strong>\u00d6\u011fe<\/strong><\/td>\n<td><strong>\u015eartname<\/strong><\/td>\n<\/tr>\n<tr>\n<td>G\u00f6r\u00fcn\u00fc\u015f<\/td>\n<td>Beyaz toz<\/td>\n<\/tr>\n<tr>\n<td>Tahlil<\/td>\n<td>\u226598 %<\/td>\n<\/tr>\n<tr>\n<td>Kurutma kayb\u0131<\/td>\n<td>\u22641.0%<\/td>\n<\/tr>\n<tr>\n<td>Ate\u015fleme \u00fczerinde kal\u0131nt\u0131<\/td>\n<td>\u22640,5%<\/td>\n<\/tr>\n<\/tbody>\n<\/table>\n<h2><strong>CAS 4337-33-1 (DMPT) Kullan\u0131m\u0131<\/strong><\/h2>\n<p>Su yemi cezbedici olarak kullan\u0131l\u0131r.<\/p>\n<ol>\n<li><strong>Akuak\u00fclt\u00fcr Katk\u0131s\u0131:<\/strong> CAS numaras\u0131 4337-33-1 (DMPT) olan (2-Karboksietil) dimetils\u00fclfonyum Klor\u00fcr, su \u00fcr\u00fcnleri yeti\u015ftiricili\u011finde yem katk\u0131 maddesi olarak yayg\u0131n bir \u015fekilde kullan\u0131lmaktad\u0131r. \u00c7e\u015fitli su t\u00fcrleri i\u00e7in yemlerin lezzetini art\u0131ran bir yem \u00e7ekici g\u00f6revi g\u00f6r\u00fcr.<\/li>\n<li><strong>Bal\u0131k Yeti\u015ftiricili\u011fi:<\/strong> Bu bile\u015fik \u00f6zellikle bal\u0131k yeti\u015ftiricili\u011finde faydal\u0131d\u0131r. DMPT, yem al\u0131m\u0131n\u0131 art\u0131rmak, i\u015ftah\u0131 te\u015fvik etmek ve \u00e7iftlik bal\u0131klar\u0131nda daha iyi b\u00fcy\u00fcme ve sa\u011fl\u0131\u011f\u0131 te\u015fvik etmek i\u00e7in bal\u0131k yemlerine eklenir.<\/li>\n<li><strong>Su Kalitesi Y\u00f6netimi:<\/strong> DMPT, akuak\u00fclt\u00fcr sistemlerinde su kalitesinin iyile\u015ftirilmesindeki rol\u00fcyle bilinir. Sudan zararl\u0131 gazlar\u0131n sal\u0131n\u0131m\u0131n\u0131 azaltmaya yard\u0131mc\u0131 olarak suda ya\u015fayan organizmalar i\u00e7in daha sa\u011fl\u0131kl\u0131 bir ortama katk\u0131da bulunur.<\/li>\n<li><strong>Ara\u015ft\u0131rma ve Geli\u015ftirme:<\/strong> Akuak\u00fclt\u00fcr ara\u015ft\u0131rma ve geli\u015ftirme alan\u0131nda, (2-Karboksietil)dimetils\u00fclfonyum Klor\u00fcr bal\u0131k performans\u0131, yem kullan\u0131m\u0131 ve genel akuak\u00fclt\u00fcr y\u00f6netimi \u00fczerindeki etkileri a\u00e7\u0131s\u0131ndan incelenmektedir.<\/li>\n<\/ol>\n<h2><strong>CAS 4337-33-1 (DMPT) Paketleme ve Nakliye<\/strong><\/h2>\n<p>Tambur ba\u015f\u0131na 25 kg.<\/p>\n<h2><strong>CAS 4337-33-1 (DMPT) Depolama<\/strong><\/h2>\n<p>Kuru ve serin bir yerde.<\/p>\n<h2><strong><b>\u015eimdi Bize Ula\u015f\u0131n!<\/b><\/strong><\/h2>\n<h4><strong><b>COA, MSDS veya TDS'ye ihtiyac\u0131n\u0131z varsa, l\u00fctfen a\u015fa\u011f\u0131daki forma ileti\u015fim bilgilerinizi girin, genellikle 24 saat i\u00e7inde sizinle ileti\u015fime ge\u00e7ece\u011fiz. Bana e-posta da g\u00f6nderebilirsiniz <span style=\"color: #0000ff;\"><a style=\"color: #0000ff;\" href=\"mailto:info@longchangchemical.com\">info@longchangchemical.com<\/a><\/span> \u00c7al\u0131\u015fma saatleri i\u00e7inde (8:30 - 6:00 UTC+8 Pzt.~Sat.) veya h\u0131zl\u0131 yan\u0131t almak i\u00e7in web sitesi canl\u0131 sohbetini kullan\u0131n.<\/b><\/strong><\/h4>","protected":false},"excerpt":{"rendered":"<h2><strong>CAS 4337-33-1 (DMPT) H\u0131zl\u0131 Ayr\u0131nt\u0131lar<\/strong><\/h2>\n<p>&nbsp;<\/p>\n<p>Kimyasal Ad\u0131: (2-KARBOKSIETIL)DIMETILS\u00dcLFONYUM KLOR\u00dcR \/DMPT<\/p>\n<p>CAS No: 4337-33-1<\/p>\n<p>Molek\u00fcler Fom\u00fcl: C5H11ClO2S<\/p>\n<p>Molek\u00fcler A\u011f\u0131rl\u0131k: 170,66<\/p>\n<p>Kimyasal Yap\u0131:<img decoding=\"async\" title=\"(2-KARBOXYETHYL)DIMETHYLSULFONIUM CHLORIDE(DMPT) Yap\u0131s\u0131\" src=\"https:\/\/www.longchangchemical.com\/wp-content\/uploads\/product-details\/20200612262690.png\" alt=\"(2-KARBOXYETHYL)DIMETHYLSULFONIUM CHLORIDE(DMPT) Yap\u0131s\u0131\" width=\"124\" height=\"57\" border=\"0\" vspace=\"0\" \/><\/p>\n<p>G\u00f6r\u00fcn\u00fcm: beyaz toz<\/p>\n<p>Tahlil: 98%<\/p>","protected":false},"featured_media":6533,"comment_status":"open","ping_status":"closed","template":"","meta":[],"product_brand":[],"product_cat":[69],"product_tag":[],"class_list":{"0":"post-4186","1":"product","2":"type-product","3":"status-publish","4":"has-post-thumbnail","6":"product_cat-catalysts-chemical-auxiliary-agents","8":"first","9":"instock","10":"shipping-taxable","11":"product-type-simple"},"yoast_head":"<!-- This site is optimized with the Yoast SEO plugin v25.3.1 - https:\/\/yoast.com\/wordpress\/plugins\/seo\/ -->\n<title>China (2-Carboxyethyl)dimethylsulfonium Chloride (DMPT) Manufacturer CAS 4337-33-1 - Longchang Chemical<\/title>\n<meta name=\"description\" content=\"(2-Carboxyethyl)dimethylsulfonium Chloride (DMPT) is a key product of Longchang Chemical. We provide the best price and are the leading manufacturer and supplier in China, known for the best quality and competitive prices.\" \/>\n<meta name=\"robots\" content=\"index, follow, max-snippet:-1, max-image-preview:large, max-video-preview:-1\" \/>\n<link rel=\"canonical\" href=\"https:\/\/longchangchemical.com\/tr\/product\/2-carboxyethyldimethylsulfonium-chloridedmpt-cas-4337-33-1\/\" \/>\n<meta property=\"og:locale\" content=\"tr_TR\" \/>\n<meta property=\"og:type\" content=\"article\" \/>\n<meta property=\"og:title\" content=\"China (2-Carboxyethyl)dimethylsulfonium Chloride (DMPT) Manufacturer CAS 4337-33-1 - Longchang Chemical\" \/>\n<meta property=\"og:description\" content=\"(2-Carboxyethyl)dimethylsulfonium Chloride (DMPT) is a key product of Longchang Chemical. We provide the best price and are the leading manufacturer and supplier in China, known for the best quality and competitive prices.\" \/>\n<meta property=\"og:url\" content=\"https:\/\/longchangchemical.com\/tr\/product\/2-carboxyethyldimethylsulfonium-chloridedmpt-cas-4337-33-1\/\" \/>\n<meta property=\"og:site_name\" content=\"Longchang Chemical\" \/>\n<meta property=\"article:modified_time\" content=\"2025-12-17T03:14:08+00:00\" \/>\n<meta property=\"og:image\" content=\"https:\/\/longchangchemical.com\/wp-content\/uploads\/2024\/01\/6.jpg\" \/>\n\t<meta property=\"og:image:width\" content=\"800\" \/>\n\t<meta property=\"og:image:height\" content=\"800\" \/>\n\t<meta property=\"og:image:type\" content=\"image\/jpeg\" \/>\n<meta name=\"twitter:card\" content=\"summary_large_image\" \/>\n<script type=\"application\/ld+json\" class=\"yoast-schema-graph\">{\"@context\":\"https:\/\/schema.org\",\"@graph\":[{\"@type\":\"WebPage\",\"@id\":\"https:\/\/longchangchemical.com\/product\/2-carboxyethyldimethylsulfonium-chloridedmpt-cas-4337-33-1\/\",\"url\":\"https:\/\/longchangchemical.com\/product\/2-carboxyethyldimethylsulfonium-chloridedmpt-cas-4337-33-1\/\",\"name\":\"China (2-Carboxyethyl)dimethylsulfonium Chloride (DMPT) Manufacturer CAS 4337-33-1 - Longchang Chemical\",\"isPartOf\":{\"@id\":\"https:\/\/longchangchemical.com\/#website\"},\"primaryImageOfPage\":{\"@id\":\"https:\/\/longchangchemical.com\/product\/2-carboxyethyldimethylsulfonium-chloridedmpt-cas-4337-33-1\/#primaryimage\"},\"image\":{\"@id\":\"https:\/\/longchangchemical.com\/product\/2-carboxyethyldimethylsulfonium-chloridedmpt-cas-4337-33-1\/#primaryimage\"},\"thumbnailUrl\":\"https:\/\/longchangchemical.com\/wp-content\/uploads\/2024\/01\/6.jpg\",\"datePublished\":\"2024-01-18T08:33:53+00:00\",\"dateModified\":\"2025-12-17T03:14:08+00:00\",\"description\":\"(2-Carboxyethyl)dimethylsulfonium Chloride (DMPT) is a key product of Longchang Chemical. We provide the best price and are the leading manufacturer and supplier in China, known for the best quality and competitive prices.\",\"breadcrumb\":{\"@id\":\"https:\/\/longchangchemical.com\/product\/2-carboxyethyldimethylsulfonium-chloridedmpt-cas-4337-33-1\/#breadcrumb\"},\"inLanguage\":\"tr\",\"potentialAction\":[{\"@type\":\"ReadAction\",\"target\":[\"https:\/\/longchangchemical.com\/product\/2-carboxyethyldimethylsulfonium-chloridedmpt-cas-4337-33-1\/\"]}]},{\"@type\":\"ImageObject\",\"inLanguage\":\"tr\",\"@id\":\"https:\/\/longchangchemical.com\/product\/2-carboxyethyldimethylsulfonium-chloridedmpt-cas-4337-33-1\/#primaryimage\",\"url\":\"https:\/\/longchangchemical.com\/wp-content\/uploads\/2024\/01\/6.jpg\",\"contentUrl\":\"https:\/\/longchangchemical.com\/wp-content\/uploads\/2024\/01\/6.jpg\",\"width\":800,\"height\":800,\"caption\":\"(2-carbOxyethyl)dimethylsulfOnium chlOride(dmpt) cas 4337-33-1\"},{\"@type\":\"BreadcrumbList\",\"@id\":\"https:\/\/longchangchemical.com\/product\/2-carboxyethyldimethylsulfonium-chloridedmpt-cas-4337-33-1\/#breadcrumb\",\"itemListElement\":[{\"@type\":\"ListItem\",\"position\":1,\"name\":\"Home\",\"item\":\"https:\/\/longchangchemical.com\/\"},{\"@type\":\"ListItem\",\"position\":2,\"name\":\"Products Longchang\",\"item\":\"https:\/\/longchangchemical.com\/product\/\"},{\"@type\":\"ListItem\",\"position\":3,\"name\":\"(2-carbOxyethyl)dimethylsulfOnium chlOride(dmpt) cas 4337-33-1\"}]},{\"@type\":\"WebSite\",\"@id\":\"https:\/\/longchangchemical.com\/#website\",\"url\":\"https:\/\/longchangchemical.com\/\",\"name\":\"Longchang Chemical\",\"description\":\"China chemical manufacturer \uff06 supplier\",\"publisher\":{\"@id\":\"https:\/\/longchangchemical.com\/#organization\"},\"potentialAction\":[{\"@type\":\"SearchAction\",\"target\":{\"@type\":\"EntryPoint\",\"urlTemplate\":\"https:\/\/longchangchemical.com\/?s={search_term_string}\"},\"query-input\":{\"@type\":\"PropertyValueSpecification\",\"valueRequired\":true,\"valueName\":\"search_term_string\"}}],\"inLanguage\":\"tr\"},{\"@type\":\"Organization\",\"@id\":\"https:\/\/longchangchemical.com\/#organization\",\"name\":\"Longchang Chemical\",\"url\":\"https:\/\/longchangchemical.com\/\",\"logo\":{\"@type\":\"ImageObject\",\"inLanguage\":\"tr\",\"@id\":\"https:\/\/longchangchemical.com\/#\/schema\/logo\/image\/\",\"url\":\"https:\/\/longchangchemical.com\/wp-content\/uploads\/2020\/08\/cropped-longchang-logo.png\",\"contentUrl\":\"https:\/\/longchangchemical.com\/wp-content\/uploads\/2020\/08\/cropped-longchang-logo.png\",\"width\":512,\"height\":512,\"caption\":\"Longchang Chemical\"},\"image\":{\"@id\":\"https:\/\/longchangchemical.com\/#\/schema\/logo\/image\/\"}}]}<\/script>\n<!-- \/ Yoast SEO plugin. -->","yoast_head_json":{"title":"\u00c7in (2-Karboksietil) dimetils\u00fclfonyum Klor\u00fcr (DMPT) \u00dcreticisi CAS 4337-33-1 - Longchang Chemical","description":"(2-Carboxyethyl)dimethylsulfonium Chloride (DMPT) Longchang Chemical'\u0131n \u00f6nemli bir \u00fcr\u00fcn\u00fcd\u00fcr. En iyi fiyat\u0131 sa\u011fl\u0131yoruz ve en iyi kalite ve rekabet\u00e7i fiyatlarla bilinen \u00c7in'in \u00f6nde gelen \u00fcreticisi ve tedarik\u00e7isiyiz.","robots":{"index":"index","follow":"follow","max-snippet":"max-snippet:-1","max-image-preview":"max-image-preview:large","max-video-preview":"max-video-preview:-1"},"canonical":"https:\/\/longchangchemical.com\/tr\/product\/2-carboxyethyldimethylsulfonium-chloridedmpt-cas-4337-33-1\/","og_locale":"tr_TR","og_type":"article","og_title":"China (2-Carboxyethyl)dimethylsulfonium Chloride (DMPT) Manufacturer CAS 4337-33-1 - Longchang Chemical","og_description":"(2-Carboxyethyl)dimethylsulfonium Chloride (DMPT) is a key product of Longchang Chemical. We provide the best price and are the leading manufacturer and supplier in China, known for the best quality and competitive prices.","og_url":"https:\/\/longchangchemical.com\/tr\/product\/2-carboxyethyldimethylsulfonium-chloridedmpt-cas-4337-33-1\/","og_site_name":"Longchang Chemical","article_modified_time":"2025-12-17T03:14:08+00:00","og_image":[{"width":800,"height":800,"url":"https:\/\/longchangchemical.com\/wp-content\/uploads\/2024\/01\/6.jpg","type":"image\/jpeg"}],"twitter_card":"summary_large_image","schema":{"@context":"https:\/\/schema.org","@graph":[{"@type":"WebPage","@id":"https:\/\/longchangchemical.com\/product\/2-carboxyethyldimethylsulfonium-chloridedmpt-cas-4337-33-1\/","url":"https:\/\/longchangchemical.com\/product\/2-carboxyethyldimethylsulfonium-chloridedmpt-cas-4337-33-1\/","name":"\u00c7in (2-Karboksietil) dimetils\u00fclfonyum Klor\u00fcr (DMPT) \u00dcreticisi CAS 4337-33-1 - Longchang Chemical","isPartOf":{"@id":"https:\/\/longchangchemical.com\/#website"},"primaryImageOfPage":{"@id":"https:\/\/longchangchemical.com\/product\/2-carboxyethyldimethylsulfonium-chloridedmpt-cas-4337-33-1\/#primaryimage"},"image":{"@id":"https:\/\/longchangchemical.com\/product\/2-carboxyethyldimethylsulfonium-chloridedmpt-cas-4337-33-1\/#primaryimage"},"thumbnailUrl":"https:\/\/longchangchemical.com\/wp-content\/uploads\/2024\/01\/6.jpg","datePublished":"2024-01-18T08:33:53+00:00","dateModified":"2025-12-17T03:14:08+00:00","description":"(2-Carboxyethyl)dimethylsulfonium Chloride (DMPT) Longchang Chemical'\u0131n \u00f6nemli bir \u00fcr\u00fcn\u00fcd\u00fcr. En iyi fiyat\u0131 sa\u011fl\u0131yoruz ve en iyi kalite ve rekabet\u00e7i fiyatlarla bilinen \u00c7in'in \u00f6nde gelen \u00fcreticisi ve tedarik\u00e7isiyiz.","breadcrumb":{"@id":"https:\/\/longchangchemical.com\/product\/2-carboxyethyldimethylsulfonium-chloridedmpt-cas-4337-33-1\/#breadcrumb"},"inLanguage":"tr","potentialAction":[{"@type":"ReadAction","target":["https:\/\/longchangchemical.com\/product\/2-carboxyethyldimethylsulfonium-chloridedmpt-cas-4337-33-1\/"]}]},{"@type":"ImageObject","inLanguage":"tr","@id":"https:\/\/longchangchemical.com\/product\/2-carboxyethyldimethylsulfonium-chloridedmpt-cas-4337-33-1\/#primaryimage","url":"https:\/\/longchangchemical.com\/wp-content\/uploads\/2024\/01\/6.jpg","contentUrl":"https:\/\/longchangchemical.com\/wp-content\/uploads\/2024\/01\/6.jpg","width":800,"height":800,"caption":"(2-carbOxyethyl)dimethylsulfOnium chlOride(dmpt) cas 4337-33-1"},{"@type":"BreadcrumbList","@id":"https:\/\/longchangchemical.com\/product\/2-carboxyethyldimethylsulfonium-chloridedmpt-cas-4337-33-1\/#breadcrumb","itemListElement":[{"@type":"ListItem","position":1,"name":"Home","item":"https:\/\/longchangchemical.com\/"},{"@type":"ListItem","position":2,"name":"Products Longchang","item":"https:\/\/longchangchemical.com\/product\/"},{"@type":"ListItem","position":3,"name":"(2-carbOxyethyl)dimethylsulfOnium chlOride(dmpt) cas 4337-33-1"}]},{"@type":"WebSite","@id":"https:\/\/longchangchemical.com\/#website","url":"https:\/\/longchangchemical.com\/","name":"Longchang Kimya","description":"\u00c7in kimyasal \u00fcreticisi \uff06 tedarik\u00e7isi","publisher":{"@id":"https:\/\/longchangchemical.com\/#organization"},"potentialAction":[{"@type":"SearchAction","target":{"@type":"EntryPoint","urlTemplate":"https:\/\/longchangchemical.com\/?s={search_term_string}"},"query-input":{"@type":"PropertyValueSpecification","valueRequired":true,"valueName":"search_term_string"}}],"inLanguage":"tr"},{"@type":"Organization","@id":"https:\/\/longchangchemical.com\/#organization","name":"Longchang Kimya","url":"https:\/\/longchangchemical.com\/","logo":{"@type":"ImageObject","inLanguage":"tr","@id":"https:\/\/longchangchemical.com\/#\/schema\/logo\/image\/","url":"https:\/\/longchangchemical.com\/wp-content\/uploads\/2020\/08\/cropped-longchang-logo.png","contentUrl":"https:\/\/longchangchemical.com\/wp-content\/uploads\/2020\/08\/cropped-longchang-logo.png","width":512,"height":512,"caption":"Longchang Chemical"},"image":{"@id":"https:\/\/longchangchemical.com\/#\/schema\/logo\/image\/"}}]}},"_links":{"self":[{"href":"https:\/\/longchangchemical.com\/tr\/wp-json\/wp\/v2\/product\/4186","targetHints":{"allow":["GET"]}}],"collection":[{"href":"https:\/\/longchangchemical.com\/tr\/wp-json\/wp\/v2\/product"}],"about":[{"href":"https:\/\/longchangchemical.com\/tr\/wp-json\/wp\/v2\/types\/product"}],"replies":[{"embeddable":true,"href":"https:\/\/longchangchemical.com\/tr\/wp-json\/wp\/v2\/comments?post=4186"}],"wp:featuredmedia":[{"embeddable":true,"href":"https:\/\/longchangchemical.com\/tr\/wp-json\/wp\/v2\/media\/6533"}],"wp:attachment":[{"href":"https:\/\/longchangchemical.com\/tr\/wp-json\/wp\/v2\/media?parent=4186"}],"wp:term":[{"taxonomy":"product_brand","embeddable":true,"href":"https:\/\/longchangchemical.com\/tr\/wp-json\/wp\/v2\/product_brand?post=4186"},{"taxonomy":"product_cat","embeddable":true,"href":"https:\/\/longchangchemical.com\/tr\/wp-json\/wp\/v2\/product_cat?post=4186"},{"taxonomy":"product_tag","embeddable":true,"href":"https:\/\/longchangchemical.com\/tr\/wp-json\/wp\/v2\/product_tag?post=4186"}],"curies":[{"name":"wp","href":"https:\/\/api.w.org\/{rel}","templated":true}]}}