{"id":4153,"date":"2021-04-30T07:11:58","date_gmt":"2021-04-30T07:11:58","guid":{"rendered":"https:\/\/longchangchemical.com\/?post_type=product&#038;p=4153"},"modified":"2025-12-22T08:52:31","modified_gmt":"2025-12-22T08:52:31","slug":"cas-359845-21-9","status":"publish","type":"product","link":"https:\/\/longchangchemical.com\/tr\/product\/cas-359845-21-9\/","title":{"rendered":"1-B\u00fctil-3-metilimidazolyumtetrakloroferrat CAS 359845-21-9"},"content":{"rendered":"<h1><strong>1-B\u00fctil-3-metilimidazolyumtetrakloroferrat CAS 359845-21-9<\/strong><\/h1>\n<table class=\"table-1\" cellspacing=\"0\">\n<tbody>\n<tr>\n<td>\n<h4>E\u015fyalar<\/h4>\n<\/td>\n<td>\n<h4>Teknik \u00d6zellikler<\/h4>\n<\/td>\n<\/tr>\n<tr>\n<td>\n<h4>G\u00f6r\u00fcn\u00fc\u015f<\/h4>\n<\/td>\n<td>\n<h4>Kahverengi s\u0131v\u0131<\/h4>\n<\/td>\n<\/tr>\n<tr>\n<td>\n<h4>Safl\u0131k<\/h4>\n<\/td>\n<td>\n<h4>\u226599%<\/h4>\n<\/td>\n<\/tr>\n<tr>\n<td>\n<h4>Erime Noktas\u0131<\/h4>\n<\/td>\n<td>\n<h4>-11\u2103<\/h4>\n<\/td>\n<\/tr>\n<tr>\n<td>\n<h4>Yo\u011funluk<\/h4>\n<\/td>\n<td>\n<h4>1,38 g\/cm3<\/h4>\n<\/td>\n<\/tr>\n<\/tbody>\n<\/table>\n<p>&nbsp;<\/p>\n<h2><strong>1-B\u00fctil-3-metilimidazolyum tetrakloroferrat Kullan\u0131m\u0131<\/strong><\/h2>\n<h4>1. 1-Butil-3-metilimidazol tetrakloroferrat, farmas\u00f6tik sentezde bir ara \u00fcr\u00fcn olarak kullan\u0131labilen heterosiklik bir organik bile\u015fiktir.<\/h4>\n<h4>2. 1-Butil-3-metilimidazol tetrakloroferrat bir epoksi re\u00e7ine malzemesi haz\u0131rlamak i\u00e7in kullan\u0131labilir.<\/h4>\n<p>&nbsp;<\/p>\n<h2><strong>1-B\u00fctil-3-metilimidazolyum tetrakloroferrat Ambalaj<\/strong><\/h2>\n<h4>1 kg\/\u015fi\u015fe; 25 kg\/tambur.<\/h4>\n<h2><\/h2>\n<h2><strong>1-B\u00fctil-3-metilimidazolyum tetrakloroferrat Ma\u011faza<\/strong><\/h2>\n<h4>Serin ve havaland\u0131r\u0131lm\u0131\u015f bir depoda saklay\u0131n.<\/h4>\n<h4>S\u0131cakl\u0131k 37 \u00b0C'yi ge\u00e7memelidir.<\/h4>\n<h4>Oksidanlardan ve g\u0131da kimyasallar\u0131ndan ayr\u0131 depolanmal\u0131 ve kar\u0131\u015ft\u0131r\u0131lmamal\u0131d\u0131r.<\/h4>\n<h4>Kab\u0131 kapal\u0131 tutun.<\/h4>\n<h4>Ate\u015f ve \u0131s\u0131dan uzak tutun.<\/h4>\n<p>&nbsp;<\/p>\n<h2><strong>Ayn\u0131 seri \u00fcr\u00fcnler<\/strong><\/h2>\n<table style=\"border-collapse: collapse; width: 312.02pt;\" border=\"0\" width=\"416\" cellspacing=\"0\" cellpadding=\"0\">\n<tbody>\n<tr style=\"height: 45.00pt;\">\n<td class=\"et3\" style=\"height: 45.00pt; width: 201.75pt;\" width=\"269\" height=\"60\">\n<h4><a href=\"https:\/\/longchangchemical.com\/tr\/product\/cas-174501-65-6\/\"><span style=\"color: #0000ff;\">1-B\u00fctil-3-metilimidazolyum tetrafloroborat<\/span><\/a><\/h4>\n<\/td>\n<td class=\"et3\" style=\"width: 110.25pt;\" width=\"147\">\n<h4>174501-65-6<\/h4>\n<\/td>\n<\/tr>\n<tr style=\"height: 45.00pt;\">\n<td class=\"et3\" style=\"height: 45.00pt; width: 201.75pt;\" width=\"269\" height=\"60\">\n<h4>1-B\u00fctil-3-metilimidazolyumtetrakloroferrat<\/h4>\n<\/td>\n<td class=\"et3\" style=\"width: 110.25pt;\" width=\"147\">\n<h4>359845-21-9<\/h4>\n<\/td>\n<\/tr>\n<\/tbody>\n<\/table>\n<p>&nbsp;<\/p>\n<h2><strong><b>\u015eimdi Bize Ula\u015f\u0131n!<\/b><\/strong><\/h2>\n<h4><strong><b>\u00d6zelle\u015ftirilmi\u015f hizmetler sunuyoruz, genellikle 24 saat i\u00e7inde sizinle ileti\u015fime ge\u00e7ece\u011fiz. Ayr\u0131ca mesai saatleri i\u00e7inde (8:30 - 6:00 UTC+8 Pzt.~Sat.) info@longchangchemical.com adresine e-posta g\u00f6nderebilir veya h\u0131zl\u0131 yan\u0131t almak i\u00e7in web sitesi canl\u0131 sohbetini kullanabilirsiniz.<\/b><\/strong><\/h4>","protected":false},"excerpt":{"rendered":"<h4>Kimyasal Ad\u0131: 1-Butyl-3-methylimidazoliumtetrachloroferrate<\/h4>\n<h4>CAS No: 359845-21-9<\/h4>\n<h4>Molek\u00fcler Form\u00fcl: C8H15Cl4FeN2<\/h4>\n<h4>Kimyasal Yap\u0131:<img decoding=\"async\" title=\"1-B\u00fctil-3-metilimidazolyum tetrakloroferrat Yap\u0131s\u0131\" src=\"https:\/\/www.longchangchemical.com\/wp-content\/uploads\/product-details\/20200611353619.png\" alt=\"1-B\u00fctil-3-metilimidazolyum tetrakloroferrat Yap\u0131s\u0131\" width=\"159\" height=\"182\" border=\"0\" vspace=\"0\" \/><\/h4>\n<h4>Molek\u00fcl a\u011f\u0131rl\u0131\u011f\u0131:336.88<\/h4>\n<h4>G\u00f6r\u00fcn\u00fcm:Kahverengi s\u0131v\u0131<\/h4>\n<h4>Test: \u226599%<\/h4>","protected":false},"featured_media":4590,"comment_status":"open","ping_status":"closed","template":"","meta":[],"product_brand":[],"product_cat":[69],"product_tag":[],"class_list":{"0":"post-4153","1":"product","2":"type-product","3":"status-publish","4":"has-post-thumbnail","6":"product_cat-catalysts-chemical-auxiliary-agents","8":"first","9":"instock","10":"shipping-taxable","11":"product-type-simple"},"yoast_head":"<!-- This site is optimized with the Yoast SEO plugin v25.3.1 - https:\/\/yoast.com\/wordpress\/plugins\/seo\/ -->\n<title>China 1-Butyl-3-methylimidazoliumtetrachloroferrate Manufacturer \uff06 Supplier - Longchang chemical Co., Ltd.<\/title>\n<meta name=\"description\" content=\"Longchang Chemical is a leading manufacturer and supplier of 1-Butyl-3-methylimidazoliumtetrachloroferrate in China. Buy 1-Butyl-3-methylimidazoliumtetrachloroferrate in china. We can provide the best 1-Butyl-3-methylimidazoliumtetrachloroferrate price.\" \/>\n<meta name=\"robots\" content=\"index, follow, max-snippet:-1, max-image-preview:large, max-video-preview:-1\" \/>\n<link rel=\"canonical\" href=\"https:\/\/longchangchemical.com\/tr\/product\/cas-359845-21-9\/\" \/>\n<meta property=\"og:locale\" content=\"tr_TR\" \/>\n<meta property=\"og:type\" content=\"article\" \/>\n<meta property=\"og:title\" content=\"China 1-Butyl-3-methylimidazoliumtetrachloroferrate Manufacturer \uff06 Supplier - Longchang chemical Co., Ltd.\" \/>\n<meta property=\"og:description\" content=\"Longchang Chemical is a leading manufacturer and supplier of 1-Butyl-3-methylimidazoliumtetrachloroferrate in China. Buy 1-Butyl-3-methylimidazoliumtetrachloroferrate in china. We can provide the best 1-Butyl-3-methylimidazoliumtetrachloroferrate price.\" \/>\n<meta property=\"og:url\" content=\"https:\/\/longchangchemical.com\/tr\/product\/cas-359845-21-9\/\" \/>\n<meta property=\"og:site_name\" content=\"Longchang Chemical\" \/>\n<meta property=\"article:modified_time\" content=\"2025-12-22T08:52:31+00:00\" \/>\n<meta property=\"og:image\" content=\"https:\/\/longchangchemical.com\/wp-content\/uploads\/2021\/01\/Appearance-21.jpg\" \/>\n\t<meta property=\"og:image:width\" content=\"600\" \/>\n\t<meta property=\"og:image:height\" content=\"800\" \/>\n\t<meta property=\"og:image:type\" content=\"image\/jpeg\" \/>\n<meta name=\"twitter:card\" content=\"summary_large_image\" \/>\n<script type=\"application\/ld+json\" class=\"yoast-schema-graph\">{\"@context\":\"https:\/\/schema.org\",\"@graph\":[{\"@type\":\"WebPage\",\"@id\":\"https:\/\/longchangchemical.com\/product\/cas-359845-21-9\/\",\"url\":\"https:\/\/longchangchemical.com\/product\/cas-359845-21-9\/\",\"name\":\"China 1-Butyl-3-methylimidazoliumtetrachloroferrate Manufacturer \uff06 Supplier - Longchang chemical Co., Ltd.\",\"isPartOf\":{\"@id\":\"https:\/\/longchangchemical.com\/#website\"},\"primaryImageOfPage\":{\"@id\":\"https:\/\/longchangchemical.com\/product\/cas-359845-21-9\/#primaryimage\"},\"image\":{\"@id\":\"https:\/\/longchangchemical.com\/product\/cas-359845-21-9\/#primaryimage\"},\"thumbnailUrl\":\"https:\/\/longchangchemical.com\/wp-content\/uploads\/2021\/01\/Appearance-21.jpg\",\"datePublished\":\"2021-04-30T07:11:58+00:00\",\"dateModified\":\"2025-12-22T08:52:31+00:00\",\"description\":\"Longchang Chemical is a leading manufacturer and supplier of 1-Butyl-3-methylimidazoliumtetrachloroferrate in China. Buy 1-Butyl-3-methylimidazoliumtetrachloroferrate in china. We can provide the best 1-Butyl-3-methylimidazoliumtetrachloroferrate price.\",\"breadcrumb\":{\"@id\":\"https:\/\/longchangchemical.com\/product\/cas-359845-21-9\/#breadcrumb\"},\"inLanguage\":\"tr\",\"potentialAction\":[{\"@type\":\"ReadAction\",\"target\":[\"https:\/\/longchangchemical.com\/product\/cas-359845-21-9\/\"]}]},{\"@type\":\"ImageObject\",\"inLanguage\":\"tr\",\"@id\":\"https:\/\/longchangchemical.com\/product\/cas-359845-21-9\/#primaryimage\",\"url\":\"https:\/\/longchangchemical.com\/wp-content\/uploads\/2021\/01\/Appearance-21.jpg\",\"contentUrl\":\"https:\/\/longchangchemical.com\/wp-content\/uploads\/2021\/01\/Appearance-21.jpg\",\"width\":600,\"height\":800},{\"@type\":\"BreadcrumbList\",\"@id\":\"https:\/\/longchangchemical.com\/product\/cas-359845-21-9\/#breadcrumb\",\"itemListElement\":[{\"@type\":\"ListItem\",\"position\":1,\"name\":\"Home\",\"item\":\"https:\/\/longchangchemical.com\/\"},{\"@type\":\"ListItem\",\"position\":2,\"name\":\"Products Longchang\",\"item\":\"https:\/\/longchangchemical.com\/product\/\"},{\"@type\":\"ListItem\",\"position\":3,\"name\":\"1-Butyl-3-methylimidazoliumtetrachloroferrate CAS 359845-21-9\"}]},{\"@type\":\"WebSite\",\"@id\":\"https:\/\/longchangchemical.com\/#website\",\"url\":\"https:\/\/longchangchemical.com\/\",\"name\":\"Longchang Chemical\",\"description\":\"China chemical manufacturer \uff06 supplier\",\"publisher\":{\"@id\":\"https:\/\/longchangchemical.com\/#organization\"},\"potentialAction\":[{\"@type\":\"SearchAction\",\"target\":{\"@type\":\"EntryPoint\",\"urlTemplate\":\"https:\/\/longchangchemical.com\/?s={search_term_string}\"},\"query-input\":{\"@type\":\"PropertyValueSpecification\",\"valueRequired\":true,\"valueName\":\"search_term_string\"}}],\"inLanguage\":\"tr\"},{\"@type\":\"Organization\",\"@id\":\"https:\/\/longchangchemical.com\/#organization\",\"name\":\"Longchang Chemical\",\"url\":\"https:\/\/longchangchemical.com\/\",\"logo\":{\"@type\":\"ImageObject\",\"inLanguage\":\"tr\",\"@id\":\"https:\/\/longchangchemical.com\/#\/schema\/logo\/image\/\",\"url\":\"https:\/\/longchangchemical.com\/wp-content\/uploads\/2020\/08\/cropped-longchang-logo.png\",\"contentUrl\":\"https:\/\/longchangchemical.com\/wp-content\/uploads\/2020\/08\/cropped-longchang-logo.png\",\"width\":512,\"height\":512,\"caption\":\"Longchang Chemical\"},\"image\":{\"@id\":\"https:\/\/longchangchemical.com\/#\/schema\/logo\/image\/\"}}]}<\/script>\n<!-- \/ Yoast SEO plugin. -->","yoast_head_json":{"title":"\u00c7in 1-Butyl-3-methylimidazoliumtetrachloroferrate \u00dcretici \uff06 Tedarik\u00e7i - Longchang chemical Co, Ltd.","description":"Longchang Chemical, \u00c7in'in \u00f6nde gelen 1-Butyl-3-methylimidazoliumtetrachloroferrate \u00fcreticisi ve tedarik\u00e7isidir. \u00c7in'de 1-Butyl-3-methylimidazoliumtetrachloroferrate sat\u0131n al\u0131n. En iyi 1-Butyl-3-methylimidazoliumtetrachloroferrate fiyat\u0131n\u0131 sa\u011flayabiliriz.","robots":{"index":"index","follow":"follow","max-snippet":"max-snippet:-1","max-image-preview":"max-image-preview:large","max-video-preview":"max-video-preview:-1"},"canonical":"https:\/\/longchangchemical.com\/tr\/product\/cas-359845-21-9\/","og_locale":"tr_TR","og_type":"article","og_title":"China 1-Butyl-3-methylimidazoliumtetrachloroferrate Manufacturer \uff06 Supplier - Longchang chemical Co., Ltd.","og_description":"Longchang Chemical is a leading manufacturer and supplier of 1-Butyl-3-methylimidazoliumtetrachloroferrate in China. Buy 1-Butyl-3-methylimidazoliumtetrachloroferrate in china. We can provide the best 1-Butyl-3-methylimidazoliumtetrachloroferrate price.","og_url":"https:\/\/longchangchemical.com\/tr\/product\/cas-359845-21-9\/","og_site_name":"Longchang Chemical","article_modified_time":"2025-12-22T08:52:31+00:00","og_image":[{"width":600,"height":800,"url":"https:\/\/longchangchemical.com\/wp-content\/uploads\/2021\/01\/Appearance-21.jpg","type":"image\/jpeg"}],"twitter_card":"summary_large_image","schema":{"@context":"https:\/\/schema.org","@graph":[{"@type":"WebPage","@id":"https:\/\/longchangchemical.com\/product\/cas-359845-21-9\/","url":"https:\/\/longchangchemical.com\/product\/cas-359845-21-9\/","name":"\u00c7in 1-Butyl-3-methylimidazoliumtetrachloroferrate \u00dcretici \uff06 Tedarik\u00e7i - Longchang chemical Co, Ltd.","isPartOf":{"@id":"https:\/\/longchangchemical.com\/#website"},"primaryImageOfPage":{"@id":"https:\/\/longchangchemical.com\/product\/cas-359845-21-9\/#primaryimage"},"image":{"@id":"https:\/\/longchangchemical.com\/product\/cas-359845-21-9\/#primaryimage"},"thumbnailUrl":"https:\/\/longchangchemical.com\/wp-content\/uploads\/2021\/01\/Appearance-21.jpg","datePublished":"2021-04-30T07:11:58+00:00","dateModified":"2025-12-22T08:52:31+00:00","description":"Longchang Chemical, \u00c7in'in \u00f6nde gelen 1-Butyl-3-methylimidazoliumtetrachloroferrate \u00fcreticisi ve tedarik\u00e7isidir. \u00c7in'de 1-Butyl-3-methylimidazoliumtetrachloroferrate sat\u0131n al\u0131n. En iyi 1-Butyl-3-methylimidazoliumtetrachloroferrate fiyat\u0131n\u0131 sa\u011flayabiliriz.","breadcrumb":{"@id":"https:\/\/longchangchemical.com\/product\/cas-359845-21-9\/#breadcrumb"},"inLanguage":"tr","potentialAction":[{"@type":"ReadAction","target":["https:\/\/longchangchemical.com\/product\/cas-359845-21-9\/"]}]},{"@type":"ImageObject","inLanguage":"tr","@id":"https:\/\/longchangchemical.com\/product\/cas-359845-21-9\/#primaryimage","url":"https:\/\/longchangchemical.com\/wp-content\/uploads\/2021\/01\/Appearance-21.jpg","contentUrl":"https:\/\/longchangchemical.com\/wp-content\/uploads\/2021\/01\/Appearance-21.jpg","width":600,"height":800},{"@type":"BreadcrumbList","@id":"https:\/\/longchangchemical.com\/product\/cas-359845-21-9\/#breadcrumb","itemListElement":[{"@type":"ListItem","position":1,"name":"Home","item":"https:\/\/longchangchemical.com\/"},{"@type":"ListItem","position":2,"name":"Products Longchang","item":"https:\/\/longchangchemical.com\/product\/"},{"@type":"ListItem","position":3,"name":"1-Butyl-3-methylimidazoliumtetrachloroferrate CAS 359845-21-9"}]},{"@type":"WebSite","@id":"https:\/\/longchangchemical.com\/#website","url":"https:\/\/longchangchemical.com\/","name":"Longchang Kimya","description":"\u00c7in kimyasal \u00fcreticisi \uff06 tedarik\u00e7isi","publisher":{"@id":"https:\/\/longchangchemical.com\/#organization"},"potentialAction":[{"@type":"SearchAction","target":{"@type":"EntryPoint","urlTemplate":"https:\/\/longchangchemical.com\/?s={search_term_string}"},"query-input":{"@type":"PropertyValueSpecification","valueRequired":true,"valueName":"search_term_string"}}],"inLanguage":"tr"},{"@type":"Organization","@id":"https:\/\/longchangchemical.com\/#organization","name":"Longchang Kimya","url":"https:\/\/longchangchemical.com\/","logo":{"@type":"ImageObject","inLanguage":"tr","@id":"https:\/\/longchangchemical.com\/#\/schema\/logo\/image\/","url":"https:\/\/longchangchemical.com\/wp-content\/uploads\/2020\/08\/cropped-longchang-logo.png","contentUrl":"https:\/\/longchangchemical.com\/wp-content\/uploads\/2020\/08\/cropped-longchang-logo.png","width":512,"height":512,"caption":"Longchang Chemical"},"image":{"@id":"https:\/\/longchangchemical.com\/#\/schema\/logo\/image\/"}}]}},"_links":{"self":[{"href":"https:\/\/longchangchemical.com\/tr\/wp-json\/wp\/v2\/product\/4153","targetHints":{"allow":["GET"]}}],"collection":[{"href":"https:\/\/longchangchemical.com\/tr\/wp-json\/wp\/v2\/product"}],"about":[{"href":"https:\/\/longchangchemical.com\/tr\/wp-json\/wp\/v2\/types\/product"}],"replies":[{"embeddable":true,"href":"https:\/\/longchangchemical.com\/tr\/wp-json\/wp\/v2\/comments?post=4153"}],"wp:featuredmedia":[{"embeddable":true,"href":"https:\/\/longchangchemical.com\/tr\/wp-json\/wp\/v2\/media\/4590"}],"wp:attachment":[{"href":"https:\/\/longchangchemical.com\/tr\/wp-json\/wp\/v2\/media?parent=4153"}],"wp:term":[{"taxonomy":"product_brand","embeddable":true,"href":"https:\/\/longchangchemical.com\/tr\/wp-json\/wp\/v2\/product_brand?post=4153"},{"taxonomy":"product_cat","embeddable":true,"href":"https:\/\/longchangchemical.com\/tr\/wp-json\/wp\/v2\/product_cat?post=4153"},{"taxonomy":"product_tag","embeddable":true,"href":"https:\/\/longchangchemical.com\/tr\/wp-json\/wp\/v2\/product_tag?post=4153"}],"curies":[{"name":"wp","href":"https:\/\/api.w.org\/{rel}","templated":true}]}}