{"id":4149,"date":"2021-05-26T08:42:37","date_gmt":"2021-05-26T08:42:37","guid":{"rendered":"https:\/\/longchangchemical.com\/?post_type=product&#038;p=4149"},"modified":"2025-12-22T08:10:08","modified_gmt":"2025-12-22T08:10:08","slug":"2-hea-cas-818-61-1","status":"publish","type":"product","link":"https:\/\/longchangchemical.com\/tr\/product\/2-hea-cas-818-61-1\/","title":{"rendered":"2-Hidroksietil akrilat CAS 818-61-1"},"content":{"rendered":"<h1><strong>2-Hidroksietil akrilat CAS 818-61-1<\/strong><\/h1>\n<table class=\"table-1\" cellspacing=\"0\">\n<tbody>\n<tr>\n<td>\u00d6\u011fe<\/td>\n<td>\u015eartname<\/td>\n<\/tr>\n<tr>\n<td>G\u00f6r\u00fcn\u00fc\u015f<\/td>\n<td>Renksiz ve \u015feffaf s\u0131v\u0131<\/td>\n<\/tr>\n<tr>\n<td>\u00d6zg\u00fcl a\u011f\u0131rl\u0131k\uff0820\/210F\uff09<\/td>\n<td>1.1098<\/td>\n<\/tr>\n<tr>\n<td>Donma noktas\u0131<\/td>\n<td>\uff1c-70\u2103<\/td>\n<\/tr>\n<tr>\n<td>Kaynama noktas\u0131<\/td>\n<td>82\/5mmHg<\/td>\n<\/tr>\n<tr>\n<td>Viskozite<\/td>\n<td>5-15<\/td>\n<\/tr>\n<tr>\n<td>Parlama noktas\u0131<\/td>\n<td>99\u2103<\/td>\n<\/tr>\n<tr>\n<td>Tahlil (GC)<\/td>\n<td>91%,93%,95%,97%<\/td>\n<\/tr>\n<tr>\n<td>Ester i\u00e7eri\u011fi<\/td>\n<td>99%min<\/td>\n<\/tr>\n<\/tbody>\n<\/table>\n<h2><\/h2>\n<h2><strong>2-Hidroksietil akrilat Kullan\u0131m\u0131<\/strong><\/h2>\n<h4>1. 2-Hidroksietil akrilat esas olarak radyasyon k\u00fcrleme sistemlerinde reaktif bir seyreltici ve \u00e7apraz ba\u011flama maddesi olarak kullan\u0131l\u0131r ve ayr\u0131ca bir re\u00e7ine \u00e7apraz ba\u011flama maddesi, plastik ve kau\u00e7uk de\u011fi\u015ftirici olarak da kullan\u0131labilir.<\/h4>\n<h4>2. 2-Hidroksietil akrilat ah\u015fap verniklerinde, bask\u0131 m\u00fcrekkeplerinde ve yap\u0131\u015ft\u0131r\u0131c\u0131larda kullan\u0131l\u0131r.<\/h4>\n<h4>3. 2-Hidroksietil akrilat esas olarak termoset akrilik kaplamalar, \u0131\u015f\u0131kla sertle\u015fen akrilik kaplamalar, \u0131\u015f\u0131\u011fa duyarl\u0131 kaplamalar, yap\u0131\u015ft\u0131r\u0131c\u0131lar, tekstil i\u015fleme maddeleri, ka\u011f\u0131t i\u015fleme, su kalitesi stabilizat\u00f6rleri ve polimer malzemeler yapmak i\u00e7in kullan\u0131l\u0131r. D\u00fc\u015f\u00fck kullan\u0131m \u00f6zelliklerine sahiptir, ancak \u00fcr\u00fcn\u00fcn performans\u0131n\u0131 \u00f6nemli \u00f6l\u00e7\u00fcde art\u0131rabilir.<\/h4>\n<p>&nbsp;<\/p>\n<h2><strong>2-Hidroksietil akrilat Paketleme ve Nakliye<\/strong><\/h2>\n<h4>Ambalaj: 200 kg\/ bidon; 1000 kg IBC bidon<\/h4>\n<h4>Teslimat: UN 2922<\/h4>\n<h4>DG s\u0131n\u0131f\u0131: 8 6.1 s\u0131n\u0131f\u0131<\/h4>\n<p>&nbsp;<\/p>\n<h2><strong>2-Hidroksietil akrilat depolama<\/strong><\/h2>\n<h4>Do\u011frudan g\u00fcne\u015f \u0131\u015f\u0131\u011f\u0131 almayan serin ve kuru bir yerde saklan\u0131r.<\/h4>\n<p>&nbsp;<\/p>\n<h2><strong><b>\u015eimdi Bize Ula\u015f\u0131n!<\/b><\/strong><\/h2>\n<h4><strong><b>COA, MSDS veya TDS'ye ihtiyac\u0131n\u0131z varsa, l\u00fctfen a\u015fa\u011f\u0131daki forma ileti\u015fim bilgilerinizi girin, genellikle 24 saat i\u00e7inde sizinle ileti\u015fime ge\u00e7ece\u011fiz. Bana e-posta da g\u00f6nderebilirsiniz <span style=\"color: #0000ff;\"><a style=\"color: #0000ff;\" href=\"mailto:info@longchangchemical.com\">info@longchangchemical.com<\/a><\/span> \u00c7al\u0131\u015fma saatleri i\u00e7inde (8:30 - 6:00 UTC+8 Pzt.~Sat.) veya h\u0131zl\u0131 yan\u0131t almak i\u00e7in web sitesi canl\u0131 sohbetini kullan\u0131n.<\/b><\/strong><\/h4>\n<p><!--more--><\/p>\n<h2><strong>Hidroksietil akrilat\u0131n cilt bak\u0131m \u00fcr\u00fcnlerindeki prensibi nedir?<\/strong><\/h2>\n<p>1. Nemlendirici<br \/>\nHidroksietil Akrilat cilt bak\u0131m \u00fcr\u00fcnlerine nemlendirici olarak eklenebilir, cildin su i\u00e7eri\u011fini art\u0131rabilir, cildin nemlendirme yetene\u011fini geli\u015ftirebilir, cilt kurulu\u011funu, \u00e7atlamay\u0131 ve di\u011fer sorunlar\u0131 \u00f6nleyebilir.<br \/>\n2. Ya\u015flanma kar\u015f\u0131t\u0131<br \/>\nHidroksietil Akrilat, kolajen \u00fcretimini te\u015fvik ederek ciltteki k\u0131r\u0131\u015f\u0131kl\u0131klar\u0131 ve sarkmalar\u0131 azaltabilir, b\u00f6ylece ya\u015flanma kar\u015f\u0131t\u0131 etki elde edilebilir.<br \/>\n3. Cilt renginde iyile\u015fme<br \/>\nHidroksietil Akrilat stratum corneum metabolizmas\u0131n\u0131 te\u015fvik edebilir ve cildin yenilenmesini h\u0131zland\u0131rabilir, b\u00f6ylece cilt rengini iyile\u015ftirir ve cildi daha parlak ve p\u00fcr\u00fczs\u00fcz hale getirir.<\/p>\n<p>hi\u0307droksi\u0307eti\u0307l akri\u0307latin ci\u0307lt bakim \u00fcr\u00fcnleri\u0307ndeki\u0307 etki\u0307nli\u0307\u011fi\u0307<br \/>\n1. Cildin nemlendirme yetene\u011fini geli\u015ftirir: Hidroksietil Akrilat m\u00fckemmel nemlendirme \u00f6zelliklerine sahiptir ve \u00f6zellikle kuru ciltler i\u00e7in etkilidir.<br \/>\n2. Cilt k\u0131r\u0131\u015f\u0131kl\u0131klar\u0131n\u0131 ve sarkmalar\u0131n\u0131 azalt\u0131r: Hidroksietil Akrilat, kolajen olu\u015fumunu te\u015fvik edebilir, cilt k\u0131r\u0131\u015f\u0131kl\u0131klar\u0131n\u0131 ve sarkmas\u0131n\u0131 azaltabilir, b\u00f6ylece cilt daha s\u0131k\u0131 olur.<br \/>\n3. E\u015fit cilt rengi: Hidroksietil Akrilat stratum corneum metabolizmas\u0131n\u0131 te\u015fvik edebilir, cildin yenilenmesini h\u0131zland\u0131rabilir, b\u00f6ylece cilt rengini iyile\u015ftirebilir ve pigmentasyon g\u00f6r\u00fcn\u00fcm\u00fcn\u00fc azaltabilir.<br \/>\n4. Sakinle\u015ftirici ve yat\u0131\u015ft\u0131r\u0131c\u0131: Hidroksietil Akrilat, sakinle\u015ftirici ve yat\u0131\u015ft\u0131r\u0131c\u0131 etkiyi elde etmek i\u00e7in d\u0131\u015f uyaranlar\u0131 \u00f6nlemek i\u00e7in ayr\u0131nt\u0131lar yoluyla cildin yap\u0131\u015fmas\u0131n\u0131 iyile\u015ftirebilir.<br \/>\n\u00d6nlemler<br \/>\n1. Hidroksietil Akrilat cilt bak\u0131m \u00fcr\u00fcnlerinin form\u00fclasyonunda kullan\u0131ma uygundur, ancak kullan\u0131m i\u00e7in do\u011frudan cilde uygulanamaz.<br \/>\n2. Cilt bak\u0131m \u00fcr\u00fcnlerini kullan\u0131rken, cilt alerjileri ve di\u011fer nedenlere ba\u011fl\u0131 olumsuz reaksiyonlardan ka\u00e7\u0131nmak i\u00e7in \u00fcr\u00fcn\u00fcn kalitesine ve uygulanabilirli\u011fine dikkat edilmelidir.<br \/>\n3. Cilt tahri\u015fi veya ba\u015fka bir rahats\u0131zl\u0131k meydana gelirse, derhal kullanmay\u0131 b\u0131rak\u0131n ve bir doktora dan\u0131\u015f\u0131n.<\/p>\n<h2><strong>Em\u00fclsiyon polimerizasyonunda uygun hidroksietil akrilat ekleme miktar\u0131 nedir?<\/strong><\/h2>\n<p>Em\u00fclsiyon polimerizasyonunda uygun hidroksietil akrilat ilave miktar\u0131 1%-5%'dir.<br \/>\n\u0130lk olarak, hidroksietil akrilat\u0131n rol\u00fc<br \/>\nHidroksietil akrilat, polimerizasyon reaksiyon h\u0131z\u0131n\u0131 d\u00fczenlemek ve em\u00fclsiyon kalitesini art\u0131rmak i\u00e7in em\u00fclsiyon polimerizasyonuna eklenebilen su bazl\u0131 bir monomerdir. Spesifik olarak \u015funlar\u0131 yapabilir<br \/>\n1. Em\u00fclsiyonun stabilitesini art\u0131rmak, em\u00fclsiyonun k\u0131r\u0131lmas\u0131n\u0131, delaminasyonunu ve di\u011fer olaylar\u0131 \u00f6nlemek.<br \/>\n2. Em\u00fclsiyonun polimerizasyon h\u0131z\u0131n\u0131 artt\u0131rmak, reaksiyon s\u00fcresini k\u0131saltmak ve \u00fcretim verimlili\u011fini artt\u0131rmak.<br \/>\n3. Polimerin film olu\u015fturma \u00f6zelliklerini iyile\u015ftirerek polimeri daha d\u00fczg\u00fcn ve p\u00fcr\u00fczs\u00fcz hale getirir.<br \/>\n\u0130kinci olarak, eklenecek uygun miktar<br \/>\nHidroksietil akrilat\u0131n bir\u00e7ok faydas\u0131 olmas\u0131na ra\u011fmen, a\u015f\u0131r\u0131 ekleme, polimerizasyon reaksiyonunun kontrol edilmesinin zor olmas\u0131na ve \u00fcr\u00fcn\u00fcn kalitesini etkilemesine yol a\u00e7acakt\u0131r. Bu nedenle, em\u00fclsiyon polimerizasyonunda uygun katk\u0131 miktar\u0131 1% ile 5% aras\u0131nda de\u011fi\u015fir. Spesifik ilave miktar\u0131 farkl\u0131 sistemlere ve \u00fcr\u00fcn gereksinimlerine g\u00f6re ayarlanmal\u0131d\u0131r. Eklenen miktar \u00e7ok az olursa, avantajlar\u0131ndan yararlan\u0131lamaz; eklenen miktar \u00e7ok fazla olursa, polimerizasyon reaksiyonunun kontrol\u00fcn\u00fc etkileyebilir.<\/p>","protected":false},"excerpt":{"rendered":"<h4>Kimyasal Ad\u0131: 2-Hidroksietil akrilat<\/h4>\n<h4>Di\u011fer Ad\u0131: 2-Hidroksietil akrilat; 2-HEA; Hidroksietil akrilat; 2-Akriloiloksi etanol; Etilen glikol akrilat; Akrilik asit 2-hidroksietil ester; Etilen glikol monoakrilat<\/h4>\n<h4>CAS No: 818-61-1<\/h4>\n<h4>Molek\u00fcler Form\u00fcl: C5H8O3<\/h4>\n<h4>Kimyasal Yap\u0131:<img decoding=\"async\" title=\"2-Hidroksietil akrilat Yap\u0131s\u0131\" src=\"https:\/\/www.longchangchemical.com\/wp-content\/uploads\/product-details\/20200617111470.png\" alt=\"2-Hidroksietil akrilat Yap\u0131s\u0131\" width=\"202\" height=\"92\" border=\"0\" vspace=\"0\" \/><\/h4>\n<h4>Molek\u00fcl a\u011f\u0131rl\u0131\u011f\u0131:116.12<\/h4>\n<h4>G\u00f6r\u00fcn\u00fcm:renksiz s\u0131v\u0131<\/h4>\n<h4>Tahlil: 91%\uff0c93%\uff0c95%\uff0c97%<\/h4>","protected":false},"featured_media":4633,"comment_status":"open","ping_status":"closed","template":"","meta":[],"product_brand":[],"product_cat":[69],"product_tag":[],"class_list":{"0":"post-4149","1":"product","2":"type-product","3":"status-publish","4":"has-post-thumbnail","6":"product_cat-catalysts-chemical-auxiliary-agents","8":"first","9":"instock","10":"shipping-taxable","11":"product-type-simple"},"yoast_head":"<!-- This site is optimized with the Yoast SEO plugin v25.3.1 - https:\/\/yoast.com\/wordpress\/plugins\/seo\/ -->\n<title>China 2-Hydroxyethyl acrylate Manufacturer \uff06 CAS 818-61-1 Supplier - Longchang chemical Co., Ltd.<\/title>\n<meta name=\"description\" content=\"Longchang Chemical is a leading manufacturer and supplier of 2-Hydroxyethyl acrylatein China. Buy 2-Hydroxyethyl acrylate in china. We can provide the best 2-Hydroxyethyl acrylate price. Other Name: 2-Hydroxyethyl acrylate; 2-HEA; Hydroxyethyl acrylate; 2-Acryloyloxy ethanol; Ethylene glycol acrylate; Acrylic acid 2-hydroxyethyl ester; Ethylene glycol monoacrylate\" \/>\n<meta name=\"robots\" content=\"index, follow, max-snippet:-1, max-image-preview:large, max-video-preview:-1\" \/>\n<link rel=\"canonical\" href=\"https:\/\/longchangchemical.com\/tr\/product\/2-hea-cas-818-61-1\/\" \/>\n<meta property=\"og:locale\" content=\"tr_TR\" \/>\n<meta property=\"og:type\" content=\"article\" \/>\n<meta property=\"og:title\" content=\"China 2-Hydroxyethyl acrylate Manufacturer \uff06 CAS 818-61-1 Supplier - Longchang chemical Co., Ltd.\" \/>\n<meta property=\"og:description\" content=\"Longchang Chemical is a leading manufacturer and supplier of 2-Hydroxyethyl acrylatein China. Buy 2-Hydroxyethyl acrylate in china. We can provide the best 2-Hydroxyethyl acrylate price. Other Name: 2-Hydroxyethyl acrylate; 2-HEA; Hydroxyethyl acrylate; 2-Acryloyloxy ethanol; Ethylene glycol acrylate; Acrylic acid 2-hydroxyethyl ester; Ethylene glycol monoacrylate\" \/>\n<meta property=\"og:url\" content=\"https:\/\/longchangchemical.com\/tr\/product\/2-hea-cas-818-61-1\/\" \/>\n<meta property=\"og:site_name\" content=\"Longchang Chemical\" \/>\n<meta property=\"article:modified_time\" content=\"2025-12-22T08:10:08+00:00\" \/>\n<meta property=\"og:image\" content=\"https:\/\/longchangchemical.com\/wp-content\/uploads\/2021\/01\/2-Hydroxyethyl-acrylate-Appearance.jpg\" \/>\n\t<meta property=\"og:image:width\" content=\"600\" \/>\n\t<meta property=\"og:image:height\" content=\"800\" \/>\n\t<meta property=\"og:image:type\" content=\"image\/jpeg\" \/>\n<meta name=\"twitter:card\" content=\"summary_large_image\" \/>\n<script type=\"application\/ld+json\" class=\"yoast-schema-graph\">{\"@context\":\"https:\/\/schema.org\",\"@graph\":[{\"@type\":\"WebPage\",\"@id\":\"https:\/\/longchangchemical.com\/product\/2-hea-cas-818-61-1\/\",\"url\":\"https:\/\/longchangchemical.com\/product\/2-hea-cas-818-61-1\/\",\"name\":\"China 2-Hydroxyethyl acrylate Manufacturer \uff06 CAS 818-61-1 Supplier - Longchang chemical Co., Ltd.\",\"isPartOf\":{\"@id\":\"https:\/\/longchangchemical.com\/#website\"},\"primaryImageOfPage\":{\"@id\":\"https:\/\/longchangchemical.com\/product\/2-hea-cas-818-61-1\/#primaryimage\"},\"image\":{\"@id\":\"https:\/\/longchangchemical.com\/product\/2-hea-cas-818-61-1\/#primaryimage\"},\"thumbnailUrl\":\"https:\/\/longchangchemical.com\/wp-content\/uploads\/2021\/01\/2-Hydroxyethyl-acrylate-Appearance.jpg\",\"datePublished\":\"2021-05-26T08:42:37+00:00\",\"dateModified\":\"2025-12-22T08:10:08+00:00\",\"description\":\"Longchang Chemical is a leading manufacturer and supplier of 2-Hydroxyethyl acrylatein China. Buy 2-Hydroxyethyl acrylate in china. We can provide the best 2-Hydroxyethyl acrylate price. Other Name: 2-Hydroxyethyl acrylate; 2-HEA; Hydroxyethyl acrylate; 2-Acryloyloxy ethanol; Ethylene glycol acrylate; Acrylic acid 2-hydroxyethyl ester; Ethylene glycol monoacrylate\",\"breadcrumb\":{\"@id\":\"https:\/\/longchangchemical.com\/product\/2-hea-cas-818-61-1\/#breadcrumb\"},\"inLanguage\":\"tr\",\"potentialAction\":[{\"@type\":\"ReadAction\",\"target\":[\"https:\/\/longchangchemical.com\/product\/2-hea-cas-818-61-1\/\"]}]},{\"@type\":\"ImageObject\",\"inLanguage\":\"tr\",\"@id\":\"https:\/\/longchangchemical.com\/product\/2-hea-cas-818-61-1\/#primaryimage\",\"url\":\"https:\/\/longchangchemical.com\/wp-content\/uploads\/2021\/01\/2-Hydroxyethyl-acrylate-Appearance.jpg\",\"contentUrl\":\"https:\/\/longchangchemical.com\/wp-content\/uploads\/2021\/01\/2-Hydroxyethyl-acrylate-Appearance.jpg\",\"width\":600,\"height\":800,\"caption\":\"Appearance\"},{\"@type\":\"BreadcrumbList\",\"@id\":\"https:\/\/longchangchemical.com\/product\/2-hea-cas-818-61-1\/#breadcrumb\",\"itemListElement\":[{\"@type\":\"ListItem\",\"position\":1,\"name\":\"Home\",\"item\":\"https:\/\/longchangchemical.com\/\"},{\"@type\":\"ListItem\",\"position\":2,\"name\":\"Products Longchang\",\"item\":\"https:\/\/longchangchemical.com\/product\/\"},{\"@type\":\"ListItem\",\"position\":3,\"name\":\"2-Hydroxyethyl acrylate CAS 818-61-1\"}]},{\"@type\":\"WebSite\",\"@id\":\"https:\/\/longchangchemical.com\/#website\",\"url\":\"https:\/\/longchangchemical.com\/\",\"name\":\"Longchang Chemical\",\"description\":\"China chemical manufacturer \uff06 supplier\",\"publisher\":{\"@id\":\"https:\/\/longchangchemical.com\/#organization\"},\"potentialAction\":[{\"@type\":\"SearchAction\",\"target\":{\"@type\":\"EntryPoint\",\"urlTemplate\":\"https:\/\/longchangchemical.com\/?s={search_term_string}\"},\"query-input\":{\"@type\":\"PropertyValueSpecification\",\"valueRequired\":true,\"valueName\":\"search_term_string\"}}],\"inLanguage\":\"tr\"},{\"@type\":\"Organization\",\"@id\":\"https:\/\/longchangchemical.com\/#organization\",\"name\":\"Longchang Chemical\",\"url\":\"https:\/\/longchangchemical.com\/\",\"logo\":{\"@type\":\"ImageObject\",\"inLanguage\":\"tr\",\"@id\":\"https:\/\/longchangchemical.com\/#\/schema\/logo\/image\/\",\"url\":\"https:\/\/longchangchemical.com\/wp-content\/uploads\/2020\/08\/cropped-longchang-logo.png\",\"contentUrl\":\"https:\/\/longchangchemical.com\/wp-content\/uploads\/2020\/08\/cropped-longchang-logo.png\",\"width\":512,\"height\":512,\"caption\":\"Longchang Chemical\"},\"image\":{\"@id\":\"https:\/\/longchangchemical.com\/#\/schema\/logo\/image\/\"}}]}<\/script>\n<!-- \/ Yoast SEO plugin. -->","yoast_head_json":{"title":"\u00c7in 2-Hidroksietil akrilat \u00dcretici \uff06 CAS 818-61-1 Tedarik\u00e7i - Longchang chemical Co, Ltd.","description":"Longchang Chemical, \u00c7in'in \u00f6nde gelen 2-Hidroksietil akrilat \u00fcreticisi ve tedarik\u00e7isidir. \u00c7in'de 2-Hidroksietil akrilat sat\u0131n al\u0131n. En iyi 2-Hidroksietil akrilat fiyat\u0131n\u0131 sa\u011flayabiliriz. Di\u011fer Ad\u0131: 2-Hidroksietil akrilat; 2-HEA; Hidroksietil akrilat; 2-Akriloiloksi etanol; Etilen glikol akrilat; Akrilik asit 2-hidroksietil ester; Etilen glikol monoakrilat","robots":{"index":"index","follow":"follow","max-snippet":"max-snippet:-1","max-image-preview":"max-image-preview:large","max-video-preview":"max-video-preview:-1"},"canonical":"https:\/\/longchangchemical.com\/tr\/product\/2-hea-cas-818-61-1\/","og_locale":"tr_TR","og_type":"article","og_title":"China 2-Hydroxyethyl acrylate Manufacturer \uff06 CAS 818-61-1 Supplier - Longchang chemical Co., Ltd.","og_description":"Longchang Chemical is a leading manufacturer and supplier of 2-Hydroxyethyl acrylatein China. Buy 2-Hydroxyethyl acrylate in china. We can provide the best 2-Hydroxyethyl acrylate price. Other Name: 2-Hydroxyethyl acrylate; 2-HEA; Hydroxyethyl acrylate; 2-Acryloyloxy ethanol; Ethylene glycol acrylate; Acrylic acid 2-hydroxyethyl ester; Ethylene glycol monoacrylate","og_url":"https:\/\/longchangchemical.com\/tr\/product\/2-hea-cas-818-61-1\/","og_site_name":"Longchang Chemical","article_modified_time":"2025-12-22T08:10:08+00:00","og_image":[{"width":600,"height":800,"url":"https:\/\/longchangchemical.com\/wp-content\/uploads\/2021\/01\/2-Hydroxyethyl-acrylate-Appearance.jpg","type":"image\/jpeg"}],"twitter_card":"summary_large_image","schema":{"@context":"https:\/\/schema.org","@graph":[{"@type":"WebPage","@id":"https:\/\/longchangchemical.com\/product\/2-hea-cas-818-61-1\/","url":"https:\/\/longchangchemical.com\/product\/2-hea-cas-818-61-1\/","name":"\u00c7in 2-Hidroksietil akrilat \u00dcretici \uff06 CAS 818-61-1 Tedarik\u00e7i - Longchang chemical Co, Ltd.","isPartOf":{"@id":"https:\/\/longchangchemical.com\/#website"},"primaryImageOfPage":{"@id":"https:\/\/longchangchemical.com\/product\/2-hea-cas-818-61-1\/#primaryimage"},"image":{"@id":"https:\/\/longchangchemical.com\/product\/2-hea-cas-818-61-1\/#primaryimage"},"thumbnailUrl":"https:\/\/longchangchemical.com\/wp-content\/uploads\/2021\/01\/2-Hydroxyethyl-acrylate-Appearance.jpg","datePublished":"2021-05-26T08:42:37+00:00","dateModified":"2025-12-22T08:10:08+00:00","description":"Longchang Chemical, \u00c7in'in \u00f6nde gelen 2-Hidroksietil akrilat \u00fcreticisi ve tedarik\u00e7isidir. \u00c7in'de 2-Hidroksietil akrilat sat\u0131n al\u0131n. En iyi 2-Hidroksietil akrilat fiyat\u0131n\u0131 sa\u011flayabiliriz. Di\u011fer Ad\u0131: 2-Hidroksietil akrilat; 2-HEA; Hidroksietil akrilat; 2-Akriloiloksi etanol; Etilen glikol akrilat; Akrilik asit 2-hidroksietil ester; Etilen glikol monoakrilat","breadcrumb":{"@id":"https:\/\/longchangchemical.com\/product\/2-hea-cas-818-61-1\/#breadcrumb"},"inLanguage":"tr","potentialAction":[{"@type":"ReadAction","target":["https:\/\/longchangchemical.com\/product\/2-hea-cas-818-61-1\/"]}]},{"@type":"ImageObject","inLanguage":"tr","@id":"https:\/\/longchangchemical.com\/product\/2-hea-cas-818-61-1\/#primaryimage","url":"https:\/\/longchangchemical.com\/wp-content\/uploads\/2021\/01\/2-Hydroxyethyl-acrylate-Appearance.jpg","contentUrl":"https:\/\/longchangchemical.com\/wp-content\/uploads\/2021\/01\/2-Hydroxyethyl-acrylate-Appearance.jpg","width":600,"height":800,"caption":"Appearance"},{"@type":"BreadcrumbList","@id":"https:\/\/longchangchemical.com\/product\/2-hea-cas-818-61-1\/#breadcrumb","itemListElement":[{"@type":"ListItem","position":1,"name":"Home","item":"https:\/\/longchangchemical.com\/"},{"@type":"ListItem","position":2,"name":"Products Longchang","item":"https:\/\/longchangchemical.com\/product\/"},{"@type":"ListItem","position":3,"name":"2-Hydroxyethyl acrylate CAS 818-61-1"}]},{"@type":"WebSite","@id":"https:\/\/longchangchemical.com\/#website","url":"https:\/\/longchangchemical.com\/","name":"Longchang Kimya","description":"\u00c7in kimyasal \u00fcreticisi \uff06 tedarik\u00e7isi","publisher":{"@id":"https:\/\/longchangchemical.com\/#organization"},"potentialAction":[{"@type":"SearchAction","target":{"@type":"EntryPoint","urlTemplate":"https:\/\/longchangchemical.com\/?s={search_term_string}"},"query-input":{"@type":"PropertyValueSpecification","valueRequired":true,"valueName":"search_term_string"}}],"inLanguage":"tr"},{"@type":"Organization","@id":"https:\/\/longchangchemical.com\/#organization","name":"Longchang Kimya","url":"https:\/\/longchangchemical.com\/","logo":{"@type":"ImageObject","inLanguage":"tr","@id":"https:\/\/longchangchemical.com\/#\/schema\/logo\/image\/","url":"https:\/\/longchangchemical.com\/wp-content\/uploads\/2020\/08\/cropped-longchang-logo.png","contentUrl":"https:\/\/longchangchemical.com\/wp-content\/uploads\/2020\/08\/cropped-longchang-logo.png","width":512,"height":512,"caption":"Longchang Chemical"},"image":{"@id":"https:\/\/longchangchemical.com\/#\/schema\/logo\/image\/"}}]}},"_links":{"self":[{"href":"https:\/\/longchangchemical.com\/tr\/wp-json\/wp\/v2\/product\/4149","targetHints":{"allow":["GET"]}}],"collection":[{"href":"https:\/\/longchangchemical.com\/tr\/wp-json\/wp\/v2\/product"}],"about":[{"href":"https:\/\/longchangchemical.com\/tr\/wp-json\/wp\/v2\/types\/product"}],"replies":[{"embeddable":true,"href":"https:\/\/longchangchemical.com\/tr\/wp-json\/wp\/v2\/comments?post=4149"}],"wp:featuredmedia":[{"embeddable":true,"href":"https:\/\/longchangchemical.com\/tr\/wp-json\/wp\/v2\/media\/4633"}],"wp:attachment":[{"href":"https:\/\/longchangchemical.com\/tr\/wp-json\/wp\/v2\/media?parent=4149"}],"wp:term":[{"taxonomy":"product_brand","embeddable":true,"href":"https:\/\/longchangchemical.com\/tr\/wp-json\/wp\/v2\/product_brand?post=4149"},{"taxonomy":"product_cat","embeddable":true,"href":"https:\/\/longchangchemical.com\/tr\/wp-json\/wp\/v2\/product_cat?post=4149"},{"taxonomy":"product_tag","embeddable":true,"href":"https:\/\/longchangchemical.com\/tr\/wp-json\/wp\/v2\/product_tag?post=4149"}],"curies":[{"name":"wp","href":"https:\/\/api.w.org\/{rel}","templated":true}]}}