{"id":4148,"date":"2021-02-08T08:41:46","date_gmt":"2021-02-08T08:41:46","guid":{"rendered":"https:\/\/longchangchemical.com\/?post_type=product&#038;p=4148"},"modified":"2021-12-17T10:52:16","modified_gmt":"2021-12-17T10:52:16","slug":"zinc-naphthenate-cas-12001-85-3","status":"publish","type":"product","link":"https:\/\/longchangchemical.com\/tr\/product\/zinc-naphthenate-cas-12001-85-3\/","title":{"rendered":"\u00c7inko naftenat CAS 12001-85-3"},"content":{"rendered":"<h1><strong>\u00c7inko naftenat CAS 12001-85-3<\/strong><\/h1>\n<table class=\"table-1\" cellspacing=\"0\">\n<tbody>\n<tr>\n<td>\n<h4>E\u015fyalar<\/h4>\n<\/td>\n<td>\n<h4>Teknik \u00d6zellikler<\/h4>\n<\/td>\n<\/tr>\n<tr>\n<td>\n<h4>G\u00f6r\u00fcn\u00fc\u015f<\/h4>\n<\/td>\n<td>\n<h4>Kahverengi s\u0131v\u0131, karakteristik bir kokuya sahip<\/h4>\n<\/td>\n<\/tr>\n<tr>\n<td>\n<h4>Metal i\u00e7eri\u011fi%<\/h4>\n<\/td>\n<td>\n<h4>8.0-8.2<\/h4>\n<\/td>\n<\/tr>\n<tr>\n<td>\n<h4>Yo\u011funluk<\/h4>\n<\/td>\n<td>\n<h4>0,962 g\/mL 25 \u2103 (lit.)<\/h4>\n<\/td>\n<\/tr>\n<tr>\n<td>\n<h4>\u00c7\u00f6z\u00fcn\u00fcrl\u00fck<\/h4>\n<\/td>\n<td>\n<h4>Ya\u011fda \u00e7\u00f6z\u00fcn\u00fcr, suda \u00e7\u00f6z\u00fcnmez<\/h4>\n<\/td>\n<\/tr>\n<\/tbody>\n<\/table>\n<p>&nbsp;<\/p>\n<h2><strong>\u00c7inko naftenat Kullan\u0131m\u0131<\/strong><\/h2>\n<h4>1. \u00c7inko naftenat esas olarak metal \u00fcr\u00fcnler i\u00e7in pas \u00f6nleyici ve korozyon \u00f6nleyici olarak kullan\u0131l\u0131r. \u00c7e\u015fitli pas \u00f6nleyici ya\u011flar ve pas \u00f6nleyici gresler haz\u0131rlamak i\u00e7in kullan\u0131l\u0131r. D\u00f6kme demir pas \u00f6nleyici ya\u011f haz\u0131rlamak i\u00e7in baryum petrol s\u00fclfonat ile birlikte kullan\u0131l\u0131r.<\/h4>\n<h4>2. \u00c7inko naftenat boya ve bask\u0131 m\u00fcrekkebi olarak kullan\u0131labilir.<\/h4>\n<h4>3. \u00c7inko naftenat re\u00e7ine kurutucu, \u0131slat\u0131c\u0131, b\u00f6cek ilac\u0131, antifungal ajan, ah\u015fap koruyucu vb. olarak kullan\u0131labilir.<\/h4>\n<h2><\/h2>\n<h2><strong>\u00c7inko naftenat Paketleme ve Nakliye<\/strong><\/h2>\n<h4>200L metal kova, net a\u011f\u0131rl\u0131k 180 kg.<\/h4>\n<p>&nbsp;<\/p>\n<h2><strong>\u00c7inko naftenat Depolama<\/strong><\/h2>\n<h4>M\u00fchr\u00fc koruyun ve d\u00fc\u015f\u00fck s\u0131cakl\u0131kta ve kuru ko\u015fullarda saklay\u0131n.<\/h4>\n<h4>Tehlikeli \u00f6zellikler: Bu \u00fcr\u00fcn a\u00e7\u0131k alevlere ve y\u00fcksek \u0131s\u0131ya maruz kald\u0131\u011f\u0131nda yan\u0131c\u0131d\u0131r. Y\u00fcksek \u0131s\u0131 ile ayr\u0131\u015facak ve zehirli dumanlar yayacakt\u0131r.<br \/>\nSolunum korumas\u0131: maske tak\u0131lmal\u0131d\u0131r.<br \/>\nG\u00f6z korumas\u0131: g\u00fcvenlik g\u00f6zl\u00fckleri tak\u0131n.<br \/>\nV\u00fccut korumas\u0131: anti-statik tulum giyin.<br \/>\nEl korumas\u0131: Koruyucu eldiven kullan\u0131n.<\/h4>\n<h2><strong>Ayn\u0131 seri \u00fcr\u00fcnler<\/strong><\/h2>\n<table style=\"border-collapse: collapse; width: 256.52pt;\" border=\"0\" width=\"342\" cellspacing=\"0\" cellpadding=\"0\">\n<tbody>\n<tr style=\"height: 54.00pt;\">\n<td class=\"et2\" style=\"height: 54.00pt; width: 146.25pt;\" width=\"195\" height=\"72\"><a href=\"https:\/\/longchangchemical.com\/tr\/product\/naphthenic-acid-cas-1338-24-5\/\"><span style=\"color: #3366ff;\"><strong>Naftenik asit<\/strong><\/span><\/a><\/td>\n<td class=\"et2\" style=\"width: 110.25pt;\" width=\"147\"><a href=\"https:\/\/longchangchemical.com\/tr\/product\/naphthenic-acid-cas-1338-24-5\/\"><span style=\"color: #3366ff;\"><strong>1338-24-5<\/strong><\/span><\/a><\/td>\n<\/tr>\n<tr style=\"height: 54.00pt;\">\n<td class=\"et2\" style=\"height: 54.00pt; width: 146.25pt;\" width=\"195\" height=\"72\"><a href=\"https:\/\/longchangchemical.com\/tr\/product\/copper-naphthenate-cas-1338-02-9\/\"><span style=\"color: #3366ff;\"><strong>Bak\u0131r naftenat<\/strong><\/span><\/a><\/td>\n<td class=\"et2\" style=\"width: 110.25pt;\" width=\"147\"><a href=\"https:\/\/longchangchemical.com\/tr\/product\/copper-naphthenate-cas-1338-02-9\/\"><span style=\"color: #3366ff;\"><strong>1338-02-9<\/strong><\/span><\/a><\/td>\n<\/tr>\n<tr style=\"height: 54.00pt;\">\n<td class=\"et3\" style=\"height: 54.00pt; width: 146.25pt;\" width=\"195\" height=\"72\"><span style=\"color: #3366ff;\"><strong>\u00c7inko naftenat<\/strong><\/span><\/td>\n<td class=\"et3\" style=\"width: 110.25pt;\" width=\"147\"><span style=\"color: #3366ff;\"><strong>12001-85-3<\/strong><\/span><\/td>\n<\/tr>\n<\/tbody>\n<\/table>\n<h2><\/h2>\n<h2><strong><b>\u015eimdi Bize Ula\u015f\u0131n!<\/b><\/strong><\/h2>\n<h4><strong><b>\u00d6zelle\u015ftirilmi\u015f hizmetler sunuyoruz, genellikle 24 saat i\u00e7inde sizinle ileti\u015fime ge\u00e7ece\u011fiz. Ayr\u0131ca mesai saatleri i\u00e7inde (8:30 - 6:00 UTC+8 Pzt.~Sat.) info@longchangchemical.com adresine e-posta g\u00f6nderebilir veya h\u0131zl\u0131 yan\u0131t almak i\u00e7in web sitesi canl\u0131 sohbetini kullanabilirsiniz.<\/b><\/strong><\/h4>","protected":false},"excerpt":{"rendered":"<h4>Kimyasal Ad\u0131: \u00c7inko naftenat<\/h4>\n<h4>CAS No: 12001-85-3<\/h4>\n<h4>Molek\u00fcler Fom\u00fcl: 2(C11H7O2).Zn<\/h4>\n<h4>Molek\u00fcl a\u011f\u0131rl\u0131\u011f\u0131: 319,71<\/h4>\n<h4>G\u00f6r\u00fcn\u00fc\u015f: Kahverengi s\u0131v\u0131, karakteristik bir kokuya sahip<\/h4>\n<h4>Tahlil: 8%<\/h4>","protected":false},"featured_media":4360,"comment_status":"open","ping_status":"closed","template":"","meta":[],"product_brand":[],"product_cat":[69],"product_tag":[],"class_list":{"0":"post-4148","1":"product","2":"type-product","3":"status-publish","4":"has-post-thumbnail","6":"product_cat-catalysts-chemical-auxiliary-agents","8":"first","9":"instock","10":"shipping-taxable","11":"product-type-simple"},"yoast_head":"<!-- This site is optimized with the Yoast SEO plugin v25.3.1 - https:\/\/yoast.com\/wordpress\/plugins\/seo\/ -->\n<title>China Zinc naphthenate Manufacturer \uff06 Supplier - Longchang chemical Co., Ltd.<\/title>\n<meta name=\"description\" content=\"Longchang Chemical is a leading manufacturer and supplier of Zinc naphthenate in China. Buy Zinc naphthenate in china. We can provide the best Zinc naphthenate price.\" \/>\n<meta name=\"robots\" content=\"index, follow, max-snippet:-1, max-image-preview:large, max-video-preview:-1\" \/>\n<link rel=\"canonical\" href=\"https:\/\/longchangchemical.com\/tr\/product\/zinc-naphthenate-cas-12001-85-3\/\" \/>\n<meta property=\"og:locale\" content=\"tr_TR\" \/>\n<meta property=\"og:type\" content=\"article\" \/>\n<meta property=\"og:title\" content=\"China Zinc naphthenate Manufacturer \uff06 Supplier - Longchang chemical Co., Ltd.\" \/>\n<meta property=\"og:description\" content=\"Longchang Chemical is a leading manufacturer and supplier of Zinc naphthenate in China. Buy Zinc naphthenate in china. We can provide the best Zinc naphthenate price.\" \/>\n<meta property=\"og:url\" content=\"https:\/\/longchangchemical.com\/tr\/product\/zinc-naphthenate-cas-12001-85-3\/\" \/>\n<meta property=\"og:site_name\" content=\"Longchang Chemical\" \/>\n<meta property=\"article:modified_time\" content=\"2021-12-17T10:52:16+00:00\" \/>\n<meta property=\"og:image\" content=\"https:\/\/longchangchemical.com\/wp-content\/uploads\/2021\/01\/Zinc-naphthenate-Appearance.jpg\" \/>\n\t<meta property=\"og:image:width\" content=\"600\" \/>\n\t<meta property=\"og:image:height\" content=\"800\" \/>\n\t<meta property=\"og:image:type\" content=\"image\/jpeg\" \/>\n<meta name=\"twitter:card\" content=\"summary_large_image\" \/>\n<script type=\"application\/ld+json\" class=\"yoast-schema-graph\">{\"@context\":\"https:\/\/schema.org\",\"@graph\":[{\"@type\":\"WebPage\",\"@id\":\"https:\/\/longchangchemical.com\/product\/zinc-naphthenate-cas-12001-85-3\/\",\"url\":\"https:\/\/longchangchemical.com\/product\/zinc-naphthenate-cas-12001-85-3\/\",\"name\":\"China Zinc naphthenate Manufacturer \uff06 Supplier - Longchang chemical Co., Ltd.\",\"isPartOf\":{\"@id\":\"https:\/\/longchangchemical.com\/#website\"},\"primaryImageOfPage\":{\"@id\":\"https:\/\/longchangchemical.com\/product\/zinc-naphthenate-cas-12001-85-3\/#primaryimage\"},\"image\":{\"@id\":\"https:\/\/longchangchemical.com\/product\/zinc-naphthenate-cas-12001-85-3\/#primaryimage\"},\"thumbnailUrl\":\"https:\/\/longchangchemical.com\/wp-content\/uploads\/2021\/01\/Zinc-naphthenate-Appearance.jpg\",\"datePublished\":\"2021-02-08T08:41:46+00:00\",\"dateModified\":\"2021-12-17T10:52:16+00:00\",\"description\":\"Longchang Chemical is a leading manufacturer and supplier of Zinc naphthenate in China. Buy Zinc naphthenate in china. We can provide the best Zinc naphthenate price.\",\"breadcrumb\":{\"@id\":\"https:\/\/longchangchemical.com\/product\/zinc-naphthenate-cas-12001-85-3\/#breadcrumb\"},\"inLanguage\":\"tr\",\"potentialAction\":[{\"@type\":\"ReadAction\",\"target\":[\"https:\/\/longchangchemical.com\/product\/zinc-naphthenate-cas-12001-85-3\/\"]}]},{\"@type\":\"ImageObject\",\"inLanguage\":\"tr\",\"@id\":\"https:\/\/longchangchemical.com\/product\/zinc-naphthenate-cas-12001-85-3\/#primaryimage\",\"url\":\"https:\/\/longchangchemical.com\/wp-content\/uploads\/2021\/01\/Zinc-naphthenate-Appearance.jpg\",\"contentUrl\":\"https:\/\/longchangchemical.com\/wp-content\/uploads\/2021\/01\/Zinc-naphthenate-Appearance.jpg\",\"width\":600,\"height\":800,\"caption\":\"Zinc naphthenate Appearance\"},{\"@type\":\"BreadcrumbList\",\"@id\":\"https:\/\/longchangchemical.com\/product\/zinc-naphthenate-cas-12001-85-3\/#breadcrumb\",\"itemListElement\":[{\"@type\":\"ListItem\",\"position\":1,\"name\":\"Home\",\"item\":\"https:\/\/longchangchemical.com\/\"},{\"@type\":\"ListItem\",\"position\":2,\"name\":\"Products Longchang\",\"item\":\"https:\/\/longchangchemical.com\/product\/\"},{\"@type\":\"ListItem\",\"position\":3,\"name\":\"Zinc naphthenate CAS 12001-85-3\"}]},{\"@type\":\"WebSite\",\"@id\":\"https:\/\/longchangchemical.com\/#website\",\"url\":\"https:\/\/longchangchemical.com\/\",\"name\":\"Longchang Chemical\",\"description\":\"China chemical manufacturer \uff06 supplier\",\"publisher\":{\"@id\":\"https:\/\/longchangchemical.com\/#organization\"},\"potentialAction\":[{\"@type\":\"SearchAction\",\"target\":{\"@type\":\"EntryPoint\",\"urlTemplate\":\"https:\/\/longchangchemical.com\/?s={search_term_string}\"},\"query-input\":{\"@type\":\"PropertyValueSpecification\",\"valueRequired\":true,\"valueName\":\"search_term_string\"}}],\"inLanguage\":\"tr\"},{\"@type\":\"Organization\",\"@id\":\"https:\/\/longchangchemical.com\/#organization\",\"name\":\"Longchang Chemical\",\"url\":\"https:\/\/longchangchemical.com\/\",\"logo\":{\"@type\":\"ImageObject\",\"inLanguage\":\"tr\",\"@id\":\"https:\/\/longchangchemical.com\/#\/schema\/logo\/image\/\",\"url\":\"https:\/\/longchangchemical.com\/wp-content\/uploads\/2020\/08\/cropped-longchang-logo.png\",\"contentUrl\":\"https:\/\/longchangchemical.com\/wp-content\/uploads\/2020\/08\/cropped-longchang-logo.png\",\"width\":512,\"height\":512,\"caption\":\"Longchang Chemical\"},\"image\":{\"@id\":\"https:\/\/longchangchemical.com\/#\/schema\/logo\/image\/\"}}]}<\/script>\n<!-- \/ Yoast SEO plugin. -->","yoast_head_json":{"title":"\u00c7in \u00c7inko naftenat \u00dcretici \uff06 Tedarik\u00e7i - Longchang chemical Co, Ltd.","description":"Longchang Chemical, \u00c7in'in \u00f6nde gelen \u00c7inko naftenat \u00fcreticisi ve tedarik\u00e7isidir. \u00c7in'de \u00c7inko naftenat sat\u0131n al\u0131n. En iyi \u00c7inko naftenat fiyat\u0131n\u0131 sa\u011flayabiliriz.","robots":{"index":"index","follow":"follow","max-snippet":"max-snippet:-1","max-image-preview":"max-image-preview:large","max-video-preview":"max-video-preview:-1"},"canonical":"https:\/\/longchangchemical.com\/tr\/product\/zinc-naphthenate-cas-12001-85-3\/","og_locale":"tr_TR","og_type":"article","og_title":"China Zinc naphthenate Manufacturer \uff06 Supplier - Longchang chemical Co., Ltd.","og_description":"Longchang Chemical is a leading manufacturer and supplier of Zinc naphthenate in China. Buy Zinc naphthenate in china. We can provide the best Zinc naphthenate price.","og_url":"https:\/\/longchangchemical.com\/tr\/product\/zinc-naphthenate-cas-12001-85-3\/","og_site_name":"Longchang Chemical","article_modified_time":"2021-12-17T10:52:16+00:00","og_image":[{"width":600,"height":800,"url":"https:\/\/longchangchemical.com\/wp-content\/uploads\/2021\/01\/Zinc-naphthenate-Appearance.jpg","type":"image\/jpeg"}],"twitter_card":"summary_large_image","schema":{"@context":"https:\/\/schema.org","@graph":[{"@type":"WebPage","@id":"https:\/\/longchangchemical.com\/product\/zinc-naphthenate-cas-12001-85-3\/","url":"https:\/\/longchangchemical.com\/product\/zinc-naphthenate-cas-12001-85-3\/","name":"\u00c7in \u00c7inko naftenat \u00dcretici \uff06 Tedarik\u00e7i - Longchang chemical Co, Ltd.","isPartOf":{"@id":"https:\/\/longchangchemical.com\/#website"},"primaryImageOfPage":{"@id":"https:\/\/longchangchemical.com\/product\/zinc-naphthenate-cas-12001-85-3\/#primaryimage"},"image":{"@id":"https:\/\/longchangchemical.com\/product\/zinc-naphthenate-cas-12001-85-3\/#primaryimage"},"thumbnailUrl":"https:\/\/longchangchemical.com\/wp-content\/uploads\/2021\/01\/Zinc-naphthenate-Appearance.jpg","datePublished":"2021-02-08T08:41:46+00:00","dateModified":"2021-12-17T10:52:16+00:00","description":"Longchang Chemical, \u00c7in'in \u00f6nde gelen \u00c7inko naftenat \u00fcreticisi ve tedarik\u00e7isidir. \u00c7in'de \u00c7inko naftenat sat\u0131n al\u0131n. En iyi \u00c7inko naftenat fiyat\u0131n\u0131 sa\u011flayabiliriz.","breadcrumb":{"@id":"https:\/\/longchangchemical.com\/product\/zinc-naphthenate-cas-12001-85-3\/#breadcrumb"},"inLanguage":"tr","potentialAction":[{"@type":"ReadAction","target":["https:\/\/longchangchemical.com\/product\/zinc-naphthenate-cas-12001-85-3\/"]}]},{"@type":"ImageObject","inLanguage":"tr","@id":"https:\/\/longchangchemical.com\/product\/zinc-naphthenate-cas-12001-85-3\/#primaryimage","url":"https:\/\/longchangchemical.com\/wp-content\/uploads\/2021\/01\/Zinc-naphthenate-Appearance.jpg","contentUrl":"https:\/\/longchangchemical.com\/wp-content\/uploads\/2021\/01\/Zinc-naphthenate-Appearance.jpg","width":600,"height":800,"caption":"Zinc naphthenate Appearance"},{"@type":"BreadcrumbList","@id":"https:\/\/longchangchemical.com\/product\/zinc-naphthenate-cas-12001-85-3\/#breadcrumb","itemListElement":[{"@type":"ListItem","position":1,"name":"Home","item":"https:\/\/longchangchemical.com\/"},{"@type":"ListItem","position":2,"name":"Products Longchang","item":"https:\/\/longchangchemical.com\/product\/"},{"@type":"ListItem","position":3,"name":"Zinc naphthenate CAS 12001-85-3"}]},{"@type":"WebSite","@id":"https:\/\/longchangchemical.com\/#website","url":"https:\/\/longchangchemical.com\/","name":"Longchang Kimya","description":"\u00c7in kimyasal \u00fcreticisi \uff06 tedarik\u00e7isi","publisher":{"@id":"https:\/\/longchangchemical.com\/#organization"},"potentialAction":[{"@type":"SearchAction","target":{"@type":"EntryPoint","urlTemplate":"https:\/\/longchangchemical.com\/?s={search_term_string}"},"query-input":{"@type":"PropertyValueSpecification","valueRequired":true,"valueName":"search_term_string"}}],"inLanguage":"tr"},{"@type":"Organization","@id":"https:\/\/longchangchemical.com\/#organization","name":"Longchang Kimya","url":"https:\/\/longchangchemical.com\/","logo":{"@type":"ImageObject","inLanguage":"tr","@id":"https:\/\/longchangchemical.com\/#\/schema\/logo\/image\/","url":"https:\/\/longchangchemical.com\/wp-content\/uploads\/2020\/08\/cropped-longchang-logo.png","contentUrl":"https:\/\/longchangchemical.com\/wp-content\/uploads\/2020\/08\/cropped-longchang-logo.png","width":512,"height":512,"caption":"Longchang Chemical"},"image":{"@id":"https:\/\/longchangchemical.com\/#\/schema\/logo\/image\/"}}]}},"_links":{"self":[{"href":"https:\/\/longchangchemical.com\/tr\/wp-json\/wp\/v2\/product\/4148","targetHints":{"allow":["GET"]}}],"collection":[{"href":"https:\/\/longchangchemical.com\/tr\/wp-json\/wp\/v2\/product"}],"about":[{"href":"https:\/\/longchangchemical.com\/tr\/wp-json\/wp\/v2\/types\/product"}],"replies":[{"embeddable":true,"href":"https:\/\/longchangchemical.com\/tr\/wp-json\/wp\/v2\/comments?post=4148"}],"wp:featuredmedia":[{"embeddable":true,"href":"https:\/\/longchangchemical.com\/tr\/wp-json\/wp\/v2\/media\/4360"}],"wp:attachment":[{"href":"https:\/\/longchangchemical.com\/tr\/wp-json\/wp\/v2\/media?parent=4148"}],"wp:term":[{"taxonomy":"product_brand","embeddable":true,"href":"https:\/\/longchangchemical.com\/tr\/wp-json\/wp\/v2\/product_brand?post=4148"},{"taxonomy":"product_cat","embeddable":true,"href":"https:\/\/longchangchemical.com\/tr\/wp-json\/wp\/v2\/product_cat?post=4148"},{"taxonomy":"product_tag","embeddable":true,"href":"https:\/\/longchangchemical.com\/tr\/wp-json\/wp\/v2\/product_tag?post=4148"}],"curies":[{"name":"wp","href":"https:\/\/api.w.org\/{rel}","templated":true}]}}