{"id":4136,"date":"2021-03-19T13:40:09","date_gmt":"2021-03-19T13:40:09","guid":{"rendered":"https:\/\/longchangchemical.com\/?post_type=product&#038;p=4136"},"modified":"2025-12-23T02:32:57","modified_gmt":"2025-12-23T02:32:57","slug":"cobalt-carbonate-cas-513-79-1","status":"publish","type":"product","link":"https:\/\/longchangchemical.com\/tr\/product\/cobalt-carbonate-cas-513-79-1\/","title":{"rendered":"Kobalt karbonat CAS 513-79-1"},"content":{"rendered":"<h1><strong>Kobalt karbonat CAS 513-79-1<\/strong><\/h1>\n<table class=\"table-1\" width=\"-76\" cellspacing=\"0\">\n<tbody>\n<tr>\n<td>\n<h4>\u00d6\u011fe<\/h4>\n<\/td>\n<td>\n<h4>Standart<\/h4>\n<\/td>\n<\/tr>\n<tr>\n<td>\n<h4>G\u00f6r\u00fcn\u00fc\u015f<\/h4>\n<\/td>\n<td>\n<h4>Mavi veya pembe toz<\/h4>\n<\/td>\n<\/tr>\n<tr>\n<td>\n<h4>Kobalt<\/h4>\n<\/td>\n<td>\n<h4>\u226547%<\/h4>\n<\/td>\n<\/tr>\n<tr>\n<td>\n<h4>Nikel<\/h4>\n<\/td>\n<td>\n<h4>\u22640,01%<\/h4>\n<\/td>\n<\/tr>\n<tr>\n<td>\n<h4>Demir<\/h4>\n<\/td>\n<td>\n<h4>\u22640,01%<\/h4>\n<\/td>\n<\/tr>\n<tr>\n<td>\n<h4>Magnezyum<\/h4>\n<\/td>\n<td>\n<h4>\u22640,01%<\/h4>\n<\/td>\n<\/tr>\n<tr>\n<td>\n<h4>Kalsiyum<\/h4>\n<\/td>\n<td>\n<h4>\u22640,01%<\/h4>\n<\/td>\n<\/tr>\n<\/tbody>\n<\/table>\n<p>&nbsp;<\/p>\n<h2><strong>Kobalt karbonat Kullan\u0131m\u0131<\/strong><\/h2>\n<h4>1. Bu \u00fcr\u00fcn kobalt oksit \u00fcretimi i\u00e7in hammaddedir.<br \/>\n2. Bu \u00fcr\u00fcn, lityum pil katot malzemeleri \u00fcretimi i\u00e7in bir hammaddedir.<br \/>\n3. Bu \u00fcr\u00fcn seramik end\u00fcstrisinde renklendirici olarak kullan\u0131l\u0131r.<br \/>\n4. Bu \u00fcr\u00fcn madencilik end\u00fcstrisinde zenginle\u015ftirme ajan\u0131 olarak kullan\u0131l\u0131r.<br \/>\n5. Organik end\u00fcstrisinde bu \u00fcr\u00fcn kataliz\u00f6r, kamuflaj kaplamalar\u0131 ve kimyasal s\u0131cakl\u0131k g\u00f6stergeleri yap\u0131m\u0131nda kullan\u0131l\u0131r.<br \/>\n6. Tar\u0131mda, bu \u00fcr\u00fcn iz element g\u00fcbresi olarak kullan\u0131l\u0131r.<br \/>\n7. Bu \u00fcr\u00fcn analitik kimyada analitik reaktif olarak kullan\u0131l\u0131r.<\/h4>\n<p>&nbsp;<\/p>\n<h2><strong>Kobalt karbonat Paketleme ve Nakliye<\/strong><\/h2>\n<h4>Ambalaj: 25 kg dokuma torba veya karton bidon.<\/h4>\n<h4>Teslimat: deniz yoluyla.<\/h4>\n<p>&nbsp;<\/p>\n<h2><strong>Ayn\u0131 seri \u00fcr\u00fcnler<\/strong><\/h2>\n<table style=\"border-collapse: collapse; width: 312.02pt;\" border=\"0\" width=\"416\" cellspacing=\"0\" cellpadding=\"0\">\n<tbody>\n<tr style=\"height: 54.00pt;\">\n<td class=\"et3\" style=\"height: 54.00pt; width: 201.75pt;\" width=\"269\" height=\"72\">\n<h4>Kobalt karbonat<\/h4>\n<\/td>\n<td class=\"et3\" style=\"width: 110.25pt;\" width=\"147\">\n<h4>513-79-1<\/h4>\n<\/td>\n<\/tr>\n<tr style=\"height: 40.50pt;\">\n<td class=\"et4\" style=\"height: 40.50pt; width: 201.75pt;\" width=\"269\" height=\"54\">\n<h4><a href=\"https:\/\/longchangchemical.com\/tr\/product\/guanidine-carbonate-cas-593-85-1\/\"><span style=\"color: #3366ff;\">Guanidin karbonat<\/span><\/a><\/h4>\n<\/td>\n<td class=\"et5\" style=\"width: 110.25pt;\" width=\"147\">\n<h4><span style=\"color: #000000;\">593-85-1<\/span><\/h4>\n<\/td>\n<\/tr>\n<tr style=\"height: 40.50pt;\">\n<td class=\"et6\" style=\"height: 40.50pt; width: 201.75pt;\" width=\"269\" height=\"54\">\n<h4><a href=\"https:\/\/longchangchemical.com\/tr\/product\/manganese-carbonate-cas-598-62-9\/\"><span style=\"color: #3366ff;\">Manganez karbonat<\/span><\/a><\/h4>\n<\/td>\n<td class=\"et6\" style=\"width: 110.25pt;\" width=\"147\">\n<h4><span style=\"color: #000000;\">598-62-9<\/span><\/h4>\n<\/td>\n<\/tr>\n<tr style=\"height: 40.50pt;\">\n<td class=\"et7\" style=\"height: 40.50pt;\" height=\"54\">\n<h4><a href=\"https:\/\/longchangchemical.com\/tr\/product\/ammonium-bicarbonate-cas-1066-33-7\/\"><span style=\"color: #3366ff;\">Amonyum bikarbonat<\/span><\/a><\/h4>\n<\/td>\n<td class=\"et7\">\n<h4><span style=\"color: #000000;\">1066-33-7<\/span><\/h4>\n<\/td>\n<\/tr>\n<tr style=\"height: 40.50pt;\">\n<td class=\"et4\" style=\"height: 40.50pt; width: 201.75pt;\" width=\"269\" height=\"54\">\n<h4><a href=\"https:\/\/longchangchemical.com\/tr\/product\/caesium-carbonate-cas-534-17-8\/\"><span style=\"color: #3366ff;\">Sezyum karbonat<\/span><\/a><\/h4>\n<\/td>\n<td class=\"et4\" style=\"width: 110.25pt;\" width=\"147\">\n<h4><span style=\"color: #000000;\">534-17-8<\/span><\/h4>\n<\/td>\n<\/tr>\n<tr style=\"height: 40.50pt;\">\n<td class=\"et8\" style=\"height: 40.50pt; width: 201.75pt;\" width=\"269\" height=\"54\">\n<h4><a href=\"https:\/\/longchangchemical.com\/tr\/product\/strontium-carbonate-cas-1633-05-2\/\"><span style=\"color: #3366ff;\">Stronsiyum karbonat<\/span><\/a><\/h4>\n<\/td>\n<td class=\"et8\" style=\"width: 110.25pt;\" width=\"147\">\n<h4><span style=\"color: #000000;\">1633-05-2<\/span><\/h4>\n<\/td>\n<\/tr>\n<tr style=\"height: 40.50pt;\">\n<td class=\"et4\" style=\"height: 40.50pt; width: 201.75pt;\" width=\"269\" height=\"54\">\n<h4><a href=\"https:\/\/longchangchemical.com\/tr\/product\/carbohydrazide-cas-497-18-7\/\"><span style=\"color: #3366ff;\">Karbohidrazid<\/span><\/a><\/h4>\n<\/td>\n<td class=\"et4\" style=\"width: 110.25pt;\" width=\"147\">\n<h4><span style=\"color: #000000;\">497-18-7<\/span><\/h4>\n<\/td>\n<\/tr>\n<\/tbody>\n<\/table>\n<h2><strong><b>\u015eimdi Bize Ula\u015f\u0131n!<\/b><\/strong><\/h2>\n<h4><strong><b>\u00d6zelle\u015ftirilmi\u015f hizmetler sunuyoruz, genellikle 24 saat i\u00e7inde sizinle ileti\u015fime ge\u00e7ece\u011fiz. Ayr\u0131ca mesai saatleri i\u00e7inde (8:30 - 6:00 UTC+8 Pzt.~Sat.) info@longchangchemical.com adresine e-posta g\u00f6nderebilir veya h\u0131zl\u0131 yan\u0131t almak i\u00e7in web sitesi canl\u0131 sohbetini kullanabilirsiniz.<\/b><\/strong><\/h4>","protected":false},"excerpt":{"rendered":"<h4>Kimyasal Ad\u0131: Kobalt karbonat<\/h4>\n<h4>CAS No: 513-79-1<\/h4>\n<h4>Molek\u00fcler Fom\u00fcl: CCoO3<\/h4>\n<h4>Kimyasal Yap\u0131:<img decoding=\"async\" title=\"Kobalt karbonat Yap\u0131s\u0131\" src=\"https:\/\/www.longchangchemical.com\/wp-content\/uploads\/product-details\/20200612233858.png\" alt=\"Kobalt karbonat Yap\u0131s\u0131\" width=\"51\" height=\"73\" border=\"0\" vspace=\"0\" \/><\/h4>\n<h4>Molek\u00fcl a\u011f\u0131rl\u0131\u011f\u0131: 118,94<\/h4>\n<h4>G\u00f6r\u00fcn\u00fc\u015f: Mavi veya pembe toz<\/h4>\n<h4>Test: \u226547%<\/h4>","protected":false},"featured_media":4441,"comment_status":"open","ping_status":"closed","template":"","meta":[],"product_brand":[],"product_cat":[69],"product_tag":[],"class_list":{"0":"post-4136","1":"product","2":"type-product","3":"status-publish","4":"has-post-thumbnail","6":"product_cat-catalysts-chemical-auxiliary-agents","8":"first","9":"instock","10":"shipping-taxable","11":"product-type-simple"},"yoast_head":"<!-- This site is optimized with the Yoast SEO plugin v25.3.1 - https:\/\/yoast.com\/wordpress\/plugins\/seo\/ -->\n<title>China Cobalt carbonate Manufacturer \uff06 513-79-1 Supplier - Longchang chemical Co., Ltd.<\/title>\n<meta name=\"description\" content=\"Longchang Chemical is a leading manufacturer and supplier of Cobalt carbonate in China. Buy Cobalt carbonate in china. We can provide the best Cobalt carbonate price.\" \/>\n<meta name=\"robots\" content=\"index, follow, max-snippet:-1, max-image-preview:large, max-video-preview:-1\" \/>\n<link rel=\"canonical\" href=\"https:\/\/longchangchemical.com\/tr\/product\/cobalt-carbonate-cas-513-79-1\/\" \/>\n<meta property=\"og:locale\" content=\"tr_TR\" \/>\n<meta property=\"og:type\" content=\"article\" \/>\n<meta property=\"og:title\" content=\"China Cobalt carbonate Manufacturer \uff06 513-79-1 Supplier - Longchang chemical Co., Ltd.\" \/>\n<meta property=\"og:description\" content=\"Longchang Chemical is a leading manufacturer and supplier of Cobalt carbonate in China. Buy Cobalt carbonate in china. We can provide the best Cobalt carbonate price.\" \/>\n<meta property=\"og:url\" content=\"https:\/\/longchangchemical.com\/tr\/product\/cobalt-carbonate-cas-513-79-1\/\" \/>\n<meta property=\"og:site_name\" content=\"Longchang Chemical\" \/>\n<meta property=\"article:modified_time\" content=\"2025-12-23T02:32:57+00:00\" \/>\n<meta property=\"og:image\" content=\"https:\/\/longchangchemical.com\/wp-content\/uploads\/2021\/01\/Appearance-14.jpg\" \/>\n\t<meta property=\"og:image:width\" content=\"600\" \/>\n\t<meta property=\"og:image:height\" content=\"800\" \/>\n\t<meta property=\"og:image:type\" content=\"image\/jpeg\" \/>\n<meta name=\"twitter:card\" content=\"summary_large_image\" \/>\n<script type=\"application\/ld+json\" class=\"yoast-schema-graph\">{\"@context\":\"https:\/\/schema.org\",\"@graph\":[{\"@type\":\"WebPage\",\"@id\":\"https:\/\/longchangchemical.com\/product\/cobalt-carbonate-cas-513-79-1\/\",\"url\":\"https:\/\/longchangchemical.com\/product\/cobalt-carbonate-cas-513-79-1\/\",\"name\":\"China Cobalt carbonate Manufacturer \uff06 513-79-1 Supplier - Longchang chemical Co., Ltd.\",\"isPartOf\":{\"@id\":\"https:\/\/longchangchemical.com\/#website\"},\"primaryImageOfPage\":{\"@id\":\"https:\/\/longchangchemical.com\/product\/cobalt-carbonate-cas-513-79-1\/#primaryimage\"},\"image\":{\"@id\":\"https:\/\/longchangchemical.com\/product\/cobalt-carbonate-cas-513-79-1\/#primaryimage\"},\"thumbnailUrl\":\"https:\/\/longchangchemical.com\/wp-content\/uploads\/2021\/01\/Appearance-14.jpg\",\"datePublished\":\"2021-03-19T13:40:09+00:00\",\"dateModified\":\"2025-12-23T02:32:57+00:00\",\"description\":\"Longchang Chemical is a leading manufacturer and supplier of Cobalt carbonate in China. Buy Cobalt carbonate in china. We can provide the best Cobalt carbonate price.\",\"breadcrumb\":{\"@id\":\"https:\/\/longchangchemical.com\/product\/cobalt-carbonate-cas-513-79-1\/#breadcrumb\"},\"inLanguage\":\"tr\",\"potentialAction\":[{\"@type\":\"ReadAction\",\"target\":[\"https:\/\/longchangchemical.com\/product\/cobalt-carbonate-cas-513-79-1\/\"]}]},{\"@type\":\"ImageObject\",\"inLanguage\":\"tr\",\"@id\":\"https:\/\/longchangchemical.com\/product\/cobalt-carbonate-cas-513-79-1\/#primaryimage\",\"url\":\"https:\/\/longchangchemical.com\/wp-content\/uploads\/2021\/01\/Appearance-14.jpg\",\"contentUrl\":\"https:\/\/longchangchemical.com\/wp-content\/uploads\/2021\/01\/Appearance-14.jpg\",\"width\":600,\"height\":800,\"caption\":\"Appearance\"},{\"@type\":\"BreadcrumbList\",\"@id\":\"https:\/\/longchangchemical.com\/product\/cobalt-carbonate-cas-513-79-1\/#breadcrumb\",\"itemListElement\":[{\"@type\":\"ListItem\",\"position\":1,\"name\":\"Home\",\"item\":\"https:\/\/longchangchemical.com\/\"},{\"@type\":\"ListItem\",\"position\":2,\"name\":\"Products Longchang\",\"item\":\"https:\/\/longchangchemical.com\/product\/\"},{\"@type\":\"ListItem\",\"position\":3,\"name\":\"Cobalt carbonate CAS 513-79-1\"}]},{\"@type\":\"WebSite\",\"@id\":\"https:\/\/longchangchemical.com\/#website\",\"url\":\"https:\/\/longchangchemical.com\/\",\"name\":\"Longchang Chemical\",\"description\":\"China chemical manufacturer \uff06 supplier\",\"publisher\":{\"@id\":\"https:\/\/longchangchemical.com\/#organization\"},\"potentialAction\":[{\"@type\":\"SearchAction\",\"target\":{\"@type\":\"EntryPoint\",\"urlTemplate\":\"https:\/\/longchangchemical.com\/?s={search_term_string}\"},\"query-input\":{\"@type\":\"PropertyValueSpecification\",\"valueRequired\":true,\"valueName\":\"search_term_string\"}}],\"inLanguage\":\"tr\"},{\"@type\":\"Organization\",\"@id\":\"https:\/\/longchangchemical.com\/#organization\",\"name\":\"Longchang Chemical\",\"url\":\"https:\/\/longchangchemical.com\/\",\"logo\":{\"@type\":\"ImageObject\",\"inLanguage\":\"tr\",\"@id\":\"https:\/\/longchangchemical.com\/#\/schema\/logo\/image\/\",\"url\":\"https:\/\/longchangchemical.com\/wp-content\/uploads\/2020\/08\/cropped-longchang-logo.png\",\"contentUrl\":\"https:\/\/longchangchemical.com\/wp-content\/uploads\/2020\/08\/cropped-longchang-logo.png\",\"width\":512,\"height\":512,\"caption\":\"Longchang Chemical\"},\"image\":{\"@id\":\"https:\/\/longchangchemical.com\/#\/schema\/logo\/image\/\"}}]}<\/script>\n<!-- \/ Yoast SEO plugin. -->","yoast_head_json":{"title":"\u00c7in Kobalt karbonat \u00dcretici \uff06 513-79-1 Tedarik\u00e7i - Longchang chemical Co, Ltd.","description":"Longchang Chemical, \u00c7in'in \u00f6nde gelen Kobalt karbonat \u00fcreticisi ve tedarik\u00e7isidir. \u00c7in'de Kobalt karbonat sat\u0131n al\u0131n. En iyi Kobalt karbonat fiyat\u0131n\u0131 sa\u011flayabiliriz.","robots":{"index":"index","follow":"follow","max-snippet":"max-snippet:-1","max-image-preview":"max-image-preview:large","max-video-preview":"max-video-preview:-1"},"canonical":"https:\/\/longchangchemical.com\/tr\/product\/cobalt-carbonate-cas-513-79-1\/","og_locale":"tr_TR","og_type":"article","og_title":"China Cobalt carbonate Manufacturer \uff06 513-79-1 Supplier - Longchang chemical Co., Ltd.","og_description":"Longchang Chemical is a leading manufacturer and supplier of Cobalt carbonate in China. Buy Cobalt carbonate in china. We can provide the best Cobalt carbonate price.","og_url":"https:\/\/longchangchemical.com\/tr\/product\/cobalt-carbonate-cas-513-79-1\/","og_site_name":"Longchang Chemical","article_modified_time":"2025-12-23T02:32:57+00:00","og_image":[{"width":600,"height":800,"url":"https:\/\/longchangchemical.com\/wp-content\/uploads\/2021\/01\/Appearance-14.jpg","type":"image\/jpeg"}],"twitter_card":"summary_large_image","schema":{"@context":"https:\/\/schema.org","@graph":[{"@type":"WebPage","@id":"https:\/\/longchangchemical.com\/product\/cobalt-carbonate-cas-513-79-1\/","url":"https:\/\/longchangchemical.com\/product\/cobalt-carbonate-cas-513-79-1\/","name":"\u00c7in Kobalt karbonat \u00dcretici \uff06 513-79-1 Tedarik\u00e7i - Longchang chemical Co, Ltd.","isPartOf":{"@id":"https:\/\/longchangchemical.com\/#website"},"primaryImageOfPage":{"@id":"https:\/\/longchangchemical.com\/product\/cobalt-carbonate-cas-513-79-1\/#primaryimage"},"image":{"@id":"https:\/\/longchangchemical.com\/product\/cobalt-carbonate-cas-513-79-1\/#primaryimage"},"thumbnailUrl":"https:\/\/longchangchemical.com\/wp-content\/uploads\/2021\/01\/Appearance-14.jpg","datePublished":"2021-03-19T13:40:09+00:00","dateModified":"2025-12-23T02:32:57+00:00","description":"Longchang Chemical, \u00c7in'in \u00f6nde gelen Kobalt karbonat \u00fcreticisi ve tedarik\u00e7isidir. \u00c7in'de Kobalt karbonat sat\u0131n al\u0131n. En iyi Kobalt karbonat fiyat\u0131n\u0131 sa\u011flayabiliriz.","breadcrumb":{"@id":"https:\/\/longchangchemical.com\/product\/cobalt-carbonate-cas-513-79-1\/#breadcrumb"},"inLanguage":"tr","potentialAction":[{"@type":"ReadAction","target":["https:\/\/longchangchemical.com\/product\/cobalt-carbonate-cas-513-79-1\/"]}]},{"@type":"ImageObject","inLanguage":"tr","@id":"https:\/\/longchangchemical.com\/product\/cobalt-carbonate-cas-513-79-1\/#primaryimage","url":"https:\/\/longchangchemical.com\/wp-content\/uploads\/2021\/01\/Appearance-14.jpg","contentUrl":"https:\/\/longchangchemical.com\/wp-content\/uploads\/2021\/01\/Appearance-14.jpg","width":600,"height":800,"caption":"Appearance"},{"@type":"BreadcrumbList","@id":"https:\/\/longchangchemical.com\/product\/cobalt-carbonate-cas-513-79-1\/#breadcrumb","itemListElement":[{"@type":"ListItem","position":1,"name":"Home","item":"https:\/\/longchangchemical.com\/"},{"@type":"ListItem","position":2,"name":"Products Longchang","item":"https:\/\/longchangchemical.com\/product\/"},{"@type":"ListItem","position":3,"name":"Cobalt carbonate CAS 513-79-1"}]},{"@type":"WebSite","@id":"https:\/\/longchangchemical.com\/#website","url":"https:\/\/longchangchemical.com\/","name":"Longchang Kimya","description":"\u00c7in kimyasal \u00fcreticisi \uff06 tedarik\u00e7isi","publisher":{"@id":"https:\/\/longchangchemical.com\/#organization"},"potentialAction":[{"@type":"SearchAction","target":{"@type":"EntryPoint","urlTemplate":"https:\/\/longchangchemical.com\/?s={search_term_string}"},"query-input":{"@type":"PropertyValueSpecification","valueRequired":true,"valueName":"search_term_string"}}],"inLanguage":"tr"},{"@type":"Organization","@id":"https:\/\/longchangchemical.com\/#organization","name":"Longchang Kimya","url":"https:\/\/longchangchemical.com\/","logo":{"@type":"ImageObject","inLanguage":"tr","@id":"https:\/\/longchangchemical.com\/#\/schema\/logo\/image\/","url":"https:\/\/longchangchemical.com\/wp-content\/uploads\/2020\/08\/cropped-longchang-logo.png","contentUrl":"https:\/\/longchangchemical.com\/wp-content\/uploads\/2020\/08\/cropped-longchang-logo.png","width":512,"height":512,"caption":"Longchang Chemical"},"image":{"@id":"https:\/\/longchangchemical.com\/#\/schema\/logo\/image\/"}}]}},"_links":{"self":[{"href":"https:\/\/longchangchemical.com\/tr\/wp-json\/wp\/v2\/product\/4136","targetHints":{"allow":["GET"]}}],"collection":[{"href":"https:\/\/longchangchemical.com\/tr\/wp-json\/wp\/v2\/product"}],"about":[{"href":"https:\/\/longchangchemical.com\/tr\/wp-json\/wp\/v2\/types\/product"}],"replies":[{"embeddable":true,"href":"https:\/\/longchangchemical.com\/tr\/wp-json\/wp\/v2\/comments?post=4136"}],"wp:featuredmedia":[{"embeddable":true,"href":"https:\/\/longchangchemical.com\/tr\/wp-json\/wp\/v2\/media\/4441"}],"wp:attachment":[{"href":"https:\/\/longchangchemical.com\/tr\/wp-json\/wp\/v2\/media?parent=4136"}],"wp:term":[{"taxonomy":"product_brand","embeddable":true,"href":"https:\/\/longchangchemical.com\/tr\/wp-json\/wp\/v2\/product_brand?post=4136"},{"taxonomy":"product_cat","embeddable":true,"href":"https:\/\/longchangchemical.com\/tr\/wp-json\/wp\/v2\/product_cat?post=4136"},{"taxonomy":"product_tag","embeddable":true,"href":"https:\/\/longchangchemical.com\/tr\/wp-json\/wp\/v2\/product_tag?post=4136"}],"curies":[{"name":"wp","href":"https:\/\/api.w.org\/{rel}","templated":true}]}}