{"id":4115,"date":"2021-07-27T03:18:39","date_gmt":"2021-07-27T03:18:39","guid":{"rendered":"https:\/\/longchangchemical.com\/?post_type=product&#038;p=4115"},"modified":"2025-12-22T07:59:10","modified_gmt":"2025-12-22T07:59:10","slug":"cas-149249-91-2","status":"publish","type":"product","link":"https:\/\/longchangchemical.com\/tr\/product\/cas-149249-91-2\/","title":{"rendered":"(3r,4s)-1-benzoyl-4-phenyl-3-[(triethylsilyl)oxy]-2-azetidinone CAS 149249-91-2"},"content":{"rendered":"<h1><strong>(3R,4S)-1-Benzoil-4-fenil-3-[(trietilsilil)oksi]-2-azetidinon<\/strong><\/h1>\n<table class=\"table-1\" cellspacing=\"0\">\n<tbody>\n<tr>\n<td>\n<h4>E\u015fyalar<\/h4>\n<\/td>\n<td>\n<h4>Sonu\u00e7<\/h4>\n<\/td>\n<\/tr>\n<tr>\n<td>\n<h4>G\u00f6r\u00fcn\u00fc\u015f<\/h4>\n<\/td>\n<td>\n<h4>Renksiz veya soluk sar\u0131 ya\u011f; beyaz toz<\/h4>\n<\/td>\n<\/tr>\n<tr>\n<td>\n<h4>Tan\u0131mlama (HPLC)<\/h4>\n<\/td>\n<td>\n<h4>Majoy'un al\u0131konma s\u00fcresi<\/h4>\n<\/td>\n<\/tr>\n<tr>\n<td>\n<h4>Su<\/h4>\n<\/td>\n<td>\n<h4>En fazla 1,0%<\/h4>\n<\/td>\n<\/tr>\n<tr>\n<td>\n<h4>Safl\u0131k<\/h4>\n<\/td>\n<td>\n<h4>En az 95,0%<\/h4>\n<\/td>\n<\/tr>\n<\/tbody>\n<\/table>\n<p>&nbsp;<\/p>\n<h2><strong>(3R,4S)-1-Benzoil-4-fenil-3-[(trietilsilil)oksi]-2-azetidinon Kullan\u0131m\u0131<\/strong><\/h2>\n<h4>Ke\u015ffedilmi\u015f en iyi do\u011fal anti-kanser ilac\u0131d\u0131r ve meme kanseri, yumurtal\u0131k kanseri ve baz\u0131 ba\u015f ve boyun kanserleri ile akci\u011fer kanserinin tedavisinde yayg\u0131n olarak kullan\u0131lmaktad\u0131r.<\/h4>\n<p>&nbsp;<\/p>\n<h2><strong>(3R,4S)-1-Benzoil-4-fenil-3-[(trietilsilil)oksi]-2-azetidinon Paketleme ve Nakliye<\/strong><\/h2>\n<h4>Ambalaj (ya\u011f): 10g\/\u015fi\u015fe 100g\/\u015fi\u015fe 500g\/\u015fi\u015fe 1kg\/\u015fi\u015fe<\/h4>\n<h4>Ambalaj (toz): 500 g \/ \u00c7anta 100 g \/ \u00e7anta 50 g \/ \u00e7anta<\/h4>\n<p>&nbsp;<\/p>\n<p><strong>(3R,4S)-1-Benzoil-4-fenil-3-[(trietilsilil)oksi]-2-azetidinonDepolama<\/strong><\/p>\n<h4>Ya\u011f: G\u00fcne\u015f \u0131\u015f\u0131\u011f\u0131 ve \u0131s\u0131dan uzak, serin, kuru ve havaland\u0131r\u0131lm\u0131\u015f bir yerde saklan\u0131r<\/h4>\n<h4>Toz: 15\u00b0C'de saklay\u0131n.<\/h4>\n<p>&nbsp;<\/p>\n<h2><strong><b>\u015eimdi Bize Ula\u015f\u0131n!<\/b><\/strong><\/h2>\n<h4><strong><b>COA, MSDS veya TDS'ye ihtiyac\u0131n\u0131z varsa, l\u00fctfen a\u015fa\u011f\u0131daki forma ileti\u015fim bilgilerinizi girin, genellikle 24 saat i\u00e7inde sizinle ileti\u015fime ge\u00e7ece\u011fiz. Bana e-posta da g\u00f6nderebilirsiniz <span style=\"color: #0000ff;\"><a style=\"color: #0000ff;\" href=\"mailto:info@longchangchemical.com\">info@longchangchemical.com<\/a><\/span> \u00c7al\u0131\u015fma saatleri i\u00e7inde (8:30 - 6:00 UTC+8 Pzt.~Sat.) veya h\u0131zl\u0131 yan\u0131t almak i\u00e7in web sitesi canl\u0131 sohbetini kullan\u0131n.<\/b><\/strong><\/h4>","protected":false},"excerpt":{"rendered":"<h4>Kimyasal Ad\u0131: (3R,4S)-1-Benzoil-4-fenil-3-[(trietilsilil)oksi]-2-azetidinon<\/h4>\n<h4>CAS No: 149249-91-2<\/h4>\n<h4>Molek\u00fcler Form\u00fcl: C22H27NO3Si<\/h4>\n<h4>Molek\u00fcler A\u011f\u0131rl\u0131k: 381,54<\/h4>\n<h4>Molek\u00fcler Yap\u0131:<img decoding=\"async\" title=\"PACLITAXEL YAN Z\u0130NC\u0130R NO 2 Yap\u0131s\u0131\" src=\"https:\/\/www.longchangchemical.com\/wp-content\/uploads\/product-details\/20200610249098.png\" alt=\"PACLITAXEL YAN Z\u0130NC\u0130R NO 2 Yap\u0131s\u0131\" width=\"117\" height=\"143\" border=\"0\" vspace=\"0\" \/><\/h4>\n<h4>G\u00f6r\u00fcn\u00fc\u015f: Renksiz veya soluk sar\u0131 ya\u011f; beyaz toz<\/h4>","protected":false},"featured_media":4739,"comment_status":"open","ping_status":"closed","template":"","meta":[],"product_brand":[],"product_cat":[113],"product_tag":[],"class_list":{"0":"post-4115","1":"product","2":"type-product","3":"status-publish","4":"has-post-thumbnail","6":"product_cat-organic-intermediate","8":"first","9":"instock","10":"shipping-taxable","11":"product-type-simple"},"yoast_head":"<!-- This site is optimized with the Yoast SEO plugin v25.3.1 - https:\/\/yoast.com\/wordpress\/plugins\/seo\/ -->\n<title>China (3r,4s)-1-benzoyl-4-phenyl-3-[(triethylsilyl)oxy]-2-azetidinone manufacturer - Longchang Chemical<\/title>\n<meta name=\"description\" content=\"Longchang Chemical is a china Leading (3r,4s)-1-benzoyl-4-phenyl-3-[(triethylsilyl)oxy]-2-azetidinone manufacturer and supplier.\" \/>\n<meta name=\"robots\" content=\"index, follow, max-snippet:-1, max-image-preview:large, max-video-preview:-1\" \/>\n<link rel=\"canonical\" href=\"https:\/\/longchangchemical.com\/tr\/product\/cas-149249-91-2\/\" \/>\n<meta property=\"og:locale\" content=\"tr_TR\" \/>\n<meta property=\"og:type\" content=\"article\" \/>\n<meta property=\"og:title\" content=\"China (3r,4s)-1-benzoyl-4-phenyl-3-[(triethylsilyl)oxy]-2-azetidinone manufacturer - Longchang Chemical\" \/>\n<meta property=\"og:description\" content=\"Longchang Chemical is a china Leading (3r,4s)-1-benzoyl-4-phenyl-3-[(triethylsilyl)oxy]-2-azetidinone manufacturer and supplier.\" \/>\n<meta property=\"og:url\" content=\"https:\/\/longchangchemical.com\/tr\/product\/cas-149249-91-2\/\" \/>\n<meta property=\"og:site_name\" content=\"Longchang Chemical\" \/>\n<meta property=\"article:modified_time\" content=\"2025-12-22T07:59:10+00:00\" \/>\n<meta property=\"og:image\" content=\"https:\/\/longchangchemical.com\/wp-content\/uploads\/2021\/01\/149249-91-2-appearance.jpg\" \/>\n\t<meta property=\"og:image:width\" content=\"600\" \/>\n\t<meta property=\"og:image:height\" content=\"800\" \/>\n\t<meta property=\"og:image:type\" content=\"image\/jpeg\" \/>\n<meta name=\"twitter:card\" content=\"summary_large_image\" \/>\n<script type=\"application\/ld+json\" class=\"yoast-schema-graph\">{\"@context\":\"https:\/\/schema.org\",\"@graph\":[{\"@type\":\"WebPage\",\"@id\":\"https:\/\/longchangchemical.com\/product\/cas-149249-91-2\/\",\"url\":\"https:\/\/longchangchemical.com\/product\/cas-149249-91-2\/\",\"name\":\"China (3r,4s)-1-benzoyl-4-phenyl-3-[(triethylsilyl)oxy]-2-azetidinone manufacturer - Longchang Chemical\",\"isPartOf\":{\"@id\":\"https:\/\/longchangchemical.com\/#website\"},\"primaryImageOfPage\":{\"@id\":\"https:\/\/longchangchemical.com\/product\/cas-149249-91-2\/#primaryimage\"},\"image\":{\"@id\":\"https:\/\/longchangchemical.com\/product\/cas-149249-91-2\/#primaryimage\"},\"thumbnailUrl\":\"https:\/\/longchangchemical.com\/wp-content\/uploads\/2021\/01\/149249-91-2-appearance.jpg\",\"datePublished\":\"2021-07-27T03:18:39+00:00\",\"dateModified\":\"2025-12-22T07:59:10+00:00\",\"description\":\"Longchang Chemical is a china Leading (3r,4s)-1-benzoyl-4-phenyl-3-[(triethylsilyl)oxy]-2-azetidinone manufacturer and supplier.\",\"breadcrumb\":{\"@id\":\"https:\/\/longchangchemical.com\/product\/cas-149249-91-2\/#breadcrumb\"},\"inLanguage\":\"tr\",\"potentialAction\":[{\"@type\":\"ReadAction\",\"target\":[\"https:\/\/longchangchemical.com\/product\/cas-149249-91-2\/\"]}]},{\"@type\":\"ImageObject\",\"inLanguage\":\"tr\",\"@id\":\"https:\/\/longchangchemical.com\/product\/cas-149249-91-2\/#primaryimage\",\"url\":\"https:\/\/longchangchemical.com\/wp-content\/uploads\/2021\/01\/149249-91-2-appearance.jpg\",\"contentUrl\":\"https:\/\/longchangchemical.com\/wp-content\/uploads\/2021\/01\/149249-91-2-appearance.jpg\",\"width\":600,\"height\":800},{\"@type\":\"BreadcrumbList\",\"@id\":\"https:\/\/longchangchemical.com\/product\/cas-149249-91-2\/#breadcrumb\",\"itemListElement\":[{\"@type\":\"ListItem\",\"position\":1,\"name\":\"Home\",\"item\":\"https:\/\/longchangchemical.com\/\"},{\"@type\":\"ListItem\",\"position\":2,\"name\":\"Products Longchang\",\"item\":\"https:\/\/longchangchemical.com\/product\/\"},{\"@type\":\"ListItem\",\"position\":3,\"name\":\"(3r,4s)-1-benzoyl-4-phenyl-3-[(triethylsilyl)oxy]-2-azetidinone CAS 149249-91-2\"}]},{\"@type\":\"WebSite\",\"@id\":\"https:\/\/longchangchemical.com\/#website\",\"url\":\"https:\/\/longchangchemical.com\/\",\"name\":\"Longchang Chemical\",\"description\":\"China chemical manufacturer \uff06 supplier\",\"publisher\":{\"@id\":\"https:\/\/longchangchemical.com\/#organization\"},\"potentialAction\":[{\"@type\":\"SearchAction\",\"target\":{\"@type\":\"EntryPoint\",\"urlTemplate\":\"https:\/\/longchangchemical.com\/?s={search_term_string}\"},\"query-input\":{\"@type\":\"PropertyValueSpecification\",\"valueRequired\":true,\"valueName\":\"search_term_string\"}}],\"inLanguage\":\"tr\"},{\"@type\":\"Organization\",\"@id\":\"https:\/\/longchangchemical.com\/#organization\",\"name\":\"Longchang Chemical\",\"url\":\"https:\/\/longchangchemical.com\/\",\"logo\":{\"@type\":\"ImageObject\",\"inLanguage\":\"tr\",\"@id\":\"https:\/\/longchangchemical.com\/#\/schema\/logo\/image\/\",\"url\":\"https:\/\/longchangchemical.com\/wp-content\/uploads\/2020\/08\/cropped-longchang-logo.png\",\"contentUrl\":\"https:\/\/longchangchemical.com\/wp-content\/uploads\/2020\/08\/cropped-longchang-logo.png\",\"width\":512,\"height\":512,\"caption\":\"Longchang Chemical\"},\"image\":{\"@id\":\"https:\/\/longchangchemical.com\/#\/schema\/logo\/image\/\"}}]}<\/script>\n<!-- \/ Yoast SEO plugin. -->","yoast_head_json":{"title":"\u00c7in (3r,4s) -1-benzoil-4-fenil-3- [(trietilsilil) oksi] -2-azetidinon \u00fcreticisi - Longchang Chemical","description":"Longchang Chemical, \u00c7in'in \u00f6nde gelen (3r, 4s) -1-benzoil-4-fenil-3 - [(trietilsilil) oksi] -2-azetidinon \u00fcreticisi ve tedarik\u00e7isidir.","robots":{"index":"index","follow":"follow","max-snippet":"max-snippet:-1","max-image-preview":"max-image-preview:large","max-video-preview":"max-video-preview:-1"},"canonical":"https:\/\/longchangchemical.com\/tr\/product\/cas-149249-91-2\/","og_locale":"tr_TR","og_type":"article","og_title":"China (3r,4s)-1-benzoyl-4-phenyl-3-[(triethylsilyl)oxy]-2-azetidinone manufacturer - Longchang Chemical","og_description":"Longchang Chemical is a china Leading (3r,4s)-1-benzoyl-4-phenyl-3-[(triethylsilyl)oxy]-2-azetidinone manufacturer and supplier.","og_url":"https:\/\/longchangchemical.com\/tr\/product\/cas-149249-91-2\/","og_site_name":"Longchang Chemical","article_modified_time":"2025-12-22T07:59:10+00:00","og_image":[{"width":600,"height":800,"url":"https:\/\/longchangchemical.com\/wp-content\/uploads\/2021\/01\/149249-91-2-appearance.jpg","type":"image\/jpeg"}],"twitter_card":"summary_large_image","schema":{"@context":"https:\/\/schema.org","@graph":[{"@type":"WebPage","@id":"https:\/\/longchangchemical.com\/product\/cas-149249-91-2\/","url":"https:\/\/longchangchemical.com\/product\/cas-149249-91-2\/","name":"\u00c7in (3r,4s) -1-benzoil-4-fenil-3- [(trietilsilil) oksi] -2-azetidinon \u00fcreticisi - Longchang Chemical","isPartOf":{"@id":"https:\/\/longchangchemical.com\/#website"},"primaryImageOfPage":{"@id":"https:\/\/longchangchemical.com\/product\/cas-149249-91-2\/#primaryimage"},"image":{"@id":"https:\/\/longchangchemical.com\/product\/cas-149249-91-2\/#primaryimage"},"thumbnailUrl":"https:\/\/longchangchemical.com\/wp-content\/uploads\/2021\/01\/149249-91-2-appearance.jpg","datePublished":"2021-07-27T03:18:39+00:00","dateModified":"2025-12-22T07:59:10+00:00","description":"Longchang Chemical, \u00c7in'in \u00f6nde gelen (3r, 4s) -1-benzoil-4-fenil-3 - [(trietilsilil) oksi] -2-azetidinon \u00fcreticisi ve tedarik\u00e7isidir.","breadcrumb":{"@id":"https:\/\/longchangchemical.com\/product\/cas-149249-91-2\/#breadcrumb"},"inLanguage":"tr","potentialAction":[{"@type":"ReadAction","target":["https:\/\/longchangchemical.com\/product\/cas-149249-91-2\/"]}]},{"@type":"ImageObject","inLanguage":"tr","@id":"https:\/\/longchangchemical.com\/product\/cas-149249-91-2\/#primaryimage","url":"https:\/\/longchangchemical.com\/wp-content\/uploads\/2021\/01\/149249-91-2-appearance.jpg","contentUrl":"https:\/\/longchangchemical.com\/wp-content\/uploads\/2021\/01\/149249-91-2-appearance.jpg","width":600,"height":800},{"@type":"BreadcrumbList","@id":"https:\/\/longchangchemical.com\/product\/cas-149249-91-2\/#breadcrumb","itemListElement":[{"@type":"ListItem","position":1,"name":"Home","item":"https:\/\/longchangchemical.com\/"},{"@type":"ListItem","position":2,"name":"Products Longchang","item":"https:\/\/longchangchemical.com\/product\/"},{"@type":"ListItem","position":3,"name":"(3r,4s)-1-benzoyl-4-phenyl-3-[(triethylsilyl)oxy]-2-azetidinone CAS 149249-91-2"}]},{"@type":"WebSite","@id":"https:\/\/longchangchemical.com\/#website","url":"https:\/\/longchangchemical.com\/","name":"Longchang Kimya","description":"\u00c7in kimyasal \u00fcreticisi \uff06 tedarik\u00e7isi","publisher":{"@id":"https:\/\/longchangchemical.com\/#organization"},"potentialAction":[{"@type":"SearchAction","target":{"@type":"EntryPoint","urlTemplate":"https:\/\/longchangchemical.com\/?s={search_term_string}"},"query-input":{"@type":"PropertyValueSpecification","valueRequired":true,"valueName":"search_term_string"}}],"inLanguage":"tr"},{"@type":"Organization","@id":"https:\/\/longchangchemical.com\/#organization","name":"Longchang Kimya","url":"https:\/\/longchangchemical.com\/","logo":{"@type":"ImageObject","inLanguage":"tr","@id":"https:\/\/longchangchemical.com\/#\/schema\/logo\/image\/","url":"https:\/\/longchangchemical.com\/wp-content\/uploads\/2020\/08\/cropped-longchang-logo.png","contentUrl":"https:\/\/longchangchemical.com\/wp-content\/uploads\/2020\/08\/cropped-longchang-logo.png","width":512,"height":512,"caption":"Longchang Chemical"},"image":{"@id":"https:\/\/longchangchemical.com\/#\/schema\/logo\/image\/"}}]}},"_links":{"self":[{"href":"https:\/\/longchangchemical.com\/tr\/wp-json\/wp\/v2\/product\/4115","targetHints":{"allow":["GET"]}}],"collection":[{"href":"https:\/\/longchangchemical.com\/tr\/wp-json\/wp\/v2\/product"}],"about":[{"href":"https:\/\/longchangchemical.com\/tr\/wp-json\/wp\/v2\/types\/product"}],"replies":[{"embeddable":true,"href":"https:\/\/longchangchemical.com\/tr\/wp-json\/wp\/v2\/comments?post=4115"}],"wp:featuredmedia":[{"embeddable":true,"href":"https:\/\/longchangchemical.com\/tr\/wp-json\/wp\/v2\/media\/4739"}],"wp:attachment":[{"href":"https:\/\/longchangchemical.com\/tr\/wp-json\/wp\/v2\/media?parent=4115"}],"wp:term":[{"taxonomy":"product_brand","embeddable":true,"href":"https:\/\/longchangchemical.com\/tr\/wp-json\/wp\/v2\/product_brand?post=4115"},{"taxonomy":"product_cat","embeddable":true,"href":"https:\/\/longchangchemical.com\/tr\/wp-json\/wp\/v2\/product_cat?post=4115"},{"taxonomy":"product_tag","embeddable":true,"href":"https:\/\/longchangchemical.com\/tr\/wp-json\/wp\/v2\/product_tag?post=4115"}],"curies":[{"name":"wp","href":"https:\/\/api.w.org\/{rel}","templated":true}]}}