{"id":4083,"date":"2021-04-22T06:50:03","date_gmt":"2021-04-22T06:50:03","guid":{"rendered":"https:\/\/longchangchemical.com\/?post_type=product&#038;p=4083"},"modified":"2025-12-22T09:23:21","modified_gmt":"2025-12-22T09:23:21","slug":"methyl-nicotinate-cas-93-60-7","status":"publish","type":"product","link":"https:\/\/longchangchemical.com\/tr\/product\/methyl-nicotinate-cas-93-60-7\/","title":{"rendered":"Metil nikotinat CAS 93-60-7"},"content":{"rendered":"<h1><strong>Metil nikotinat CAS 93-60-7<\/strong><\/h1>\n<table class=\"table-1\" cellspacing=\"0\">\n<tbody>\n<tr>\n<td>\n<h4>\u00d6\u011fe<\/h4>\n<\/td>\n<td>\n<h4>Teknik \u00d6zellikler<\/h4>\n<\/td>\n<td>\n<h4>Sonu\u00e7lar<\/h4>\n<\/td>\n<\/tr>\n<tr>\n<td>\n<h4>G\u00f6r\u00fcn\u00fc\u015f<\/h4>\n<\/td>\n<td>\n<h4>Kirli beyaz veya beyaz kristal (d\u00fc\u015f\u00fck erime noktal\u0131 kristal)<\/h4>\n<\/td>\n<td>\n<h4>Kirli beyaz kristal<\/h4>\n<\/td>\n<\/tr>\n<tr>\n<td>\n<h4>Tahlil (HPLC)<\/h4>\n<\/td>\n<td>\n<h4>99%min<\/h4>\n<\/td>\n<td>\n<h4>99.52%<\/h4>\n<\/td>\n<\/tr>\n<tr>\n<td>\n<h4>S\u00fclfatlanm\u0131\u015f k\u00fcl<\/h4>\n<\/td>\n<td>\n<h4>0,5%max<\/h4>\n<\/td>\n<td>\n<h4>0.09%<\/h4>\n<\/td>\n<\/tr>\n<tr>\n<td>\n<h4>Su i\u00e7eri\u011fi<\/h4>\n<\/td>\n<td>\n<h4>0,5%max<\/h4>\n<\/td>\n<td>\n<h4>0.09%<\/h4>\n<\/td>\n<\/tr>\n<tr>\n<td>\n<h4>Erime noktas\u0131<\/h4>\n<\/td>\n<td>\n<h4>40-42\u2103<\/h4>\n<\/td>\n<td>\n<h4>40.5-42\u2103<\/h4>\n<\/td>\n<\/tr>\n<tr>\n<td>\n<h4>Sonu\u00e7<\/h4>\n<\/td>\n<td colspan=\"2\">\n<h4>Sonu\u00e7lar kurumsal standartlarla uyumludur<\/h4>\n<\/td>\n<\/tr>\n<\/tbody>\n<\/table>\n<h2><strong>Metil nikotinat Kullan\u0131m\u0131<\/strong><\/h2>\n<h4>1. Bu \u00fcr\u00fcn genellikle biyokimyasal ara\u015ft\u0131rmalar ve t\u0131bbi cilt k\u0131zar\u0131kl\u0131\u011f\u0131 i\u00e7in kabul edilir.<br \/>\n2. Metil niasin esas olarak kozmetik ve cilt bak\u0131m \u00fcr\u00fcnlerinde vazodilat\u00f6r olarak kullan\u0131l\u0131r.<\/h4>\n<p>&nbsp;<\/p>\n<h2><strong>Metil nikotinat Ambalaj<\/strong><\/h2>\n<h4>1kg\/\u015fi\u015fe\uff1b25kg\/davul<\/h4>\n<p>&nbsp;<\/p>\n<h2><strong>Ayn\u0131 seri \u00fcr\u00fcnler<\/strong><\/h2>\n<table style=\"border-collapse: collapse; width: 312.02pt;\" border=\"0\" width=\"416\" cellspacing=\"0\" cellpadding=\"0\">\n<tbody>\n<tr style=\"height: 54.00pt;\">\n<td class=\"et3\" style=\"height: 54.00pt; width: 201.75pt;\" width=\"269\" height=\"72\">\n<h4><a href=\"https:\/\/longchangchemical.com\/tr\/product\/benzyl-nicotinate-cas-94-44-0\/\"><span style=\"color: #0000ff;\">Benzil nikotinat<\/span><\/a><\/h4>\n<\/td>\n<td class=\"et3\" style=\"width: 110.25pt;\" width=\"147\">\n<h4><span style=\"color: #0000ff;\">94-44-0<\/span><\/h4>\n<\/td>\n<\/tr>\n<tr style=\"height: 54.00pt;\">\n<td class=\"et4\" style=\"height: 54.00pt; width: 201.75pt;\" width=\"269\" height=\"72\">\n<h4>Metil nikotinat<\/h4>\n<\/td>\n<td class=\"et4\" style=\"width: 110.25pt;\" width=\"147\">\n<h4>93-60-7<\/h4>\n<\/td>\n<\/tr>\n<\/tbody>\n<\/table>\n<h2><\/h2>\n<h2><strong><b>\u015eimdi Bize Ula\u015f\u0131n!<\/b><\/strong><\/h2>\n<h4><strong><b>COA, MSDS veya TDS'ye ihtiyac\u0131n\u0131z varsa, l\u00fctfen a\u015fa\u011f\u0131daki forma ileti\u015fim bilgilerinizi girin, genellikle 24 saat i\u00e7inde sizinle ileti\u015fime ge\u00e7ece\u011fiz. Bana e-posta da g\u00f6nderebilirsiniz <span style=\"color: #0000ff;\"><a style=\"color: #0000ff;\" href=\"mailto:info@longchangchemical.com\">info@longchangchemical.com<\/a><\/span> \u00c7al\u0131\u015fma saatleri i\u00e7inde (8:30 - 6:00 UTC+8 Pzt.~Sat.) veya h\u0131zl\u0131 yan\u0131t almak i\u00e7in web sitesi canl\u0131 sohbetini kullan\u0131n.<\/b><\/strong><\/h4>","protected":false},"excerpt":{"rendered":"<h4>Kimyasal Ad\u0131: Metil nikotinat<\/h4>\n<h4>CAS: 93-60-7<\/h4>\n<h4>Molek\u00fcler Fom\u00fcl:C7H7NO2<\/h4>\n<h4>Molek\u00fcler A\u011f\u0131rl\u0131k:137.14<\/h4>\n<h4>Kimyasal Yap\u0131:<img decoding=\"async\" title=\"Metil nikotinat Yap\u0131s\u0131\" src=\"https:\/\/www.longchangchemical.com\/wp-content\/uploads\/product-details\/20200615271697.png\" alt=\"Metil nikotinat Yap\u0131s\u0131\" width=\"95\" height=\"53\" border=\"0\" vspace=\"0\" \/><\/h4>\n<h4>G\u00f6r\u00fcn\u00fc\u015f Beyaz Toz<\/h4>\n<h4>Safl\u0131k: 99.0%<\/h4>","protected":false},"featured_media":4509,"comment_status":"open","ping_status":"closed","template":"","meta":[],"product_brand":[],"product_cat":[69],"product_tag":[],"class_list":{"0":"post-4083","1":"product","2":"type-product","3":"status-publish","4":"has-post-thumbnail","6":"product_cat-catalysts-chemical-auxiliary-agents","8":"first","9":"instock","10":"shipping-taxable","11":"product-type-simple"},"yoast_head":"<!-- This site is optimized with the Yoast SEO plugin v25.3.1 - https:\/\/yoast.com\/wordpress\/plugins\/seo\/ -->\n<title>China Methyl nicotinate Manufacturer \uff06 CAS 93-60-7 Supplier - Longchang chemical Co., Ltd.<\/title>\n<meta name=\"description\" content=\"Longchang Chemical is a leading manufacturer and supplier of Methyl nicotinate in China. Buy Methyl nicotinate in china. We can provide the best Methyl nicotinate price.\" \/>\n<meta name=\"robots\" content=\"index, follow, max-snippet:-1, max-image-preview:large, max-video-preview:-1\" \/>\n<link rel=\"canonical\" href=\"https:\/\/longchangchemical.com\/tr\/product\/methyl-nicotinate-cas-93-60-7\/\" \/>\n<meta property=\"og:locale\" content=\"tr_TR\" \/>\n<meta property=\"og:type\" content=\"article\" \/>\n<meta property=\"og:title\" content=\"China Methyl nicotinate Manufacturer \uff06 CAS 93-60-7 Supplier - Longchang chemical Co., Ltd.\" \/>\n<meta property=\"og:description\" content=\"Longchang Chemical is a leading manufacturer and supplier of Methyl nicotinate in China. Buy Methyl nicotinate in china. We can provide the best Methyl nicotinate price.\" \/>\n<meta property=\"og:url\" content=\"https:\/\/longchangchemical.com\/tr\/product\/methyl-nicotinate-cas-93-60-7\/\" \/>\n<meta property=\"og:site_name\" content=\"Longchang Chemical\" \/>\n<meta property=\"article:modified_time\" content=\"2025-12-22T09:23:21+00:00\" \/>\n<meta property=\"og:image\" content=\"https:\/\/longchangchemical.com\/wp-content\/uploads\/2021\/01\/Methyl-nicotinate-Appearance.jpg\" \/>\n\t<meta property=\"og:image:width\" content=\"600\" \/>\n\t<meta property=\"og:image:height\" content=\"800\" \/>\n\t<meta property=\"og:image:type\" content=\"image\/jpeg\" \/>\n<meta name=\"twitter:card\" content=\"summary_large_image\" \/>\n<script type=\"application\/ld+json\" class=\"yoast-schema-graph\">{\"@context\":\"https:\/\/schema.org\",\"@graph\":[{\"@type\":\"WebPage\",\"@id\":\"https:\/\/longchangchemical.com\/product\/methyl-nicotinate-cas-93-60-7\/\",\"url\":\"https:\/\/longchangchemical.com\/product\/methyl-nicotinate-cas-93-60-7\/\",\"name\":\"China Methyl nicotinate Manufacturer \uff06 CAS 93-60-7 Supplier - Longchang chemical Co., Ltd.\",\"isPartOf\":{\"@id\":\"https:\/\/longchangchemical.com\/#website\"},\"primaryImageOfPage\":{\"@id\":\"https:\/\/longchangchemical.com\/product\/methyl-nicotinate-cas-93-60-7\/#primaryimage\"},\"image\":{\"@id\":\"https:\/\/longchangchemical.com\/product\/methyl-nicotinate-cas-93-60-7\/#primaryimage\"},\"thumbnailUrl\":\"https:\/\/longchangchemical.com\/wp-content\/uploads\/2021\/01\/Methyl-nicotinate-Appearance.jpg\",\"datePublished\":\"2021-04-22T06:50:03+00:00\",\"dateModified\":\"2025-12-22T09:23:21+00:00\",\"description\":\"Longchang Chemical is a leading manufacturer and supplier of Methyl nicotinate in China. Buy Methyl nicotinate in china. We can provide the best Methyl nicotinate price.\",\"breadcrumb\":{\"@id\":\"https:\/\/longchangchemical.com\/product\/methyl-nicotinate-cas-93-60-7\/#breadcrumb\"},\"inLanguage\":\"tr\",\"potentialAction\":[{\"@type\":\"ReadAction\",\"target\":[\"https:\/\/longchangchemical.com\/product\/methyl-nicotinate-cas-93-60-7\/\"]}]},{\"@type\":\"ImageObject\",\"inLanguage\":\"tr\",\"@id\":\"https:\/\/longchangchemical.com\/product\/methyl-nicotinate-cas-93-60-7\/#primaryimage\",\"url\":\"https:\/\/longchangchemical.com\/wp-content\/uploads\/2021\/01\/Methyl-nicotinate-Appearance.jpg\",\"contentUrl\":\"https:\/\/longchangchemical.com\/wp-content\/uploads\/2021\/01\/Methyl-nicotinate-Appearance.jpg\",\"width\":600,\"height\":800,\"caption\":\"Methyl nicotinate Appearance\"},{\"@type\":\"BreadcrumbList\",\"@id\":\"https:\/\/longchangchemical.com\/product\/methyl-nicotinate-cas-93-60-7\/#breadcrumb\",\"itemListElement\":[{\"@type\":\"ListItem\",\"position\":1,\"name\":\"Home\",\"item\":\"https:\/\/longchangchemical.com\/\"},{\"@type\":\"ListItem\",\"position\":2,\"name\":\"Products Longchang\",\"item\":\"https:\/\/longchangchemical.com\/product\/\"},{\"@type\":\"ListItem\",\"position\":3,\"name\":\"Methyl nicotinate CAS 93-60-7\"}]},{\"@type\":\"WebSite\",\"@id\":\"https:\/\/longchangchemical.com\/#website\",\"url\":\"https:\/\/longchangchemical.com\/\",\"name\":\"Longchang Chemical\",\"description\":\"China chemical manufacturer \uff06 supplier\",\"publisher\":{\"@id\":\"https:\/\/longchangchemical.com\/#organization\"},\"potentialAction\":[{\"@type\":\"SearchAction\",\"target\":{\"@type\":\"EntryPoint\",\"urlTemplate\":\"https:\/\/longchangchemical.com\/?s={search_term_string}\"},\"query-input\":{\"@type\":\"PropertyValueSpecification\",\"valueRequired\":true,\"valueName\":\"search_term_string\"}}],\"inLanguage\":\"tr\"},{\"@type\":\"Organization\",\"@id\":\"https:\/\/longchangchemical.com\/#organization\",\"name\":\"Longchang Chemical\",\"url\":\"https:\/\/longchangchemical.com\/\",\"logo\":{\"@type\":\"ImageObject\",\"inLanguage\":\"tr\",\"@id\":\"https:\/\/longchangchemical.com\/#\/schema\/logo\/image\/\",\"url\":\"https:\/\/longchangchemical.com\/wp-content\/uploads\/2020\/08\/cropped-longchang-logo.png\",\"contentUrl\":\"https:\/\/longchangchemical.com\/wp-content\/uploads\/2020\/08\/cropped-longchang-logo.png\",\"width\":512,\"height\":512,\"caption\":\"Longchang Chemical\"},\"image\":{\"@id\":\"https:\/\/longchangchemical.com\/#\/schema\/logo\/image\/\"}}]}<\/script>\n<!-- \/ Yoast SEO plugin. -->","yoast_head_json":{"title":"\u00c7in Metil nikotinat \u00dcretici \uff06 CAS 93-60-7 Tedarik\u00e7i - Longchang chemical Co, Ltd.","description":"Longchang Chemical, \u00c7in'in \u00f6nde gelen Metil nikotinat \u00fcreticisi ve tedarik\u00e7isidir. \u00c7in'de Metil nikotinat sat\u0131n al\u0131n. En iyi Metil nikotinat fiyat\u0131n\u0131 sa\u011flayabiliriz.","robots":{"index":"index","follow":"follow","max-snippet":"max-snippet:-1","max-image-preview":"max-image-preview:large","max-video-preview":"max-video-preview:-1"},"canonical":"https:\/\/longchangchemical.com\/tr\/product\/methyl-nicotinate-cas-93-60-7\/","og_locale":"tr_TR","og_type":"article","og_title":"China Methyl nicotinate Manufacturer \uff06 CAS 93-60-7 Supplier - Longchang chemical Co., Ltd.","og_description":"Longchang Chemical is a leading manufacturer and supplier of Methyl nicotinate in China. Buy Methyl nicotinate in china. We can provide the best Methyl nicotinate price.","og_url":"https:\/\/longchangchemical.com\/tr\/product\/methyl-nicotinate-cas-93-60-7\/","og_site_name":"Longchang Chemical","article_modified_time":"2025-12-22T09:23:21+00:00","og_image":[{"width":600,"height":800,"url":"https:\/\/longchangchemical.com\/wp-content\/uploads\/2021\/01\/Methyl-nicotinate-Appearance.jpg","type":"image\/jpeg"}],"twitter_card":"summary_large_image","schema":{"@context":"https:\/\/schema.org","@graph":[{"@type":"WebPage","@id":"https:\/\/longchangchemical.com\/product\/methyl-nicotinate-cas-93-60-7\/","url":"https:\/\/longchangchemical.com\/product\/methyl-nicotinate-cas-93-60-7\/","name":"\u00c7in Metil nikotinat \u00dcretici \uff06 CAS 93-60-7 Tedarik\u00e7i - Longchang chemical Co, Ltd.","isPartOf":{"@id":"https:\/\/longchangchemical.com\/#website"},"primaryImageOfPage":{"@id":"https:\/\/longchangchemical.com\/product\/methyl-nicotinate-cas-93-60-7\/#primaryimage"},"image":{"@id":"https:\/\/longchangchemical.com\/product\/methyl-nicotinate-cas-93-60-7\/#primaryimage"},"thumbnailUrl":"https:\/\/longchangchemical.com\/wp-content\/uploads\/2021\/01\/Methyl-nicotinate-Appearance.jpg","datePublished":"2021-04-22T06:50:03+00:00","dateModified":"2025-12-22T09:23:21+00:00","description":"Longchang Chemical, \u00c7in'in \u00f6nde gelen Metil nikotinat \u00fcreticisi ve tedarik\u00e7isidir. \u00c7in'de Metil nikotinat sat\u0131n al\u0131n. En iyi Metil nikotinat fiyat\u0131n\u0131 sa\u011flayabiliriz.","breadcrumb":{"@id":"https:\/\/longchangchemical.com\/product\/methyl-nicotinate-cas-93-60-7\/#breadcrumb"},"inLanguage":"tr","potentialAction":[{"@type":"ReadAction","target":["https:\/\/longchangchemical.com\/product\/methyl-nicotinate-cas-93-60-7\/"]}]},{"@type":"ImageObject","inLanguage":"tr","@id":"https:\/\/longchangchemical.com\/product\/methyl-nicotinate-cas-93-60-7\/#primaryimage","url":"https:\/\/longchangchemical.com\/wp-content\/uploads\/2021\/01\/Methyl-nicotinate-Appearance.jpg","contentUrl":"https:\/\/longchangchemical.com\/wp-content\/uploads\/2021\/01\/Methyl-nicotinate-Appearance.jpg","width":600,"height":800,"caption":"Methyl nicotinate Appearance"},{"@type":"BreadcrumbList","@id":"https:\/\/longchangchemical.com\/product\/methyl-nicotinate-cas-93-60-7\/#breadcrumb","itemListElement":[{"@type":"ListItem","position":1,"name":"Home","item":"https:\/\/longchangchemical.com\/"},{"@type":"ListItem","position":2,"name":"Products Longchang","item":"https:\/\/longchangchemical.com\/product\/"},{"@type":"ListItem","position":3,"name":"Methyl nicotinate CAS 93-60-7"}]},{"@type":"WebSite","@id":"https:\/\/longchangchemical.com\/#website","url":"https:\/\/longchangchemical.com\/","name":"Longchang Kimya","description":"\u00c7in kimyasal \u00fcreticisi \uff06 tedarik\u00e7isi","publisher":{"@id":"https:\/\/longchangchemical.com\/#organization"},"potentialAction":[{"@type":"SearchAction","target":{"@type":"EntryPoint","urlTemplate":"https:\/\/longchangchemical.com\/?s={search_term_string}"},"query-input":{"@type":"PropertyValueSpecification","valueRequired":true,"valueName":"search_term_string"}}],"inLanguage":"tr"},{"@type":"Organization","@id":"https:\/\/longchangchemical.com\/#organization","name":"Longchang Kimya","url":"https:\/\/longchangchemical.com\/","logo":{"@type":"ImageObject","inLanguage":"tr","@id":"https:\/\/longchangchemical.com\/#\/schema\/logo\/image\/","url":"https:\/\/longchangchemical.com\/wp-content\/uploads\/2020\/08\/cropped-longchang-logo.png","contentUrl":"https:\/\/longchangchemical.com\/wp-content\/uploads\/2020\/08\/cropped-longchang-logo.png","width":512,"height":512,"caption":"Longchang Chemical"},"image":{"@id":"https:\/\/longchangchemical.com\/#\/schema\/logo\/image\/"}}]}},"_links":{"self":[{"href":"https:\/\/longchangchemical.com\/tr\/wp-json\/wp\/v2\/product\/4083","targetHints":{"allow":["GET"]}}],"collection":[{"href":"https:\/\/longchangchemical.com\/tr\/wp-json\/wp\/v2\/product"}],"about":[{"href":"https:\/\/longchangchemical.com\/tr\/wp-json\/wp\/v2\/types\/product"}],"replies":[{"embeddable":true,"href":"https:\/\/longchangchemical.com\/tr\/wp-json\/wp\/v2\/comments?post=4083"}],"wp:featuredmedia":[{"embeddable":true,"href":"https:\/\/longchangchemical.com\/tr\/wp-json\/wp\/v2\/media\/4509"}],"wp:attachment":[{"href":"https:\/\/longchangchemical.com\/tr\/wp-json\/wp\/v2\/media?parent=4083"}],"wp:term":[{"taxonomy":"product_brand","embeddable":true,"href":"https:\/\/longchangchemical.com\/tr\/wp-json\/wp\/v2\/product_brand?post=4083"},{"taxonomy":"product_cat","embeddable":true,"href":"https:\/\/longchangchemical.com\/tr\/wp-json\/wp\/v2\/product_cat?post=4083"},{"taxonomy":"product_tag","embeddable":true,"href":"https:\/\/longchangchemical.com\/tr\/wp-json\/wp\/v2\/product_tag?post=4083"}],"curies":[{"name":"wp","href":"https:\/\/api.w.org\/{rel}","templated":true}]}}