{"id":4071,"date":"2024-02-05T05:57:42","date_gmt":"2024-02-05T05:57:42","guid":{"rendered":"https:\/\/longchangchemical.com\/?post_type=product&#038;p=4071"},"modified":"2025-12-17T03:07:58","modified_gmt":"2025-12-17T03:07:58","slug":"fdca-cas-3238-40-2","status":"publish","type":"product","link":"https:\/\/longchangchemical.com\/tr\/product\/fdca-cas-3238-40-2\/","title":{"rendered":"2,5-Furandikarboksilik asit CAS 3238-40-2"},"content":{"rendered":"<h1><strong>2,5-Furandikarboksilik asit CAS 3238-40-2<\/strong><\/h1>\n<table class=\"table-1\" cellspacing=\"0\">\n<tbody>\n<tr>\n<td>E\u015fyalar<\/td>\n<td>Teknik \u00d6zellikler<\/td>\n<\/tr>\n<tr>\n<td>G\u00f6r\u00fcn\u00fc\u015f<\/td>\n<td>Beyaz toz<\/td>\n<\/tr>\n<tr>\n<td>\u0130\u00e7erik (HPLC)<\/td>\n<td>\uff1e99.5%<\/td>\n<\/tr>\n<tr>\n<td>A\u011f\u0131r metaller\uff08mg\/kg\uff09<\/td>\n<td>\u22642.0<\/td>\n<\/tr>\n<tr>\n<td>Kurutma kayb\u0131<\/td>\n<td>\u22640,5%<\/td>\n<\/tr>\n<tr>\n<td>K\u00fcl<\/td>\n<td>\u22642.0%<\/td>\n<\/tr>\n<\/tbody>\n<\/table>\n<p><strong>2,5-Furandikarboksilik asit Kullan\u0131m\u0131<\/strong><\/p>\n<p>1. 5-Hidroksimetilfurfural, petrol bazl\u0131 tereftalik aside yenilenebilir ve ye\u015fil bir alternatif olarak kabul edilen 2,5-furandikarboksilik asidin oksidatif t\u00fcrevlendirilmesi i\u00e7in \u00f6nemli bir platform bile\u015fi\u011fidir. Buna ek olarak<br \/>\n2. 2,5-Furandikarboksilik asit, polyesterler, poliamidler ve epoksi re\u00e7ineler gibi biyo-bazl\u0131 polimerlerin haz\u0131rlanmas\u0131nda izoftalik asit, b\u00fctandioik asit, bisfenol A, adipik asit vb. yerine de kullan\u0131labilir.<br \/>\n3. Biyolojik olarak par\u00e7alanabilen plastik ambalajlarda, m\u00fchendislik plastiklerinde, naylonda vb. kullan\u0131labilir.<\/p>\n<p><strong>2,5-Furandikarboksilik asit Paket<\/strong><\/p>\n<p>25kg\/davul.<\/p>\n<p>M\u00fch\u00fcrlenir ve serin ve kuru bir ortamda saklan\u0131r.<\/p>\n<h2><strong><b>\u015eimdi Bize Ula\u015f\u0131n!<\/b><\/strong><\/h2>\n<h4><strong><b>Fiyata ihtiyac\u0131n\u0131z varsa, l\u00fctfen a\u015fa\u011f\u0131daki forma ileti\u015fim bilgilerinizi doldurun, genellikle 24 saat i\u00e7inde sizinle ileti\u015fime ge\u00e7ece\u011fiz. Bana e-posta da g\u00f6nderebilirsiniz <span style=\"color: #0000ff;\"><a style=\"color: #0000ff;\" href=\"mailto:info@longchangchemical.com\">info@longchangchemical.com<\/a><\/span> \u00c7al\u0131\u015fma saatleri i\u00e7inde (8:30 - 6:00 UTC+8 Pzt.~Sat.) veya h\u0131zl\u0131 yan\u0131t almak i\u00e7in web sitesi canl\u0131 sohbetini kullan\u0131n.<\/b><\/strong><\/h4>\n<p><!--more--><\/p>\n<p>Toz kataliz\u00f6rler kimyasal reaksiyonlarda neden nadiren kullan\u0131l\u0131r?<\/p>\n<p>1, K\u00fctle transfer s\u0131n\u0131rlamas\u0131: Toz kataliz\u00f6rler genellikle katalitik reaksiyonlar\u0131n aktivitesini art\u0131rmak i\u00e7in tasarlanm\u0131\u015f geni\u015f bir y\u00fczey alan\u0131na ve g\u00f6zenek yap\u0131s\u0131na sahiptir. Bununla birlikte, reaktan molek\u00fclleri bu g\u00f6zeneklere giri\u015fleri s\u0131ras\u0131nda k\u00fctle transferi s\u0131n\u0131rlamalar\u0131yla kar\u015f\u0131la\u015fabilir ve bu da s\u0131n\u0131rl\u0131 bir reaksiyon h\u0131z\u0131na neden olur. Buna kar\u015f\u0131l\u0131k, di\u011fer morfolojilere sahip kataliz\u00f6rlerin (\u00f6rne\u011fin, gran\u00fcler veya g\u00f6zenekli) kullan\u0131m\u0131 k\u00fctle aktar\u0131m s\u0131n\u0131rlamalar\u0131n\u0131 hafifletebilir ve b\u00f6ylece reaksiyon h\u0131z\u0131n\u0131 art\u0131rabilir.<\/p>\n<p>2, Bas\u0131n\u00e7 D\u00fc\u015f\u00fc\u015f\u00fc Sorunu: Toz halindeki kataliz\u00f6rler tipik olarak reakt\u00f6rde s\u0131k\u0131ca paketlenmi\u015f bir yatak olu\u015fturur. Reaksiyon ilerledik\u00e7e, reaktanlar kataliz\u00f6r tabakas\u0131ndan ge\u00e7er ve bu da b\u00fcy\u00fck bir bas\u0131n\u00e7 d\u00fc\u015f\u00fc\u015f\u00fcne neden olabilir. Bu bas\u0131n\u00e7 d\u00fc\u015f\u00fc\u015f\u00fc sistemin i\u015fletme maliyetini art\u0131r\u0131r ve uzun bir \u00e7al\u0131\u015fma d\u00f6neminden sonra kataliz\u00f6r bak\u0131m\u0131 ve de\u011fi\u015fimi gerektirebilir.<\/p>\n<p>3, Da\u011f\u0131l\u0131m: Toz halindeki kataliz\u00f6rler, gran\u00fcler formlar\u0131 nedeniyle reakt\u00f6rde zay\u0131f bir \u015fekilde da\u011f\u0131l\u0131rlar. Zay\u0131f da\u011f\u0131l\u0131m, baz\u0131 kataliz\u00f6r partik\u00fcllerinin yetersiz kullan\u0131m\u0131na yol a\u00e7arak reaksiyonun verimlili\u011fini ve \u00fcr\u00fcn se\u00e7icili\u011fini etkileyebilir.<\/p>\n<p>4, Reaksiyon termal y\u00f6netimi: Baz\u0131 katalitik reaksiyonlar ekzotermiktir ve toz kataliz\u00f6rlerin kullan\u0131m\u0131 kataliz\u00f6r yata\u011f\u0131nda \u0131s\u0131 birikimine yol a\u00e7arak reaksiyonun termal y\u00f6netimini daha zor hale getirebilir. Bu durum s\u0131cak nokta olu\u015fumuna ve reaksiyon s\u0131cakl\u0131\u011f\u0131 kontrol problemlerine yol a\u00e7abilir.<\/p>\n<p>Bununla birlikte, t\u00fcm durumlar toz kataliz\u00f6rlerin kullan\u0131m\u0131 i\u00e7in uygun de\u011fildir. Baz\u0131 \u00f6zel reaksiyon ko\u015fullar\u0131 alt\u0131nda, toz kataliz\u00f6rler hala uygun bir se\u00e7im olabilir. Uygun kataliz\u00f6r formunun se\u00e7imi, belirli reaksiyon t\u00fcr\u00fcne, reaksiyon ko\u015fullar\u0131na ve reaksiyon h\u0131z\u0131, se\u00e7icilik ve k\u00fctle transferi gereksinimlerine ba\u011fl\u0131d\u0131r. Uygulamada, kimya m\u00fchendisleri en uygun kataliz\u00f6r formunu se\u00e7mek i\u00e7in yukar\u0131daki fakt\u00f6rleri g\u00f6z \u00f6n\u00fcnde bulunduracakt\u0131r.<\/p>","protected":false},"excerpt":{"rendered":"<p>KimyasalAd\u0131: 2,5-Furandikarboksilikasit<\/p>\n<p>CAS No: 3238-40-2<\/p>\n<p>Molek\u00fcler Form\u00fcl: C6H4O5<\/p>\n<p>Molek\u00fcler A\u011f\u0131rl\u0131k: 156,09<\/p>\n<p>Molek\u00fcler Yap\u0131:<img decoding=\"async\" title=\"CAS 3238-40-2 Yap\u0131\" src=\"https:\/\/www.longchangchemical.com\/wp-content\/uploads\/product-details\/20200612348673.png\" alt=\"CAS 3238-40-2 Yap\u0131\" width=\"155\" height=\"52\" border=\"0\" vspace=\"0\" \/><\/p>\n<p>G\u00f6r\u00fcn\u00fc\u015f: Beyaz toz<\/p>\n<p>Yo\u011funluk: 1.7400<\/p>","protected":false},"featured_media":6720,"comment_status":"open","ping_status":"closed","template":"","meta":[],"product_brand":[],"product_cat":[69],"product_tag":[],"class_list":{"0":"post-4071","1":"product","2":"type-product","3":"status-publish","4":"has-post-thumbnail","6":"product_cat-catalysts-chemical-auxiliary-agents","8":"first","9":"instock","10":"shipping-taxable","11":"product-type-simple"},"yoast_head":"<!-- This site is optimized with the Yoast SEO plugin v25.3.1 - https:\/\/yoast.com\/wordpress\/plugins\/seo\/ -->\n<title>China 2,5-Furandicarboxylic acid Manufacturer CAS 3238-40-2 - Longchang Chemical<\/title>\n<meta name=\"description\" content=\"2,5-Furandicarboxylic acid CAS 3238-40-2 is a key product of Longchang Chemical. We provide the best price. We are the leading manufacturer in China with the best quality and competitive price.\" \/>\n<meta name=\"robots\" content=\"index, follow, max-snippet:-1, max-image-preview:large, max-video-preview:-1\" \/>\n<link rel=\"canonical\" href=\"https:\/\/longchangchemical.com\/tr\/product\/fdca-cas-3238-40-2\/\" \/>\n<meta property=\"og:locale\" content=\"tr_TR\" \/>\n<meta property=\"og:type\" content=\"article\" \/>\n<meta property=\"og:title\" content=\"China 2,5-Furandicarboxylic acid Manufacturer CAS 3238-40-2 - Longchang Chemical\" \/>\n<meta property=\"og:description\" content=\"2,5-Furandicarboxylic acid CAS 3238-40-2 is a key product of Longchang Chemical. We provide the best price. We are the leading manufacturer in China with the best quality and competitive price.\" \/>\n<meta property=\"og:url\" content=\"https:\/\/longchangchemical.com\/tr\/product\/fdca-cas-3238-40-2\/\" \/>\n<meta property=\"og:site_name\" content=\"Longchang Chemical\" \/>\n<meta property=\"article:modified_time\" content=\"2025-12-17T03:07:58+00:00\" \/>\n<meta property=\"og:image\" content=\"https:\/\/longchangchemical.com\/wp-content\/uploads\/2024\/02\/25-Furandicarboxylic-acid-CAS-3238-40-2.jpg\" \/>\n\t<meta property=\"og:image:width\" content=\"800\" \/>\n\t<meta property=\"og:image:height\" content=\"800\" \/>\n\t<meta property=\"og:image:type\" content=\"image\/jpeg\" \/>\n<meta name=\"twitter:card\" content=\"summary_large_image\" \/>\n<script type=\"application\/ld+json\" class=\"yoast-schema-graph\">{\"@context\":\"https:\/\/schema.org\",\"@graph\":[{\"@type\":\"WebPage\",\"@id\":\"https:\/\/longchangchemical.com\/product\/fdca-cas-3238-40-2\/\",\"url\":\"https:\/\/longchangchemical.com\/product\/fdca-cas-3238-40-2\/\",\"name\":\"China 2,5-Furandicarboxylic acid Manufacturer CAS 3238-40-2 - Longchang Chemical\",\"isPartOf\":{\"@id\":\"https:\/\/longchangchemical.com\/#website\"},\"primaryImageOfPage\":{\"@id\":\"https:\/\/longchangchemical.com\/product\/fdca-cas-3238-40-2\/#primaryimage\"},\"image\":{\"@id\":\"https:\/\/longchangchemical.com\/product\/fdca-cas-3238-40-2\/#primaryimage\"},\"thumbnailUrl\":\"https:\/\/longchangchemical.com\/wp-content\/uploads\/2024\/02\/25-Furandicarboxylic-acid-CAS-3238-40-2.jpg\",\"datePublished\":\"2024-02-05T05:57:42+00:00\",\"dateModified\":\"2025-12-17T03:07:58+00:00\",\"description\":\"2,5-Furandicarboxylic acid CAS 3238-40-2 is a key product of Longchang Chemical. We provide the best price. We are the leading manufacturer in China with the best quality and competitive price.\",\"breadcrumb\":{\"@id\":\"https:\/\/longchangchemical.com\/product\/fdca-cas-3238-40-2\/#breadcrumb\"},\"inLanguage\":\"tr\",\"potentialAction\":[{\"@type\":\"ReadAction\",\"target\":[\"https:\/\/longchangchemical.com\/product\/fdca-cas-3238-40-2\/\"]}]},{\"@type\":\"ImageObject\",\"inLanguage\":\"tr\",\"@id\":\"https:\/\/longchangchemical.com\/product\/fdca-cas-3238-40-2\/#primaryimage\",\"url\":\"https:\/\/longchangchemical.com\/wp-content\/uploads\/2024\/02\/25-Furandicarboxylic-acid-CAS-3238-40-2.jpg\",\"contentUrl\":\"https:\/\/longchangchemical.com\/wp-content\/uploads\/2024\/02\/25-Furandicarboxylic-acid-CAS-3238-40-2.jpg\",\"width\":800,\"height\":800,\"caption\":\"2,5-Furandicarboxylic acid CAS 3238-40-2\"},{\"@type\":\"BreadcrumbList\",\"@id\":\"https:\/\/longchangchemical.com\/product\/fdca-cas-3238-40-2\/#breadcrumb\",\"itemListElement\":[{\"@type\":\"ListItem\",\"position\":1,\"name\":\"Home\",\"item\":\"https:\/\/longchangchemical.com\/\"},{\"@type\":\"ListItem\",\"position\":2,\"name\":\"Products Longchang\",\"item\":\"https:\/\/longchangchemical.com\/product\/\"},{\"@type\":\"ListItem\",\"position\":3,\"name\":\"2,5-Furandicarboxylic acid CAS 3238-40-2\"}]},{\"@type\":\"WebSite\",\"@id\":\"https:\/\/longchangchemical.com\/#website\",\"url\":\"https:\/\/longchangchemical.com\/\",\"name\":\"Longchang Chemical\",\"description\":\"China chemical manufacturer \uff06 supplier\",\"publisher\":{\"@id\":\"https:\/\/longchangchemical.com\/#organization\"},\"potentialAction\":[{\"@type\":\"SearchAction\",\"target\":{\"@type\":\"EntryPoint\",\"urlTemplate\":\"https:\/\/longchangchemical.com\/?s={search_term_string}\"},\"query-input\":{\"@type\":\"PropertyValueSpecification\",\"valueRequired\":true,\"valueName\":\"search_term_string\"}}],\"inLanguage\":\"tr\"},{\"@type\":\"Organization\",\"@id\":\"https:\/\/longchangchemical.com\/#organization\",\"name\":\"Longchang Chemical\",\"url\":\"https:\/\/longchangchemical.com\/\",\"logo\":{\"@type\":\"ImageObject\",\"inLanguage\":\"tr\",\"@id\":\"https:\/\/longchangchemical.com\/#\/schema\/logo\/image\/\",\"url\":\"https:\/\/longchangchemical.com\/wp-content\/uploads\/2020\/08\/cropped-longchang-logo.png\",\"contentUrl\":\"https:\/\/longchangchemical.com\/wp-content\/uploads\/2020\/08\/cropped-longchang-logo.png\",\"width\":512,\"height\":512,\"caption\":\"Longchang Chemical\"},\"image\":{\"@id\":\"https:\/\/longchangchemical.com\/#\/schema\/logo\/image\/\"}}]}<\/script>\n<!-- \/ Yoast SEO plugin. -->","yoast_head_json":{"title":"\u00c7in 2,5-Furandikarboksilik asit \u00dcreticisi CAS 3238-40-2 - Longchang Chemical","description":"2,5-Furandikarboksilik asit CAS 3238-40-2, Longchang Chemical'\u0131n \u00f6nemli bir \u00fcr\u00fcn\u00fcd\u00fcr. En iyi fiyat\u0131 sa\u011fl\u0131yoruz. En iyi kalite ve rekabet\u00e7i fiyat ile \u00c7in'in \u00f6nde gelen \u00fcreticisiyiz.","robots":{"index":"index","follow":"follow","max-snippet":"max-snippet:-1","max-image-preview":"max-image-preview:large","max-video-preview":"max-video-preview:-1"},"canonical":"https:\/\/longchangchemical.com\/tr\/product\/fdca-cas-3238-40-2\/","og_locale":"tr_TR","og_type":"article","og_title":"China 2,5-Furandicarboxylic acid Manufacturer CAS 3238-40-2 - Longchang Chemical","og_description":"2,5-Furandicarboxylic acid CAS 3238-40-2 is a key product of Longchang Chemical. We provide the best price. We are the leading manufacturer in China with the best quality and competitive price.","og_url":"https:\/\/longchangchemical.com\/tr\/product\/fdca-cas-3238-40-2\/","og_site_name":"Longchang Chemical","article_modified_time":"2025-12-17T03:07:58+00:00","og_image":[{"width":800,"height":800,"url":"https:\/\/longchangchemical.com\/wp-content\/uploads\/2024\/02\/25-Furandicarboxylic-acid-CAS-3238-40-2.jpg","type":"image\/jpeg"}],"twitter_card":"summary_large_image","schema":{"@context":"https:\/\/schema.org","@graph":[{"@type":"WebPage","@id":"https:\/\/longchangchemical.com\/product\/fdca-cas-3238-40-2\/","url":"https:\/\/longchangchemical.com\/product\/fdca-cas-3238-40-2\/","name":"\u00c7in 2,5-Furandikarboksilik asit \u00dcreticisi CAS 3238-40-2 - Longchang Chemical","isPartOf":{"@id":"https:\/\/longchangchemical.com\/#website"},"primaryImageOfPage":{"@id":"https:\/\/longchangchemical.com\/product\/fdca-cas-3238-40-2\/#primaryimage"},"image":{"@id":"https:\/\/longchangchemical.com\/product\/fdca-cas-3238-40-2\/#primaryimage"},"thumbnailUrl":"https:\/\/longchangchemical.com\/wp-content\/uploads\/2024\/02\/25-Furandicarboxylic-acid-CAS-3238-40-2.jpg","datePublished":"2024-02-05T05:57:42+00:00","dateModified":"2025-12-17T03:07:58+00:00","description":"2,5-Furandikarboksilik asit CAS 3238-40-2, Longchang Chemical'\u0131n \u00f6nemli bir \u00fcr\u00fcn\u00fcd\u00fcr. En iyi fiyat\u0131 sa\u011fl\u0131yoruz. En iyi kalite ve rekabet\u00e7i fiyat ile \u00c7in'in \u00f6nde gelen \u00fcreticisiyiz.","breadcrumb":{"@id":"https:\/\/longchangchemical.com\/product\/fdca-cas-3238-40-2\/#breadcrumb"},"inLanguage":"tr","potentialAction":[{"@type":"ReadAction","target":["https:\/\/longchangchemical.com\/product\/fdca-cas-3238-40-2\/"]}]},{"@type":"ImageObject","inLanguage":"tr","@id":"https:\/\/longchangchemical.com\/product\/fdca-cas-3238-40-2\/#primaryimage","url":"https:\/\/longchangchemical.com\/wp-content\/uploads\/2024\/02\/25-Furandicarboxylic-acid-CAS-3238-40-2.jpg","contentUrl":"https:\/\/longchangchemical.com\/wp-content\/uploads\/2024\/02\/25-Furandicarboxylic-acid-CAS-3238-40-2.jpg","width":800,"height":800,"caption":"2,5-Furandicarboxylic acid CAS 3238-40-2"},{"@type":"BreadcrumbList","@id":"https:\/\/longchangchemical.com\/product\/fdca-cas-3238-40-2\/#breadcrumb","itemListElement":[{"@type":"ListItem","position":1,"name":"Home","item":"https:\/\/longchangchemical.com\/"},{"@type":"ListItem","position":2,"name":"Products Longchang","item":"https:\/\/longchangchemical.com\/product\/"},{"@type":"ListItem","position":3,"name":"2,5-Furandicarboxylic acid CAS 3238-40-2"}]},{"@type":"WebSite","@id":"https:\/\/longchangchemical.com\/#website","url":"https:\/\/longchangchemical.com\/","name":"Longchang Kimya","description":"\u00c7in kimyasal \u00fcreticisi \uff06 tedarik\u00e7isi","publisher":{"@id":"https:\/\/longchangchemical.com\/#organization"},"potentialAction":[{"@type":"SearchAction","target":{"@type":"EntryPoint","urlTemplate":"https:\/\/longchangchemical.com\/?s={search_term_string}"},"query-input":{"@type":"PropertyValueSpecification","valueRequired":true,"valueName":"search_term_string"}}],"inLanguage":"tr"},{"@type":"Organization","@id":"https:\/\/longchangchemical.com\/#organization","name":"Longchang Kimya","url":"https:\/\/longchangchemical.com\/","logo":{"@type":"ImageObject","inLanguage":"tr","@id":"https:\/\/longchangchemical.com\/#\/schema\/logo\/image\/","url":"https:\/\/longchangchemical.com\/wp-content\/uploads\/2020\/08\/cropped-longchang-logo.png","contentUrl":"https:\/\/longchangchemical.com\/wp-content\/uploads\/2020\/08\/cropped-longchang-logo.png","width":512,"height":512,"caption":"Longchang Chemical"},"image":{"@id":"https:\/\/longchangchemical.com\/#\/schema\/logo\/image\/"}}]}},"_links":{"self":[{"href":"https:\/\/longchangchemical.com\/tr\/wp-json\/wp\/v2\/product\/4071","targetHints":{"allow":["GET"]}}],"collection":[{"href":"https:\/\/longchangchemical.com\/tr\/wp-json\/wp\/v2\/product"}],"about":[{"href":"https:\/\/longchangchemical.com\/tr\/wp-json\/wp\/v2\/types\/product"}],"replies":[{"embeddable":true,"href":"https:\/\/longchangchemical.com\/tr\/wp-json\/wp\/v2\/comments?post=4071"}],"wp:featuredmedia":[{"embeddable":true,"href":"https:\/\/longchangchemical.com\/tr\/wp-json\/wp\/v2\/media\/6720"}],"wp:attachment":[{"href":"https:\/\/longchangchemical.com\/tr\/wp-json\/wp\/v2\/media?parent=4071"}],"wp:term":[{"taxonomy":"product_brand","embeddable":true,"href":"https:\/\/longchangchemical.com\/tr\/wp-json\/wp\/v2\/product_brand?post=4071"},{"taxonomy":"product_cat","embeddable":true,"href":"https:\/\/longchangchemical.com\/tr\/wp-json\/wp\/v2\/product_cat?post=4071"},{"taxonomy":"product_tag","embeddable":true,"href":"https:\/\/longchangchemical.com\/tr\/wp-json\/wp\/v2\/product_tag?post=4071"}],"curies":[{"name":"wp","href":"https:\/\/api.w.org\/{rel}","templated":true}]}}