{"id":4046,"date":"2021-07-28T05:58:34","date_gmt":"2021-07-28T05:58:34","guid":{"rendered":"https:\/\/longchangchemical.com\/?post_type=product&#038;p=4046"},"modified":"2025-12-22T07:56:10","modified_gmt":"2025-12-22T07:56:10","slug":"lauroyl-chloride-cas-112-16-3","status":"publish","type":"product","link":"https:\/\/longchangchemical.com\/tr\/product\/lauroyl-chloride-cas-112-16-3\/","title":{"rendered":"Lauroyl klor\u00fcr \/ Dodesil klor\u00fcr CAS 112-16-3"},"content":{"rendered":"<h1>Lauroyl klor\u00fcr \/ Dodesil klor\u00fcr CAS 112-16-3<\/h1>\n<div>\n<table class=\"table-1\">\n<tbody>\n<tr align=\"center\">\n<td>\n<h4>\u00d6\u011fe<\/h4>\n<\/td>\n<td>\n<h4>Teknik \u00d6zellikler<\/h4>\n<\/td>\n<td>\n<h4>Sonu\u00e7lar<\/h4>\n<\/td>\n<\/tr>\n<tr align=\"center\">\n<td>\n<h4>G\u00f6r\u00fcn\u00fc\u015f<\/h4>\n<\/td>\n<td>\n<h4>Renksiz veya soluk sar\u0131 ya\u011fl\u0131 s\u0131v\u0131<\/h4>\n<\/td>\n<td>\n<h4>Renksiz ya\u011fl\u0131 s\u0131v\u0131<\/h4>\n<\/td>\n<\/tr>\n<tr align=\"center\">\n<td>\n<h4>\u0130\u00e7erik<\/h4>\n<\/td>\n<td>\n<h4>\u226598.0%<\/h4>\n<\/td>\n<td>\n<h4>98.29%<\/h4>\n<\/td>\n<\/tr>\n<tr align=\"center\">\n<td>\n<h4>Fosfit<\/h4>\n<\/td>\n<td>\n<h4>\u22640,30%<\/h4>\n<\/td>\n<td>\n<h4>0.13%<\/h4>\n<\/td>\n<\/tr>\n<tr align=\"center\">\n<td>\n<h4>Lauric<\/h4>\n<\/td>\n<td>\n<h4>\u22640,50%<\/h4>\n<\/td>\n<td>\n<h4>0.49%<\/h4>\n<\/td>\n<\/tr>\n<tr align=\"center\">\n<td>\n<h4>Klor\u00fcr<\/h4>\n<\/td>\n<td>\n<h4>\u22641.0%<\/h4>\n<\/td>\n<td>\n<h4>0.24%<\/h4>\n<\/td>\n<\/tr>\n<tr align=\"center\">\n<td>\n<h4>Sonu\u00e7<\/h4>\n<\/td>\n<td colspan=\"2\">\n<h4>Sonu\u00e7lar Kurumsal standartlarla uyumludur<\/h4>\n<\/td>\n<\/tr>\n<\/tbody>\n<\/table>\n<p>&nbsp;<\/p>\n<p><strong>Bu \u00fcr\u00fcn Dodecanoyl klor\u00fcr\u00fcn yerini alabilir; n-dodecanoyl klor\u00fcr.<\/strong><\/p>\n<p>&nbsp;<\/p>\n<h2><strong>Lauroil klor\u00fcr Kullan\u0131m\u0131<\/strong><\/h2>\n<h4>1. Bu \u00fcr\u00fcn eczac\u0131l\u0131kta ve organik sentezlerde ara \u00fcr\u00fcn olarak kullan\u0131labilir.<\/h4>\n<h4>2. Lauroil klor\u00fcr, di\u011fer organik kimyasallar\u0131n sentezi i\u00e7in bir y\u00fczey aktif madde ve bir asilleme maddesi olarak kullan\u0131labilir.<\/h4>\n<h4>3. Bu \u00fcr\u00fcn \u015funlar\u0131 \u00fcretebilir <a href=\"https:\/\/longchangchemical.com\/tr\/product\/n-lauroyl-l-glutamic-acid-cas-3397-65-7\/\"><span style=\"color: #3366ff;\">N-lauroil-l-glutamik asit<\/span><\/a>.<\/h4>\n<p><strong><b>P<\/b><\/strong><strong><b>ackag<\/b><\/strong><strong><b>e<\/b><\/strong><strong><b>:<\/b><\/strong>180 kg\/davul.<\/p>\n<p><strong><b>\u00a0<\/b><\/strong><\/p>\n<p><strong><b>Depolama: <\/b><\/strong><\/p>\n<p>Kuru, temiz ve iyi havaland\u0131r\u0131lan bir depoda muhafaza edilecektir.<\/p>\n<p>I\u015f\u0131\u011fa ve \u0131s\u0131ya maruz b\u0131rakmaktan ka\u00e7\u0131n\u0131n.<\/p>\n<p>\u00dcr\u00fcn\u00fc nakliye s\u0131ras\u0131nda s\u0131z\u0131nt\u0131, ya\u011fmur ve g\u00fcne\u015ften korumak.<\/p>\n<\/div>\n<h2><strong><b>\u015eimdi Bize Ula\u015f\u0131n!<\/b><\/strong><\/h2>\n<h4><strong><b>Fiyata ihtiyac\u0131n\u0131z varsa, l\u00fctfen a\u015fa\u011f\u0131daki forma ileti\u015fim bilgilerinizi doldurun, genellikle 24 saat i\u00e7inde sizinle ileti\u015fime ge\u00e7ece\u011fiz. Bana e-posta da g\u00f6nderebilirsiniz <span style=\"color: #0000ff;\"><a style=\"color: #0000ff;\" href=\"mailto:info@longchangchemical.com\">info@longchangchemical.com<\/a><\/span> \u00c7al\u0131\u015fma saatleri i\u00e7inde (8:30 - 6:00 UTC+8 Pzt.~Sat.) veya h\u0131zl\u0131 yan\u0131t almak i\u00e7in web sitesi canl\u0131 sohbetini kullan\u0131n.<\/b><\/strong><\/h4>","protected":false},"excerpt":{"rendered":"<h4>Kimyasal Ad\u0131: Lauroil klor\u00fcr<\/h4>\n<h4>Di\u011fer ad\u0131: Dodecanoyl chloride; n-dodecanoyl chloride<\/h4>\n<h4>CAS: 112-16-3<\/h4>\n<h4>Molek\u00fcler Fom\u00fcl:C12H23ClO<\/h4>\n<h4>Molek\u00fcl A\u011f\u0131rl\u0131\u011f\u0131:218.76<\/h4>\n<h4>Kimyasal Yap\u0131:<img decoding=\"async\" title=\"Lauroil klor\u00fcr Yap\u0131s\u0131\" src=\"https:\/\/www.longchangchemical.com\/wp-content\/uploads\/product-details\/20200616057609.png\" alt=\"Lauroil klor\u00fcr Yap\u0131s\u0131\" width=\"217\" height=\"46\" border=\"0\" vspace=\"0\" \/><\/h4>\n<h4>G\u00f6r\u00fcn\u00fc\u015f: Renksiz s\u0131v\u0131<\/h4>\n<h4>Safl\u0131k: 98%<\/h4>","protected":false},"featured_media":4743,"comment_status":"open","ping_status":"closed","template":"","meta":[],"product_brand":[],"product_cat":[69],"product_tag":[],"class_list":{"0":"post-4046","1":"product","2":"type-product","3":"status-publish","4":"has-post-thumbnail","6":"product_cat-catalysts-chemical-auxiliary-agents","8":"first","9":"instock","10":"shipping-taxable","11":"product-type-simple"},"yoast_head":"<!-- This site is optimized with the Yoast SEO plugin v25.3.1 - https:\/\/yoast.com\/wordpress\/plugins\/seo\/ -->\n<title>China Lauroyl chloride manufacturer \uff06 112-16-3 supplier - Longchang Chemical<\/title>\n<meta name=\"description\" content=\"Lauroyl chloride for the synthesis of dodecanoyl peroxide, sodium lauroyl polycondensed amino acids, Longchang Chemical is a china Leading Lauroyl chloride manufacturer and supplier. We can provide the best Lauroyl chloride price. Dodecanoyl chloride; n-dodecanoyl chloride.\" \/>\n<meta name=\"robots\" content=\"index, follow, max-snippet:-1, max-image-preview:large, max-video-preview:-1\" \/>\n<link rel=\"canonical\" href=\"https:\/\/longchangchemical.com\/tr\/product\/lauroyl-chloride-cas-112-16-3\/\" \/>\n<meta property=\"og:locale\" content=\"tr_TR\" \/>\n<meta property=\"og:type\" content=\"article\" \/>\n<meta property=\"og:title\" content=\"China Lauroyl chloride manufacturer \uff06 112-16-3 supplier - Longchang Chemical\" \/>\n<meta property=\"og:description\" content=\"Lauroyl chloride for the synthesis of dodecanoyl peroxide, sodium lauroyl polycondensed amino acids, Longchang Chemical is a china Leading Lauroyl chloride manufacturer and supplier. We can provide the best Lauroyl chloride price. Dodecanoyl chloride; n-dodecanoyl chloride.\" \/>\n<meta property=\"og:url\" content=\"https:\/\/longchangchemical.com\/tr\/product\/lauroyl-chloride-cas-112-16-3\/\" \/>\n<meta property=\"og:site_name\" content=\"Longchang Chemical\" \/>\n<meta property=\"article:modified_time\" content=\"2025-12-22T07:56:10+00:00\" \/>\n<meta property=\"og:image\" content=\"https:\/\/longchangchemical.com\/wp-content\/uploads\/2021\/01\/Lauroyl-chloride-appearance.jpg\" \/>\n\t<meta property=\"og:image:width\" content=\"600\" \/>\n\t<meta property=\"og:image:height\" content=\"800\" \/>\n\t<meta property=\"og:image:type\" content=\"image\/jpeg\" \/>\n<meta name=\"twitter:card\" content=\"summary_large_image\" \/>\n<script type=\"application\/ld+json\" class=\"yoast-schema-graph\">{\"@context\":\"https:\/\/schema.org\",\"@graph\":[{\"@type\":\"WebPage\",\"@id\":\"https:\/\/longchangchemical.com\/product\/lauroyl-chloride-cas-112-16-3\/\",\"url\":\"https:\/\/longchangchemical.com\/product\/lauroyl-chloride-cas-112-16-3\/\",\"name\":\"China Lauroyl chloride manufacturer \uff06 112-16-3 supplier - Longchang Chemical\",\"isPartOf\":{\"@id\":\"https:\/\/longchangchemical.com\/#website\"},\"primaryImageOfPage\":{\"@id\":\"https:\/\/longchangchemical.com\/product\/lauroyl-chloride-cas-112-16-3\/#primaryimage\"},\"image\":{\"@id\":\"https:\/\/longchangchemical.com\/product\/lauroyl-chloride-cas-112-16-3\/#primaryimage\"},\"thumbnailUrl\":\"https:\/\/longchangchemical.com\/wp-content\/uploads\/2021\/01\/Lauroyl-chloride-appearance.jpg\",\"datePublished\":\"2021-07-28T05:58:34+00:00\",\"dateModified\":\"2025-12-22T07:56:10+00:00\",\"description\":\"Lauroyl chloride for the synthesis of dodecanoyl peroxide, sodium lauroyl polycondensed amino acids, Longchang Chemical is a china Leading Lauroyl chloride manufacturer and supplier. We can provide the best Lauroyl chloride price. Dodecanoyl chloride; n-dodecanoyl chloride.\",\"breadcrumb\":{\"@id\":\"https:\/\/longchangchemical.com\/product\/lauroyl-chloride-cas-112-16-3\/#breadcrumb\"},\"inLanguage\":\"tr\",\"potentialAction\":[{\"@type\":\"ReadAction\",\"target\":[\"https:\/\/longchangchemical.com\/product\/lauroyl-chloride-cas-112-16-3\/\"]}]},{\"@type\":\"ImageObject\",\"inLanguage\":\"tr\",\"@id\":\"https:\/\/longchangchemical.com\/product\/lauroyl-chloride-cas-112-16-3\/#primaryimage\",\"url\":\"https:\/\/longchangchemical.com\/wp-content\/uploads\/2021\/01\/Lauroyl-chloride-appearance.jpg\",\"contentUrl\":\"https:\/\/longchangchemical.com\/wp-content\/uploads\/2021\/01\/Lauroyl-chloride-appearance.jpg\",\"width\":600,\"height\":800},{\"@type\":\"BreadcrumbList\",\"@id\":\"https:\/\/longchangchemical.com\/product\/lauroyl-chloride-cas-112-16-3\/#breadcrumb\",\"itemListElement\":[{\"@type\":\"ListItem\",\"position\":1,\"name\":\"Home\",\"item\":\"https:\/\/longchangchemical.com\/\"},{\"@type\":\"ListItem\",\"position\":2,\"name\":\"Products Longchang\",\"item\":\"https:\/\/longchangchemical.com\/product\/\"},{\"@type\":\"ListItem\",\"position\":3,\"name\":\"Lauroyl chloride \/ Dodecyl chloride CAS 112-16-3\"}]},{\"@type\":\"WebSite\",\"@id\":\"https:\/\/longchangchemical.com\/#website\",\"url\":\"https:\/\/longchangchemical.com\/\",\"name\":\"Longchang Chemical\",\"description\":\"China chemical manufacturer \uff06 supplier\",\"publisher\":{\"@id\":\"https:\/\/longchangchemical.com\/#organization\"},\"potentialAction\":[{\"@type\":\"SearchAction\",\"target\":{\"@type\":\"EntryPoint\",\"urlTemplate\":\"https:\/\/longchangchemical.com\/?s={search_term_string}\"},\"query-input\":{\"@type\":\"PropertyValueSpecification\",\"valueRequired\":true,\"valueName\":\"search_term_string\"}}],\"inLanguage\":\"tr\"},{\"@type\":\"Organization\",\"@id\":\"https:\/\/longchangchemical.com\/#organization\",\"name\":\"Longchang Chemical\",\"url\":\"https:\/\/longchangchemical.com\/\",\"logo\":{\"@type\":\"ImageObject\",\"inLanguage\":\"tr\",\"@id\":\"https:\/\/longchangchemical.com\/#\/schema\/logo\/image\/\",\"url\":\"https:\/\/longchangchemical.com\/wp-content\/uploads\/2020\/08\/cropped-longchang-logo.png\",\"contentUrl\":\"https:\/\/longchangchemical.com\/wp-content\/uploads\/2020\/08\/cropped-longchang-logo.png\",\"width\":512,\"height\":512,\"caption\":\"Longchang Chemical\"},\"image\":{\"@id\":\"https:\/\/longchangchemical.com\/#\/schema\/logo\/image\/\"}}]}<\/script>\n<!-- \/ Yoast SEO plugin. -->","yoast_head_json":{"title":"\u00c7in Lauroyl klor\u00fcr \u00fcreticisi \uff06 112-16-3 tedarik\u00e7isi - Longchang Chemical","description":"Dodekanoil peroksit, sodyum lauroil polikondense amino asitlerin sentezi i\u00e7in Lauroyl klor\u00fcr, Longchang Chemical, \u00c7in'in \u00f6nde gelen Lauroyl klor\u00fcr \u00fcreticisi ve tedarik\u00e7isidir. En iyi Lauroyl klor\u00fcr fiyat\u0131n\u0131 sa\u011flayabiliriz. Dodecanoyl klor\u00fcr; n-dodecanoyl klor\u00fcr.","robots":{"index":"index","follow":"follow","max-snippet":"max-snippet:-1","max-image-preview":"max-image-preview:large","max-video-preview":"max-video-preview:-1"},"canonical":"https:\/\/longchangchemical.com\/tr\/product\/lauroyl-chloride-cas-112-16-3\/","og_locale":"tr_TR","og_type":"article","og_title":"China Lauroyl chloride manufacturer \uff06 112-16-3 supplier - Longchang Chemical","og_description":"Lauroyl chloride for the synthesis of dodecanoyl peroxide, sodium lauroyl polycondensed amino acids, Longchang Chemical is a china Leading Lauroyl chloride manufacturer and supplier. We can provide the best Lauroyl chloride price. Dodecanoyl chloride; n-dodecanoyl chloride.","og_url":"https:\/\/longchangchemical.com\/tr\/product\/lauroyl-chloride-cas-112-16-3\/","og_site_name":"Longchang Chemical","article_modified_time":"2025-12-22T07:56:10+00:00","og_image":[{"width":600,"height":800,"url":"https:\/\/longchangchemical.com\/wp-content\/uploads\/2021\/01\/Lauroyl-chloride-appearance.jpg","type":"image\/jpeg"}],"twitter_card":"summary_large_image","schema":{"@context":"https:\/\/schema.org","@graph":[{"@type":"WebPage","@id":"https:\/\/longchangchemical.com\/product\/lauroyl-chloride-cas-112-16-3\/","url":"https:\/\/longchangchemical.com\/product\/lauroyl-chloride-cas-112-16-3\/","name":"\u00c7in Lauroyl klor\u00fcr \u00fcreticisi \uff06 112-16-3 tedarik\u00e7isi - Longchang Chemical","isPartOf":{"@id":"https:\/\/longchangchemical.com\/#website"},"primaryImageOfPage":{"@id":"https:\/\/longchangchemical.com\/product\/lauroyl-chloride-cas-112-16-3\/#primaryimage"},"image":{"@id":"https:\/\/longchangchemical.com\/product\/lauroyl-chloride-cas-112-16-3\/#primaryimage"},"thumbnailUrl":"https:\/\/longchangchemical.com\/wp-content\/uploads\/2021\/01\/Lauroyl-chloride-appearance.jpg","datePublished":"2021-07-28T05:58:34+00:00","dateModified":"2025-12-22T07:56:10+00:00","description":"Dodekanoil peroksit, sodyum lauroil polikondense amino asitlerin sentezi i\u00e7in Lauroyl klor\u00fcr, Longchang Chemical, \u00c7in'in \u00f6nde gelen Lauroyl klor\u00fcr \u00fcreticisi ve tedarik\u00e7isidir. En iyi Lauroyl klor\u00fcr fiyat\u0131n\u0131 sa\u011flayabiliriz. Dodecanoyl klor\u00fcr; n-dodecanoyl klor\u00fcr.","breadcrumb":{"@id":"https:\/\/longchangchemical.com\/product\/lauroyl-chloride-cas-112-16-3\/#breadcrumb"},"inLanguage":"tr","potentialAction":[{"@type":"ReadAction","target":["https:\/\/longchangchemical.com\/product\/lauroyl-chloride-cas-112-16-3\/"]}]},{"@type":"ImageObject","inLanguage":"tr","@id":"https:\/\/longchangchemical.com\/product\/lauroyl-chloride-cas-112-16-3\/#primaryimage","url":"https:\/\/longchangchemical.com\/wp-content\/uploads\/2021\/01\/Lauroyl-chloride-appearance.jpg","contentUrl":"https:\/\/longchangchemical.com\/wp-content\/uploads\/2021\/01\/Lauroyl-chloride-appearance.jpg","width":600,"height":800},{"@type":"BreadcrumbList","@id":"https:\/\/longchangchemical.com\/product\/lauroyl-chloride-cas-112-16-3\/#breadcrumb","itemListElement":[{"@type":"ListItem","position":1,"name":"Home","item":"https:\/\/longchangchemical.com\/"},{"@type":"ListItem","position":2,"name":"Products Longchang","item":"https:\/\/longchangchemical.com\/product\/"},{"@type":"ListItem","position":3,"name":"Lauroyl chloride \/ Dodecyl chloride CAS 112-16-3"}]},{"@type":"WebSite","@id":"https:\/\/longchangchemical.com\/#website","url":"https:\/\/longchangchemical.com\/","name":"Longchang Kimya","description":"\u00c7in kimyasal \u00fcreticisi \uff06 tedarik\u00e7isi","publisher":{"@id":"https:\/\/longchangchemical.com\/#organization"},"potentialAction":[{"@type":"SearchAction","target":{"@type":"EntryPoint","urlTemplate":"https:\/\/longchangchemical.com\/?s={search_term_string}"},"query-input":{"@type":"PropertyValueSpecification","valueRequired":true,"valueName":"search_term_string"}}],"inLanguage":"tr"},{"@type":"Organization","@id":"https:\/\/longchangchemical.com\/#organization","name":"Longchang Kimya","url":"https:\/\/longchangchemical.com\/","logo":{"@type":"ImageObject","inLanguage":"tr","@id":"https:\/\/longchangchemical.com\/#\/schema\/logo\/image\/","url":"https:\/\/longchangchemical.com\/wp-content\/uploads\/2020\/08\/cropped-longchang-logo.png","contentUrl":"https:\/\/longchangchemical.com\/wp-content\/uploads\/2020\/08\/cropped-longchang-logo.png","width":512,"height":512,"caption":"Longchang Chemical"},"image":{"@id":"https:\/\/longchangchemical.com\/#\/schema\/logo\/image\/"}}]}},"_links":{"self":[{"href":"https:\/\/longchangchemical.com\/tr\/wp-json\/wp\/v2\/product\/4046","targetHints":{"allow":["GET"]}}],"collection":[{"href":"https:\/\/longchangchemical.com\/tr\/wp-json\/wp\/v2\/product"}],"about":[{"href":"https:\/\/longchangchemical.com\/tr\/wp-json\/wp\/v2\/types\/product"}],"replies":[{"embeddable":true,"href":"https:\/\/longchangchemical.com\/tr\/wp-json\/wp\/v2\/comments?post=4046"}],"wp:featuredmedia":[{"embeddable":true,"href":"https:\/\/longchangchemical.com\/tr\/wp-json\/wp\/v2\/media\/4743"}],"wp:attachment":[{"href":"https:\/\/longchangchemical.com\/tr\/wp-json\/wp\/v2\/media?parent=4046"}],"wp:term":[{"taxonomy":"product_brand","embeddable":true,"href":"https:\/\/longchangchemical.com\/tr\/wp-json\/wp\/v2\/product_brand?post=4046"},{"taxonomy":"product_cat","embeddable":true,"href":"https:\/\/longchangchemical.com\/tr\/wp-json\/wp\/v2\/product_cat?post=4046"},{"taxonomy":"product_tag","embeddable":true,"href":"https:\/\/longchangchemical.com\/tr\/wp-json\/wp\/v2\/product_tag?post=4046"}],"curies":[{"name":"wp","href":"https:\/\/api.w.org\/{rel}","templated":true}]}}