{"id":4002,"date":"2021-02-07T14:11:11","date_gmt":"2021-02-07T14:11:11","guid":{"rendered":"https:\/\/longchangchemical.com\/?post_type=product&#038;p=4002"},"modified":"2021-04-19T01:08:01","modified_gmt":"2021-04-19T01:08:01","slug":"amps-cas-15214-89-8","status":"publish","type":"product","link":"https:\/\/longchangchemical.com\/tr\/product\/amps-cas-15214-89-8\/","title":{"rendered":"2-Akrilamido-2-metilpropan s\u00fclfonik asit \/ AMPS CAS 15214-89-8"},"content":{"rendered":"<h1>2-Akrilamido-2-metilpropan s\u00fclfonik asit \/ AMPS CAS 15214-89-8<\/h1>\n<table class=\"table-1\">\n<tbody>\n<tr>\n<td width=\"291\">\n<h4>E\u015fyalar<\/h4>\n<\/td>\n<td width=\"231\">\n<h4>Teknik \u00d6zellikler<\/h4>\n<\/td>\n<\/tr>\n<tr>\n<td width=\"291\">\n<h4>G\u00f6r\u00fcn\u00fc\u015f<\/h4>\n<\/td>\n<td width=\"231\">\n<h4>\u00a0Beyaz kristal toz<\/h4>\n<\/td>\n<\/tr>\n<tr>\n<td width=\"291\">\n<h4>Safl\u0131k (%)<\/h4>\n<\/td>\n<td width=\"231\">\n<h4>\u00a0\u226598.0<\/h4>\n<\/td>\n<\/tr>\n<tr>\n<td width=\"291\">\n<h4>U\u00e7ucu olmayan madde (%)<\/h4>\n<\/td>\n<td width=\"231\">\n<h4>\u00a0\u226599.0<\/h4>\n<\/td>\n<\/tr>\n<tr>\n<td width=\"291\">\n<h4>Demir i\u00e7eri\u011fi (%)<\/h4>\n<\/td>\n<td width=\"231\">\n<h4>\u00a0\u22640.6<\/h4>\n<\/td>\n<\/tr>\n<tr>\n<td width=\"291\">\n<h4>Asitlik (mgKOH\/g)<\/h4>\n<\/td>\n<td width=\"231\">\n<h4>\u00a0272-278<\/h4>\n<\/td>\n<\/tr>\n<tr>\n<td width=\"291\">\n<h4>Chroma (25% su \u00e7\u00f6zeltisi), Co-Pt<\/h4>\n<\/td>\n<td width=\"231\">\n<h4>\u226420<\/h4>\n<\/td>\n<\/tr>\n<tr>\n<td width=\"291\">\n<h4>Su (%)<\/h4>\n<\/td>\n<td width=\"231\">\n<h4>\u22640.2<\/h4>\n<\/td>\n<\/tr>\n<\/tbody>\n<\/table>\n<p>&nbsp;<\/p>\n<h2><strong>2-Akrilamido-2-Metilpropan S\u00fclfonik Asit Kullan\u0131m\u0131<\/strong><\/h2>\n<h4>1. 2-Akrilamido-2-metil-1-propan s\u00fclfonik asit (AMPS) molek\u00fcl\u00fcnde polimerize olabilen vinil ve hidrofilik s\u00fclfonik asit gruplar\u0131 bulunur. Akrilonitril ve akrilamid gibi suda \u00e7\u00f6z\u00fcnebilen monomerlerle birle\u015ftirilebilir. Stiren, vinil klor\u00fcr ve di\u011fer suda \u00e7\u00f6z\u00fcnmeyen monomerlerle birle\u015ftirilebilir.<\/h4>\n<h4>2. Hidrofilik s\u00fclfonik asit gruplar\u0131n\u0131n polimere eklenerek liflerin, filmlerin vb. higroskopik, su ge\u00e7irgen ve iletken hale getirilmesi.<\/h4>\n<h4>3. AMPS ka\u011f\u0131t end\u00fcstrisinde ve at\u0131k su ar\u0131t\u0131m\u0131nda kullan\u0131labilir. Kaplama de\u011fi\u015ftirici, elyaf de\u011fi\u015ftirici ve t\u0131bbi polimer olarak kullan\u0131l\u0131r.<\/h4>\n<h4>4. 2-Akrilamido-2-metilpropans\u00fclfonik asit homopolimerize veya kopolimerize edilebilir.<\/h4>\n<h4>5. Polimerizasyon ortam\u0131 olarak 2-akrilamido-2-metilpropans\u00fclfonik asidin sudaki ortalama polimerizasyon \u0131s\u0131s\u0131 22 kcal\/kolamid kullan\u0131labilir. Genellikle suda \u00e7\u00f6z\u00fcnen amonyum pers\u00fclfat, hidrojen peroksit vb. ba\u015flat\u0131c\u0131 olarak kullan\u0131l\u0131r. 2-akrilamido-2-metilpropans\u00fclfonik asit ile yayg\u0131n olarak kullan\u0131lan monomer akrilonitrildir.<\/h4>\n<p>&nbsp;<\/p>\n<h2><strong>2-Akrilamido-2-Metilpropan S\u00fclfonik Asit paketi<\/strong><\/h2>\n<h4>25KG\/\u00c7anta<\/h4>\n<p>&nbsp;<\/p>\n<h2><strong>2-Akrilamido-2-Metilpropan S\u00fclfonik Asit depolama<\/strong><\/h2>\n<h4>Serin, kuru ve havaland\u0131r\u0131lm\u0131\u015f bir yerde.<\/h4>\n<p>&nbsp;<\/p>\n<h2><strong><b>\u015eimdi Bize Ula\u015f\u0131n!<\/b><\/strong><\/h2>\n<h4><strong><b>\u00d6zelle\u015ftirilmi\u015f hizmetler sunuyoruz, genellikle 24 saat i\u00e7inde sizinle ileti\u015fime ge\u00e7ece\u011fiz. Ayr\u0131ca mesai saatleri i\u00e7inde (8:30 - 6:00 UTC+8 Pzt.~Sat.) info@longchangchemical.com adresine e-posta g\u00f6nderebilir veya h\u0131zl\u0131 yan\u0131t almak i\u00e7in web sitesi canl\u0131 sohbetini kullanabilirsiniz.<\/b><\/strong><\/h4>","protected":false},"excerpt":{"rendered":"<h4>\u00dcr\u00fcn Ad\u0131: 2-Akrilamido-2-Metilpropan S\u00fclfonik Asit<\/h4>\n<h4>Di\u011fer ad\u0131: AMPS<\/h4>\n<h4>CAS NO: 15214-89-8<\/h4>\n<h4>Form\u00fcl: C7H13N04S<\/h4>\n<h4>Kimyasal Yap\u0131:<img decoding=\"async\" title=\"2-Akrilamido-2-Metilpropan S\u00fclfonik Asit Yap\u0131s\u0131\" src=\"https:\/\/www.longchangchemical.com\/wp-content\/uploads\/product-details\/20200616331729.png\" alt=\"2-Akrilamido-2-Metilpropan S\u00fclfonik Asit Yap\u0131s\u0131\" width=\"127\" height=\"54\" border=\"0\" vspace=\"0\" \/><\/h4>\n<h4>Molek\u00fcler A\u011f\u0131rl\u0131k:183<\/h4>\n<h4>Tahlil: 98%<\/h4>","protected":false},"featured_media":4352,"comment_status":"open","ping_status":"closed","template":"","meta":[],"product_brand":[],"product_cat":[69],"product_tag":[],"class_list":{"0":"post-4002","1":"product","2":"type-product","3":"status-publish","4":"has-post-thumbnail","6":"product_cat-catalysts-chemical-auxiliary-agents","8":"first","9":"instock","10":"shipping-taxable","11":"product-type-simple"},"yoast_head":"<!-- This site is optimized with the Yoast SEO plugin v25.3.1 - https:\/\/yoast.com\/wordpress\/plugins\/seo\/ -->\n<title>China AMPS Manufacturer \uff06 15214-89-8 Supplier - Longchang chemical Co., Ltd.<\/title>\n<meta name=\"description\" content=\"Longchang Chemical is a leading manufacturer and supplier of 2-Acrylamido-2-Methylpropane Sulfonic Acid in China. Buy AMPS in china. We can provide the best AMPS price.\" \/>\n<meta name=\"robots\" content=\"index, follow, max-snippet:-1, max-image-preview:large, max-video-preview:-1\" \/>\n<link rel=\"canonical\" href=\"https:\/\/longchangchemical.com\/tr\/product\/amps-cas-15214-89-8\/\" \/>\n<meta property=\"og:locale\" content=\"tr_TR\" \/>\n<meta property=\"og:type\" content=\"article\" \/>\n<meta property=\"og:title\" content=\"China AMPS Manufacturer \uff06 15214-89-8 Supplier - Longchang chemical Co., Ltd.\" \/>\n<meta property=\"og:description\" content=\"Longchang Chemical is a leading manufacturer and supplier of 2-Acrylamido-2-Methylpropane Sulfonic Acid in China. Buy AMPS in china. We can provide the best AMPS price.\" \/>\n<meta property=\"og:url\" content=\"https:\/\/longchangchemical.com\/tr\/product\/amps-cas-15214-89-8\/\" \/>\n<meta property=\"og:site_name\" content=\"Longchang Chemical\" \/>\n<meta property=\"article:modified_time\" content=\"2021-04-19T01:08:01+00:00\" \/>\n<meta property=\"og:image\" content=\"https:\/\/longchangchemical.com\/wp-content\/uploads\/2021\/02\/AMPS-Appearance.jpg\" \/>\n\t<meta property=\"og:image:width\" content=\"600\" \/>\n\t<meta property=\"og:image:height\" content=\"800\" \/>\n\t<meta property=\"og:image:type\" content=\"image\/jpeg\" \/>\n<meta name=\"twitter:card\" content=\"summary_large_image\" \/>\n<script type=\"application\/ld+json\" class=\"yoast-schema-graph\">{\"@context\":\"https:\/\/schema.org\",\"@graph\":[{\"@type\":\"WebPage\",\"@id\":\"https:\/\/longchangchemical.com\/product\/amps-cas-15214-89-8\/\",\"url\":\"https:\/\/longchangchemical.com\/product\/amps-cas-15214-89-8\/\",\"name\":\"China AMPS Manufacturer \uff06 15214-89-8 Supplier - Longchang chemical Co., Ltd.\",\"isPartOf\":{\"@id\":\"https:\/\/longchangchemical.com\/#website\"},\"primaryImageOfPage\":{\"@id\":\"https:\/\/longchangchemical.com\/product\/amps-cas-15214-89-8\/#primaryimage\"},\"image\":{\"@id\":\"https:\/\/longchangchemical.com\/product\/amps-cas-15214-89-8\/#primaryimage\"},\"thumbnailUrl\":\"https:\/\/longchangchemical.com\/wp-content\/uploads\/2021\/02\/AMPS-Appearance.jpg\",\"datePublished\":\"2021-02-07T14:11:11+00:00\",\"dateModified\":\"2021-04-19T01:08:01+00:00\",\"description\":\"Longchang Chemical is a leading manufacturer and supplier of 2-Acrylamido-2-Methylpropane Sulfonic Acid in China. Buy AMPS in china. We can provide the best AMPS price.\",\"breadcrumb\":{\"@id\":\"https:\/\/longchangchemical.com\/product\/amps-cas-15214-89-8\/#breadcrumb\"},\"inLanguage\":\"tr\",\"potentialAction\":[{\"@type\":\"ReadAction\",\"target\":[\"https:\/\/longchangchemical.com\/product\/amps-cas-15214-89-8\/\"]}]},{\"@type\":\"ImageObject\",\"inLanguage\":\"tr\",\"@id\":\"https:\/\/longchangchemical.com\/product\/amps-cas-15214-89-8\/#primaryimage\",\"url\":\"https:\/\/longchangchemical.com\/wp-content\/uploads\/2021\/02\/AMPS-Appearance.jpg\",\"contentUrl\":\"https:\/\/longchangchemical.com\/wp-content\/uploads\/2021\/02\/AMPS-Appearance.jpg\",\"width\":600,\"height\":800,\"caption\":\"AMPS Appearance\"},{\"@type\":\"BreadcrumbList\",\"@id\":\"https:\/\/longchangchemical.com\/product\/amps-cas-15214-89-8\/#breadcrumb\",\"itemListElement\":[{\"@type\":\"ListItem\",\"position\":1,\"name\":\"Home\",\"item\":\"https:\/\/longchangchemical.com\/\"},{\"@type\":\"ListItem\",\"position\":2,\"name\":\"Products Longchang\",\"item\":\"https:\/\/longchangchemical.com\/product\/\"},{\"@type\":\"ListItem\",\"position\":3,\"name\":\"2-Acrylamido-2-methylpropane sulfonic acid \/ AMPS CAS 15214-89-8\"}]},{\"@type\":\"WebSite\",\"@id\":\"https:\/\/longchangchemical.com\/#website\",\"url\":\"https:\/\/longchangchemical.com\/\",\"name\":\"Longchang Chemical\",\"description\":\"China chemical manufacturer \uff06 supplier\",\"publisher\":{\"@id\":\"https:\/\/longchangchemical.com\/#organization\"},\"potentialAction\":[{\"@type\":\"SearchAction\",\"target\":{\"@type\":\"EntryPoint\",\"urlTemplate\":\"https:\/\/longchangchemical.com\/?s={search_term_string}\"},\"query-input\":{\"@type\":\"PropertyValueSpecification\",\"valueRequired\":true,\"valueName\":\"search_term_string\"}}],\"inLanguage\":\"tr\"},{\"@type\":\"Organization\",\"@id\":\"https:\/\/longchangchemical.com\/#organization\",\"name\":\"Longchang Chemical\",\"url\":\"https:\/\/longchangchemical.com\/\",\"logo\":{\"@type\":\"ImageObject\",\"inLanguage\":\"tr\",\"@id\":\"https:\/\/longchangchemical.com\/#\/schema\/logo\/image\/\",\"url\":\"https:\/\/longchangchemical.com\/wp-content\/uploads\/2020\/08\/cropped-longchang-logo.png\",\"contentUrl\":\"https:\/\/longchangchemical.com\/wp-content\/uploads\/2020\/08\/cropped-longchang-logo.png\",\"width\":512,\"height\":512,\"caption\":\"Longchang Chemical\"},\"image\":{\"@id\":\"https:\/\/longchangchemical.com\/#\/schema\/logo\/image\/\"}}]}<\/script>\n<!-- \/ Yoast SEO plugin. -->","yoast_head_json":{"title":"\u00c7in AMPS \u00dcreticisi \uff06 15214-89-8 Tedarik\u00e7i - Longchang chemical Co, Ltd.","description":"Longchang Chemical, \u00c7in'in \u00f6nde gelen 2-Akrilamido-2-Metilpropan S\u00fclfonik Asit \u00fcreticisi ve tedarik\u00e7isidir. \u00c7in'de AMPS sat\u0131n al\u0131n. En iyi AMPS fiyat\u0131n\u0131 sa\u011flayabiliriz.","robots":{"index":"index","follow":"follow","max-snippet":"max-snippet:-1","max-image-preview":"max-image-preview:large","max-video-preview":"max-video-preview:-1"},"canonical":"https:\/\/longchangchemical.com\/tr\/product\/amps-cas-15214-89-8\/","og_locale":"tr_TR","og_type":"article","og_title":"China AMPS Manufacturer \uff06 15214-89-8 Supplier - Longchang chemical Co., Ltd.","og_description":"Longchang Chemical is a leading manufacturer and supplier of 2-Acrylamido-2-Methylpropane Sulfonic Acid in China. Buy AMPS in china. We can provide the best AMPS price.","og_url":"https:\/\/longchangchemical.com\/tr\/product\/amps-cas-15214-89-8\/","og_site_name":"Longchang Chemical","article_modified_time":"2021-04-19T01:08:01+00:00","og_image":[{"width":600,"height":800,"url":"https:\/\/longchangchemical.com\/wp-content\/uploads\/2021\/02\/AMPS-Appearance.jpg","type":"image\/jpeg"}],"twitter_card":"summary_large_image","schema":{"@context":"https:\/\/schema.org","@graph":[{"@type":"WebPage","@id":"https:\/\/longchangchemical.com\/product\/amps-cas-15214-89-8\/","url":"https:\/\/longchangchemical.com\/product\/amps-cas-15214-89-8\/","name":"\u00c7in AMPS \u00dcreticisi \uff06 15214-89-8 Tedarik\u00e7i - Longchang chemical Co, Ltd.","isPartOf":{"@id":"https:\/\/longchangchemical.com\/#website"},"primaryImageOfPage":{"@id":"https:\/\/longchangchemical.com\/product\/amps-cas-15214-89-8\/#primaryimage"},"image":{"@id":"https:\/\/longchangchemical.com\/product\/amps-cas-15214-89-8\/#primaryimage"},"thumbnailUrl":"https:\/\/longchangchemical.com\/wp-content\/uploads\/2021\/02\/AMPS-Appearance.jpg","datePublished":"2021-02-07T14:11:11+00:00","dateModified":"2021-04-19T01:08:01+00:00","description":"Longchang Chemical, \u00c7in'in \u00f6nde gelen 2-Akrilamido-2-Metilpropan S\u00fclfonik Asit \u00fcreticisi ve tedarik\u00e7isidir. \u00c7in'de AMPS sat\u0131n al\u0131n. En iyi AMPS fiyat\u0131n\u0131 sa\u011flayabiliriz.","breadcrumb":{"@id":"https:\/\/longchangchemical.com\/product\/amps-cas-15214-89-8\/#breadcrumb"},"inLanguage":"tr","potentialAction":[{"@type":"ReadAction","target":["https:\/\/longchangchemical.com\/product\/amps-cas-15214-89-8\/"]}]},{"@type":"ImageObject","inLanguage":"tr","@id":"https:\/\/longchangchemical.com\/product\/amps-cas-15214-89-8\/#primaryimage","url":"https:\/\/longchangchemical.com\/wp-content\/uploads\/2021\/02\/AMPS-Appearance.jpg","contentUrl":"https:\/\/longchangchemical.com\/wp-content\/uploads\/2021\/02\/AMPS-Appearance.jpg","width":600,"height":800,"caption":"AMPS Appearance"},{"@type":"BreadcrumbList","@id":"https:\/\/longchangchemical.com\/product\/amps-cas-15214-89-8\/#breadcrumb","itemListElement":[{"@type":"ListItem","position":1,"name":"Home","item":"https:\/\/longchangchemical.com\/"},{"@type":"ListItem","position":2,"name":"Products Longchang","item":"https:\/\/longchangchemical.com\/product\/"},{"@type":"ListItem","position":3,"name":"2-Acrylamido-2-methylpropane sulfonic acid \/ AMPS CAS 15214-89-8"}]},{"@type":"WebSite","@id":"https:\/\/longchangchemical.com\/#website","url":"https:\/\/longchangchemical.com\/","name":"Longchang Kimya","description":"\u00c7in kimyasal \u00fcreticisi \uff06 tedarik\u00e7isi","publisher":{"@id":"https:\/\/longchangchemical.com\/#organization"},"potentialAction":[{"@type":"SearchAction","target":{"@type":"EntryPoint","urlTemplate":"https:\/\/longchangchemical.com\/?s={search_term_string}"},"query-input":{"@type":"PropertyValueSpecification","valueRequired":true,"valueName":"search_term_string"}}],"inLanguage":"tr"},{"@type":"Organization","@id":"https:\/\/longchangchemical.com\/#organization","name":"Longchang Kimya","url":"https:\/\/longchangchemical.com\/","logo":{"@type":"ImageObject","inLanguage":"tr","@id":"https:\/\/longchangchemical.com\/#\/schema\/logo\/image\/","url":"https:\/\/longchangchemical.com\/wp-content\/uploads\/2020\/08\/cropped-longchang-logo.png","contentUrl":"https:\/\/longchangchemical.com\/wp-content\/uploads\/2020\/08\/cropped-longchang-logo.png","width":512,"height":512,"caption":"Longchang Chemical"},"image":{"@id":"https:\/\/longchangchemical.com\/#\/schema\/logo\/image\/"}}]}},"_links":{"self":[{"href":"https:\/\/longchangchemical.com\/tr\/wp-json\/wp\/v2\/product\/4002","targetHints":{"allow":["GET"]}}],"collection":[{"href":"https:\/\/longchangchemical.com\/tr\/wp-json\/wp\/v2\/product"}],"about":[{"href":"https:\/\/longchangchemical.com\/tr\/wp-json\/wp\/v2\/types\/product"}],"replies":[{"embeddable":true,"href":"https:\/\/longchangchemical.com\/tr\/wp-json\/wp\/v2\/comments?post=4002"}],"wp:featuredmedia":[{"embeddable":true,"href":"https:\/\/longchangchemical.com\/tr\/wp-json\/wp\/v2\/media\/4352"}],"wp:attachment":[{"href":"https:\/\/longchangchemical.com\/tr\/wp-json\/wp\/v2\/media?parent=4002"}],"wp:term":[{"taxonomy":"product_brand","embeddable":true,"href":"https:\/\/longchangchemical.com\/tr\/wp-json\/wp\/v2\/product_brand?post=4002"},{"taxonomy":"product_cat","embeddable":true,"href":"https:\/\/longchangchemical.com\/tr\/wp-json\/wp\/v2\/product_cat?post=4002"},{"taxonomy":"product_tag","embeddable":true,"href":"https:\/\/longchangchemical.com\/tr\/wp-json\/wp\/v2\/product_tag?post=4002"}],"curies":[{"name":"wp","href":"https:\/\/api.w.org\/{rel}","templated":true}]}}