{"id":3831,"date":"2021-03-16T13:20:17","date_gmt":"2021-03-16T13:20:17","guid":{"rendered":"https:\/\/longchangchemical.com\/?post_type=product&#038;p=3831"},"modified":"2025-12-23T02:55:04","modified_gmt":"2025-12-23T02:55:04","slug":"tetrapropylammonium-hydroxide","status":"publish","type":"product","link":"https:\/\/longchangchemical.com\/tr\/product\/tetrapropylammonium-hydroxide\/","title":{"rendered":"Tetrapropilamonyum hidroksit CAS 4499-86-9"},"content":{"rendered":"<h1><strong>Tetrapropilamonyum hidroksit CAS 4499-86-9<\/strong><\/h1>\n<table class=\"table-1\">\n<tbody>\n<tr>\n<td valign=\"top\" width=\"647\">\n<h4>\u00d6\u011fe<\/h4>\n<\/td>\n<td valign=\"top\" width=\"647\">\n<h4>\u015eartname<\/h4>\n<\/td>\n<\/tr>\n<tr>\n<td valign=\"top\" width=\"647\">\n<h4>G\u00f6r\u00fcn\u00fc\u015f<\/h4>\n<\/td>\n<td valign=\"top\" width=\"647\">\n<h4>Renksiz \u015feffaf s\u0131v\u0131<\/h4>\n<\/td>\n<\/tr>\n<tr>\n<td valign=\"top\" width=\"647\">\n<h4>Test (%)<\/h4>\n<\/td>\n<td valign=\"top\" width=\"647\">\n<h4>25\u00b10.5<\/h4>\n<\/td>\n<\/tr>\n<tr>\n<td valign=\"top\" width=\"647\">\n<h4>Karbonat (%)<\/h4>\n<\/td>\n<td valign=\"top\" width=\"647\">\n<h4>\u22640.1<\/h4>\n<\/td>\n<\/tr>\n<tr>\n<td valign=\"top\" width=\"647\">\n<h4>Brom (ppm)<\/h4>\n<\/td>\n<td valign=\"top\" width=\"647\">\n<h4>\u2264100<\/h4>\n<\/td>\n<\/tr>\n<tr>\n<td valign=\"top\" width=\"647\">\n<h4>K(ppm)<\/h4>\n<\/td>\n<td valign=\"top\" width=\"647\">\n<h4>\u22645<\/h4>\n<\/td>\n<\/tr>\n<tr>\n<td valign=\"top\" width=\"647\">\n<h4>Na (ppm)<\/h4>\n<\/td>\n<td valign=\"top\" width=\"647\">\n<h4>\u22645<\/h4>\n<\/td>\n<\/tr>\n<tr>\n<td valign=\"top\" width=\"647\">\n<h4>APHA rengi<\/h4>\n<\/td>\n<td valign=\"top\" width=\"647\">\n<h4>\u226420<\/h4>\n<\/td>\n<\/tr>\n<\/tbody>\n<\/table>\n<p>&nbsp;<\/p>\n<h2><strong>Tetrapropilamonyum hidroksit Kullan\u0131m\u0131<\/strong><\/h2>\n<h4>1. Zsm-5 sentezleme s\u00fcrecinde, bir alkali kayna\u011f\u0131 veya bir \u015fablon olarak bulunabilen tetrapropilamonyum hidroksit eklenir.<\/h4>\n<h4>2. Bu \u00fcr\u00fcn titrasyon deneylerinde kullan\u0131labilir.<\/h4>\n<h4>3. Bu \u00fcr\u00fcn zeolit sentezleyebilir.<\/h4>\n<h4>4. Bu \u00fcr\u00fcn polarografik analiz deneylerinde kullan\u0131labilir.<\/h4>\n<p>&nbsp;<\/p>\n<h2><strong>Tetrapropilamonyum hidroksit Paketleme ve Nakliye<\/strong><\/h2>\n<h4>1000KG IBC tote veya \u00f6zelle\u015ftirilmi\u015f paket olarak.<\/h4>\n<p>&nbsp;<\/p>\n<h2><strong>Tetrapropilamonyum hidroksit Depolama<\/strong><\/h2>\n<h4>Depolama i\u00e7in korunakl\u0131, kuru, karanl\u0131k bir yer.<\/h4>\n<p>&nbsp;<\/p>\n<h2><strong>Ayn\u0131 seri \u00fcr\u00fcnler<\/strong><\/h2>\n<table style=\"border-collapse: collapse; width: 312.02pt;\" border=\"0\" width=\"416\" cellspacing=\"0\" cellpadding=\"0\">\n<tbody>\n<tr style=\"height: 81.00pt;\">\n<td class=\"et2\" style=\"height: 81.00pt; width: 201.75pt;\" width=\"269\" height=\"108\">\n<h4><strong>Tetrapropilamonyum hidroksit<\/strong><\/h4>\n<\/td>\n<td class=\"et2\" style=\"width: 110.25pt;\" width=\"147\">\n<h4><strong>4499-86-9<\/strong><\/h4>\n<\/td>\n<\/tr>\n<tr style=\"height: 81.00pt;\">\n<td class=\"et3\" style=\"height: 81.00pt; width: 201.75pt;\" width=\"269\" height=\"108\">\n<h4><a href=\"https:\/\/longchangchemical.com\/tr\/product\/tetrabutylammonium-hydroxide\/\"><span style=\"color: #3366ff;\"><strong>Tetrab\u00fctilamonyum hidroksit<\/strong><\/span><\/a><\/h4>\n<\/td>\n<td class=\"et3\" style=\"width: 110.25pt;\" width=\"147\">\n<h4><a href=\"https:\/\/longchangchemical.com\/tr\/product\/tetrabutylammonium-hydroxide\/\"><span style=\"color: #3366ff;\"><strong>2052-49-5<\/strong><\/span><\/a><\/h4>\n<\/td>\n<\/tr>\n<\/tbody>\n<\/table>\n<p>&nbsp;<\/p>\n<h2><strong><b>\u015eimdi Bize Ula\u015f\u0131n!<\/b><\/strong><\/h2>\n<h4><strong><b>\u00d6zelle\u015ftirilmi\u015f hizmetler sunuyoruz, genellikle 24 saat i\u00e7inde sizinle ileti\u015fime ge\u00e7ece\u011fiz. Ayr\u0131ca mesai saatleri i\u00e7inde (8:30 - 6:00 UTC+8 Pzt.~Sat.) info@longchangchemical.com adresine e-posta g\u00f6nderebilir veya h\u0131zl\u0131 yan\u0131t almak i\u00e7in web sitesi canl\u0131 sohbetini kullanabilirsiniz.<\/b><\/strong><\/h4>","protected":false},"excerpt":{"rendered":"<h4>\u00dcr\u00fcn Ad\u0131\uff1aTetrapropilamonyum hidroksit<\/h4>\n<h4>CAS No:4499-86-9<\/h4>\n<h4>Molek\u00fcler Form\u00fcl\uff1aC12H29NO<\/h4>\n<h4>Molek\u00fcler A\u011f\u0131rl\u0131k\uff1a203,36<\/h4>\n<h4>G\u00f6r\u00fcn\u00fcm:Renksiz \u015feffaf s\u0131v\u0131, g\u00f6r\u00fcn\u00fcr safs\u0131zl\u0131k yok<\/h4>\n<h4>Test \uff1a 99,5%min<\/h4>","protected":false},"featured_media":4436,"comment_status":"open","ping_status":"closed","template":"","meta":[],"product_brand":[],"product_cat":[69],"product_tag":[],"class_list":{"0":"post-3831","1":"product","2":"type-product","3":"status-publish","4":"has-post-thumbnail","6":"product_cat-catalysts-chemical-auxiliary-agents","8":"first","9":"instock","10":"shipping-taxable","11":"product-type-simple"},"yoast_head":"<!-- This site is optimized with the Yoast SEO plugin v25.3.1 - https:\/\/yoast.com\/wordpress\/plugins\/seo\/ -->\n<title>China Tetrapropylammonium hydroxide CAS 4499-86-9 Manufacturer \uff06 Supplier - Longchang chemical Co., Ltd.<\/title>\n<meta name=\"description\" content=\"Longchang Chemical is a leading manufacturer and supplier of Tetrapropylammonium hydroxide CAS 4499-86-9 in China. Buy Tetrapropylammonium hydroxide in china. We can provide the best Tetrapropylammonium hydroxide price.\" \/>\n<meta name=\"robots\" content=\"index, follow, max-snippet:-1, max-image-preview:large, max-video-preview:-1\" \/>\n<link rel=\"canonical\" href=\"https:\/\/longchangchemical.com\/tr\/product\/tetrapropylammonium-hydroxide\/\" \/>\n<meta property=\"og:locale\" content=\"tr_TR\" \/>\n<meta property=\"og:type\" content=\"article\" \/>\n<meta property=\"og:title\" content=\"China Tetrapropylammonium hydroxide CAS 4499-86-9 Manufacturer \uff06 Supplier - Longchang chemical Co., Ltd.\" \/>\n<meta property=\"og:description\" content=\"Longchang Chemical is a leading manufacturer and supplier of Tetrapropylammonium hydroxide CAS 4499-86-9 in China. Buy Tetrapropylammonium hydroxide in china. We can provide the best Tetrapropylammonium hydroxide price.\" \/>\n<meta property=\"og:url\" content=\"https:\/\/longchangchemical.com\/tr\/product\/tetrapropylammonium-hydroxide\/\" \/>\n<meta property=\"og:site_name\" content=\"Longchang Chemical\" \/>\n<meta property=\"article:modified_time\" content=\"2025-12-23T02:55:04+00:00\" \/>\n<meta property=\"og:image\" content=\"https:\/\/longchangchemical.com\/wp-content\/uploads\/2021\/01\/Appearance-13.jpg\" \/>\n\t<meta property=\"og:image:width\" content=\"600\" \/>\n\t<meta property=\"og:image:height\" content=\"800\" \/>\n\t<meta property=\"og:image:type\" content=\"image\/jpeg\" \/>\n<meta name=\"twitter:card\" content=\"summary_large_image\" \/>\n<script type=\"application\/ld+json\" class=\"yoast-schema-graph\">{\"@context\":\"https:\/\/schema.org\",\"@graph\":[{\"@type\":\"WebPage\",\"@id\":\"https:\/\/longchangchemical.com\/product\/tetrapropylammonium-hydroxide\/\",\"url\":\"https:\/\/longchangchemical.com\/product\/tetrapropylammonium-hydroxide\/\",\"name\":\"China Tetrapropylammonium hydroxide CAS 4499-86-9 Manufacturer \uff06 Supplier - Longchang chemical Co., Ltd.\",\"isPartOf\":{\"@id\":\"https:\/\/longchangchemical.com\/#website\"},\"primaryImageOfPage\":{\"@id\":\"https:\/\/longchangchemical.com\/product\/tetrapropylammonium-hydroxide\/#primaryimage\"},\"image\":{\"@id\":\"https:\/\/longchangchemical.com\/product\/tetrapropylammonium-hydroxide\/#primaryimage\"},\"thumbnailUrl\":\"https:\/\/longchangchemical.com\/wp-content\/uploads\/2021\/01\/Appearance-13.jpg\",\"datePublished\":\"2021-03-16T13:20:17+00:00\",\"dateModified\":\"2025-12-23T02:55:04+00:00\",\"description\":\"Longchang Chemical is a leading manufacturer and supplier of Tetrapropylammonium hydroxide CAS 4499-86-9 in China. Buy Tetrapropylammonium hydroxide in china. We can provide the best Tetrapropylammonium hydroxide price.\",\"breadcrumb\":{\"@id\":\"https:\/\/longchangchemical.com\/product\/tetrapropylammonium-hydroxide\/#breadcrumb\"},\"inLanguage\":\"tr\",\"potentialAction\":[{\"@type\":\"ReadAction\",\"target\":[\"https:\/\/longchangchemical.com\/product\/tetrapropylammonium-hydroxide\/\"]}]},{\"@type\":\"ImageObject\",\"inLanguage\":\"tr\",\"@id\":\"https:\/\/longchangchemical.com\/product\/tetrapropylammonium-hydroxide\/#primaryimage\",\"url\":\"https:\/\/longchangchemical.com\/wp-content\/uploads\/2021\/01\/Appearance-13.jpg\",\"contentUrl\":\"https:\/\/longchangchemical.com\/wp-content\/uploads\/2021\/01\/Appearance-13.jpg\",\"width\":600,\"height\":800,\"caption\":\"Appearance\"},{\"@type\":\"BreadcrumbList\",\"@id\":\"https:\/\/longchangchemical.com\/product\/tetrapropylammonium-hydroxide\/#breadcrumb\",\"itemListElement\":[{\"@type\":\"ListItem\",\"position\":1,\"name\":\"Home\",\"item\":\"https:\/\/longchangchemical.com\/\"},{\"@type\":\"ListItem\",\"position\":2,\"name\":\"Products Longchang\",\"item\":\"https:\/\/longchangchemical.com\/product\/\"},{\"@type\":\"ListItem\",\"position\":3,\"name\":\"Tetrapropylammonium hydroxide CAS 4499-86-9\"}]},{\"@type\":\"WebSite\",\"@id\":\"https:\/\/longchangchemical.com\/#website\",\"url\":\"https:\/\/longchangchemical.com\/\",\"name\":\"Longchang Chemical\",\"description\":\"China chemical manufacturer \uff06 supplier\",\"publisher\":{\"@id\":\"https:\/\/longchangchemical.com\/#organization\"},\"potentialAction\":[{\"@type\":\"SearchAction\",\"target\":{\"@type\":\"EntryPoint\",\"urlTemplate\":\"https:\/\/longchangchemical.com\/?s={search_term_string}\"},\"query-input\":{\"@type\":\"PropertyValueSpecification\",\"valueRequired\":true,\"valueName\":\"search_term_string\"}}],\"inLanguage\":\"tr\"},{\"@type\":\"Organization\",\"@id\":\"https:\/\/longchangchemical.com\/#organization\",\"name\":\"Longchang Chemical\",\"url\":\"https:\/\/longchangchemical.com\/\",\"logo\":{\"@type\":\"ImageObject\",\"inLanguage\":\"tr\",\"@id\":\"https:\/\/longchangchemical.com\/#\/schema\/logo\/image\/\",\"url\":\"https:\/\/longchangchemical.com\/wp-content\/uploads\/2020\/08\/cropped-longchang-logo.png\",\"contentUrl\":\"https:\/\/longchangchemical.com\/wp-content\/uploads\/2020\/08\/cropped-longchang-logo.png\",\"width\":512,\"height\":512,\"caption\":\"Longchang Chemical\"},\"image\":{\"@id\":\"https:\/\/longchangchemical.com\/#\/schema\/logo\/image\/\"}}]}<\/script>\n<!-- \/ Yoast SEO plugin. -->","yoast_head_json":{"title":"\u00c7in Tetrapropilamonyum hidroksit CAS 4499-86-9 \u00dcretici \uff06 Tedarik\u00e7i - Longchang chemical Co, Ltd.","description":"Longchang Chemical, \u00c7in'de Tetrapropilamonyum hidroksit CAS 4499-86-9'un lider \u00fcreticisi ve tedarik\u00e7isidir. \u00c7in'de Tetrapropilamonyum hidroksit sat\u0131n al\u0131n. En iyi Tetrapropilamonyum hidroksit fiyat\u0131n\u0131 sa\u011flayabiliriz.","robots":{"index":"index","follow":"follow","max-snippet":"max-snippet:-1","max-image-preview":"max-image-preview:large","max-video-preview":"max-video-preview:-1"},"canonical":"https:\/\/longchangchemical.com\/tr\/product\/tetrapropylammonium-hydroxide\/","og_locale":"tr_TR","og_type":"article","og_title":"China Tetrapropylammonium hydroxide CAS 4499-86-9 Manufacturer \uff06 Supplier - Longchang chemical Co., Ltd.","og_description":"Longchang Chemical is a leading manufacturer and supplier of Tetrapropylammonium hydroxide CAS 4499-86-9 in China. Buy Tetrapropylammonium hydroxide in china. We can provide the best Tetrapropylammonium hydroxide price.","og_url":"https:\/\/longchangchemical.com\/tr\/product\/tetrapropylammonium-hydroxide\/","og_site_name":"Longchang Chemical","article_modified_time":"2025-12-23T02:55:04+00:00","og_image":[{"width":600,"height":800,"url":"https:\/\/longchangchemical.com\/wp-content\/uploads\/2021\/01\/Appearance-13.jpg","type":"image\/jpeg"}],"twitter_card":"summary_large_image","schema":{"@context":"https:\/\/schema.org","@graph":[{"@type":"WebPage","@id":"https:\/\/longchangchemical.com\/product\/tetrapropylammonium-hydroxide\/","url":"https:\/\/longchangchemical.com\/product\/tetrapropylammonium-hydroxide\/","name":"\u00c7in Tetrapropilamonyum hidroksit CAS 4499-86-9 \u00dcretici \uff06 Tedarik\u00e7i - Longchang chemical Co, Ltd.","isPartOf":{"@id":"https:\/\/longchangchemical.com\/#website"},"primaryImageOfPage":{"@id":"https:\/\/longchangchemical.com\/product\/tetrapropylammonium-hydroxide\/#primaryimage"},"image":{"@id":"https:\/\/longchangchemical.com\/product\/tetrapropylammonium-hydroxide\/#primaryimage"},"thumbnailUrl":"https:\/\/longchangchemical.com\/wp-content\/uploads\/2021\/01\/Appearance-13.jpg","datePublished":"2021-03-16T13:20:17+00:00","dateModified":"2025-12-23T02:55:04+00:00","description":"Longchang Chemical, \u00c7in'de Tetrapropilamonyum hidroksit CAS 4499-86-9'un lider \u00fcreticisi ve tedarik\u00e7isidir. \u00c7in'de Tetrapropilamonyum hidroksit sat\u0131n al\u0131n. En iyi Tetrapropilamonyum hidroksit fiyat\u0131n\u0131 sa\u011flayabiliriz.","breadcrumb":{"@id":"https:\/\/longchangchemical.com\/product\/tetrapropylammonium-hydroxide\/#breadcrumb"},"inLanguage":"tr","potentialAction":[{"@type":"ReadAction","target":["https:\/\/longchangchemical.com\/product\/tetrapropylammonium-hydroxide\/"]}]},{"@type":"ImageObject","inLanguage":"tr","@id":"https:\/\/longchangchemical.com\/product\/tetrapropylammonium-hydroxide\/#primaryimage","url":"https:\/\/longchangchemical.com\/wp-content\/uploads\/2021\/01\/Appearance-13.jpg","contentUrl":"https:\/\/longchangchemical.com\/wp-content\/uploads\/2021\/01\/Appearance-13.jpg","width":600,"height":800,"caption":"Appearance"},{"@type":"BreadcrumbList","@id":"https:\/\/longchangchemical.com\/product\/tetrapropylammonium-hydroxide\/#breadcrumb","itemListElement":[{"@type":"ListItem","position":1,"name":"Home","item":"https:\/\/longchangchemical.com\/"},{"@type":"ListItem","position":2,"name":"Products Longchang","item":"https:\/\/longchangchemical.com\/product\/"},{"@type":"ListItem","position":3,"name":"Tetrapropylammonium hydroxide CAS 4499-86-9"}]},{"@type":"WebSite","@id":"https:\/\/longchangchemical.com\/#website","url":"https:\/\/longchangchemical.com\/","name":"Longchang Kimya","description":"\u00c7in kimyasal \u00fcreticisi \uff06 tedarik\u00e7isi","publisher":{"@id":"https:\/\/longchangchemical.com\/#organization"},"potentialAction":[{"@type":"SearchAction","target":{"@type":"EntryPoint","urlTemplate":"https:\/\/longchangchemical.com\/?s={search_term_string}"},"query-input":{"@type":"PropertyValueSpecification","valueRequired":true,"valueName":"search_term_string"}}],"inLanguage":"tr"},{"@type":"Organization","@id":"https:\/\/longchangchemical.com\/#organization","name":"Longchang Kimya","url":"https:\/\/longchangchemical.com\/","logo":{"@type":"ImageObject","inLanguage":"tr","@id":"https:\/\/longchangchemical.com\/#\/schema\/logo\/image\/","url":"https:\/\/longchangchemical.com\/wp-content\/uploads\/2020\/08\/cropped-longchang-logo.png","contentUrl":"https:\/\/longchangchemical.com\/wp-content\/uploads\/2020\/08\/cropped-longchang-logo.png","width":512,"height":512,"caption":"Longchang Chemical"},"image":{"@id":"https:\/\/longchangchemical.com\/#\/schema\/logo\/image\/"}}]}},"_links":{"self":[{"href":"https:\/\/longchangchemical.com\/tr\/wp-json\/wp\/v2\/product\/3831","targetHints":{"allow":["GET"]}}],"collection":[{"href":"https:\/\/longchangchemical.com\/tr\/wp-json\/wp\/v2\/product"}],"about":[{"href":"https:\/\/longchangchemical.com\/tr\/wp-json\/wp\/v2\/types\/product"}],"replies":[{"embeddable":true,"href":"https:\/\/longchangchemical.com\/tr\/wp-json\/wp\/v2\/comments?post=3831"}],"wp:featuredmedia":[{"embeddable":true,"href":"https:\/\/longchangchemical.com\/tr\/wp-json\/wp\/v2\/media\/4436"}],"wp:attachment":[{"href":"https:\/\/longchangchemical.com\/tr\/wp-json\/wp\/v2\/media?parent=3831"}],"wp:term":[{"taxonomy":"product_brand","embeddable":true,"href":"https:\/\/longchangchemical.com\/tr\/wp-json\/wp\/v2\/product_brand?post=3831"},{"taxonomy":"product_cat","embeddable":true,"href":"https:\/\/longchangchemical.com\/tr\/wp-json\/wp\/v2\/product_cat?post=3831"},{"taxonomy":"product_tag","embeddable":true,"href":"https:\/\/longchangchemical.com\/tr\/wp-json\/wp\/v2\/product_tag?post=3831"}],"curies":[{"name":"wp","href":"https:\/\/api.w.org\/{rel}","templated":true}]}}