{"id":3809,"date":"2021-03-31T07:28:35","date_gmt":"2021-03-31T07:28:35","guid":{"rendered":"https:\/\/longchangchemical.com\/?post_type=product&#038;p=3809"},"modified":"2025-12-23T02:17:14","modified_gmt":"2025-12-23T02:17:14","slug":"carbohydrazide-cas-497-18-7","status":"publish","type":"product","link":"https:\/\/longchangchemical.com\/tr\/product\/carbohydrazide-cas-497-18-7\/","title":{"rendered":"Karbohidrazid CAS 497-18-7"},"content":{"rendered":"<h1><strong>Karbohidrazid CAS 497-18-7<\/strong><\/h1>\n<p>&nbsp;<\/p>\n<table class=\"table-1\">\n<tbody>\n<tr>\n<td>\n<h4>E\u015fyalar<\/h4>\n<\/td>\n<td>\n<h4>Standart<\/h4>\n<\/td>\n<\/tr>\n<tr>\n<td>\n<h4>G\u00f6r\u00fcn\u00fc\u015f<\/h4>\n<\/td>\n<td>\n<h4>Beyaz kristal<\/h4>\n<\/td>\n<\/tr>\n<tr>\n<td>\n<h4>Safl\u0131k (%)<\/h4>\n<\/td>\n<td>\n<h4>99.91<\/h4>\n<\/td>\n<\/tr>\n<tr>\n<td>\n<h4>Nem (%)<\/h4>\n<\/td>\n<td>\n<h4>0.14<\/h4>\n<\/td>\n<\/tr>\n<tr>\n<td>\n<h4>M.P.(\u2103)<\/h4>\n<\/td>\n<td>\n<h4>154.2~154.9<\/h4>\n<\/td>\n<\/tr>\n<tr>\n<td>\n<h4>PH<\/h4>\n<\/td>\n<td>\n<h4>8.42<\/h4>\n<\/td>\n<\/tr>\n<tr>\n<td>\n<h4>SERBEST H\u0130DRAZ\u0130N(mg\/l)<\/h4>\n<\/td>\n<td>\n<h4>468<\/h4>\n<\/td>\n<\/tr>\n<tr>\n<td>\n<h4>Sonu\u00e7<\/h4>\n<\/td>\n<td>\n<h4>Sonu\u00e7lar kurumsal standartlarla uyumludur<\/h4>\n<\/td>\n<\/tr>\n<tr>\n<td>\n<h4>E\u015fyalar<\/h4>\n<\/td>\n<td>\n<h4>Standart<\/h4>\n<\/td>\n<\/tr>\n<tr>\n<td>\n<h4>G\u00f6r\u00fcn\u00fc\u015f<\/h4>\n<\/td>\n<td>\n<h4>Beyaz kristal<\/h4>\n<\/td>\n<\/tr>\n<\/tbody>\n<\/table>\n<h2><strong>Karbohidrazid nedir?<\/strong><\/h2>\n<h4>Bu \u00fcr\u00fcn oda s\u0131cakl\u0131\u011f\u0131nda beyaz k\u0131sa s\u00fctunlu kristaller veya beyaz kristal tozdur, etanolde zor \u00e7\u00f6z\u00fcn\u00fcr, suda \u00e7ok \u00e7\u00f6z\u00fcn\u00fcr, endotermik \u00e7\u00f6z\u00fcl\u00fcr, alkol, eter, benzende \u00e7\u00f6z\u00fcnmez, \u00e7\u00fcnk\u00fc bir hidrazin t\u00fcrevidir, g\u00fc\u00e7l\u00fc \u0130ndirgeyici, toksik de\u011fildir, hidrazin hidrat ve oksimlerin yerini alabilir.<\/h4>\n<p>&nbsp;<\/p>\n<h2><strong>Karbohidrazid Uygulamas\u0131<\/strong><\/h2>\n<h4>1. Bu \u00fcr\u00fcn, ila\u00e7, herbisit, bitki b\u00fcy\u00fcme d\u00fczenleyicileri, boyalar vb. \u00fcretiminde yayg\u0131n olarak kullan\u0131lmaktad\u0131r.<br \/>\n2. Karbohidrazid, g\u00fc\u00e7l\u00fc indirgenebilirli\u011fe sahip bir hidrazin t\u00fcrevidir. Enerjik malzemelerin \u00fcretiminde bir ara madde olarak kullan\u0131labilir ve ayr\u0131ca do\u011frudan patlay\u0131c\u0131lar\u0131n ve itici gazlar\u0131n bir bile\u015feni olarak da kullan\u0131labilir.<br \/>\n3. Bu \u00fcr\u00fcn petrol rafinerisi ekipmanlar\u0131 i\u00e7in koruyucu olarak ve kazan suyu ar\u0131tma maddeleri i\u00e7in deoksidiz\u00f6r olarak kullan\u0131labilir.<br \/>\n4. Bu \u00fcr\u00fcn, kimyasal elyaf end\u00fcstrisinde elastik elyaflar i\u00e7in \u00e7apraz ba\u011flama maddesi olarak kullan\u0131l\u0131r.<br \/>\n5. Kimyasal bir hammadde ve kimyasal ara \u00fcr\u00fcn olarak bu \u00fcr\u00fcn t\u0131p, herbisit, bitki b\u00fcy\u00fcme d\u00fczenleyicisi, boya ve di\u011fer end\u00fcstrilerde yayg\u0131n olarak kullan\u0131lmaktad\u0131r.<\/h4>\n<p>&nbsp;<\/p>\n<h2><strong>KarbohidrazidPaketleme ve Nakliye<\/strong><\/h2>\n<h4>Davul, 25kg \/50kg<\/h4>\n<p>&nbsp;<\/p>\n<h2><strong>Karbohidrazid Depolama<\/strong><\/h2>\n<h4>I\u015f\u0131ktan uzak, serin ve kuru bir yerde saklay\u0131n.<\/h4>\n<p>&nbsp;<\/p>\n<h2><strong>Ayn\u0131 seri \u00fcr\u00fcnler<\/strong><\/h2>\n<table style=\"border-collapse: collapse; width: 312.02pt;\" border=\"0\" width=\"416\" cellspacing=\"0\" cellpadding=\"0\">\n<tbody>\n<tr style=\"height: 54.00pt;\">\n<td class=\"et3\" style=\"height: 54.00pt; width: 201.75pt;\" width=\"269\" height=\"72\">\n<h4><a href=\"https:\/\/longchangchemical.com\/tr\/product\/cobalt-carbonate-cas-513-79-1\/\"><span style=\"color: #3366ff;\">Kobalt karbonat<\/span><\/a><\/h4>\n<\/td>\n<td class=\"et3\" style=\"width: 110.25pt;\" width=\"147\">\n<h4><a href=\"https:\/\/longchangchemical.com\/tr\/product\/cobalt-carbonate-cas-513-79-1\/\"><span style=\"color: #3366ff;\">513-79-1<\/span><\/a><\/h4>\n<\/td>\n<\/tr>\n<tr style=\"height: 40.50pt;\">\n<td class=\"et4\" style=\"height: 40.50pt; width: 201.75pt;\" width=\"269\" height=\"54\">\n<h4><a href=\"https:\/\/longchangchemical.com\/tr\/product\/guanidine-carbonate-cas-593-85-1\/\"><span style=\"color: #3366ff;\">Guanidin karbonat<\/span><\/a><\/h4>\n<\/td>\n<td class=\"et5\" style=\"width: 110.25pt;\" width=\"147\">\n<h4><a href=\"https:\/\/longchangchemical.com\/tr\/product\/guanidine-carbonate-cas-593-85-1\/\"><span style=\"color: #3366ff;\">593-85-1<\/span><\/a><\/h4>\n<\/td>\n<\/tr>\n<tr style=\"height: 40.50pt;\">\n<td class=\"et6\" style=\"height: 40.50pt; width: 201.75pt;\" width=\"269\" height=\"54\">\n<h4><a href=\"https:\/\/longchangchemical.com\/tr\/product\/manganese-carbonate-cas-598-62-9\/\"><span style=\"color: #3366ff;\">Manganez karbonat<\/span><\/a><\/h4>\n<\/td>\n<td class=\"et6\" style=\"width: 110.25pt;\" width=\"147\">\n<h4><a href=\"https:\/\/longchangchemical.com\/tr\/product\/manganese-carbonate-cas-598-62-9\/\"><span style=\"color: #3366ff;\">598-62-9<\/span><\/a><\/h4>\n<\/td>\n<\/tr>\n<tr style=\"height: 40.50pt;\">\n<td class=\"et7\" style=\"height: 40.50pt;\" height=\"54\">\n<h4><a href=\"https:\/\/longchangchemical.com\/tr\/product\/ammonium-bicarbonate-cas-1066-33-7\/\"><span style=\"color: #3366ff;\">Amonyum bikarbonat<\/span><\/a><\/h4>\n<\/td>\n<td class=\"et7\">\n<h4><a href=\"https:\/\/longchangchemical.com\/tr\/product\/ammonium-bicarbonate-cas-1066-33-7\/\"><span style=\"color: #3366ff;\">1066-33-7<\/span><\/a><\/h4>\n<\/td>\n<\/tr>\n<tr style=\"height: 40.50pt;\">\n<td class=\"et4\" style=\"height: 40.50pt; width: 201.75pt;\" width=\"269\" height=\"54\">\n<h4><a href=\"https:\/\/longchangchemical.com\/tr\/product\/caesium-carbonate-cas-534-17-8\/\"><span style=\"color: #3366ff;\">Sezyum karbonat<\/span><\/a><\/h4>\n<\/td>\n<td class=\"et4\" style=\"width: 110.25pt;\" width=\"147\">\n<h4><a href=\"https:\/\/longchangchemical.com\/tr\/product\/caesium-carbonate-cas-534-17-8\/\"><span style=\"color: #3366ff;\">534-17-8<\/span><\/a><\/h4>\n<\/td>\n<\/tr>\n<tr style=\"height: 40.50pt;\">\n<td class=\"et8\" style=\"height: 40.50pt; width: 201.75pt;\" width=\"269\" height=\"54\">\n<h4><a href=\"https:\/\/longchangchemical.com\/tr\/product\/strontium-carbonate-cas-1633-05-2\/\"><span style=\"color: #3366ff;\">Stronsiyum karbonat<\/span><\/a><\/h4>\n<\/td>\n<td class=\"et8\" style=\"width: 110.25pt;\" width=\"147\">\n<h4><a href=\"https:\/\/longchangchemical.com\/tr\/product\/strontium-carbonate-cas-1633-05-2\/\"><span style=\"color: #3366ff;\">1633-05-2<\/span><\/a><\/h4>\n<\/td>\n<\/tr>\n<tr style=\"height: 40.50pt;\">\n<td class=\"et4\" style=\"height: 40.50pt; width: 201.75pt;\" width=\"269\" height=\"54\">\n<h4>Karbohidrazid<\/h4>\n<\/td>\n<td class=\"et4\" style=\"width: 110.25pt;\" width=\"147\">\n<h4>497-18-7<\/h4>\n<\/td>\n<\/tr>\n<\/tbody>\n<\/table>\n<h2><\/h2>\n<h2><strong><b>\u015eimdi Bize Ula\u015f\u0131n!<\/b><\/strong><\/h2>\n<h4><strong><b>\u00d6zelle\u015ftirilmi\u015f hizmetler sunuyoruz, genellikle 24 saat i\u00e7inde sizinle ileti\u015fime ge\u00e7ece\u011fiz. Ayr\u0131ca mesai saatleri i\u00e7inde (8:30 - 6:00 UTC+8 Pzt.~Sat.) info@longchangchemical.com adresine e-posta g\u00f6nderebilir veya h\u0131zl\u0131 yan\u0131t almak i\u00e7in web sitesi canl\u0131 sohbetini kullanabilirsiniz.<\/b><\/strong><\/h4>","protected":false},"excerpt":{"rendered":"<h4>Kimyasal Ad\u0131: Karbohidrazid<\/h4>\n<h4>CAS No: 497-18-7<\/h4>\n<h4>Molek\u00fcler Form\u00fcl: CH6N4O<\/h4>\n<h4>Kimyasal Yap\u0131:<img decoding=\"async\" title=\"image.png\" src=\"https:\/\/www.longchangchemical.com\/wp-content\/uploads\/product-details\/20200612059501.png\" alt=\"image.png\" \/><\/h4>\n<h4>Molek\u00fcl a\u011f\u0131rl\u0131\u011f\u0131:90.08<\/h4>\n<h4>G\u00f6r\u00fcn\u00fcm:Beyaz kristal<\/h4>\n<h4>Tahlil: 99.9%<\/h4>","protected":false},"featured_media":4444,"comment_status":"open","ping_status":"closed","template":"","meta":[],"product_brand":[],"product_cat":[69],"product_tag":[],"class_list":{"0":"post-3809","1":"product","2":"type-product","3":"status-publish","4":"has-post-thumbnail","6":"product_cat-catalysts-chemical-auxiliary-agents","8":"first","9":"instock","10":"shipping-taxable","11":"product-type-simple"},"yoast_head":"<!-- This site is optimized with the Yoast SEO plugin v25.3.1 - https:\/\/yoast.com\/wordpress\/plugins\/seo\/ -->\n<title>China Carbohydrazide Manufacturer \uff06 Supplier - Longchang chemical Co., Ltd.<\/title>\n<meta name=\"description\" content=\"Longchang Chemical is a leading manufacturer and supplier of Carbohydrazide in China. Buy Carbohydrazide in china. We can provide the best Carbohydrazide price.\" \/>\n<meta name=\"robots\" content=\"index, follow, max-snippet:-1, max-image-preview:large, max-video-preview:-1\" \/>\n<link rel=\"canonical\" href=\"https:\/\/longchangchemical.com\/tr\/product\/carbohydrazide-cas-497-18-7\/\" \/>\n<meta property=\"og:locale\" content=\"tr_TR\" \/>\n<meta property=\"og:type\" content=\"article\" \/>\n<meta property=\"og:title\" content=\"China Carbohydrazide Manufacturer \uff06 Supplier - Longchang chemical Co., Ltd.\" \/>\n<meta property=\"og:description\" content=\"Longchang Chemical is a leading manufacturer and supplier of Carbohydrazide in China. Buy Carbohydrazide in china. We can provide the best Carbohydrazide price.\" \/>\n<meta property=\"og:url\" content=\"https:\/\/longchangchemical.com\/tr\/product\/carbohydrazide-cas-497-18-7\/\" \/>\n<meta property=\"og:site_name\" content=\"Longchang Chemical\" \/>\n<meta property=\"article:modified_time\" content=\"2025-12-23T02:17:14+00:00\" \/>\n<meta property=\"og:image\" content=\"https:\/\/longchangchemical.com\/wp-content\/uploads\/2021\/01\/Guanidine-carbonate-Appearance.jpg\" \/>\n\t<meta property=\"og:image:width\" content=\"600\" \/>\n\t<meta property=\"og:image:height\" content=\"800\" \/>\n\t<meta property=\"og:image:type\" content=\"image\/jpeg\" \/>\n<meta name=\"twitter:card\" content=\"summary_large_image\" \/>\n<script type=\"application\/ld+json\" class=\"yoast-schema-graph\">{\"@context\":\"https:\/\/schema.org\",\"@graph\":[{\"@type\":\"WebPage\",\"@id\":\"https:\/\/longchangchemical.com\/product\/carbohydrazide-cas-497-18-7\/\",\"url\":\"https:\/\/longchangchemical.com\/product\/carbohydrazide-cas-497-18-7\/\",\"name\":\"China Carbohydrazide Manufacturer \uff06 Supplier - Longchang chemical Co., Ltd.\",\"isPartOf\":{\"@id\":\"https:\/\/longchangchemical.com\/#website\"},\"primaryImageOfPage\":{\"@id\":\"https:\/\/longchangchemical.com\/product\/carbohydrazide-cas-497-18-7\/#primaryimage\"},\"image\":{\"@id\":\"https:\/\/longchangchemical.com\/product\/carbohydrazide-cas-497-18-7\/#primaryimage\"},\"thumbnailUrl\":\"https:\/\/longchangchemical.com\/wp-content\/uploads\/2021\/01\/Guanidine-carbonate-Appearance.jpg\",\"datePublished\":\"2021-03-31T07:28:35+00:00\",\"dateModified\":\"2025-12-23T02:17:14+00:00\",\"description\":\"Longchang Chemical is a leading manufacturer and supplier of Carbohydrazide in China. Buy Carbohydrazide in china. We can provide the best Carbohydrazide price.\",\"breadcrumb\":{\"@id\":\"https:\/\/longchangchemical.com\/product\/carbohydrazide-cas-497-18-7\/#breadcrumb\"},\"inLanguage\":\"tr\",\"potentialAction\":[{\"@type\":\"ReadAction\",\"target\":[\"https:\/\/longchangchemical.com\/product\/carbohydrazide-cas-497-18-7\/\"]}]},{\"@type\":\"ImageObject\",\"inLanguage\":\"tr\",\"@id\":\"https:\/\/longchangchemical.com\/product\/carbohydrazide-cas-497-18-7\/#primaryimage\",\"url\":\"https:\/\/longchangchemical.com\/wp-content\/uploads\/2021\/01\/Guanidine-carbonate-Appearance.jpg\",\"contentUrl\":\"https:\/\/longchangchemical.com\/wp-content\/uploads\/2021\/01\/Guanidine-carbonate-Appearance.jpg\",\"width\":600,\"height\":800,\"caption\":\"Carbohydrazide Appearance\"},{\"@type\":\"BreadcrumbList\",\"@id\":\"https:\/\/longchangchemical.com\/product\/carbohydrazide-cas-497-18-7\/#breadcrumb\",\"itemListElement\":[{\"@type\":\"ListItem\",\"position\":1,\"name\":\"Home\",\"item\":\"https:\/\/longchangchemical.com\/\"},{\"@type\":\"ListItem\",\"position\":2,\"name\":\"Products Longchang\",\"item\":\"https:\/\/longchangchemical.com\/product\/\"},{\"@type\":\"ListItem\",\"position\":3,\"name\":\"Carbohydrazide CAS 497-18-7\"}]},{\"@type\":\"WebSite\",\"@id\":\"https:\/\/longchangchemical.com\/#website\",\"url\":\"https:\/\/longchangchemical.com\/\",\"name\":\"Longchang Chemical\",\"description\":\"China chemical manufacturer \uff06 supplier\",\"publisher\":{\"@id\":\"https:\/\/longchangchemical.com\/#organization\"},\"potentialAction\":[{\"@type\":\"SearchAction\",\"target\":{\"@type\":\"EntryPoint\",\"urlTemplate\":\"https:\/\/longchangchemical.com\/?s={search_term_string}\"},\"query-input\":{\"@type\":\"PropertyValueSpecification\",\"valueRequired\":true,\"valueName\":\"search_term_string\"}}],\"inLanguage\":\"tr\"},{\"@type\":\"Organization\",\"@id\":\"https:\/\/longchangchemical.com\/#organization\",\"name\":\"Longchang Chemical\",\"url\":\"https:\/\/longchangchemical.com\/\",\"logo\":{\"@type\":\"ImageObject\",\"inLanguage\":\"tr\",\"@id\":\"https:\/\/longchangchemical.com\/#\/schema\/logo\/image\/\",\"url\":\"https:\/\/longchangchemical.com\/wp-content\/uploads\/2020\/08\/cropped-longchang-logo.png\",\"contentUrl\":\"https:\/\/longchangchemical.com\/wp-content\/uploads\/2020\/08\/cropped-longchang-logo.png\",\"width\":512,\"height\":512,\"caption\":\"Longchang Chemical\"},\"image\":{\"@id\":\"https:\/\/longchangchemical.com\/#\/schema\/logo\/image\/\"}}]}<\/script>\n<!-- \/ Yoast SEO plugin. -->","yoast_head_json":{"title":"\u00c7in Karbohidrazid \u00dcretici \uff06 Tedarik\u00e7i - Longchang chemical Co, Ltd.","description":"Longchang Chemical, \u00c7in'in \u00f6nde gelen Karbohidrazid \u00fcreticisi ve tedarik\u00e7isidir. \u00c7in'de Karbohidrazid sat\u0131n al\u0131n. En iyi Karbohidrazid fiyat\u0131n\u0131 sa\u011flayabiliriz.","robots":{"index":"index","follow":"follow","max-snippet":"max-snippet:-1","max-image-preview":"max-image-preview:large","max-video-preview":"max-video-preview:-1"},"canonical":"https:\/\/longchangchemical.com\/tr\/product\/carbohydrazide-cas-497-18-7\/","og_locale":"tr_TR","og_type":"article","og_title":"China Carbohydrazide Manufacturer \uff06 Supplier - Longchang chemical Co., Ltd.","og_description":"Longchang Chemical is a leading manufacturer and supplier of Carbohydrazide in China. Buy Carbohydrazide in china. We can provide the best Carbohydrazide price.","og_url":"https:\/\/longchangchemical.com\/tr\/product\/carbohydrazide-cas-497-18-7\/","og_site_name":"Longchang Chemical","article_modified_time":"2025-12-23T02:17:14+00:00","og_image":[{"width":600,"height":800,"url":"https:\/\/longchangchemical.com\/wp-content\/uploads\/2021\/01\/Guanidine-carbonate-Appearance.jpg","type":"image\/jpeg"}],"twitter_card":"summary_large_image","schema":{"@context":"https:\/\/schema.org","@graph":[{"@type":"WebPage","@id":"https:\/\/longchangchemical.com\/product\/carbohydrazide-cas-497-18-7\/","url":"https:\/\/longchangchemical.com\/product\/carbohydrazide-cas-497-18-7\/","name":"\u00c7in Karbohidrazid \u00dcretici \uff06 Tedarik\u00e7i - Longchang chemical Co, Ltd.","isPartOf":{"@id":"https:\/\/longchangchemical.com\/#website"},"primaryImageOfPage":{"@id":"https:\/\/longchangchemical.com\/product\/carbohydrazide-cas-497-18-7\/#primaryimage"},"image":{"@id":"https:\/\/longchangchemical.com\/product\/carbohydrazide-cas-497-18-7\/#primaryimage"},"thumbnailUrl":"https:\/\/longchangchemical.com\/wp-content\/uploads\/2021\/01\/Guanidine-carbonate-Appearance.jpg","datePublished":"2021-03-31T07:28:35+00:00","dateModified":"2025-12-23T02:17:14+00:00","description":"Longchang Chemical, \u00c7in'in \u00f6nde gelen Karbohidrazid \u00fcreticisi ve tedarik\u00e7isidir. \u00c7in'de Karbohidrazid sat\u0131n al\u0131n. En iyi Karbohidrazid fiyat\u0131n\u0131 sa\u011flayabiliriz.","breadcrumb":{"@id":"https:\/\/longchangchemical.com\/product\/carbohydrazide-cas-497-18-7\/#breadcrumb"},"inLanguage":"tr","potentialAction":[{"@type":"ReadAction","target":["https:\/\/longchangchemical.com\/product\/carbohydrazide-cas-497-18-7\/"]}]},{"@type":"ImageObject","inLanguage":"tr","@id":"https:\/\/longchangchemical.com\/product\/carbohydrazide-cas-497-18-7\/#primaryimage","url":"https:\/\/longchangchemical.com\/wp-content\/uploads\/2021\/01\/Guanidine-carbonate-Appearance.jpg","contentUrl":"https:\/\/longchangchemical.com\/wp-content\/uploads\/2021\/01\/Guanidine-carbonate-Appearance.jpg","width":600,"height":800,"caption":"Carbohydrazide Appearance"},{"@type":"BreadcrumbList","@id":"https:\/\/longchangchemical.com\/product\/carbohydrazide-cas-497-18-7\/#breadcrumb","itemListElement":[{"@type":"ListItem","position":1,"name":"Home","item":"https:\/\/longchangchemical.com\/"},{"@type":"ListItem","position":2,"name":"Products Longchang","item":"https:\/\/longchangchemical.com\/product\/"},{"@type":"ListItem","position":3,"name":"Carbohydrazide CAS 497-18-7"}]},{"@type":"WebSite","@id":"https:\/\/longchangchemical.com\/#website","url":"https:\/\/longchangchemical.com\/","name":"Longchang Kimya","description":"\u00c7in kimyasal \u00fcreticisi \uff06 tedarik\u00e7isi","publisher":{"@id":"https:\/\/longchangchemical.com\/#organization"},"potentialAction":[{"@type":"SearchAction","target":{"@type":"EntryPoint","urlTemplate":"https:\/\/longchangchemical.com\/?s={search_term_string}"},"query-input":{"@type":"PropertyValueSpecification","valueRequired":true,"valueName":"search_term_string"}}],"inLanguage":"tr"},{"@type":"Organization","@id":"https:\/\/longchangchemical.com\/#organization","name":"Longchang Kimya","url":"https:\/\/longchangchemical.com\/","logo":{"@type":"ImageObject","inLanguage":"tr","@id":"https:\/\/longchangchemical.com\/#\/schema\/logo\/image\/","url":"https:\/\/longchangchemical.com\/wp-content\/uploads\/2020\/08\/cropped-longchang-logo.png","contentUrl":"https:\/\/longchangchemical.com\/wp-content\/uploads\/2020\/08\/cropped-longchang-logo.png","width":512,"height":512,"caption":"Longchang Chemical"},"image":{"@id":"https:\/\/longchangchemical.com\/#\/schema\/logo\/image\/"}}]}},"_links":{"self":[{"href":"https:\/\/longchangchemical.com\/tr\/wp-json\/wp\/v2\/product\/3809","targetHints":{"allow":["GET"]}}],"collection":[{"href":"https:\/\/longchangchemical.com\/tr\/wp-json\/wp\/v2\/product"}],"about":[{"href":"https:\/\/longchangchemical.com\/tr\/wp-json\/wp\/v2\/types\/product"}],"replies":[{"embeddable":true,"href":"https:\/\/longchangchemical.com\/tr\/wp-json\/wp\/v2\/comments?post=3809"}],"wp:featuredmedia":[{"embeddable":true,"href":"https:\/\/longchangchemical.com\/tr\/wp-json\/wp\/v2\/media\/4444"}],"wp:attachment":[{"href":"https:\/\/longchangchemical.com\/tr\/wp-json\/wp\/v2\/media?parent=3809"}],"wp:term":[{"taxonomy":"product_brand","embeddable":true,"href":"https:\/\/longchangchemical.com\/tr\/wp-json\/wp\/v2\/product_brand?post=3809"},{"taxonomy":"product_cat","embeddable":true,"href":"https:\/\/longchangchemical.com\/tr\/wp-json\/wp\/v2\/product_cat?post=3809"},{"taxonomy":"product_tag","embeddable":true,"href":"https:\/\/longchangchemical.com\/tr\/wp-json\/wp\/v2\/product_tag?post=3809"}],"curies":[{"name":"wp","href":"https:\/\/api.w.org\/{rel}","templated":true}]}}