{"id":3764,"date":"2021-09-25T10:43:43","date_gmt":"2021-09-25T10:43:43","guid":{"rendered":"https:\/\/longchangchemical.com\/?post_type=product&#038;p=3764"},"modified":"2025-12-22T07:36:41","modified_gmt":"2025-12-22T07:36:41","slug":"ascorbyl-tetraisopalmitate","status":"publish","type":"product","link":"https:\/\/longchangchemical.com\/tr\/product\/ascorbyl-tetraisopalmitate\/","title":{"rendered":"Askorbil tetraisopalmitat CAS 183476-82-6"},"content":{"rendered":"<h1><strong>Askorbil tetraisopalmitat CAS 183476-82-6<\/strong><\/h1>\n<table class=\"table-1\">\n<tbody>\n<tr>\n<td>E\u015fyalar<\/td>\n<td>Teknik \u00d6zellikler<\/td>\n<\/tr>\n<tr>\n<td>G\u00f6r\u00fcn\u00fc\u015f<\/td>\n<td>Renksiz ila a\u00e7\u0131k sar\u0131 s\u0131v\u0131, soluk karakteristik bir renk<\/td>\n<\/tr>\n<tr>\n<td>\u0130\u00e7erik<\/td>\n<td>\u226598%<\/td>\n<\/tr>\n<tr>\n<td>Renk\uff08APHA)<\/td>\n<td>100max<\/td>\n<\/tr>\n<tr>\n<td>Yo\u011funluk<\/td>\n<td>0.930-0.943<\/td>\n<\/tr>\n<tr>\n<td>K\u0131r\u0131lma indisi\uff0825 \u2103\uff09<\/td>\n<td>1.459-1.465<\/td>\n<\/tr>\n<tr>\n<td>A\u011f\u0131r metaller<\/td>\n<td>20 ppm Maks<\/td>\n<\/tr>\n<tr>\n<td>Arsenik<\/td>\n<td>2 ppm Maks<\/td>\n<\/tr>\n<\/tbody>\n<\/table>\n<p>&nbsp;<\/p>\n<h2><strong>Askorbil Tetraisopalmitat Nedir?<\/strong><\/h2>\n<p>Genellikle kozmetik end\u00fcstrisinde ve ila\u00e7 end\u00fcstrisinde kullan\u0131lan ASCORBYL TETRA-2-HEXYLDECANOATE olarak da bilinen renksiz ila a\u00e7\u0131k sar\u0131 s\u0131v\u0131d\u0131r.<\/p>\n<p>&nbsp;<\/p>\n<h2><strong>Askorbil tetraisopalmitat Uygulama:<\/strong><\/h2>\n<p>&nbsp;<\/p>\n<h4>1. M\u00fckemmel transdermal emilim<\/h4>\n<h4>2. H\u00fccre i\u00e7i tirozinaz aktivitesini ve melanin \u00fcretimini inhibe eder<\/h4>\n<h4>3. UV kaynakl\u0131 h\u00fccre \/ DNA hasar\u0131n\u0131 azalt\u0131n (anti UV \/ anti stres)<\/h4>\n<h4>4. Lipid peroksidasyonunu ve kimyasal Kitap cilt ya\u015flanmas\u0131n\u0131 \u00f6nlemek i\u00e7in (antioksidan)<\/h4>\n<h4>5. Yayg\u0131n kozmetik ya\u011flarda iyi \u00e7\u00f6z\u00fcn\u00fcrl\u00fc\u011fe sahiptir<\/h4>\n<h4>6. Sod benzeri aktivite (antioksidan)<\/h4>\n<h4>7. Kolajen sentezi ve kolajen korumas\u0131 (ya\u015flanma kar\u015f\u0131t\u0131)<\/h4>\n<h4>8. Is\u0131ya ve oksidasyona kar\u015f\u0131 kararl\u0131<\/h4>\n<p>&nbsp;<\/p>\n<h2><strong>Askorbil tetraisopalmitat Depolama<\/strong><\/h2>\n<p>Kuru, temiz ve iyi havaland\u0131r\u0131lan bir depoda muhafaza edilecektir.<\/p>\n<p>I\u015f\u0131\u011fa ve \u0131s\u0131ya maruz b\u0131rakmaktan ka\u00e7\u0131n\u0131n.<\/p>\n<p>\u00dcr\u00fcn\u00fc nakliye s\u0131ras\u0131nda s\u0131z\u0131nt\u0131, ya\u011fmur ve g\u00fcne\u015ften korumak.<\/p>\n<p>&nbsp;<\/p>\n<h2><strong><b>\u015eimdi Bize Ula\u015f\u0131n!<\/b><\/strong><\/h2>\n<h4><strong><b>COA, MSDS veya TDS'ye ihtiyac\u0131n\u0131z varsa, l\u00fctfen a\u015fa\u011f\u0131daki forma ileti\u015fim bilgilerinizi girin, genellikle 24 saat i\u00e7inde sizinle ileti\u015fime ge\u00e7ece\u011fiz. Bana e-posta da g\u00f6nderebilirsiniz <span style=\"color: #0000ff;\"><a style=\"color: #0000ff;\" href=\"mailto:info@longchangchemical.com\">info@longchangchemical.com<\/a><\/span> \u00c7al\u0131\u015fma saatleri i\u00e7inde (8:30 - 6:00 UTC+8 Pzt.~Sat.) veya h\u0131zl\u0131 yan\u0131t almak i\u00e7in web sitesi canl\u0131 sohbetini kullan\u0131n.<\/b><\/strong><\/h4>","protected":false},"excerpt":{"rendered":"<h4>Kimyasal Ad\u0131: Askorbil Tetraisopalmitat<\/h4>\n<h4>Di\u011fer ad\u0131: NIKKOL VC-IP; L-ascorbyl 2,3,5,6-tetrakis(2-hexylalkanoate); L-ascorbyl 2,3,5,6-tetrakis(2-hexyldecanoate)<\/h4>\n<h4>CAS No: 183476-82-6<\/h4>\n<h4>Molek\u00fcler Form\u00fcl: C70H128O10<\/h4>\n<h4>Kimyasal Yap\u0131:<img decoding=\"async\" title=\"image.png\" src=\"https:\/\/www.longchangchemical.com\/wp-content\/uploads\/product-details\/20200617069078.png\" alt=\"image.png\" width=\"289\" height=\"107\" \/><\/h4>\n<h4>Molek\u00fcl a\u011f\u0131rl\u0131\u011f\u0131:1129.76<\/h4>\n<h4>G\u00f6r\u00fcn\u00fcm:Renksiz ila a\u00e7\u0131k sar\u0131 s\u0131v\u0131<\/h4>\n<h4>Test \uff1a 98%<\/h4>","protected":false},"featured_media":4650,"comment_status":"open","ping_status":"closed","template":"","meta":[],"product_brand":[],"product_cat":[113],"product_tag":[],"class_list":{"0":"post-3764","1":"product","2":"type-product","3":"status-publish","4":"has-post-thumbnail","6":"product_cat-organic-intermediate","8":"first","9":"instock","10":"shipping-taxable","11":"product-type-simple"},"yoast_head":"<!-- This site is optimized with the Yoast SEO plugin v25.3.1 - https:\/\/yoast.com\/wordpress\/plugins\/seo\/ -->\n<title>China Ascorbyl tetraisopalmitate CAS 183476-82-6 manufacturer - Longchang chemical<\/title>\n<meta name=\"description\" content=\"Longchang chemical Co., ltd. is china Ascorbyl tetraisopalmitate manufacturer and CAS 183476-82-6 supplier. We provide the best Ascorbyl tetraisopalmitate price.\" \/>\n<meta name=\"robots\" content=\"index, follow, max-snippet:-1, max-image-preview:large, max-video-preview:-1\" \/>\n<link rel=\"canonical\" href=\"https:\/\/longchangchemical.com\/tr\/product\/ascorbyl-tetraisopalmitate\/\" \/>\n<meta property=\"og:locale\" content=\"tr_TR\" \/>\n<meta property=\"og:type\" content=\"article\" \/>\n<meta property=\"og:title\" content=\"China Ascorbyl tetraisopalmitate CAS 183476-82-6 manufacturer - Longchang chemical\" \/>\n<meta property=\"og:description\" content=\"Longchang chemical Co., ltd. is china Ascorbyl tetraisopalmitate manufacturer and CAS 183476-82-6 supplier. We provide the best Ascorbyl tetraisopalmitate price.\" \/>\n<meta property=\"og:url\" content=\"https:\/\/longchangchemical.com\/tr\/product\/ascorbyl-tetraisopalmitate\/\" \/>\n<meta property=\"og:site_name\" content=\"Longchang Chemical\" \/>\n<meta property=\"article:modified_time\" content=\"2025-12-22T07:36:41+00:00\" \/>\n<meta property=\"og:image\" content=\"https:\/\/longchangchemical.com\/wp-content\/uploads\/2021\/06\/Appearance.jpg\" \/>\n\t<meta property=\"og:image:width\" content=\"600\" \/>\n\t<meta property=\"og:image:height\" content=\"800\" \/>\n\t<meta property=\"og:image:type\" content=\"image\/jpeg\" \/>\n<meta name=\"twitter:card\" content=\"summary_large_image\" \/>\n<script type=\"application\/ld+json\" class=\"yoast-schema-graph\">{\"@context\":\"https:\/\/schema.org\",\"@graph\":[{\"@type\":\"WebPage\",\"@id\":\"https:\/\/longchangchemical.com\/product\/ascorbyl-tetraisopalmitate\/\",\"url\":\"https:\/\/longchangchemical.com\/product\/ascorbyl-tetraisopalmitate\/\",\"name\":\"China Ascorbyl tetraisopalmitate CAS 183476-82-6 manufacturer - Longchang chemical\",\"isPartOf\":{\"@id\":\"https:\/\/longchangchemical.com\/#website\"},\"primaryImageOfPage\":{\"@id\":\"https:\/\/longchangchemical.com\/product\/ascorbyl-tetraisopalmitate\/#primaryimage\"},\"image\":{\"@id\":\"https:\/\/longchangchemical.com\/product\/ascorbyl-tetraisopalmitate\/#primaryimage\"},\"thumbnailUrl\":\"https:\/\/longchangchemical.com\/wp-content\/uploads\/2021\/06\/Appearance.jpg\",\"datePublished\":\"2021-09-25T10:43:43+00:00\",\"dateModified\":\"2025-12-22T07:36:41+00:00\",\"description\":\"Longchang chemical Co., ltd. is china Ascorbyl tetraisopalmitate manufacturer and CAS 183476-82-6 supplier. We provide the best Ascorbyl tetraisopalmitate price.\",\"breadcrumb\":{\"@id\":\"https:\/\/longchangchemical.com\/product\/ascorbyl-tetraisopalmitate\/#breadcrumb\"},\"inLanguage\":\"tr\",\"potentialAction\":[{\"@type\":\"ReadAction\",\"target\":[\"https:\/\/longchangchemical.com\/product\/ascorbyl-tetraisopalmitate\/\"]}]},{\"@type\":\"ImageObject\",\"inLanguage\":\"tr\",\"@id\":\"https:\/\/longchangchemical.com\/product\/ascorbyl-tetraisopalmitate\/#primaryimage\",\"url\":\"https:\/\/longchangchemical.com\/wp-content\/uploads\/2021\/06\/Appearance.jpg\",\"contentUrl\":\"https:\/\/longchangchemical.com\/wp-content\/uploads\/2021\/06\/Appearance.jpg\",\"width\":600,\"height\":800,\"caption\":\"Appearance\"},{\"@type\":\"BreadcrumbList\",\"@id\":\"https:\/\/longchangchemical.com\/product\/ascorbyl-tetraisopalmitate\/#breadcrumb\",\"itemListElement\":[{\"@type\":\"ListItem\",\"position\":1,\"name\":\"Home\",\"item\":\"https:\/\/longchangchemical.com\/\"},{\"@type\":\"ListItem\",\"position\":2,\"name\":\"Products Longchang\",\"item\":\"https:\/\/longchangchemical.com\/product\/\"},{\"@type\":\"ListItem\",\"position\":3,\"name\":\"Ascorbyl tetraisopalmitate CAS 183476-82-6\"}]},{\"@type\":\"WebSite\",\"@id\":\"https:\/\/longchangchemical.com\/#website\",\"url\":\"https:\/\/longchangchemical.com\/\",\"name\":\"Longchang Chemical\",\"description\":\"China chemical manufacturer \uff06 supplier\",\"publisher\":{\"@id\":\"https:\/\/longchangchemical.com\/#organization\"},\"potentialAction\":[{\"@type\":\"SearchAction\",\"target\":{\"@type\":\"EntryPoint\",\"urlTemplate\":\"https:\/\/longchangchemical.com\/?s={search_term_string}\"},\"query-input\":{\"@type\":\"PropertyValueSpecification\",\"valueRequired\":true,\"valueName\":\"search_term_string\"}}],\"inLanguage\":\"tr\"},{\"@type\":\"Organization\",\"@id\":\"https:\/\/longchangchemical.com\/#organization\",\"name\":\"Longchang Chemical\",\"url\":\"https:\/\/longchangchemical.com\/\",\"logo\":{\"@type\":\"ImageObject\",\"inLanguage\":\"tr\",\"@id\":\"https:\/\/longchangchemical.com\/#\/schema\/logo\/image\/\",\"url\":\"https:\/\/longchangchemical.com\/wp-content\/uploads\/2020\/08\/cropped-longchang-logo.png\",\"contentUrl\":\"https:\/\/longchangchemical.com\/wp-content\/uploads\/2020\/08\/cropped-longchang-logo.png\",\"width\":512,\"height\":512,\"caption\":\"Longchang Chemical\"},\"image\":{\"@id\":\"https:\/\/longchangchemical.com\/#\/schema\/logo\/image\/\"}}]}<\/script>\n<!-- \/ Yoast SEO plugin. -->","yoast_head_json":{"title":"\u00c7in Askorbil tetraisopalmitat CAS 183476-82-6 \u00dcretici - Longchang chemical","description":"Longchang chemical Co, ltd \u00e7in Askorbil tetraisopalmitat \u00fcreticisi ve CAS 183476-82-6 tedarik\u00e7isi konumundad\u0131r. En iyi Askorbil tetraisopalmitat fiyat\u0131n\u0131 sa\u011fl\u0131yoruz.","robots":{"index":"index","follow":"follow","max-snippet":"max-snippet:-1","max-image-preview":"max-image-preview:large","max-video-preview":"max-video-preview:-1"},"canonical":"https:\/\/longchangchemical.com\/tr\/product\/ascorbyl-tetraisopalmitate\/","og_locale":"tr_TR","og_type":"article","og_title":"China Ascorbyl tetraisopalmitate CAS 183476-82-6 manufacturer - Longchang chemical","og_description":"Longchang chemical Co., ltd. is china Ascorbyl tetraisopalmitate manufacturer and CAS 183476-82-6 supplier. We provide the best Ascorbyl tetraisopalmitate price.","og_url":"https:\/\/longchangchemical.com\/tr\/product\/ascorbyl-tetraisopalmitate\/","og_site_name":"Longchang Chemical","article_modified_time":"2025-12-22T07:36:41+00:00","og_image":[{"width":600,"height":800,"url":"https:\/\/longchangchemical.com\/wp-content\/uploads\/2021\/06\/Appearance.jpg","type":"image\/jpeg"}],"twitter_card":"summary_large_image","schema":{"@context":"https:\/\/schema.org","@graph":[{"@type":"WebPage","@id":"https:\/\/longchangchemical.com\/product\/ascorbyl-tetraisopalmitate\/","url":"https:\/\/longchangchemical.com\/product\/ascorbyl-tetraisopalmitate\/","name":"\u00c7in Askorbil tetraisopalmitat CAS 183476-82-6 \u00dcretici - Longchang chemical","isPartOf":{"@id":"https:\/\/longchangchemical.com\/#website"},"primaryImageOfPage":{"@id":"https:\/\/longchangchemical.com\/product\/ascorbyl-tetraisopalmitate\/#primaryimage"},"image":{"@id":"https:\/\/longchangchemical.com\/product\/ascorbyl-tetraisopalmitate\/#primaryimage"},"thumbnailUrl":"https:\/\/longchangchemical.com\/wp-content\/uploads\/2021\/06\/Appearance.jpg","datePublished":"2021-09-25T10:43:43+00:00","dateModified":"2025-12-22T07:36:41+00:00","description":"Longchang chemical Co, ltd \u00e7in Askorbil tetraisopalmitat \u00fcreticisi ve CAS 183476-82-6 tedarik\u00e7isi konumundad\u0131r. En iyi Askorbil tetraisopalmitat fiyat\u0131n\u0131 sa\u011fl\u0131yoruz.","breadcrumb":{"@id":"https:\/\/longchangchemical.com\/product\/ascorbyl-tetraisopalmitate\/#breadcrumb"},"inLanguage":"tr","potentialAction":[{"@type":"ReadAction","target":["https:\/\/longchangchemical.com\/product\/ascorbyl-tetraisopalmitate\/"]}]},{"@type":"ImageObject","inLanguage":"tr","@id":"https:\/\/longchangchemical.com\/product\/ascorbyl-tetraisopalmitate\/#primaryimage","url":"https:\/\/longchangchemical.com\/wp-content\/uploads\/2021\/06\/Appearance.jpg","contentUrl":"https:\/\/longchangchemical.com\/wp-content\/uploads\/2021\/06\/Appearance.jpg","width":600,"height":800,"caption":"Appearance"},{"@type":"BreadcrumbList","@id":"https:\/\/longchangchemical.com\/product\/ascorbyl-tetraisopalmitate\/#breadcrumb","itemListElement":[{"@type":"ListItem","position":1,"name":"Home","item":"https:\/\/longchangchemical.com\/"},{"@type":"ListItem","position":2,"name":"Products Longchang","item":"https:\/\/longchangchemical.com\/product\/"},{"@type":"ListItem","position":3,"name":"Ascorbyl tetraisopalmitate CAS 183476-82-6"}]},{"@type":"WebSite","@id":"https:\/\/longchangchemical.com\/#website","url":"https:\/\/longchangchemical.com\/","name":"Longchang Kimya","description":"\u00c7in kimyasal \u00fcreticisi \uff06 tedarik\u00e7isi","publisher":{"@id":"https:\/\/longchangchemical.com\/#organization"},"potentialAction":[{"@type":"SearchAction","target":{"@type":"EntryPoint","urlTemplate":"https:\/\/longchangchemical.com\/?s={search_term_string}"},"query-input":{"@type":"PropertyValueSpecification","valueRequired":true,"valueName":"search_term_string"}}],"inLanguage":"tr"},{"@type":"Organization","@id":"https:\/\/longchangchemical.com\/#organization","name":"Longchang Kimya","url":"https:\/\/longchangchemical.com\/","logo":{"@type":"ImageObject","inLanguage":"tr","@id":"https:\/\/longchangchemical.com\/#\/schema\/logo\/image\/","url":"https:\/\/longchangchemical.com\/wp-content\/uploads\/2020\/08\/cropped-longchang-logo.png","contentUrl":"https:\/\/longchangchemical.com\/wp-content\/uploads\/2020\/08\/cropped-longchang-logo.png","width":512,"height":512,"caption":"Longchang Chemical"},"image":{"@id":"https:\/\/longchangchemical.com\/#\/schema\/logo\/image\/"}}]}},"_links":{"self":[{"href":"https:\/\/longchangchemical.com\/tr\/wp-json\/wp\/v2\/product\/3764","targetHints":{"allow":["GET"]}}],"collection":[{"href":"https:\/\/longchangchemical.com\/tr\/wp-json\/wp\/v2\/product"}],"about":[{"href":"https:\/\/longchangchemical.com\/tr\/wp-json\/wp\/v2\/types\/product"}],"replies":[{"embeddable":true,"href":"https:\/\/longchangchemical.com\/tr\/wp-json\/wp\/v2\/comments?post=3764"}],"wp:featuredmedia":[{"embeddable":true,"href":"https:\/\/longchangchemical.com\/tr\/wp-json\/wp\/v2\/media\/4650"}],"wp:attachment":[{"href":"https:\/\/longchangchemical.com\/tr\/wp-json\/wp\/v2\/media?parent=3764"}],"wp:term":[{"taxonomy":"product_brand","embeddable":true,"href":"https:\/\/longchangchemical.com\/tr\/wp-json\/wp\/v2\/product_brand?post=3764"},{"taxonomy":"product_cat","embeddable":true,"href":"https:\/\/longchangchemical.com\/tr\/wp-json\/wp\/v2\/product_cat?post=3764"},{"taxonomy":"product_tag","embeddable":true,"href":"https:\/\/longchangchemical.com\/tr\/wp-json\/wp\/v2\/product_tag?post=3764"}],"curies":[{"name":"wp","href":"https:\/\/api.w.org\/{rel}","templated":true}]}}