{"id":3760,"date":"2023-11-14T09:33:08","date_gmt":"2023-11-14T09:33:08","guid":{"rendered":"https:\/\/longchangchemical.com\/?post_type=product&#038;p=3760"},"modified":"2025-12-22T06:35:13","modified_gmt":"2025-12-22T06:35:13","slug":"methanedisulphonic-acid-cas-503-40-2","status":"publish","type":"product","link":"https:\/\/longchangchemical.com\/tr\/product\/methanedisulphonic-acid-cas-503-40-2\/","title":{"rendered":"Metanedis\u00fclfonik asit CAS 503-40-2"},"content":{"rendered":"<h1><strong>Metanedis\u00fclfonik asit CAS 503-40-2<\/strong><\/h1>\n<table class=\"table-1\" cellspacing=\"0\">\n<tbody>\n<tr>\n<td>E\u015fyalar<\/td>\n<td>Teknik \u00d6zellikler<\/td>\n<\/tr>\n<tr>\n<td>G\u00f6r\u00fcn\u00fc\u015f<\/td>\n<td>A\u00e7\u0131k Gri ila Beyaz\u0131ms\u0131<\/td>\n<\/tr>\n<tr>\n<td>Safl\u0131k<\/td>\n<td>\u226596%<\/td>\n<\/tr>\n<tr>\n<td>Erime Noktas\u0131<\/td>\n<td>96-100 \u00b0C<\/td>\n<\/tr>\n<tr>\n<td>Yo\u011funluk<\/td>\n<td>1,6517 (kaba tahmin)<\/td>\n<\/tr>\n<\/tbody>\n<\/table>\n<h2><strong>Metanedis\u00fclfonik asit Kullan\u0131m\u0131<\/strong><\/h2>\n<p>1. Metanedis\u00fclfonik asit (MDS) \u00f6nemli bir ince kimyasal \u00fcr\u00fcnd\u00fcr. 50% metanedis\u00fclfonik asidin sulu \u00e7\u00f6zeltisi esas olarak elektrokaplama i\u00e7in bir kataliz\u00f6r olarak kullan\u0131l\u0131r ve 98%'den fazla i\u00e7eri\u011fe sahip kat\u0131 metanedis\u00fclfonik asit esas olarak t\u0131p ve pil elektroliti alanlar\u0131nda kullan\u0131l\u0131r.<\/p>\n<p>2. Sert krom kaplama i\u015fleminde ana katk\u0131 maddesi olarak kullan\u0131l\u0131r.<\/p>\n<h2><strong>Metanedis\u00fclfonik asit Paketleme ve Nakliye<\/strong><\/h2>\n<p>25kg \/ bidon<\/p>\n<h2><strong>Metanedis\u00fclfonik asit Depolama<\/strong><\/h2>\n<p>M\u00fchr\u00fc saklay\u0131n ve kuru ortamda muhafaza edin.<\/p>\n<h2><strong><b>\u015eimdi Bize Ula\u015f\u0131n!<\/b><\/strong><\/h2>\n<h4><strong><b>COA, MSDS veya TDS'ye ihtiyac\u0131n\u0131z varsa, l\u00fctfen a\u015fa\u011f\u0131daki forma ileti\u015fim bilgilerinizi girin, genellikle 24 saat i\u00e7inde sizinle ileti\u015fime ge\u00e7ece\u011fiz. Bana e-posta da g\u00f6nderebilirsiniz\u00a0<a href=\"mailto:info@longchangchemical.com\"><span style=\"color: #00ccff;\">info@longchangchemical.com<\/span><\/a>\u00a0\u00c7al\u0131\u015fma saatleri i\u00e7inde (8:30 - 6:00 UTC+8 Pzt.~Sat.) veya h\u0131zl\u0131 yan\u0131t almak i\u00e7in web sitesi canl\u0131 sohbetini kullan\u0131n.<\/b><\/strong><\/h4>","protected":false},"excerpt":{"rendered":"<p>Kimyasal Ad\u0131: Metanedis\u00fclfonik asit<\/p>\n<p>CAS No: 503-40-2<\/p>\n<p>Molek\u00fcler Form\u00fcl:CH4O6S2<\/p>\n<p>Kimyasal Yap\u0131:<img decoding=\"async\" title=\"Metanedis\u00fclfonik asit Yap\u0131s\u0131\" src=\"https:\/\/www.longchangchemical.com\/wp-content\/uploads\/product-details\/20200611081526.png\" alt=\"Metanedis\u00fclfonik asit Yap\u0131s\u0131\" width=\"155\" height=\"53\" border=\"0\" vspace=\"0\" \/><\/p>\n<p>Molek\u00fcl a\u011f\u0131rl\u0131\u011f\u0131:176.17<\/p>\n<p>G\u00f6r\u00fcn\u00fcm:A\u00e7\u0131k Gri ila Beyaz\u0131ms\u0131<\/p>\n<p>Test: \u226596%<\/p>","protected":false},"featured_media":0,"comment_status":"open","ping_status":"closed","template":"","meta":[],"product_brand":[],"product_cat":[73],"product_tag":[],"class_list":{"0":"post-3760","1":"product","2":"type-product","3":"status-publish","5":"product_cat-other-additives","7":"first","8":"instock","9":"shipping-taxable","10":"product-type-simple"},"yoast_head":"<!-- This site is optimized with the Yoast SEO plugin v25.3.1 - https:\/\/yoast.com\/wordpress\/plugins\/seo\/ -->\n<title>China Methanedisulphonic acid CAS 503-40-2 Manufacturer - Longchang Chemical<\/title>\n<meta name=\"description\" content=\"Methanedisulphonic acid CAS 503-40-2 is a key product of Longchang Chemical. We provide the best price. We are the leading manufacturer in China with the best quality and competitive price.\" \/>\n<meta name=\"robots\" content=\"index, follow, max-snippet:-1, max-image-preview:large, max-video-preview:-1\" \/>\n<link rel=\"canonical\" href=\"https:\/\/longchangchemical.com\/tr\/product\/methanedisulphonic-acid-cas-503-40-2\/\" \/>\n<meta property=\"og:locale\" content=\"tr_TR\" \/>\n<meta property=\"og:type\" content=\"article\" \/>\n<meta property=\"og:title\" content=\"China Methanedisulphonic acid CAS 503-40-2 Manufacturer - Longchang Chemical\" \/>\n<meta property=\"og:description\" content=\"Methanedisulphonic acid CAS 503-40-2 is a key product of Longchang Chemical. We provide the best price. We are the leading manufacturer in China with the best quality and competitive price.\" \/>\n<meta property=\"og:url\" content=\"https:\/\/longchangchemical.com\/tr\/product\/methanedisulphonic-acid-cas-503-40-2\/\" \/>\n<meta property=\"og:site_name\" content=\"Longchang Chemical\" \/>\n<meta property=\"article:modified_time\" content=\"2025-12-22T06:35:13+00:00\" \/>\n<meta property=\"og:image\" content=\"https:\/\/longchangchemical.com\/wp-content\/uploads\/2024\/02\/logo-jpeg.jpg\" \/>\n\t<meta property=\"og:image:width\" content=\"1000\" \/>\n\t<meta property=\"og:image:height\" content=\"1000\" \/>\n\t<meta property=\"og:image:type\" content=\"image\/jpeg\" \/>\n<meta name=\"twitter:card\" content=\"summary_large_image\" \/>\n<script type=\"application\/ld+json\" class=\"yoast-schema-graph\">{\"@context\":\"https:\/\/schema.org\",\"@graph\":[{\"@type\":\"WebPage\",\"@id\":\"https:\/\/longchangchemical.com\/product\/methanedisulphonic-acid-cas-503-40-2\/\",\"url\":\"https:\/\/longchangchemical.com\/product\/methanedisulphonic-acid-cas-503-40-2\/\",\"name\":\"China Methanedisulphonic acid CAS 503-40-2 Manufacturer - Longchang Chemical\",\"isPartOf\":{\"@id\":\"https:\/\/longchangchemical.com\/#website\"},\"datePublished\":\"2023-11-14T09:33:08+00:00\",\"dateModified\":\"2025-12-22T06:35:13+00:00\",\"description\":\"Methanedisulphonic acid CAS 503-40-2 is a key product of Longchang Chemical. We provide the best price. We are the leading manufacturer in China with the best quality and competitive price.\",\"breadcrumb\":{\"@id\":\"https:\/\/longchangchemical.com\/product\/methanedisulphonic-acid-cas-503-40-2\/#breadcrumb\"},\"inLanguage\":\"tr\",\"potentialAction\":[{\"@type\":\"ReadAction\",\"target\":[\"https:\/\/longchangchemical.com\/product\/methanedisulphonic-acid-cas-503-40-2\/\"]}]},{\"@type\":\"BreadcrumbList\",\"@id\":\"https:\/\/longchangchemical.com\/product\/methanedisulphonic-acid-cas-503-40-2\/#breadcrumb\",\"itemListElement\":[{\"@type\":\"ListItem\",\"position\":1,\"name\":\"Home\",\"item\":\"https:\/\/longchangchemical.com\/\"},{\"@type\":\"ListItem\",\"position\":2,\"name\":\"Products Longchang\",\"item\":\"https:\/\/longchangchemical.com\/product\/\"},{\"@type\":\"ListItem\",\"position\":3,\"name\":\"Methanedisulphonic acid CAS 503-40-2\"}]},{\"@type\":\"WebSite\",\"@id\":\"https:\/\/longchangchemical.com\/#website\",\"url\":\"https:\/\/longchangchemical.com\/\",\"name\":\"Longchang Chemical\",\"description\":\"China chemical manufacturer \uff06 supplier\",\"publisher\":{\"@id\":\"https:\/\/longchangchemical.com\/#organization\"},\"potentialAction\":[{\"@type\":\"SearchAction\",\"target\":{\"@type\":\"EntryPoint\",\"urlTemplate\":\"https:\/\/longchangchemical.com\/?s={search_term_string}\"},\"query-input\":{\"@type\":\"PropertyValueSpecification\",\"valueRequired\":true,\"valueName\":\"search_term_string\"}}],\"inLanguage\":\"tr\"},{\"@type\":\"Organization\",\"@id\":\"https:\/\/longchangchemical.com\/#organization\",\"name\":\"Longchang Chemical\",\"url\":\"https:\/\/longchangchemical.com\/\",\"logo\":{\"@type\":\"ImageObject\",\"inLanguage\":\"tr\",\"@id\":\"https:\/\/longchangchemical.com\/#\/schema\/logo\/image\/\",\"url\":\"https:\/\/longchangchemical.com\/wp-content\/uploads\/2020\/08\/cropped-longchang-logo.png\",\"contentUrl\":\"https:\/\/longchangchemical.com\/wp-content\/uploads\/2020\/08\/cropped-longchang-logo.png\",\"width\":512,\"height\":512,\"caption\":\"Longchang Chemical\"},\"image\":{\"@id\":\"https:\/\/longchangchemical.com\/#\/schema\/logo\/image\/\"}}]}<\/script>\n<!-- \/ Yoast SEO plugin. -->","yoast_head_json":{"title":"\u00c7in Metanedis\u00fclfonik asit CAS 503-40-2 \u00dcretici - Longchang Chemical","description":"Metanedis\u00fclfonik asit CAS 503-40-2, Longchang Chemical'\u0131n \u00f6nemli bir \u00fcr\u00fcn\u00fcd\u00fcr. En iyi fiyat\u0131 sa\u011fl\u0131yoruz. En iyi kalite ve rekabet\u00e7i fiyat ile \u00c7in'de lider \u00fcreticiyiz.","robots":{"index":"index","follow":"follow","max-snippet":"max-snippet:-1","max-image-preview":"max-image-preview:large","max-video-preview":"max-video-preview:-1"},"canonical":"https:\/\/longchangchemical.com\/tr\/product\/methanedisulphonic-acid-cas-503-40-2\/","og_locale":"tr_TR","og_type":"article","og_title":"China Methanedisulphonic acid CAS 503-40-2 Manufacturer - Longchang Chemical","og_description":"Methanedisulphonic acid CAS 503-40-2 is a key product of Longchang Chemical. We provide the best price. We are the leading manufacturer in China with the best quality and competitive price.","og_url":"https:\/\/longchangchemical.com\/tr\/product\/methanedisulphonic-acid-cas-503-40-2\/","og_site_name":"Longchang Chemical","article_modified_time":"2025-12-22T06:35:13+00:00","og_image":[{"width":1000,"height":1000,"url":"https:\/\/longchangchemical.com\/wp-content\/uploads\/2024\/02\/logo-jpeg.jpg","type":"image\/jpeg"}],"twitter_card":"summary_large_image","schema":{"@context":"https:\/\/schema.org","@graph":[{"@type":"WebPage","@id":"https:\/\/longchangchemical.com\/product\/methanedisulphonic-acid-cas-503-40-2\/","url":"https:\/\/longchangchemical.com\/product\/methanedisulphonic-acid-cas-503-40-2\/","name":"\u00c7in Metanedis\u00fclfonik asit CAS 503-40-2 \u00dcretici - Longchang Chemical","isPartOf":{"@id":"https:\/\/longchangchemical.com\/#website"},"datePublished":"2023-11-14T09:33:08+00:00","dateModified":"2025-12-22T06:35:13+00:00","description":"Metanedis\u00fclfonik asit CAS 503-40-2, Longchang Chemical'\u0131n \u00f6nemli bir \u00fcr\u00fcn\u00fcd\u00fcr. En iyi fiyat\u0131 sa\u011fl\u0131yoruz. En iyi kalite ve rekabet\u00e7i fiyat ile \u00c7in'de lider \u00fcreticiyiz.","breadcrumb":{"@id":"https:\/\/longchangchemical.com\/product\/methanedisulphonic-acid-cas-503-40-2\/#breadcrumb"},"inLanguage":"tr","potentialAction":[{"@type":"ReadAction","target":["https:\/\/longchangchemical.com\/product\/methanedisulphonic-acid-cas-503-40-2\/"]}]},{"@type":"BreadcrumbList","@id":"https:\/\/longchangchemical.com\/product\/methanedisulphonic-acid-cas-503-40-2\/#breadcrumb","itemListElement":[{"@type":"ListItem","position":1,"name":"Home","item":"https:\/\/longchangchemical.com\/"},{"@type":"ListItem","position":2,"name":"Products Longchang","item":"https:\/\/longchangchemical.com\/product\/"},{"@type":"ListItem","position":3,"name":"Methanedisulphonic acid CAS 503-40-2"}]},{"@type":"WebSite","@id":"https:\/\/longchangchemical.com\/#website","url":"https:\/\/longchangchemical.com\/","name":"Longchang Kimya","description":"\u00c7in kimyasal \u00fcreticisi \uff06 tedarik\u00e7isi","publisher":{"@id":"https:\/\/longchangchemical.com\/#organization"},"potentialAction":[{"@type":"SearchAction","target":{"@type":"EntryPoint","urlTemplate":"https:\/\/longchangchemical.com\/?s={search_term_string}"},"query-input":{"@type":"PropertyValueSpecification","valueRequired":true,"valueName":"search_term_string"}}],"inLanguage":"tr"},{"@type":"Organization","@id":"https:\/\/longchangchemical.com\/#organization","name":"Longchang Kimya","url":"https:\/\/longchangchemical.com\/","logo":{"@type":"ImageObject","inLanguage":"tr","@id":"https:\/\/longchangchemical.com\/#\/schema\/logo\/image\/","url":"https:\/\/longchangchemical.com\/wp-content\/uploads\/2020\/08\/cropped-longchang-logo.png","contentUrl":"https:\/\/longchangchemical.com\/wp-content\/uploads\/2020\/08\/cropped-longchang-logo.png","width":512,"height":512,"caption":"Longchang Chemical"},"image":{"@id":"https:\/\/longchangchemical.com\/#\/schema\/logo\/image\/"}}]}},"_links":{"self":[{"href":"https:\/\/longchangchemical.com\/tr\/wp-json\/wp\/v2\/product\/3760","targetHints":{"allow":["GET"]}}],"collection":[{"href":"https:\/\/longchangchemical.com\/tr\/wp-json\/wp\/v2\/product"}],"about":[{"href":"https:\/\/longchangchemical.com\/tr\/wp-json\/wp\/v2\/types\/product"}],"replies":[{"embeddable":true,"href":"https:\/\/longchangchemical.com\/tr\/wp-json\/wp\/v2\/comments?post=3760"}],"wp:attachment":[{"href":"https:\/\/longchangchemical.com\/tr\/wp-json\/wp\/v2\/media?parent=3760"}],"wp:term":[{"taxonomy":"product_brand","embeddable":true,"href":"https:\/\/longchangchemical.com\/tr\/wp-json\/wp\/v2\/product_brand?post=3760"},{"taxonomy":"product_cat","embeddable":true,"href":"https:\/\/longchangchemical.com\/tr\/wp-json\/wp\/v2\/product_cat?post=3760"},{"taxonomy":"product_tag","embeddable":true,"href":"https:\/\/longchangchemical.com\/tr\/wp-json\/wp\/v2\/product_tag?post=3760"}],"curies":[{"name":"wp","href":"https:\/\/api.w.org\/{rel}","templated":true}]}}