{"id":3728,"date":"2021-05-17T13:11:58","date_gmt":"2021-05-17T13:11:58","guid":{"rendered":"https:\/\/longchangchemical.com\/?post_type=product&#038;p=3728"},"modified":"2025-12-22T08:22:05","modified_gmt":"2025-12-22T08:22:05","slug":"l-mandelic-acid-cas-17199-29-0","status":"publish","type":"product","link":"https:\/\/longchangchemical.com\/tr\/product\/l-mandelic-acid-cas-17199-29-0\/","title":{"rendered":"L-mandelik asit CAS 17199-29-0"},"content":{"rendered":"<h1><strong>L-mandelik asit CAS 17199-29-0<\/strong><\/h1>\n<table class=\"table-1\" cellspacing=\"0\">\n<tbody>\n<tr>\n<td>\n<h4>\u00d6\u011fe<\/h4>\n<\/td>\n<td>\n<h4>Standart<\/h4>\n<\/td>\n<td>\n<h4>Sonu\u00e7lar<\/h4>\n<\/td>\n<\/tr>\n<tr>\n<td>\n<h4>G\u00f6r\u00fcn\u00fc\u015f<\/h4>\n<\/td>\n<td>\n<h4>Beyaz kristal toz<\/h4>\n<\/td>\n<td>\n<h4>Beyaz kristal toz<\/h4>\n<\/td>\n<\/tr>\n<tr>\n<td>\n<h4>Erime noktas\u0131 \u2103<\/h4>\n<\/td>\n<td>\n<h4>130-134<\/h4>\n<\/td>\n<td>\n<h4>130-134<\/h4>\n<\/td>\n<\/tr>\n<tr>\n<td>\n<h4>Optik rotasyon<\/h4>\n<\/td>\n<td>\n<h4>\u2267154(20\/D)<\/h4>\n<\/td>\n<td>\n<h4>156.2<\/h4>\n<\/td>\n<\/tr>\n<tr>\n<td>\n<h4>Kurutma s\u0131ras\u0131nda kay\u0131p<\/h4>\n<\/td>\n<td>\n<h4>\u22660,50%(W\/W)<\/h4>\n<\/td>\n<td>\n<h4>0.13<\/h4>\n<\/td>\n<\/tr>\n<tr>\n<td>\n<h4>Ate\u015fleme \u00fczerinde kal\u0131nt\u0131<\/h4>\n<\/td>\n<td>\n<h4>\u22660,2%<\/h4>\n<\/td>\n<td>\n<h4>&lt;0.2<\/h4>\n<\/td>\n<\/tr>\n<tr>\n<td>\n<h4>Tahlil<\/h4>\n<\/td>\n<td>\n<h4>\u226799%<\/h4>\n<\/td>\n<td>\n<h4>99.4%<\/h4>\n<\/td>\n<\/tr>\n<tr>\n<td>\n<h4>Sonu\u00e7<\/h4>\n<\/td>\n<td colspan=\"2\">\n<h4>Nitelikli<\/h4>\n<\/td>\n<\/tr>\n<\/tbody>\n<\/table>\n<p>&nbsp;<\/p>\n<h2><strong>L-mandelik asit Kullan\u0131m\u0131<\/strong><\/h2>\n<h4>1. L-mandelik asit esas olarak organik sentez ve ila\u00e7 end\u00fcstrisinde, \u00f6zellikle kiral maddelerin \u00e7\u00f6z\u00fcn\u00fcrl\u00fc\u011f\u00fc i\u00e7in kullan\u0131l\u0131r.<\/h4>\n<h4>2. L-mandelik asit ayn\u0131 zamanda rasematlar\u0131n \u00e7\u00f6z\u00fcn\u00fcrl\u00fc\u011f\u00fc ve amidlerin haz\u0131rlanmas\u0131 i\u00e7in kullan\u0131lan \u00e7ok ama\u00e7l\u0131 bir reaktiftir<\/h4>\n<p>&nbsp;<\/p>\n<h2><strong>L-mandelik asit Paketleme<\/strong><\/h2>\n<h4>25kg\/tambur veya ihtiyac\u0131n\u0131za g\u00f6re.<\/h4>\n<p>&nbsp;<\/p>\n<h2><strong>Ayn\u0131 seri \u00fcr\u00fcnler<\/strong><\/h2>\n<table style=\"border-collapse: collapse; width: 312.02pt;\" border=\"0\" width=\"416\" cellspacing=\"0\" cellpadding=\"0\">\n<tbody>\n<tr style=\"height: 54.00pt;\">\n<td class=\"et3\" style=\"height: 54.00pt; width: 201.75pt;\" width=\"269\" height=\"72\">\n<h4><a href=\"https:\/\/longchangchemical.com\/tr\/product\/dl-mandelic-acid-cas-90-64-2\/\"><span style=\"color: #0000ff;\">DL-Mandelik asit<\/span><\/a><\/h4>\n<\/td>\n<td class=\"et3\" style=\"width: 110.25pt;\" width=\"147\">\n<h4>90-64-2<\/h4>\n<\/td>\n<\/tr>\n<tr style=\"height: 54.00pt;\">\n<td class=\"et4\" style=\"height: 54.00pt; width: 201.75pt;\" width=\"269\" height=\"72\">\n<h4><a href=\"https:\/\/longchangchemical.com\/tr\/product\/d-mandelic-acid-cas-611-71-2\/\"><span style=\"color: #0000ff;\">D-Mandelik asit<\/span><\/a><\/h4>\n<\/td>\n<td class=\"et4\" style=\"width: 110.25pt;\" width=\"147\">\n<h4>611-71-2<\/h4>\n<\/td>\n<\/tr>\n<tr style=\"height: 40.50pt;\">\n<td class=\"et5\" style=\"height: 40.50pt; width: 201.75pt;\" width=\"269\" height=\"54\">\n<h4>L-mandelik asit<\/h4>\n<\/td>\n<td class=\"et5\" style=\"width: 110.25pt;\" width=\"147\">\n<h4>17199-29-0<\/h4>\n<\/td>\n<\/tr>\n<\/tbody>\n<\/table>\n<h2><\/h2>\n<h2><strong><b>\u015eimdi Bize Ula\u015f\u0131n!<\/b><\/strong><\/h2>\n<h4><strong><b>COA, MSDS veya TDS'ye ihtiyac\u0131n\u0131z varsa, a\u015fa\u011f\u0131daki formu doldurun, genellikle 24 saat i\u00e7inde sizinle ileti\u015fime ge\u00e7ece\u011fiz. Bana e-posta da g\u00f6nderebilirsiniz <a href=\"mailto:info@longchangchemical.com\">info@longchangchemical.com<\/a> \u00c7al\u0131\u015fma saatleri i\u00e7inde (8:30 - 6:00 UTC+8 Pzt.~Sat.) veya h\u0131zl\u0131 yan\u0131t almak i\u00e7in web sitesi canl\u0131 sohbetini kullan\u0131n.<\/b><\/strong><\/h4>","protected":false},"excerpt":{"rendered":"<h4>Kimyasal Ad\u0131: L-mandelik asit<\/h4>\n<h4>CAS: 17199-29-0<\/h4>\n<h4>Molek\u00fcler Form\u00fcl: C8H8O3<\/h4>\n<h4>Molek\u00fcler A\u011f\u0131rl\u0131k: 152,15<\/h4>\n<h4>Kimyasal Yap\u0131:<img decoding=\"async\" title=\"(S)-( )-Mandelik asit Yap\u0131s\u0131\" src=\"https:\/\/www.longchangchemical.com\/wp-content\/uploads\/product-details\/20200616145122.png\" alt=\"(S)-( )-Mandelik asit Yap\u0131s\u0131\" width=\"100\" height=\"67\" border=\"0\" vspace=\"0\" \/><\/h4>\n<h4>G\u00f6r\u00fcn\u00fc\u015f: Beyaz Kristal Toz<\/h4>\n<h4>Safl\u0131k: 99%<\/h4>","protected":false},"featured_media":4617,"comment_status":"open","ping_status":"closed","template":"","meta":[],"product_brand":[],"product_cat":[69],"product_tag":[],"class_list":{"0":"post-3728","1":"product","2":"type-product","3":"status-publish","4":"has-post-thumbnail","6":"product_cat-catalysts-chemical-auxiliary-agents","8":"first","9":"instock","10":"shipping-taxable","11":"product-type-simple"},"yoast_head":"<!-- This site is optimized with the Yoast SEO plugin v25.3.1 - https:\/\/yoast.com\/wordpress\/plugins\/seo\/ -->\n<title>China L-mandelic acid Manufacturer \uff06 17199-29-0 Supplier - Longchang chemical Co., Ltd.<\/title>\n<meta name=\"description\" content=\"Longchang Chemical is a leading manufacturer and supplier of L-mandelic acid in China. Buy L-mandelic acid in china. We can provide the best L-mandelic acid price.\" \/>\n<meta name=\"robots\" content=\"index, follow, max-snippet:-1, max-image-preview:large, max-video-preview:-1\" \/>\n<link rel=\"canonical\" href=\"https:\/\/longchangchemical.com\/tr\/product\/l-mandelic-acid-cas-17199-29-0\/\" \/>\n<meta property=\"og:locale\" content=\"tr_TR\" \/>\n<meta property=\"og:type\" content=\"article\" \/>\n<meta property=\"og:title\" content=\"China L-mandelic acid Manufacturer \uff06 17199-29-0 Supplier - Longchang chemical Co., Ltd.\" \/>\n<meta property=\"og:description\" content=\"Longchang Chemical is a leading manufacturer and supplier of L-mandelic acid in China. Buy L-mandelic acid in china. We can provide the best L-mandelic acid price.\" \/>\n<meta property=\"og:url\" content=\"https:\/\/longchangchemical.com\/tr\/product\/l-mandelic-acid-cas-17199-29-0\/\" \/>\n<meta property=\"og:site_name\" content=\"Longchang Chemical\" \/>\n<meta property=\"article:modified_time\" content=\"2025-12-22T08:22:05+00:00\" \/>\n<meta property=\"og:image\" content=\"https:\/\/longchangchemical.com\/wp-content\/uploads\/2021\/01\/Appearance-25.jpg\" \/>\n\t<meta property=\"og:image:width\" content=\"600\" \/>\n\t<meta property=\"og:image:height\" content=\"800\" \/>\n\t<meta property=\"og:image:type\" content=\"image\/jpeg\" \/>\n<meta name=\"twitter:card\" content=\"summary_large_image\" \/>\n<script type=\"application\/ld+json\" class=\"yoast-schema-graph\">{\"@context\":\"https:\/\/schema.org\",\"@graph\":[{\"@type\":\"WebPage\",\"@id\":\"https:\/\/longchangchemical.com\/product\/l-mandelic-acid-cas-17199-29-0\/\",\"url\":\"https:\/\/longchangchemical.com\/product\/l-mandelic-acid-cas-17199-29-0\/\",\"name\":\"China L-mandelic acid Manufacturer \uff06 17199-29-0 Supplier - Longchang chemical Co., Ltd.\",\"isPartOf\":{\"@id\":\"https:\/\/longchangchemical.com\/#website\"},\"primaryImageOfPage\":{\"@id\":\"https:\/\/longchangchemical.com\/product\/l-mandelic-acid-cas-17199-29-0\/#primaryimage\"},\"image\":{\"@id\":\"https:\/\/longchangchemical.com\/product\/l-mandelic-acid-cas-17199-29-0\/#primaryimage\"},\"thumbnailUrl\":\"https:\/\/longchangchemical.com\/wp-content\/uploads\/2021\/01\/Appearance-25.jpg\",\"datePublished\":\"2021-05-17T13:11:58+00:00\",\"dateModified\":\"2025-12-22T08:22:05+00:00\",\"description\":\"Longchang Chemical is a leading manufacturer and supplier of L-mandelic acid in China. Buy L-mandelic acid in china. We can provide the best L-mandelic acid price.\",\"breadcrumb\":{\"@id\":\"https:\/\/longchangchemical.com\/product\/l-mandelic-acid-cas-17199-29-0\/#breadcrumb\"},\"inLanguage\":\"tr\",\"potentialAction\":[{\"@type\":\"ReadAction\",\"target\":[\"https:\/\/longchangchemical.com\/product\/l-mandelic-acid-cas-17199-29-0\/\"]}]},{\"@type\":\"ImageObject\",\"inLanguage\":\"tr\",\"@id\":\"https:\/\/longchangchemical.com\/product\/l-mandelic-acid-cas-17199-29-0\/#primaryimage\",\"url\":\"https:\/\/longchangchemical.com\/wp-content\/uploads\/2021\/01\/Appearance-25.jpg\",\"contentUrl\":\"https:\/\/longchangchemical.com\/wp-content\/uploads\/2021\/01\/Appearance-25.jpg\",\"width\":600,\"height\":800},{\"@type\":\"BreadcrumbList\",\"@id\":\"https:\/\/longchangchemical.com\/product\/l-mandelic-acid-cas-17199-29-0\/#breadcrumb\",\"itemListElement\":[{\"@type\":\"ListItem\",\"position\":1,\"name\":\"Home\",\"item\":\"https:\/\/longchangchemical.com\/\"},{\"@type\":\"ListItem\",\"position\":2,\"name\":\"Products Longchang\",\"item\":\"https:\/\/longchangchemical.com\/product\/\"},{\"@type\":\"ListItem\",\"position\":3,\"name\":\"L-mandelic acid CAS 17199-29-0\"}]},{\"@type\":\"WebSite\",\"@id\":\"https:\/\/longchangchemical.com\/#website\",\"url\":\"https:\/\/longchangchemical.com\/\",\"name\":\"Longchang Chemical\",\"description\":\"China chemical manufacturer \uff06 supplier\",\"publisher\":{\"@id\":\"https:\/\/longchangchemical.com\/#organization\"},\"potentialAction\":[{\"@type\":\"SearchAction\",\"target\":{\"@type\":\"EntryPoint\",\"urlTemplate\":\"https:\/\/longchangchemical.com\/?s={search_term_string}\"},\"query-input\":{\"@type\":\"PropertyValueSpecification\",\"valueRequired\":true,\"valueName\":\"search_term_string\"}}],\"inLanguage\":\"tr\"},{\"@type\":\"Organization\",\"@id\":\"https:\/\/longchangchemical.com\/#organization\",\"name\":\"Longchang Chemical\",\"url\":\"https:\/\/longchangchemical.com\/\",\"logo\":{\"@type\":\"ImageObject\",\"inLanguage\":\"tr\",\"@id\":\"https:\/\/longchangchemical.com\/#\/schema\/logo\/image\/\",\"url\":\"https:\/\/longchangchemical.com\/wp-content\/uploads\/2020\/08\/cropped-longchang-logo.png\",\"contentUrl\":\"https:\/\/longchangchemical.com\/wp-content\/uploads\/2020\/08\/cropped-longchang-logo.png\",\"width\":512,\"height\":512,\"caption\":\"Longchang Chemical\"},\"image\":{\"@id\":\"https:\/\/longchangchemical.com\/#\/schema\/logo\/image\/\"}}]}<\/script>\n<!-- \/ Yoast SEO plugin. -->","yoast_head_json":{"title":"\u00c7in L-mandelik asit \u00dcretici \uff06 17199-29-0 Tedarik\u00e7i - Longchang chemical Co, Ltd.","description":"Longchang Chemical, \u00c7in'in \u00f6nde gelen L-mandelik asit \u00fcreticisi ve tedarik\u00e7isidir. \u00c7in'de L-mandelik asit sat\u0131n al\u0131n. En iyi L-mandelik asit fiyat\u0131n\u0131 sa\u011flayabiliriz.","robots":{"index":"index","follow":"follow","max-snippet":"max-snippet:-1","max-image-preview":"max-image-preview:large","max-video-preview":"max-video-preview:-1"},"canonical":"https:\/\/longchangchemical.com\/tr\/product\/l-mandelic-acid-cas-17199-29-0\/","og_locale":"tr_TR","og_type":"article","og_title":"China L-mandelic acid Manufacturer \uff06 17199-29-0 Supplier - Longchang chemical Co., Ltd.","og_description":"Longchang Chemical is a leading manufacturer and supplier of L-mandelic acid in China. Buy L-mandelic acid in china. We can provide the best L-mandelic acid price.","og_url":"https:\/\/longchangchemical.com\/tr\/product\/l-mandelic-acid-cas-17199-29-0\/","og_site_name":"Longchang Chemical","article_modified_time":"2025-12-22T08:22:05+00:00","og_image":[{"width":600,"height":800,"url":"https:\/\/longchangchemical.com\/wp-content\/uploads\/2021\/01\/Appearance-25.jpg","type":"image\/jpeg"}],"twitter_card":"summary_large_image","schema":{"@context":"https:\/\/schema.org","@graph":[{"@type":"WebPage","@id":"https:\/\/longchangchemical.com\/product\/l-mandelic-acid-cas-17199-29-0\/","url":"https:\/\/longchangchemical.com\/product\/l-mandelic-acid-cas-17199-29-0\/","name":"\u00c7in L-mandelik asit \u00dcretici \uff06 17199-29-0 Tedarik\u00e7i - Longchang chemical Co, Ltd.","isPartOf":{"@id":"https:\/\/longchangchemical.com\/#website"},"primaryImageOfPage":{"@id":"https:\/\/longchangchemical.com\/product\/l-mandelic-acid-cas-17199-29-0\/#primaryimage"},"image":{"@id":"https:\/\/longchangchemical.com\/product\/l-mandelic-acid-cas-17199-29-0\/#primaryimage"},"thumbnailUrl":"https:\/\/longchangchemical.com\/wp-content\/uploads\/2021\/01\/Appearance-25.jpg","datePublished":"2021-05-17T13:11:58+00:00","dateModified":"2025-12-22T08:22:05+00:00","description":"Longchang Chemical, \u00c7in'in \u00f6nde gelen L-mandelik asit \u00fcreticisi ve tedarik\u00e7isidir. \u00c7in'de L-mandelik asit sat\u0131n al\u0131n. En iyi L-mandelik asit fiyat\u0131n\u0131 sa\u011flayabiliriz.","breadcrumb":{"@id":"https:\/\/longchangchemical.com\/product\/l-mandelic-acid-cas-17199-29-0\/#breadcrumb"},"inLanguage":"tr","potentialAction":[{"@type":"ReadAction","target":["https:\/\/longchangchemical.com\/product\/l-mandelic-acid-cas-17199-29-0\/"]}]},{"@type":"ImageObject","inLanguage":"tr","@id":"https:\/\/longchangchemical.com\/product\/l-mandelic-acid-cas-17199-29-0\/#primaryimage","url":"https:\/\/longchangchemical.com\/wp-content\/uploads\/2021\/01\/Appearance-25.jpg","contentUrl":"https:\/\/longchangchemical.com\/wp-content\/uploads\/2021\/01\/Appearance-25.jpg","width":600,"height":800},{"@type":"BreadcrumbList","@id":"https:\/\/longchangchemical.com\/product\/l-mandelic-acid-cas-17199-29-0\/#breadcrumb","itemListElement":[{"@type":"ListItem","position":1,"name":"Home","item":"https:\/\/longchangchemical.com\/"},{"@type":"ListItem","position":2,"name":"Products Longchang","item":"https:\/\/longchangchemical.com\/product\/"},{"@type":"ListItem","position":3,"name":"L-mandelic acid CAS 17199-29-0"}]},{"@type":"WebSite","@id":"https:\/\/longchangchemical.com\/#website","url":"https:\/\/longchangchemical.com\/","name":"Longchang Kimya","description":"\u00c7in kimyasal \u00fcreticisi \uff06 tedarik\u00e7isi","publisher":{"@id":"https:\/\/longchangchemical.com\/#organization"},"potentialAction":[{"@type":"SearchAction","target":{"@type":"EntryPoint","urlTemplate":"https:\/\/longchangchemical.com\/?s={search_term_string}"},"query-input":{"@type":"PropertyValueSpecification","valueRequired":true,"valueName":"search_term_string"}}],"inLanguage":"tr"},{"@type":"Organization","@id":"https:\/\/longchangchemical.com\/#organization","name":"Longchang Kimya","url":"https:\/\/longchangchemical.com\/","logo":{"@type":"ImageObject","inLanguage":"tr","@id":"https:\/\/longchangchemical.com\/#\/schema\/logo\/image\/","url":"https:\/\/longchangchemical.com\/wp-content\/uploads\/2020\/08\/cropped-longchang-logo.png","contentUrl":"https:\/\/longchangchemical.com\/wp-content\/uploads\/2020\/08\/cropped-longchang-logo.png","width":512,"height":512,"caption":"Longchang Chemical"},"image":{"@id":"https:\/\/longchangchemical.com\/#\/schema\/logo\/image\/"}}]}},"_links":{"self":[{"href":"https:\/\/longchangchemical.com\/tr\/wp-json\/wp\/v2\/product\/3728","targetHints":{"allow":["GET"]}}],"collection":[{"href":"https:\/\/longchangchemical.com\/tr\/wp-json\/wp\/v2\/product"}],"about":[{"href":"https:\/\/longchangchemical.com\/tr\/wp-json\/wp\/v2\/types\/product"}],"replies":[{"embeddable":true,"href":"https:\/\/longchangchemical.com\/tr\/wp-json\/wp\/v2\/comments?post=3728"}],"wp:featuredmedia":[{"embeddable":true,"href":"https:\/\/longchangchemical.com\/tr\/wp-json\/wp\/v2\/media\/4617"}],"wp:attachment":[{"href":"https:\/\/longchangchemical.com\/tr\/wp-json\/wp\/v2\/media?parent=3728"}],"wp:term":[{"taxonomy":"product_brand","embeddable":true,"href":"https:\/\/longchangchemical.com\/tr\/wp-json\/wp\/v2\/product_brand?post=3728"},{"taxonomy":"product_cat","embeddable":true,"href":"https:\/\/longchangchemical.com\/tr\/wp-json\/wp\/v2\/product_cat?post=3728"},{"taxonomy":"product_tag","embeddable":true,"href":"https:\/\/longchangchemical.com\/tr\/wp-json\/wp\/v2\/product_tag?post=3728"}],"curies":[{"name":"wp","href":"https:\/\/api.w.org\/{rel}","templated":true}]}}