{"id":3726,"date":"2023-05-08T11:41:49","date_gmt":"2023-05-08T11:41:49","guid":{"rendered":"https:\/\/longchangchemical.com\/?post_type=product&#038;p=3726"},"modified":"2026-01-09T07:18:27","modified_gmt":"2026-01-09T07:18:27","slug":"lcsorb-bp-4-cas-4065-45-6","status":"publish","type":"product","link":"https:\/\/longchangchemical.com\/tr\/product\/lcsorb-bp-4-cas-4065-45-6\/","title":{"rendered":"CHLUMIUV\u00ae BP-4 CAS 4065-45-6"},"content":{"rendered":"<h1><strong>BP-4 CAS 4065-45-6<\/strong><\/h1>\n<table class=\"table-1\" cellspacing=\"1\">\n<tbody>\n<tr>\n<td>\u00d6\u011fe<\/td>\n<td>Teknik \u00d6zellikler<\/td>\n<\/tr>\n<tr>\n<td>G\u00f6r\u00fcn\u00fc\u015f<\/td>\n<td>Kirli beyaz veya a\u00e7\u0131k sar\u0131 kristal toz<\/td>\n<\/tr>\n<tr>\n<td>MeltingPoint<\/td>\n<td>\u2265140\u00b0C<\/td>\n<\/tr>\n<tr>\n<td rowspan=\"2\">Spesifik Yok Olu\u015f (1%, 1cm)<\/td>\n<td>E285:\u2265460<\/td>\n<\/tr>\n<tr>\n<td>E325:\u2265290<\/td>\n<\/tr>\n<tr>\n<td>Lossondrying<\/td>\n<td>\u22643.0%<\/td>\n<\/tr>\n<tr>\n<td>Gardnercolor<\/td>\n<td>\u22642.0<\/td>\n<\/tr>\n<tr>\n<td>Heavymetals<\/td>\n<td>\u22645ppm<\/td>\n<\/tr>\n<tr>\n<td>Bulan\u0131kl\u0131k<\/td>\n<td>\u22644.0EBC<\/td>\n<\/tr>\n<tr>\n<td>PHde\u011feri<\/td>\n<td>1.2~2.2<\/td>\n<\/tr>\n<tr>\n<td>Tahlil<\/td>\n<td>\u226599.0%<\/td>\n<\/tr>\n<\/tbody>\n<\/table>\n<p><strong>2-Hidroksi-4-metoksibenzofenon-5-s\u00fclfonik asit Kullan\u0131m\u0131<\/strong><\/p>\n<p>1. Esas olarak kozmetikte suda \u00e7\u00f6z\u00fcn\u00fcr g\u00fcne\u015f kremi g\u00fcne\u015flenmeye kar\u015f\u0131 diren\u00e7 olarak kullan\u0131l\u0131r, ayr\u0131ca uv emici i\u00e7in di\u011fer suda \u00e7\u00f6z\u00fcn\u00fcr m\u00fcrekkep, boya vb.<\/p>\n<p>2. Pamuklu kuma\u015f i\u00e7in anti-ultraviyole apre maddesi olarak, polyester elyaf iyi ya\u015flanma kar\u015f\u0131t\u0131 ve yumu\u015fat\u0131c\u0131 etkiye sahiptir.<\/p>\n<p>3. Esas olarak kozmetikte suda \u00e7\u00f6z\u00fcn\u00fcr g\u00fcne\u015f kremi g\u00fcne\u015flenmeye kar\u015f\u0131 diren\u00e7 olarak kullan\u0131l\u0131r, ayr\u0131ca uv emici i\u00e7in di\u011fer suda \u00e7\u00f6z\u00fcn\u00fcr m\u00fcrekkep, boya vb.<\/p>\n<p>4. Geni\u015f spektrumlu bir UV emici, y\u00fcksek verimlilikle emilim, toksik olmayan yan etkiler, teratojenite yok, optik, termal stabilite iyi bir avantaj bekliyor, ayr\u0131ca uv-a ve UV - B'yi emebilir, FDA taraf\u0131ndan onaylanm\u0131\u015ft\u0131r \u2160 t\u00fcr g\u00fcne\u015f kremi, kullan\u0131m s\u0131kl\u0131\u011f\u0131 Amerika Birle\u015fik Devletleri ve Avrupa'da daha y\u00fcksektir, g\u00fcne\u015f losyonu, krem, bal, lateks, ya\u011f ve di\u011fer g\u00fcne\u015f koruyucu kozmetiklerde anti-ultraviyole terbiye maddesi olarak yayg\u0131n olarak kullan\u0131l\u0131r, pamuklu kuma\u015f, polyester elyaf iyi ya\u015flanma kar\u015f\u0131t\u0131 ve yumu\u015fat\u0131c\u0131 etkiye sahiptir.<\/p>\n<p><strong>2-Hidroksi-4-metoksibenzofenon-5-s\u00fclfonik asit Paketleme ve Nakliye<\/strong><\/p>\n<p>Karton kova, Net a\u011f\u0131rl\u0131k: Tambur ba\u015f\u0131na 25 kg.<\/p>\n<p><strong>2-Hidroksi-4-metoksibenzofenon-5-s\u00fclfonik asit Depolama<\/strong><\/p>\n<p>Serin ve kuru havaland\u0131r\u0131lan bir yerde saklay\u0131n.<\/p>\n<p>&nbsp;<\/p>\n<h2><strong>\u015eimdi Bize Ula\u015f\u0131n!<\/strong><\/h2>\n<p><strong>COA, MSDS veya TDS'ye ihtiyac\u0131n\u0131z varsa <span style=\"color: #00ccff;\"><a style=\"color: #00ccff;\" href=\"https:\/\/longchangchemical.com\/tr\/product-category\/lcsorb-uv-absorber\/\">UV Emici<\/a><\/span>l\u00fctfen ileti\u015fim bilgilerinizi a\u015fa\u011f\u0131daki forma doldurun, genellikle 24 saat i\u00e7inde sizinle ileti\u015fime ge\u00e7ece\u011fiz. Bana e-posta da g\u00f6nderebilirsiniz <span style=\"color: #00ccff;\"><a style=\"color: #00ccff;\" href=\"mailto:info@longchangchemical.com\">info@longchangchemical.com<\/a> <\/span>\u00c7al\u0131\u015fma saatleri i\u00e7inde (8:30 - 6:00 UTC+8 Pzt.~Sat.) veya h\u0131zl\u0131 yan\u0131t almak i\u00e7in web sitesi canl\u0131 sohbetini kullan\u0131n.<\/strong><\/p>","protected":false},"excerpt":{"rendered":"<p>KimyasalAd\u0131: 2-Hidroksi-4-metoksibenzofenon-5-s\u00fclfonik asit<\/p>\n<p>CAS NO: 4065-45-6<\/p>\n<p>Molek\u00fcler Form\u00fcl: C14H12O6S<\/p>\n<p>Molek\u00fcler A\u011f\u0131rl\u0131k: 308.31<\/p>\n<p>G\u00f6r\u00fcn\u00fcm:Kirli beyaz veya a\u00e7\u0131k sar\u0131 kristal toz<\/p>\n<p>Test: \u226599,0%<\/p>","protected":false},"featured_media":7945,"comment_status":"open","ping_status":"closed","template":"","meta":[],"product_brand":[],"product_cat":[139],"product_tag":[],"class_list":{"0":"post-3726","1":"product","2":"type-product","3":"status-publish","4":"has-post-thumbnail","6":"product_cat-lcsorb-uv-absorber","8":"first","9":"instock","10":"shipping-taxable","11":"product-type-simple"},"yoast_head":"<!-- This site is optimized with the Yoast SEO plugin v25.3.1 - https:\/\/yoast.com\/wordpress\/plugins\/seo\/ -->\n<title>China CHLUMIUV\u00ae BP-4 CAS 4065-45-6 Manufacturer - Longchang Chemical<\/title>\n<meta name=\"description\" content=\"CHLUMIUV\u00ae BP-4 CAS 4065-45-6 is a key product of Longchang Chemical. We provide the best price. We are the leading manufacturer in China with the best quality and competitive price.\" \/>\n<meta name=\"robots\" content=\"index, follow, max-snippet:-1, max-image-preview:large, max-video-preview:-1\" \/>\n<link rel=\"canonical\" href=\"https:\/\/longchangchemical.com\/tr\/product\/lcsorb-bp-4-cas-4065-45-6\/\" \/>\n<meta property=\"og:locale\" content=\"tr_TR\" \/>\n<meta property=\"og:type\" content=\"article\" \/>\n<meta property=\"og:title\" content=\"China CHLUMIUV\u00ae BP-4 CAS 4065-45-6 Manufacturer - Longchang Chemical\" \/>\n<meta property=\"og:description\" content=\"CHLUMIUV\u00ae BP-4 CAS 4065-45-6 is a key product of Longchang Chemical. We provide the best price. We are the leading manufacturer in China with the best quality and competitive price.\" \/>\n<meta property=\"og:url\" content=\"https:\/\/longchangchemical.com\/tr\/product\/lcsorb-bp-4-cas-4065-45-6\/\" \/>\n<meta property=\"og:site_name\" content=\"Longchang Chemical\" \/>\n<meta property=\"article:modified_time\" content=\"2026-01-09T07:18:27+00:00\" \/>\n<meta property=\"og:image\" content=\"https:\/\/longchangchemical.com\/wp-content\/uploads\/2023\/05\/4065-45-6.jpg\" \/>\n\t<meta property=\"og:image:width\" content=\"600\" \/>\n\t<meta property=\"og:image:height\" content=\"600\" \/>\n\t<meta property=\"og:image:type\" content=\"image\/jpeg\" \/>\n<meta name=\"twitter:card\" content=\"summary_large_image\" \/>\n<script type=\"application\/ld+json\" class=\"yoast-schema-graph\">{\"@context\":\"https:\/\/schema.org\",\"@graph\":[{\"@type\":\"WebPage\",\"@id\":\"https:\/\/longchangchemical.com\/product\/lcsorb-bp-4-cas-4065-45-6\/\",\"url\":\"https:\/\/longchangchemical.com\/product\/lcsorb-bp-4-cas-4065-45-6\/\",\"name\":\"China CHLUMIUV\u00ae BP-4 CAS 4065-45-6 Manufacturer - Longchang Chemical\",\"isPartOf\":{\"@id\":\"https:\/\/longchangchemical.com\/#website\"},\"primaryImageOfPage\":{\"@id\":\"https:\/\/longchangchemical.com\/product\/lcsorb-bp-4-cas-4065-45-6\/#primaryimage\"},\"image\":{\"@id\":\"https:\/\/longchangchemical.com\/product\/lcsorb-bp-4-cas-4065-45-6\/#primaryimage\"},\"thumbnailUrl\":\"https:\/\/longchangchemical.com\/wp-content\/uploads\/2023\/05\/4065-45-6.jpg\",\"datePublished\":\"2023-05-08T11:41:49+00:00\",\"dateModified\":\"2026-01-09T07:18:27+00:00\",\"description\":\"CHLUMIUV\u00ae BP-4 CAS 4065-45-6 is a key product of Longchang Chemical. We provide the best price. We are the leading manufacturer in China with the best quality and competitive price.\",\"breadcrumb\":{\"@id\":\"https:\/\/longchangchemical.com\/product\/lcsorb-bp-4-cas-4065-45-6\/#breadcrumb\"},\"inLanguage\":\"tr\",\"potentialAction\":[{\"@type\":\"ReadAction\",\"target\":[\"https:\/\/longchangchemical.com\/product\/lcsorb-bp-4-cas-4065-45-6\/\"]}]},{\"@type\":\"ImageObject\",\"inLanguage\":\"tr\",\"@id\":\"https:\/\/longchangchemical.com\/product\/lcsorb-bp-4-cas-4065-45-6\/#primaryimage\",\"url\":\"https:\/\/longchangchemical.com\/wp-content\/uploads\/2023\/05\/4065-45-6.jpg\",\"contentUrl\":\"https:\/\/longchangchemical.com\/wp-content\/uploads\/2023\/05\/4065-45-6.jpg\",\"width\":600,\"height\":600},{\"@type\":\"BreadcrumbList\",\"@id\":\"https:\/\/longchangchemical.com\/product\/lcsorb-bp-4-cas-4065-45-6\/#breadcrumb\",\"itemListElement\":[{\"@type\":\"ListItem\",\"position\":1,\"name\":\"Home\",\"item\":\"https:\/\/longchangchemical.com\/\"},{\"@type\":\"ListItem\",\"position\":2,\"name\":\"Products Longchang\",\"item\":\"https:\/\/longchangchemical.com\/product\/\"},{\"@type\":\"ListItem\",\"position\":3,\"name\":\"CHLUMIUV\u00ae BP-4 CAS 4065-45-6\"}]},{\"@type\":\"WebSite\",\"@id\":\"https:\/\/longchangchemical.com\/#website\",\"url\":\"https:\/\/longchangchemical.com\/\",\"name\":\"Longchang Chemical\",\"description\":\"China chemical manufacturer \uff06 supplier\",\"publisher\":{\"@id\":\"https:\/\/longchangchemical.com\/#organization\"},\"potentialAction\":[{\"@type\":\"SearchAction\",\"target\":{\"@type\":\"EntryPoint\",\"urlTemplate\":\"https:\/\/longchangchemical.com\/?s={search_term_string}\"},\"query-input\":{\"@type\":\"PropertyValueSpecification\",\"valueRequired\":true,\"valueName\":\"search_term_string\"}}],\"inLanguage\":\"tr\"},{\"@type\":\"Organization\",\"@id\":\"https:\/\/longchangchemical.com\/#organization\",\"name\":\"Longchang Chemical\",\"url\":\"https:\/\/longchangchemical.com\/\",\"logo\":{\"@type\":\"ImageObject\",\"inLanguage\":\"tr\",\"@id\":\"https:\/\/longchangchemical.com\/#\/schema\/logo\/image\/\",\"url\":\"https:\/\/longchangchemical.com\/wp-content\/uploads\/2020\/08\/cropped-longchang-logo.png\",\"contentUrl\":\"https:\/\/longchangchemical.com\/wp-content\/uploads\/2020\/08\/cropped-longchang-logo.png\",\"width\":512,\"height\":512,\"caption\":\"Longchang Chemical\"},\"image\":{\"@id\":\"https:\/\/longchangchemical.com\/#\/schema\/logo\/image\/\"}}]}<\/script>\n<!-- \/ Yoast SEO plugin. -->","yoast_head_json":{"title":"\u00c7in CHLUMIUV\u00ae BP-4 CAS 4065-45-6 \u00dcretici - Longchang Chemical","description":"CHLUMIUV\u00ae BP-4 CAS 4065-45-6, Longchang Chemical'\u0131n \u00f6nemli bir \u00fcr\u00fcn\u00fcd\u00fcr. En iyi fiyat\u0131 sa\u011fl\u0131yoruz. En iyi kalite ve rekabet\u00e7i fiyat ile \u00c7in'in \u00f6nde gelen \u00fcreticisiyiz.","robots":{"index":"index","follow":"follow","max-snippet":"max-snippet:-1","max-image-preview":"max-image-preview:large","max-video-preview":"max-video-preview:-1"},"canonical":"https:\/\/longchangchemical.com\/tr\/product\/lcsorb-bp-4-cas-4065-45-6\/","og_locale":"tr_TR","og_type":"article","og_title":"China CHLUMIUV\u00ae BP-4 CAS 4065-45-6 Manufacturer - Longchang Chemical","og_description":"CHLUMIUV\u00ae BP-4 CAS 4065-45-6 is a key product of Longchang Chemical. We provide the best price. We are the leading manufacturer in China with the best quality and competitive price.","og_url":"https:\/\/longchangchemical.com\/tr\/product\/lcsorb-bp-4-cas-4065-45-6\/","og_site_name":"Longchang Chemical","article_modified_time":"2026-01-09T07:18:27+00:00","og_image":[{"width":600,"height":600,"url":"https:\/\/longchangchemical.com\/wp-content\/uploads\/2023\/05\/4065-45-6.jpg","type":"image\/jpeg"}],"twitter_card":"summary_large_image","schema":{"@context":"https:\/\/schema.org","@graph":[{"@type":"WebPage","@id":"https:\/\/longchangchemical.com\/product\/lcsorb-bp-4-cas-4065-45-6\/","url":"https:\/\/longchangchemical.com\/product\/lcsorb-bp-4-cas-4065-45-6\/","name":"\u00c7in CHLUMIUV\u00ae BP-4 CAS 4065-45-6 \u00dcretici - Longchang Chemical","isPartOf":{"@id":"https:\/\/longchangchemical.com\/#website"},"primaryImageOfPage":{"@id":"https:\/\/longchangchemical.com\/product\/lcsorb-bp-4-cas-4065-45-6\/#primaryimage"},"image":{"@id":"https:\/\/longchangchemical.com\/product\/lcsorb-bp-4-cas-4065-45-6\/#primaryimage"},"thumbnailUrl":"https:\/\/longchangchemical.com\/wp-content\/uploads\/2023\/05\/4065-45-6.jpg","datePublished":"2023-05-08T11:41:49+00:00","dateModified":"2026-01-09T07:18:27+00:00","description":"CHLUMIUV\u00ae BP-4 CAS 4065-45-6, Longchang Chemical'\u0131n \u00f6nemli bir \u00fcr\u00fcn\u00fcd\u00fcr. En iyi fiyat\u0131 sa\u011fl\u0131yoruz. En iyi kalite ve rekabet\u00e7i fiyat ile \u00c7in'in \u00f6nde gelen \u00fcreticisiyiz.","breadcrumb":{"@id":"https:\/\/longchangchemical.com\/product\/lcsorb-bp-4-cas-4065-45-6\/#breadcrumb"},"inLanguage":"tr","potentialAction":[{"@type":"ReadAction","target":["https:\/\/longchangchemical.com\/product\/lcsorb-bp-4-cas-4065-45-6\/"]}]},{"@type":"ImageObject","inLanguage":"tr","@id":"https:\/\/longchangchemical.com\/product\/lcsorb-bp-4-cas-4065-45-6\/#primaryimage","url":"https:\/\/longchangchemical.com\/wp-content\/uploads\/2023\/05\/4065-45-6.jpg","contentUrl":"https:\/\/longchangchemical.com\/wp-content\/uploads\/2023\/05\/4065-45-6.jpg","width":600,"height":600},{"@type":"BreadcrumbList","@id":"https:\/\/longchangchemical.com\/product\/lcsorb-bp-4-cas-4065-45-6\/#breadcrumb","itemListElement":[{"@type":"ListItem","position":1,"name":"Home","item":"https:\/\/longchangchemical.com\/"},{"@type":"ListItem","position":2,"name":"Products Longchang","item":"https:\/\/longchangchemical.com\/product\/"},{"@type":"ListItem","position":3,"name":"CHLUMIUV\u00ae BP-4 CAS 4065-45-6"}]},{"@type":"WebSite","@id":"https:\/\/longchangchemical.com\/#website","url":"https:\/\/longchangchemical.com\/","name":"Longchang Kimya","description":"\u00c7in kimyasal \u00fcreticisi \uff06 tedarik\u00e7isi","publisher":{"@id":"https:\/\/longchangchemical.com\/#organization"},"potentialAction":[{"@type":"SearchAction","target":{"@type":"EntryPoint","urlTemplate":"https:\/\/longchangchemical.com\/?s={search_term_string}"},"query-input":{"@type":"PropertyValueSpecification","valueRequired":true,"valueName":"search_term_string"}}],"inLanguage":"tr"},{"@type":"Organization","@id":"https:\/\/longchangchemical.com\/#organization","name":"Longchang Kimya","url":"https:\/\/longchangchemical.com\/","logo":{"@type":"ImageObject","inLanguage":"tr","@id":"https:\/\/longchangchemical.com\/#\/schema\/logo\/image\/","url":"https:\/\/longchangchemical.com\/wp-content\/uploads\/2020\/08\/cropped-longchang-logo.png","contentUrl":"https:\/\/longchangchemical.com\/wp-content\/uploads\/2020\/08\/cropped-longchang-logo.png","width":512,"height":512,"caption":"Longchang Chemical"},"image":{"@id":"https:\/\/longchangchemical.com\/#\/schema\/logo\/image\/"}}]}},"_links":{"self":[{"href":"https:\/\/longchangchemical.com\/tr\/wp-json\/wp\/v2\/product\/3726","targetHints":{"allow":["GET"]}}],"collection":[{"href":"https:\/\/longchangchemical.com\/tr\/wp-json\/wp\/v2\/product"}],"about":[{"href":"https:\/\/longchangchemical.com\/tr\/wp-json\/wp\/v2\/types\/product"}],"replies":[{"embeddable":true,"href":"https:\/\/longchangchemical.com\/tr\/wp-json\/wp\/v2\/comments?post=3726"}],"wp:featuredmedia":[{"embeddable":true,"href":"https:\/\/longchangchemical.com\/tr\/wp-json\/wp\/v2\/media\/7945"}],"wp:attachment":[{"href":"https:\/\/longchangchemical.com\/tr\/wp-json\/wp\/v2\/media?parent=3726"}],"wp:term":[{"taxonomy":"product_brand","embeddable":true,"href":"https:\/\/longchangchemical.com\/tr\/wp-json\/wp\/v2\/product_brand?post=3726"},{"taxonomy":"product_cat","embeddable":true,"href":"https:\/\/longchangchemical.com\/tr\/wp-json\/wp\/v2\/product_cat?post=3726"},{"taxonomy":"product_tag","embeddable":true,"href":"https:\/\/longchangchemical.com\/tr\/wp-json\/wp\/v2\/product_tag?post=3726"}],"curies":[{"name":"wp","href":"https:\/\/api.w.org\/{rel}","templated":true}]}}