{"id":3720,"date":"2023-05-18T13:22:11","date_gmt":"2023-05-18T13:22:11","guid":{"rendered":"https:\/\/longchangchemical.com\/?post_type=product&#038;p=3720"},"modified":"2026-01-09T06:40:13","modified_gmt":"2026-01-09T06:40:13","slug":"cas-5466-77-3","status":"publish","type":"product","link":"https:\/\/longchangchemical.com\/tr\/product\/cas-5466-77-3\/","title":{"rendered":"CHLUMIUV\u00ae Octyl 4-methoxycinnamate cas 5466-77-3"},"content":{"rendered":"<p>&nbsp;<\/p>\n<table class=\"table-1\" cellspacing=\"0\">\n<tbody>\n<tr>\n<td><strong>\u00d6\u011fe<\/strong><\/td>\n<td><strong>\u015eartname<\/strong><\/td>\n<td><strong>\u00d6\u011fe<\/strong><\/td>\n<td><strong>\u015eartname<\/strong><\/td>\n<\/tr>\n<tr>\n<td>G\u00f6r\u00fcn\u00fc\u015f<\/td>\n<td>Renksiz veya a\u00e7\u0131k sar\u0131 s\u0131v\u0131<\/td>\n<td>Peroksit de\u011feri<\/td>\n<td>1.0mg\/kg Maks.<\/td>\n<\/tr>\n<tr>\n<td>Koku<\/td>\n<td>\u00c7ok zay\u0131f, karakteristik<\/td>\n<td>Renk (Hazen)<\/td>\n<td>70 Maks<\/td>\n<\/tr>\n<tr>\n<td>A Tan\u0131mlama IR 197F<\/td>\n<td>Uyumlu olmal\u0131<\/td>\n<td>A 1%\/1cm (etanol i\u00e7inde 310nm)<\/td>\n<td>850 Dakika<\/td>\n<\/tr>\n<tr>\n<td>B Tan\u0131mlama UV 197U<\/td>\n<td>Uyumlu olmal\u0131<\/td>\n<td>Tahlil<\/td>\n<td>98.0%~108.0%<\/td>\n<\/tr>\n<tr>\n<td>Asitlik<\/td>\n<td>0,8 ml'den fazla 0,1N NaOH t\u00fcketilmemelidir<\/td>\n<td>Safl\u0131k (GC)<\/td>\n<td>98.0% Min<\/td>\n<\/tr>\n<tr>\n<td>Asit de\u011feri<\/td>\n<td>\u22641,0mg KOH\/g<\/td>\n<td>Bireysel kirlilik<\/td>\n<td>0,5 g\/100 g Maks.<\/td>\n<\/tr>\n<tr>\n<td>\u00d6zg\u00fcl a\u011f\u0131rl\u0131k<\/td>\n<td>1.005-1.013<\/td>\n<td>Toplam safs\u0131zl\u0131klar<\/td>\n<td>2.0g\/100g Maks.<\/td>\n<\/tr>\n<tr>\n<td>K\u0131r\u0131lma indisi<\/td>\n<td>1.542-1.548<\/td>\n<td><\/td>\n<td><\/td>\n<\/tr>\n<\/tbody>\n<\/table>\n<p><strong>Octyl 4-methoxycinnamate Kullan\u0131m\u0131<\/strong><\/p>\n<p>1. D\u00fcnyada yayg\u0131n olarak kullan\u0131lan UV-B ya\u011fda \u00e7\u00f6z\u00fcnen UV emici; m\u00fckemmel g\u00fcvenlik, d\u00fcnya \u00e7ap\u0131nda onayl\u0131; \u00e7e\u015fitli g\u00fcne\u015f koruyucu form\u00fclasyonlara uygulanmas\u0131 kolayd\u0131r.<\/p>\n<p>2. Plastikler ve m\u00fcrekkepler i\u00e7in ya\u015flanma kar\u015f\u0131t\u0131 bir ajan ve end\u00fcstride ultraviyole emici olarak kullan\u0131l\u0131r.<\/p>\n<p>&nbsp;<\/p>\n<p><strong>Octyl 4-methoxycinnamate Ambalaj<\/strong><\/p>\n<p>Tambur ba\u015f\u0131na 200 kg 1x20FCL y\u00fck Paletli 80 tambur, toplam 16000 kg<\/p>\n<p>Tambur ba\u015f\u0131na 25 kg, bir palete 32 tambur (800 kg) toplam 1x20FCL y\u00fck 16000 kg<\/p>\n<p>Ancak bu k\u00fc\u00e7\u00fck davul, \u00f6rnek sipari\u015f i\u00e7in yaln\u0131zca 1-2 davul sa\u011flayabilir.<\/p>\n<h2><strong>\u015eimdi Bize Ula\u015f\u0131n!<\/strong><\/h2>\n<p><strong>COA, MSDS veya TDS'ye ihtiyac\u0131n\u0131z varsa <span style=\"color: #00ccff;\"><a style=\"color: #00ccff;\" href=\"https:\/\/longchangchemical.com\/tr\/product-category\/lcsorb-uv-absorber\/\">UV Emici<\/a><\/span>l\u00fctfen ileti\u015fim bilgilerinizi a\u015fa\u011f\u0131daki forma doldurun, genellikle 24 saat i\u00e7inde sizinle ileti\u015fime ge\u00e7ece\u011fiz. Bana e-posta da g\u00f6nderebilirsiniz <span style=\"color: #00ccff;\"><a style=\"color: #00ccff;\" href=\"mailto:info@longchangchemical.com\">info@longchangchemical.com<\/a> <\/span>\u00c7al\u0131\u015fma saatleri i\u00e7inde (8:30 - 6:00 UTC+8 Pzt.~Sat.) veya h\u0131zl\u0131 yan\u0131t almak i\u00e7in web sitesi canl\u0131 sohbetini kullan\u0131n.<\/strong><\/p>","protected":false},"excerpt":{"rendered":"<p>Kimyasal Ad\u0131:Octyl 4-methoxycinnamate<\/p>\n<p>CAS: 5466-77-3<\/p>\n<p>Molek\u00fcler Form\u00fcl: C18H26O3<\/p>\n<p>Molek\u00fcler A\u011f\u0131rl\u0131k: 290,4<\/p>\n<p>Kimyasal Yap\u0131:<img decoding=\"async\" title=\"Octyl 4-methoxycinnamate Yap\u0131s\u0131\" src=\"https:\/\/www.longchangchemical.com\/wp-content\/uploads\/product-details\/20200616109869.png\" alt=\"Octyl 4-methoxycinnamate Yap\u0131s\u0131\" width=\"161\" height=\"127\" border=\"0\" vspace=\"0\" \/><\/p>\n<p>G\u00f6r\u00fcn\u00fc\u015f: Renksiz ila Berrak sar\u0131 s\u0131v\u0131<\/p>\n<p>Tahlil: 95.0%~105%<\/p>","protected":false},"featured_media":7935,"comment_status":"open","ping_status":"closed","template":"","meta":[],"product_brand":[],"product_cat":[139],"product_tag":[],"class_list":{"0":"post-3720","1":"product","2":"type-product","3":"status-publish","4":"has-post-thumbnail","6":"product_cat-lcsorb-uv-absorber","8":"first","9":"instock","10":"shipping-taxable","11":"product-type-simple"},"yoast_head":"<!-- This site is optimized with the Yoast SEO plugin v25.3.1 - https:\/\/yoast.com\/wordpress\/plugins\/seo\/ -->\n<title>China CHLUMIUV\u00ae Octyl 4-methoxycinnamate cas 5466-77-3 Manufacturer - Longchang Chemical<\/title>\n<meta name=\"description\" content=\"CHLUMIUV\u00ae Octyl 4-methoxycinnamate cas 5466-77-3 is a key product of Longchang Chemical. We provide the best price. We are the leading manufacturer in China with the best quality and competitive price.\" \/>\n<meta name=\"robots\" content=\"index, follow, max-snippet:-1, max-image-preview:large, max-video-preview:-1\" \/>\n<link rel=\"canonical\" href=\"https:\/\/longchangchemical.com\/tr\/product\/cas-5466-77-3\/\" \/>\n<meta property=\"og:locale\" content=\"tr_TR\" \/>\n<meta property=\"og:type\" content=\"article\" \/>\n<meta property=\"og:title\" content=\"China CHLUMIUV\u00ae Octyl 4-methoxycinnamate cas 5466-77-3 Manufacturer - Longchang Chemical\" \/>\n<meta property=\"og:description\" content=\"CHLUMIUV\u00ae Octyl 4-methoxycinnamate cas 5466-77-3 is a key product of Longchang Chemical. We provide the best price. We are the leading manufacturer in China with the best quality and competitive price.\" \/>\n<meta property=\"og:url\" content=\"https:\/\/longchangchemical.com\/tr\/product\/cas-5466-77-3\/\" \/>\n<meta property=\"og:site_name\" content=\"Longchang Chemical\" \/>\n<meta property=\"article:modified_time\" content=\"2026-01-09T06:40:13+00:00\" \/>\n<meta property=\"og:image\" content=\"https:\/\/longchangchemical.com\/wp-content\/uploads\/2023\/05\/5466-77-3.jpg\" \/>\n\t<meta property=\"og:image:width\" content=\"600\" \/>\n\t<meta property=\"og:image:height\" content=\"600\" \/>\n\t<meta property=\"og:image:type\" content=\"image\/jpeg\" \/>\n<meta name=\"twitter:card\" content=\"summary_large_image\" \/>\n<script type=\"application\/ld+json\" class=\"yoast-schema-graph\">{\"@context\":\"https:\/\/schema.org\",\"@graph\":[{\"@type\":\"WebPage\",\"@id\":\"https:\/\/longchangchemical.com\/product\/cas-5466-77-3\/\",\"url\":\"https:\/\/longchangchemical.com\/product\/cas-5466-77-3\/\",\"name\":\"China CHLUMIUV\u00ae Octyl 4-methoxycinnamate cas 5466-77-3 Manufacturer - Longchang Chemical\",\"isPartOf\":{\"@id\":\"https:\/\/longchangchemical.com\/#website\"},\"primaryImageOfPage\":{\"@id\":\"https:\/\/longchangchemical.com\/product\/cas-5466-77-3\/#primaryimage\"},\"image\":{\"@id\":\"https:\/\/longchangchemical.com\/product\/cas-5466-77-3\/#primaryimage\"},\"thumbnailUrl\":\"https:\/\/longchangchemical.com\/wp-content\/uploads\/2023\/05\/5466-77-3.jpg\",\"datePublished\":\"2023-05-18T13:22:11+00:00\",\"dateModified\":\"2026-01-09T06:40:13+00:00\",\"description\":\"CHLUMIUV\u00ae Octyl 4-methoxycinnamate cas 5466-77-3 is a key product of Longchang Chemical. We provide the best price. We are the leading manufacturer in China with the best quality and competitive price.\",\"breadcrumb\":{\"@id\":\"https:\/\/longchangchemical.com\/product\/cas-5466-77-3\/#breadcrumb\"},\"inLanguage\":\"tr\",\"potentialAction\":[{\"@type\":\"ReadAction\",\"target\":[\"https:\/\/longchangchemical.com\/product\/cas-5466-77-3\/\"]}]},{\"@type\":\"ImageObject\",\"inLanguage\":\"tr\",\"@id\":\"https:\/\/longchangchemical.com\/product\/cas-5466-77-3\/#primaryimage\",\"url\":\"https:\/\/longchangchemical.com\/wp-content\/uploads\/2023\/05\/5466-77-3.jpg\",\"contentUrl\":\"https:\/\/longchangchemical.com\/wp-content\/uploads\/2023\/05\/5466-77-3.jpg\",\"width\":600,\"height\":600},{\"@type\":\"BreadcrumbList\",\"@id\":\"https:\/\/longchangchemical.com\/product\/cas-5466-77-3\/#breadcrumb\",\"itemListElement\":[{\"@type\":\"ListItem\",\"position\":1,\"name\":\"Home\",\"item\":\"https:\/\/longchangchemical.com\/\"},{\"@type\":\"ListItem\",\"position\":2,\"name\":\"Products Longchang\",\"item\":\"https:\/\/longchangchemical.com\/product\/\"},{\"@type\":\"ListItem\",\"position\":3,\"name\":\"CHLUMIUV\u00ae Octyl 4-methoxycinnamate cas 5466-77-3\"}]},{\"@type\":\"WebSite\",\"@id\":\"https:\/\/longchangchemical.com\/#website\",\"url\":\"https:\/\/longchangchemical.com\/\",\"name\":\"Longchang Chemical\",\"description\":\"China chemical manufacturer \uff06 supplier\",\"publisher\":{\"@id\":\"https:\/\/longchangchemical.com\/#organization\"},\"potentialAction\":[{\"@type\":\"SearchAction\",\"target\":{\"@type\":\"EntryPoint\",\"urlTemplate\":\"https:\/\/longchangchemical.com\/?s={search_term_string}\"},\"query-input\":{\"@type\":\"PropertyValueSpecification\",\"valueRequired\":true,\"valueName\":\"search_term_string\"}}],\"inLanguage\":\"tr\"},{\"@type\":\"Organization\",\"@id\":\"https:\/\/longchangchemical.com\/#organization\",\"name\":\"Longchang Chemical\",\"url\":\"https:\/\/longchangchemical.com\/\",\"logo\":{\"@type\":\"ImageObject\",\"inLanguage\":\"tr\",\"@id\":\"https:\/\/longchangchemical.com\/#\/schema\/logo\/image\/\",\"url\":\"https:\/\/longchangchemical.com\/wp-content\/uploads\/2020\/08\/cropped-longchang-logo.png\",\"contentUrl\":\"https:\/\/longchangchemical.com\/wp-content\/uploads\/2020\/08\/cropped-longchang-logo.png\",\"width\":512,\"height\":512,\"caption\":\"Longchang Chemical\"},\"image\":{\"@id\":\"https:\/\/longchangchemical.com\/#\/schema\/logo\/image\/\"}}]}<\/script>\n<!-- \/ Yoast SEO plugin. -->","yoast_head_json":{"title":"\u00c7in CHLUMIUV\u00ae Octyl 4-methoxycinnamate cas 5466-77-3 \u00dcretici - Longchang Chemical","description":"CHLUMIUV\u00ae Octyl 4-methoxycinnamate cas 5466-77-3, Longchang Chemical'\u0131n \u00f6nemli bir \u00fcr\u00fcn\u00fcd\u00fcr. En iyi fiyat\u0131 sa\u011fl\u0131yoruz. En iyi kalite ve rekabet\u00e7i fiyat ile \u00c7in'in \u00f6nde gelen \u00fcreticisiyiz.","robots":{"index":"index","follow":"follow","max-snippet":"max-snippet:-1","max-image-preview":"max-image-preview:large","max-video-preview":"max-video-preview:-1"},"canonical":"https:\/\/longchangchemical.com\/tr\/product\/cas-5466-77-3\/","og_locale":"tr_TR","og_type":"article","og_title":"China CHLUMIUV\u00ae Octyl 4-methoxycinnamate cas 5466-77-3 Manufacturer - Longchang Chemical","og_description":"CHLUMIUV\u00ae Octyl 4-methoxycinnamate cas 5466-77-3 is a key product of Longchang Chemical. We provide the best price. We are the leading manufacturer in China with the best quality and competitive price.","og_url":"https:\/\/longchangchemical.com\/tr\/product\/cas-5466-77-3\/","og_site_name":"Longchang Chemical","article_modified_time":"2026-01-09T06:40:13+00:00","og_image":[{"width":600,"height":600,"url":"https:\/\/longchangchemical.com\/wp-content\/uploads\/2023\/05\/5466-77-3.jpg","type":"image\/jpeg"}],"twitter_card":"summary_large_image","schema":{"@context":"https:\/\/schema.org","@graph":[{"@type":"WebPage","@id":"https:\/\/longchangchemical.com\/product\/cas-5466-77-3\/","url":"https:\/\/longchangchemical.com\/product\/cas-5466-77-3\/","name":"\u00c7in CHLUMIUV\u00ae Octyl 4-methoxycinnamate cas 5466-77-3 \u00dcretici - Longchang Chemical","isPartOf":{"@id":"https:\/\/longchangchemical.com\/#website"},"primaryImageOfPage":{"@id":"https:\/\/longchangchemical.com\/product\/cas-5466-77-3\/#primaryimage"},"image":{"@id":"https:\/\/longchangchemical.com\/product\/cas-5466-77-3\/#primaryimage"},"thumbnailUrl":"https:\/\/longchangchemical.com\/wp-content\/uploads\/2023\/05\/5466-77-3.jpg","datePublished":"2023-05-18T13:22:11+00:00","dateModified":"2026-01-09T06:40:13+00:00","description":"CHLUMIUV\u00ae Octyl 4-methoxycinnamate cas 5466-77-3, Longchang Chemical'\u0131n \u00f6nemli bir \u00fcr\u00fcn\u00fcd\u00fcr. En iyi fiyat\u0131 sa\u011fl\u0131yoruz. En iyi kalite ve rekabet\u00e7i fiyat ile \u00c7in'in \u00f6nde gelen \u00fcreticisiyiz.","breadcrumb":{"@id":"https:\/\/longchangchemical.com\/product\/cas-5466-77-3\/#breadcrumb"},"inLanguage":"tr","potentialAction":[{"@type":"ReadAction","target":["https:\/\/longchangchemical.com\/product\/cas-5466-77-3\/"]}]},{"@type":"ImageObject","inLanguage":"tr","@id":"https:\/\/longchangchemical.com\/product\/cas-5466-77-3\/#primaryimage","url":"https:\/\/longchangchemical.com\/wp-content\/uploads\/2023\/05\/5466-77-3.jpg","contentUrl":"https:\/\/longchangchemical.com\/wp-content\/uploads\/2023\/05\/5466-77-3.jpg","width":600,"height":600},{"@type":"BreadcrumbList","@id":"https:\/\/longchangchemical.com\/product\/cas-5466-77-3\/#breadcrumb","itemListElement":[{"@type":"ListItem","position":1,"name":"Home","item":"https:\/\/longchangchemical.com\/"},{"@type":"ListItem","position":2,"name":"Products Longchang","item":"https:\/\/longchangchemical.com\/product\/"},{"@type":"ListItem","position":3,"name":"CHLUMIUV\u00ae Octyl 4-methoxycinnamate cas 5466-77-3"}]},{"@type":"WebSite","@id":"https:\/\/longchangchemical.com\/#website","url":"https:\/\/longchangchemical.com\/","name":"Longchang Kimya","description":"\u00c7in kimyasal \u00fcreticisi \uff06 tedarik\u00e7isi","publisher":{"@id":"https:\/\/longchangchemical.com\/#organization"},"potentialAction":[{"@type":"SearchAction","target":{"@type":"EntryPoint","urlTemplate":"https:\/\/longchangchemical.com\/?s={search_term_string}"},"query-input":{"@type":"PropertyValueSpecification","valueRequired":true,"valueName":"search_term_string"}}],"inLanguage":"tr"},{"@type":"Organization","@id":"https:\/\/longchangchemical.com\/#organization","name":"Longchang Kimya","url":"https:\/\/longchangchemical.com\/","logo":{"@type":"ImageObject","inLanguage":"tr","@id":"https:\/\/longchangchemical.com\/#\/schema\/logo\/image\/","url":"https:\/\/longchangchemical.com\/wp-content\/uploads\/2020\/08\/cropped-longchang-logo.png","contentUrl":"https:\/\/longchangchemical.com\/wp-content\/uploads\/2020\/08\/cropped-longchang-logo.png","width":512,"height":512,"caption":"Longchang Chemical"},"image":{"@id":"https:\/\/longchangchemical.com\/#\/schema\/logo\/image\/"}}]}},"_links":{"self":[{"href":"https:\/\/longchangchemical.com\/tr\/wp-json\/wp\/v2\/product\/3720","targetHints":{"allow":["GET"]}}],"collection":[{"href":"https:\/\/longchangchemical.com\/tr\/wp-json\/wp\/v2\/product"}],"about":[{"href":"https:\/\/longchangchemical.com\/tr\/wp-json\/wp\/v2\/types\/product"}],"replies":[{"embeddable":true,"href":"https:\/\/longchangchemical.com\/tr\/wp-json\/wp\/v2\/comments?post=3720"}],"wp:featuredmedia":[{"embeddable":true,"href":"https:\/\/longchangchemical.com\/tr\/wp-json\/wp\/v2\/media\/7935"}],"wp:attachment":[{"href":"https:\/\/longchangchemical.com\/tr\/wp-json\/wp\/v2\/media?parent=3720"}],"wp:term":[{"taxonomy":"product_brand","embeddable":true,"href":"https:\/\/longchangchemical.com\/tr\/wp-json\/wp\/v2\/product_brand?post=3720"},{"taxonomy":"product_cat","embeddable":true,"href":"https:\/\/longchangchemical.com\/tr\/wp-json\/wp\/v2\/product_cat?post=3720"},{"taxonomy":"product_tag","embeddable":true,"href":"https:\/\/longchangchemical.com\/tr\/wp-json\/wp\/v2\/product_tag?post=3720"}],"curies":[{"name":"wp","href":"https:\/\/api.w.org\/{rel}","templated":true}]}}