{"id":3664,"date":"2021-09-25T10:54:04","date_gmt":"2021-09-25T10:54:04","guid":{"rendered":"https:\/\/longchangchemical.com\/?post_type=product&#038;p=3664"},"modified":"2026-05-08T02:59:39","modified_gmt":"2026-05-08T02:59:39","slug":"hepes-cas-7365-45-9","status":"publish","type":"product","link":"https:\/\/longchangchemical.com\/tr\/product\/hepes-cas-7365-45-9\/","title":{"rendered":"HEPES CAS 7365-45-9"},"content":{"rendered":"<h2><strong>HEPES CAS 7365-45-9<\/strong><\/h2>\n<table class=\"table-1\" cellspacing=\"0\">\n<tbody>\n<tr>\n<td>\n<h4>\u00d6\u011fe<\/h4>\n<\/td>\n<td>\n<h4>Teknik \u00d6zellikler<\/h4>\n<\/td>\n<\/tr>\n<tr>\n<td>\n<h4>G\u00f6r\u00fcn\u00fc\u015f<\/h4>\n<\/td>\n<td>\n<h4>Serbest ak\u0131\u015fl\u0131 beyaz toz<\/h4>\n<\/td>\n<\/tr>\n<tr>\n<td>\n<h4>Tahlil (kuru madde \u00fczerinde potertiometrik kalibrasyon<\/h4>\n<\/td>\n<td>\n<h4>Min 99,5%<\/h4>\n<\/td>\n<\/tr>\n<tr>\n<td>\n<h4>Renk (1M \u00e7\u00f6zelti)<\/h4>\n<\/td>\n<td>\n<h4>Testi ge\u00e7mek<\/h4>\n<\/td>\n<\/tr>\n<tr>\n<td>\n<h4>20 \u2103'de PKa<\/h4>\n<\/td>\n<td>\n<h4>7.4-7.7<\/h4>\n<\/td>\n<\/tr>\n<tr>\n<td>\n<h4>A\u011f\u0131r metaller ( Pb )<\/h4>\n<\/td>\n<td>\n<h4>&lt;5 ppm<\/h4>\n<\/td>\n<\/tr>\n<tr>\n<td>\n<h4>S\u00fclfat<\/h4>\n<\/td>\n<td>\n<h4>&lt;0,05%<\/h4>\n<\/td>\n<\/tr>\n<tr>\n<td>\n<h4>Ate\u015fleme \u00dczerinde Kal\u0131nt\u0131<\/h4>\n<\/td>\n<td>\n<h4>&lt;0,1%<\/h4>\n<\/td>\n<\/tr>\n<tr>\n<td>\n<h4>Kurutma kayb\u0131 (105 C, 3 saat<\/h4>\n<\/td>\n<td>\n<h4>&lt;1%<\/h4>\n<\/td>\n<\/tr>\n<tr>\n<td>\n<h4>UV absobans\u0131\/260nm<\/h4>\n<\/td>\n<td>\n<h4>&lt;0.5<\/h4>\n<\/td>\n<\/tr>\n<tr>\n<td>\n<h4>UV absobans\u0131\/280nm<\/h4>\n<\/td>\n<td>\n<h4>&lt;0.5<\/h4>\n<\/td>\n<\/tr>\n<tr>\n<td>\n<h4>UV absobans\u0131\/440nm<\/h4>\n<\/td>\n<td>\n<h4>&lt;0.2<\/h4>\n<\/td>\n<\/tr>\n<\/tbody>\n<\/table>\n<p>&nbsp;<\/p>\n<h2><strong>CAS 7365-45-9 (HEPES) Kullan\u0131m\u0131<\/strong><\/h2>\n<h4>1). HEPES (4-hidroksietilpiperazin etans\u00fclfonik asit), olduk\u00e7a polar olan ve \u00e7e\u015fitli kimyasal reaktifler ve enzimler i\u00e7in inert olan iyonik olmayan amfoterik bir tampondur. Biyokimyasal reaksiyonlar\u0131n s\u00fcrecine kat\u0131lmaz ve m\u00fcdahale etmez. Kimyasal reaksiyonlar \u00fczerinde inhibit\u00f6r etkisi yoktur, bu nedenle organeller ve a\u015f\u0131r\u0131 u\u00e7ucu ve pH'a duyarl\u0131 proteinler ve enzimler \u00fczerindeki ara\u015ft\u0131rmalar i\u00e7in \u00f6zel olarak kullan\u0131labilir.<\/h4>\n<h4>2). H\u00fccre-h\u00fccre adezyonu, k\u0131sa s\u00fcreli h\u00fccre agregasyonu ve k\u00fclt\u00fcr\u00fc, doku ve h\u00fccrelerin temizlenmesi i\u00e7in tampon.<\/h4>\n<h4>Bu \u00fcr\u00fcn 2-[4-(2-hidroksietil)-1-piperazin]etansufonik asit; 4-(2-hidroksietil)piperazin-1-letans\u00fclfonik asit; 4-hidroksietilpiperazin etans\u00fclfonik asit yerine kullan\u0131labilir.<\/h4>\n<h2><strong>CAS 7365-45-9 (HEPES) Paketleme ve Nakliye<\/strong><\/h2>\n<h4>Normal paket: 25kg\/davul.<\/h4>\n<h4>Teslimat: \u00d6demenin al\u0131nmas\u0131ndan 5-7 g\u00fcn sonra.<\/h4>\n<p>&nbsp;<\/p>\n<h2><strong>CAS 7365-45-9 (HEPES) Depolama<\/strong><\/h2>\n<h4>2-8\u00b0C.<\/h4>\n<p>&nbsp;<\/p>\n<h2><strong><b>\u015eimdi Bize Ula\u015f\u0131n!<\/b><\/strong><\/h2>\n<h4><strong><b>COA, MSDS veya TDS'ye ihtiyac\u0131n\u0131z varsa, l\u00fctfen a\u015fa\u011f\u0131daki forma ileti\u015fim bilgilerinizi girin, genellikle 24 saat i\u00e7inde sizinle ileti\u015fime ge\u00e7ece\u011fiz. Bana e-posta da g\u00f6nderebilirsiniz <span style=\"color: #0000ff;\"><a style=\"color: #0000ff;\" href=\"mailto:info@longchangchemical.com\">info@longchangchemical.com<\/a><\/span> \u00c7al\u0131\u015fma saatleri i\u00e7inde (8:30 - 6:00 UTC+8 Pzt.~Sat.) veya h\u0131zl\u0131 yan\u0131t almak i\u00e7in web sitesi canl\u0131 sohbetini kullan\u0131n.<\/b><\/strong><\/h4>","protected":false},"excerpt":{"rendered":"<h4>Kimyasal Ad\u0131: HEPES<\/h4>\n<h4>Di\u011fer ad\u0131: 2-[4-(2-hidroksietil)-1-piperazin]etansufonik asit; 4-(2-hidroksietil)piperazin-1-yletans\u00fclfonik asit; 4-hidroksietilpiperazin etans\u00fclfonik asit<\/h4>\n<h4>CAS No: 7365-45-9<\/h4>\n<h4>Molek\u00fcler Form\u00fcl: C8H18N2O4S<\/h4>\n<h4>Molek\u00fcler A\u011f\u0131rl\u0131k: 238,3<\/h4>\n<h4>Molek\u00fcler Yap\u0131:<img decoding=\"async\" title=\"CAS 7365-45-9 (HEPES) Yap\u0131s\u0131\" src=\"https:\/\/www.longchangchemical.com\/wp-content\/uploads\/product-details\/20200612282646.png\" alt=\"CAS 7365-45-9 (HEPES) Yap\u0131s\u0131\" width=\"229\" height=\"82\" border=\"0\" vspace=\"0\" \/><\/h4>\n<h4>G\u00f6r\u00fcn\u00fc\u015f: Beyaz kristal toz<\/h4>\n<h4>Tahlil: 99%min<\/h4>","protected":false},"featured_media":4609,"comment_status":"open","ping_status":"closed","template":"","meta":[],"product_brand":[],"product_cat":[69],"product_tag":[],"class_list":{"0":"post-3664","1":"product","2":"type-product","3":"status-publish","4":"has-post-thumbnail","6":"product_cat-catalysts-chemical-auxiliary-agents","8":"first","9":"instock","10":"shipping-taxable","11":"product-type-simple"},"yoast_head":"<!-- This site is optimized with the Yoast SEO plugin v25.3.1 - https:\/\/yoast.com\/wordpress\/plugins\/seo\/ -->\n<title>China HEPES CAS 7365-45-9 manufacturer - Longchang Chemical<\/title>\n<meta name=\"description\" content=\"Longchang Chemical is China HEPES manufacturer and CAS 7365-45-9 supplier. We provide the best HEPES price.\" \/>\n<meta name=\"robots\" content=\"index, follow, max-snippet:-1, max-image-preview:large, max-video-preview:-1\" \/>\n<link rel=\"canonical\" href=\"https:\/\/longchangchemical.com\/tr\/product\/hepes-cas-7365-45-9\/\" \/>\n<meta property=\"og:locale\" content=\"tr_TR\" \/>\n<meta property=\"og:type\" content=\"article\" \/>\n<meta property=\"og:title\" content=\"China HEPES CAS 7365-45-9 manufacturer - Longchang Chemical\" \/>\n<meta property=\"og:description\" content=\"Longchang Chemical is China HEPES manufacturer and CAS 7365-45-9 supplier. We provide the best HEPES price.\" \/>\n<meta property=\"og:url\" content=\"https:\/\/longchangchemical.com\/tr\/product\/hepes-cas-7365-45-9\/\" \/>\n<meta property=\"og:site_name\" content=\"Longchang Chemical\" \/>\n<meta property=\"article:modified_time\" content=\"2026-05-08T02:59:39+00:00\" \/>\n<meta property=\"og:image\" content=\"https:\/\/longchangchemical.com\/wp-content\/uploads\/2021\/05\/DL-Mandelic-acid-Appearance.jpg\" \/>\n\t<meta property=\"og:image:width\" content=\"600\" \/>\n\t<meta property=\"og:image:height\" content=\"800\" \/>\n\t<meta property=\"og:image:type\" content=\"image\/jpeg\" \/>\n<meta name=\"twitter:card\" content=\"summary_large_image\" \/>\n<script type=\"application\/ld+json\" class=\"yoast-schema-graph\">{\"@context\":\"https:\/\/schema.org\",\"@graph\":[{\"@type\":\"WebPage\",\"@id\":\"https:\/\/longchangchemical.com\/product\/hepes-cas-7365-45-9\/\",\"url\":\"https:\/\/longchangchemical.com\/product\/hepes-cas-7365-45-9\/\",\"name\":\"China HEPES CAS 7365-45-9 manufacturer - Longchang Chemical\",\"isPartOf\":{\"@id\":\"https:\/\/longchangchemical.com\/#website\"},\"primaryImageOfPage\":{\"@id\":\"https:\/\/longchangchemical.com\/product\/hepes-cas-7365-45-9\/#primaryimage\"},\"image\":{\"@id\":\"https:\/\/longchangchemical.com\/product\/hepes-cas-7365-45-9\/#primaryimage\"},\"thumbnailUrl\":\"https:\/\/longchangchemical.com\/wp-content\/uploads\/2021\/05\/DL-Mandelic-acid-Appearance.jpg\",\"datePublished\":\"2021-09-25T10:54:04+00:00\",\"dateModified\":\"2026-05-08T02:59:39+00:00\",\"description\":\"Longchang Chemical is China HEPES manufacturer and CAS 7365-45-9 supplier. We provide the best HEPES price.\",\"breadcrumb\":{\"@id\":\"https:\/\/longchangchemical.com\/product\/hepes-cas-7365-45-9\/#breadcrumb\"},\"inLanguage\":\"tr\",\"potentialAction\":[{\"@type\":\"ReadAction\",\"target\":[\"https:\/\/longchangchemical.com\/product\/hepes-cas-7365-45-9\/\"]}]},{\"@type\":\"ImageObject\",\"inLanguage\":\"tr\",\"@id\":\"https:\/\/longchangchemical.com\/product\/hepes-cas-7365-45-9\/#primaryimage\",\"url\":\"https:\/\/longchangchemical.com\/wp-content\/uploads\/2021\/05\/DL-Mandelic-acid-Appearance.jpg\",\"contentUrl\":\"https:\/\/longchangchemical.com\/wp-content\/uploads\/2021\/05\/DL-Mandelic-acid-Appearance.jpg\",\"width\":600,\"height\":800,\"caption\":\"Appearance\"},{\"@type\":\"BreadcrumbList\",\"@id\":\"https:\/\/longchangchemical.com\/product\/hepes-cas-7365-45-9\/#breadcrumb\",\"itemListElement\":[{\"@type\":\"ListItem\",\"position\":1,\"name\":\"Home\",\"item\":\"https:\/\/longchangchemical.com\/\"},{\"@type\":\"ListItem\",\"position\":2,\"name\":\"Products Longchang\",\"item\":\"https:\/\/longchangchemical.com\/product\/\"},{\"@type\":\"ListItem\",\"position\":3,\"name\":\"HEPES CAS 7365-45-9\"}]},{\"@type\":\"WebSite\",\"@id\":\"https:\/\/longchangchemical.com\/#website\",\"url\":\"https:\/\/longchangchemical.com\/\",\"name\":\"Longchang Chemical\",\"description\":\"China chemical manufacturer \uff06 supplier\",\"publisher\":{\"@id\":\"https:\/\/longchangchemical.com\/#organization\"},\"potentialAction\":[{\"@type\":\"SearchAction\",\"target\":{\"@type\":\"EntryPoint\",\"urlTemplate\":\"https:\/\/longchangchemical.com\/?s={search_term_string}\"},\"query-input\":{\"@type\":\"PropertyValueSpecification\",\"valueRequired\":true,\"valueName\":\"search_term_string\"}}],\"inLanguage\":\"tr\"},{\"@type\":\"Organization\",\"@id\":\"https:\/\/longchangchemical.com\/#organization\",\"name\":\"Longchang Chemical\",\"url\":\"https:\/\/longchangchemical.com\/\",\"logo\":{\"@type\":\"ImageObject\",\"inLanguage\":\"tr\",\"@id\":\"https:\/\/longchangchemical.com\/#\/schema\/logo\/image\/\",\"url\":\"https:\/\/longchangchemical.com\/wp-content\/uploads\/2020\/08\/cropped-longchang-logo.png\",\"contentUrl\":\"https:\/\/longchangchemical.com\/wp-content\/uploads\/2020\/08\/cropped-longchang-logo.png\",\"width\":512,\"height\":512,\"caption\":\"Longchang Chemical\"},\"image\":{\"@id\":\"https:\/\/longchangchemical.com\/#\/schema\/logo\/image\/\"}}]}<\/script>\n<!-- \/ Yoast SEO plugin. -->","yoast_head_json":{"title":"\u00c7in HEPES CAS 7365-45-9 \u00dcreticisi - Longchang Chemical","description":"Longchang Chemical, \u00c7in HEPES \u00fcreticisi ve CAS 7365-45-9 tedarik\u00e7isidir. En iyi HEPES fiyat\u0131n\u0131 sa\u011fl\u0131yoruz.","robots":{"index":"index","follow":"follow","max-snippet":"max-snippet:-1","max-image-preview":"max-image-preview:large","max-video-preview":"max-video-preview:-1"},"canonical":"https:\/\/longchangchemical.com\/tr\/product\/hepes-cas-7365-45-9\/","og_locale":"tr_TR","og_type":"article","og_title":"China HEPES CAS 7365-45-9 manufacturer - Longchang Chemical","og_description":"Longchang Chemical is China HEPES manufacturer and CAS 7365-45-9 supplier. We provide the best HEPES price.","og_url":"https:\/\/longchangchemical.com\/tr\/product\/hepes-cas-7365-45-9\/","og_site_name":"Longchang Chemical","article_modified_time":"2026-05-08T02:59:39+00:00","og_image":[{"width":600,"height":800,"url":"https:\/\/longchangchemical.com\/wp-content\/uploads\/2021\/05\/DL-Mandelic-acid-Appearance.jpg","type":"image\/jpeg"}],"twitter_card":"summary_large_image","schema":{"@context":"https:\/\/schema.org","@graph":[{"@type":"WebPage","@id":"https:\/\/longchangchemical.com\/product\/hepes-cas-7365-45-9\/","url":"https:\/\/longchangchemical.com\/product\/hepes-cas-7365-45-9\/","name":"\u00c7in HEPES CAS 7365-45-9 \u00dcreticisi - Longchang Chemical","isPartOf":{"@id":"https:\/\/longchangchemical.com\/#website"},"primaryImageOfPage":{"@id":"https:\/\/longchangchemical.com\/product\/hepes-cas-7365-45-9\/#primaryimage"},"image":{"@id":"https:\/\/longchangchemical.com\/product\/hepes-cas-7365-45-9\/#primaryimage"},"thumbnailUrl":"https:\/\/longchangchemical.com\/wp-content\/uploads\/2021\/05\/DL-Mandelic-acid-Appearance.jpg","datePublished":"2021-09-25T10:54:04+00:00","dateModified":"2026-05-08T02:59:39+00:00","description":"Longchang Chemical, \u00c7in HEPES \u00fcreticisi ve CAS 7365-45-9 tedarik\u00e7isidir. En iyi HEPES fiyat\u0131n\u0131 sa\u011fl\u0131yoruz.","breadcrumb":{"@id":"https:\/\/longchangchemical.com\/product\/hepes-cas-7365-45-9\/#breadcrumb"},"inLanguage":"tr","potentialAction":[{"@type":"ReadAction","target":["https:\/\/longchangchemical.com\/product\/hepes-cas-7365-45-9\/"]}]},{"@type":"ImageObject","inLanguage":"tr","@id":"https:\/\/longchangchemical.com\/product\/hepes-cas-7365-45-9\/#primaryimage","url":"https:\/\/longchangchemical.com\/wp-content\/uploads\/2021\/05\/DL-Mandelic-acid-Appearance.jpg","contentUrl":"https:\/\/longchangchemical.com\/wp-content\/uploads\/2021\/05\/DL-Mandelic-acid-Appearance.jpg","width":600,"height":800,"caption":"Appearance"},{"@type":"BreadcrumbList","@id":"https:\/\/longchangchemical.com\/product\/hepes-cas-7365-45-9\/#breadcrumb","itemListElement":[{"@type":"ListItem","position":1,"name":"Home","item":"https:\/\/longchangchemical.com\/"},{"@type":"ListItem","position":2,"name":"Products Longchang","item":"https:\/\/longchangchemical.com\/product\/"},{"@type":"ListItem","position":3,"name":"HEPES CAS 7365-45-9"}]},{"@type":"WebSite","@id":"https:\/\/longchangchemical.com\/#website","url":"https:\/\/longchangchemical.com\/","name":"Longchang Kimya","description":"\u00c7in kimyasal \u00fcreticisi \uff06 tedarik\u00e7isi","publisher":{"@id":"https:\/\/longchangchemical.com\/#organization"},"potentialAction":[{"@type":"SearchAction","target":{"@type":"EntryPoint","urlTemplate":"https:\/\/longchangchemical.com\/?s={search_term_string}"},"query-input":{"@type":"PropertyValueSpecification","valueRequired":true,"valueName":"search_term_string"}}],"inLanguage":"tr"},{"@type":"Organization","@id":"https:\/\/longchangchemical.com\/#organization","name":"Longchang Kimya","url":"https:\/\/longchangchemical.com\/","logo":{"@type":"ImageObject","inLanguage":"tr","@id":"https:\/\/longchangchemical.com\/#\/schema\/logo\/image\/","url":"https:\/\/longchangchemical.com\/wp-content\/uploads\/2020\/08\/cropped-longchang-logo.png","contentUrl":"https:\/\/longchangchemical.com\/wp-content\/uploads\/2020\/08\/cropped-longchang-logo.png","width":512,"height":512,"caption":"Longchang Chemical"},"image":{"@id":"https:\/\/longchangchemical.com\/#\/schema\/logo\/image\/"}}]}},"_links":{"self":[{"href":"https:\/\/longchangchemical.com\/tr\/wp-json\/wp\/v2\/product\/3664","targetHints":{"allow":["GET"]}}],"collection":[{"href":"https:\/\/longchangchemical.com\/tr\/wp-json\/wp\/v2\/product"}],"about":[{"href":"https:\/\/longchangchemical.com\/tr\/wp-json\/wp\/v2\/types\/product"}],"replies":[{"embeddable":true,"href":"https:\/\/longchangchemical.com\/tr\/wp-json\/wp\/v2\/comments?post=3664"}],"wp:featuredmedia":[{"embeddable":true,"href":"https:\/\/longchangchemical.com\/tr\/wp-json\/wp\/v2\/media\/4609"}],"wp:attachment":[{"href":"https:\/\/longchangchemical.com\/tr\/wp-json\/wp\/v2\/media?parent=3664"}],"wp:term":[{"taxonomy":"product_brand","embeddable":true,"href":"https:\/\/longchangchemical.com\/tr\/wp-json\/wp\/v2\/product_brand?post=3664"},{"taxonomy":"product_cat","embeddable":true,"href":"https:\/\/longchangchemical.com\/tr\/wp-json\/wp\/v2\/product_cat?post=3664"},{"taxonomy":"product_tag","embeddable":true,"href":"https:\/\/longchangchemical.com\/tr\/wp-json\/wp\/v2\/product_tag?post=3664"}],"curies":[{"name":"wp","href":"https:\/\/api.w.org\/{rel}","templated":true}]}}