{"id":3661,"date":"2024-05-15T02:46:16","date_gmt":"2024-05-15T02:46:16","guid":{"rendered":"https:\/\/longchangchemical.com\/?post_type=product&#038;p=3661"},"modified":"2025-12-16T09:39:36","modified_gmt":"2025-12-16T09:39:36","slug":"hydroxypinacolone-retinoate-cas-893412-73-2","status":"publish","type":"product","link":"https:\/\/longchangchemical.com\/tr\/product\/hydroxypinacolone-retinoate-cas-893412-73-2\/","title":{"rendered":"hidroksipinakolon retinoat cas 893412-73-2"},"content":{"rendered":"<h1><strong>hidroksipinakolon retinoat cas 893412-73-2<\/strong><\/h1>\n<p>&nbsp;<\/p>\n<table class=\"table-1\" cellspacing=\"0\">\n<tbody>\n<tr>\n<td>G\u00f6r\u00fcn\u00fc\u015f<\/td>\n<td>Sar\u0131 toz veya kristal<\/td>\n<\/tr>\n<tr>\n<td>Tan\u0131mlama<\/td>\n<td>Uygundur<\/td>\n<\/tr>\n<tr>\n<td>\u00e7\u00f6z\u00fcn\u00fcrl\u00fck<\/td>\n<td>Suda \u00e7\u00f6z\u00fcnmez<\/td>\n<\/tr>\n<tr>\n<td>Ate\u015fleme \u00fczerinde kal\u0131nt\u0131<\/td>\n<td>\u22640,1%<\/td>\n<\/tr>\n<tr>\n<td>A\u011f\u0131r metal<\/td>\n<td>\u226420ppm<\/td>\n<\/tr>\n<tr>\n<td>Tahlil<\/td>\n<td>\u226595.0%<\/td>\n<\/tr>\n<tr>\n<td>G\u00f6r\u00fcn\u00fc\u015f<\/td>\n<td>Sar\u0131 toz veya kristal<\/td>\n<\/tr>\n<tr>\n<td>Tan\u0131mlama<\/td>\n<td>Uygundur<\/td>\n<\/tr>\n<\/tbody>\n<\/table>\n<p>&nbsp;<\/p>\n<p>&nbsp;<\/p>\n<p><strong>Hidroksipinakolon Retinoat Kullan\u0131m\u0131<\/strong><\/p>\n<p><strong>Hidroksi pinakolon retinoat, epidermisin ve stratum korneumun metabolizmas\u0131n\u0131 d\u00fczenleme i\u015flevine sahip, ya\u015flanmay\u0131 geciktirmek i\u00e7in kullan\u0131labilen, seboreyi azaltabilen, epidermal pigmentasyonu hafifletebilen ve cilt ya\u015flanmas\u0131n\u0131 \u00f6nlemede, akneyi \u00f6nlemede ve lekeleri beyazlatmada ve ayd\u0131nlatmada rol oynayan bir retinol t\u00fcrevidir. Retinol\u00fcn g\u00fc\u00e7l\u00fc etkisini sa\u011flarken tahri\u015fini b\u00fcy\u00fck \u00f6l\u00e7\u00fcde azalt\u0131r ve \u015fu anda ya\u015flanma kar\u015f\u0131t\u0131 ve akne alevlenmelerinin \u00f6nlenmesi i\u00e7in kullan\u0131lmaktad\u0131r.<\/strong><\/p>\n<p>1. Akne temizleme<br \/>\n2. K\u0131r\u0131\u015f\u0131kl\u0131k Kar\u015f\u0131t\u0131<br \/>\n3. Cilt rengini ayd\u0131nlat\u0131n<br \/>\nKatk\u0131 maddesi miktar\u0131: 0.1 ~ 0.3%<\/p>\n<p><strong>Hidroksipinakolon Retinoat Paketleme ve Sevkiyat<\/strong><\/p>\n<p>Paketleme G\/Al\u00fcminyum folyo \u00e7anta<\/p>\n<p><strong>Hidroksipinakolon Retinoat Depolama<\/strong><\/p>\n<p>Serin, havaland\u0131r\u0131lm\u0131\u015f bir depoda saklay\u0131n. Depolama s\u0131cakl\u0131\u011f\u0131 37 \u00b0 C'yi ge\u00e7memelidir. Oksidanlardan ve yenilebilir kimyasallardan ayr\u0131 olarak depolanmal\u0131 ve kar\u0131\u015f\u0131k depolamadan ka\u00e7\u0131n\u0131lmal\u0131d\u0131r.<\/p>\n<h2><span style=\"color: #000000;\"><strong><b>\u015eimdi Bize Ula\u015f\u0131n!<\/b><\/strong><\/span><\/h2>\n<h4><span style=\"color: #000000;\"><strong><b>Fiyata ihtiyac\u0131n\u0131z varsa, l\u00fctfen a\u015fa\u011f\u0131daki forma ileti\u015fim bilgilerinizi doldurun, genellikle 24 saat i\u00e7inde sizinle ileti\u015fime ge\u00e7ece\u011fiz. Bana e-posta da g\u00f6nderebilirsiniz <span style=\"color: #00ffff;\"><a style=\"color: #00ffff;\" href=\"mailto:info@longchangchemical.com\">info@longchangchemical.com<\/a><\/span> \u00c7al\u0131\u015fma saatleri i\u00e7inde (8:30 - 6:00 UTC+8 Pzt.~Sat.) veya h\u0131zl\u0131 yan\u0131t almak i\u00e7in web sitesi canl\u0131 sohbetini kullan\u0131n.<\/b><\/strong><\/span><\/h4>\n<p><!--more--><\/p>\n<h2><strong>Retinol'e Yeni Alternatifler<\/strong><\/h2>\n<p>HPR olarak k\u0131salt\u0131lan hidroksi pinakol bak\u0131r retinoat, yeni bir retinoid t\u00fcrevidir. Retinoik asit ve k\u00fc\u00e7\u00fck molek\u00fcl pinakol\u00fcn esterle\u015fmesiyle olu\u015fur. Di\u011fer retinoik asit t\u00fcrevlerinin aksine, HPR retinoik asidin etkinlik grubunu korur ve retinoik aside d\u00f6n\u00fc\u015ft\u00fcr\u00fclmesine gerek yoktur, bu nedenle do\u011frudan retinoik asit resept\u00f6r\u00fc \u00fczerinde hareket edebilir ve bir rol oynayabilir ve ya\u015flanma kar\u015f\u0131t\u0131 etkisi all-trans retinoik asit ile benzerdir. Bu makale kullan\u0131mdaki baz\u0131 avantajlar\u0131n\u0131 a\u00e7\u0131klayacakt\u0131r.<\/p>\n<p>Hidroksi pinakolon retinoat<\/p>\n<p>Daha nazik.<br \/>\nBilim insanlar\u0131, insan cildinin in vitro modelinde \u00e7oklu A vitamininin (HPR, trans retinoik asit, retinol, retinaldehit ve retinil palmitat dahil) etkilerini ya\u015flanma kar\u015f\u0131t\u0131 ve tahri\u015f a\u00e7\u0131s\u0131ndan kar\u015f\u0131la\u015ft\u0131rd\u0131. Bu \u00e7al\u0131\u015fma, HPR'nin retinoik asitten daha zay\u0131f inflamasyona (IL-1\u03b1 ile etiketlenmi\u015f) neden oldu\u011funu bulmu\u015ftur. Sitotoksisite de 10 kat konsantrasyonda daha d\u00fc\u015f\u00fckt\u00fc. Bu nedenle, HPR retinoik aside g\u00f6re daha stabil ve daha hafif bir alternatiftir ve kozmetikte kullan\u0131labilir.<\/p>\n<p>Daha Etkili<br \/>\nK\u0131r\u0131\u015f\u0131kl\u0131k Kar\u015f\u0131t\u0131<br \/>\nHidroksi pinakolon retinoid i\u00e7eren \u00fcr\u00fcn kullan\u0131larak, 0. (W0), 14. (W14) ve 28. (W28) g\u00fcnlerde deneklerden lokal olarak al\u0131nan gamze hacmi, k\u0131r\u0131\u015f\u0131kl\u0131klar ve ince \u00e7izgilerin g\u00f6r\u00fcnt\u00fcleri, WL-HPR1130 serumu i\u00e7eren numunenin 2 hafta ve 4 hafta boyunca kullan\u0131lmas\u0131ndan sonra, deneklerin g\u00f6z k\u00f6\u015fesindeki gamze hacminin, k\u0131r\u0131\u015f\u0131kl\u0131klar\u0131n ve ince \u00e7izgilerin \u00f6nemli \u00f6l\u00e7\u00fcde de\u011fi\u015fti\u011fi ve azalma e\u011filimi g\u00f6sterdi\u011fi g\u00f6zlemlenebilir.<\/p>\n<p>Keratin metabolizmas\u0131n\u0131 destekler<br \/>\nHidroksipinakolon retinoat (HPR) keratin metabolizmas\u0131n\u0131 h\u0131zland\u0131rarak, keratinositlerin d\u00fczg\u00fcn bir \u015fekilde farkl\u0131la\u015fmas\u0131n\u0131 sa\u011flayarak ve interstisyel lipidlerin sentezini te\u015fvik ederek g\u00f6zenekleri azalt\u0131r ve cilt p\u00fcr\u00fczl\u00fcl\u00fc\u011f\u00fcn\u00fc azalt\u0131r, bu da daha p\u00fcr\u00fczs\u00fcz, daha e\u015fit bir cilt ile sonu\u00e7lan\u0131r.<\/p>\n<p>HPR keratin metabolizmas\u0131 yoluyla sivilceleri azalt\u0131r, folik\u00fcler a\u00e7\u0131kl\u0131k t\u0131kan\u0131kl\u0131\u011f\u0131n\u0131 azalt\u0131r ve ya\u011f bezlerinin ya\u011f salg\u0131lamas\u0131n\u0131 engeller, b\u00f6ylece akne patlamalar\u0131n\u0131 azalt\u0131r ve cilt iltihab\u0131n\u0131n bast\u0131r\u0131lmas\u0131n\u0131 ve ortadan kald\u0131r\u0131lmas\u0131n\u0131 sa\u011flar. Ayr\u0131ca keratin metabolizmas\u0131 yoluyla cildi beyazlatabilir, melanositlerin bo\u015falmas\u0131n\u0131 h\u0131zland\u0131r\u0131r ve melanosit \u00fcretimini azalt\u0131r.<\/p>\n<p>Daha kararl\u0131<br \/>\nAra\u015ft\u0131rmac\u0131lar A vitamini analoglar\u0131n\u0131n \u0131\u015f\u0131\u011fa duyarl\u0131l\u0131\u011f\u0131n\u0131 test etmi\u015f ve test edilen t\u00fcm A vitaminleri aras\u0131nda retinil palmitat (Rpal) ve beta karoten (\u03b2cal) \u0131\u015f\u0131\u011fa daha kolay bozunarak bir hafta \u0131\u015f\u0131\u011fa maruz kald\u0131ktan sonra neredeyse tamamen bozunurken, hidroksipinakolon retinil palmitat (HPR) bir hafta sonra sadece y\u00fczde 40 oran\u0131nda bozunmu\u015ftur. Ortalama olarak, \u0131\u015f\u0131\u011fa maruz kalma, test edilen t\u00fcm A vitaminleri aras\u0131nda HPR'nin stabilitesi \u00fczerinde en az etkiye sahip olmu\u015ftur.<\/p>\n<p>Buna ek olarak, makalenin deneysel verilerine g\u00f6re, HPR, sim\u00fcle edilmi\u015f uzun vadeli stabilite testinde (25\u00b0C'de 6 ay ve 60% nem) ve h\u0131zland\u0131r\u0131lm\u0131\u015f stabilite testinde (40\u00b0C, UV'ye maruz kalan ortam) form\u00fclasyonda \u00e7ok stabil kalm\u0131\u015ft\u0131r (ba\u015flang\u0131\u00e7taki 95% i\u00e7eri\u011finden esasen de\u011fi\u015fmeden). Di\u011fer birka\u00e7 A s\u0131n\u0131f\u0131 t\u00fcrev i\u00e7in \u00f6nemli bozulma g\u00f6sterilmi\u015ftir.<\/p>\n<p>\u00d6zet<br \/>\nHidroksi pinakolon retinoat, d\u00f6n\u00fc\u015ft\u00fcrme i\u015flemi olmaks\u0131z\u0131n do\u011frudan retinoik asit resept\u00f6r\u00fcne ba\u011flanabilen ve h\u0131zl\u0131 bir etki ba\u015flang\u0131c\u0131na sahip olan do\u011frudan bir etkiye sahiptir; k\u00fc\u00e7\u00fck bir molek\u00fcler a\u011f\u0131rl\u0131kla, transdermal olarak daha kolay emilme, d\u00fc\u015f\u00fck tahri\u015f, y\u00fcksek aktivite ve y\u00fcksek stabilite avantaj\u0131na sahiptir, bu sadece etkinlik a\u00e7\u0131s\u0131ndan geleneksel retinolden daha iyi de\u011fil, ayn\u0131 zamanda g\u00fcvenlik a\u00e7\u0131s\u0131ndan da daha iyidir ve uygulama i\u00e7in b\u00fcy\u00fck bir potansiyele sahiptir.<\/p>","protected":false},"excerpt":{"rendered":"<p>Kimyasal Ad\u0131:Hidroksipinakolon Retinoat<\/p>\n<p>CAS No: 893412-73-2<\/p>\n<p>Molek\u00fcler Form\u00fcl: C26H38O3<\/p>\n<p>Molek\u00fcler A\u011f\u0131rl\u0131k:398.57812<\/p>\n<p>Molek\u00fcler Yap\u0131:<img decoding=\"async\" title=\"Hidroksipinakolon Retinoat CAS 893412-73-2\" src=\"https:\/\/www.longchangchemical.com\/wp-content\/uploads\/product-details\/20200603325600.png\" alt=\"Hidroksipinakolon Retinoat CAS 893412-73-2\" width=\"409\" height=\"200\" \/><\/p>\n<p>G\u00f6r\u00fcn\u00fcm:Sar\u0131 toz veya kristal<\/p>\n<p>&nbsp;<\/p>","protected":false},"featured_media":0,"comment_status":"open","ping_status":"closed","template":"","meta":[],"product_brand":[],"product_cat":[103],"product_tag":[],"class_list":{"0":"post-3661","1":"product","2":"type-product","3":"status-publish","5":"product_cat-cosmetic-additives","7":"first","8":"instock","9":"shipping-taxable","10":"product-type-simple"},"yoast_head":"<!-- This site is optimized with the Yoast SEO plugin v25.3.1 - https:\/\/yoast.com\/wordpress\/plugins\/seo\/ -->\n<title>China hydroxypinacolone retinoate cas 893412-73-2 manufacturer - Longchang Chemical<\/title>\n<meta name=\"description\" content=\"hydroxypinacolone retinoate cas 893412-73-2 is key product of LongChang Chemical. We provide best price. We are the leading manufacturer in China with the best quanlity and competitive price.\" \/>\n<meta name=\"robots\" content=\"index, follow, max-snippet:-1, max-image-preview:large, max-video-preview:-1\" \/>\n<link rel=\"canonical\" href=\"https:\/\/longchangchemical.com\/tr\/product\/hydroxypinacolone-retinoate-cas-893412-73-2\/\" \/>\n<meta property=\"og:locale\" content=\"tr_TR\" \/>\n<meta property=\"og:type\" content=\"article\" \/>\n<meta property=\"og:title\" content=\"China hydroxypinacolone retinoate cas 893412-73-2 manufacturer - Longchang Chemical\" \/>\n<meta property=\"og:description\" content=\"hydroxypinacolone retinoate cas 893412-73-2 is key product of LongChang Chemical. We provide best price. We are the leading manufacturer in China with the best quanlity and competitive price.\" \/>\n<meta property=\"og:url\" content=\"https:\/\/longchangchemical.com\/tr\/product\/hydroxypinacolone-retinoate-cas-893412-73-2\/\" \/>\n<meta property=\"og:site_name\" content=\"Longchang Chemical\" \/>\n<meta property=\"article:modified_time\" content=\"2025-12-16T09:39:36+00:00\" \/>\n<meta property=\"og:image\" content=\"https:\/\/longchangchemical.com\/wp-content\/uploads\/2024\/02\/logo-jpeg.jpg\" \/>\n\t<meta property=\"og:image:width\" content=\"1000\" \/>\n\t<meta property=\"og:image:height\" content=\"1000\" \/>\n\t<meta property=\"og:image:type\" content=\"image\/jpeg\" \/>\n<meta name=\"twitter:card\" content=\"summary_large_image\" \/>\n<script type=\"application\/ld+json\" class=\"yoast-schema-graph\">{\"@context\":\"https:\/\/schema.org\",\"@graph\":[{\"@type\":\"WebPage\",\"@id\":\"https:\/\/longchangchemical.com\/product\/hydroxypinacolone-retinoate-cas-893412-73-2\/\",\"url\":\"https:\/\/longchangchemical.com\/product\/hydroxypinacolone-retinoate-cas-893412-73-2\/\",\"name\":\"China hydroxypinacolone retinoate cas 893412-73-2 manufacturer - Longchang Chemical\",\"isPartOf\":{\"@id\":\"https:\/\/longchangchemical.com\/#website\"},\"datePublished\":\"2024-05-15T02:46:16+00:00\",\"dateModified\":\"2025-12-16T09:39:36+00:00\",\"description\":\"hydroxypinacolone retinoate cas 893412-73-2 is key product of LongChang Chemical. We provide best price. We are the leading manufacturer in China with the best quanlity and competitive price.\",\"breadcrumb\":{\"@id\":\"https:\/\/longchangchemical.com\/product\/hydroxypinacolone-retinoate-cas-893412-73-2\/#breadcrumb\"},\"inLanguage\":\"tr\",\"potentialAction\":[{\"@type\":\"ReadAction\",\"target\":[\"https:\/\/longchangchemical.com\/product\/hydroxypinacolone-retinoate-cas-893412-73-2\/\"]}]},{\"@type\":\"BreadcrumbList\",\"@id\":\"https:\/\/longchangchemical.com\/product\/hydroxypinacolone-retinoate-cas-893412-73-2\/#breadcrumb\",\"itemListElement\":[{\"@type\":\"ListItem\",\"position\":1,\"name\":\"Home\",\"item\":\"https:\/\/longchangchemical.com\/\"},{\"@type\":\"ListItem\",\"position\":2,\"name\":\"Products Longchang\",\"item\":\"https:\/\/longchangchemical.com\/product\/\"},{\"@type\":\"ListItem\",\"position\":3,\"name\":\"hydroxypinacolone retinoate cas 893412-73-2\"}]},{\"@type\":\"WebSite\",\"@id\":\"https:\/\/longchangchemical.com\/#website\",\"url\":\"https:\/\/longchangchemical.com\/\",\"name\":\"Longchang Chemical\",\"description\":\"China chemical manufacturer \uff06 supplier\",\"publisher\":{\"@id\":\"https:\/\/longchangchemical.com\/#organization\"},\"potentialAction\":[{\"@type\":\"SearchAction\",\"target\":{\"@type\":\"EntryPoint\",\"urlTemplate\":\"https:\/\/longchangchemical.com\/?s={search_term_string}\"},\"query-input\":{\"@type\":\"PropertyValueSpecification\",\"valueRequired\":true,\"valueName\":\"search_term_string\"}}],\"inLanguage\":\"tr\"},{\"@type\":\"Organization\",\"@id\":\"https:\/\/longchangchemical.com\/#organization\",\"name\":\"Longchang Chemical\",\"url\":\"https:\/\/longchangchemical.com\/\",\"logo\":{\"@type\":\"ImageObject\",\"inLanguage\":\"tr\",\"@id\":\"https:\/\/longchangchemical.com\/#\/schema\/logo\/image\/\",\"url\":\"https:\/\/longchangchemical.com\/wp-content\/uploads\/2020\/08\/cropped-longchang-logo.png\",\"contentUrl\":\"https:\/\/longchangchemical.com\/wp-content\/uploads\/2020\/08\/cropped-longchang-logo.png\",\"width\":512,\"height\":512,\"caption\":\"Longchang Chemical\"},\"image\":{\"@id\":\"https:\/\/longchangchemical.com\/#\/schema\/logo\/image\/\"}}]}<\/script>\n<!-- \/ Yoast SEO plugin. -->","yoast_head_json":{"title":"\u00c7in hidroksipinakolon retinoat cas 893412-73-2 \u00fcreticisi - Longchang Chemical","description":"hidroksipinakolon retinoat cas 893412-73-2 LongChang Chemical'\u0131n anahtar \u00fcr\u00fcn\u00fcd\u00fcr. En iyi fiyat\u0131 sa\u011fl\u0131yoruz. Biz en iyi quanlity ve rekabet\u00e7i fiyat ile \u00c7in'in \u00f6nde gelen \u00fcreticisiyiz.","robots":{"index":"index","follow":"follow","max-snippet":"max-snippet:-1","max-image-preview":"max-image-preview:large","max-video-preview":"max-video-preview:-1"},"canonical":"https:\/\/longchangchemical.com\/tr\/product\/hydroxypinacolone-retinoate-cas-893412-73-2\/","og_locale":"tr_TR","og_type":"article","og_title":"China hydroxypinacolone retinoate cas 893412-73-2 manufacturer - Longchang Chemical","og_description":"hydroxypinacolone retinoate cas 893412-73-2 is key product of LongChang Chemical. We provide best price. We are the leading manufacturer in China with the best quanlity and competitive price.","og_url":"https:\/\/longchangchemical.com\/tr\/product\/hydroxypinacolone-retinoate-cas-893412-73-2\/","og_site_name":"Longchang Chemical","article_modified_time":"2025-12-16T09:39:36+00:00","og_image":[{"width":1000,"height":1000,"url":"https:\/\/longchangchemical.com\/wp-content\/uploads\/2024\/02\/logo-jpeg.jpg","type":"image\/jpeg"}],"twitter_card":"summary_large_image","schema":{"@context":"https:\/\/schema.org","@graph":[{"@type":"WebPage","@id":"https:\/\/longchangchemical.com\/product\/hydroxypinacolone-retinoate-cas-893412-73-2\/","url":"https:\/\/longchangchemical.com\/product\/hydroxypinacolone-retinoate-cas-893412-73-2\/","name":"\u00c7in hidroksipinakolon retinoat cas 893412-73-2 \u00fcreticisi - Longchang Chemical","isPartOf":{"@id":"https:\/\/longchangchemical.com\/#website"},"datePublished":"2024-05-15T02:46:16+00:00","dateModified":"2025-12-16T09:39:36+00:00","description":"hidroksipinakolon retinoat cas 893412-73-2 LongChang Chemical'\u0131n anahtar \u00fcr\u00fcn\u00fcd\u00fcr. En iyi fiyat\u0131 sa\u011fl\u0131yoruz. Biz en iyi quanlity ve rekabet\u00e7i fiyat ile \u00c7in'in \u00f6nde gelen \u00fcreticisiyiz.","breadcrumb":{"@id":"https:\/\/longchangchemical.com\/product\/hydroxypinacolone-retinoate-cas-893412-73-2\/#breadcrumb"},"inLanguage":"tr","potentialAction":[{"@type":"ReadAction","target":["https:\/\/longchangchemical.com\/product\/hydroxypinacolone-retinoate-cas-893412-73-2\/"]}]},{"@type":"BreadcrumbList","@id":"https:\/\/longchangchemical.com\/product\/hydroxypinacolone-retinoate-cas-893412-73-2\/#breadcrumb","itemListElement":[{"@type":"ListItem","position":1,"name":"Home","item":"https:\/\/longchangchemical.com\/"},{"@type":"ListItem","position":2,"name":"Products Longchang","item":"https:\/\/longchangchemical.com\/product\/"},{"@type":"ListItem","position":3,"name":"hydroxypinacolone retinoate cas 893412-73-2"}]},{"@type":"WebSite","@id":"https:\/\/longchangchemical.com\/#website","url":"https:\/\/longchangchemical.com\/","name":"Longchang Kimya","description":"\u00c7in kimyasal \u00fcreticisi \uff06 tedarik\u00e7isi","publisher":{"@id":"https:\/\/longchangchemical.com\/#organization"},"potentialAction":[{"@type":"SearchAction","target":{"@type":"EntryPoint","urlTemplate":"https:\/\/longchangchemical.com\/?s={search_term_string}"},"query-input":{"@type":"PropertyValueSpecification","valueRequired":true,"valueName":"search_term_string"}}],"inLanguage":"tr"},{"@type":"Organization","@id":"https:\/\/longchangchemical.com\/#organization","name":"Longchang Kimya","url":"https:\/\/longchangchemical.com\/","logo":{"@type":"ImageObject","inLanguage":"tr","@id":"https:\/\/longchangchemical.com\/#\/schema\/logo\/image\/","url":"https:\/\/longchangchemical.com\/wp-content\/uploads\/2020\/08\/cropped-longchang-logo.png","contentUrl":"https:\/\/longchangchemical.com\/wp-content\/uploads\/2020\/08\/cropped-longchang-logo.png","width":512,"height":512,"caption":"Longchang Chemical"},"image":{"@id":"https:\/\/longchangchemical.com\/#\/schema\/logo\/image\/"}}]}},"_links":{"self":[{"href":"https:\/\/longchangchemical.com\/tr\/wp-json\/wp\/v2\/product\/3661","targetHints":{"allow":["GET"]}}],"collection":[{"href":"https:\/\/longchangchemical.com\/tr\/wp-json\/wp\/v2\/product"}],"about":[{"href":"https:\/\/longchangchemical.com\/tr\/wp-json\/wp\/v2\/types\/product"}],"replies":[{"embeddable":true,"href":"https:\/\/longchangchemical.com\/tr\/wp-json\/wp\/v2\/comments?post=3661"}],"wp:attachment":[{"href":"https:\/\/longchangchemical.com\/tr\/wp-json\/wp\/v2\/media?parent=3661"}],"wp:term":[{"taxonomy":"product_brand","embeddable":true,"href":"https:\/\/longchangchemical.com\/tr\/wp-json\/wp\/v2\/product_brand?post=3661"},{"taxonomy":"product_cat","embeddable":true,"href":"https:\/\/longchangchemical.com\/tr\/wp-json\/wp\/v2\/product_cat?post=3661"},{"taxonomy":"product_tag","embeddable":true,"href":"https:\/\/longchangchemical.com\/tr\/wp-json\/wp\/v2\/product_tag?post=3661"}],"curies":[{"name":"wp","href":"https:\/\/api.w.org\/{rel}","templated":true}]}}