{"id":3643,"date":"2021-05-18T08:10:14","date_gmt":"2021-05-18T08:10:14","guid":{"rendered":"https:\/\/longchangchemical.com\/?post_type=product&#038;p=3643"},"modified":"2025-12-22T08:18:24","modified_gmt":"2025-12-22T08:18:24","slug":"d-lactide-cas-13076-17-0","status":"publish","type":"product","link":"https:\/\/longchangchemical.com\/tr\/product\/d-lactide-cas-13076-17-0\/","title":{"rendered":"D-Laktid CAS 13076-17-0"},"content":{"rendered":"<h1><strong>D-Laktid CAS 13076-17-0<\/strong><\/h1>\n<table class=\"table-1\" cellspacing=\"0\">\n<tbody>\n<tr>\n<td>\n<h4>\u00d6\u011fe<\/h4>\n<\/td>\n<td>\n<h4>Standart<\/h4>\n<\/td>\n<td>\n<h4>Sonu\u00e7lar<\/h4>\n<\/td>\n<\/tr>\n<tr>\n<td>\n<h4>G\u00f6r\u00fcn\u00fc\u015f<\/h4>\n<\/td>\n<td>\n<h4>Beyaz kristaller<\/h4>\n<\/td>\n<td>\n<h4>Beyaz kristaller<\/h4>\n<\/td>\n<\/tr>\n<tr>\n<td>\n<h4>Erime noktas\u0131 (\u2103)<\/h4>\n<\/td>\n<td>\n<h4>96-99<\/h4>\n<\/td>\n<td>\n<h4>97<\/h4>\n<\/td>\n<\/tr>\n<tr>\n<td>\n<h4>Su i\u00e7eri\u011fi \uff0c %<\/h4>\n<\/td>\n<td>\n<h4>\u22640.4<\/h4>\n<\/td>\n<td>\n<h4>0.12<\/h4>\n<\/td>\n<\/tr>\n<tr>\n<td>\n<h4>A\u011f\u0131r metal i\u00e7eri\u011fi (ppm)<\/h4>\n<\/td>\n<td>\n<h4>\u22645<\/h4>\n<\/td>\n<td>\n<h4>\u22645<\/h4>\n<\/td>\n<\/tr>\n<tr>\n<td>\n<h4>Serbest asit<\/h4>\n<\/td>\n<td>\n<h4>\u22640.1<\/h4>\n<\/td>\n<td>\n<h4>0.056<\/h4>\n<\/td>\n<\/tr>\n<tr>\n<td>\n<h4>K\u00fcl,%<\/h4>\n<\/td>\n<td>\n<h4>\u22640.05<\/h4>\n<\/td>\n<td>\n<h4>0.035<\/h4>\n<\/td>\n<\/tr>\n<tr>\n<td>\n<h4>Safl\u0131k, %<\/h4>\n<\/td>\n<td>\n<h4>\u226599.5<\/h4>\n<\/td>\n<td>\n<h4>\u226599.5<\/h4>\n<\/td>\n<\/tr>\n<tr>\n<td>\n<h4>Optik rotasyon (diklorometan, 25 \u00b0 C)<\/h4>\n<\/td>\n<td>\n<h4>260\uff5e265\u00b0<\/h4>\n<\/td>\n<td>\n<h4>262\u00b0<\/h4>\n<\/td>\n<\/tr>\n<tr>\n<td>\n<h4>Sonu\u00e7<\/h4>\n<\/td>\n<td colspan=\"2\">\n<h4>Nitelikli<\/h4>\n<\/td>\n<\/tr>\n<\/tbody>\n<\/table>\n<p>&nbsp;<\/p>\n<h2><strong>D-LACTIDE Kullan\u0131m\u0131<\/strong><\/h2>\n<h4>D-(+)-Propil \u00e7apraz ester, v\u00fccut d\u00fc\u015f\u00fck oksijen seviyelerinde enerji i\u00e7in karbonhidratlar\u0131 par\u00e7alad\u0131\u011f\u0131nda kas sarkomerleri ve k\u0131rm\u0131z\u0131 kan h\u00fccreleri taraf\u0131ndan \u00fcretilen bir yan \u00fcr\u00fcn olan laktik asidin siklik bir diesteridir. Propiyonil esteri polilaktik aside polimerize etmek i\u00e7in uygun bir kataliz\u00f6r kullan\u0131labilir ve bu da yararl\u0131 \u00f6zelliklere sahip bir malzeme elde edilmesini sa\u011flar.<\/h4>\n<h4><\/h4>\n<h2><strong>D-LAKT\u0130D Depolama<\/strong><\/h2>\n<h4>1. Bu \u00fcr\u00fcn serisi biyolojik olarak par\u00e7alanabilir malzemelerdir. Depolama s\u0131ras\u0131nda \u00fcr\u00fcn\u00fcn bozulmas\u0131na neden olabilecek su, asidik maddeler, alkali maddeler, alkol reaktifleri ve di\u011fer reaktiflerle temastan ka\u00e7\u0131n\u0131n.<\/h4>\n<h4>2. Bu \u00fcr\u00fcn serisi, depolama s\u0131ras\u0131nda kuru ve d\u00fc\u015f\u00fck s\u0131cakl\u0131kta (buzdolab\u0131nda -20 derece dondurarak) saklanmal\u0131 ve bir m\u00fch\u00fcrleyici ile kapat\u0131lmal\u0131d\u0131r (kullan\u0131mdan sonra kalan \u00fcr\u00fcnler kilitli po\u015fetlerde paketlenmemeli ve saklanmamal\u0131d\u0131r).<\/h4>\n<h4>3. Kullan\u0131m s\u0131ras\u0131nda buzdolab\u0131ndan \u00e7\u0131kar\u0131p oda s\u0131cakl\u0131\u011f\u0131na yerle\u015ftirin ve a\u00e7madan \u00f6nce ambalaj po\u015fetinin y\u00fczeyindeki yo\u011funla\u015fm\u0131\u015f nemi silmek i\u00e7in s\u0131cakl\u0131\u011f\u0131n oda s\u0131cakl\u0131\u011f\u0131na ula\u015fmas\u0131n\u0131 bekleyin (sabit bir s\u0131cakl\u0131k olmadan buzdolab\u0131ndan \u00e7\u0131kar\u0131l\u0131p a\u00e7\u0131ld\u0131\u011f\u0131nda havadaki nem \u00fcr\u00fcn\u00fcn y\u00fczeyinde yo\u011funla\u015facak ve \u00fcr\u00fcn\u00fc bozacakt\u0131r). Kullan\u0131m s\u0131ras\u0131nda ortam\u0131n hava nemi, kalan \u00fcr\u00fcnlerin nemlenmesini ve \u00fcr\u00fcn kalitesini etkilemesini \u00f6nlemek i\u00e7in 35%'den az olmal\u0131d\u0131r.<\/h4>\n<h2><strong>D-LAKT\u0130D Ambalaj<\/strong><\/h2>\n<h4>500g\/Bag veya 1kg\/Bag veya 25kg\/Drum.<\/h4>\n<p>&nbsp;<\/p>\n<h2><strong>D-LAKT\u0130D ve L-LAKT\u0130D nas\u0131l ay\u0131rt edilir?<\/strong><\/h2>\n<h4>1. L- ve D-laktidin i\u011fne \u015feklindeki kristalleri ayn\u0131d\u0131r ve erime noktas\u0131 ayn\u0131d\u0131r ve g\u00f6r\u00fcn\u00fcm ay\u0131rt edilemez. Rasemik form g\u00f6r\u00fcn\u00fcmden ay\u0131rt edilebilir ve i\u011fne \u015feklinde de\u011fildir ve erime noktas\u0131 farkl\u0131d\u0131r.<br \/>\n2. N\u00fckleer manyetizma ve k\u0131z\u0131l\u00f6tesi ay\u0131rt edilemez, optik rotasyon ay\u0131rt edilebilir, sol el negatif, sa\u011f el pozitiftir, rasemizasyonda optik rotasyon yoktur<\/h4>\n<p>&nbsp;<\/p>\n<h2><strong>Ayn\u0131 seri \u00fcr\u00fcnler<\/strong><\/h2>\n<table style=\"border-collapse: collapse; width: 312.02pt;\" border=\"0\" width=\"416\" cellspacing=\"0\" cellpadding=\"0\">\n<tbody>\n<tr style=\"height: 40.50pt;\">\n<td class=\"et2\" style=\"height: 40.50pt; width: 201.75pt;\" width=\"269\" height=\"54\">\n<h4>D-LAKT\u0130D<\/h4>\n<\/td>\n<td class=\"et2\" style=\"width: 110.25pt;\" width=\"147\">\n<h4>13076-17-0<\/h4>\n<\/td>\n<\/tr>\n<tr style=\"height: 40.50pt;\">\n<td class=\"et2\" style=\"height: 40.50pt; width: 201.75pt;\" width=\"269\" height=\"54\">\n<h4><a href=\"https:\/\/longchangchemical.com\/tr\/product\/l-lactide-cas-4511-42-6\/\"><span style=\"color: #0000ff;\">L-LAKT\u0130D<\/span><\/a><\/h4>\n<\/td>\n<td class=\"et2\" style=\"width: 110.25pt;\" width=\"147\">\n<h4>4511-42-6<\/h4>\n<\/td>\n<\/tr>\n<\/tbody>\n<\/table>\n<h2><\/h2>\n<h2><strong><b>\u015eimdi Bize Ula\u015f\u0131n!<\/b><\/strong><\/h2>\n<h4><strong><b>COA, MSDS veya TDS'ye ihtiyac\u0131n\u0131z varsa, a\u015fa\u011f\u0131daki formu doldurun, genellikle 24 saat i\u00e7inde sizinle ileti\u015fime ge\u00e7ece\u011fiz. Bana e-posta da g\u00f6nderebilirsiniz <span style=\"color: #0000ff;\"><a style=\"color: #0000ff;\" href=\"mailto:info@longchangchemical.com\">info@longchangchemical.com<\/a><\/span> \u00c7al\u0131\u015fma saatleri i\u00e7inde (8:30 - 6:00 UTC+8 Pzt.~Sat.) veya h\u0131zl\u0131 yan\u0131t almak i\u00e7in web sitesi canl\u0131 sohbetini kullan\u0131n.<\/b><\/strong><\/h4>\n<p>&nbsp;<\/p>","protected":false},"excerpt":{"rendered":"<h4>\u00dcr\u00fcn Ad\u0131: D-LAKT\u0130D<\/h4>\n<h4>CAS No: 13076-17-0<\/h4>\n<h4>Molek\u00fcler Form\u00fcl: C6H8O4<\/h4>\n<h4>Molek\u00fcl A\u011f\u0131rl\u0131\u011f\u0131:144.13<\/h4>\n<h4>Kimyasal Yap\u0131\uff1a<img decoding=\"async\" title=\"D-LAKTID CAS 13076-17-0\" src=\"https:\/\/www.longchangchemical.com\/wp-content\/uploads\/product-details\/20200617061310.png\" alt=\"D-LAKTID CAS 13076-17-0\" \/><\/h4>\n<h4>G\u00f6r\u00fcn\u00fc\u015f: Beyaz kristaller<\/h4>","protected":false},"featured_media":4625,"comment_status":"open","ping_status":"closed","template":"","meta":[],"product_brand":[],"product_cat":[69],"product_tag":[],"class_list":{"0":"post-3643","1":"product","2":"type-product","3":"status-publish","4":"has-post-thumbnail","6":"product_cat-catalysts-chemical-auxiliary-agents","8":"first","9":"instock","10":"shipping-taxable","11":"product-type-simple"},"yoast_head":"<!-- This site is optimized with the Yoast SEO plugin v25.3.1 - https:\/\/yoast.com\/wordpress\/plugins\/seo\/ -->\n<title>China D-Lactide Manufacturer \uff06 13076-17-0 Supplier - Longchang chemical Co., Ltd.<\/title>\n<meta name=\"description\" content=\"Longchang Chemical is a leading manufacturer and supplier of D-Lactide in China. Buy D-Lactide in china. We can provide the best D-Lactide price.\" \/>\n<meta name=\"robots\" content=\"index, follow, max-snippet:-1, max-image-preview:large, max-video-preview:-1\" \/>\n<link rel=\"canonical\" href=\"https:\/\/longchangchemical.com\/tr\/product\/d-lactide-cas-13076-17-0\/\" \/>\n<meta property=\"og:locale\" content=\"tr_TR\" \/>\n<meta property=\"og:type\" content=\"article\" \/>\n<meta property=\"og:title\" content=\"China D-Lactide Manufacturer \uff06 13076-17-0 Supplier - Longchang chemical Co., Ltd.\" \/>\n<meta property=\"og:description\" content=\"Longchang Chemical is a leading manufacturer and supplier of D-Lactide in China. Buy D-Lactide in china. We can provide the best D-Lactide price.\" \/>\n<meta property=\"og:url\" content=\"https:\/\/longchangchemical.com\/tr\/product\/d-lactide-cas-13076-17-0\/\" \/>\n<meta property=\"og:site_name\" content=\"Longchang Chemical\" \/>\n<meta property=\"article:modified_time\" content=\"2025-12-22T08:18:24+00:00\" \/>\n<meta property=\"og:image\" content=\"https:\/\/longchangchemical.com\/wp-content\/uploads\/2021\/01\/Appearance-26.jpg\" \/>\n\t<meta property=\"og:image:width\" content=\"600\" \/>\n\t<meta property=\"og:image:height\" content=\"800\" \/>\n\t<meta property=\"og:image:type\" content=\"image\/jpeg\" \/>\n<meta name=\"twitter:card\" content=\"summary_large_image\" \/>\n<script type=\"application\/ld+json\" class=\"yoast-schema-graph\">{\"@context\":\"https:\/\/schema.org\",\"@graph\":[{\"@type\":\"WebPage\",\"@id\":\"https:\/\/longchangchemical.com\/product\/d-lactide-cas-13076-17-0\/\",\"url\":\"https:\/\/longchangchemical.com\/product\/d-lactide-cas-13076-17-0\/\",\"name\":\"China D-Lactide Manufacturer \uff06 13076-17-0 Supplier - Longchang chemical Co., Ltd.\",\"isPartOf\":{\"@id\":\"https:\/\/longchangchemical.com\/#website\"},\"primaryImageOfPage\":{\"@id\":\"https:\/\/longchangchemical.com\/product\/d-lactide-cas-13076-17-0\/#primaryimage\"},\"image\":{\"@id\":\"https:\/\/longchangchemical.com\/product\/d-lactide-cas-13076-17-0\/#primaryimage\"},\"thumbnailUrl\":\"https:\/\/longchangchemical.com\/wp-content\/uploads\/2021\/01\/Appearance-26.jpg\",\"datePublished\":\"2021-05-18T08:10:14+00:00\",\"dateModified\":\"2025-12-22T08:18:24+00:00\",\"description\":\"Longchang Chemical is a leading manufacturer and supplier of D-Lactide in China. Buy D-Lactide in china. We can provide the best D-Lactide price.\",\"breadcrumb\":{\"@id\":\"https:\/\/longchangchemical.com\/product\/d-lactide-cas-13076-17-0\/#breadcrumb\"},\"inLanguage\":\"tr\",\"potentialAction\":[{\"@type\":\"ReadAction\",\"target\":[\"https:\/\/longchangchemical.com\/product\/d-lactide-cas-13076-17-0\/\"]}]},{\"@type\":\"ImageObject\",\"inLanguage\":\"tr\",\"@id\":\"https:\/\/longchangchemical.com\/product\/d-lactide-cas-13076-17-0\/#primaryimage\",\"url\":\"https:\/\/longchangchemical.com\/wp-content\/uploads\/2021\/01\/Appearance-26.jpg\",\"contentUrl\":\"https:\/\/longchangchemical.com\/wp-content\/uploads\/2021\/01\/Appearance-26.jpg\",\"width\":600,\"height\":800},{\"@type\":\"BreadcrumbList\",\"@id\":\"https:\/\/longchangchemical.com\/product\/d-lactide-cas-13076-17-0\/#breadcrumb\",\"itemListElement\":[{\"@type\":\"ListItem\",\"position\":1,\"name\":\"Home\",\"item\":\"https:\/\/longchangchemical.com\/\"},{\"@type\":\"ListItem\",\"position\":2,\"name\":\"Products Longchang\",\"item\":\"https:\/\/longchangchemical.com\/product\/\"},{\"@type\":\"ListItem\",\"position\":3,\"name\":\"D-Lactide CAS 13076-17-0\"}]},{\"@type\":\"WebSite\",\"@id\":\"https:\/\/longchangchemical.com\/#website\",\"url\":\"https:\/\/longchangchemical.com\/\",\"name\":\"Longchang Chemical\",\"description\":\"China chemical manufacturer \uff06 supplier\",\"publisher\":{\"@id\":\"https:\/\/longchangchemical.com\/#organization\"},\"potentialAction\":[{\"@type\":\"SearchAction\",\"target\":{\"@type\":\"EntryPoint\",\"urlTemplate\":\"https:\/\/longchangchemical.com\/?s={search_term_string}\"},\"query-input\":{\"@type\":\"PropertyValueSpecification\",\"valueRequired\":true,\"valueName\":\"search_term_string\"}}],\"inLanguage\":\"tr\"},{\"@type\":\"Organization\",\"@id\":\"https:\/\/longchangchemical.com\/#organization\",\"name\":\"Longchang Chemical\",\"url\":\"https:\/\/longchangchemical.com\/\",\"logo\":{\"@type\":\"ImageObject\",\"inLanguage\":\"tr\",\"@id\":\"https:\/\/longchangchemical.com\/#\/schema\/logo\/image\/\",\"url\":\"https:\/\/longchangchemical.com\/wp-content\/uploads\/2020\/08\/cropped-longchang-logo.png\",\"contentUrl\":\"https:\/\/longchangchemical.com\/wp-content\/uploads\/2020\/08\/cropped-longchang-logo.png\",\"width\":512,\"height\":512,\"caption\":\"Longchang Chemical\"},\"image\":{\"@id\":\"https:\/\/longchangchemical.com\/#\/schema\/logo\/image\/\"}}]}<\/script>\n<!-- \/ Yoast SEO plugin. -->","yoast_head_json":{"title":"\u00c7in D-Laktit \u00dcreticisi \uff06 13076-17-0 Tedarik\u00e7i - Longchang chemical Co, Ltd.","description":"Longchang Chemical, \u00c7in'in \u00f6nde gelen D-Lactide \u00fcreticisi ve tedarik\u00e7isidir. \u00c7in'de D-Lactide sat\u0131n al\u0131n. En iyi D-Lactide fiyat\u0131n\u0131 sa\u011flayabiliriz.","robots":{"index":"index","follow":"follow","max-snippet":"max-snippet:-1","max-image-preview":"max-image-preview:large","max-video-preview":"max-video-preview:-1"},"canonical":"https:\/\/longchangchemical.com\/tr\/product\/d-lactide-cas-13076-17-0\/","og_locale":"tr_TR","og_type":"article","og_title":"China D-Lactide Manufacturer \uff06 13076-17-0 Supplier - Longchang chemical Co., Ltd.","og_description":"Longchang Chemical is a leading manufacturer and supplier of D-Lactide in China. Buy D-Lactide in china. We can provide the best D-Lactide price.","og_url":"https:\/\/longchangchemical.com\/tr\/product\/d-lactide-cas-13076-17-0\/","og_site_name":"Longchang Chemical","article_modified_time":"2025-12-22T08:18:24+00:00","og_image":[{"width":600,"height":800,"url":"https:\/\/longchangchemical.com\/wp-content\/uploads\/2021\/01\/Appearance-26.jpg","type":"image\/jpeg"}],"twitter_card":"summary_large_image","schema":{"@context":"https:\/\/schema.org","@graph":[{"@type":"WebPage","@id":"https:\/\/longchangchemical.com\/product\/d-lactide-cas-13076-17-0\/","url":"https:\/\/longchangchemical.com\/product\/d-lactide-cas-13076-17-0\/","name":"\u00c7in D-Laktit \u00dcreticisi \uff06 13076-17-0 Tedarik\u00e7i - Longchang chemical Co, Ltd.","isPartOf":{"@id":"https:\/\/longchangchemical.com\/#website"},"primaryImageOfPage":{"@id":"https:\/\/longchangchemical.com\/product\/d-lactide-cas-13076-17-0\/#primaryimage"},"image":{"@id":"https:\/\/longchangchemical.com\/product\/d-lactide-cas-13076-17-0\/#primaryimage"},"thumbnailUrl":"https:\/\/longchangchemical.com\/wp-content\/uploads\/2021\/01\/Appearance-26.jpg","datePublished":"2021-05-18T08:10:14+00:00","dateModified":"2025-12-22T08:18:24+00:00","description":"Longchang Chemical, \u00c7in'in \u00f6nde gelen D-Lactide \u00fcreticisi ve tedarik\u00e7isidir. \u00c7in'de D-Lactide sat\u0131n al\u0131n. En iyi D-Lactide fiyat\u0131n\u0131 sa\u011flayabiliriz.","breadcrumb":{"@id":"https:\/\/longchangchemical.com\/product\/d-lactide-cas-13076-17-0\/#breadcrumb"},"inLanguage":"tr","potentialAction":[{"@type":"ReadAction","target":["https:\/\/longchangchemical.com\/product\/d-lactide-cas-13076-17-0\/"]}]},{"@type":"ImageObject","inLanguage":"tr","@id":"https:\/\/longchangchemical.com\/product\/d-lactide-cas-13076-17-0\/#primaryimage","url":"https:\/\/longchangchemical.com\/wp-content\/uploads\/2021\/01\/Appearance-26.jpg","contentUrl":"https:\/\/longchangchemical.com\/wp-content\/uploads\/2021\/01\/Appearance-26.jpg","width":600,"height":800},{"@type":"BreadcrumbList","@id":"https:\/\/longchangchemical.com\/product\/d-lactide-cas-13076-17-0\/#breadcrumb","itemListElement":[{"@type":"ListItem","position":1,"name":"Home","item":"https:\/\/longchangchemical.com\/"},{"@type":"ListItem","position":2,"name":"Products Longchang","item":"https:\/\/longchangchemical.com\/product\/"},{"@type":"ListItem","position":3,"name":"D-Lactide CAS 13076-17-0"}]},{"@type":"WebSite","@id":"https:\/\/longchangchemical.com\/#website","url":"https:\/\/longchangchemical.com\/","name":"Longchang Kimya","description":"\u00c7in kimyasal \u00fcreticisi \uff06 tedarik\u00e7isi","publisher":{"@id":"https:\/\/longchangchemical.com\/#organization"},"potentialAction":[{"@type":"SearchAction","target":{"@type":"EntryPoint","urlTemplate":"https:\/\/longchangchemical.com\/?s={search_term_string}"},"query-input":{"@type":"PropertyValueSpecification","valueRequired":true,"valueName":"search_term_string"}}],"inLanguage":"tr"},{"@type":"Organization","@id":"https:\/\/longchangchemical.com\/#organization","name":"Longchang Kimya","url":"https:\/\/longchangchemical.com\/","logo":{"@type":"ImageObject","inLanguage":"tr","@id":"https:\/\/longchangchemical.com\/#\/schema\/logo\/image\/","url":"https:\/\/longchangchemical.com\/wp-content\/uploads\/2020\/08\/cropped-longchang-logo.png","contentUrl":"https:\/\/longchangchemical.com\/wp-content\/uploads\/2020\/08\/cropped-longchang-logo.png","width":512,"height":512,"caption":"Longchang Chemical"},"image":{"@id":"https:\/\/longchangchemical.com\/#\/schema\/logo\/image\/"}}]}},"_links":{"self":[{"href":"https:\/\/longchangchemical.com\/tr\/wp-json\/wp\/v2\/product\/3643","targetHints":{"allow":["GET"]}}],"collection":[{"href":"https:\/\/longchangchemical.com\/tr\/wp-json\/wp\/v2\/product"}],"about":[{"href":"https:\/\/longchangchemical.com\/tr\/wp-json\/wp\/v2\/types\/product"}],"replies":[{"embeddable":true,"href":"https:\/\/longchangchemical.com\/tr\/wp-json\/wp\/v2\/comments?post=3643"}],"wp:featuredmedia":[{"embeddable":true,"href":"https:\/\/longchangchemical.com\/tr\/wp-json\/wp\/v2\/media\/4625"}],"wp:attachment":[{"href":"https:\/\/longchangchemical.com\/tr\/wp-json\/wp\/v2\/media?parent=3643"}],"wp:term":[{"taxonomy":"product_brand","embeddable":true,"href":"https:\/\/longchangchemical.com\/tr\/wp-json\/wp\/v2\/product_brand?post=3643"},{"taxonomy":"product_cat","embeddable":true,"href":"https:\/\/longchangchemical.com\/tr\/wp-json\/wp\/v2\/product_cat?post=3643"},{"taxonomy":"product_tag","embeddable":true,"href":"https:\/\/longchangchemical.com\/tr\/wp-json\/wp\/v2\/product_tag?post=3643"}],"curies":[{"name":"wp","href":"https:\/\/api.w.org\/{rel}","templated":true}]}}