{"id":3640,"date":"2021-05-19T08:06:14","date_gmt":"2021-05-19T08:06:14","guid":{"rendered":"https:\/\/longchangchemical.com\/?post_type=product&#038;p=3640"},"modified":"2026-05-08T02:59:37","modified_gmt":"2026-05-08T02:59:37","slug":"l-lactide-cas-4511-42-6","status":"publish","type":"product","link":"https:\/\/longchangchemical.com\/tr\/product\/l-lactide-cas-4511-42-6\/","title":{"rendered":"L-laktid CAS 4511-42-6"},"content":{"rendered":"<h2><strong>L-laktid CAS 4511-42-6<\/strong><\/h2>\n<table>\n<tbody>\n<tr>\n<td width=\"257\">\n<h4><strong>\u00d6\u011fe<\/strong><\/h4>\n<\/td>\n<td width=\"216\">\n<h4><strong>Teknik \u00d6zellikler<\/strong><\/h4>\n<\/td>\n<td width=\"227\">\n<h4><strong>Sonu\u00e7lar<\/strong><\/h4>\n<\/td>\n<\/tr>\n<tr>\n<td width=\"257\">\n<h4>Test (C<sub>12<\/sub>H<sub>8<\/sub>N<sub>2<\/sub>-H<sub>2<\/sub>O)<\/h4>\n<\/td>\n<td width=\"216\">\n<h4>\u226599.0%<\/h4>\n<\/td>\n<td width=\"227\">\n<h4>99.6%<\/h4>\n<\/td>\n<\/tr>\n<tr>\n<td width=\"257\">\n<h4>G\u00f6r\u00fcn\u00fc\u015f<\/h4>\n<\/td>\n<td width=\"216\">\n<h4>Beyaz ila a\u00e7\u0131k sar\u0131 s\u0131v\u0131<\/h4>\n<\/td>\n<td width=\"227\">\n<h4>Beyaz ila a\u00e7\u0131k sar\u0131 s\u0131v\u0131<\/h4>\n<\/td>\n<\/tr>\n<tr>\n<td width=\"257\">\n<h4>Sonu\u00e7<\/h4>\n<\/td>\n<td colspan=\"2\" width=\"443\">\n<h4>Sonu\u00e7lar kurumsal standartlarla uyumludur<\/h4>\n<\/td>\n<\/tr>\n<\/tbody>\n<\/table>\n<h2><strong>L-Laktid Kullan\u0131m\u0131<\/strong><\/h2>\n<h4>1. L-Lactide, \u00f6zellikle cerrahi diki\u015fler, di\u015f hekimli\u011fi, oftalmoloji, farmas\u00f6tik kontroll\u00fc sal\u0131m sistemleri, yapay deri, yapay kan damarlar\u0131, kemik ve yumu\u015fak doku defekti k\u0131smi dolgu maddeleri, biyoemilebilir stentler ve di\u011fer t\u0131bbi alanlarda kullan\u0131lan bir\u00e7ok kullan\u0131m alan\u0131na sahiptir.<\/h4>\n<h4>2. D\u00fc\u015f\u00fck konsantrasyonda harici uygulama cildin metabolizmas\u0131n\u0131 iyile\u015ftirebilir, keratinositlerin b\u00f6l\u00fcnmesini h\u0131zland\u0131rabilir ve biriken keratinositlerin d\u00fc\u015fmesini sa\u011flayabilir. Ayr\u0131ca keratinositlerin ve dermisin su i\u00e7eri\u011fini art\u0131rabilir, dermisteki mukopolisakkaritlerin, kolajen liflerin ve elastik liflerin say\u0131s\u0131n\u0131 art\u0131rabilir, dermisin kal\u0131nl\u0131\u011f\u0131n\u0131 art\u0131rabilir ve cilt dokusunu iyile\u015ftirmek i\u00e7in y\u00fczeysel k\u0131lcal damarlar\u0131 geni\u015fletebilir. Kuru cilt, ya\u015fl\u0131larda ka\u015f\u0131nt\u0131 vb. i\u00e7in kullan\u0131l\u0131r.<\/h4>\n<p>&nbsp;<\/p>\n<h2><strong>L-Lactide Paketleme ve Nakliye<\/strong><\/h2>\n<h4>Ambalaj: 1kg\/torba; 5kg\/torba veya talebe g\u00f6re<\/h4>\n<h4>Teslimat: \u00d6deme al\u0131nd\u0131ktan 10-15 g\u00fcn sonra.<\/h4>\n<p>&nbsp;<\/p>\n<h2><strong>L-Laktid Depolama<\/strong><\/h2>\n<h4>Buzdolab\u0131nda ve \u0131\u015f\u0131ktan koruyarak saklay\u0131n.<\/h4>\n<p>&nbsp;<\/p>\n<h2>L-Laktid'in Biyouyumlulu\u011fu<\/h2>\n<h4>L-Laktid, biyolojik olarak par\u00e7alanabilen \u00f6nemli bir polimer malzemedir. Toksik olmayan, tahri\u015f edici olmayan, biyolojik olarak par\u00e7alanabilir emilim, y\u00fcksek mukavemet, iyi plastisite ve kolay i\u015fleme ve \u015fekillendirme ile karakterizedir. Bozunma d\u00f6ng\u00fcs\u00fc 2-12 ayd\u0131r. Bozunma d\u00f6ng\u00fcs\u00fc, de\u011fi\u015ftiricilerin eklenmesine g\u00f6re de de\u011fi\u015ftirilebilir. PLLA organizmada enzimatik ayr\u0131\u015fmaya u\u011frar ve son olarak iyi biyouyumlulu\u011fa sahip karbondioksit ve su olu\u015fturur.<\/h4>\n<p>&nbsp;<\/p>\n<h2><strong>Ayn\u0131 seri \u00fcr\u00fcnler<\/strong><\/h2>\n<table style=\"border-collapse: collapse; width: 312.02pt;\" border=\"0\" width=\"416\" cellspacing=\"0\" cellpadding=\"0\">\n<tbody>\n<tr style=\"height: 40.50pt;\">\n<td class=\"et2\" style=\"height: 40.50pt; width: 201.75pt;\" width=\"269\" height=\"54\">\n<h4><a href=\"https:\/\/longchangchemical.com\/tr\/product\/d-lactide-cas-13076-17-0\/\"><span style=\"color: #0000ff;\">D-LAKT\u0130D<\/span><\/a><\/h4>\n<\/td>\n<td class=\"et2\" style=\"width: 110.25pt;\" width=\"147\">\n<h4>13076-17-0<\/h4>\n<\/td>\n<\/tr>\n<tr style=\"height: 40.50pt;\">\n<td class=\"et2\" style=\"height: 40.50pt; width: 201.75pt;\" width=\"269\" height=\"54\">\n<h4><span style=\"color: #000000;\">L-LAKT\u0130D<\/span><\/h4>\n<\/td>\n<td class=\"et2\" style=\"width: 110.25pt;\" width=\"147\">\n<h4>4511-42-6<\/h4>\n<\/td>\n<\/tr>\n<\/tbody>\n<\/table>\n<h2><\/h2>\n<h2><strong><b>\u015eimdi Bize Ula\u015f\u0131n!<\/b><\/strong><\/h2>\n<h4><strong><b>COA, MSDS veya TDS'ye ihtiyac\u0131n\u0131z varsa, a\u015fa\u011f\u0131daki formu doldurun, genellikle 24 saat i\u00e7inde sizinle ileti\u015fime ge\u00e7ece\u011fiz. Bana e-posta da g\u00f6nderebilirsiniz <span style=\"color: #0000ff;\"><a style=\"color: #0000ff;\" href=\"mailto:info@longchangchemical.com\">info@longchangchemical.com<\/a><\/span> \u00c7al\u0131\u015fma saatleri i\u00e7inde (8:30 - 6:00 UTC+8 Pzt.~Sat.) veya h\u0131zl\u0131 yan\u0131t almak i\u00e7in web sitesi canl\u0131 sohbetini kullan\u0131n.<\/b><\/strong><\/h4>","protected":false},"excerpt":{"rendered":"<h4>Kimyasal Ad\u0131: L-Laktid<\/h4>\n<h4>CAS No.:4511-42-6<\/h4>\n<h4>Molek\u00fcler Fom\u00fcl: C6H8O4<\/h4>\n<h4>Molek\u00fcl a\u011f\u0131rl\u0131\u011f\u0131:144.13<\/h4>\n<h4>Kimyasal Yap\u0131:<img decoding=\"async\" title=\"L-Laktid Yap\u0131s\u0131\" src=\"https:\/\/www.longchangchemical.com\/wp-content\/uploads\/product-details\/20200612162229.png\" alt=\"L-Laktid Yap\u0131s\u0131\" width=\"129\" height=\"77\" border=\"0\" vspace=\"0\" \/><\/h4>\n<h4>G\u00f6r\u00fcn\u00fcm:beyaz toz<\/h4>\n<h4>Tahlil: 99%<\/h4>","protected":false},"featured_media":4625,"comment_status":"open","ping_status":"closed","template":"","meta":[],"product_brand":[],"product_cat":[69],"product_tag":[],"class_list":{"0":"post-3640","1":"product","2":"type-product","3":"status-publish","4":"has-post-thumbnail","6":"product_cat-catalysts-chemical-auxiliary-agents","8":"first","9":"instock","10":"shipping-taxable","11":"product-type-simple"},"yoast_head":"<!-- This site is optimized with the Yoast SEO plugin v25.3.1 - https:\/\/yoast.com\/wordpress\/plugins\/seo\/ -->\n<title>China l-lactide Manufacturer \uff06 Supplier - Longchang chemical Co., Ltd.<\/title>\n<meta name=\"description\" content=\"Longchang Chemical is a leading manufacturer and supplier of l-lactide in China. Buy l-lactide in china. We can provide the best l-lactide price.\" \/>\n<meta name=\"robots\" content=\"index, follow, max-snippet:-1, max-image-preview:large, max-video-preview:-1\" \/>\n<link rel=\"canonical\" href=\"https:\/\/longchangchemical.com\/tr\/product\/l-lactide-cas-4511-42-6\/\" \/>\n<meta property=\"og:locale\" content=\"tr_TR\" \/>\n<meta property=\"og:type\" content=\"article\" \/>\n<meta property=\"og:title\" content=\"China l-lactide Manufacturer \uff06 Supplier - Longchang chemical Co., Ltd.\" \/>\n<meta property=\"og:description\" content=\"Longchang Chemical is a leading manufacturer and supplier of l-lactide in China. Buy l-lactide in china. We can provide the best l-lactide price.\" \/>\n<meta property=\"og:url\" content=\"https:\/\/longchangchemical.com\/tr\/product\/l-lactide-cas-4511-42-6\/\" \/>\n<meta property=\"og:site_name\" content=\"Longchang Chemical\" \/>\n<meta property=\"article:modified_time\" content=\"2026-05-08T02:59:37+00:00\" \/>\n<meta property=\"og:image\" content=\"https:\/\/longchangchemical.com\/wp-content\/uploads\/2021\/01\/Appearance-26.jpg\" \/>\n\t<meta property=\"og:image:width\" content=\"600\" \/>\n\t<meta property=\"og:image:height\" content=\"800\" \/>\n\t<meta property=\"og:image:type\" content=\"image\/jpeg\" \/>\n<meta name=\"twitter:card\" content=\"summary_large_image\" \/>\n<script type=\"application\/ld+json\" class=\"yoast-schema-graph\">{\"@context\":\"https:\/\/schema.org\",\"@graph\":[{\"@type\":\"WebPage\",\"@id\":\"https:\/\/longchangchemical.com\/product\/l-lactide-cas-4511-42-6\/\",\"url\":\"https:\/\/longchangchemical.com\/product\/l-lactide-cas-4511-42-6\/\",\"name\":\"China l-lactide Manufacturer \uff06 Supplier - Longchang chemical Co., Ltd.\",\"isPartOf\":{\"@id\":\"https:\/\/longchangchemical.com\/#website\"},\"primaryImageOfPage\":{\"@id\":\"https:\/\/longchangchemical.com\/product\/l-lactide-cas-4511-42-6\/#primaryimage\"},\"image\":{\"@id\":\"https:\/\/longchangchemical.com\/product\/l-lactide-cas-4511-42-6\/#primaryimage\"},\"thumbnailUrl\":\"https:\/\/longchangchemical.com\/wp-content\/uploads\/2021\/01\/Appearance-26.jpg\",\"datePublished\":\"2021-05-19T08:06:14+00:00\",\"dateModified\":\"2026-05-08T02:59:37+00:00\",\"description\":\"Longchang Chemical is a leading manufacturer and supplier of l-lactide in China. Buy l-lactide in china. We can provide the best l-lactide price.\",\"breadcrumb\":{\"@id\":\"https:\/\/longchangchemical.com\/product\/l-lactide-cas-4511-42-6\/#breadcrumb\"},\"inLanguage\":\"tr\",\"potentialAction\":[{\"@type\":\"ReadAction\",\"target\":[\"https:\/\/longchangchemical.com\/product\/l-lactide-cas-4511-42-6\/\"]}]},{\"@type\":\"ImageObject\",\"inLanguage\":\"tr\",\"@id\":\"https:\/\/longchangchemical.com\/product\/l-lactide-cas-4511-42-6\/#primaryimage\",\"url\":\"https:\/\/longchangchemical.com\/wp-content\/uploads\/2021\/01\/Appearance-26.jpg\",\"contentUrl\":\"https:\/\/longchangchemical.com\/wp-content\/uploads\/2021\/01\/Appearance-26.jpg\",\"width\":600,\"height\":800},{\"@type\":\"BreadcrumbList\",\"@id\":\"https:\/\/longchangchemical.com\/product\/l-lactide-cas-4511-42-6\/#breadcrumb\",\"itemListElement\":[{\"@type\":\"ListItem\",\"position\":1,\"name\":\"Home\",\"item\":\"https:\/\/longchangchemical.com\/\"},{\"@type\":\"ListItem\",\"position\":2,\"name\":\"Products Longchang\",\"item\":\"https:\/\/longchangchemical.com\/product\/\"},{\"@type\":\"ListItem\",\"position\":3,\"name\":\"L-lactide CAS 4511-42-6\"}]},{\"@type\":\"WebSite\",\"@id\":\"https:\/\/longchangchemical.com\/#website\",\"url\":\"https:\/\/longchangchemical.com\/\",\"name\":\"Longchang Chemical\",\"description\":\"China chemical manufacturer \uff06 supplier\",\"publisher\":{\"@id\":\"https:\/\/longchangchemical.com\/#organization\"},\"potentialAction\":[{\"@type\":\"SearchAction\",\"target\":{\"@type\":\"EntryPoint\",\"urlTemplate\":\"https:\/\/longchangchemical.com\/?s={search_term_string}\"},\"query-input\":{\"@type\":\"PropertyValueSpecification\",\"valueRequired\":true,\"valueName\":\"search_term_string\"}}],\"inLanguage\":\"tr\"},{\"@type\":\"Organization\",\"@id\":\"https:\/\/longchangchemical.com\/#organization\",\"name\":\"Longchang Chemical\",\"url\":\"https:\/\/longchangchemical.com\/\",\"logo\":{\"@type\":\"ImageObject\",\"inLanguage\":\"tr\",\"@id\":\"https:\/\/longchangchemical.com\/#\/schema\/logo\/image\/\",\"url\":\"https:\/\/longchangchemical.com\/wp-content\/uploads\/2020\/08\/cropped-longchang-logo.png\",\"contentUrl\":\"https:\/\/longchangchemical.com\/wp-content\/uploads\/2020\/08\/cropped-longchang-logo.png\",\"width\":512,\"height\":512,\"caption\":\"Longchang Chemical\"},\"image\":{\"@id\":\"https:\/\/longchangchemical.com\/#\/schema\/logo\/image\/\"}}]}<\/script>\n<!-- \/ Yoast SEO plugin. -->","yoast_head_json":{"title":"\u00c7in l-laktid \u00dcretici \uff06 Tedarik\u00e7i - Longchang chemical Co, Ltd.","description":"Longchang Chemical, \u00c7in'in \u00f6nde gelen l-laktid \u00fcreticisi ve tedarik\u00e7isidir. \u00c7in'de l-laktid sat\u0131n al\u0131n. En iyi l-laktid fiyat\u0131n\u0131 sa\u011flayabiliriz.","robots":{"index":"index","follow":"follow","max-snippet":"max-snippet:-1","max-image-preview":"max-image-preview:large","max-video-preview":"max-video-preview:-1"},"canonical":"https:\/\/longchangchemical.com\/tr\/product\/l-lactide-cas-4511-42-6\/","og_locale":"tr_TR","og_type":"article","og_title":"China l-lactide Manufacturer \uff06 Supplier - Longchang chemical Co., Ltd.","og_description":"Longchang Chemical is a leading manufacturer and supplier of l-lactide in China. Buy l-lactide in china. We can provide the best l-lactide price.","og_url":"https:\/\/longchangchemical.com\/tr\/product\/l-lactide-cas-4511-42-6\/","og_site_name":"Longchang Chemical","article_modified_time":"2026-05-08T02:59:37+00:00","og_image":[{"width":600,"height":800,"url":"https:\/\/longchangchemical.com\/wp-content\/uploads\/2021\/01\/Appearance-26.jpg","type":"image\/jpeg"}],"twitter_card":"summary_large_image","schema":{"@context":"https:\/\/schema.org","@graph":[{"@type":"WebPage","@id":"https:\/\/longchangchemical.com\/product\/l-lactide-cas-4511-42-6\/","url":"https:\/\/longchangchemical.com\/product\/l-lactide-cas-4511-42-6\/","name":"\u00c7in l-laktid \u00dcretici \uff06 Tedarik\u00e7i - Longchang chemical Co, Ltd.","isPartOf":{"@id":"https:\/\/longchangchemical.com\/#website"},"primaryImageOfPage":{"@id":"https:\/\/longchangchemical.com\/product\/l-lactide-cas-4511-42-6\/#primaryimage"},"image":{"@id":"https:\/\/longchangchemical.com\/product\/l-lactide-cas-4511-42-6\/#primaryimage"},"thumbnailUrl":"https:\/\/longchangchemical.com\/wp-content\/uploads\/2021\/01\/Appearance-26.jpg","datePublished":"2021-05-19T08:06:14+00:00","dateModified":"2026-05-08T02:59:37+00:00","description":"Longchang Chemical, \u00c7in'in \u00f6nde gelen l-laktid \u00fcreticisi ve tedarik\u00e7isidir. \u00c7in'de l-laktid sat\u0131n al\u0131n. En iyi l-laktid fiyat\u0131n\u0131 sa\u011flayabiliriz.","breadcrumb":{"@id":"https:\/\/longchangchemical.com\/product\/l-lactide-cas-4511-42-6\/#breadcrumb"},"inLanguage":"tr","potentialAction":[{"@type":"ReadAction","target":["https:\/\/longchangchemical.com\/product\/l-lactide-cas-4511-42-6\/"]}]},{"@type":"ImageObject","inLanguage":"tr","@id":"https:\/\/longchangchemical.com\/product\/l-lactide-cas-4511-42-6\/#primaryimage","url":"https:\/\/longchangchemical.com\/wp-content\/uploads\/2021\/01\/Appearance-26.jpg","contentUrl":"https:\/\/longchangchemical.com\/wp-content\/uploads\/2021\/01\/Appearance-26.jpg","width":600,"height":800},{"@type":"BreadcrumbList","@id":"https:\/\/longchangchemical.com\/product\/l-lactide-cas-4511-42-6\/#breadcrumb","itemListElement":[{"@type":"ListItem","position":1,"name":"Home","item":"https:\/\/longchangchemical.com\/"},{"@type":"ListItem","position":2,"name":"Products Longchang","item":"https:\/\/longchangchemical.com\/product\/"},{"@type":"ListItem","position":3,"name":"L-lactide CAS 4511-42-6"}]},{"@type":"WebSite","@id":"https:\/\/longchangchemical.com\/#website","url":"https:\/\/longchangchemical.com\/","name":"Longchang Kimya","description":"\u00c7in kimyasal \u00fcreticisi \uff06 tedarik\u00e7isi","publisher":{"@id":"https:\/\/longchangchemical.com\/#organization"},"potentialAction":[{"@type":"SearchAction","target":{"@type":"EntryPoint","urlTemplate":"https:\/\/longchangchemical.com\/?s={search_term_string}"},"query-input":{"@type":"PropertyValueSpecification","valueRequired":true,"valueName":"search_term_string"}}],"inLanguage":"tr"},{"@type":"Organization","@id":"https:\/\/longchangchemical.com\/#organization","name":"Longchang Kimya","url":"https:\/\/longchangchemical.com\/","logo":{"@type":"ImageObject","inLanguage":"tr","@id":"https:\/\/longchangchemical.com\/#\/schema\/logo\/image\/","url":"https:\/\/longchangchemical.com\/wp-content\/uploads\/2020\/08\/cropped-longchang-logo.png","contentUrl":"https:\/\/longchangchemical.com\/wp-content\/uploads\/2020\/08\/cropped-longchang-logo.png","width":512,"height":512,"caption":"Longchang Chemical"},"image":{"@id":"https:\/\/longchangchemical.com\/#\/schema\/logo\/image\/"}}]}},"_links":{"self":[{"href":"https:\/\/longchangchemical.com\/tr\/wp-json\/wp\/v2\/product\/3640","targetHints":{"allow":["GET"]}}],"collection":[{"href":"https:\/\/longchangchemical.com\/tr\/wp-json\/wp\/v2\/product"}],"about":[{"href":"https:\/\/longchangchemical.com\/tr\/wp-json\/wp\/v2\/types\/product"}],"replies":[{"embeddable":true,"href":"https:\/\/longchangchemical.com\/tr\/wp-json\/wp\/v2\/comments?post=3640"}],"wp:featuredmedia":[{"embeddable":true,"href":"https:\/\/longchangchemical.com\/tr\/wp-json\/wp\/v2\/media\/4625"}],"wp:attachment":[{"href":"https:\/\/longchangchemical.com\/tr\/wp-json\/wp\/v2\/media?parent=3640"}],"wp:term":[{"taxonomy":"product_brand","embeddable":true,"href":"https:\/\/longchangchemical.com\/tr\/wp-json\/wp\/v2\/product_brand?post=3640"},{"taxonomy":"product_cat","embeddable":true,"href":"https:\/\/longchangchemical.com\/tr\/wp-json\/wp\/v2\/product_cat?post=3640"},{"taxonomy":"product_tag","embeddable":true,"href":"https:\/\/longchangchemical.com\/tr\/wp-json\/wp\/v2\/product_tag?post=3640"}],"curies":[{"name":"wp","href":"https:\/\/api.w.org\/{rel}","templated":true}]}}