{"id":3623,"date":"2021-04-24T06:06:16","date_gmt":"2021-04-24T06:06:16","guid":{"rendered":"https:\/\/longchangchemical.com\/?post_type=product&#038;p=3623"},"modified":"2025-12-22T09:18:58","modified_gmt":"2025-12-22T09:18:58","slug":"cas-21679-31-2","status":"publish","type":"product","link":"https:\/\/longchangchemical.com\/tr\/product\/cas-21679-31-2\/","title":{"rendered":"Krom (iii) asetilasetonat CAS 21679-31-2"},"content":{"rendered":"<h1><strong>Krom (iii) asetilasetonat CAS 21679-31-2<\/strong><\/h1>\n<table class=\"table-1\" cellspacing=\"0\">\n<tbody>\n<tr>\n<td>\n<h4>G\u00f6r\u00fcn\u00fc\u015f<\/h4>\n<\/td>\n<td>\n<h4>\u0130yi ak\u0131\u015fkanl\u0131\u011fa sahip toz<\/h4>\n<\/td>\n<\/tr>\n<tr>\n<td>\n<h4>G\u00f6r\u00fcn\u00fc\u015f<\/h4>\n<\/td>\n<td>\n<h4>Koyu mor k\u0131rm\u0131z\u0131 kristal toz<\/h4>\n<\/td>\n<\/tr>\n<tr>\n<td>\n<h4>Test%<\/h4>\n<\/td>\n<td>\n<h4>\u226598.0<\/h4>\n<\/td>\n<\/tr>\n<tr>\n<td>\n<h4>Cr,%<\/h4>\n<\/td>\n<td>\n<h4>\u226514.7<\/h4>\n<\/td>\n<\/tr>\n<tr>\n<td>\n<h4>Erime Noktas\u0131<\/h4>\n<\/td>\n<td>\n<h4>212\u2103<\/h4>\n<\/td>\n<\/tr>\n<\/tbody>\n<\/table>\n<p>&nbsp;<\/p>\n<h2>Krom(III) asetilasetonat nedir?<\/h2>\n<h4>\u00d6nemli bir kimyasal ara \u00fcr\u00fcn olan krom asetilasetonat, benzersiz fiziksel ve kimyasal \u00f6zelliklere sahiptir. Mor kristal bir tozdur, suda \u00e7\u00f6z\u00fcnmez, toluen ve asetik asitte \u00e7\u00f6z\u00fcn\u00fcr.<\/h4>\n<p>&nbsp;<\/p>\n<h2><strong>Krom(III) asetilasetonat Kullan\u0131m\u0131<\/strong><\/h2>\n<h4>1. Krom (III) asetilasetonat organik sentez kataliz\u00f6r\u00fc olarak kullan\u0131labilir, \u00f6rne\u011fin metakrilat\u0131 oksitlemek veya kat\u0131 poli\u00fcretan\u0131n y\u00fczey \u00f6zelliklerini de\u011fi\u015ftirmek i\u00e7in kullan\u0131labilir.<\/h4>\n<h4>2. Krom (III) asetilasetonat, re\u00e7ine \u00e7apraz ba\u011flama maddesi ve k\u00fcrleme maddesi, krom, krom oksit ve krom nitr\u00fcr filmi haz\u0131rlamak i\u00e7in kimyasal biriktirme, d\u00fc\u015f\u00fck karbonlu olefin polimerizasyon kataliz\u00f6r\u00fc, kimyasal adsorban vb. olarak kullan\u0131labilir.<\/h4>\n<h4>3. Ayr\u0131ca, fonksiyonel malzemelerin sentezine ve modifikasyonuna, nano tozlar\u0131n haz\u0131rlanmas\u0131na ve t\u0131bbi g\u0131da unsurlar\u0131 i\u00e7in bir takviye olarak kat\u0131ld\u0131\u011f\u0131 da g\u00f6r\u00fclebilir.<\/h4>\n<p>&nbsp;<\/p>\n<h2><strong>Krom(III) asetilasetonat Paketleme ve Nakliye<\/strong><\/h2>\n<h4>Ambalaj: 1KG\/\u015fi\u015fe; 25KG\/DRUM<\/h4>\n<p>&nbsp;<\/p>\n<h2><strong>Ayn\u0131 seri \u00fcr\u00fcnler<\/strong><\/h2>\n<table style=\"border-collapse: collapse; width: 312.02pt;\" border=\"0\" width=\"416\" cellspacing=\"0\" cellpadding=\"0\">\n<tbody>\n<tr style=\"height: 67.50pt;\">\n<td class=\"et3\" style=\"height: 67.50pt; width: 201.75pt;\" width=\"269\" height=\"90\">\n<h4>Krom(III) asetilasetonat<\/h4>\n<\/td>\n<td class=\"et3\" style=\"width: 110.25pt;\" width=\"147\">\n<h4>21679-31-2<\/h4>\n<\/td>\n<\/tr>\n<tr style=\"height: 40.50pt;\">\n<td class=\"et4\" style=\"height: 40.50pt; width: 201.75pt;\" width=\"269\" height=\"54\">\n<h4><a href=\"https:\/\/longchangchemical.com\/tr\/product\/ferric-acetylacetonate\/\"><span style=\"color: #0000ff;\">Ferrik asetilasetonat<\/span><\/a><\/h4>\n<\/td>\n<td class=\"et4\" style=\"width: 110.25pt;\" width=\"147\">\n<h4>14024-18-1<\/h4>\n<\/td>\n<\/tr>\n<\/tbody>\n<\/table>\n<h2><\/h2>\n<h2><strong>Krom(III) asetilasetonat Depolama<\/strong><\/h2>\n<h4>Kab\u0131 kuru ve iyi havaland\u0131r\u0131lan bir yerde s\u0131k\u0131ca kapal\u0131 tutun.<\/h4>\n<h4>Serin bir yerde saklay\u0131n.<\/h4>\n<p>&nbsp;<\/p>\n<h2><strong><b>\u015eimdi Bize Ula\u015f\u0131n!<\/b><\/strong><\/h2>\n<h4><strong><b>\u00d6zelle\u015ftirilmi\u015f hizmetler sunuyoruz, genellikle 24 saat i\u00e7inde sizinle ileti\u015fime ge\u00e7ece\u011fiz. Ayr\u0131ca mesai saatleri i\u00e7inde (8:30 - 6:00 UTC+8 Pzt.~Sat.) info@longchangchemical.com adresine e-posta g\u00f6nderebilir veya h\u0131zl\u0131 yan\u0131t almak i\u00e7in web sitesi canl\u0131 sohbetini kullanabilirsiniz.<\/b><\/strong><\/h4>\n<p>&nbsp;<\/p>","protected":false},"excerpt":{"rendered":"<h4>Kimyasal Ad\u0131: Krom (III) asetilasetonat<\/h4>\n<h4>CAS No: 21679-31-2<\/h4>\n<h4>Molek\u00fcler Form\u00fcl: C15H21CrO6<\/h4>\n<h4>Molek\u00fcler A\u011f\u0131rl\u0131k: 349,32<\/h4>\n<h4>Molek\u00fcler Yap\u0131:<img decoding=\"async\" title=\"Krom(III) asetilasetonat Yap\u0131s\u0131\" src=\"https:\/\/www.longchangchemical.com\/wp-content\/uploads\/product-details\/20200610056003.png\" alt=\"Krom(III) asetilasetonat Yap\u0131s\u0131\" width=\"138\" height=\"122\" border=\"0\" vspace=\"0\" \/><\/h4>\n<h4>G\u00f6r\u00fcn\u00fcm:Koyu mor k\u0131rm\u0131z\u0131 kristal toz<\/h4>","protected":false},"featured_media":4538,"comment_status":"open","ping_status":"closed","template":"","meta":[],"product_brand":[],"product_cat":[69],"product_tag":[],"class_list":{"0":"post-3623","1":"product","2":"type-product","3":"status-publish","4":"has-post-thumbnail","6":"product_cat-catalysts-chemical-auxiliary-agents","8":"first","9":"instock","10":"shipping-taxable","11":"product-type-simple"},"yoast_head":"<!-- This site is optimized with the Yoast SEO plugin v25.3.1 - https:\/\/yoast.com\/wordpress\/plugins\/seo\/ -->\n<title>China Chromium(III) acetylacetonate Manufacturer \uff06 Supplier - Longchang chemical Co., Ltd.<\/title>\n<meta name=\"description\" content=\"Longchang Chemical is a leading manufacturer and supplier of Chromium(III) acetylacetonate in China. Buy Chromium(III) acetylacetonate in china. We can provide the best Chromium(III) acetylacetonate price.\" \/>\n<meta name=\"robots\" content=\"index, follow, max-snippet:-1, max-image-preview:large, max-video-preview:-1\" \/>\n<link rel=\"canonical\" href=\"https:\/\/longchangchemical.com\/tr\/product\/cas-21679-31-2\/\" \/>\n<meta property=\"og:locale\" content=\"tr_TR\" \/>\n<meta property=\"og:type\" content=\"article\" \/>\n<meta property=\"og:title\" content=\"China Chromium(III) acetylacetonate Manufacturer \uff06 Supplier - Longchang chemical Co., Ltd.\" \/>\n<meta property=\"og:description\" content=\"Longchang Chemical is a leading manufacturer and supplier of Chromium(III) acetylacetonate in China. Buy Chromium(III) acetylacetonate in china. We can provide the best Chromium(III) acetylacetonate price.\" \/>\n<meta property=\"og:url\" content=\"https:\/\/longchangchemical.com\/tr\/product\/cas-21679-31-2\/\" \/>\n<meta property=\"og:site_name\" content=\"Longchang Chemical\" \/>\n<meta property=\"article:modified_time\" content=\"2025-12-22T09:18:58+00:00\" \/>\n<meta property=\"og:image\" content=\"https:\/\/longchangchemical.com\/wp-content\/uploads\/2021\/01\/ChromiumIII-acetylacetonate-Appearance.jpg\" \/>\n\t<meta property=\"og:image:width\" content=\"600\" \/>\n\t<meta property=\"og:image:height\" content=\"800\" \/>\n\t<meta property=\"og:image:type\" content=\"image\/jpeg\" \/>\n<meta name=\"twitter:card\" content=\"summary_large_image\" \/>\n<script type=\"application\/ld+json\" class=\"yoast-schema-graph\">{\"@context\":\"https:\/\/schema.org\",\"@graph\":[{\"@type\":\"WebPage\",\"@id\":\"https:\/\/longchangchemical.com\/product\/cas-21679-31-2\/\",\"url\":\"https:\/\/longchangchemical.com\/product\/cas-21679-31-2\/\",\"name\":\"China Chromium(III) acetylacetonate Manufacturer \uff06 Supplier - Longchang chemical Co., Ltd.\",\"isPartOf\":{\"@id\":\"https:\/\/longchangchemical.com\/#website\"},\"primaryImageOfPage\":{\"@id\":\"https:\/\/longchangchemical.com\/product\/cas-21679-31-2\/#primaryimage\"},\"image\":{\"@id\":\"https:\/\/longchangchemical.com\/product\/cas-21679-31-2\/#primaryimage\"},\"thumbnailUrl\":\"https:\/\/longchangchemical.com\/wp-content\/uploads\/2021\/01\/ChromiumIII-acetylacetonate-Appearance.jpg\",\"datePublished\":\"2021-04-24T06:06:16+00:00\",\"dateModified\":\"2025-12-22T09:18:58+00:00\",\"description\":\"Longchang Chemical is a leading manufacturer and supplier of Chromium(III) acetylacetonate in China. Buy Chromium(III) acetylacetonate in china. We can provide the best Chromium(III) acetylacetonate price.\",\"breadcrumb\":{\"@id\":\"https:\/\/longchangchemical.com\/product\/cas-21679-31-2\/#breadcrumb\"},\"inLanguage\":\"tr\",\"potentialAction\":[{\"@type\":\"ReadAction\",\"target\":[\"https:\/\/longchangchemical.com\/product\/cas-21679-31-2\/\"]}]},{\"@type\":\"ImageObject\",\"inLanguage\":\"tr\",\"@id\":\"https:\/\/longchangchemical.com\/product\/cas-21679-31-2\/#primaryimage\",\"url\":\"https:\/\/longchangchemical.com\/wp-content\/uploads\/2021\/01\/ChromiumIII-acetylacetonate-Appearance.jpg\",\"contentUrl\":\"https:\/\/longchangchemical.com\/wp-content\/uploads\/2021\/01\/ChromiumIII-acetylacetonate-Appearance.jpg\",\"width\":600,\"height\":800},{\"@type\":\"BreadcrumbList\",\"@id\":\"https:\/\/longchangchemical.com\/product\/cas-21679-31-2\/#breadcrumb\",\"itemListElement\":[{\"@type\":\"ListItem\",\"position\":1,\"name\":\"Home\",\"item\":\"https:\/\/longchangchemical.com\/\"},{\"@type\":\"ListItem\",\"position\":2,\"name\":\"Products Longchang\",\"item\":\"https:\/\/longchangchemical.com\/product\/\"},{\"@type\":\"ListItem\",\"position\":3,\"name\":\"Chromium(iii) acetylacetonate CAS 21679-31-2\"}]},{\"@type\":\"WebSite\",\"@id\":\"https:\/\/longchangchemical.com\/#website\",\"url\":\"https:\/\/longchangchemical.com\/\",\"name\":\"Longchang Chemical\",\"description\":\"China chemical manufacturer \uff06 supplier\",\"publisher\":{\"@id\":\"https:\/\/longchangchemical.com\/#organization\"},\"potentialAction\":[{\"@type\":\"SearchAction\",\"target\":{\"@type\":\"EntryPoint\",\"urlTemplate\":\"https:\/\/longchangchemical.com\/?s={search_term_string}\"},\"query-input\":{\"@type\":\"PropertyValueSpecification\",\"valueRequired\":true,\"valueName\":\"search_term_string\"}}],\"inLanguage\":\"tr\"},{\"@type\":\"Organization\",\"@id\":\"https:\/\/longchangchemical.com\/#organization\",\"name\":\"Longchang Chemical\",\"url\":\"https:\/\/longchangchemical.com\/\",\"logo\":{\"@type\":\"ImageObject\",\"inLanguage\":\"tr\",\"@id\":\"https:\/\/longchangchemical.com\/#\/schema\/logo\/image\/\",\"url\":\"https:\/\/longchangchemical.com\/wp-content\/uploads\/2020\/08\/cropped-longchang-logo.png\",\"contentUrl\":\"https:\/\/longchangchemical.com\/wp-content\/uploads\/2020\/08\/cropped-longchang-logo.png\",\"width\":512,\"height\":512,\"caption\":\"Longchang Chemical\"},\"image\":{\"@id\":\"https:\/\/longchangchemical.com\/#\/schema\/logo\/image\/\"}}]}<\/script>\n<!-- \/ Yoast SEO plugin. -->","yoast_head_json":{"title":"\u00c7in Krom (III) asetilasetonat \u00dcretici \uff06 Tedarik\u00e7i - Longchang chemical Co, Ltd.","description":"Longchang Chemical, \u00c7in'in \u00f6nde gelen Krom (III) asetilasetonat \u00fcreticisi ve tedarik\u00e7isidir. \u00c7in'de Krom (III) asetilasetonat sat\u0131n al\u0131n. En iyi Krom (III) asetilasetonat fiyat\u0131n\u0131 sa\u011flayabiliriz.","robots":{"index":"index","follow":"follow","max-snippet":"max-snippet:-1","max-image-preview":"max-image-preview:large","max-video-preview":"max-video-preview:-1"},"canonical":"https:\/\/longchangchemical.com\/tr\/product\/cas-21679-31-2\/","og_locale":"tr_TR","og_type":"article","og_title":"China Chromium(III) acetylacetonate Manufacturer \uff06 Supplier - Longchang chemical Co., Ltd.","og_description":"Longchang Chemical is a leading manufacturer and supplier of Chromium(III) acetylacetonate in China. Buy Chromium(III) acetylacetonate in china. We can provide the best Chromium(III) acetylacetonate price.","og_url":"https:\/\/longchangchemical.com\/tr\/product\/cas-21679-31-2\/","og_site_name":"Longchang Chemical","article_modified_time":"2025-12-22T09:18:58+00:00","og_image":[{"width":600,"height":800,"url":"https:\/\/longchangchemical.com\/wp-content\/uploads\/2021\/01\/ChromiumIII-acetylacetonate-Appearance.jpg","type":"image\/jpeg"}],"twitter_card":"summary_large_image","schema":{"@context":"https:\/\/schema.org","@graph":[{"@type":"WebPage","@id":"https:\/\/longchangchemical.com\/product\/cas-21679-31-2\/","url":"https:\/\/longchangchemical.com\/product\/cas-21679-31-2\/","name":"\u00c7in Krom (III) asetilasetonat \u00dcretici \uff06 Tedarik\u00e7i - Longchang chemical Co, Ltd.","isPartOf":{"@id":"https:\/\/longchangchemical.com\/#website"},"primaryImageOfPage":{"@id":"https:\/\/longchangchemical.com\/product\/cas-21679-31-2\/#primaryimage"},"image":{"@id":"https:\/\/longchangchemical.com\/product\/cas-21679-31-2\/#primaryimage"},"thumbnailUrl":"https:\/\/longchangchemical.com\/wp-content\/uploads\/2021\/01\/ChromiumIII-acetylacetonate-Appearance.jpg","datePublished":"2021-04-24T06:06:16+00:00","dateModified":"2025-12-22T09:18:58+00:00","description":"Longchang Chemical, \u00c7in'in \u00f6nde gelen Krom (III) asetilasetonat \u00fcreticisi ve tedarik\u00e7isidir. \u00c7in'de Krom (III) asetilasetonat sat\u0131n al\u0131n. En iyi Krom (III) asetilasetonat fiyat\u0131n\u0131 sa\u011flayabiliriz.","breadcrumb":{"@id":"https:\/\/longchangchemical.com\/product\/cas-21679-31-2\/#breadcrumb"},"inLanguage":"tr","potentialAction":[{"@type":"ReadAction","target":["https:\/\/longchangchemical.com\/product\/cas-21679-31-2\/"]}]},{"@type":"ImageObject","inLanguage":"tr","@id":"https:\/\/longchangchemical.com\/product\/cas-21679-31-2\/#primaryimage","url":"https:\/\/longchangchemical.com\/wp-content\/uploads\/2021\/01\/ChromiumIII-acetylacetonate-Appearance.jpg","contentUrl":"https:\/\/longchangchemical.com\/wp-content\/uploads\/2021\/01\/ChromiumIII-acetylacetonate-Appearance.jpg","width":600,"height":800},{"@type":"BreadcrumbList","@id":"https:\/\/longchangchemical.com\/product\/cas-21679-31-2\/#breadcrumb","itemListElement":[{"@type":"ListItem","position":1,"name":"Home","item":"https:\/\/longchangchemical.com\/"},{"@type":"ListItem","position":2,"name":"Products Longchang","item":"https:\/\/longchangchemical.com\/product\/"},{"@type":"ListItem","position":3,"name":"Chromium(iii) acetylacetonate CAS 21679-31-2"}]},{"@type":"WebSite","@id":"https:\/\/longchangchemical.com\/#website","url":"https:\/\/longchangchemical.com\/","name":"Longchang Kimya","description":"\u00c7in kimyasal \u00fcreticisi \uff06 tedarik\u00e7isi","publisher":{"@id":"https:\/\/longchangchemical.com\/#organization"},"potentialAction":[{"@type":"SearchAction","target":{"@type":"EntryPoint","urlTemplate":"https:\/\/longchangchemical.com\/?s={search_term_string}"},"query-input":{"@type":"PropertyValueSpecification","valueRequired":true,"valueName":"search_term_string"}}],"inLanguage":"tr"},{"@type":"Organization","@id":"https:\/\/longchangchemical.com\/#organization","name":"Longchang Kimya","url":"https:\/\/longchangchemical.com\/","logo":{"@type":"ImageObject","inLanguage":"tr","@id":"https:\/\/longchangchemical.com\/#\/schema\/logo\/image\/","url":"https:\/\/longchangchemical.com\/wp-content\/uploads\/2020\/08\/cropped-longchang-logo.png","contentUrl":"https:\/\/longchangchemical.com\/wp-content\/uploads\/2020\/08\/cropped-longchang-logo.png","width":512,"height":512,"caption":"Longchang Chemical"},"image":{"@id":"https:\/\/longchangchemical.com\/#\/schema\/logo\/image\/"}}]}},"_links":{"self":[{"href":"https:\/\/longchangchemical.com\/tr\/wp-json\/wp\/v2\/product\/3623","targetHints":{"allow":["GET"]}}],"collection":[{"href":"https:\/\/longchangchemical.com\/tr\/wp-json\/wp\/v2\/product"}],"about":[{"href":"https:\/\/longchangchemical.com\/tr\/wp-json\/wp\/v2\/types\/product"}],"replies":[{"embeddable":true,"href":"https:\/\/longchangchemical.com\/tr\/wp-json\/wp\/v2\/comments?post=3623"}],"wp:featuredmedia":[{"embeddable":true,"href":"https:\/\/longchangchemical.com\/tr\/wp-json\/wp\/v2\/media\/4538"}],"wp:attachment":[{"href":"https:\/\/longchangchemical.com\/tr\/wp-json\/wp\/v2\/media?parent=3623"}],"wp:term":[{"taxonomy":"product_brand","embeddable":true,"href":"https:\/\/longchangchemical.com\/tr\/wp-json\/wp\/v2\/product_brand?post=3623"},{"taxonomy":"product_cat","embeddable":true,"href":"https:\/\/longchangchemical.com\/tr\/wp-json\/wp\/v2\/product_cat?post=3623"},{"taxonomy":"product_tag","embeddable":true,"href":"https:\/\/longchangchemical.com\/tr\/wp-json\/wp\/v2\/product_tag?post=3623"}],"curies":[{"name":"wp","href":"https:\/\/api.w.org\/{rel}","templated":true}]}}