{"id":3589,"date":"2021-05-13T07:44:05","date_gmt":"2021-05-13T07:44:05","guid":{"rendered":"https:\/\/longchangchemical.com\/?post_type=product&#038;p=3589"},"modified":"2026-05-08T02:59:36","modified_gmt":"2026-05-08T02:59:36","slug":"dl-mandelic-acid-cas-90-64-2","status":"publish","type":"product","link":"https:\/\/longchangchemical.com\/tr\/product\/dl-mandelic-acid-cas-90-64-2\/","title":{"rendered":"DL-Mandelik asit CAS 90-64-2"},"content":{"rendered":"<h2><strong>DL-Mandelik asit CAS 90-64-2<\/strong><\/h2>\n<table>\n<tbody>\n<tr>\n<td width=\"257\">\n<h4><strong>\u00d6\u011fe<\/strong><\/h4>\n<\/td>\n<td width=\"216\">\n<h4><strong>Teknik \u00d6zellikler<\/strong><\/h4>\n<\/td>\n<td width=\"227\">\n<h4><strong>Sonu\u00e7lar<\/strong><\/h4>\n<\/td>\n<\/tr>\n<tr>\n<td width=\"257\">\n<h4>G\u00f6r\u00fcn\u00fc\u015f<\/h4>\n<\/td>\n<td width=\"216\">\n<h4>Beyaz kristal<\/h4>\n<\/td>\n<td width=\"227\">\n<h4>Beyaz kristal<\/h4>\n<\/td>\n<\/tr>\n<tr>\n<td width=\"257\">\n<h4>\u00c7\u00f6z\u00fcn\u00fcrl\u00fck<\/h4>\n<\/td>\n<td width=\"216\">\n<h4>Su ve eterde \u00e7\u00f6z\u00fcn\u00fcr<\/h4>\n<\/td>\n<td width=\"227\">\n<h4>Su ve eterde \u00e7\u00f6z\u00fcn\u00fcr<\/h4>\n<\/td>\n<\/tr>\n<tr>\n<td width=\"257\">\n<h4>Siyan\u00fcr<\/h4>\n<\/td>\n<td width=\"216\">\n<h4>Yok olmal\u0131<\/h4>\n<\/td>\n<td width=\"227\">\n<h4>Tespit edilmedi<\/h4>\n<\/td>\n<\/tr>\n<tr>\n<td width=\"257\">\n<h4>Test (Benzen)<\/h4>\n<\/td>\n<td width=\"216\">\n<h4>Maksimum 50 ppm<\/h4>\n<\/td>\n<td width=\"227\">\n<h4>Tespit edilmedi<\/h4>\n<\/td>\n<\/tr>\n<tr>\n<td width=\"257\">\n<h4>Tahlil (kuru bazda)<\/h4>\n<\/td>\n<td width=\"216\">\n<h4>99% min<\/h4>\n<\/td>\n<td width=\"227\">\n<h4>99.86%<\/h4>\n<\/td>\n<\/tr>\n<tr>\n<td width=\"257\">\n<h4>Erime noktas\u0131<\/h4>\n<\/td>\n<td width=\"216\">\n<h4>117\u2103~121\u2103<\/h4>\n<\/td>\n<td width=\"227\">\n<h4>118.6\u2103~119.2\u2103<\/h4>\n<\/td>\n<\/tr>\n<tr>\n<td width=\"257\">\n<h4>[a]<sub>D<\/sub><sup>20<\/sup><\/h4>\n<\/td>\n<td width=\"216\">\n<h4>\u00b10.25\u00b0<\/h4>\n<\/td>\n<td width=\"227\">\n<h4>0\u00b0<\/h4>\n<\/td>\n<\/tr>\n<tr>\n<td width=\"257\">\n<h4>Ge\u00e7irgenlik<\/h4>\n<h4>(10% w\/v su)<\/h4>\n<\/td>\n<td width=\"216\">\n<h4>90%'den az olmamal\u0131d\u0131r<\/h4>\n<\/td>\n<td width=\"227\">\n<h4>97.1%<\/h4>\n<\/td>\n<\/tr>\n<tr>\n<td width=\"257\">\n<h4>Ate\u015fleme \u00fczerinde kal\u0131nt\u0131<\/h4>\n<\/td>\n<td width=\"216\">\n<h4>0,5% maks.<\/h4>\n<\/td>\n<td width=\"227\">\n<h4>0.02%<\/h4>\n<\/td>\n<\/tr>\n<tr>\n<td width=\"257\">\n<h4>Bulan\u0131kl\u0131k<\/h4>\n<\/td>\n<td width=\"216\">\n<h4>\uff1c 20NTU<\/h4>\n<\/td>\n<td width=\"227\">\n<h4>11.31NTU<\/h4>\n<\/td>\n<\/tr>\n<tr>\n<td width=\"257\">\n<h4>Nem<\/h4>\n<\/td>\n<td width=\"216\">\n<h4>0,5% maks.<\/h4>\n<\/td>\n<td width=\"227\">\n<h4>0.07%<\/h4>\n<\/td>\n<\/tr>\n<tr>\n<td width=\"257\">\n<h4>Sonu\u00e7<\/h4>\n<\/td>\n<td colspan=\"2\" width=\"443\">\n<h4>Sonu\u00e7lar kurumsal standartlarla uyumludur<\/h4>\n<\/td>\n<\/tr>\n<\/tbody>\n<\/table>\n<h2><strong>DL-Mandelik asit Kullan\u0131m\u0131<\/strong><\/h2>\n<h4>1. DL-Mandelik asit, lipofilikli\u011fe sahip bir t\u00fcr alfa hidroksi asit meyve asididir. Yayg\u0131n meyve asidi-glikolik asit ile kar\u015f\u0131la\u015ft\u0131r\u0131ld\u0131\u011f\u0131nda, mandelik asit belirli antibakteriyel yetene\u011fe sahiptir. Ayn\u0131 zamanda, yayg\u0131n glikolik asit ve laktik asit ile kar\u015f\u0131la\u015ft\u0131r\u0131ld\u0131\u011f\u0131nda, mandelik asidin penetrasyon h\u0131z\u0131 daha yava\u015f olabilir, bu da tahri\u015fin glikolik asitten daha az oldu\u011fu anlam\u0131na gelir. Ya\u011fda \u00e7\u00f6z\u00fcn\u00fcrl\u00fc\u011f\u00fc artar ve stratum corneum permeasyon yetene\u011fi geli\u015fir.<\/h4>\n<h4>2. Bu nedenle, kozmetik end\u00fcstrisinde DL-Mandelik asit, g\u00f6zeneklerdeki ya\u011f\u0131 tarama ve sivilceleri giderme i\u015flevine de sahiptir. Glikolik asit ve laktik asit gibi mandelik asit de belirli bir beyazlatma etkisine sahiptir.<\/h4>\n<h4>3. DL-Mandelik asit i\u00e7erikleri kuru ciltler, s\u0131k\u0131 ciltler, pigmentsiz ciltler, k\u0131r\u0131\u015f\u0131k ciltler, toleransl\u0131 ciltler, pigmentli ciltler, ya\u011fl\u0131 ciltler, bu 7 cilt tipi i\u00e7in uygundur.<\/h4>\n<p>&nbsp;<\/p>\n<h2><strong>DL-Mandelik asit <\/strong><strong>Paketleme ve Nakliye<\/strong><\/h2>\n<h4>1kg\/\u015fi\u015fe; bidon ba\u015f\u0131na 25kgs.<\/h4>\n<p>&nbsp;<\/p>\n<h2><strong>DL-Mandelik asit Depolama<\/strong><\/h2>\n<h4>Uzun s\u00fcre \u0131\u015f\u0131\u011fa maruz kald\u0131\u011f\u0131nda rengi bozulur ve ayr\u0131\u015f\u0131r. I\u015f\u0131\u011fa kar\u015f\u0131 hassas ve turnusol i\u00e7in asidiktir, bu nedenle so\u011fuk hava depolar\u0131nda \u0131\u015f\u0131ktan uzakta saklanmal\u0131d\u0131r.<\/h4>\n<h2><strong>Ayn\u0131 seri \u00fcr\u00fcnler<\/strong><\/h2>\n<table style=\"border-collapse: collapse; width: 312.02pt;\" border=\"0\" width=\"416\" cellspacing=\"0\" cellpadding=\"0\">\n<tbody>\n<tr style=\"height: 54.00pt;\">\n<td class=\"et3\" style=\"height: 54.00pt; width: 201.75pt;\" width=\"269\" height=\"72\">\n<h4>DL-Mandelik asit<\/h4>\n<\/td>\n<td class=\"et3\" style=\"width: 110.25pt;\" width=\"147\">\n<h4>90-64-2<\/h4>\n<\/td>\n<\/tr>\n<tr style=\"height: 54.00pt;\">\n<td class=\"et4\" style=\"height: 54.00pt; width: 201.75pt;\" width=\"269\" height=\"72\">\n<h4><a href=\"https:\/\/longchangchemical.com\/tr\/product\/d-mandelic-acid-cas-611-71-2\/\"><span style=\"color: #0000ff;\">D-Mandelik asit<\/span><\/a><\/h4>\n<\/td>\n<td class=\"et4\" style=\"width: 110.25pt;\" width=\"147\">\n<h4>611-71-2<\/h4>\n<\/td>\n<\/tr>\n<tr style=\"height: 40.50pt;\">\n<td class=\"et5\" style=\"height: 40.50pt; width: 201.75pt;\" width=\"269\" height=\"54\">\n<h4><a href=\"https:\/\/longchangchemical.com\/tr\/product\/l-mandelic-acid-cas-17199-29-0\/\"><span style=\"color: #0000ff;\">L-mandelik asit<\/span><\/a><\/h4>\n<\/td>\n<td class=\"et5\" style=\"width: 110.25pt;\" width=\"147\">\n<h4>17199-29-0<\/h4>\n<\/td>\n<\/tr>\n<\/tbody>\n<\/table>\n<h2><strong><b>\u015eimdi Bize Ula\u015f\u0131n!<\/b><\/strong><\/h2>\n<h4><strong><b>COA, MSDS veya TDS'ye ihtiyac\u0131n\u0131z varsa, a\u015fa\u011f\u0131daki formu doldurun, genellikle 24 saat i\u00e7inde sizinle ileti\u015fime ge\u00e7ece\u011fiz. Bana e-posta da g\u00f6nderebilirsiniz <a href=\"mailto:info@longchangchemical.com\">info@longchangchemical.com<\/a> \u00c7al\u0131\u015fma saatleri i\u00e7inde (8:30 - 6:00 UTC+8 Pzt.~Sat.) veya h\u0131zl\u0131 yan\u0131t almak i\u00e7in web sitesi canl\u0131 sohbetini kullan\u0131n.<\/b><\/strong><\/h4>","protected":false},"excerpt":{"rendered":"<h4>Kimyasal Ad\u0131: DL-Mandelik asit<\/h4>\n<h4>CAS No: 90-64-2<\/h4>\n<h4>Molek\u00fcler Fom\u00fcl: C8H8O3<\/h4>\n<h4>Kimyasal Yap\u0131:<img decoding=\"async\" title=\"DL-Mandelik asit CAS 90-64-2\" src=\"https:\/\/www.longchangchemical.com\/wp-content\/uploads\/product-details\/20200617202770.png\" alt=\"DL-Mandelik asit CAS 90-64-2\" \/><\/h4>\n<h4>Molek\u00fcl a\u011f\u0131rl\u0131\u011f\u0131: 152,15<\/h4>\n<h4>DL-Mandelik asitErime Noktas\u0131:119-121\u00b0C (lit.)<\/h4>\n<h4>G\u00f6r\u00fcn\u00fc\u015f: Beyaz ortorombik pul kristal<\/h4>\n<h4>Tahlil: 99%<\/h4>","protected":false},"featured_media":4609,"comment_status":"open","ping_status":"closed","template":"","meta":[],"product_brand":[],"product_cat":[103],"product_tag":[],"class_list":{"0":"post-3589","1":"product","2":"type-product","3":"status-publish","4":"has-post-thumbnail","6":"product_cat-cosmetic-additives","8":"first","9":"instock","10":"shipping-taxable","11":"product-type-simple"},"yoast_head":"<!-- This site is optimized with the Yoast SEO plugin v25.3.1 - https:\/\/yoast.com\/wordpress\/plugins\/seo\/ -->\n<title>China DL-Mandelic acid Manufacturer \uff06 90-64-2 Supplier - Longchang chemical Co., Ltd.<\/title>\n<meta name=\"description\" content=\"Longchang Chemical is a leading manufacturer and supplier of DL-Mandelic acid in China. Buy DL-Mandelic acid in china. We can provide the best DL-Mandelic acid price.\" \/>\n<meta name=\"robots\" content=\"index, follow, max-snippet:-1, max-image-preview:large, max-video-preview:-1\" \/>\n<link rel=\"canonical\" href=\"https:\/\/longchangchemical.com\/tr\/product\/dl-mandelic-acid-cas-90-64-2\/\" \/>\n<meta property=\"og:locale\" content=\"tr_TR\" \/>\n<meta property=\"og:type\" content=\"article\" \/>\n<meta property=\"og:title\" content=\"China DL-Mandelic acid Manufacturer \uff06 90-64-2 Supplier - Longchang chemical Co., Ltd.\" \/>\n<meta property=\"og:description\" content=\"Longchang Chemical is a leading manufacturer and supplier of DL-Mandelic acid in China. Buy DL-Mandelic acid in china. We can provide the best DL-Mandelic acid price.\" \/>\n<meta property=\"og:url\" content=\"https:\/\/longchangchemical.com\/tr\/product\/dl-mandelic-acid-cas-90-64-2\/\" \/>\n<meta property=\"og:site_name\" content=\"Longchang Chemical\" \/>\n<meta property=\"article:modified_time\" content=\"2026-05-08T02:59:36+00:00\" \/>\n<meta property=\"og:image\" content=\"https:\/\/longchangchemical.com\/wp-content\/uploads\/2021\/05\/DL-Mandelic-acid-Appearance.jpg\" \/>\n\t<meta property=\"og:image:width\" content=\"600\" \/>\n\t<meta property=\"og:image:height\" content=\"800\" \/>\n\t<meta property=\"og:image:type\" content=\"image\/jpeg\" \/>\n<meta name=\"twitter:card\" content=\"summary_large_image\" \/>\n<script type=\"application\/ld+json\" class=\"yoast-schema-graph\">{\"@context\":\"https:\/\/schema.org\",\"@graph\":[{\"@type\":\"WebPage\",\"@id\":\"https:\/\/longchangchemical.com\/product\/dl-mandelic-acid-cas-90-64-2\/\",\"url\":\"https:\/\/longchangchemical.com\/product\/dl-mandelic-acid-cas-90-64-2\/\",\"name\":\"China DL-Mandelic acid Manufacturer \uff06 90-64-2 Supplier - Longchang chemical Co., Ltd.\",\"isPartOf\":{\"@id\":\"https:\/\/longchangchemical.com\/#website\"},\"primaryImageOfPage\":{\"@id\":\"https:\/\/longchangchemical.com\/product\/dl-mandelic-acid-cas-90-64-2\/#primaryimage\"},\"image\":{\"@id\":\"https:\/\/longchangchemical.com\/product\/dl-mandelic-acid-cas-90-64-2\/#primaryimage\"},\"thumbnailUrl\":\"https:\/\/longchangchemical.com\/wp-content\/uploads\/2021\/05\/DL-Mandelic-acid-Appearance.jpg\",\"datePublished\":\"2021-05-13T07:44:05+00:00\",\"dateModified\":\"2026-05-08T02:59:36+00:00\",\"description\":\"Longchang Chemical is a leading manufacturer and supplier of DL-Mandelic acid in China. Buy DL-Mandelic acid in china. We can provide the best DL-Mandelic acid price.\",\"breadcrumb\":{\"@id\":\"https:\/\/longchangchemical.com\/product\/dl-mandelic-acid-cas-90-64-2\/#breadcrumb\"},\"inLanguage\":\"tr\",\"potentialAction\":[{\"@type\":\"ReadAction\",\"target\":[\"https:\/\/longchangchemical.com\/product\/dl-mandelic-acid-cas-90-64-2\/\"]}]},{\"@type\":\"ImageObject\",\"inLanguage\":\"tr\",\"@id\":\"https:\/\/longchangchemical.com\/product\/dl-mandelic-acid-cas-90-64-2\/#primaryimage\",\"url\":\"https:\/\/longchangchemical.com\/wp-content\/uploads\/2021\/05\/DL-Mandelic-acid-Appearance.jpg\",\"contentUrl\":\"https:\/\/longchangchemical.com\/wp-content\/uploads\/2021\/05\/DL-Mandelic-acid-Appearance.jpg\",\"width\":600,\"height\":800,\"caption\":\"Appearance\"},{\"@type\":\"BreadcrumbList\",\"@id\":\"https:\/\/longchangchemical.com\/product\/dl-mandelic-acid-cas-90-64-2\/#breadcrumb\",\"itemListElement\":[{\"@type\":\"ListItem\",\"position\":1,\"name\":\"Home\",\"item\":\"https:\/\/longchangchemical.com\/\"},{\"@type\":\"ListItem\",\"position\":2,\"name\":\"Products Longchang\",\"item\":\"https:\/\/longchangchemical.com\/product\/\"},{\"@type\":\"ListItem\",\"position\":3,\"name\":\"DL-Mandelic acid CAS 90-64-2\"}]},{\"@type\":\"WebSite\",\"@id\":\"https:\/\/longchangchemical.com\/#website\",\"url\":\"https:\/\/longchangchemical.com\/\",\"name\":\"Longchang Chemical\",\"description\":\"China chemical manufacturer \uff06 supplier\",\"publisher\":{\"@id\":\"https:\/\/longchangchemical.com\/#organization\"},\"potentialAction\":[{\"@type\":\"SearchAction\",\"target\":{\"@type\":\"EntryPoint\",\"urlTemplate\":\"https:\/\/longchangchemical.com\/?s={search_term_string}\"},\"query-input\":{\"@type\":\"PropertyValueSpecification\",\"valueRequired\":true,\"valueName\":\"search_term_string\"}}],\"inLanguage\":\"tr\"},{\"@type\":\"Organization\",\"@id\":\"https:\/\/longchangchemical.com\/#organization\",\"name\":\"Longchang Chemical\",\"url\":\"https:\/\/longchangchemical.com\/\",\"logo\":{\"@type\":\"ImageObject\",\"inLanguage\":\"tr\",\"@id\":\"https:\/\/longchangchemical.com\/#\/schema\/logo\/image\/\",\"url\":\"https:\/\/longchangchemical.com\/wp-content\/uploads\/2020\/08\/cropped-longchang-logo.png\",\"contentUrl\":\"https:\/\/longchangchemical.com\/wp-content\/uploads\/2020\/08\/cropped-longchang-logo.png\",\"width\":512,\"height\":512,\"caption\":\"Longchang Chemical\"},\"image\":{\"@id\":\"https:\/\/longchangchemical.com\/#\/schema\/logo\/image\/\"}}]}<\/script>\n<!-- \/ Yoast SEO plugin. -->","yoast_head_json":{"title":"\u00c7in DL-Mandelik asit \u00dcretici \uff06 90-64-2 Tedarik\u00e7i - Longchang chemical Co, Ltd.","description":"Longchang Chemical, \u00c7in'in \u00f6nde gelen DL-Mandelik asit \u00fcreticisi ve tedarik\u00e7isidir. \u00c7in'de DL-Mandelik asit sat\u0131n al\u0131n. En iyi DL-Mandelik asit fiyat\u0131n\u0131 sa\u011flayabiliriz.","robots":{"index":"index","follow":"follow","max-snippet":"max-snippet:-1","max-image-preview":"max-image-preview:large","max-video-preview":"max-video-preview:-1"},"canonical":"https:\/\/longchangchemical.com\/tr\/product\/dl-mandelic-acid-cas-90-64-2\/","og_locale":"tr_TR","og_type":"article","og_title":"China DL-Mandelic acid Manufacturer \uff06 90-64-2 Supplier - Longchang chemical Co., Ltd.","og_description":"Longchang Chemical is a leading manufacturer and supplier of DL-Mandelic acid in China. Buy DL-Mandelic acid in china. We can provide the best DL-Mandelic acid price.","og_url":"https:\/\/longchangchemical.com\/tr\/product\/dl-mandelic-acid-cas-90-64-2\/","og_site_name":"Longchang Chemical","article_modified_time":"2026-05-08T02:59:36+00:00","og_image":[{"width":600,"height":800,"url":"https:\/\/longchangchemical.com\/wp-content\/uploads\/2021\/05\/DL-Mandelic-acid-Appearance.jpg","type":"image\/jpeg"}],"twitter_card":"summary_large_image","schema":{"@context":"https:\/\/schema.org","@graph":[{"@type":"WebPage","@id":"https:\/\/longchangchemical.com\/product\/dl-mandelic-acid-cas-90-64-2\/","url":"https:\/\/longchangchemical.com\/product\/dl-mandelic-acid-cas-90-64-2\/","name":"\u00c7in DL-Mandelik asit \u00dcretici \uff06 90-64-2 Tedarik\u00e7i - Longchang chemical Co, Ltd.","isPartOf":{"@id":"https:\/\/longchangchemical.com\/#website"},"primaryImageOfPage":{"@id":"https:\/\/longchangchemical.com\/product\/dl-mandelic-acid-cas-90-64-2\/#primaryimage"},"image":{"@id":"https:\/\/longchangchemical.com\/product\/dl-mandelic-acid-cas-90-64-2\/#primaryimage"},"thumbnailUrl":"https:\/\/longchangchemical.com\/wp-content\/uploads\/2021\/05\/DL-Mandelic-acid-Appearance.jpg","datePublished":"2021-05-13T07:44:05+00:00","dateModified":"2026-05-08T02:59:36+00:00","description":"Longchang Chemical, \u00c7in'in \u00f6nde gelen DL-Mandelik asit \u00fcreticisi ve tedarik\u00e7isidir. \u00c7in'de DL-Mandelik asit sat\u0131n al\u0131n. En iyi DL-Mandelik asit fiyat\u0131n\u0131 sa\u011flayabiliriz.","breadcrumb":{"@id":"https:\/\/longchangchemical.com\/product\/dl-mandelic-acid-cas-90-64-2\/#breadcrumb"},"inLanguage":"tr","potentialAction":[{"@type":"ReadAction","target":["https:\/\/longchangchemical.com\/product\/dl-mandelic-acid-cas-90-64-2\/"]}]},{"@type":"ImageObject","inLanguage":"tr","@id":"https:\/\/longchangchemical.com\/product\/dl-mandelic-acid-cas-90-64-2\/#primaryimage","url":"https:\/\/longchangchemical.com\/wp-content\/uploads\/2021\/05\/DL-Mandelic-acid-Appearance.jpg","contentUrl":"https:\/\/longchangchemical.com\/wp-content\/uploads\/2021\/05\/DL-Mandelic-acid-Appearance.jpg","width":600,"height":800,"caption":"Appearance"},{"@type":"BreadcrumbList","@id":"https:\/\/longchangchemical.com\/product\/dl-mandelic-acid-cas-90-64-2\/#breadcrumb","itemListElement":[{"@type":"ListItem","position":1,"name":"Home","item":"https:\/\/longchangchemical.com\/"},{"@type":"ListItem","position":2,"name":"Products Longchang","item":"https:\/\/longchangchemical.com\/product\/"},{"@type":"ListItem","position":3,"name":"DL-Mandelic acid CAS 90-64-2"}]},{"@type":"WebSite","@id":"https:\/\/longchangchemical.com\/#website","url":"https:\/\/longchangchemical.com\/","name":"Longchang Kimya","description":"\u00c7in kimyasal \u00fcreticisi \uff06 tedarik\u00e7isi","publisher":{"@id":"https:\/\/longchangchemical.com\/#organization"},"potentialAction":[{"@type":"SearchAction","target":{"@type":"EntryPoint","urlTemplate":"https:\/\/longchangchemical.com\/?s={search_term_string}"},"query-input":{"@type":"PropertyValueSpecification","valueRequired":true,"valueName":"search_term_string"}}],"inLanguage":"tr"},{"@type":"Organization","@id":"https:\/\/longchangchemical.com\/#organization","name":"Longchang Kimya","url":"https:\/\/longchangchemical.com\/","logo":{"@type":"ImageObject","inLanguage":"tr","@id":"https:\/\/longchangchemical.com\/#\/schema\/logo\/image\/","url":"https:\/\/longchangchemical.com\/wp-content\/uploads\/2020\/08\/cropped-longchang-logo.png","contentUrl":"https:\/\/longchangchemical.com\/wp-content\/uploads\/2020\/08\/cropped-longchang-logo.png","width":512,"height":512,"caption":"Longchang Chemical"},"image":{"@id":"https:\/\/longchangchemical.com\/#\/schema\/logo\/image\/"}}]}},"_links":{"self":[{"href":"https:\/\/longchangchemical.com\/tr\/wp-json\/wp\/v2\/product\/3589","targetHints":{"allow":["GET"]}}],"collection":[{"href":"https:\/\/longchangchemical.com\/tr\/wp-json\/wp\/v2\/product"}],"about":[{"href":"https:\/\/longchangchemical.com\/tr\/wp-json\/wp\/v2\/types\/product"}],"replies":[{"embeddable":true,"href":"https:\/\/longchangchemical.com\/tr\/wp-json\/wp\/v2\/comments?post=3589"}],"wp:featuredmedia":[{"embeddable":true,"href":"https:\/\/longchangchemical.com\/tr\/wp-json\/wp\/v2\/media\/4609"}],"wp:attachment":[{"href":"https:\/\/longchangchemical.com\/tr\/wp-json\/wp\/v2\/media?parent=3589"}],"wp:term":[{"taxonomy":"product_brand","embeddable":true,"href":"https:\/\/longchangchemical.com\/tr\/wp-json\/wp\/v2\/product_brand?post=3589"},{"taxonomy":"product_cat","embeddable":true,"href":"https:\/\/longchangchemical.com\/tr\/wp-json\/wp\/v2\/product_cat?post=3589"},{"taxonomy":"product_tag","embeddable":true,"href":"https:\/\/longchangchemical.com\/tr\/wp-json\/wp\/v2\/product_tag?post=3589"}],"curies":[{"name":"wp","href":"https:\/\/api.w.org\/{rel}","templated":true}]}}