{"id":3585,"date":"2021-04-24T06:38:39","date_gmt":"2021-04-24T06:38:39","guid":{"rendered":"https:\/\/longchangchemical.com\/?post_type=product&#038;p=3585"},"modified":"2025-12-22T09:16:42","modified_gmt":"2025-12-22T09:16:42","slug":"ferric-acetylacetonate","status":"publish","type":"product","link":"https:\/\/longchangchemical.com\/tr\/product\/ferric-acetylacetonate\/","title":{"rendered":"Ferrik asetilasetonat CAS 14024-18-1"},"content":{"rendered":"<h1><strong>Ferrik asetilasetonat CAS 14024-18-1<\/strong><\/h1>\n<table class=\"table-1\" cellspacing=\"0\">\n<tbody>\n<tr>\n<td>\n<h4>\u00d6\u011fe<\/h4>\n<\/td>\n<td>\n<h4>Dizin<\/h4>\n<\/td>\n<td>\n<h4>Sonu\u00e7lar<\/h4>\n<\/td>\n<\/tr>\n<tr>\n<td>\n<h4>G\u00f6r\u00fcn\u00fc\u015f<\/h4>\n<\/td>\n<td>\n<h4>K\u0131rm\u0131z\u0131 kristal<\/h4>\n<\/td>\n<td>\n<h4>K\u0131rm\u0131z\u0131 kristal<\/h4>\n<\/td>\n<\/tr>\n<tr>\n<td>\n<h4>\u0130\u00e7erik<\/h4>\n<\/td>\n<td>\n<h4>\u226598.00%<\/h4>\n<\/td>\n<td>\n<h4>99.1%<\/h4>\n<\/td>\n<\/tr>\n<tr>\n<td>\n<h4>Erime noktas\u0131<\/h4>\n<\/td>\n<td>\n<h4>180-183\u2103<\/h4>\n<\/td>\n<td>\n<h4>UYGUN<\/h4>\n<\/td>\n<\/tr>\n<tr>\n<td>\n<h4>Su<\/h4>\n<\/td>\n<td>\n<h4>\u22640,5%<\/h4>\n<\/td>\n<td>\n<h4>0.46<\/h4>\n<\/td>\n<\/tr>\n<tr>\n<td>\n<h4>Sonu\u00e7<\/h4>\n<\/td>\n<td colspan=\"2\">\n<h4>Sonu\u00e7lar Kurumsal standartlarla uyumludur<\/h4>\n<\/td>\n<\/tr>\n<\/tbody>\n<\/table>\n<p>&nbsp;<\/p>\n<h2>Ferrik asetilasetonat nedir?<\/h2>\n<h4>Ferrik asetilasetonat kimyasal bir maddedir, k\u0131rm\u0131z\u0131-turuncu ortorombik kristallerdir, suda ve heptan i\u00e7inde az \u00e7\u00f6z\u00fcn\u00fcr ve etanol, benzen, kloroform, aseton ve eterde kolayca \u00e7\u00f6z\u00fcn\u00fcr.<\/h4>\n<p>&nbsp;<\/p>\n<h2><strong>Ferrik asetilasetonat Kullan\u0131m\u0131<\/strong><\/h2>\n<h4>1. Ferrik asetilasetonat, keton \u00fcretmek \u00fczere asit klor\u00fcr ile Grignard reaksiyonu i\u00e7in bir organik sentez kataliz\u00f6r\u00fc olarak kullan\u0131labilir.<\/h4>\n<h4>2. Ferrik asetilasetonat, y\u00fcksek kristalli (Zn,Fe)Fe2O4 ince filmler i\u00e7in MOCVD \u00f6nc\u00fclleri haz\u0131rlamak ve bu ince filmlerin manyetik \u00f6zelliklerini \u00f6l\u00e7mek i\u00e7in kullan\u0131labilir.<\/h4>\n<h4>3. Ferrik asetilasetonat re\u00e7ine \u00e7apraz ba\u011flama ajan\u0131 ve k\u00fcr h\u0131zland\u0131r\u0131c\u0131 olarak kullan\u0131l\u0131r.<\/h4>\n<h4>4. Ferrik asetilasetonat, kayganl\u0131\u011f\u0131 ve yanabilirli\u011fi art\u0131rmak i\u00e7in katk\u0131 maddeleri alan\u0131nda bir akaryak\u0131t katk\u0131 maddesi olarak kullan\u0131l\u0131r. Ayr\u0131ca petrol k\u0131rma kataliz\u00f6r\u00fc ve kau\u00e7uk katk\u0131 maddesi olarak da kullan\u0131labilir.<\/h4>\n<h4>5. Ferrik asetilasetonat, plastikleri bozmak i\u00e7in inorganik bir fotosensitizer olarak kullan\u0131labilir.<\/h4>\n<p>&nbsp;<\/p>\n<h2><strong>Ferrik asetilasetonat Paketleme ve Nakliye<\/strong><\/h2>\n<h4>Ambalaj: 1kg\/\u015fi\u015fe; 25kg\/tambur<\/h4>\n<h4>Teslimat: deniz, hava ve kurye ile<\/h4>\n<h4><\/h4>\n<h2><strong>Ferrik asetilasetonat Depolama<\/strong><\/h2>\n<h4>Depo havaland\u0131rmas\u0131 ve d\u00fc\u015f\u00fck s\u0131cakl\u0131kta kurutma; oksidan, asit ve g\u0131da katk\u0131 maddelerinden ayr\u0131 depolay\u0131n.<\/h4>\n<p>&nbsp;<\/p>\n<h2><strong>Ayn\u0131 seri \u00fcr\u00fcnler<\/strong><\/h2>\n<table style=\"border-collapse: collapse; width: 312.02pt;\" border=\"0\" width=\"416\" cellspacing=\"0\" cellpadding=\"0\">\n<tbody>\n<tr style=\"height: 67.50pt;\">\n<td class=\"et3\" style=\"height: 67.50pt; width: 201.75pt;\" width=\"269\" height=\"90\">\n<h4><a href=\"https:\/\/longchangchemical.com\/tr\/product\/cas-21679-31-2\/\"><span style=\"color: #3366ff;\">Krom(III) asetilasetonat<\/span><\/a><\/h4>\n<\/td>\n<td class=\"et3\" style=\"width: 110.25pt;\" width=\"147\">\n<h4>21679-31-2<\/h4>\n<\/td>\n<\/tr>\n<tr style=\"height: 40.50pt;\">\n<td class=\"et4\" style=\"height: 40.50pt; width: 201.75pt;\" width=\"269\" height=\"54\">\n<h4>Ferrik asetilasetonat<\/h4>\n<\/td>\n<td class=\"et4\" style=\"width: 110.25pt;\" width=\"147\">\n<h4>14024-18-1<\/h4>\n<\/td>\n<\/tr>\n<\/tbody>\n<\/table>\n<p>&nbsp;<\/p>\n<h2><strong><b>\u015eimdi Bize Ula\u015f\u0131n!<\/b><\/strong><\/h2>\n<h4><strong><b>\u00d6zelle\u015ftirilmi\u015f hizmetler sunuyoruz, genellikle 24 saat i\u00e7inde sizinle ileti\u015fime ge\u00e7ece\u011fiz. Ayr\u0131ca mesai saatleri i\u00e7inde (8:30 - 6:00 UTC+8 Pzt.~Sat.) info@longchangchemical.com adresine e-posta g\u00f6nderebilir veya h\u0131zl\u0131 yan\u0131t almak i\u00e7in web sitesi canl\u0131 sohbetini kullanabilirsiniz.<\/b><\/strong><\/h4>\n<p>&nbsp;<\/p>","protected":false},"excerpt":{"rendered":"<h4>Kimyasal Ad\u0131: Ferrik asetilasetonat<\/h4>\n<h4>CAS No: 14024-18-1<\/h4>\n<h4>Molek\u00fcler Form\u00fcl:C15H21FeO6<\/h4>\n<h4>Molek\u00fcl a\u011f\u0131rl\u0131\u011f\u0131: 353,17<\/h4>\n<h4>G\u00f6r\u00fcn\u00fc\u015f: K\u0131rm\u0131z\u0131 kristal<\/h4>\n<h4>Tahlil: 98%<\/h4>","protected":false},"featured_media":4542,"comment_status":"open","ping_status":"closed","template":"","meta":[],"product_brand":[],"product_cat":[69],"product_tag":[],"class_list":{"0":"post-3585","1":"product","2":"type-product","3":"status-publish","4":"has-post-thumbnail","6":"product_cat-catalysts-chemical-auxiliary-agents","8":"first","9":"instock","10":"shipping-taxable","11":"product-type-simple"},"yoast_head":"<!-- This site is optimized with the Yoast SEO plugin v25.3.1 - https:\/\/yoast.com\/wordpress\/plugins\/seo\/ -->\n<title>China Ferric acetylacetonate Manufacturer \uff06 Supplier - Longchang chemical Co., Ltd.<\/title>\n<meta name=\"description\" content=\"Longchang Chemical is a leading manufacturer and supplier of Ferric acetylacetonate in China. Buy Ferric acetylacetonate in china. We can provide the best Ferric acetylacetonate price.\" \/>\n<meta name=\"robots\" content=\"index, follow, max-snippet:-1, max-image-preview:large, max-video-preview:-1\" \/>\n<link rel=\"canonical\" href=\"https:\/\/longchangchemical.com\/tr\/product\/ferric-acetylacetonate\/\" \/>\n<meta property=\"og:locale\" content=\"tr_TR\" \/>\n<meta property=\"og:type\" content=\"article\" \/>\n<meta property=\"og:title\" content=\"China Ferric acetylacetonate Manufacturer \uff06 Supplier - Longchang chemical Co., Ltd.\" \/>\n<meta property=\"og:description\" content=\"Longchang Chemical is a leading manufacturer and supplier of Ferric acetylacetonate in China. Buy Ferric acetylacetonate in china. We can provide the best Ferric acetylacetonate price.\" \/>\n<meta property=\"og:url\" content=\"https:\/\/longchangchemical.com\/tr\/product\/ferric-acetylacetonate\/\" \/>\n<meta property=\"og:site_name\" content=\"Longchang Chemical\" \/>\n<meta property=\"article:modified_time\" content=\"2025-12-22T09:16:42+00:00\" \/>\n<meta property=\"og:image\" content=\"https:\/\/longchangchemical.com\/wp-content\/uploads\/2021\/01\/Appearance-19.jpg\" \/>\n\t<meta property=\"og:image:width\" content=\"600\" \/>\n\t<meta property=\"og:image:height\" content=\"800\" \/>\n\t<meta property=\"og:image:type\" content=\"image\/jpeg\" \/>\n<meta name=\"twitter:card\" content=\"summary_large_image\" \/>\n<script type=\"application\/ld+json\" class=\"yoast-schema-graph\">{\"@context\":\"https:\/\/schema.org\",\"@graph\":[{\"@type\":\"WebPage\",\"@id\":\"https:\/\/longchangchemical.com\/product\/ferric-acetylacetonate\/\",\"url\":\"https:\/\/longchangchemical.com\/product\/ferric-acetylacetonate\/\",\"name\":\"China Ferric acetylacetonate Manufacturer \uff06 Supplier - Longchang chemical Co., Ltd.\",\"isPartOf\":{\"@id\":\"https:\/\/longchangchemical.com\/#website\"},\"primaryImageOfPage\":{\"@id\":\"https:\/\/longchangchemical.com\/product\/ferric-acetylacetonate\/#primaryimage\"},\"image\":{\"@id\":\"https:\/\/longchangchemical.com\/product\/ferric-acetylacetonate\/#primaryimage\"},\"thumbnailUrl\":\"https:\/\/longchangchemical.com\/wp-content\/uploads\/2021\/01\/Appearance-19.jpg\",\"datePublished\":\"2021-04-24T06:38:39+00:00\",\"dateModified\":\"2025-12-22T09:16:42+00:00\",\"description\":\"Longchang Chemical is a leading manufacturer and supplier of Ferric acetylacetonate in China. Buy Ferric acetylacetonate in china. We can provide the best Ferric acetylacetonate price.\",\"breadcrumb\":{\"@id\":\"https:\/\/longchangchemical.com\/product\/ferric-acetylacetonate\/#breadcrumb\"},\"inLanguage\":\"tr\",\"potentialAction\":[{\"@type\":\"ReadAction\",\"target\":[\"https:\/\/longchangchemical.com\/product\/ferric-acetylacetonate\/\"]}]},{\"@type\":\"ImageObject\",\"inLanguage\":\"tr\",\"@id\":\"https:\/\/longchangchemical.com\/product\/ferric-acetylacetonate\/#primaryimage\",\"url\":\"https:\/\/longchangchemical.com\/wp-content\/uploads\/2021\/01\/Appearance-19.jpg\",\"contentUrl\":\"https:\/\/longchangchemical.com\/wp-content\/uploads\/2021\/01\/Appearance-19.jpg\",\"width\":600,\"height\":800,\"caption\":\"Ferric acetylacetonate Appearance\"},{\"@type\":\"BreadcrumbList\",\"@id\":\"https:\/\/longchangchemical.com\/product\/ferric-acetylacetonate\/#breadcrumb\",\"itemListElement\":[{\"@type\":\"ListItem\",\"position\":1,\"name\":\"Home\",\"item\":\"https:\/\/longchangchemical.com\/\"},{\"@type\":\"ListItem\",\"position\":2,\"name\":\"Products Longchang\",\"item\":\"https:\/\/longchangchemical.com\/product\/\"},{\"@type\":\"ListItem\",\"position\":3,\"name\":\"Ferric acetylacetonate CAS 14024-18-1\"}]},{\"@type\":\"WebSite\",\"@id\":\"https:\/\/longchangchemical.com\/#website\",\"url\":\"https:\/\/longchangchemical.com\/\",\"name\":\"Longchang Chemical\",\"description\":\"China chemical manufacturer \uff06 supplier\",\"publisher\":{\"@id\":\"https:\/\/longchangchemical.com\/#organization\"},\"potentialAction\":[{\"@type\":\"SearchAction\",\"target\":{\"@type\":\"EntryPoint\",\"urlTemplate\":\"https:\/\/longchangchemical.com\/?s={search_term_string}\"},\"query-input\":{\"@type\":\"PropertyValueSpecification\",\"valueRequired\":true,\"valueName\":\"search_term_string\"}}],\"inLanguage\":\"tr\"},{\"@type\":\"Organization\",\"@id\":\"https:\/\/longchangchemical.com\/#organization\",\"name\":\"Longchang Chemical\",\"url\":\"https:\/\/longchangchemical.com\/\",\"logo\":{\"@type\":\"ImageObject\",\"inLanguage\":\"tr\",\"@id\":\"https:\/\/longchangchemical.com\/#\/schema\/logo\/image\/\",\"url\":\"https:\/\/longchangchemical.com\/wp-content\/uploads\/2020\/08\/cropped-longchang-logo.png\",\"contentUrl\":\"https:\/\/longchangchemical.com\/wp-content\/uploads\/2020\/08\/cropped-longchang-logo.png\",\"width\":512,\"height\":512,\"caption\":\"Longchang Chemical\"},\"image\":{\"@id\":\"https:\/\/longchangchemical.com\/#\/schema\/logo\/image\/\"}}]}<\/script>\n<!-- \/ Yoast SEO plugin. -->","yoast_head_json":{"title":"\u00c7in Ferrik asetilasetonat \u00dcretici \uff06 Tedarik\u00e7i - Longchang chemical Co, Ltd.","description":"Longchang Chemical, \u00c7in'in \u00f6nde gelen Ferrik asetilasetonat \u00fcreticisi ve tedarik\u00e7isidir. \u00c7in'de Ferrik asetilasetonat sat\u0131n al\u0131n. En iyi Ferrik asetilasetonat fiyat\u0131n\u0131 sa\u011flayabiliriz.","robots":{"index":"index","follow":"follow","max-snippet":"max-snippet:-1","max-image-preview":"max-image-preview:large","max-video-preview":"max-video-preview:-1"},"canonical":"https:\/\/longchangchemical.com\/tr\/product\/ferric-acetylacetonate\/","og_locale":"tr_TR","og_type":"article","og_title":"China Ferric acetylacetonate Manufacturer \uff06 Supplier - Longchang chemical Co., Ltd.","og_description":"Longchang Chemical is a leading manufacturer and supplier of Ferric acetylacetonate in China. Buy Ferric acetylacetonate in china. We can provide the best Ferric acetylacetonate price.","og_url":"https:\/\/longchangchemical.com\/tr\/product\/ferric-acetylacetonate\/","og_site_name":"Longchang Chemical","article_modified_time":"2025-12-22T09:16:42+00:00","og_image":[{"width":600,"height":800,"url":"https:\/\/longchangchemical.com\/wp-content\/uploads\/2021\/01\/Appearance-19.jpg","type":"image\/jpeg"}],"twitter_card":"summary_large_image","schema":{"@context":"https:\/\/schema.org","@graph":[{"@type":"WebPage","@id":"https:\/\/longchangchemical.com\/product\/ferric-acetylacetonate\/","url":"https:\/\/longchangchemical.com\/product\/ferric-acetylacetonate\/","name":"\u00c7in Ferrik asetilasetonat \u00dcretici \uff06 Tedarik\u00e7i - Longchang chemical Co, Ltd.","isPartOf":{"@id":"https:\/\/longchangchemical.com\/#website"},"primaryImageOfPage":{"@id":"https:\/\/longchangchemical.com\/product\/ferric-acetylacetonate\/#primaryimage"},"image":{"@id":"https:\/\/longchangchemical.com\/product\/ferric-acetylacetonate\/#primaryimage"},"thumbnailUrl":"https:\/\/longchangchemical.com\/wp-content\/uploads\/2021\/01\/Appearance-19.jpg","datePublished":"2021-04-24T06:38:39+00:00","dateModified":"2025-12-22T09:16:42+00:00","description":"Longchang Chemical, \u00c7in'in \u00f6nde gelen Ferrik asetilasetonat \u00fcreticisi ve tedarik\u00e7isidir. \u00c7in'de Ferrik asetilasetonat sat\u0131n al\u0131n. En iyi Ferrik asetilasetonat fiyat\u0131n\u0131 sa\u011flayabiliriz.","breadcrumb":{"@id":"https:\/\/longchangchemical.com\/product\/ferric-acetylacetonate\/#breadcrumb"},"inLanguage":"tr","potentialAction":[{"@type":"ReadAction","target":["https:\/\/longchangchemical.com\/product\/ferric-acetylacetonate\/"]}]},{"@type":"ImageObject","inLanguage":"tr","@id":"https:\/\/longchangchemical.com\/product\/ferric-acetylacetonate\/#primaryimage","url":"https:\/\/longchangchemical.com\/wp-content\/uploads\/2021\/01\/Appearance-19.jpg","contentUrl":"https:\/\/longchangchemical.com\/wp-content\/uploads\/2021\/01\/Appearance-19.jpg","width":600,"height":800,"caption":"Ferric acetylacetonate Appearance"},{"@type":"BreadcrumbList","@id":"https:\/\/longchangchemical.com\/product\/ferric-acetylacetonate\/#breadcrumb","itemListElement":[{"@type":"ListItem","position":1,"name":"Home","item":"https:\/\/longchangchemical.com\/"},{"@type":"ListItem","position":2,"name":"Products Longchang","item":"https:\/\/longchangchemical.com\/product\/"},{"@type":"ListItem","position":3,"name":"Ferric acetylacetonate CAS 14024-18-1"}]},{"@type":"WebSite","@id":"https:\/\/longchangchemical.com\/#website","url":"https:\/\/longchangchemical.com\/","name":"Longchang Kimya","description":"\u00c7in kimyasal \u00fcreticisi \uff06 tedarik\u00e7isi","publisher":{"@id":"https:\/\/longchangchemical.com\/#organization"},"potentialAction":[{"@type":"SearchAction","target":{"@type":"EntryPoint","urlTemplate":"https:\/\/longchangchemical.com\/?s={search_term_string}"},"query-input":{"@type":"PropertyValueSpecification","valueRequired":true,"valueName":"search_term_string"}}],"inLanguage":"tr"},{"@type":"Organization","@id":"https:\/\/longchangchemical.com\/#organization","name":"Longchang Kimya","url":"https:\/\/longchangchemical.com\/","logo":{"@type":"ImageObject","inLanguage":"tr","@id":"https:\/\/longchangchemical.com\/#\/schema\/logo\/image\/","url":"https:\/\/longchangchemical.com\/wp-content\/uploads\/2020\/08\/cropped-longchang-logo.png","contentUrl":"https:\/\/longchangchemical.com\/wp-content\/uploads\/2020\/08\/cropped-longchang-logo.png","width":512,"height":512,"caption":"Longchang Chemical"},"image":{"@id":"https:\/\/longchangchemical.com\/#\/schema\/logo\/image\/"}}]}},"_links":{"self":[{"href":"https:\/\/longchangchemical.com\/tr\/wp-json\/wp\/v2\/product\/3585","targetHints":{"allow":["GET"]}}],"collection":[{"href":"https:\/\/longchangchemical.com\/tr\/wp-json\/wp\/v2\/product"}],"about":[{"href":"https:\/\/longchangchemical.com\/tr\/wp-json\/wp\/v2\/types\/product"}],"replies":[{"embeddable":true,"href":"https:\/\/longchangchemical.com\/tr\/wp-json\/wp\/v2\/comments?post=3585"}],"wp:featuredmedia":[{"embeddable":true,"href":"https:\/\/longchangchemical.com\/tr\/wp-json\/wp\/v2\/media\/4542"}],"wp:attachment":[{"href":"https:\/\/longchangchemical.com\/tr\/wp-json\/wp\/v2\/media?parent=3585"}],"wp:term":[{"taxonomy":"product_brand","embeddable":true,"href":"https:\/\/longchangchemical.com\/tr\/wp-json\/wp\/v2\/product_brand?post=3585"},{"taxonomy":"product_cat","embeddable":true,"href":"https:\/\/longchangchemical.com\/tr\/wp-json\/wp\/v2\/product_cat?post=3585"},{"taxonomy":"product_tag","embeddable":true,"href":"https:\/\/longchangchemical.com\/tr\/wp-json\/wp\/v2\/product_tag?post=3585"}],"curies":[{"name":"wp","href":"https:\/\/api.w.org\/{rel}","templated":true}]}}