{"id":3582,"date":"2023-03-22T13:53:27","date_gmt":"2023-03-22T13:53:27","guid":{"rendered":"https:\/\/longchangchemical.com\/?post_type=product&#038;p=3582"},"modified":"2026-05-08T02:59:51","modified_gmt":"2026-05-08T02:59:51","slug":"povidone-iodine-cas-25655-41-8","status":"publish","type":"product","link":"https:\/\/longchangchemical.com\/tr\/product\/povidone-iodine-cas-25655-41-8\/","title":{"rendered":"PVP-I \/ Povidon iyot CAS 25655-41-8"},"content":{"rendered":"<h2><strong>Povidon iyot CAS 25655-41-8<\/strong><\/h2>\n<table class=\"table-1\" cellspacing=\"0\">\n<tbody>\n<tr>\n<td>\u00d6\u011fe<\/td>\n<td>Standart<\/td>\n<td>Sonu\u00e7lar<\/td>\n<\/tr>\n<tr>\n<td>G\u00f6r\u00fcn\u00fc\u015f<\/td>\n<td>K\u0131rm\u0131z\u0131ms\u0131 kahverengi ila sar\u0131 kahverengi amorf toz<\/td>\n<td>Uygun<\/td>\n<\/tr>\n<tr>\n<td>Etkili iyot \/%<\/td>\n<td>9.0-12.0<\/td>\n<td>Uygun<\/td>\n<\/tr>\n<tr>\n<td>Ate\u015fleme s\u0131ras\u0131nda kal\u0131nt\u0131\/%<\/td>\n<td>\u22640.1<\/td>\n<td>Uygun<\/td>\n<\/tr>\n<tr>\n<td>Kurutma kayb\u0131 \/%<\/td>\n<td>\u22648.0<\/td>\n<td>Uygun<\/td>\n<\/tr>\n<tr>\n<td>\u0130yot iyonu \/%<\/td>\n<td>\u22646.0<\/td>\n<td>Uygun<\/td>\n<\/tr>\n<tr>\n<td>Arsenik tuzu\/ppm<\/td>\n<td>\/<\/td>\n<td>Uygun<\/td>\n<\/tr>\n<tr>\n<td>A\u011f\u0131r metal \/ ppm<\/td>\n<td>\/<\/td>\n<td>Uygun<\/td>\n<\/tr>\n<tr>\n<td>Azot i\u00e7eri\u011fi \/%<\/td>\n<td>\/<\/td>\n<td>Uygun<\/td>\n<\/tr>\n<tr>\n<td>PH de\u011feri (10% sulu \u00e7\u00f6zelti)<\/td>\n<td>1.2-5.0<\/td>\n<td>Uygun<\/td>\n<\/tr>\n<tr>\n<td>Tahlil :<\/td>\n<td>\u226799%<\/td>\n<td>99.2%<\/td>\n<\/tr>\n<\/tbody>\n<\/table>\n<p>&nbsp;<\/p>\n<h2><strong>Povidon iyot (CAS 25655-41-8) Kullan\u0131m\u0131<\/strong><\/h2>\n<p>1. \u0130yotun bakterisidal etkisine sahiptir. \u0130la\u00e7larda bakteri \u00f6ld\u00fcr\u00fcc\u00fc dezenfektan ve bakteriostatik ajan olarak kullan\u0131labilir. Ayr\u0131ca g\u00f6z damlas\u0131, burun damlas\u0131, krem ve di\u011fer antiseptikler olarak da kullan\u0131labilir. Ayr\u0131ca bir dezenfektan haline getirilebilir.<\/p>\n<p>2. Esas olarak hastane operasyonunda ve enjeksiyonda cilt dezenfeksiyonu ve ekipman dezenfeksiyonunun yan\u0131 s\u0131ra stomatoloji, jinekoloji, cerrahi ve dermatolojide enfeksiyonun \u00f6nlenmesi i\u00e7in kullan\u0131l\u0131r; ev aletlerinin ve mutfak e\u015fyalar\u0131n\u0131n sterilizasyonu ve dezenfeksiyonu; g\u0131da end\u00fcstrisinde ve su \u00fcr\u00fcnleri yeti\u015ftiricili\u011fi end\u00fcstrisinde sterilizasyon ve dezenfeksiyon ve hayvan hastal\u0131klar\u0131n\u0131n \u00f6nlenmesi ve tedavisi vb. D\u00fcnyada ve \u00c7in'de iyot i\u00e7eren t\u0131bbi fungisitlerin ve hijyen ve salg\u0131n \u00f6nleme ve ortadan kald\u0131rman\u0131n ilk tercihidir. Zehir<\/p>\n<p>3. \u0130yot ta\u015f\u0131y\u0131c\u0131. Ehlile\u015ftirilmi\u015f iyot. yava\u015f yava\u015f iyot salabilir ve antimikrobiyal bir rol oynayabilir. Mekanizmas\u0131, bakteri proteinini denat\u00fcre etmek ve \u00f6ld\u00fcrmektir. Bakteriler, mantarlar ve vir\u00fcsler i\u00e7in etkilidir ve dokularda \u00e7ok az tahri\u015f ile karakterizedir.<\/p>\n<p>&nbsp;<\/p>\n<h2><strong>Povidon iyot (CAS 25655-41-8)Paketleme ve Nakliye<\/strong><\/h2>\n<p>Ambalaj: 25 kg torba veya varil<\/p>\n<p>Teslimat: hava yoluyla, deniz yoluyla<\/p>\n<h2><strong>Povidon iyot (CAS 25655-41-8)Depolama<\/strong><\/h2>\n<p>Do\u011frudan g\u00fcne\u015f \u0131\u015f\u0131\u011f\u0131 almayan serin ve kuru bir yerde saklan\u0131r.<\/p>\n<h2><strong>\u015eimdi Bize Ula\u015f\u0131n!<\/strong><\/h2>\n<h4><strong><b>COA, MSDS veya TDS'ye ihtiyac\u0131n\u0131z varsa, l\u00fctfen a\u015fa\u011f\u0131daki forma ileti\u015fim bilgilerinizi girin, genellikle 24 saat i\u00e7inde sizinle ileti\u015fime ge\u00e7ece\u011fiz. Bana e-posta da g\u00f6nderebilirsiniz <span style=\"color: #0000ff;\"><a style=\"color: #0000ff;\" href=\"mailto:info@longchangchemical.com\">info@longchangchemical.com<\/a><\/span> \u00c7al\u0131\u015fma saatleri i\u00e7inde (8:30 - 6:00 UTC+8 Pzt.~Sat.) veya h\u0131zl\u0131 yan\u0131t almak i\u00e7in web sitesi canl\u0131 sohbetini kullan\u0131n.<\/b><\/strong><\/h4>","protected":false},"excerpt":{"rendered":"<p>Kimyasal Ad\u0131: Povidon iyot<\/p>\n<p>CAS No: 25655-41-8<\/p>\n<p>Molek\u00fcler Fom\u00fcl: C8H15NO<\/p>\n<p>Povidon iyot (CAS 25655-41-8) Yap\u0131s\u0131:<img decoding=\"async\" title=\"Povidon iyot (CAS 25655-41-8) Yap\u0131s\u0131\" src=\"https:\/\/www.longchangchemical.com\/wp-content\/uploads\/product-details\/20200611313562.png\" alt=\"Povidon iyot (CAS 25655-41-8) Yap\u0131s\u0131\" width=\"133\" height=\"87\" border=\"0\" vspace=\"0\" \/><\/p>\n<p>Molek\u00fcl a\u011f\u0131rl\u0131\u011f\u0131:141.2108<\/p>\n<p>G\u00f6r\u00fcn\u00fcm:K\u0131rm\u0131z\u0131ms\u0131 kahverengi ila sar\u0131 kahverengi amorf toz<\/p>\n<p>\u0130yot i\u00e7eri\u011fi: 10%; 20%<\/p>","protected":false},"featured_media":6001,"comment_status":"open","ping_status":"closed","template":"","meta":[],"product_brand":[],"product_cat":[109],"product_tag":[],"class_list":{"0":"post-3582","1":"product","2":"type-product","3":"status-publish","4":"has-post-thumbnail","6":"product_cat-water-treatment","8":"first","9":"instock","10":"shipping-taxable","11":"product-type-simple"},"yoast_head":"<!-- This site is optimized with the Yoast SEO plugin v25.3.1 - https:\/\/yoast.com\/wordpress\/plugins\/seo\/ -->\n<title>China Povidone iodine Manufacturer and 25655-41-8 supplier - Longchang Chemical<\/title>\n<meta name=\"description\" content=\"PVP-I Povidone iodine CAS 25655-41-8 is used in industrial processing and formulation applications.\" \/>\n<meta name=\"robots\" content=\"index, follow, max-snippet:-1, max-image-preview:large, max-video-preview:-1\" \/>\n<link rel=\"canonical\" href=\"https:\/\/longchangchemical.com\/tr\/product\/povidone-iodine-cas-25655-41-8\/\" \/>\n<meta property=\"og:locale\" content=\"tr_TR\" \/>\n<meta property=\"og:type\" content=\"article\" \/>\n<meta property=\"og:title\" content=\"China Povidone iodine Manufacturer and 25655-41-8 supplier - Longchang Chemical\" \/>\n<meta property=\"og:description\" content=\"PVP-I Povidone iodine CAS 25655-41-8 is used in industrial processing and formulation applications.\" \/>\n<meta property=\"og:url\" content=\"https:\/\/longchangchemical.com\/tr\/product\/povidone-iodine-cas-25655-41-8\/\" \/>\n<meta property=\"og:site_name\" content=\"Longchang Chemical\" \/>\n<meta property=\"article:modified_time\" content=\"2026-05-08T02:59:51+00:00\" \/>\n<meta property=\"og:image\" content=\"https:\/\/longchangchemical.com\/wp-content\/uploads\/2021\/01\/Sinosurf\u00ae-PVP-I.jpg\" \/>\n\t<meta property=\"og:image:width\" content=\"800\" \/>\n\t<meta property=\"og:image:height\" content=\"800\" \/>\n\t<meta property=\"og:image:type\" content=\"image\/jpeg\" \/>\n<meta name=\"twitter:card\" content=\"summary_large_image\" \/>\n<script type=\"application\/ld+json\" class=\"yoast-schema-graph\">{\"@context\":\"https:\/\/schema.org\",\"@graph\":[{\"@type\":\"WebPage\",\"@id\":\"https:\/\/longchangchemical.com\/product\/povidone-iodine-cas-25655-41-8\/\",\"url\":\"https:\/\/longchangchemical.com\/product\/povidone-iodine-cas-25655-41-8\/\",\"name\":\"China Povidone iodine Manufacturer and 25655-41-8 supplier - Longchang Chemical\",\"isPartOf\":{\"@id\":\"https:\/\/longchangchemical.com\/#website\"},\"primaryImageOfPage\":{\"@id\":\"https:\/\/longchangchemical.com\/product\/povidone-iodine-cas-25655-41-8\/#primaryimage\"},\"image\":{\"@id\":\"https:\/\/longchangchemical.com\/product\/povidone-iodine-cas-25655-41-8\/#primaryimage\"},\"thumbnailUrl\":\"https:\/\/longchangchemical.com\/wp-content\/uploads\/2021\/01\/Sinosurf\u00ae-PVP-I.jpg\",\"datePublished\":\"2023-03-22T13:53:27+00:00\",\"dateModified\":\"2026-05-08T02:59:51+00:00\",\"description\":\"PVP-I Povidone iodine CAS 25655-41-8 is used in industrial processing and formulation applications.\",\"breadcrumb\":{\"@id\":\"https:\/\/longchangchemical.com\/product\/povidone-iodine-cas-25655-41-8\/#breadcrumb\"},\"inLanguage\":\"tr\",\"potentialAction\":[{\"@type\":\"ReadAction\",\"target\":[\"https:\/\/longchangchemical.com\/product\/povidone-iodine-cas-25655-41-8\/\"]}]},{\"@type\":\"ImageObject\",\"inLanguage\":\"tr\",\"@id\":\"https:\/\/longchangchemical.com\/product\/povidone-iodine-cas-25655-41-8\/#primaryimage\",\"url\":\"https:\/\/longchangchemical.com\/wp-content\/uploads\/2021\/01\/Sinosurf\u00ae-PVP-I.jpg\",\"contentUrl\":\"https:\/\/longchangchemical.com\/wp-content\/uploads\/2021\/01\/Sinosurf\u00ae-PVP-I.jpg\",\"width\":800,\"height\":800},{\"@type\":\"BreadcrumbList\",\"@id\":\"https:\/\/longchangchemical.com\/product\/povidone-iodine-cas-25655-41-8\/#breadcrumb\",\"itemListElement\":[{\"@type\":\"ListItem\",\"position\":1,\"name\":\"Home\",\"item\":\"https:\/\/longchangchemical.com\/\"},{\"@type\":\"ListItem\",\"position\":2,\"name\":\"Products Longchang\",\"item\":\"https:\/\/longchangchemical.com\/product\/\"},{\"@type\":\"ListItem\",\"position\":3,\"name\":\"PVP-I \/ Povidone iodine CAS 25655-41-8\"}]},{\"@type\":\"WebSite\",\"@id\":\"https:\/\/longchangchemical.com\/#website\",\"url\":\"https:\/\/longchangchemical.com\/\",\"name\":\"Longchang Chemical\",\"description\":\"China chemical manufacturer \uff06 supplier\",\"publisher\":{\"@id\":\"https:\/\/longchangchemical.com\/#organization\"},\"potentialAction\":[{\"@type\":\"SearchAction\",\"target\":{\"@type\":\"EntryPoint\",\"urlTemplate\":\"https:\/\/longchangchemical.com\/?s={search_term_string}\"},\"query-input\":{\"@type\":\"PropertyValueSpecification\",\"valueRequired\":true,\"valueName\":\"search_term_string\"}}],\"inLanguage\":\"tr\"},{\"@type\":\"Organization\",\"@id\":\"https:\/\/longchangchemical.com\/#organization\",\"name\":\"Longchang Chemical\",\"url\":\"https:\/\/longchangchemical.com\/\",\"logo\":{\"@type\":\"ImageObject\",\"inLanguage\":\"tr\",\"@id\":\"https:\/\/longchangchemical.com\/#\/schema\/logo\/image\/\",\"url\":\"https:\/\/longchangchemical.com\/wp-content\/uploads\/2020\/08\/cropped-longchang-logo.png\",\"contentUrl\":\"https:\/\/longchangchemical.com\/wp-content\/uploads\/2020\/08\/cropped-longchang-logo.png\",\"width\":512,\"height\":512,\"caption\":\"Longchang Chemical\"},\"image\":{\"@id\":\"https:\/\/longchangchemical.com\/#\/schema\/logo\/image\/\"}}]}<\/script>\n<!-- \/ Yoast SEO plugin. -->","yoast_head_json":{"title":"\u00c7in Povidon iyot \u00dcretici ve 25655-41-8 Tedarik\u00e7i - Longchang Chemical","description":"PVP-I Povidone iodine CAS 25655-41-8 is used in industrial processing and formulation applications.","robots":{"index":"index","follow":"follow","max-snippet":"max-snippet:-1","max-image-preview":"max-image-preview:large","max-video-preview":"max-video-preview:-1"},"canonical":"https:\/\/longchangchemical.com\/tr\/product\/povidone-iodine-cas-25655-41-8\/","og_locale":"tr_TR","og_type":"article","og_title":"China Povidone iodine Manufacturer and 25655-41-8 supplier - Longchang Chemical","og_description":"PVP-I Povidone iodine CAS 25655-41-8 is used in industrial processing and formulation applications.","og_url":"https:\/\/longchangchemical.com\/tr\/product\/povidone-iodine-cas-25655-41-8\/","og_site_name":"Longchang Chemical","article_modified_time":"2026-05-08T02:59:51+00:00","og_image":[{"width":800,"height":800,"url":"https:\/\/longchangchemical.com\/wp-content\/uploads\/2021\/01\/Sinosurf\u00ae-PVP-I.jpg","type":"image\/jpeg"}],"twitter_card":"summary_large_image","schema":{"@context":"https:\/\/schema.org","@graph":[{"@type":"WebPage","@id":"https:\/\/longchangchemical.com\/product\/povidone-iodine-cas-25655-41-8\/","url":"https:\/\/longchangchemical.com\/product\/povidone-iodine-cas-25655-41-8\/","name":"\u00c7in Povidon iyot \u00dcretici ve 25655-41-8 Tedarik\u00e7i - Longchang Chemical","isPartOf":{"@id":"https:\/\/longchangchemical.com\/#website"},"primaryImageOfPage":{"@id":"https:\/\/longchangchemical.com\/product\/povidone-iodine-cas-25655-41-8\/#primaryimage"},"image":{"@id":"https:\/\/longchangchemical.com\/product\/povidone-iodine-cas-25655-41-8\/#primaryimage"},"thumbnailUrl":"https:\/\/longchangchemical.com\/wp-content\/uploads\/2021\/01\/Sinosurf\u00ae-PVP-I.jpg","datePublished":"2023-03-22T13:53:27+00:00","dateModified":"2026-05-08T02:59:51+00:00","description":"PVP-I Povidone iodine CAS 25655-41-8 is used in industrial processing and formulation applications.","breadcrumb":{"@id":"https:\/\/longchangchemical.com\/product\/povidone-iodine-cas-25655-41-8\/#breadcrumb"},"inLanguage":"tr","potentialAction":[{"@type":"ReadAction","target":["https:\/\/longchangchemical.com\/product\/povidone-iodine-cas-25655-41-8\/"]}]},{"@type":"ImageObject","inLanguage":"tr","@id":"https:\/\/longchangchemical.com\/product\/povidone-iodine-cas-25655-41-8\/#primaryimage","url":"https:\/\/longchangchemical.com\/wp-content\/uploads\/2021\/01\/Sinosurf\u00ae-PVP-I.jpg","contentUrl":"https:\/\/longchangchemical.com\/wp-content\/uploads\/2021\/01\/Sinosurf\u00ae-PVP-I.jpg","width":800,"height":800},{"@type":"BreadcrumbList","@id":"https:\/\/longchangchemical.com\/product\/povidone-iodine-cas-25655-41-8\/#breadcrumb","itemListElement":[{"@type":"ListItem","position":1,"name":"Home","item":"https:\/\/longchangchemical.com\/"},{"@type":"ListItem","position":2,"name":"Products Longchang","item":"https:\/\/longchangchemical.com\/product\/"},{"@type":"ListItem","position":3,"name":"PVP-I \/ Povidone iodine CAS 25655-41-8"}]},{"@type":"WebSite","@id":"https:\/\/longchangchemical.com\/#website","url":"https:\/\/longchangchemical.com\/","name":"Longchang Kimya","description":"\u00c7in kimyasal \u00fcreticisi \uff06 tedarik\u00e7isi","publisher":{"@id":"https:\/\/longchangchemical.com\/#organization"},"potentialAction":[{"@type":"SearchAction","target":{"@type":"EntryPoint","urlTemplate":"https:\/\/longchangchemical.com\/?s={search_term_string}"},"query-input":{"@type":"PropertyValueSpecification","valueRequired":true,"valueName":"search_term_string"}}],"inLanguage":"tr"},{"@type":"Organization","@id":"https:\/\/longchangchemical.com\/#organization","name":"Longchang Kimya","url":"https:\/\/longchangchemical.com\/","logo":{"@type":"ImageObject","inLanguage":"tr","@id":"https:\/\/longchangchemical.com\/#\/schema\/logo\/image\/","url":"https:\/\/longchangchemical.com\/wp-content\/uploads\/2020\/08\/cropped-longchang-logo.png","contentUrl":"https:\/\/longchangchemical.com\/wp-content\/uploads\/2020\/08\/cropped-longchang-logo.png","width":512,"height":512,"caption":"Longchang Chemical"},"image":{"@id":"https:\/\/longchangchemical.com\/#\/schema\/logo\/image\/"}}]}},"_links":{"self":[{"href":"https:\/\/longchangchemical.com\/tr\/wp-json\/wp\/v2\/product\/3582","targetHints":{"allow":["GET"]}}],"collection":[{"href":"https:\/\/longchangchemical.com\/tr\/wp-json\/wp\/v2\/product"}],"about":[{"href":"https:\/\/longchangchemical.com\/tr\/wp-json\/wp\/v2\/types\/product"}],"replies":[{"embeddable":true,"href":"https:\/\/longchangchemical.com\/tr\/wp-json\/wp\/v2\/comments?post=3582"}],"wp:featuredmedia":[{"embeddable":true,"href":"https:\/\/longchangchemical.com\/tr\/wp-json\/wp\/v2\/media\/6001"}],"wp:attachment":[{"href":"https:\/\/longchangchemical.com\/tr\/wp-json\/wp\/v2\/media?parent=3582"}],"wp:term":[{"taxonomy":"product_brand","embeddable":true,"href":"https:\/\/longchangchemical.com\/tr\/wp-json\/wp\/v2\/product_brand?post=3582"},{"taxonomy":"product_cat","embeddable":true,"href":"https:\/\/longchangchemical.com\/tr\/wp-json\/wp\/v2\/product_cat?post=3582"},{"taxonomy":"product_tag","embeddable":true,"href":"https:\/\/longchangchemical.com\/tr\/wp-json\/wp\/v2\/product_tag?post=3582"}],"curies":[{"name":"wp","href":"https:\/\/api.w.org\/{rel}","templated":true}]}}