{"id":3578,"date":"2021-03-21T13:53:40","date_gmt":"2021-03-21T13:53:40","guid":{"rendered":"https:\/\/longchangchemical.com\/?post_type=product&#038;p=3578"},"modified":"2025-12-23T02:22:33","modified_gmt":"2025-12-23T02:22:33","slug":"guanidine-carbonate-cas-593-85-1","status":"publish","type":"product","link":"https:\/\/longchangchemical.com\/tr\/product\/guanidine-carbonate-cas-593-85-1\/","title":{"rendered":"Guanidin karbonat CAS 593-85-1"},"content":{"rendered":"<h1><strong>Guanidin karbonat CAS 593-85-1<\/strong><\/h1>\n<table class=\"table-1\" cellspacing=\"0\">\n<tbody>\n<tr>\n<td>\n<h4><strong>\u00d6\u011fe<\/strong><\/h4>\n<\/td>\n<td>\n<h4><strong>Teknik \u00d6zellikler<\/strong><\/h4>\n<\/td>\n<td>\n<h4><strong>Sonu\u00e7lar<\/strong><\/h4>\n<\/td>\n<\/tr>\n<tr>\n<td>\n<h4>Safl\u0131k<\/h4>\n<\/td>\n<td>\n<h4>99%Min<\/h4>\n<\/td>\n<td>\n<h4>99.46%<\/h4>\n<\/td>\n<\/tr>\n<tr>\n<td>\n<h4>Nem<\/h4>\n<\/td>\n<td>\n<h4>0.2Maks<\/h4>\n<\/td>\n<td>\n<h4>0.15%<\/h4>\n<\/td>\n<\/tr>\n<tr>\n<td>\n<h4>K\u00fcl i\u00e7eri\u011fi<\/h4>\n<\/td>\n<td>\n<h4>0.4Maks<\/h4>\n<\/td>\n<td>\n<h4>0.34%<\/h4>\n<\/td>\n<\/tr>\n<tr>\n<td>\n<h4>\u00c7\u00f6zelti( 20% aq)<\/h4>\n<\/td>\n<td>\n<h4>\u015feffaf<\/h4>\n<\/td>\n<td>\n<h4>Uyumlu<\/h4>\n<\/td>\n<\/tr>\n<tr>\n<td>\n<h4>PH de\u011feri (4%)<\/h4>\n<\/td>\n<td>\n<h4>11.4\u00b10.4<\/h4>\n<\/td>\n<td>\n<h4>11.42<\/h4>\n<\/td>\n<\/tr>\n<tr>\n<td>\n<h4>Sonu\u00e7<\/h4>\n<\/td>\n<td colspan=\"2\">\n<h4>Sonu\u00e7lar Kurumsal standartlarla uyumludur<\/h4>\n<\/td>\n<\/tr>\n<\/tbody>\n<\/table>\n<p>&nbsp;<\/p>\n<h2><strong>Guanidin karbonat Kullan\u0131m\u0131<\/strong><\/h2>\n<h4>1.Guanidin karbonat, esas olarak alev geciktiriciler, topakla\u015ft\u0131r\u0131c\u0131lar, k\u00f6p\u00fcrt\u00fcc\u00fc maddeler ve s\u00fclfonamidlerin sentezinde kullan\u0131lan son derece \u00e7ok y\u00f6nl\u00fc bir organik ince kimyasal \u00fcr\u00fcnd\u00fcr.<\/h4>\n<h4>2. Guanidin karbonat ayr\u0131ca sentetik deterjanlar i\u00e7in bir sinerjist ve \u00fcst d\u00fczey kozmetikler i\u00e7in bir hammadde olarak kullan\u0131l\u0131r.<\/h4>\n<h4>3. Guanidin karbonat, \u00e7inko, kadmiyum ve manganezin a\u011f\u0131rl\u0131k tayininde ve ayr\u0131ca alkali metaller ve organik sentezde magnezyumun ayr\u0131lmas\u0131nda \u00e7\u00f6keltici olarak kullan\u0131l\u0131r.<\/h4>\n<h4>4. Guanidin karbonat antioksidanlar, re\u00e7ine stabilizat\u00f6rleri ve amino re\u00e7ine pH d\u00fczenleyicileri haz\u0131rlamak i\u00e7in kullan\u0131labilir.<\/h4>\n<p>&nbsp;<\/p>\n<h2><strong>Guanidin karbonat Paketleme ve Nakliye<\/strong><\/h2>\n<h4>TORBA, 25 kg\/torba.<\/h4>\n<p>&nbsp;<\/p>\n<h2><strong>Guanidin karbonat Depolama<\/strong><\/h2>\n<h4>Karanl\u0131k, serin, havaland\u0131r\u0131lm\u0131\u015f ve kuru bir ortamda saklay\u0131n.<\/h4>\n<p>&nbsp;<\/p>\n<h2><strong>Ayn\u0131 seri \u00fcr\u00fcnler<\/strong><\/h2>\n<table style=\"border-collapse: collapse; width: 312.02pt;\" border=\"0\" width=\"416\" cellspacing=\"0\" cellpadding=\"0\">\n<tbody>\n<tr style=\"height: 54.00pt;\">\n<td class=\"et3\" style=\"height: 54.00pt; width: 201.75pt;\" width=\"269\" height=\"72\">\n<h4><a href=\"https:\/\/longchangchemical.com\/tr\/product\/cobalt-carbonate-cas-513-79-1\/\"><span style=\"color: #3366ff;\">Kobalt karbonat<\/span><\/a><\/h4>\n<\/td>\n<td class=\"et3\" style=\"width: 110.25pt;\" width=\"147\">\n<h4><a href=\"https:\/\/longchangchemical.com\/tr\/product\/cobalt-carbonate-cas-513-79-1\/\"><span style=\"color: #3366ff;\">513-79-1<\/span><\/a><\/h4>\n<\/td>\n<\/tr>\n<tr style=\"height: 40.50pt;\">\n<td class=\"et4\" style=\"height: 40.50pt; width: 201.75pt;\" width=\"269\" height=\"54\">\n<h4>Guanidin karbonat<\/h4>\n<\/td>\n<td class=\"et5\" style=\"width: 110.25pt;\" width=\"147\">\n<h4>593-85-1<\/h4>\n<\/td>\n<\/tr>\n<tr style=\"height: 40.50pt;\">\n<td class=\"et6\" style=\"height: 40.50pt; width: 201.75pt;\" width=\"269\" height=\"54\">\n<h4><a href=\"https:\/\/longchangchemical.com\/tr\/product\/manganese-carbonate-cas-598-62-9\/\"><span style=\"color: #3366ff;\">Manganez karbonat<\/span><\/a><\/h4>\n<\/td>\n<td class=\"et6\" style=\"width: 110.25pt;\" width=\"147\">\n<h4>598-62-9<\/h4>\n<\/td>\n<\/tr>\n<tr style=\"height: 40.50pt;\">\n<td class=\"et7\" style=\"height: 40.50pt;\" height=\"54\">\n<h4><a href=\"https:\/\/longchangchemical.com\/tr\/product\/ammonium-bicarbonate-cas-1066-33-7\/\"><span style=\"color: #3366ff;\">Amonyum bikarbonat<\/span><\/a><\/h4>\n<\/td>\n<td class=\"et7\">\n<h4>1066-33-7<\/h4>\n<\/td>\n<\/tr>\n<tr style=\"height: 40.50pt;\">\n<td class=\"et4\" style=\"height: 40.50pt; width: 201.75pt;\" width=\"269\" height=\"54\">\n<h4><a href=\"https:\/\/longchangchemical.com\/tr\/product\/caesium-carbonate-cas-534-17-8\/\"><span style=\"color: #3366ff;\">Sezyum karbonat<\/span><\/a><\/h4>\n<\/td>\n<td class=\"et4\" style=\"width: 110.25pt;\" width=\"147\">\n<h4>534-17-8<\/h4>\n<\/td>\n<\/tr>\n<tr style=\"height: 40.50pt;\">\n<td class=\"et8\" style=\"height: 40.50pt; width: 201.75pt;\" width=\"269\" height=\"54\">\n<h4><a href=\"https:\/\/longchangchemical.com\/tr\/product\/strontium-carbonate-cas-1633-05-2\/\"><span style=\"color: #3366ff;\">Stronsiyum karbonat<\/span><\/a><\/h4>\n<\/td>\n<td class=\"et8\" style=\"width: 110.25pt;\" width=\"147\">\n<h4>1633-05-2<\/h4>\n<\/td>\n<\/tr>\n<tr style=\"height: 40.50pt;\">\n<td class=\"et4\" style=\"height: 40.50pt; width: 201.75pt;\" width=\"269\" height=\"54\">\n<h4><a href=\"https:\/\/longchangchemical.com\/tr\/product\/carbohydrazide-cas-497-18-7\/\"><span style=\"color: #3366ff;\">Karbohidrazid<\/span><\/a><\/h4>\n<\/td>\n<td class=\"et4\" style=\"width: 110.25pt;\" width=\"147\">\n<h4>497-18-7<\/h4>\n<\/td>\n<\/tr>\n<\/tbody>\n<\/table>\n<h2><\/h2>\n<h2><strong><b>\u015eimdi Bize Ula\u015f\u0131n!<\/b><\/strong><\/h2>\n<h4><strong><b>Fiyata ihtiyac\u0131n\u0131z varsa, l\u00fctfen a\u015fa\u011f\u0131daki forma ileti\u015fim bilgilerinizi doldurun, genellikle 24 saat i\u00e7inde sizinle ileti\u015fime ge\u00e7ece\u011fiz. Bana e-posta da g\u00f6nderebilirsiniz <span style=\"color: #0000ff;\"><a style=\"color: #0000ff;\" href=\"mailto:info@longchangchemical.com\">info@longchangchemical.com<\/a><\/span> \u00c7al\u0131\u015fma saatleri i\u00e7inde (8:30 - 6:00 UTC+8 Pzt.~Sat.) veya h\u0131zl\u0131 yan\u0131t almak i\u00e7in web sitesi canl\u0131 sohbetini kullan\u0131n.<\/b><\/strong><\/h4>","protected":false},"excerpt":{"rendered":"<h4>Kimyasal Ad\u0131: Guanidin karbonat<\/h4>\n<p><strong>Di\u011fer Ad\u0131: Guanidin karbonat; Aminometanamidin karbonat; Diguanidinyum karbonat; Guanidin Karbonat<\/strong><\/p>\n<h4>CAS No: 593-85-1<\/h4>\n<h4>Molek\u00fcler Fom\u00fcl: C2H7N3O3<\/h4>\n<h4>Kimyasal Yap\u0131:<img decoding=\"async\" title=\"Guanidin karbonat Yap\u0131s\u0131\" src=\"https:\/\/www.longchangchemical.com\/wp-content\/uploads\/product-details\/20200617028995.png\" alt=\"Guanidin karbonat Yap\u0131s\u0131\" width=\"145\" height=\"117\" border=\"0\" vspace=\"0\" \/><\/h4>\n<h4>Molek\u00fcl a\u011f\u0131rl\u0131\u011f\u0131: 121.1<\/h4>\n<h4>G\u00f6r\u00fcn\u00fc\u015f: Beyaz toz<\/h4>\n<h4>Tahlil: 99%min<\/h4>","protected":false},"featured_media":4444,"comment_status":"open","ping_status":"closed","template":"","meta":[],"product_brand":[],"product_cat":[69],"product_tag":[],"class_list":{"0":"post-3578","1":"product","2":"type-product","3":"status-publish","4":"has-post-thumbnail","6":"product_cat-catalysts-chemical-auxiliary-agents","8":"first","9":"instock","10":"shipping-taxable","11":"product-type-simple"},"yoast_head":"<!-- This site is optimized with the Yoast SEO plugin v25.3.1 - https:\/\/yoast.com\/wordpress\/plugins\/seo\/ -->\n<title>China Guanidine carbonate Manufacturer \uff06 593-85-1 Supplier - Longchang chemical Co., Ltd.<\/title>\n<meta name=\"description\" content=\"Longchang Chemical is a leading manufacturer and supplier of Guanidine carbonatein China. Buy Guanidine carbonate in china. We can provide the best Guanidine carbonate price. Other Name: Guanidine carbonate; Aminomethanamidine carbonate; Diguanidinium carbonate; Guanidine Carbonate\" \/>\n<meta name=\"robots\" content=\"index, follow, max-snippet:-1, max-image-preview:large, max-video-preview:-1\" \/>\n<link rel=\"canonical\" href=\"https:\/\/longchangchemical.com\/tr\/product\/guanidine-carbonate-cas-593-85-1\/\" \/>\n<meta property=\"og:locale\" content=\"tr_TR\" \/>\n<meta property=\"og:type\" content=\"article\" \/>\n<meta property=\"og:title\" content=\"China Guanidine carbonate Manufacturer \uff06 593-85-1 Supplier - Longchang chemical Co., Ltd.\" \/>\n<meta property=\"og:description\" content=\"Longchang Chemical is a leading manufacturer and supplier of Guanidine carbonatein China. Buy Guanidine carbonate in china. We can provide the best Guanidine carbonate price. Other Name: Guanidine carbonate; Aminomethanamidine carbonate; Diguanidinium carbonate; Guanidine Carbonate\" \/>\n<meta property=\"og:url\" content=\"https:\/\/longchangchemical.com\/tr\/product\/guanidine-carbonate-cas-593-85-1\/\" \/>\n<meta property=\"og:site_name\" content=\"Longchang Chemical\" \/>\n<meta property=\"article:modified_time\" content=\"2025-12-23T02:22:33+00:00\" \/>\n<meta property=\"og:image\" content=\"https:\/\/longchangchemical.com\/wp-content\/uploads\/2021\/01\/Guanidine-carbonate-Appearance.jpg\" \/>\n\t<meta property=\"og:image:width\" content=\"600\" \/>\n\t<meta property=\"og:image:height\" content=\"800\" \/>\n\t<meta property=\"og:image:type\" content=\"image\/jpeg\" \/>\n<meta name=\"twitter:card\" content=\"summary_large_image\" \/>\n<script type=\"application\/ld+json\" class=\"yoast-schema-graph\">{\"@context\":\"https:\/\/schema.org\",\"@graph\":[{\"@type\":\"WebPage\",\"@id\":\"https:\/\/longchangchemical.com\/product\/guanidine-carbonate-cas-593-85-1\/\",\"url\":\"https:\/\/longchangchemical.com\/product\/guanidine-carbonate-cas-593-85-1\/\",\"name\":\"China Guanidine carbonate Manufacturer \uff06 593-85-1 Supplier - Longchang chemical Co., Ltd.\",\"isPartOf\":{\"@id\":\"https:\/\/longchangchemical.com\/#website\"},\"primaryImageOfPage\":{\"@id\":\"https:\/\/longchangchemical.com\/product\/guanidine-carbonate-cas-593-85-1\/#primaryimage\"},\"image\":{\"@id\":\"https:\/\/longchangchemical.com\/product\/guanidine-carbonate-cas-593-85-1\/#primaryimage\"},\"thumbnailUrl\":\"https:\/\/longchangchemical.com\/wp-content\/uploads\/2021\/01\/Guanidine-carbonate-Appearance.jpg\",\"datePublished\":\"2021-03-21T13:53:40+00:00\",\"dateModified\":\"2025-12-23T02:22:33+00:00\",\"description\":\"Longchang Chemical is a leading manufacturer and supplier of Guanidine carbonatein China. Buy Guanidine carbonate in china. We can provide the best Guanidine carbonate price. Other Name: Guanidine carbonate; Aminomethanamidine carbonate; Diguanidinium carbonate; Guanidine Carbonate\",\"breadcrumb\":{\"@id\":\"https:\/\/longchangchemical.com\/product\/guanidine-carbonate-cas-593-85-1\/#breadcrumb\"},\"inLanguage\":\"tr\",\"potentialAction\":[{\"@type\":\"ReadAction\",\"target\":[\"https:\/\/longchangchemical.com\/product\/guanidine-carbonate-cas-593-85-1\/\"]}]},{\"@type\":\"ImageObject\",\"inLanguage\":\"tr\",\"@id\":\"https:\/\/longchangchemical.com\/product\/guanidine-carbonate-cas-593-85-1\/#primaryimage\",\"url\":\"https:\/\/longchangchemical.com\/wp-content\/uploads\/2021\/01\/Guanidine-carbonate-Appearance.jpg\",\"contentUrl\":\"https:\/\/longchangchemical.com\/wp-content\/uploads\/2021\/01\/Guanidine-carbonate-Appearance.jpg\",\"width\":600,\"height\":800,\"caption\":\"Carbohydrazide Appearance\"},{\"@type\":\"BreadcrumbList\",\"@id\":\"https:\/\/longchangchemical.com\/product\/guanidine-carbonate-cas-593-85-1\/#breadcrumb\",\"itemListElement\":[{\"@type\":\"ListItem\",\"position\":1,\"name\":\"Home\",\"item\":\"https:\/\/longchangchemical.com\/\"},{\"@type\":\"ListItem\",\"position\":2,\"name\":\"Products Longchang\",\"item\":\"https:\/\/longchangchemical.com\/product\/\"},{\"@type\":\"ListItem\",\"position\":3,\"name\":\"Guanidine carbonate CAS 593-85-1\"}]},{\"@type\":\"WebSite\",\"@id\":\"https:\/\/longchangchemical.com\/#website\",\"url\":\"https:\/\/longchangchemical.com\/\",\"name\":\"Longchang Chemical\",\"description\":\"China chemical manufacturer \uff06 supplier\",\"publisher\":{\"@id\":\"https:\/\/longchangchemical.com\/#organization\"},\"potentialAction\":[{\"@type\":\"SearchAction\",\"target\":{\"@type\":\"EntryPoint\",\"urlTemplate\":\"https:\/\/longchangchemical.com\/?s={search_term_string}\"},\"query-input\":{\"@type\":\"PropertyValueSpecification\",\"valueRequired\":true,\"valueName\":\"search_term_string\"}}],\"inLanguage\":\"tr\"},{\"@type\":\"Organization\",\"@id\":\"https:\/\/longchangchemical.com\/#organization\",\"name\":\"Longchang Chemical\",\"url\":\"https:\/\/longchangchemical.com\/\",\"logo\":{\"@type\":\"ImageObject\",\"inLanguage\":\"tr\",\"@id\":\"https:\/\/longchangchemical.com\/#\/schema\/logo\/image\/\",\"url\":\"https:\/\/longchangchemical.com\/wp-content\/uploads\/2020\/08\/cropped-longchang-logo.png\",\"contentUrl\":\"https:\/\/longchangchemical.com\/wp-content\/uploads\/2020\/08\/cropped-longchang-logo.png\",\"width\":512,\"height\":512,\"caption\":\"Longchang Chemical\"},\"image\":{\"@id\":\"https:\/\/longchangchemical.com\/#\/schema\/logo\/image\/\"}}]}<\/script>\n<!-- \/ Yoast SEO plugin. -->","yoast_head_json":{"title":"\u00c7in Guanidin karbonat \u00dcretici \uff06 593-85-1 Tedarik\u00e7i - Longchang chemical Co, Ltd.","description":"Longchang Chemical, \u00c7in'de Guanidin karbonat\u0131n lider \u00fcreticisi ve tedarik\u00e7isidir. \u00c7in'de Guanidin karbonat sat\u0131n al\u0131n. En iyi Guanidin karbonat fiyat\u0131n\u0131 sa\u011flayabiliriz. Di\u011fer Ad\u0131: Guanidin karbonat; Aminometanamidin karbonat; Diguanidinyum karbonat; Guanidin Karbonat","robots":{"index":"index","follow":"follow","max-snippet":"max-snippet:-1","max-image-preview":"max-image-preview:large","max-video-preview":"max-video-preview:-1"},"canonical":"https:\/\/longchangchemical.com\/tr\/product\/guanidine-carbonate-cas-593-85-1\/","og_locale":"tr_TR","og_type":"article","og_title":"China Guanidine carbonate Manufacturer \uff06 593-85-1 Supplier - Longchang chemical Co., Ltd.","og_description":"Longchang Chemical is a leading manufacturer and supplier of Guanidine carbonatein China. Buy Guanidine carbonate in china. We can provide the best Guanidine carbonate price. Other Name: Guanidine carbonate; Aminomethanamidine carbonate; Diguanidinium carbonate; Guanidine Carbonate","og_url":"https:\/\/longchangchemical.com\/tr\/product\/guanidine-carbonate-cas-593-85-1\/","og_site_name":"Longchang Chemical","article_modified_time":"2025-12-23T02:22:33+00:00","og_image":[{"width":600,"height":800,"url":"https:\/\/longchangchemical.com\/wp-content\/uploads\/2021\/01\/Guanidine-carbonate-Appearance.jpg","type":"image\/jpeg"}],"twitter_card":"summary_large_image","schema":{"@context":"https:\/\/schema.org","@graph":[{"@type":"WebPage","@id":"https:\/\/longchangchemical.com\/product\/guanidine-carbonate-cas-593-85-1\/","url":"https:\/\/longchangchemical.com\/product\/guanidine-carbonate-cas-593-85-1\/","name":"\u00c7in Guanidin karbonat \u00dcretici \uff06 593-85-1 Tedarik\u00e7i - Longchang chemical Co, Ltd.","isPartOf":{"@id":"https:\/\/longchangchemical.com\/#website"},"primaryImageOfPage":{"@id":"https:\/\/longchangchemical.com\/product\/guanidine-carbonate-cas-593-85-1\/#primaryimage"},"image":{"@id":"https:\/\/longchangchemical.com\/product\/guanidine-carbonate-cas-593-85-1\/#primaryimage"},"thumbnailUrl":"https:\/\/longchangchemical.com\/wp-content\/uploads\/2021\/01\/Guanidine-carbonate-Appearance.jpg","datePublished":"2021-03-21T13:53:40+00:00","dateModified":"2025-12-23T02:22:33+00:00","description":"Longchang Chemical, \u00c7in'de Guanidin karbonat\u0131n lider \u00fcreticisi ve tedarik\u00e7isidir. \u00c7in'de Guanidin karbonat sat\u0131n al\u0131n. En iyi Guanidin karbonat fiyat\u0131n\u0131 sa\u011flayabiliriz. Di\u011fer Ad\u0131: Guanidin karbonat; Aminometanamidin karbonat; Diguanidinyum karbonat; Guanidin Karbonat","breadcrumb":{"@id":"https:\/\/longchangchemical.com\/product\/guanidine-carbonate-cas-593-85-1\/#breadcrumb"},"inLanguage":"tr","potentialAction":[{"@type":"ReadAction","target":["https:\/\/longchangchemical.com\/product\/guanidine-carbonate-cas-593-85-1\/"]}]},{"@type":"ImageObject","inLanguage":"tr","@id":"https:\/\/longchangchemical.com\/product\/guanidine-carbonate-cas-593-85-1\/#primaryimage","url":"https:\/\/longchangchemical.com\/wp-content\/uploads\/2021\/01\/Guanidine-carbonate-Appearance.jpg","contentUrl":"https:\/\/longchangchemical.com\/wp-content\/uploads\/2021\/01\/Guanidine-carbonate-Appearance.jpg","width":600,"height":800,"caption":"Carbohydrazide Appearance"},{"@type":"BreadcrumbList","@id":"https:\/\/longchangchemical.com\/product\/guanidine-carbonate-cas-593-85-1\/#breadcrumb","itemListElement":[{"@type":"ListItem","position":1,"name":"Home","item":"https:\/\/longchangchemical.com\/"},{"@type":"ListItem","position":2,"name":"Products Longchang","item":"https:\/\/longchangchemical.com\/product\/"},{"@type":"ListItem","position":3,"name":"Guanidine carbonate CAS 593-85-1"}]},{"@type":"WebSite","@id":"https:\/\/longchangchemical.com\/#website","url":"https:\/\/longchangchemical.com\/","name":"Longchang Kimya","description":"\u00c7in kimyasal \u00fcreticisi \uff06 tedarik\u00e7isi","publisher":{"@id":"https:\/\/longchangchemical.com\/#organization"},"potentialAction":[{"@type":"SearchAction","target":{"@type":"EntryPoint","urlTemplate":"https:\/\/longchangchemical.com\/?s={search_term_string}"},"query-input":{"@type":"PropertyValueSpecification","valueRequired":true,"valueName":"search_term_string"}}],"inLanguage":"tr"},{"@type":"Organization","@id":"https:\/\/longchangchemical.com\/#organization","name":"Longchang Kimya","url":"https:\/\/longchangchemical.com\/","logo":{"@type":"ImageObject","inLanguage":"tr","@id":"https:\/\/longchangchemical.com\/#\/schema\/logo\/image\/","url":"https:\/\/longchangchemical.com\/wp-content\/uploads\/2020\/08\/cropped-longchang-logo.png","contentUrl":"https:\/\/longchangchemical.com\/wp-content\/uploads\/2020\/08\/cropped-longchang-logo.png","width":512,"height":512,"caption":"Longchang Chemical"},"image":{"@id":"https:\/\/longchangchemical.com\/#\/schema\/logo\/image\/"}}]}},"_links":{"self":[{"href":"https:\/\/longchangchemical.com\/tr\/wp-json\/wp\/v2\/product\/3578","targetHints":{"allow":["GET"]}}],"collection":[{"href":"https:\/\/longchangchemical.com\/tr\/wp-json\/wp\/v2\/product"}],"about":[{"href":"https:\/\/longchangchemical.com\/tr\/wp-json\/wp\/v2\/types\/product"}],"replies":[{"embeddable":true,"href":"https:\/\/longchangchemical.com\/tr\/wp-json\/wp\/v2\/comments?post=3578"}],"wp:featuredmedia":[{"embeddable":true,"href":"https:\/\/longchangchemical.com\/tr\/wp-json\/wp\/v2\/media\/4444"}],"wp:attachment":[{"href":"https:\/\/longchangchemical.com\/tr\/wp-json\/wp\/v2\/media?parent=3578"}],"wp:term":[{"taxonomy":"product_brand","embeddable":true,"href":"https:\/\/longchangchemical.com\/tr\/wp-json\/wp\/v2\/product_brand?post=3578"},{"taxonomy":"product_cat","embeddable":true,"href":"https:\/\/longchangchemical.com\/tr\/wp-json\/wp\/v2\/product_cat?post=3578"},{"taxonomy":"product_tag","embeddable":true,"href":"https:\/\/longchangchemical.com\/tr\/wp-json\/wp\/v2\/product_tag?post=3578"}],"curies":[{"name":"wp","href":"https:\/\/api.w.org\/{rel}","templated":true}]}}