{"id":3577,"date":"2021-04-18T13:22:18","date_gmt":"2021-04-18T13:22:18","guid":{"rendered":"https:\/\/longchangchemical.com\/?post_type=product&#038;p=3577"},"modified":"2025-12-22T09:31:12","modified_gmt":"2025-12-22T09:31:12","slug":"cas-51503-61-8","status":"publish","type":"product","link":"https:\/\/longchangchemical.com\/tr\/product\/cas-51503-61-8\/","title":{"rendered":"Diamonyum hidrojen fosfit CAS 51503-61-8"},"content":{"rendered":"<h1><strong>Diamonyum hidrojen fosfit CAS 51503-61-8<\/strong><\/h1>\n<table class=\"table-1\" cellspacing=\"0\">\n<tbody>\n<tr>\n<td colspan=\"2\">\u00d6\u011fe<\/td>\n<td>Teknik \u00d6zellikler<\/td>\n<\/tr>\n<tr>\n<td colspan=\"2\">G\u00f6r\u00fcn\u00fc\u015f<\/td>\n<td>Beyaz kristal<\/td>\n<\/tr>\n<tr>\n<td rowspan=\"3\">Tahlil<\/td>\n<td>(NH4)<sub>2<\/sub>HPO<sub>3<\/sub>-H<sub>2<\/sub>O<\/td>\n<td>98.0% dk<\/td>\n<\/tr>\n<tr>\n<td>N<\/td>\n<td>20.4% dk<\/td>\n<\/tr>\n<tr>\n<td>P<sub>2<\/sub>O<sub>5<\/sub><\/td>\n<td>51,9% dk<\/td>\n<\/tr>\n<tr>\n<td colspan=\"2\">5% \u00e7\u00f6zeltisinin PH'\u0131.<\/td>\n<td>7.4-7.7<\/td>\n<\/tr>\n<tr>\n<td colspan=\"2\">Nem<\/td>\n<td>2.0% maks.<\/td>\n<\/tr>\n<tr>\n<td colspan=\"2\">Cl<\/td>\n<td>0.0005% maks<\/td>\n<\/tr>\n<tr>\n<td colspan=\"2\">Fe<\/td>\n<td>0.0005% maks<\/td>\n<\/tr>\n<tr>\n<td colspan=\"2\">Cd<\/td>\n<td>0.0005% maks<\/td>\n<\/tr>\n<tr>\n<td colspan=\"2\">Pb<\/td>\n<td>0.001% maks<\/td>\n<\/tr>\n<tr>\n<td colspan=\"2\">As<\/td>\n<td>0.001% maks<\/td>\n<\/tr>\n<tr>\n<td colspan=\"2\">Suda \u00e7\u00f6z\u00fcnmeyen malzemeler<\/td>\n<td>0,01% maks.<\/td>\n<\/tr>\n<\/tbody>\n<\/table>\n<p>&nbsp;<\/p>\n<h2>Diamonyum hidrojen fosfit ve diamonyum hidrojen fosfat aras\u0131ndaki fark nedir?<\/h2>\n<h4>1. Bunlar\u0131n hepsi tar\u0131mda yayg\u0131n olarak kullan\u0131lan fosfatl\u0131 kompoze g\u00fcbrelerdir.<\/h4>\n<h4>2. Yayg\u0131n diamonyumlar aras\u0131nda 18-46-0, 15-42-0, vb., monoamonyum 11-52-0, 11-44-0, vb. bulunur. Monoamonyumun azot i\u00e7eri\u011fi genellikle 11%'den daha azd\u0131r. Diamonyum daha alkalin, monoamonyum daha asidiktir. Monoamonyumun kuzey \u00c7in'deki tuzlu-alkali topraklar \u00fczerindeki etkisi diamonyumdan daha iyidir. Farkl\u0131 \u00fcr\u00fcnlerin g\u00fcbre gereksinimlerine g\u00f6re farkl\u0131 azotlu ve potasyumlu g\u00fcbrelerle kullan\u0131ld\u0131\u011f\u0131 s\u00fcrece etkisi benzerdir.<\/h4>\n<h4>3. Y\u00fcksek toplam diamonyum i\u00e7eri\u011fi nedeniyle, \u00fcretim i\u00e7in genellikle y\u00fcksek dereceli fosfat kayas\u0131 gereklidir ve suda \u00e7\u00f6z\u00fcn\u00fcr fosfor i\u00e7eri\u011fi genellikle monoamonyumdan daha y\u00fcksektir<\/h4>\n<h2><\/h2>\n<h2><strong>Diamonyum hidrojen fosfit Paketleme ve Nakliye<\/strong><\/h2>\n<h4>Ambalaj: 20kg\/\u00e7anta<\/h4>\n<h4>Teslimat: Deniz yoluyla, hava yoluyla, kurye ile vb.<\/h4>\n<p>&nbsp;<\/p>\n<h2><strong>Diamonyum hidrojen fosfit Depolama<\/strong><\/h2>\n<h4>Serin yerde saklay\u0131n. Kab\u0131 kuru ve iyi havaland\u0131r\u0131lan bir yerde s\u0131k\u0131ca kapal\u0131 tutun.<\/h4>\n<p>&nbsp;<\/p>\n<h2><strong><b>\u015eimdi Bize Ula\u015f\u0131n!<\/b><\/strong><\/h2>\n<h4><strong><b>\u00d6zelle\u015ftirilmi\u015f hizmetler sunuyoruz, genellikle 24 saat i\u00e7inde sizinle ileti\u015fime ge\u00e7ece\u011fiz. Ayr\u0131ca mesai saatleri i\u00e7inde (8:30 - 6:00 UTC+8 Pzt.~Sat.) info@longchangchemical.com adresine e-posta g\u00f6nderebilir veya h\u0131zl\u0131 yan\u0131t almak i\u00e7in web sitesi canl\u0131 sohbetini kullanabilirsiniz.<\/b><\/strong><\/h4>","protected":false},"excerpt":{"rendered":"<h4>Kimyasal Ad\u0131: Diamonyum hidrojen fosfit<\/h4>\n<h4>CAS No: 51503-61-8<\/h4>\n<h4>Molek\u00fcler Form\u00fcl: H9N2O3P<\/h4>\n<h4>Molek\u00fcl a\u011f\u0131rl\u0131\u011f\u0131:116.06<\/h4>\n<h4>Diamonyum hidrojen fosfitYap\u0131:<img decoding=\"async\" title=\"Diamonyum hidrojen fosfit Yap\u0131s\u0131\" src=\"https:\/\/www.longchangchemical.com\/wp-content\/uploads\/product-details\/20200611140376.png\" alt=\"Diamonyum hidrojen fosfit Yap\u0131s\u0131\" width=\"75\" height=\"60\" border=\"0\" vspace=\"0\" \/><\/h4>\n<h4>G\u00f6r\u00fcn\u00fcm:Beyaz kristal<\/h4>\n<h4>Test: \u226598.0%<\/h4>","protected":false},"featured_media":4504,"comment_status":"open","ping_status":"closed","template":"","meta":[],"product_brand":[],"product_cat":[73],"product_tag":[],"class_list":{"0":"post-3577","1":"product","2":"type-product","3":"status-publish","4":"has-post-thumbnail","6":"product_cat-other-additives","8":"first","9":"instock","10":"shipping-taxable","11":"product-type-simple"},"yoast_head":"<!-- This site is optimized with the Yoast SEO plugin v25.3.1 - https:\/\/yoast.com\/wordpress\/plugins\/seo\/ -->\n<title>China Diammonium hydrogen phosphite Manufacturer \uff06 CAS 51503-61-8 Supplier - Longchang chemical Co., Ltd.<\/title>\n<meta name=\"description\" content=\"Longchang Chemical is a leading manufacturer and supplier of Diammonium hydrogen phosphite in China. Buy Diammonium hydrogen phosphite in china. We can provide the best Diammonium hydrogen phosphite price.\" \/>\n<meta name=\"robots\" content=\"index, follow, max-snippet:-1, max-image-preview:large, max-video-preview:-1\" \/>\n<link rel=\"canonical\" href=\"https:\/\/longchangchemical.com\/tr\/product\/cas-51503-61-8\/\" \/>\n<meta property=\"og:locale\" content=\"tr_TR\" \/>\n<meta property=\"og:type\" content=\"article\" \/>\n<meta property=\"og:title\" content=\"China Diammonium hydrogen phosphite Manufacturer \uff06 CAS 51503-61-8 Supplier - Longchang chemical Co., Ltd.\" \/>\n<meta property=\"og:description\" content=\"Longchang Chemical is a leading manufacturer and supplier of Diammonium hydrogen phosphite in China. Buy Diammonium hydrogen phosphite in china. We can provide the best Diammonium hydrogen phosphite price.\" \/>\n<meta property=\"og:url\" content=\"https:\/\/longchangchemical.com\/tr\/product\/cas-51503-61-8\/\" \/>\n<meta property=\"og:site_name\" content=\"Longchang Chemical\" \/>\n<meta property=\"article:modified_time\" content=\"2025-12-22T09:31:12+00:00\" \/>\n<meta property=\"og:image\" content=\"https:\/\/longchangchemical.com\/wp-content\/uploads\/2021\/01\/Appearance-18.jpg\" \/>\n\t<meta property=\"og:image:width\" content=\"600\" \/>\n\t<meta property=\"og:image:height\" content=\"800\" \/>\n\t<meta property=\"og:image:type\" content=\"image\/jpeg\" \/>\n<meta name=\"twitter:card\" content=\"summary_large_image\" \/>\n<script type=\"application\/ld+json\" class=\"yoast-schema-graph\">{\"@context\":\"https:\/\/schema.org\",\"@graph\":[{\"@type\":\"WebPage\",\"@id\":\"https:\/\/longchangchemical.com\/product\/cas-51503-61-8\/\",\"url\":\"https:\/\/longchangchemical.com\/product\/cas-51503-61-8\/\",\"name\":\"China Diammonium hydrogen phosphite Manufacturer \uff06 CAS 51503-61-8 Supplier - Longchang chemical Co., Ltd.\",\"isPartOf\":{\"@id\":\"https:\/\/longchangchemical.com\/#website\"},\"primaryImageOfPage\":{\"@id\":\"https:\/\/longchangchemical.com\/product\/cas-51503-61-8\/#primaryimage\"},\"image\":{\"@id\":\"https:\/\/longchangchemical.com\/product\/cas-51503-61-8\/#primaryimage\"},\"thumbnailUrl\":\"https:\/\/longchangchemical.com\/wp-content\/uploads\/2021\/01\/Appearance-18.jpg\",\"datePublished\":\"2021-04-18T13:22:18+00:00\",\"dateModified\":\"2025-12-22T09:31:12+00:00\",\"description\":\"Longchang Chemical is a leading manufacturer and supplier of Diammonium hydrogen phosphite in China. Buy Diammonium hydrogen phosphite in china. We can provide the best Diammonium hydrogen phosphite price.\",\"breadcrumb\":{\"@id\":\"https:\/\/longchangchemical.com\/product\/cas-51503-61-8\/#breadcrumb\"},\"inLanguage\":\"tr\",\"potentialAction\":[{\"@type\":\"ReadAction\",\"target\":[\"https:\/\/longchangchemical.com\/product\/cas-51503-61-8\/\"]}]},{\"@type\":\"ImageObject\",\"inLanguage\":\"tr\",\"@id\":\"https:\/\/longchangchemical.com\/product\/cas-51503-61-8\/#primaryimage\",\"url\":\"https:\/\/longchangchemical.com\/wp-content\/uploads\/2021\/01\/Appearance-18.jpg\",\"contentUrl\":\"https:\/\/longchangchemical.com\/wp-content\/uploads\/2021\/01\/Appearance-18.jpg\",\"width\":600,\"height\":800,\"caption\":\"Diammonium hydrogen phosphite Appearance\"},{\"@type\":\"BreadcrumbList\",\"@id\":\"https:\/\/longchangchemical.com\/product\/cas-51503-61-8\/#breadcrumb\",\"itemListElement\":[{\"@type\":\"ListItem\",\"position\":1,\"name\":\"Home\",\"item\":\"https:\/\/longchangchemical.com\/\"},{\"@type\":\"ListItem\",\"position\":2,\"name\":\"Products Longchang\",\"item\":\"https:\/\/longchangchemical.com\/product\/\"},{\"@type\":\"ListItem\",\"position\":3,\"name\":\"Diammonium hydrogen phosphite CAS 51503-61-8\"}]},{\"@type\":\"WebSite\",\"@id\":\"https:\/\/longchangchemical.com\/#website\",\"url\":\"https:\/\/longchangchemical.com\/\",\"name\":\"Longchang Chemical\",\"description\":\"China chemical manufacturer \uff06 supplier\",\"publisher\":{\"@id\":\"https:\/\/longchangchemical.com\/#organization\"},\"potentialAction\":[{\"@type\":\"SearchAction\",\"target\":{\"@type\":\"EntryPoint\",\"urlTemplate\":\"https:\/\/longchangchemical.com\/?s={search_term_string}\"},\"query-input\":{\"@type\":\"PropertyValueSpecification\",\"valueRequired\":true,\"valueName\":\"search_term_string\"}}],\"inLanguage\":\"tr\"},{\"@type\":\"Organization\",\"@id\":\"https:\/\/longchangchemical.com\/#organization\",\"name\":\"Longchang Chemical\",\"url\":\"https:\/\/longchangchemical.com\/\",\"logo\":{\"@type\":\"ImageObject\",\"inLanguage\":\"tr\",\"@id\":\"https:\/\/longchangchemical.com\/#\/schema\/logo\/image\/\",\"url\":\"https:\/\/longchangchemical.com\/wp-content\/uploads\/2020\/08\/cropped-longchang-logo.png\",\"contentUrl\":\"https:\/\/longchangchemical.com\/wp-content\/uploads\/2020\/08\/cropped-longchang-logo.png\",\"width\":512,\"height\":512,\"caption\":\"Longchang Chemical\"},\"image\":{\"@id\":\"https:\/\/longchangchemical.com\/#\/schema\/logo\/image\/\"}}]}<\/script>\n<!-- \/ Yoast SEO plugin. -->","yoast_head_json":{"title":"\u00c7in Diamonyum hidrojen fosfit \u00dcretici \uff06 CAS 51503-61-8 Tedarik\u00e7i - Longchang chemical Co, Ltd.","description":"Longchang Chemical, \u00c7in'in \u00f6nde gelen Diamonyum hidrojen fosfit \u00fcreticisi ve tedarik\u00e7isidir. \u00c7in'de Diamonyum hidrojen fosfit sat\u0131n al\u0131n. En iyi Diamonyum hidrojen fosfit fiyat\u0131n\u0131 sa\u011flayabiliriz.","robots":{"index":"index","follow":"follow","max-snippet":"max-snippet:-1","max-image-preview":"max-image-preview:large","max-video-preview":"max-video-preview:-1"},"canonical":"https:\/\/longchangchemical.com\/tr\/product\/cas-51503-61-8\/","og_locale":"tr_TR","og_type":"article","og_title":"China Diammonium hydrogen phosphite Manufacturer \uff06 CAS 51503-61-8 Supplier - Longchang chemical Co., Ltd.","og_description":"Longchang Chemical is a leading manufacturer and supplier of Diammonium hydrogen phosphite in China. Buy Diammonium hydrogen phosphite in china. We can provide the best Diammonium hydrogen phosphite price.","og_url":"https:\/\/longchangchemical.com\/tr\/product\/cas-51503-61-8\/","og_site_name":"Longchang Chemical","article_modified_time":"2025-12-22T09:31:12+00:00","og_image":[{"width":600,"height":800,"url":"https:\/\/longchangchemical.com\/wp-content\/uploads\/2021\/01\/Appearance-18.jpg","type":"image\/jpeg"}],"twitter_card":"summary_large_image","schema":{"@context":"https:\/\/schema.org","@graph":[{"@type":"WebPage","@id":"https:\/\/longchangchemical.com\/product\/cas-51503-61-8\/","url":"https:\/\/longchangchemical.com\/product\/cas-51503-61-8\/","name":"\u00c7in Diamonyum hidrojen fosfit \u00dcretici \uff06 CAS 51503-61-8 Tedarik\u00e7i - Longchang chemical Co, Ltd.","isPartOf":{"@id":"https:\/\/longchangchemical.com\/#website"},"primaryImageOfPage":{"@id":"https:\/\/longchangchemical.com\/product\/cas-51503-61-8\/#primaryimage"},"image":{"@id":"https:\/\/longchangchemical.com\/product\/cas-51503-61-8\/#primaryimage"},"thumbnailUrl":"https:\/\/longchangchemical.com\/wp-content\/uploads\/2021\/01\/Appearance-18.jpg","datePublished":"2021-04-18T13:22:18+00:00","dateModified":"2025-12-22T09:31:12+00:00","description":"Longchang Chemical, \u00c7in'in \u00f6nde gelen Diamonyum hidrojen fosfit \u00fcreticisi ve tedarik\u00e7isidir. \u00c7in'de Diamonyum hidrojen fosfit sat\u0131n al\u0131n. En iyi Diamonyum hidrojen fosfit fiyat\u0131n\u0131 sa\u011flayabiliriz.","breadcrumb":{"@id":"https:\/\/longchangchemical.com\/product\/cas-51503-61-8\/#breadcrumb"},"inLanguage":"tr","potentialAction":[{"@type":"ReadAction","target":["https:\/\/longchangchemical.com\/product\/cas-51503-61-8\/"]}]},{"@type":"ImageObject","inLanguage":"tr","@id":"https:\/\/longchangchemical.com\/product\/cas-51503-61-8\/#primaryimage","url":"https:\/\/longchangchemical.com\/wp-content\/uploads\/2021\/01\/Appearance-18.jpg","contentUrl":"https:\/\/longchangchemical.com\/wp-content\/uploads\/2021\/01\/Appearance-18.jpg","width":600,"height":800,"caption":"Diammonium hydrogen phosphite Appearance"},{"@type":"BreadcrumbList","@id":"https:\/\/longchangchemical.com\/product\/cas-51503-61-8\/#breadcrumb","itemListElement":[{"@type":"ListItem","position":1,"name":"Home","item":"https:\/\/longchangchemical.com\/"},{"@type":"ListItem","position":2,"name":"Products Longchang","item":"https:\/\/longchangchemical.com\/product\/"},{"@type":"ListItem","position":3,"name":"Diammonium hydrogen phosphite CAS 51503-61-8"}]},{"@type":"WebSite","@id":"https:\/\/longchangchemical.com\/#website","url":"https:\/\/longchangchemical.com\/","name":"Longchang Kimya","description":"\u00c7in kimyasal \u00fcreticisi \uff06 tedarik\u00e7isi","publisher":{"@id":"https:\/\/longchangchemical.com\/#organization"},"potentialAction":[{"@type":"SearchAction","target":{"@type":"EntryPoint","urlTemplate":"https:\/\/longchangchemical.com\/?s={search_term_string}"},"query-input":{"@type":"PropertyValueSpecification","valueRequired":true,"valueName":"search_term_string"}}],"inLanguage":"tr"},{"@type":"Organization","@id":"https:\/\/longchangchemical.com\/#organization","name":"Longchang Kimya","url":"https:\/\/longchangchemical.com\/","logo":{"@type":"ImageObject","inLanguage":"tr","@id":"https:\/\/longchangchemical.com\/#\/schema\/logo\/image\/","url":"https:\/\/longchangchemical.com\/wp-content\/uploads\/2020\/08\/cropped-longchang-logo.png","contentUrl":"https:\/\/longchangchemical.com\/wp-content\/uploads\/2020\/08\/cropped-longchang-logo.png","width":512,"height":512,"caption":"Longchang Chemical"},"image":{"@id":"https:\/\/longchangchemical.com\/#\/schema\/logo\/image\/"}}]}},"_links":{"self":[{"href":"https:\/\/longchangchemical.com\/tr\/wp-json\/wp\/v2\/product\/3577","targetHints":{"allow":["GET"]}}],"collection":[{"href":"https:\/\/longchangchemical.com\/tr\/wp-json\/wp\/v2\/product"}],"about":[{"href":"https:\/\/longchangchemical.com\/tr\/wp-json\/wp\/v2\/types\/product"}],"replies":[{"embeddable":true,"href":"https:\/\/longchangchemical.com\/tr\/wp-json\/wp\/v2\/comments?post=3577"}],"wp:featuredmedia":[{"embeddable":true,"href":"https:\/\/longchangchemical.com\/tr\/wp-json\/wp\/v2\/media\/4504"}],"wp:attachment":[{"href":"https:\/\/longchangchemical.com\/tr\/wp-json\/wp\/v2\/media?parent=3577"}],"wp:term":[{"taxonomy":"product_brand","embeddable":true,"href":"https:\/\/longchangchemical.com\/tr\/wp-json\/wp\/v2\/product_brand?post=3577"},{"taxonomy":"product_cat","embeddable":true,"href":"https:\/\/longchangchemical.com\/tr\/wp-json\/wp\/v2\/product_cat?post=3577"},{"taxonomy":"product_tag","embeddable":true,"href":"https:\/\/longchangchemical.com\/tr\/wp-json\/wp\/v2\/product_tag?post=3577"}],"curies":[{"name":"wp","href":"https:\/\/api.w.org\/{rel}","templated":true}]}}