{"id":3571,"date":"2021-04-12T13:15:05","date_gmt":"2021-04-12T13:15:05","guid":{"rendered":"https:\/\/longchangchemical.com\/?post_type=product&#038;p=3571"},"modified":"2025-12-22T09:42:12","modified_gmt":"2025-12-22T09:42:12","slug":"candelilla-wax-cas-8006-44-8","status":"publish","type":"product","link":"https:\/\/longchangchemical.com\/tr\/product\/candelilla-wax-cas-8006-44-8\/","title":{"rendered":"Candelilla mumu CAS 8006-44-8"},"content":{"rendered":"<h1><strong>Candelilla mumu CAS 8006-44-8<\/strong><\/h1>\n<table class=\"table-1\" cellspacing=\"0\">\n<tbody>\n<tr>\n<td>\n<h4>\u00d6\u011fe<\/h4>\n<\/td>\n<td>\n<h4>Teknik \u00d6zellikler<\/h4>\n<\/td>\n<\/tr>\n<tr>\n<td>\n<h4>Birle\u015fme noktas\u0131<\/h4>\n<\/td>\n<td>\n<h4>67.0 (D\u00f6ner Termometre)<\/h4>\n<\/td>\n<\/tr>\n<tr>\n<td>\n<h4>Asit de\u011feri<\/h4>\n<\/td>\n<td>\n<h4>16,79 mg KOH\/g<\/h4>\n<\/td>\n<\/tr>\n<tr>\n<td>\n<h4>Paskalya de\u011feri<\/h4>\n<\/td>\n<td>\n<h4>39,56 mg KOH\/g<\/h4>\n<\/td>\n<\/tr>\n<tr>\n<td>\n<h4>Sabunla\u015fma de\u011feri<\/h4>\n<\/td>\n<td>\n<h4>56,35 mg KOH\/g<\/h4>\n<\/td>\n<\/tr>\n<\/tbody>\n<\/table>\n<h2><\/h2>\n<h2><strong>Kandelilla mumu kullan\u0131m\u0131<\/strong><\/h2>\n<h4>1. Candelilla mumu, Teksas ve Meksika'da yeti\u015fen bir ottan elde edilen kahverengi bir bitkisel mumu ifade eder. Sertlik a\u00e7\u0131s\u0131ndan karnauba balmumundan sonra ikinci s\u0131radad\u0131r ve erime s\u0131cakl\u0131\u011f\u0131 67 ile 71 aras\u0131ndad\u0131r. Karnauba mumu gibi, kandelilla mumu da di\u011fer bile\u015fenlerle kar\u0131\u015ft\u0131r\u0131ld\u0131\u011f\u0131nda mumun sertli\u011fini art\u0131rmak i\u00e7in kullan\u0131l\u0131r, ancak sertle\u015ftirme etkisi karnauba mumu kadar iyi de\u011fildir.<\/h4>\n<h4>2.  Bu \u00fcr\u00fcn y\u00fczey s\u00fcsleme maddesi ve ya\u011flay\u0131c\u0131 olarak kullan\u0131labilir ve balmumu ka\u011f\u0131d\u0131 yapmak i\u00e7in kullan\u0131labilir.<\/h4>\n<h2><\/h2>\n<h2><strong>Candelilla wax Paketleme ve Nakliye<\/strong><\/h2>\n<h4>Ambalaj: 25kg\/\u00e7anta<\/h4>\n<p>&nbsp;<\/p>\n<h2><strong>Candelilla mumu Depolama<\/strong><\/h2>\n<h4>Serin, kuru ve karanl\u0131k bir depoda saklan\u0131r.<\/h4>\n<p>&nbsp;<\/p>\n<h2><strong><b>\u015eimdi Bize Ula\u015f\u0131n!<\/b><\/strong><\/h2>\n<h4><strong><b>\u00d6zelle\u015ftirilmi\u015f hizmetler sunuyoruz, genellikle 24 saat i\u00e7inde sizinle ileti\u015fime ge\u00e7ece\u011fiz. Ayr\u0131ca mesai saatleri i\u00e7inde (8:30 - 6:00 UTC+8 Pzt.~Sat.) info@longchangchemical.com adresine e-posta g\u00f6nderebilir veya h\u0131zl\u0131 yan\u0131t almak i\u00e7in web sitesi canl\u0131 sohbetini kullanabilirsiniz.<\/b><\/strong><\/h4>","protected":false},"excerpt":{"rendered":"<h4>Kimyasal Ad\u0131:Candelilla mumu<\/h4>\n<h4>CAS No.:8006-44-8<\/h4>\n<h4>Molek\u00fcler Form\u00fcl:C31H64<\/h4>\n<h4>Molek\u00fcler A\u011f\u0131rl\u0131k:436.840<\/h4>\n<h4>G\u00f6r\u00fcn\u00fcm:Sar\u0131 Pullar<\/h4>","protected":false},"featured_media":4491,"comment_status":"open","ping_status":"closed","template":"","meta":[],"product_brand":[],"product_cat":[69],"product_tag":[],"class_list":{"0":"post-3571","1":"product","2":"type-product","3":"status-publish","4":"has-post-thumbnail","6":"product_cat-catalysts-chemical-auxiliary-agents","8":"first","9":"instock","10":"shipping-taxable","11":"product-type-simple"},"yoast_head":"<!-- This site is optimized with the Yoast SEO plugin v25.3.1 - https:\/\/yoast.com\/wordpress\/plugins\/seo\/ -->\n<title>China Candelilla wax Manufacturer \uff06 Supplier - Longchang chemical Co., Ltd.<\/title>\n<meta name=\"description\" content=\"Longchang Chemical is a leading manufacturer and supplier of Candelilla wax in China. Buy Candelilla wax in china. We can provide the best Candelilla wax price.\" \/>\n<meta name=\"robots\" content=\"index, follow, max-snippet:-1, max-image-preview:large, max-video-preview:-1\" \/>\n<link rel=\"canonical\" href=\"https:\/\/longchangchemical.com\/tr\/product\/candelilla-wax-cas-8006-44-8\/\" \/>\n<meta property=\"og:locale\" content=\"tr_TR\" \/>\n<meta property=\"og:type\" content=\"article\" \/>\n<meta property=\"og:title\" content=\"China Candelilla wax Manufacturer \uff06 Supplier - Longchang chemical Co., Ltd.\" \/>\n<meta property=\"og:description\" content=\"Longchang Chemical is a leading manufacturer and supplier of Candelilla wax in China. Buy Candelilla wax in china. We can provide the best Candelilla wax price.\" \/>\n<meta property=\"og:url\" content=\"https:\/\/longchangchemical.com\/tr\/product\/candelilla-wax-cas-8006-44-8\/\" \/>\n<meta property=\"og:site_name\" content=\"Longchang Chemical\" \/>\n<meta property=\"article:modified_time\" content=\"2025-12-22T09:42:12+00:00\" \/>\n<meta property=\"og:image\" content=\"https:\/\/longchangchemical.com\/wp-content\/uploads\/2021\/01\/Appearance-16.jpg\" \/>\n\t<meta property=\"og:image:width\" content=\"600\" \/>\n\t<meta property=\"og:image:height\" content=\"800\" \/>\n\t<meta property=\"og:image:type\" content=\"image\/jpeg\" \/>\n<meta name=\"twitter:card\" content=\"summary_large_image\" \/>\n<script type=\"application\/ld+json\" class=\"yoast-schema-graph\">{\"@context\":\"https:\/\/schema.org\",\"@graph\":[{\"@type\":\"WebPage\",\"@id\":\"https:\/\/longchangchemical.com\/product\/candelilla-wax-cas-8006-44-8\/\",\"url\":\"https:\/\/longchangchemical.com\/product\/candelilla-wax-cas-8006-44-8\/\",\"name\":\"China Candelilla wax Manufacturer \uff06 Supplier - Longchang chemical Co., Ltd.\",\"isPartOf\":{\"@id\":\"https:\/\/longchangchemical.com\/#website\"},\"primaryImageOfPage\":{\"@id\":\"https:\/\/longchangchemical.com\/product\/candelilla-wax-cas-8006-44-8\/#primaryimage\"},\"image\":{\"@id\":\"https:\/\/longchangchemical.com\/product\/candelilla-wax-cas-8006-44-8\/#primaryimage\"},\"thumbnailUrl\":\"https:\/\/longchangchemical.com\/wp-content\/uploads\/2021\/01\/Appearance-16.jpg\",\"datePublished\":\"2021-04-12T13:15:05+00:00\",\"dateModified\":\"2025-12-22T09:42:12+00:00\",\"description\":\"Longchang Chemical is a leading manufacturer and supplier of Candelilla wax in China. Buy Candelilla wax in china. We can provide the best Candelilla wax price.\",\"breadcrumb\":{\"@id\":\"https:\/\/longchangchemical.com\/product\/candelilla-wax-cas-8006-44-8\/#breadcrumb\"},\"inLanguage\":\"tr\",\"potentialAction\":[{\"@type\":\"ReadAction\",\"target\":[\"https:\/\/longchangchemical.com\/product\/candelilla-wax-cas-8006-44-8\/\"]}]},{\"@type\":\"ImageObject\",\"inLanguage\":\"tr\",\"@id\":\"https:\/\/longchangchemical.com\/product\/candelilla-wax-cas-8006-44-8\/#primaryimage\",\"url\":\"https:\/\/longchangchemical.com\/wp-content\/uploads\/2021\/01\/Appearance-16.jpg\",\"contentUrl\":\"https:\/\/longchangchemical.com\/wp-content\/uploads\/2021\/01\/Appearance-16.jpg\",\"width\":600,\"height\":800,\"caption\":\"Candelilla wax Appearance\"},{\"@type\":\"BreadcrumbList\",\"@id\":\"https:\/\/longchangchemical.com\/product\/candelilla-wax-cas-8006-44-8\/#breadcrumb\",\"itemListElement\":[{\"@type\":\"ListItem\",\"position\":1,\"name\":\"Home\",\"item\":\"https:\/\/longchangchemical.com\/\"},{\"@type\":\"ListItem\",\"position\":2,\"name\":\"Products Longchang\",\"item\":\"https:\/\/longchangchemical.com\/product\/\"},{\"@type\":\"ListItem\",\"position\":3,\"name\":\"Candelilla wax CAS 8006-44-8\"}]},{\"@type\":\"WebSite\",\"@id\":\"https:\/\/longchangchemical.com\/#website\",\"url\":\"https:\/\/longchangchemical.com\/\",\"name\":\"Longchang Chemical\",\"description\":\"China chemical manufacturer \uff06 supplier\",\"publisher\":{\"@id\":\"https:\/\/longchangchemical.com\/#organization\"},\"potentialAction\":[{\"@type\":\"SearchAction\",\"target\":{\"@type\":\"EntryPoint\",\"urlTemplate\":\"https:\/\/longchangchemical.com\/?s={search_term_string}\"},\"query-input\":{\"@type\":\"PropertyValueSpecification\",\"valueRequired\":true,\"valueName\":\"search_term_string\"}}],\"inLanguage\":\"tr\"},{\"@type\":\"Organization\",\"@id\":\"https:\/\/longchangchemical.com\/#organization\",\"name\":\"Longchang Chemical\",\"url\":\"https:\/\/longchangchemical.com\/\",\"logo\":{\"@type\":\"ImageObject\",\"inLanguage\":\"tr\",\"@id\":\"https:\/\/longchangchemical.com\/#\/schema\/logo\/image\/\",\"url\":\"https:\/\/longchangchemical.com\/wp-content\/uploads\/2020\/08\/cropped-longchang-logo.png\",\"contentUrl\":\"https:\/\/longchangchemical.com\/wp-content\/uploads\/2020\/08\/cropped-longchang-logo.png\",\"width\":512,\"height\":512,\"caption\":\"Longchang Chemical\"},\"image\":{\"@id\":\"https:\/\/longchangchemical.com\/#\/schema\/logo\/image\/\"}}]}<\/script>\n<!-- \/ Yoast SEO plugin. -->","yoast_head_json":{"title":"\u00c7in Candelilla wax \u00dcretici \uff06 Tedarik\u00e7i - Longchang chemical Co, Ltd.","description":"Longchang Chemical, \u00c7in'in \u00f6nde gelen Candelilla mumu \u00fcreticisi ve tedarik\u00e7isidir. \u00c7in'de Candelilla mumu sat\u0131n al\u0131n. En iyi Candelilla balmumu fiyat\u0131n\u0131 sa\u011flayabiliriz.","robots":{"index":"index","follow":"follow","max-snippet":"max-snippet:-1","max-image-preview":"max-image-preview:large","max-video-preview":"max-video-preview:-1"},"canonical":"https:\/\/longchangchemical.com\/tr\/product\/candelilla-wax-cas-8006-44-8\/","og_locale":"tr_TR","og_type":"article","og_title":"China Candelilla wax Manufacturer \uff06 Supplier - Longchang chemical Co., Ltd.","og_description":"Longchang Chemical is a leading manufacturer and supplier of Candelilla wax in China. Buy Candelilla wax in china. We can provide the best Candelilla wax price.","og_url":"https:\/\/longchangchemical.com\/tr\/product\/candelilla-wax-cas-8006-44-8\/","og_site_name":"Longchang Chemical","article_modified_time":"2025-12-22T09:42:12+00:00","og_image":[{"width":600,"height":800,"url":"https:\/\/longchangchemical.com\/wp-content\/uploads\/2021\/01\/Appearance-16.jpg","type":"image\/jpeg"}],"twitter_card":"summary_large_image","schema":{"@context":"https:\/\/schema.org","@graph":[{"@type":"WebPage","@id":"https:\/\/longchangchemical.com\/product\/candelilla-wax-cas-8006-44-8\/","url":"https:\/\/longchangchemical.com\/product\/candelilla-wax-cas-8006-44-8\/","name":"\u00c7in Candelilla wax \u00dcretici \uff06 Tedarik\u00e7i - Longchang chemical Co, Ltd.","isPartOf":{"@id":"https:\/\/longchangchemical.com\/#website"},"primaryImageOfPage":{"@id":"https:\/\/longchangchemical.com\/product\/candelilla-wax-cas-8006-44-8\/#primaryimage"},"image":{"@id":"https:\/\/longchangchemical.com\/product\/candelilla-wax-cas-8006-44-8\/#primaryimage"},"thumbnailUrl":"https:\/\/longchangchemical.com\/wp-content\/uploads\/2021\/01\/Appearance-16.jpg","datePublished":"2021-04-12T13:15:05+00:00","dateModified":"2025-12-22T09:42:12+00:00","description":"Longchang Chemical, \u00c7in'in \u00f6nde gelen Candelilla mumu \u00fcreticisi ve tedarik\u00e7isidir. \u00c7in'de Candelilla mumu sat\u0131n al\u0131n. En iyi Candelilla balmumu fiyat\u0131n\u0131 sa\u011flayabiliriz.","breadcrumb":{"@id":"https:\/\/longchangchemical.com\/product\/candelilla-wax-cas-8006-44-8\/#breadcrumb"},"inLanguage":"tr","potentialAction":[{"@type":"ReadAction","target":["https:\/\/longchangchemical.com\/product\/candelilla-wax-cas-8006-44-8\/"]}]},{"@type":"ImageObject","inLanguage":"tr","@id":"https:\/\/longchangchemical.com\/product\/candelilla-wax-cas-8006-44-8\/#primaryimage","url":"https:\/\/longchangchemical.com\/wp-content\/uploads\/2021\/01\/Appearance-16.jpg","contentUrl":"https:\/\/longchangchemical.com\/wp-content\/uploads\/2021\/01\/Appearance-16.jpg","width":600,"height":800,"caption":"Candelilla wax Appearance"},{"@type":"BreadcrumbList","@id":"https:\/\/longchangchemical.com\/product\/candelilla-wax-cas-8006-44-8\/#breadcrumb","itemListElement":[{"@type":"ListItem","position":1,"name":"Home","item":"https:\/\/longchangchemical.com\/"},{"@type":"ListItem","position":2,"name":"Products Longchang","item":"https:\/\/longchangchemical.com\/product\/"},{"@type":"ListItem","position":3,"name":"Candelilla wax CAS 8006-44-8"}]},{"@type":"WebSite","@id":"https:\/\/longchangchemical.com\/#website","url":"https:\/\/longchangchemical.com\/","name":"Longchang Kimya","description":"\u00c7in kimyasal \u00fcreticisi \uff06 tedarik\u00e7isi","publisher":{"@id":"https:\/\/longchangchemical.com\/#organization"},"potentialAction":[{"@type":"SearchAction","target":{"@type":"EntryPoint","urlTemplate":"https:\/\/longchangchemical.com\/?s={search_term_string}"},"query-input":{"@type":"PropertyValueSpecification","valueRequired":true,"valueName":"search_term_string"}}],"inLanguage":"tr"},{"@type":"Organization","@id":"https:\/\/longchangchemical.com\/#organization","name":"Longchang Kimya","url":"https:\/\/longchangchemical.com\/","logo":{"@type":"ImageObject","inLanguage":"tr","@id":"https:\/\/longchangchemical.com\/#\/schema\/logo\/image\/","url":"https:\/\/longchangchemical.com\/wp-content\/uploads\/2020\/08\/cropped-longchang-logo.png","contentUrl":"https:\/\/longchangchemical.com\/wp-content\/uploads\/2020\/08\/cropped-longchang-logo.png","width":512,"height":512,"caption":"Longchang Chemical"},"image":{"@id":"https:\/\/longchangchemical.com\/#\/schema\/logo\/image\/"}}]}},"_links":{"self":[{"href":"https:\/\/longchangchemical.com\/tr\/wp-json\/wp\/v2\/product\/3571","targetHints":{"allow":["GET"]}}],"collection":[{"href":"https:\/\/longchangchemical.com\/tr\/wp-json\/wp\/v2\/product"}],"about":[{"href":"https:\/\/longchangchemical.com\/tr\/wp-json\/wp\/v2\/types\/product"}],"replies":[{"embeddable":true,"href":"https:\/\/longchangchemical.com\/tr\/wp-json\/wp\/v2\/comments?post=3571"}],"wp:featuredmedia":[{"embeddable":true,"href":"https:\/\/longchangchemical.com\/tr\/wp-json\/wp\/v2\/media\/4491"}],"wp:attachment":[{"href":"https:\/\/longchangchemical.com\/tr\/wp-json\/wp\/v2\/media?parent=3571"}],"wp:term":[{"taxonomy":"product_brand","embeddable":true,"href":"https:\/\/longchangchemical.com\/tr\/wp-json\/wp\/v2\/product_brand?post=3571"},{"taxonomy":"product_cat","embeddable":true,"href":"https:\/\/longchangchemical.com\/tr\/wp-json\/wp\/v2\/product_cat?post=3571"},{"taxonomy":"product_tag","embeddable":true,"href":"https:\/\/longchangchemical.com\/tr\/wp-json\/wp\/v2\/product_tag?post=3571"}],"curies":[{"name":"wp","href":"https:\/\/api.w.org\/{rel}","templated":true}]}}