{"id":3552,"date":"2021-02-08T08:09:47","date_gmt":"2021-02-08T08:09:47","guid":{"rendered":"https:\/\/longchangchemical.com\/?post_type=product&#038;p=3552"},"modified":"2025-12-23T07:46:45","modified_gmt":"2025-12-23T07:46:45","slug":"naphthenic-acid-cas-1338-24-5","status":"publish","type":"product","link":"https:\/\/longchangchemical.com\/tr\/product\/naphthenic-acid-cas-1338-24-5\/","title":{"rendered":"Naftenik asit CAS 1338-24-5"},"content":{"rendered":"<h1><strong>Naftenik asit CAS 1338-24-5<\/strong><\/h1>\n<h2><b>Naftenik asit COA's\u0131<\/b><\/h2>\n<table class=\"table-1\" cellspacing=\"0\">\n<tbody>\n<tr>\n<td>\n<h4><strong>\u00d6\u011fe<\/strong><\/h4>\n<\/td>\n<td>\n<h4><strong>Sonu\u00e7lar<\/strong><\/h4>\n<\/td>\n<\/tr>\n<tr>\n<td>\n<h4>G\u00f6r\u00fcn\u00fc\u015f<\/h4>\n<\/td>\n<td>\n<h4>A\u00e7\u0131k sar\u0131 veya turuncu s\u0131v\u0131<\/h4>\n<\/td>\n<\/tr>\n<tr>\n<td>\n<h4>asit de\u011feri (mg\/KOH\/g)<\/h4>\n<\/td>\n<td>\n<h4>200 dakika<\/h4>\n<\/td>\n<\/tr>\n<tr>\n<td>\n<h4>Test \uff08m\/m\uff09%<\/h4>\n<\/td>\n<td>\n<h4>\u2265 70 %<\/h4>\n<\/td>\n<\/tr>\n<tr>\n<td>\n<h4>\u00d6zg\u00fcl a\u011f\u0131rl\u0131k \uff0820\u2103\uff09<\/h4>\n<\/td>\n<td>\n<h4>0.92<\/h4>\n<\/td>\n<\/tr>\n<tr>\n<td>\n<h4>Viskozite \uff0840 \u2103\uff09<\/h4>\n<\/td>\n<td>\n<h4>25<\/h4>\n<\/td>\n<\/tr>\n<tr>\n<td>\n<h4>Renk (demir kobalt)<\/h4>\n<\/td>\n<td>\n<h4>12-14<\/h4>\n<\/td>\n<\/tr>\n<tr>\n<td>\n<h4>Sonu\u00e7<\/h4>\n<\/td>\n<td>\n<h4>Sonu\u00e7lar kurumsal standartlarla uyumludur<\/h4>\n<\/td>\n<\/tr>\n<\/tbody>\n<\/table>\n<p>&nbsp;<\/p>\n<h2>Naftenik asit nedir?<\/h2>\n<h4>NAFTEN\u0130K AS\u0130T, rahats\u0131z edici bir kokuya sahip koyu renkli bir s\u0131v\u0131d\u0131r. NAFTEN\u0130K AS\u0130T suda \u00e7\u00f6z\u00fcnmez. NAFTEN\u0130K AS\u0130T yanar, ancak NAFTEN\u0130K AS\u0130T'in tutu\u015fmas\u0131 biraz \u00e7aba gerektirebilir. Birincil tehlike \u00e7evreye y\u00f6nelik tehdittir. \u00c7evreye yay\u0131lmas\u0131n\u0131 s\u0131n\u0131rlamak i\u00e7in acil ad\u0131mlar at\u0131lmal\u0131d\u0131r. NAFTEN\u0130K AS\u0130T s\u0131v\u0131 oldu\u011fu i\u00e7in topra\u011fa kolayca n\u00fcfuz edebilir ve yeralt\u0131 sular\u0131n\u0131 ve yak\u0131ndaki akarsular\u0131 kirletebilir. NAFFEN\u0130K AS\u0130T boya kurutucular\u0131, deterjanlar ve \u00e7\u00f6z\u00fcc\u00fclerin yap\u0131m\u0131nda kullan\u0131l\u0131r.<\/h4>\n<p>&nbsp;<\/p>\n<h2><strong class=\"\">Naftenik<\/strong><strong> asit kullan\u0131m\u0131<\/strong><\/h2>\n<h4>1. Naftenik asit, boya kurutucu, biyolojik katk\u0131 maddeleri vb. olarak kullan\u0131l\u0131r.<\/h4>\n<h4>2. Naftenik asit, naftenatlar\u0131n \u00fcretimi i\u00e7in bir hammadde ve kaplamalar i\u00e7in bir kurutma maddesi olarak kullan\u0131l\u0131r. Ayr\u0131ca ah\u015fap ve kablolar\u0131n korozyonunu \u00f6nlemek i\u00e7in de kullan\u0131l\u0131r.<\/h4>\n<h4>3. Naftenik asit, \u00e7e\u015fitli naftenatlar \u00fcretmek i\u00e7in kullan\u0131l\u0131r.<\/h4>\n<p>&nbsp;<\/p>\n<h2><strong class=\"\">Naftenik<\/strong><strong>\u00a0asit Paket ve Nakliye<\/strong><\/h2>\n<h4>200 kg demir tambur<\/h4>\n<h4>Teslimat: 5-7 i\u015f g\u00fcn\u00fc i\u00e7erisinde.<\/h4>\n<p>&nbsp;<\/p>\n<h2><strong>Ayn\u0131 seri \u00fcr\u00fcnler<\/strong><\/h2>\n<table style=\"border-collapse: collapse; width: 256.52pt;\" border=\"0\" width=\"342\" cellspacing=\"0\" cellpadding=\"0\">\n<tbody>\n<tr style=\"height: 54.00pt;\">\n<td class=\"et2\" style=\"height: 54.00pt; width: 146.25pt;\" width=\"195\" height=\"72\"><strong><span style=\"color: #3366ff;\">Naftenik asit<\/span><\/strong><\/td>\n<td class=\"et2\" style=\"width: 110.25pt;\" width=\"147\"><strong><span style=\"color: #3366ff;\">1338-24-5<\/span><\/strong><\/td>\n<\/tr>\n<tr style=\"height: 54.00pt;\">\n<td class=\"et2\" style=\"height: 54.00pt; width: 146.25pt;\" width=\"195\" height=\"72\"><a href=\"https:\/\/longchangchemical.com\/tr\/product\/copper-naphthenate-cas-1338-02-9\/\"><strong><span style=\"color: #3366ff;\">Bak\u0131r naftenat<\/span><\/strong><\/a><\/td>\n<td class=\"et2\" style=\"width: 110.25pt;\" width=\"147\"><a href=\"https:\/\/longchangchemical.com\/tr\/product\/copper-naphthenate-cas-1338-02-9\/\"><strong><span style=\"color: #3366ff;\">1338-02-9<\/span><\/strong><\/a><\/td>\n<\/tr>\n<tr style=\"height: 54.00pt;\">\n<td class=\"et3\" style=\"height: 54.00pt; width: 146.25pt;\" width=\"195\" height=\"72\"><a href=\"https:\/\/longchangchemical.com\/tr\/product\/zinc-naphthenate-cas-12001-85-3\/\"><strong><span style=\"color: #3366ff;\">\u00c7inko naftenat<\/span><\/strong><\/a><\/td>\n<td class=\"et3\" style=\"width: 110.25pt;\" width=\"147\"><a href=\"https:\/\/longchangchemical.com\/tr\/product\/zinc-naphthenate-cas-12001-85-3\/\"><strong><span style=\"color: #3366ff;\">12001-85-3<\/span><\/strong><\/a><\/td>\n<\/tr>\n<\/tbody>\n<\/table>\n<h2><strong><b>\u015eimdi Bize Ula\u015f\u0131n!<\/b><\/strong><\/h2>\n<h4><strong><b>\u00d6zelle\u015ftirilmi\u015f hizmetler sunuyoruz, genellikle 24 saat i\u00e7inde sizinle ileti\u015fime ge\u00e7ece\u011fiz. Ayr\u0131ca mesai saatleri i\u00e7inde (8:30 - 6:00 UTC+8 Pzt.~Sat.) info@longchangchemical.com adresine e-posta g\u00f6nderebilir veya h\u0131zl\u0131 yan\u0131t almak i\u00e7in web sitesi canl\u0131 sohbetini kullanabilirsiniz.<\/b><\/strong><\/h4>","protected":false},"excerpt":{"rendered":"<h4>Kimyasal Ad\u0131: Naftenik asit<\/h4>\n<h4>CAS: 1338-24-5<\/h4>\n<h4>Molek\u00fcler Form\u00fcl:C7H10O2<\/h4>\n<h4>Molek\u00fcl a\u011f\u0131rl\u0131\u011f\u0131:126.154<\/h4>\n<h4>G\u00f6r\u00fcn\u00fc\u015f: A\u00e7\u0131k sar\u0131 veya turuncu s\u0131v\u0131<\/h4>","protected":false},"featured_media":4355,"comment_status":"open","ping_status":"closed","template":"","meta":[],"product_brand":[],"product_cat":[69],"product_tag":[],"class_list":{"0":"post-3552","1":"product","2":"type-product","3":"status-publish","4":"has-post-thumbnail","6":"product_cat-catalysts-chemical-auxiliary-agents","8":"first","9":"instock","10":"shipping-taxable","11":"product-type-simple"},"yoast_head":"<!-- This site is optimized with the Yoast SEO plugin v25.3.1 - https:\/\/yoast.com\/wordpress\/plugins\/seo\/ -->\n<title>China Naphthenic acid Manufacturer \uff06 1338-24-5 Supplier - Longchang chemical Co., Ltd.<\/title>\n<meta name=\"description\" content=\"Longchang Chemical is a leading manufacturer and supplier of Naphthenic acid in China. Buy Naphthenic acid in china. We can provide the best Naphthenic acid price.\" \/>\n<meta name=\"robots\" content=\"index, follow, max-snippet:-1, max-image-preview:large, max-video-preview:-1\" \/>\n<link rel=\"canonical\" href=\"https:\/\/longchangchemical.com\/tr\/product\/naphthenic-acid-cas-1338-24-5\/\" \/>\n<meta property=\"og:locale\" content=\"tr_TR\" \/>\n<meta property=\"og:type\" content=\"article\" \/>\n<meta property=\"og:title\" content=\"China Naphthenic acid Manufacturer \uff06 1338-24-5 Supplier - Longchang chemical Co., Ltd.\" \/>\n<meta property=\"og:description\" content=\"Longchang Chemical is a leading manufacturer and supplier of Naphthenic acid in China. Buy Naphthenic acid in china. We can provide the best Naphthenic acid price.\" \/>\n<meta property=\"og:url\" content=\"https:\/\/longchangchemical.com\/tr\/product\/naphthenic-acid-cas-1338-24-5\/\" \/>\n<meta property=\"og:site_name\" content=\"Longchang Chemical\" \/>\n<meta property=\"article:modified_time\" content=\"2025-12-23T07:46:45+00:00\" \/>\n<meta property=\"og:image\" content=\"https:\/\/longchangchemical.com\/wp-content\/uploads\/2021\/01\/Naphthenic-acid-Appearance.jpg\" \/>\n\t<meta property=\"og:image:width\" content=\"600\" \/>\n\t<meta property=\"og:image:height\" content=\"800\" \/>\n\t<meta property=\"og:image:type\" content=\"image\/jpeg\" \/>\n<meta name=\"twitter:card\" content=\"summary_large_image\" \/>\n<script type=\"application\/ld+json\" class=\"yoast-schema-graph\">{\"@context\":\"https:\/\/schema.org\",\"@graph\":[{\"@type\":\"WebPage\",\"@id\":\"https:\/\/longchangchemical.com\/product\/naphthenic-acid-cas-1338-24-5\/\",\"url\":\"https:\/\/longchangchemical.com\/product\/naphthenic-acid-cas-1338-24-5\/\",\"name\":\"China Naphthenic acid Manufacturer \uff06 1338-24-5 Supplier - Longchang chemical Co., Ltd.\",\"isPartOf\":{\"@id\":\"https:\/\/longchangchemical.com\/#website\"},\"primaryImageOfPage\":{\"@id\":\"https:\/\/longchangchemical.com\/product\/naphthenic-acid-cas-1338-24-5\/#primaryimage\"},\"image\":{\"@id\":\"https:\/\/longchangchemical.com\/product\/naphthenic-acid-cas-1338-24-5\/#primaryimage\"},\"thumbnailUrl\":\"https:\/\/longchangchemical.com\/wp-content\/uploads\/2021\/01\/Naphthenic-acid-Appearance.jpg\",\"datePublished\":\"2021-02-08T08:09:47+00:00\",\"dateModified\":\"2025-12-23T07:46:45+00:00\",\"description\":\"Longchang Chemical is a leading manufacturer and supplier of Naphthenic acid in China. Buy Naphthenic acid in china. We can provide the best Naphthenic acid price.\",\"breadcrumb\":{\"@id\":\"https:\/\/longchangchemical.com\/product\/naphthenic-acid-cas-1338-24-5\/#breadcrumb\"},\"inLanguage\":\"tr\",\"potentialAction\":[{\"@type\":\"ReadAction\",\"target\":[\"https:\/\/longchangchemical.com\/product\/naphthenic-acid-cas-1338-24-5\/\"]}]},{\"@type\":\"ImageObject\",\"inLanguage\":\"tr\",\"@id\":\"https:\/\/longchangchemical.com\/product\/naphthenic-acid-cas-1338-24-5\/#primaryimage\",\"url\":\"https:\/\/longchangchemical.com\/wp-content\/uploads\/2021\/01\/Naphthenic-acid-Appearance.jpg\",\"contentUrl\":\"https:\/\/longchangchemical.com\/wp-content\/uploads\/2021\/01\/Naphthenic-acid-Appearance.jpg\",\"width\":600,\"height\":800,\"caption\":\"Naphthenic acid Appearance\"},{\"@type\":\"BreadcrumbList\",\"@id\":\"https:\/\/longchangchemical.com\/product\/naphthenic-acid-cas-1338-24-5\/#breadcrumb\",\"itemListElement\":[{\"@type\":\"ListItem\",\"position\":1,\"name\":\"Home\",\"item\":\"https:\/\/longchangchemical.com\/\"},{\"@type\":\"ListItem\",\"position\":2,\"name\":\"Products Longchang\",\"item\":\"https:\/\/longchangchemical.com\/product\/\"},{\"@type\":\"ListItem\",\"position\":3,\"name\":\"Naphthenic acid CAS 1338-24-5\"}]},{\"@type\":\"WebSite\",\"@id\":\"https:\/\/longchangchemical.com\/#website\",\"url\":\"https:\/\/longchangchemical.com\/\",\"name\":\"Longchang Chemical\",\"description\":\"China chemical manufacturer \uff06 supplier\",\"publisher\":{\"@id\":\"https:\/\/longchangchemical.com\/#organization\"},\"potentialAction\":[{\"@type\":\"SearchAction\",\"target\":{\"@type\":\"EntryPoint\",\"urlTemplate\":\"https:\/\/longchangchemical.com\/?s={search_term_string}\"},\"query-input\":{\"@type\":\"PropertyValueSpecification\",\"valueRequired\":true,\"valueName\":\"search_term_string\"}}],\"inLanguage\":\"tr\"},{\"@type\":\"Organization\",\"@id\":\"https:\/\/longchangchemical.com\/#organization\",\"name\":\"Longchang Chemical\",\"url\":\"https:\/\/longchangchemical.com\/\",\"logo\":{\"@type\":\"ImageObject\",\"inLanguage\":\"tr\",\"@id\":\"https:\/\/longchangchemical.com\/#\/schema\/logo\/image\/\",\"url\":\"https:\/\/longchangchemical.com\/wp-content\/uploads\/2020\/08\/cropped-longchang-logo.png\",\"contentUrl\":\"https:\/\/longchangchemical.com\/wp-content\/uploads\/2020\/08\/cropped-longchang-logo.png\",\"width\":512,\"height\":512,\"caption\":\"Longchang Chemical\"},\"image\":{\"@id\":\"https:\/\/longchangchemical.com\/#\/schema\/logo\/image\/\"}}]}<\/script>\n<!-- \/ Yoast SEO plugin. -->","yoast_head_json":{"title":"\u00c7in Naftenik asit \u00dcreticisi \uff06 1338-24-5 Tedarik\u00e7i - Longchang chemical Co, Ltd.","description":"Longchang Chemical, \u00c7in'in \u00f6nde gelen Naftenik asit \u00fcreticisi ve tedarik\u00e7isidir. \u00c7in'de Naftenik asit sat\u0131n al\u0131n. En iyi Naftenik asit fiyat\u0131n\u0131 sa\u011flayabiliriz.","robots":{"index":"index","follow":"follow","max-snippet":"max-snippet:-1","max-image-preview":"max-image-preview:large","max-video-preview":"max-video-preview:-1"},"canonical":"https:\/\/longchangchemical.com\/tr\/product\/naphthenic-acid-cas-1338-24-5\/","og_locale":"tr_TR","og_type":"article","og_title":"China Naphthenic acid Manufacturer \uff06 1338-24-5 Supplier - Longchang chemical Co., Ltd.","og_description":"Longchang Chemical is a leading manufacturer and supplier of Naphthenic acid in China. Buy Naphthenic acid in china. We can provide the best Naphthenic acid price.","og_url":"https:\/\/longchangchemical.com\/tr\/product\/naphthenic-acid-cas-1338-24-5\/","og_site_name":"Longchang Chemical","article_modified_time":"2025-12-23T07:46:45+00:00","og_image":[{"width":600,"height":800,"url":"https:\/\/longchangchemical.com\/wp-content\/uploads\/2021\/01\/Naphthenic-acid-Appearance.jpg","type":"image\/jpeg"}],"twitter_card":"summary_large_image","schema":{"@context":"https:\/\/schema.org","@graph":[{"@type":"WebPage","@id":"https:\/\/longchangchemical.com\/product\/naphthenic-acid-cas-1338-24-5\/","url":"https:\/\/longchangchemical.com\/product\/naphthenic-acid-cas-1338-24-5\/","name":"\u00c7in Naftenik asit \u00dcreticisi \uff06 1338-24-5 Tedarik\u00e7i - Longchang chemical Co, Ltd.","isPartOf":{"@id":"https:\/\/longchangchemical.com\/#website"},"primaryImageOfPage":{"@id":"https:\/\/longchangchemical.com\/product\/naphthenic-acid-cas-1338-24-5\/#primaryimage"},"image":{"@id":"https:\/\/longchangchemical.com\/product\/naphthenic-acid-cas-1338-24-5\/#primaryimage"},"thumbnailUrl":"https:\/\/longchangchemical.com\/wp-content\/uploads\/2021\/01\/Naphthenic-acid-Appearance.jpg","datePublished":"2021-02-08T08:09:47+00:00","dateModified":"2025-12-23T07:46:45+00:00","description":"Longchang Chemical, \u00c7in'in \u00f6nde gelen Naftenik asit \u00fcreticisi ve tedarik\u00e7isidir. \u00c7in'de Naftenik asit sat\u0131n al\u0131n. En iyi Naftenik asit fiyat\u0131n\u0131 sa\u011flayabiliriz.","breadcrumb":{"@id":"https:\/\/longchangchemical.com\/product\/naphthenic-acid-cas-1338-24-5\/#breadcrumb"},"inLanguage":"tr","potentialAction":[{"@type":"ReadAction","target":["https:\/\/longchangchemical.com\/product\/naphthenic-acid-cas-1338-24-5\/"]}]},{"@type":"ImageObject","inLanguage":"tr","@id":"https:\/\/longchangchemical.com\/product\/naphthenic-acid-cas-1338-24-5\/#primaryimage","url":"https:\/\/longchangchemical.com\/wp-content\/uploads\/2021\/01\/Naphthenic-acid-Appearance.jpg","contentUrl":"https:\/\/longchangchemical.com\/wp-content\/uploads\/2021\/01\/Naphthenic-acid-Appearance.jpg","width":600,"height":800,"caption":"Naphthenic acid Appearance"},{"@type":"BreadcrumbList","@id":"https:\/\/longchangchemical.com\/product\/naphthenic-acid-cas-1338-24-5\/#breadcrumb","itemListElement":[{"@type":"ListItem","position":1,"name":"Home","item":"https:\/\/longchangchemical.com\/"},{"@type":"ListItem","position":2,"name":"Products Longchang","item":"https:\/\/longchangchemical.com\/product\/"},{"@type":"ListItem","position":3,"name":"Naphthenic acid CAS 1338-24-5"}]},{"@type":"WebSite","@id":"https:\/\/longchangchemical.com\/#website","url":"https:\/\/longchangchemical.com\/","name":"Longchang Kimya","description":"\u00c7in kimyasal \u00fcreticisi \uff06 tedarik\u00e7isi","publisher":{"@id":"https:\/\/longchangchemical.com\/#organization"},"potentialAction":[{"@type":"SearchAction","target":{"@type":"EntryPoint","urlTemplate":"https:\/\/longchangchemical.com\/?s={search_term_string}"},"query-input":{"@type":"PropertyValueSpecification","valueRequired":true,"valueName":"search_term_string"}}],"inLanguage":"tr"},{"@type":"Organization","@id":"https:\/\/longchangchemical.com\/#organization","name":"Longchang Kimya","url":"https:\/\/longchangchemical.com\/","logo":{"@type":"ImageObject","inLanguage":"tr","@id":"https:\/\/longchangchemical.com\/#\/schema\/logo\/image\/","url":"https:\/\/longchangchemical.com\/wp-content\/uploads\/2020\/08\/cropped-longchang-logo.png","contentUrl":"https:\/\/longchangchemical.com\/wp-content\/uploads\/2020\/08\/cropped-longchang-logo.png","width":512,"height":512,"caption":"Longchang Chemical"},"image":{"@id":"https:\/\/longchangchemical.com\/#\/schema\/logo\/image\/"}}]}},"_links":{"self":[{"href":"https:\/\/longchangchemical.com\/tr\/wp-json\/wp\/v2\/product\/3552","targetHints":{"allow":["GET"]}}],"collection":[{"href":"https:\/\/longchangchemical.com\/tr\/wp-json\/wp\/v2\/product"}],"about":[{"href":"https:\/\/longchangchemical.com\/tr\/wp-json\/wp\/v2\/types\/product"}],"replies":[{"embeddable":true,"href":"https:\/\/longchangchemical.com\/tr\/wp-json\/wp\/v2\/comments?post=3552"}],"wp:featuredmedia":[{"embeddable":true,"href":"https:\/\/longchangchemical.com\/tr\/wp-json\/wp\/v2\/media\/4355"}],"wp:attachment":[{"href":"https:\/\/longchangchemical.com\/tr\/wp-json\/wp\/v2\/media?parent=3552"}],"wp:term":[{"taxonomy":"product_brand","embeddable":true,"href":"https:\/\/longchangchemical.com\/tr\/wp-json\/wp\/v2\/product_brand?post=3552"},{"taxonomy":"product_cat","embeddable":true,"href":"https:\/\/longchangchemical.com\/tr\/wp-json\/wp\/v2\/product_cat?post=3552"},{"taxonomy":"product_tag","embeddable":true,"href":"https:\/\/longchangchemical.com\/tr\/wp-json\/wp\/v2\/product_tag?post=3552"}],"curies":[{"name":"wp","href":"https:\/\/api.w.org\/{rel}","templated":true}]}}