{"id":3537,"date":"2021-02-07T13:08:51","date_gmt":"2021-02-07T13:08:51","guid":{"rendered":"https:\/\/longchangchemical.com\/?post_type=product&#038;p=3537"},"modified":"2026-05-08T02:59:30","modified_gmt":"2026-05-08T02:59:30","slug":"2-chlorotritylchloride-cas-42074-68-0","status":"publish","type":"product","link":"https:\/\/longchangchemical.com\/tr\/product\/2-chlorotritylchloride-cas-42074-68-0\/","title":{"rendered":"2-Klorotritylchloride CAS 42074-68-0"},"content":{"rendered":"<h2>2-Klorotritylchloride CAS 42074-68-0<\/h2>\n<table class=\"table-1\" cellspacing=\"0\">\n<tbody>\n<tr>\n<td>\n<h4>\u00d6\u011fe<\/h4>\n<\/td>\n<td>\n<h4>Teknik \u00d6zellikler<\/h4>\n<\/td>\n<\/tr>\n<tr>\n<td>\n<h4>G\u00f6r\u00fcn\u00fc\u015f<\/h4>\n<\/td>\n<td>\n<h4>Kirli beyaz veya a\u00e7\u0131k sar\u0131 kristal toz veya topaklar<\/h4>\n<\/td>\n<\/tr>\n<tr>\n<td>\n<h4>Erime noktas\u0131 \u2103<\/h4>\n<\/td>\n<td>\n<h4>130-135<\/h4>\n<\/td>\n<\/tr>\n<tr>\n<td>\n<h4>Kurutma Kayb\u0131<\/h4>\n<\/td>\n<td>\n<h4>\u22662.0%<\/h4>\n<\/td>\n<\/tr>\n<tr>\n<td>\n<h4>HPLC ile tahlil<\/h4>\n<\/td>\n<td>\n<h4>\u226792%<\/h4>\n<\/td>\n<\/tr>\n<\/tbody>\n<\/table>\n<p>&nbsp;<\/p>\n<h2><strong>2-Klorotritylchloride Kullan\u0131m\u0131<\/strong><\/h2>\n<h4>Bu \u00fcr\u00fcn klotrimazol i\u00e7in bir ara \u00fcr\u00fcn olarak kullan\u0131labilir.<\/h4>\n<h2><\/h2>\n<h2><strong>2-Chlorotritylchloride Paketleme ve Nakliye<\/strong><\/h2>\n<h4>Ambalaj: 25kg\/\u00c7anta<\/h4>\n<h4>Teslimat: Deniz veya hava<\/h4>\n<p>&nbsp;<\/p>\n<h2><strong>2-Klorotritylchloride Depolama<\/strong><\/h2>\n<h4>Serin, havaland\u0131r\u0131lm\u0131\u015f, kuru bir yer.<\/h4>\n<p>&nbsp;<\/p>\n<h2><strong><b>\u015eimdi Bize Ula\u015f\u0131n!<\/b><\/strong><\/h2>\n<h4><strong><b>\u00d6zelle\u015ftirilmi\u015f hizmetler sunuyoruz, genellikle 24 saat i\u00e7inde sizinle ileti\u015fime ge\u00e7ece\u011fiz. Ayr\u0131ca mesai saatleri i\u00e7inde (8:30 - 6:00 UTC+8 Pzt.~Sat.) info@longchangchemical.com adresine e-posta g\u00f6nderebilir veya h\u0131zl\u0131 yan\u0131t almak i\u00e7in web sitesi canl\u0131 sohbetini kullanabilirsiniz.<\/b><\/strong><\/h4>","protected":false},"excerpt":{"rendered":"<h4>Kimyasal Ad\u0131: 2-Klorotritylchloride<\/h4>\n<h4>CAS No: 42074-68-0<\/h4>\n<h4>Molek\u00fcler Form\u00fcl: C19H14Cl2<\/h4>\n<h4>Molek\u00fcler A\u011f\u0131rl\u0131k: 313.226<\/h4>\n<h4>Kimyasal Yap\u0131:<img decoding=\"async\" title=\"CAS 42074-68-0 Yap\u0131\" src=\"https:\/\/www.longchangchemical.com\/wp-content\/uploads\/product-details\/20200612055621.png\" alt=\"CAS 42074-68-0 Yap\u0131\" width=\"102\" height=\"102\" border=\"0\" vspace=\"0\" \/><\/h4>\n<h4>G\u00f6r\u00fcn\u00fcm:Beyaz veya beyaz kristaller<\/h4>\n<h4>Tahlil: 97.5% veya 98%<\/h4>","protected":false},"featured_media":4345,"comment_status":"open","ping_status":"closed","template":"","meta":[],"product_brand":[],"product_cat":[113],"product_tag":[],"class_list":{"0":"post-3537","1":"product","2":"type-product","3":"status-publish","4":"has-post-thumbnail","6":"product_cat-organic-intermediate","8":"first","9":"instock","10":"shipping-taxable","11":"product-type-simple"},"yoast_head":"<!-- This site is optimized with the Yoast SEO plugin v25.3.1 - https:\/\/yoast.com\/wordpress\/plugins\/seo\/ -->\n<title>China 2-Chlorotritylchloride Manufacturer \uff06 Supplier - Longchang chemical Co., Ltd.<\/title>\n<meta name=\"description\" content=\"Longchang Chemical is a leading manufacturer and supplier of 2-Chlorotritylchloride in China. Buy 2-Chlorotritylchloride in china. We can provide the best 2-Chlorotritylchloride price.\" \/>\n<meta name=\"robots\" content=\"index, follow, max-snippet:-1, max-image-preview:large, max-video-preview:-1\" \/>\n<link rel=\"canonical\" href=\"https:\/\/longchangchemical.com\/tr\/product\/2-chlorotritylchloride-cas-42074-68-0\/\" \/>\n<meta property=\"og:locale\" content=\"tr_TR\" \/>\n<meta property=\"og:type\" content=\"article\" \/>\n<meta property=\"og:title\" content=\"China 2-Chlorotritylchloride Manufacturer \uff06 Supplier - Longchang chemical Co., Ltd.\" \/>\n<meta property=\"og:description\" content=\"Longchang Chemical is a leading manufacturer and supplier of 2-Chlorotritylchloride in China. Buy 2-Chlorotritylchloride in china. We can provide the best 2-Chlorotritylchloride price.\" \/>\n<meta property=\"og:url\" content=\"https:\/\/longchangchemical.com\/tr\/product\/2-chlorotritylchloride-cas-42074-68-0\/\" \/>\n<meta property=\"og:site_name\" content=\"Longchang Chemical\" \/>\n<meta property=\"article:modified_time\" content=\"2026-05-08T02:59:30+00:00\" \/>\n<meta property=\"og:image\" content=\"https:\/\/longchangchemical.com\/wp-content\/uploads\/2021\/01\/Appearancce.jpg\" \/>\n\t<meta property=\"og:image:width\" content=\"600\" \/>\n\t<meta property=\"og:image:height\" content=\"800\" \/>\n\t<meta property=\"og:image:type\" content=\"image\/jpeg\" \/>\n<meta name=\"twitter:card\" content=\"summary_large_image\" \/>\n<script type=\"application\/ld+json\" class=\"yoast-schema-graph\">{\"@context\":\"https:\/\/schema.org\",\"@graph\":[{\"@type\":\"WebPage\",\"@id\":\"https:\/\/longchangchemical.com\/product\/2-chlorotritylchloride-cas-42074-68-0\/\",\"url\":\"https:\/\/longchangchemical.com\/product\/2-chlorotritylchloride-cas-42074-68-0\/\",\"name\":\"China 2-Chlorotritylchloride Manufacturer \uff06 Supplier - Longchang chemical Co., Ltd.\",\"isPartOf\":{\"@id\":\"https:\/\/longchangchemical.com\/#website\"},\"primaryImageOfPage\":{\"@id\":\"https:\/\/longchangchemical.com\/product\/2-chlorotritylchloride-cas-42074-68-0\/#primaryimage\"},\"image\":{\"@id\":\"https:\/\/longchangchemical.com\/product\/2-chlorotritylchloride-cas-42074-68-0\/#primaryimage\"},\"thumbnailUrl\":\"https:\/\/longchangchemical.com\/wp-content\/uploads\/2021\/01\/Appearancce.jpg\",\"datePublished\":\"2021-02-07T13:08:51+00:00\",\"dateModified\":\"2026-05-08T02:59:30+00:00\",\"description\":\"Longchang Chemical is a leading manufacturer and supplier of 2-Chlorotritylchloride in China. Buy 2-Chlorotritylchloride in china. We can provide the best 2-Chlorotritylchloride price.\",\"breadcrumb\":{\"@id\":\"https:\/\/longchangchemical.com\/product\/2-chlorotritylchloride-cas-42074-68-0\/#breadcrumb\"},\"inLanguage\":\"tr\",\"potentialAction\":[{\"@type\":\"ReadAction\",\"target\":[\"https:\/\/longchangchemical.com\/product\/2-chlorotritylchloride-cas-42074-68-0\/\"]}]},{\"@type\":\"ImageObject\",\"inLanguage\":\"tr\",\"@id\":\"https:\/\/longchangchemical.com\/product\/2-chlorotritylchloride-cas-42074-68-0\/#primaryimage\",\"url\":\"https:\/\/longchangchemical.com\/wp-content\/uploads\/2021\/01\/Appearancce.jpg\",\"contentUrl\":\"https:\/\/longchangchemical.com\/wp-content\/uploads\/2021\/01\/Appearancce.jpg\",\"width\":600,\"height\":800,\"caption\":\"2-Chlorotritylchloride Appearancce\"},{\"@type\":\"BreadcrumbList\",\"@id\":\"https:\/\/longchangchemical.com\/product\/2-chlorotritylchloride-cas-42074-68-0\/#breadcrumb\",\"itemListElement\":[{\"@type\":\"ListItem\",\"position\":1,\"name\":\"Home\",\"item\":\"https:\/\/longchangchemical.com\/\"},{\"@type\":\"ListItem\",\"position\":2,\"name\":\"Products Longchang\",\"item\":\"https:\/\/longchangchemical.com\/product\/\"},{\"@type\":\"ListItem\",\"position\":3,\"name\":\"2-Chlorotritylchloride CAS 42074-68-0\"}]},{\"@type\":\"WebSite\",\"@id\":\"https:\/\/longchangchemical.com\/#website\",\"url\":\"https:\/\/longchangchemical.com\/\",\"name\":\"Longchang Chemical\",\"description\":\"China chemical manufacturer \uff06 supplier\",\"publisher\":{\"@id\":\"https:\/\/longchangchemical.com\/#organization\"},\"potentialAction\":[{\"@type\":\"SearchAction\",\"target\":{\"@type\":\"EntryPoint\",\"urlTemplate\":\"https:\/\/longchangchemical.com\/?s={search_term_string}\"},\"query-input\":{\"@type\":\"PropertyValueSpecification\",\"valueRequired\":true,\"valueName\":\"search_term_string\"}}],\"inLanguage\":\"tr\"},{\"@type\":\"Organization\",\"@id\":\"https:\/\/longchangchemical.com\/#organization\",\"name\":\"Longchang Chemical\",\"url\":\"https:\/\/longchangchemical.com\/\",\"logo\":{\"@type\":\"ImageObject\",\"inLanguage\":\"tr\",\"@id\":\"https:\/\/longchangchemical.com\/#\/schema\/logo\/image\/\",\"url\":\"https:\/\/longchangchemical.com\/wp-content\/uploads\/2020\/08\/cropped-longchang-logo.png\",\"contentUrl\":\"https:\/\/longchangchemical.com\/wp-content\/uploads\/2020\/08\/cropped-longchang-logo.png\",\"width\":512,\"height\":512,\"caption\":\"Longchang Chemical\"},\"image\":{\"@id\":\"https:\/\/longchangchemical.com\/#\/schema\/logo\/image\/\"}}]}<\/script>\n<!-- \/ Yoast SEO plugin. -->","yoast_head_json":{"title":"\u00c7in 2-Chlorotritylchloride \u00dcretici \uff06 Tedarik\u00e7i - Longchang chemical Co, Ltd.","description":"Longchang Chemical, \u00c7in'in \u00f6nde gelen 2-Chlorotritylchloride \u00fcreticisi ve tedarik\u00e7isidir. \u00c7in'de 2-Chlorotritylchloride sat\u0131n al\u0131n. En iyi 2-Chlorotritylchloride fiyat\u0131n\u0131 sa\u011flayabiliriz.","robots":{"index":"index","follow":"follow","max-snippet":"max-snippet:-1","max-image-preview":"max-image-preview:large","max-video-preview":"max-video-preview:-1"},"canonical":"https:\/\/longchangchemical.com\/tr\/product\/2-chlorotritylchloride-cas-42074-68-0\/","og_locale":"tr_TR","og_type":"article","og_title":"China 2-Chlorotritylchloride Manufacturer \uff06 Supplier - Longchang chemical Co., Ltd.","og_description":"Longchang Chemical is a leading manufacturer and supplier of 2-Chlorotritylchloride in China. Buy 2-Chlorotritylchloride in china. We can provide the best 2-Chlorotritylchloride price.","og_url":"https:\/\/longchangchemical.com\/tr\/product\/2-chlorotritylchloride-cas-42074-68-0\/","og_site_name":"Longchang Chemical","article_modified_time":"2026-05-08T02:59:30+00:00","og_image":[{"width":600,"height":800,"url":"https:\/\/longchangchemical.com\/wp-content\/uploads\/2021\/01\/Appearancce.jpg","type":"image\/jpeg"}],"twitter_card":"summary_large_image","schema":{"@context":"https:\/\/schema.org","@graph":[{"@type":"WebPage","@id":"https:\/\/longchangchemical.com\/product\/2-chlorotritylchloride-cas-42074-68-0\/","url":"https:\/\/longchangchemical.com\/product\/2-chlorotritylchloride-cas-42074-68-0\/","name":"\u00c7in 2-Chlorotritylchloride \u00dcretici \uff06 Tedarik\u00e7i - Longchang chemical Co, Ltd.","isPartOf":{"@id":"https:\/\/longchangchemical.com\/#website"},"primaryImageOfPage":{"@id":"https:\/\/longchangchemical.com\/product\/2-chlorotritylchloride-cas-42074-68-0\/#primaryimage"},"image":{"@id":"https:\/\/longchangchemical.com\/product\/2-chlorotritylchloride-cas-42074-68-0\/#primaryimage"},"thumbnailUrl":"https:\/\/longchangchemical.com\/wp-content\/uploads\/2021\/01\/Appearancce.jpg","datePublished":"2021-02-07T13:08:51+00:00","dateModified":"2026-05-08T02:59:30+00:00","description":"Longchang Chemical, \u00c7in'in \u00f6nde gelen 2-Chlorotritylchloride \u00fcreticisi ve tedarik\u00e7isidir. \u00c7in'de 2-Chlorotritylchloride sat\u0131n al\u0131n. En iyi 2-Chlorotritylchloride fiyat\u0131n\u0131 sa\u011flayabiliriz.","breadcrumb":{"@id":"https:\/\/longchangchemical.com\/product\/2-chlorotritylchloride-cas-42074-68-0\/#breadcrumb"},"inLanguage":"tr","potentialAction":[{"@type":"ReadAction","target":["https:\/\/longchangchemical.com\/product\/2-chlorotritylchloride-cas-42074-68-0\/"]}]},{"@type":"ImageObject","inLanguage":"tr","@id":"https:\/\/longchangchemical.com\/product\/2-chlorotritylchloride-cas-42074-68-0\/#primaryimage","url":"https:\/\/longchangchemical.com\/wp-content\/uploads\/2021\/01\/Appearancce.jpg","contentUrl":"https:\/\/longchangchemical.com\/wp-content\/uploads\/2021\/01\/Appearancce.jpg","width":600,"height":800,"caption":"2-Chlorotritylchloride Appearancce"},{"@type":"BreadcrumbList","@id":"https:\/\/longchangchemical.com\/product\/2-chlorotritylchloride-cas-42074-68-0\/#breadcrumb","itemListElement":[{"@type":"ListItem","position":1,"name":"Home","item":"https:\/\/longchangchemical.com\/"},{"@type":"ListItem","position":2,"name":"Products Longchang","item":"https:\/\/longchangchemical.com\/product\/"},{"@type":"ListItem","position":3,"name":"2-Chlorotritylchloride CAS 42074-68-0"}]},{"@type":"WebSite","@id":"https:\/\/longchangchemical.com\/#website","url":"https:\/\/longchangchemical.com\/","name":"Longchang Kimya","description":"\u00c7in kimyasal \u00fcreticisi \uff06 tedarik\u00e7isi","publisher":{"@id":"https:\/\/longchangchemical.com\/#organization"},"potentialAction":[{"@type":"SearchAction","target":{"@type":"EntryPoint","urlTemplate":"https:\/\/longchangchemical.com\/?s={search_term_string}"},"query-input":{"@type":"PropertyValueSpecification","valueRequired":true,"valueName":"search_term_string"}}],"inLanguage":"tr"},{"@type":"Organization","@id":"https:\/\/longchangchemical.com\/#organization","name":"Longchang Kimya","url":"https:\/\/longchangchemical.com\/","logo":{"@type":"ImageObject","inLanguage":"tr","@id":"https:\/\/longchangchemical.com\/#\/schema\/logo\/image\/","url":"https:\/\/longchangchemical.com\/wp-content\/uploads\/2020\/08\/cropped-longchang-logo.png","contentUrl":"https:\/\/longchangchemical.com\/wp-content\/uploads\/2020\/08\/cropped-longchang-logo.png","width":512,"height":512,"caption":"Longchang Chemical"},"image":{"@id":"https:\/\/longchangchemical.com\/#\/schema\/logo\/image\/"}}]}},"_links":{"self":[{"href":"https:\/\/longchangchemical.com\/tr\/wp-json\/wp\/v2\/product\/3537","targetHints":{"allow":["GET"]}}],"collection":[{"href":"https:\/\/longchangchemical.com\/tr\/wp-json\/wp\/v2\/product"}],"about":[{"href":"https:\/\/longchangchemical.com\/tr\/wp-json\/wp\/v2\/types\/product"}],"replies":[{"embeddable":true,"href":"https:\/\/longchangchemical.com\/tr\/wp-json\/wp\/v2\/comments?post=3537"}],"wp:featuredmedia":[{"embeddable":true,"href":"https:\/\/longchangchemical.com\/tr\/wp-json\/wp\/v2\/media\/4345"}],"wp:attachment":[{"href":"https:\/\/longchangchemical.com\/tr\/wp-json\/wp\/v2\/media?parent=3537"}],"wp:term":[{"taxonomy":"product_brand","embeddable":true,"href":"https:\/\/longchangchemical.com\/tr\/wp-json\/wp\/v2\/product_brand?post=3537"},{"taxonomy":"product_cat","embeddable":true,"href":"https:\/\/longchangchemical.com\/tr\/wp-json\/wp\/v2\/product_cat?post=3537"},{"taxonomy":"product_tag","embeddable":true,"href":"https:\/\/longchangchemical.com\/tr\/wp-json\/wp\/v2\/product_tag?post=3537"}],"curies":[{"name":"wp","href":"https:\/\/api.w.org\/{rel}","templated":true}]}}