{"id":3528,"date":"2021-02-05T13:18:22","date_gmt":"2021-02-05T13:18:22","guid":{"rendered":"https:\/\/longchangchemical.com\/?post_type=product&#038;p=3528"},"modified":"2025-12-23T07:01:51","modified_gmt":"2025-12-23T07:01:51","slug":"cyclopentanone-cas-120-92-3","status":"publish","type":"product","link":"https:\/\/longchangchemical.com\/tr\/product\/cyclopentanone-cas-120-92-3\/","title":{"rendered":"Siklopentanon CAS 120-92-3"},"content":{"rendered":"<h1><strong>Siklopentanon CAS 120-92-3<\/strong><\/h1>\n<h4>Yo\u011funluk: 0,951 g\/cm<\/h4>\n<h4>Erime noktas\u0131: - 51 C<\/h4>\n<h4>Kaynama Noktas\u0131: 130-131 C<\/h4>\n<h4>K\u0131r\u0131lma indisi: 1.436-1.438<\/h4>\n<h4>Parlama noktas\u0131: 31 C<\/h4>\n<h4>Suda \u00e7\u00f6z\u00fcn\u00fcrl\u00fck: suda \u00e7\u00f6z\u00fcnmez.<\/h4>\n<p>&nbsp;<\/p>\n<h2><strong>Siklopentanon COA's\u0131<\/strong><\/h2>\n<table class=\"table-1\" cellspacing=\"0\">\n<tbody>\n<tr>\n<td>\n<h4>\u00d6\u011fe<\/h4>\n<\/td>\n<td>\n<h4>Standart<\/h4>\n<\/td>\n<\/tr>\n<tr>\n<td>\n<h4>G\u00f6r\u00fcn\u00fc\u015f<\/h4>\n<\/td>\n<td>\n<h4>\u015eeffaf s\u0131v\u0131<\/h4>\n<\/td>\n<\/tr>\n<tr>\n<td>\n<h4>Renk (Hazen No)<\/h4>\n<\/td>\n<td>\n<h4>\u226610<\/h4>\n<\/td>\n<\/tr>\n<tr>\n<td>\n<h4>Safl\u0131k (GC)<\/h4>\n<\/td>\n<td>\n<h4>\u226799,5%<\/h4>\n<\/td>\n<\/tr>\n<tr>\n<td>\n<h4>Asit de\u011feri (mgKOH\/g)<\/h4>\n<\/td>\n<td>\n<h4>\u22660,5%<\/h4>\n<\/td>\n<\/tr>\n<tr>\n<td>\n<h4>Toplam safs\u0131zl\u0131klar<\/h4>\n<\/td>\n<td>\n<h4>\u22660,5%<\/h4>\n<\/td>\n<\/tr>\n<tr>\n<td>\n<h4>Su i\u00e7eri\u011fi<\/h4>\n<\/td>\n<td>\n<h4>\u22660,5%<\/h4>\n<\/td>\n<\/tr>\n<\/tbody>\n<\/table>\n<h2><strong>Siklopentanon Kullan\u0131m\u0131<\/strong><\/h2>\n<h4>1. Hammadde olarak siklopentanon ve n-valeraldehit kullan\u0131larak, \u00f6nce aldol yo\u011funla\u015ft\u0131rmas\u0131na ve ard\u0131ndan pentilsiklopentanon \u00fcretmek i\u00e7in dehidrasyona tabi tutulur, ard\u0131ndan g\u00fc\u00e7l\u00fc olan pentilsiklopentanon \u00fcretmek i\u00e7in se\u00e7ici katalitik hidrojenasyon yap\u0131l\u0131r \u00c7i\u00e7ek ve meyveli bir kokuya sahiptir ve yasemin kokusuna sahiptir. G\u00fcnl\u00fck kimyasal koku form\u00fclasyonlar\u0131nda kullan\u0131labilir. Dozaj 20%'den daha az olabilir. IFRA'n\u0131n herhangi bir k\u0131s\u0131tlamas\u0131 yoktur.<\/h4>\n<h4>2. Hammadde olarak n-hekzanal ve siklopentanon kullan\u0131larak, \u00f6nce yo\u011funla\u015ft\u0131rma i\u015flemine tabi tutulur ve ard\u0131ndan heksilsiklopentanon elde etmek i\u00e7in se\u00e7ici olarak hidrojenatlan\u0131r. Hexylcyclopentanone, parf\u00fcm kokular\u0131nda kullan\u0131labilen g\u00fc\u00e7l\u00fc bir yasemin kokusuna ve meyveli kokuya sahiptir. Ve di\u011fer \u00e7e\u015fitli g\u00fcnl\u00fck kimyasal aroma form\u00fcllerinde, dozaj 5% i\u00e7indedir. IFRA'n\u0131n herhangi bir k\u0131s\u0131tlamas\u0131 yoktur.<\/h4>\n<h4>3. Parafinin pirolizi veya ilgili alkol\u00fcn dehidrasyonu ile elde edilen 1-penten veya 1-hepten hammadde olarak kullan\u0131l\u0131r ve ba\u015flat\u0131c\u0131 olarak di-tert-butil peroksit varl\u0131\u011f\u0131nda, oksidasyonla halka geni\u015flemesinden sonra \u03b4-dekanolakton (veya \u03b4-laurolakton) haline gelen 2 -Pentilsiklopentanon (veya 2-heptilsiklopentanon) olu\u015fturmak i\u00e7in siklopentanon ile radikal ekleme reaksiyonuna girer.<\/h4>\n<h4>4. Ba\u015flang\u0131\u00e7 malzemesi olarak siklopentanon i\u00e7eren sentetik yol en fazla end\u00fcstriyel \u00fcretim de\u011ferine sahiptir. Siklopentanon \u00f6nce n-valeraldehit ile aldol kondensasyonuna u\u011frar, kondensasyon \u00fcr\u00fcn\u00fc dehidrasyon ve se\u00e7ici hidrojenasyondan sonra 2-pentilsiklopentanon olur ve son olarak oksidatif halka geni\u015flemesinden sonra \u03b4-dekanolakton olur.<\/h4>\n<h4>5. Delta-decanolactone esas olarak yenilebilir aroma form\u00fclasyonlar\u0131nda kullan\u0131l\u0131r. Do\u011fal kreman\u0131n karakteristik aromas\u0131na sahip oldu\u011fu d\u00fc\u015f\u00fcn\u00fclmektedir. Bundan \u00f6nce, parf\u00fcmc\u00fcler uzun bir s\u00fcre boyunca krema aromalar\u0131n\u0131 form\u00fcle etmek i\u00e7in ana hammadde olarak diasetil ve vanilin gibi monomerik kokular\u0131 kullanmakla s\u0131n\u0131rl\u0131yd\u0131. Bununla birlikte, insanlar genellikle haz\u0131rlanan krema aromas\u0131n\u0131n tat veya lezzet a\u00e7\u0131s\u0131ndan do\u011fal \u00fcr\u00fcnlerden \u00e7ok daha d\u00fc\u015f\u00fck oldu\u011funu d\u00fc\u015f\u00fcnmektedir. Sadece \u03b4-decanolactone kullan\u0131ld\u0131\u011f\u0131nda, canl\u0131 bir krema aromas\u0131na sahip olabilir, \u00f6zellikle \u03b4-decanolactone ve \u03b4-laurolactone ana koku hammaddeleri olarak birlikte kullan\u0131ld\u0131\u011f\u0131nda, form\u00fcle edilmi\u015f krema aromas\u0131n\u0131n tad\u0131 ve etkisi daha iyi olacakt\u0131r.<\/h4>\n<h4>6. Hammadde olarak siklopentanon ve valeraldehit al\u0131n, 2- (1-hidroksi) pentilsiklopentanon \u00fcretmek i\u00e7in yo\u011funla\u015ft\u0131r\u0131n, dimetil malonat ile reaksiyona girin ve ard\u0131ndan 160 \uff5e 180 \u2103'de hidrolize edin, dekarboksilatlay\u0131n ve esterle\u015ftirin, Dihidrojasmonat metil ester elde edilebilir. Metil dihidrojasmonat, \u00fclkemdeki GB2760-1996'da ge\u00e7ici olarak kullan\u0131lmas\u0131na izin verilen bir g\u0131da baharat\u0131d\u0131r. Aromas\u0131 do\u011fal metil jasmonattan daha iyidir ve \u00f6zellikleri nispeten stabildir.<\/h4>\n<h4><\/h4>\n<h2><strong>Siklopentanon Paketleme ve Nakliye<\/strong><\/h2>\n<h4>Ambalaj: 200kg\/davul<\/h4>\n<h4>Teslimat: 3-5 i\u015f g\u00fcn\u00fc i\u00e7inde teslimat<\/h4>\n<p>&nbsp;<\/p>\n<h2><strong>Siklopentanon Depolama<\/strong><\/h2>\n<h4>I\u015f\u0131ktan ve kurumadan ka\u00e7\u0131nma.<\/h4>\n<p>&nbsp;<\/p>\n<h2><strong><b>\u015eimdi Bize Ula\u015f\u0131n!<\/b><\/strong><\/h2>\n<h4><strong><b>COA, MSDS veya TDS'ye ihtiyac\u0131n\u0131z varsa, l\u00fctfen a\u015fa\u011f\u0131daki forma ileti\u015fim bilgilerinizi girin, genellikle 24 saat i\u00e7inde sizinle ileti\u015fime ge\u00e7ece\u011fiz. Bana e-posta da g\u00f6nderebilirsiniz <span style=\"color: #0000ff;\"><a style=\"color: #0000ff;\" href=\"mailto:info@longchangchemical.com\">info@longchangchemical.com<\/a><\/span> \u00c7al\u0131\u015fma saatleri i\u00e7inde (8:30 - 6:00 UTC+8 Pzt.~Sat.) veya h\u0131zl\u0131 yan\u0131t almak i\u00e7in web sitesi canl\u0131 sohbetini kullan\u0131n.<\/b><\/strong><\/h4>","protected":false},"excerpt":{"rendered":"<h4>Kimyasal Ad\u0131: Siklopentanon<\/h4>\n<h4>CAS No.:120-92-3<\/h4>\n<h4>Molek\u00fcler Form\u00fcl: C5H8O<\/h4>\n<h4>Molek\u00fcl a\u011f\u0131rl\u0131\u011f\u0131: 84,12<\/h4>\n<h4>G\u00f6r\u00fcn\u00fc\u015f: \u015eeffaf s\u0131v\u0131<\/h4>\n<h4>Tahlil: 99.5%<\/h4>\n<h4>Molek\u00fcler yap\u0131:<img decoding=\"async\" title=\"image.png\" src=\"https:\/\/www.longchangchemical.com\/wp-content\/uploads\/product-details\/20200611251570.png\" alt=\"image.png\" \/><\/h4>","protected":false},"featured_media":4330,"comment_status":"open","ping_status":"closed","template":"","meta":[],"product_brand":[],"product_cat":[69],"product_tag":[],"class_list":{"0":"post-3528","1":"product","2":"type-product","3":"status-publish","4":"has-post-thumbnail","6":"product_cat-catalysts-chemical-auxiliary-agents","8":"first","9":"instock","10":"shipping-taxable","11":"product-type-simple"},"yoast_head":"<!-- This site is optimized with the Yoast SEO plugin v25.3.1 - https:\/\/yoast.com\/wordpress\/plugins\/seo\/ -->\n<title>China Cyclopentanone Manufacturer \uff06 CAS 120-92-3 Supplier - Longchang chemical Co., Ltd.<\/title>\n<meta name=\"description\" content=\"Longchang Chemical is a leading manufacturer and supplier of Cyclopentanone in China. Buy Cyclopentanone in china. We can provide the best Cyclopentanone price.\" \/>\n<meta name=\"robots\" content=\"index, follow, max-snippet:-1, max-image-preview:large, max-video-preview:-1\" \/>\n<link rel=\"canonical\" href=\"https:\/\/longchangchemical.com\/tr\/product\/cyclopentanone-cas-120-92-3\/\" \/>\n<meta property=\"og:locale\" content=\"tr_TR\" \/>\n<meta property=\"og:type\" content=\"article\" \/>\n<meta property=\"og:title\" content=\"China Cyclopentanone Manufacturer \uff06 CAS 120-92-3 Supplier - Longchang chemical Co., Ltd.\" \/>\n<meta property=\"og:description\" content=\"Longchang Chemical is a leading manufacturer and supplier of Cyclopentanone in China. Buy Cyclopentanone in china. We can provide the best Cyclopentanone price.\" \/>\n<meta property=\"og:url\" content=\"https:\/\/longchangchemical.com\/tr\/product\/cyclopentanone-cas-120-92-3\/\" \/>\n<meta property=\"og:site_name\" content=\"Longchang Chemical\" \/>\n<meta property=\"article:modified_time\" content=\"2025-12-23T07:01:51+00:00\" \/>\n<meta property=\"og:image\" content=\"https:\/\/longchangchemical.com\/wp-content\/uploads\/2021\/01\/Cyclopentanone-Appearance.jpg\" \/>\n\t<meta property=\"og:image:width\" content=\"600\" \/>\n\t<meta property=\"og:image:height\" content=\"800\" \/>\n\t<meta property=\"og:image:type\" content=\"image\/jpeg\" \/>\n<meta name=\"twitter:card\" content=\"summary_large_image\" \/>\n<script type=\"application\/ld+json\" class=\"yoast-schema-graph\">{\"@context\":\"https:\/\/schema.org\",\"@graph\":[{\"@type\":\"WebPage\",\"@id\":\"https:\/\/longchangchemical.com\/product\/cyclopentanone-cas-120-92-3\/\",\"url\":\"https:\/\/longchangchemical.com\/product\/cyclopentanone-cas-120-92-3\/\",\"name\":\"China Cyclopentanone Manufacturer \uff06 CAS 120-92-3 Supplier - Longchang chemical Co., Ltd.\",\"isPartOf\":{\"@id\":\"https:\/\/longchangchemical.com\/#website\"},\"primaryImageOfPage\":{\"@id\":\"https:\/\/longchangchemical.com\/product\/cyclopentanone-cas-120-92-3\/#primaryimage\"},\"image\":{\"@id\":\"https:\/\/longchangchemical.com\/product\/cyclopentanone-cas-120-92-3\/#primaryimage\"},\"thumbnailUrl\":\"https:\/\/longchangchemical.com\/wp-content\/uploads\/2021\/01\/Cyclopentanone-Appearance.jpg\",\"datePublished\":\"2021-02-05T13:18:22+00:00\",\"dateModified\":\"2025-12-23T07:01:51+00:00\",\"description\":\"Longchang Chemical is a leading manufacturer and supplier of Cyclopentanone in China. Buy Cyclopentanone in china. We can provide the best Cyclopentanone price.\",\"breadcrumb\":{\"@id\":\"https:\/\/longchangchemical.com\/product\/cyclopentanone-cas-120-92-3\/#breadcrumb\"},\"inLanguage\":\"tr\",\"potentialAction\":[{\"@type\":\"ReadAction\",\"target\":[\"https:\/\/longchangchemical.com\/product\/cyclopentanone-cas-120-92-3\/\"]}]},{\"@type\":\"ImageObject\",\"inLanguage\":\"tr\",\"@id\":\"https:\/\/longchangchemical.com\/product\/cyclopentanone-cas-120-92-3\/#primaryimage\",\"url\":\"https:\/\/longchangchemical.com\/wp-content\/uploads\/2021\/01\/Cyclopentanone-Appearance.jpg\",\"contentUrl\":\"https:\/\/longchangchemical.com\/wp-content\/uploads\/2021\/01\/Cyclopentanone-Appearance.jpg\",\"width\":600,\"height\":800,\"caption\":\"Cyclopentanone Appearance\"},{\"@type\":\"BreadcrumbList\",\"@id\":\"https:\/\/longchangchemical.com\/product\/cyclopentanone-cas-120-92-3\/#breadcrumb\",\"itemListElement\":[{\"@type\":\"ListItem\",\"position\":1,\"name\":\"Home\",\"item\":\"https:\/\/longchangchemical.com\/\"},{\"@type\":\"ListItem\",\"position\":2,\"name\":\"Products Longchang\",\"item\":\"https:\/\/longchangchemical.com\/product\/\"},{\"@type\":\"ListItem\",\"position\":3,\"name\":\"Cyclopentanone CAS 120-92-3\"}]},{\"@type\":\"WebSite\",\"@id\":\"https:\/\/longchangchemical.com\/#website\",\"url\":\"https:\/\/longchangchemical.com\/\",\"name\":\"Longchang Chemical\",\"description\":\"China chemical manufacturer \uff06 supplier\",\"publisher\":{\"@id\":\"https:\/\/longchangchemical.com\/#organization\"},\"potentialAction\":[{\"@type\":\"SearchAction\",\"target\":{\"@type\":\"EntryPoint\",\"urlTemplate\":\"https:\/\/longchangchemical.com\/?s={search_term_string}\"},\"query-input\":{\"@type\":\"PropertyValueSpecification\",\"valueRequired\":true,\"valueName\":\"search_term_string\"}}],\"inLanguage\":\"tr\"},{\"@type\":\"Organization\",\"@id\":\"https:\/\/longchangchemical.com\/#organization\",\"name\":\"Longchang Chemical\",\"url\":\"https:\/\/longchangchemical.com\/\",\"logo\":{\"@type\":\"ImageObject\",\"inLanguage\":\"tr\",\"@id\":\"https:\/\/longchangchemical.com\/#\/schema\/logo\/image\/\",\"url\":\"https:\/\/longchangchemical.com\/wp-content\/uploads\/2020\/08\/cropped-longchang-logo.png\",\"contentUrl\":\"https:\/\/longchangchemical.com\/wp-content\/uploads\/2020\/08\/cropped-longchang-logo.png\",\"width\":512,\"height\":512,\"caption\":\"Longchang Chemical\"},\"image\":{\"@id\":\"https:\/\/longchangchemical.com\/#\/schema\/logo\/image\/\"}}]}<\/script>\n<!-- \/ Yoast SEO plugin. -->","yoast_head_json":{"title":"\u00c7in Siklopentanon \u00dcreticisi \uff06 CAS 120-92-3 Tedarik\u00e7i - Longchang chemical Co, Ltd.","description":"Longchang Chemical, \u00c7in'de Cyclopentanone'un lider \u00fcreticisi ve tedarik\u00e7isidir. \u00c7in'de Cyclopentanone sat\u0131n al\u0131n. En iyi Cyclopentanone fiyat\u0131n\u0131 sa\u011flayabiliriz.","robots":{"index":"index","follow":"follow","max-snippet":"max-snippet:-1","max-image-preview":"max-image-preview:large","max-video-preview":"max-video-preview:-1"},"canonical":"https:\/\/longchangchemical.com\/tr\/product\/cyclopentanone-cas-120-92-3\/","og_locale":"tr_TR","og_type":"article","og_title":"China Cyclopentanone Manufacturer \uff06 CAS 120-92-3 Supplier - Longchang chemical Co., Ltd.","og_description":"Longchang Chemical is a leading manufacturer and supplier of Cyclopentanone in China. Buy Cyclopentanone in china. We can provide the best Cyclopentanone price.","og_url":"https:\/\/longchangchemical.com\/tr\/product\/cyclopentanone-cas-120-92-3\/","og_site_name":"Longchang Chemical","article_modified_time":"2025-12-23T07:01:51+00:00","og_image":[{"width":600,"height":800,"url":"https:\/\/longchangchemical.com\/wp-content\/uploads\/2021\/01\/Cyclopentanone-Appearance.jpg","type":"image\/jpeg"}],"twitter_card":"summary_large_image","schema":{"@context":"https:\/\/schema.org","@graph":[{"@type":"WebPage","@id":"https:\/\/longchangchemical.com\/product\/cyclopentanone-cas-120-92-3\/","url":"https:\/\/longchangchemical.com\/product\/cyclopentanone-cas-120-92-3\/","name":"\u00c7in Siklopentanon \u00dcreticisi \uff06 CAS 120-92-3 Tedarik\u00e7i - Longchang chemical Co, Ltd.","isPartOf":{"@id":"https:\/\/longchangchemical.com\/#website"},"primaryImageOfPage":{"@id":"https:\/\/longchangchemical.com\/product\/cyclopentanone-cas-120-92-3\/#primaryimage"},"image":{"@id":"https:\/\/longchangchemical.com\/product\/cyclopentanone-cas-120-92-3\/#primaryimage"},"thumbnailUrl":"https:\/\/longchangchemical.com\/wp-content\/uploads\/2021\/01\/Cyclopentanone-Appearance.jpg","datePublished":"2021-02-05T13:18:22+00:00","dateModified":"2025-12-23T07:01:51+00:00","description":"Longchang Chemical, \u00c7in'de Cyclopentanone'un lider \u00fcreticisi ve tedarik\u00e7isidir. \u00c7in'de Cyclopentanone sat\u0131n al\u0131n. En iyi Cyclopentanone fiyat\u0131n\u0131 sa\u011flayabiliriz.","breadcrumb":{"@id":"https:\/\/longchangchemical.com\/product\/cyclopentanone-cas-120-92-3\/#breadcrumb"},"inLanguage":"tr","potentialAction":[{"@type":"ReadAction","target":["https:\/\/longchangchemical.com\/product\/cyclopentanone-cas-120-92-3\/"]}]},{"@type":"ImageObject","inLanguage":"tr","@id":"https:\/\/longchangchemical.com\/product\/cyclopentanone-cas-120-92-3\/#primaryimage","url":"https:\/\/longchangchemical.com\/wp-content\/uploads\/2021\/01\/Cyclopentanone-Appearance.jpg","contentUrl":"https:\/\/longchangchemical.com\/wp-content\/uploads\/2021\/01\/Cyclopentanone-Appearance.jpg","width":600,"height":800,"caption":"Cyclopentanone Appearance"},{"@type":"BreadcrumbList","@id":"https:\/\/longchangchemical.com\/product\/cyclopentanone-cas-120-92-3\/#breadcrumb","itemListElement":[{"@type":"ListItem","position":1,"name":"Home","item":"https:\/\/longchangchemical.com\/"},{"@type":"ListItem","position":2,"name":"Products Longchang","item":"https:\/\/longchangchemical.com\/product\/"},{"@type":"ListItem","position":3,"name":"Cyclopentanone CAS 120-92-3"}]},{"@type":"WebSite","@id":"https:\/\/longchangchemical.com\/#website","url":"https:\/\/longchangchemical.com\/","name":"Longchang Kimya","description":"\u00c7in kimyasal \u00fcreticisi \uff06 tedarik\u00e7isi","publisher":{"@id":"https:\/\/longchangchemical.com\/#organization"},"potentialAction":[{"@type":"SearchAction","target":{"@type":"EntryPoint","urlTemplate":"https:\/\/longchangchemical.com\/?s={search_term_string}"},"query-input":{"@type":"PropertyValueSpecification","valueRequired":true,"valueName":"search_term_string"}}],"inLanguage":"tr"},{"@type":"Organization","@id":"https:\/\/longchangchemical.com\/#organization","name":"Longchang Kimya","url":"https:\/\/longchangchemical.com\/","logo":{"@type":"ImageObject","inLanguage":"tr","@id":"https:\/\/longchangchemical.com\/#\/schema\/logo\/image\/","url":"https:\/\/longchangchemical.com\/wp-content\/uploads\/2020\/08\/cropped-longchang-logo.png","contentUrl":"https:\/\/longchangchemical.com\/wp-content\/uploads\/2020\/08\/cropped-longchang-logo.png","width":512,"height":512,"caption":"Longchang Chemical"},"image":{"@id":"https:\/\/longchangchemical.com\/#\/schema\/logo\/image\/"}}]}},"_links":{"self":[{"href":"https:\/\/longchangchemical.com\/tr\/wp-json\/wp\/v2\/product\/3528","targetHints":{"allow":["GET"]}}],"collection":[{"href":"https:\/\/longchangchemical.com\/tr\/wp-json\/wp\/v2\/product"}],"about":[{"href":"https:\/\/longchangchemical.com\/tr\/wp-json\/wp\/v2\/types\/product"}],"replies":[{"embeddable":true,"href":"https:\/\/longchangchemical.com\/tr\/wp-json\/wp\/v2\/comments?post=3528"}],"wp:featuredmedia":[{"embeddable":true,"href":"https:\/\/longchangchemical.com\/tr\/wp-json\/wp\/v2\/media\/4330"}],"wp:attachment":[{"href":"https:\/\/longchangchemical.com\/tr\/wp-json\/wp\/v2\/media?parent=3528"}],"wp:term":[{"taxonomy":"product_brand","embeddable":true,"href":"https:\/\/longchangchemical.com\/tr\/wp-json\/wp\/v2\/product_brand?post=3528"},{"taxonomy":"product_cat","embeddable":true,"href":"https:\/\/longchangchemical.com\/tr\/wp-json\/wp\/v2\/product_cat?post=3528"},{"taxonomy":"product_tag","embeddable":true,"href":"https:\/\/longchangchemical.com\/tr\/wp-json\/wp\/v2\/product_tag?post=3528"}],"curies":[{"name":"wp","href":"https:\/\/api.w.org\/{rel}","templated":true}]}}