{"id":3518,"date":"2021-01-26T10:28:45","date_gmt":"2021-01-26T10:28:45","guid":{"rendered":"https:\/\/longchangchemical.com\/?post_type=product&#038;p=3518"},"modified":"2025-12-23T06:28:41","modified_gmt":"2025-12-23T06:28:41","slug":"n-formylmorpholine-cas-4394-85-8","status":"publish","type":"product","link":"https:\/\/longchangchemical.com\/tr\/product\/n-formylmorpholine-cas-4394-85-8\/","title":{"rendered":"Sasolate\u00ae NFM \/ N-Formylmorpholine CAS 4394-85-8"},"content":{"rendered":"<h1><strong>Sasolate\u00ae NFM \/ N-Formylmorpholine CAS 4394-85-8<\/strong><\/h1>\n<table>\n<tbody>\n<tr>\n<td width=\"180\">\n<h4>\u00d6\u011fe<\/h4>\n<\/td>\n<td width=\"267\">\n<h4>Teknik \u00d6zellikler<\/h4>\n<\/td>\n<td width=\"174\">\n<h4>Sonu\u00e7lar<\/h4>\n<\/td>\n<\/tr>\n<tr>\n<td width=\"180\">\n<h4>G\u00f6r\u00fcn\u00fc\u015f<\/h4>\n<\/td>\n<td width=\"267\">\n<h4>Renksiz veya a\u00e7\u0131k sar\u0131 s\u0131v\u0131 veya kat\u0131<\/h4>\n<\/td>\n<td width=\"174\">\n<h4>\u00a0a\u00e7\u0131k sar\u0131 s\u0131v\u0131<\/h4>\n<\/td>\n<\/tr>\n<tr>\n<td width=\"180\">\n<h4>Ana i\u00e7erik\uff0c%<\/h4>\n<\/td>\n<td width=\"267\">\n<h4>\u226599.5<\/h4>\n<\/td>\n<td width=\"174\">\n<h4>99.8<\/h4>\n<\/td>\n<\/tr>\n<tr>\n<td width=\"180\">\n<h4>Morfolin i\u00e7eri\u011fi\uff0c%<\/h4>\n<\/td>\n<td width=\"267\">\n<h4>\u22640.1<\/h4>\n<\/td>\n<td width=\"174\">\n<h4>0.01<\/h4>\n<\/td>\n<\/tr>\n<tr>\n<td width=\"180\">\n<h4>Su \uff0c %<\/h4>\n<\/td>\n<td width=\"267\">\n<h4>\u22640.2<\/h4>\n<\/td>\n<td width=\"174\">\n<h4>0.1<\/h4>\n<\/td>\n<\/tr>\n<tr>\n<td width=\"180\">\n<h4>Sonu\u00e7<\/h4>\n<\/td>\n<td colspan=\"2\" width=\"441\">\n<h4>Sonu\u00e7lar Kurumsal standartlarla uyumludur<\/h4>\n<\/td>\n<\/tr>\n<\/tbody>\n<\/table>\n<h2><\/h2>\n<h2><strong>Sasolate\u00ae NFM Nedir?<\/strong><\/h2>\n<h4>Sasolate\u00ae NFM di\u011fer ad\u0131 N-formylmorpholine'dir. \u00d6nemli bir organik \u00e7\u00f6z\u00fcc\u00fc ve ince kimyasal hammaddedir. Oda s\u0131cakl\u0131\u011f\u0131nda renksiz ve \u015feffaf bir s\u0131v\u0131d\u0131r. Amid kimyasal \u00f6zelliklerine sahiptir. Sulu \u00e7\u00f6zeltisi, asit veya alkali varl\u0131\u011f\u0131nda kolayca morfolin ve formik aside hidrolize olur ve sulu \u00e7\u00f6zelti zay\u0131f alkalidir.<\/h4>\n<p>&nbsp;<\/p>\n<h2><strong>Sasolate\u00ae NFM Kullan\u0131m\u0131<\/strong><\/h2>\n<h4>1.N-Formilmorfolin, do\u011fal gaz, sentez gaz\u0131, baca gaz\u0131, do\u011fal gaz kondensat\u0131 ve benzinin k\u00fck\u00fcrtten ar\u0131nd\u0131r\u0131lmas\u0131 i\u00e7in kullan\u0131l\u0131r.<br \/>\n2. N-Formylmorpholine, petrol aromatik cihazlar\u0131 i\u00e7in en iyi ekstraksiyon \u00e7\u00f6z\u00fcc\u00fcs\u00fcd\u00fcr. Ekstraktif dam\u0131tma ile aromatikleri geri kazanmak i\u00e7in kullan\u0131labilir. \u0130yi se\u00e7icili\u011fe, iyi termal ve kimyasal stabiliteye, toksik olmayan ve a\u015f\u0131nd\u0131r\u0131c\u0131 olmayan \u00f6zelliklere sahiptir.<br \/>\n3. N-Formilmorfolin \u015fu anda aromatik hidrokarbonlar\u0131n geri kazan\u0131m\u0131 i\u00e7in en yayg\u0131n kullan\u0131lan \u00e7\u00f6z\u00fcc\u00fcd\u00fcr.<br \/>\n4. N-Formilmorfolin, aromatikler i\u00e7in y\u00fcksek \u00e7\u00f6z\u00fcn\u00fcrl\u00fc\u011fe ve se\u00e7icili\u011fe sahip m\u00fckemmel bir aprotik \u00e7\u00f6z\u00fcc\u00fcd\u00fcr. Kar\u0131\u015f\u0131m\u0131 aromatik ekstraksiyon i\u015fleminde ve b\u00fcten konsantrasyon i\u015fleminde ba\u015far\u0131yla kullan\u0131lm\u0131\u015ft\u0131r<\/h4>\n<p>&nbsp;<\/p>\n<h2><strong>Sasolate\u00ae NFM <\/strong><strong>Paketleme ve Nakliye<\/strong><\/h2>\n<h4>200kg\/tambur; 1000kg\/tambur; 24,5MT\/ISO TANK<\/h4>\n<p>&nbsp;<\/p>\n<h2><strong>Ayn\u0131 seri \u00fcr\u00fcnler<\/strong><\/h2>\n<table style=\"border-collapse: collapse; width: 312.02pt;\" border=\"0\" width=\"416\" cellspacing=\"0\" cellpadding=\"0\">\n<tbody>\n<tr style=\"height: 54.00pt;\">\n<td class=\"et3\" style=\"height: 54.00pt; width: 201.75pt;\" width=\"269\" height=\"72\">\n<h4><a href=\"https:\/\/longchangchemical.com\/tr\/product\/4-methylmorpholine-cas-109-02-4\/\"><span style=\"color: #0000ff;\"><strong>N-Metilmorfolin<\/strong><\/span><\/a><\/h4>\n<\/td>\n<td class=\"et3\" style=\"width: 110.25pt;\" width=\"147\">\n<h4><strong>109-02-4<\/strong><\/h4>\n<\/td>\n<\/tr>\n<tr style=\"height: 67.50pt;\">\n<td class=\"et3\" style=\"height: 67.50pt;\" height=\"90\">\n<h4><a href=\"https:\/\/longchangchemical.com\/tr\/product\/cas-7529-22-8\/\"><span style=\"color: #0000ff;\"><strong>4-Metilmorfolin N-oksit<\/strong><\/span><\/a><\/h4>\n<\/td>\n<td class=\"et3\">\n<h4><span style=\"color: #000000;\"><strong>7529-22-8<\/strong><\/span><\/h4>\n<\/td>\n<\/tr>\n<tr style=\"height: 54.00pt;\">\n<td class=\"et3\" style=\"height: 54.00pt;\" height=\"72\">\n<h4><a href=\"https:\/\/longchangchemical.com\/tr\/product\/n-ethylmorpholine-cas-100-74-3\/\"><span style=\"color: #0000ff;\"><strong>N-Etilmorfolin<\/strong><\/span><\/a><\/h4>\n<\/td>\n<td class=\"et3\">\n<h4><span style=\"color: #000000;\"><strong>100-74-3<\/strong><\/span><\/h4>\n<\/td>\n<\/tr>\n<tr style=\"height: 54.00pt;\">\n<td class=\"et4\" style=\"height: 54.00pt; width: 201.75pt;\" width=\"269\" height=\"72\">\n<h4>N-Formilmorfolin<\/h4>\n<\/td>\n<td class=\"et4\" style=\"width: 110.25pt;\" width=\"147\">\n<h4><span style=\"color: #000000;\"><strong>4394-85-8<\/strong><\/span><\/h4>\n<\/td>\n<\/tr>\n<\/tbody>\n<\/table>\n<p>&nbsp;<\/p>\n<h2><strong>Sasolate\u00ae NFM Depolama<\/strong><\/h2>\n<h4>Serin, kuru ve a\u011fz\u0131 iyi kapal\u0131 bir kapta, \u0131\u015f\u0131k ve ate\u015ften uzakta saklanmal\u0131d\u0131r.<\/h4>\n<h2><strong><b>\u015eimdi Bize Ula\u015f\u0131n!<\/b><\/strong><\/h2>\n<h4><strong><b>\u00d6zelle\u015ftirilmi\u015f hizmetler sunuyoruz, genellikle 24 saat i\u00e7inde sizinle ileti\u015fime ge\u00e7ece\u011fiz. Ayr\u0131ca mesai saatleri i\u00e7inde (8:30 - 6:00 UTC+8 Pzt.~Sat.) info@longchangchemical.com adresine e-posta g\u00f6nderebilir veya h\u0131zl\u0131 yan\u0131t almak i\u00e7in web sitesi canl\u0131 sohbetini kullanabilirsiniz.<\/b><\/strong><\/h4>","protected":false},"excerpt":{"rendered":"<h4>Kimyasal Ad\u0131: Sasolate\u00ae NFM<\/h4>\n<h4>Di\u011fer Ad\u0131: N-Formylmorpholine; NFM<\/h4>\n<h4>CAS No: 4394-85-8<\/h4>\n<h4>Molek\u00fcler Form\u00fcl: C5H9NO2<\/h4>\n<h4>Molek\u00fcler A\u011f\u0131rl\u0131k: 115.13<\/h4>\n<h4>Molek\u00fcler Yap\u0131:<img decoding=\"async\" title=\"image.png\" src=\"https:\/\/www.longchangchemical.com\/wp-content\/uploads\/product-details\/20200617200959.png\" alt=\"image.png\" \/><\/h4>\n<h4>G\u00f6r\u00fcn\u00fc\u015f: Renksiz veya a\u00e7\u0131k sar\u0131 s\u0131v\u0131 veya kat\u0131<\/h4>\n<h4>Tahlil: 99,5%min<\/h4>","protected":false},"featured_media":4318,"comment_status":"open","ping_status":"closed","template":"","meta":[],"product_brand":[],"product_cat":[69],"product_tag":[],"class_list":{"0":"post-3518","1":"product","2":"type-product","3":"status-publish","4":"has-post-thumbnail","6":"product_cat-catalysts-chemical-auxiliary-agents","8":"first","9":"instock","10":"shipping-taxable","11":"product-type-simple"},"yoast_head":"<!-- This site is optimized with the Yoast SEO plugin v25.3.1 - https:\/\/yoast.com\/wordpress\/plugins\/seo\/ -->\n<title>China N-Formylmorpholine Manufacturer \uff06 CAS 4394-85-8 Supplier - Longchang chemical Co., Ltd.<\/title>\n<meta name=\"description\" content=\"Longchang Chemical is a leading manufacturer and supplier of N-Formylmorpholine in China. Buy N-Formylmorpholine in china. We can provide the best N-Formylmorpholine price.\" \/>\n<meta name=\"robots\" content=\"index, follow, max-snippet:-1, max-image-preview:large, max-video-preview:-1\" \/>\n<link rel=\"canonical\" href=\"https:\/\/longchangchemical.com\/tr\/product\/n-formylmorpholine-cas-4394-85-8\/\" \/>\n<meta property=\"og:locale\" content=\"tr_TR\" \/>\n<meta property=\"og:type\" content=\"article\" \/>\n<meta property=\"og:title\" content=\"China N-Formylmorpholine Manufacturer \uff06 CAS 4394-85-8 Supplier - Longchang chemical Co., Ltd.\" \/>\n<meta property=\"og:description\" content=\"Longchang Chemical is a leading manufacturer and supplier of N-Formylmorpholine in China. Buy N-Formylmorpholine in china. We can provide the best N-Formylmorpholine price.\" \/>\n<meta property=\"og:url\" content=\"https:\/\/longchangchemical.com\/tr\/product\/n-formylmorpholine-cas-4394-85-8\/\" \/>\n<meta property=\"og:site_name\" content=\"Longchang Chemical\" \/>\n<meta property=\"article:modified_time\" content=\"2025-12-23T06:28:41+00:00\" \/>\n<meta property=\"og:image\" content=\"https:\/\/longchangchemical.com\/wp-content\/uploads\/2021\/01\/N-Formylmorpholine-Packaging.jpg\" \/>\n\t<meta property=\"og:image:width\" content=\"600\" \/>\n\t<meta property=\"og:image:height\" content=\"800\" \/>\n\t<meta property=\"og:image:type\" content=\"image\/jpeg\" \/>\n<meta name=\"twitter:card\" content=\"summary_large_image\" \/>\n<script type=\"application\/ld+json\" class=\"yoast-schema-graph\">{\"@context\":\"https:\/\/schema.org\",\"@graph\":[{\"@type\":\"WebPage\",\"@id\":\"https:\/\/longchangchemical.com\/product\/n-formylmorpholine-cas-4394-85-8\/\",\"url\":\"https:\/\/longchangchemical.com\/product\/n-formylmorpholine-cas-4394-85-8\/\",\"name\":\"China N-Formylmorpholine Manufacturer \uff06 CAS 4394-85-8 Supplier - Longchang chemical Co., Ltd.\",\"isPartOf\":{\"@id\":\"https:\/\/longchangchemical.com\/#website\"},\"primaryImageOfPage\":{\"@id\":\"https:\/\/longchangchemical.com\/product\/n-formylmorpholine-cas-4394-85-8\/#primaryimage\"},\"image\":{\"@id\":\"https:\/\/longchangchemical.com\/product\/n-formylmorpholine-cas-4394-85-8\/#primaryimage\"},\"thumbnailUrl\":\"https:\/\/longchangchemical.com\/wp-content\/uploads\/2021\/01\/N-Formylmorpholine-Packaging.jpg\",\"datePublished\":\"2021-01-26T10:28:45+00:00\",\"dateModified\":\"2025-12-23T06:28:41+00:00\",\"description\":\"Longchang Chemical is a leading manufacturer and supplier of N-Formylmorpholine in China. Buy N-Formylmorpholine in china. We can provide the best N-Formylmorpholine price.\",\"breadcrumb\":{\"@id\":\"https:\/\/longchangchemical.com\/product\/n-formylmorpholine-cas-4394-85-8\/#breadcrumb\"},\"inLanguage\":\"tr\",\"potentialAction\":[{\"@type\":\"ReadAction\",\"target\":[\"https:\/\/longchangchemical.com\/product\/n-formylmorpholine-cas-4394-85-8\/\"]}]},{\"@type\":\"ImageObject\",\"inLanguage\":\"tr\",\"@id\":\"https:\/\/longchangchemical.com\/product\/n-formylmorpholine-cas-4394-85-8\/#primaryimage\",\"url\":\"https:\/\/longchangchemical.com\/wp-content\/uploads\/2021\/01\/N-Formylmorpholine-Packaging.jpg\",\"contentUrl\":\"https:\/\/longchangchemical.com\/wp-content\/uploads\/2021\/01\/N-Formylmorpholine-Packaging.jpg\",\"width\":600,\"height\":800,\"caption\":\"N-Formylmorpholine Packaging\"},{\"@type\":\"BreadcrumbList\",\"@id\":\"https:\/\/longchangchemical.com\/product\/n-formylmorpholine-cas-4394-85-8\/#breadcrumb\",\"itemListElement\":[{\"@type\":\"ListItem\",\"position\":1,\"name\":\"Home\",\"item\":\"https:\/\/longchangchemical.com\/\"},{\"@type\":\"ListItem\",\"position\":2,\"name\":\"Products Longchang\",\"item\":\"https:\/\/longchangchemical.com\/product\/\"},{\"@type\":\"ListItem\",\"position\":3,\"name\":\"Sasolate\u00ae NFM \/ N-Formylmorpholine CAS 4394-85-8\"}]},{\"@type\":\"WebSite\",\"@id\":\"https:\/\/longchangchemical.com\/#website\",\"url\":\"https:\/\/longchangchemical.com\/\",\"name\":\"Longchang Chemical\",\"description\":\"China chemical manufacturer \uff06 supplier\",\"publisher\":{\"@id\":\"https:\/\/longchangchemical.com\/#organization\"},\"potentialAction\":[{\"@type\":\"SearchAction\",\"target\":{\"@type\":\"EntryPoint\",\"urlTemplate\":\"https:\/\/longchangchemical.com\/?s={search_term_string}\"},\"query-input\":{\"@type\":\"PropertyValueSpecification\",\"valueRequired\":true,\"valueName\":\"search_term_string\"}}],\"inLanguage\":\"tr\"},{\"@type\":\"Organization\",\"@id\":\"https:\/\/longchangchemical.com\/#organization\",\"name\":\"Longchang Chemical\",\"url\":\"https:\/\/longchangchemical.com\/\",\"logo\":{\"@type\":\"ImageObject\",\"inLanguage\":\"tr\",\"@id\":\"https:\/\/longchangchemical.com\/#\/schema\/logo\/image\/\",\"url\":\"https:\/\/longchangchemical.com\/wp-content\/uploads\/2020\/08\/cropped-longchang-logo.png\",\"contentUrl\":\"https:\/\/longchangchemical.com\/wp-content\/uploads\/2020\/08\/cropped-longchang-logo.png\",\"width\":512,\"height\":512,\"caption\":\"Longchang Chemical\"},\"image\":{\"@id\":\"https:\/\/longchangchemical.com\/#\/schema\/logo\/image\/\"}}]}<\/script>\n<!-- \/ Yoast SEO plugin. -->","yoast_head_json":{"title":"\u00c7in N-Formylmorpholine \u00dcretici \uff06 CAS 4394-85-8 Tedarik\u00e7i - Longchang chemical Co, Ltd.","description":"Longchang Chemical, \u00c7in'in \u00f6nde gelen N-Formylmorpholine \u00fcreticisi ve tedarik\u00e7isidir. \u00c7in'de N-Formylmorpholine sat\u0131n al\u0131n. En iyi N-Formylmorpholine fiyat\u0131n\u0131 sa\u011flayabiliriz.","robots":{"index":"index","follow":"follow","max-snippet":"max-snippet:-1","max-image-preview":"max-image-preview:large","max-video-preview":"max-video-preview:-1"},"canonical":"https:\/\/longchangchemical.com\/tr\/product\/n-formylmorpholine-cas-4394-85-8\/","og_locale":"tr_TR","og_type":"article","og_title":"China N-Formylmorpholine Manufacturer \uff06 CAS 4394-85-8 Supplier - Longchang chemical Co., Ltd.","og_description":"Longchang Chemical is a leading manufacturer and supplier of N-Formylmorpholine in China. Buy N-Formylmorpholine in china. We can provide the best N-Formylmorpholine price.","og_url":"https:\/\/longchangchemical.com\/tr\/product\/n-formylmorpholine-cas-4394-85-8\/","og_site_name":"Longchang Chemical","article_modified_time":"2025-12-23T06:28:41+00:00","og_image":[{"width":600,"height":800,"url":"https:\/\/longchangchemical.com\/wp-content\/uploads\/2021\/01\/N-Formylmorpholine-Packaging.jpg","type":"image\/jpeg"}],"twitter_card":"summary_large_image","schema":{"@context":"https:\/\/schema.org","@graph":[{"@type":"WebPage","@id":"https:\/\/longchangchemical.com\/product\/n-formylmorpholine-cas-4394-85-8\/","url":"https:\/\/longchangchemical.com\/product\/n-formylmorpholine-cas-4394-85-8\/","name":"\u00c7in N-Formylmorpholine \u00dcretici \uff06 CAS 4394-85-8 Tedarik\u00e7i - Longchang chemical Co, Ltd.","isPartOf":{"@id":"https:\/\/longchangchemical.com\/#website"},"primaryImageOfPage":{"@id":"https:\/\/longchangchemical.com\/product\/n-formylmorpholine-cas-4394-85-8\/#primaryimage"},"image":{"@id":"https:\/\/longchangchemical.com\/product\/n-formylmorpholine-cas-4394-85-8\/#primaryimage"},"thumbnailUrl":"https:\/\/longchangchemical.com\/wp-content\/uploads\/2021\/01\/N-Formylmorpholine-Packaging.jpg","datePublished":"2021-01-26T10:28:45+00:00","dateModified":"2025-12-23T06:28:41+00:00","description":"Longchang Chemical, \u00c7in'in \u00f6nde gelen N-Formylmorpholine \u00fcreticisi ve tedarik\u00e7isidir. \u00c7in'de N-Formylmorpholine sat\u0131n al\u0131n. En iyi N-Formylmorpholine fiyat\u0131n\u0131 sa\u011flayabiliriz.","breadcrumb":{"@id":"https:\/\/longchangchemical.com\/product\/n-formylmorpholine-cas-4394-85-8\/#breadcrumb"},"inLanguage":"tr","potentialAction":[{"@type":"ReadAction","target":["https:\/\/longchangchemical.com\/product\/n-formylmorpholine-cas-4394-85-8\/"]}]},{"@type":"ImageObject","inLanguage":"tr","@id":"https:\/\/longchangchemical.com\/product\/n-formylmorpholine-cas-4394-85-8\/#primaryimage","url":"https:\/\/longchangchemical.com\/wp-content\/uploads\/2021\/01\/N-Formylmorpholine-Packaging.jpg","contentUrl":"https:\/\/longchangchemical.com\/wp-content\/uploads\/2021\/01\/N-Formylmorpholine-Packaging.jpg","width":600,"height":800,"caption":"N-Formylmorpholine Packaging"},{"@type":"BreadcrumbList","@id":"https:\/\/longchangchemical.com\/product\/n-formylmorpholine-cas-4394-85-8\/#breadcrumb","itemListElement":[{"@type":"ListItem","position":1,"name":"Home","item":"https:\/\/longchangchemical.com\/"},{"@type":"ListItem","position":2,"name":"Products Longchang","item":"https:\/\/longchangchemical.com\/product\/"},{"@type":"ListItem","position":3,"name":"Sasolate\u00ae NFM \/ N-Formylmorpholine CAS 4394-85-8"}]},{"@type":"WebSite","@id":"https:\/\/longchangchemical.com\/#website","url":"https:\/\/longchangchemical.com\/","name":"Longchang Kimya","description":"\u00c7in kimyasal \u00fcreticisi \uff06 tedarik\u00e7isi","publisher":{"@id":"https:\/\/longchangchemical.com\/#organization"},"potentialAction":[{"@type":"SearchAction","target":{"@type":"EntryPoint","urlTemplate":"https:\/\/longchangchemical.com\/?s={search_term_string}"},"query-input":{"@type":"PropertyValueSpecification","valueRequired":true,"valueName":"search_term_string"}}],"inLanguage":"tr"},{"@type":"Organization","@id":"https:\/\/longchangchemical.com\/#organization","name":"Longchang Kimya","url":"https:\/\/longchangchemical.com\/","logo":{"@type":"ImageObject","inLanguage":"tr","@id":"https:\/\/longchangchemical.com\/#\/schema\/logo\/image\/","url":"https:\/\/longchangchemical.com\/wp-content\/uploads\/2020\/08\/cropped-longchang-logo.png","contentUrl":"https:\/\/longchangchemical.com\/wp-content\/uploads\/2020\/08\/cropped-longchang-logo.png","width":512,"height":512,"caption":"Longchang Chemical"},"image":{"@id":"https:\/\/longchangchemical.com\/#\/schema\/logo\/image\/"}}]}},"_links":{"self":[{"href":"https:\/\/longchangchemical.com\/tr\/wp-json\/wp\/v2\/product\/3518","targetHints":{"allow":["GET"]}}],"collection":[{"href":"https:\/\/longchangchemical.com\/tr\/wp-json\/wp\/v2\/product"}],"about":[{"href":"https:\/\/longchangchemical.com\/tr\/wp-json\/wp\/v2\/types\/product"}],"replies":[{"embeddable":true,"href":"https:\/\/longchangchemical.com\/tr\/wp-json\/wp\/v2\/comments?post=3518"}],"wp:featuredmedia":[{"embeddable":true,"href":"https:\/\/longchangchemical.com\/tr\/wp-json\/wp\/v2\/media\/4318"}],"wp:attachment":[{"href":"https:\/\/longchangchemical.com\/tr\/wp-json\/wp\/v2\/media?parent=3518"}],"wp:term":[{"taxonomy":"product_brand","embeddable":true,"href":"https:\/\/longchangchemical.com\/tr\/wp-json\/wp\/v2\/product_brand?post=3518"},{"taxonomy":"product_cat","embeddable":true,"href":"https:\/\/longchangchemical.com\/tr\/wp-json\/wp\/v2\/product_cat?post=3518"},{"taxonomy":"product_tag","embeddable":true,"href":"https:\/\/longchangchemical.com\/tr\/wp-json\/wp\/v2\/product_tag?post=3518"}],"curies":[{"name":"wp","href":"https:\/\/api.w.org\/{rel}","templated":true}]}}