{"id":3514,"date":"2021-01-21T12:22:49","date_gmt":"2021-01-21T12:22:49","guid":{"rendered":"https:\/\/longchangchemical.com\/?post_type=product&#038;p=3514"},"modified":"2025-12-23T06:19:56","modified_gmt":"2025-12-23T06:19:56","slug":"cysteamine-hydrochloride-cas-156-57-0","status":"publish","type":"product","link":"https:\/\/longchangchemical.com\/tr\/product\/cysteamine-hydrochloride-cas-156-57-0\/","title":{"rendered":"sisteamin hidroklor\u00fcr CAS 156-57-0"},"content":{"rendered":"<h1><strong>sisteamin hidroklor\u00fcr CAS 156-57-0<\/strong><\/h1>\n<p>&nbsp;<\/p>\n<table class=\"table-1\">\n<tbody>\n<tr>\n<td colspan=\"3\" rowspan=\"3\">\n<h4>\u00d6\u011fe<\/h4>\n<\/td>\n<td colspan=\"2\">\n<h4>De\u011fer<\/h4>\n<\/td>\n<\/tr>\n<tr>\n<td colspan=\"2\"><\/td>\n<\/tr>\n<tr>\n<td>\n<h4>Kat\u0131 toz<\/h4>\n<\/td>\n<td>\n<h4>75% \u00e7\u00f6z\u00fcm<\/h4>\n<\/td>\n<\/tr>\n<tr>\n<td colspan=\"3\">\n<h4>G\u00f6r\u00fcn\u00fc\u015f<\/h4>\n<\/td>\n<td>\n<h4>beyaz kristal toz<\/h4>\n<\/td>\n<td>\n<h4>renksiz berrak s\u0131v\u0131<\/h4>\n<\/td>\n<\/tr>\n<tr>\n<td colspan=\"3\">\n<h4>TANIMLAMA<\/h4>\n<\/td>\n<td>\n<h4>pozitif reaksiyon<\/h4>\n<\/td>\n<td>\n<h4>pozitif reaksiyon<\/h4>\n<\/td>\n<\/tr>\n<tr>\n<td rowspan=\"7\">\n<h4>Safl\u0131k<\/h4>\n<\/td>\n<td>\n<h4>Erime noktas\u0131<\/h4>\n<\/td>\n<td colspan=\"2\">\n<h4>65.0-70.0\u00b0C<\/h4>\n<\/td>\n<td>\n<h4>N\/A<\/h4>\n<\/td>\n<\/tr>\n<tr>\n<td>\n<h4>PH<\/h4>\n<\/td>\n<td colspan=\"2\">\n<h4>3.3-5.0<\/h4>\n<\/td>\n<td>\n<h4>4.0-5.0<\/h4>\n<\/td>\n<\/tr>\n<tr>\n<td>\n<h4>Kuru kay\u0131p<\/h4>\n<\/td>\n<td colspan=\"2\">\n<h4>0,5%'den fazla de\u011fildir.<\/h4>\n<\/td>\n<td>\n<h4>N\/A<\/h4>\n<\/td>\n<\/tr>\n<tr>\n<td>\n<h4>A\u011f\u0131r et<\/h4>\n<\/td>\n<td colspan=\"2\">\n<h4>0,002%'den fazla de\u011fildir.<\/h4>\n<\/td>\n<td>\n<h4>0,002%'den fazla de\u011fildir.<\/h4>\n<\/td>\n<\/tr>\n<tr>\n<td>\n<h4>Ferrik tuz<\/h4>\n<\/td>\n<td colspan=\"2\">\n<h4>1 ppm'den fazla de\u011fildir<\/h4>\n<\/td>\n<td>\n<h4>1 ppm'den fazla de\u011fildir<\/h4>\n<\/td>\n<\/tr>\n<tr>\n<td>\n<h4>S\u00fclfat<\/h4>\n<\/td>\n<td colspan=\"2\">\n<h4>0,01%'den fazla de\u011fildir<\/h4>\n<\/td>\n<td>\n<h4>0,01%'den fazla de\u011fildir<\/h4>\n<\/td>\n<\/tr>\n<tr>\n<td>\n<h4>Ate\u015fleme \u00fczerinde kal\u0131nt\u0131<\/h4>\n<\/td>\n<td colspan=\"2\">\n<h4>0,1%'den fazla de\u011fildir<\/h4>\n<\/td>\n<td>\n<h4>N\/A<\/h4>\n<\/td>\n<\/tr>\n<tr>\n<td colspan=\"3\">\n<h4>Tahlil<\/h4>\n<\/td>\n<td>\n<h4>C2H7NS-HCl tahlili<\/h4>\n<h4>99,0%'den az olmamal\u0131d\u0131r<\/h4>\n<\/td>\n<td>\n<h4>C2H7NS-HCl tahlili<\/h4>\n<h4>75.0%'den az olmamal\u0131d\u0131r<\/h4>\n<\/td>\n<\/tr>\n<\/tbody>\n<\/table>\n<p>&nbsp;<\/p>\n<h2><strong>Sisteamin hidroklor\u00fcr <\/strong><strong>Kullan\u0131m<\/strong><\/h2>\n<h4><span class=\"JLqJ4b ChMk0b\" data-language-for-alternatives=\"en\" data-language-to-translate-into=\"auto\" data-phrase-index=\"0\">1. G\u0131da end\u00fcstrisinde ek\u015fi madde, renk tutma maddesi, koruyucu ve yumurta sar\u0131s\u0131 i\u00e7in em\u00fclsifikasyon stabilizat\u00f6r\u00fc vb. olarak kullan\u0131l\u0131r.<\/span><\/h4>\n<h4><span class=\"JLqJ4b ChMk0b\" data-language-for-alternatives=\"en\" data-language-to-translate-into=\"auto\" data-phrase-index=\"2\">2. \u0130la\u00e7 end\u00fcstrisinde biyokimyasal ara\u015ft\u0131rmalar, radyasyon hastal\u0131\u011f\u0131n\u0131n \u00f6nlenmesi ve tedavisi, ayr\u0131ca biyokimyasal reaktifler, a\u011f\u0131r metal iyonlar\u0131 i\u00e7in kompleks yap\u0131c\u0131 maddeler vb. i\u00e7in kullan\u0131l\u0131r.<\/span><\/h4>\n<h4><span class=\"JLqJ4b ChMk0b\" data-language-for-alternatives=\"en\" data-language-to-translate-into=\"auto\" data-phrase-index=\"4\">3. \u0130la\u00e7 end\u00fcstrisinde, ranitidin ve simetidinin bir ara \u00fcr\u00fcn\u00fcd\u00fcr ve parasetamol zehirlenmesi i\u00e7in bir antidot olarak da kullan\u0131labilir.<\/span><\/h4>\n<h4><\/h4>\n<h2><strong>Sisteamin hidroklor\u00fcr <\/strong><strong>Paketleme<\/strong><\/h2>\n<h4>\u00c7ift katmanl\u0131 PE torba kapl\u0131 kartonda 25kg (99.0%), torba koruma i\u00e7in nitrojen ile doldurulur.<br \/>\n75% ruh: Plastik tamburda 200kg ve tambur koruma i\u00e7in nitrojen ile doldurulmu\u015ftur.<\/h4>\n<p>&nbsp;<\/p>\n<h2><strong>Sisteamin hidroklor\u00fcr <\/strong><strong>Depolama<\/strong><\/h2>\n<h4>G\u00fcne\u015f \u0131\u015f\u0131\u011f\u0131ndan, nemden ve metal iyonlar\u0131ndan uzak, kuru ve serin bir yerde saklanmal\u0131d\u0131r.<\/h4>\n<p>&nbsp;<\/p>\n<h2><strong><b>\u015eimdi Bize Ula\u015f\u0131n!<\/b><\/strong><\/h2>\n<h4><strong><b>COA, MSDS veya TDS'ye ihtiyac\u0131n\u0131z varsa, l\u00fctfen a\u015fa\u011f\u0131daki forma ileti\u015fim bilgilerinizi girin, genellikle 24 saat i\u00e7inde sizinle ileti\u015fime ge\u00e7ece\u011fiz. Bana e-posta da g\u00f6nderebilirsiniz <span style=\"color: #0000ff;\"><a style=\"color: #0000ff;\" href=\"mailto:info@longchangchemical.com\">info@longchangchemical.com<\/a><\/span> \u00c7al\u0131\u015fma saatleri i\u00e7inde (8:30 - 6:00 UTC+8 Pzt.~Sat.) veya h\u0131zl\u0131 yan\u0131t almak i\u00e7in web sitesi canl\u0131 sohbetini kullan\u0131n.<\/b><\/strong><\/h4>","protected":false},"excerpt":{"rendered":"<p>Kimyasal Ad\u0131: Sisteamin hidroklor\u00fcr<\/p>\n<p>CAS No: 156-57-0<\/p>\n<p>Molek\u00fcler Fom\u00fcl: C2H8ClNS<\/p>\n<p>Kimyasal Yap\u0131:<img decoding=\"async\" title=\"image.png\" src=\"https:\/\/www.longchangchemical.com\/wp-content\/uploads\/product-details\/20200617304300.png\" alt=\"image.png\" \/><\/p>\n<p>Molek\u00fcl a\u011f\u0131rl\u0131\u011f\u0131:113.61<\/p>\n<p>G\u00f6r\u00fcn\u00fc\u015f: Beyaz kristal toz (kat\u0131) renksiz berrak s\u0131v\u0131 (s\u0131v\u0131)<\/p>\n<p>Tahlil: 99% (kat\u0131), 75% \u00e7\u00f6zeltisi (s\u0131v\u0131)<\/p>","protected":false},"featured_media":4302,"comment_status":"open","ping_status":"closed","template":"","meta":[],"product_brand":[],"product_cat":[69],"product_tag":[],"class_list":{"0":"post-3514","1":"product","2":"type-product","3":"status-publish","4":"has-post-thumbnail","6":"product_cat-catalysts-chemical-auxiliary-agents","8":"first","9":"instock","10":"shipping-taxable","11":"product-type-simple"},"yoast_head":"<!-- This site is optimized with the Yoast SEO plugin v25.3.1 - https:\/\/yoast.com\/wordpress\/plugins\/seo\/ -->\n<title>China Cysteamine hydrochloride Manufacturer \uff06 Supplier - Longchang chemical Co., Ltd.<\/title>\n<meta name=\"description\" content=\"Longchang Chemical is a leading manufacturer and supplier of Cysteamine hydrochloride in China. Buy Cysteamine hydrochloride in china. We can provide the best Cysteamine hydrochloride price.\" \/>\n<meta name=\"robots\" content=\"index, follow, max-snippet:-1, max-image-preview:large, max-video-preview:-1\" \/>\n<link rel=\"canonical\" href=\"https:\/\/longchangchemical.com\/tr\/product\/cysteamine-hydrochloride-cas-156-57-0\/\" \/>\n<meta property=\"og:locale\" content=\"tr_TR\" \/>\n<meta property=\"og:type\" content=\"article\" \/>\n<meta property=\"og:title\" content=\"China Cysteamine hydrochloride Manufacturer \uff06 Supplier - Longchang chemical Co., Ltd.\" \/>\n<meta property=\"og:description\" content=\"Longchang Chemical is a leading manufacturer and supplier of Cysteamine hydrochloride in China. Buy Cysteamine hydrochloride in china. We can provide the best Cysteamine hydrochloride price.\" \/>\n<meta property=\"og:url\" content=\"https:\/\/longchangchemical.com\/tr\/product\/cysteamine-hydrochloride-cas-156-57-0\/\" \/>\n<meta property=\"og:site_name\" content=\"Longchang Chemical\" \/>\n<meta property=\"article:modified_time\" content=\"2025-12-23T06:19:56+00:00\" \/>\n<meta property=\"og:image\" content=\"https:\/\/longchangchemical.com\/wp-content\/uploads\/2021\/01\/Appearance-5.jpg\" \/>\n\t<meta property=\"og:image:width\" content=\"600\" \/>\n\t<meta property=\"og:image:height\" content=\"800\" \/>\n\t<meta property=\"og:image:type\" content=\"image\/jpeg\" \/>\n<meta name=\"twitter:card\" content=\"summary_large_image\" \/>\n<script type=\"application\/ld+json\" class=\"yoast-schema-graph\">{\"@context\":\"https:\/\/schema.org\",\"@graph\":[{\"@type\":\"WebPage\",\"@id\":\"https:\/\/longchangchemical.com\/product\/cysteamine-hydrochloride-cas-156-57-0\/\",\"url\":\"https:\/\/longchangchemical.com\/product\/cysteamine-hydrochloride-cas-156-57-0\/\",\"name\":\"China Cysteamine hydrochloride Manufacturer \uff06 Supplier - Longchang chemical Co., Ltd.\",\"isPartOf\":{\"@id\":\"https:\/\/longchangchemical.com\/#website\"},\"primaryImageOfPage\":{\"@id\":\"https:\/\/longchangchemical.com\/product\/cysteamine-hydrochloride-cas-156-57-0\/#primaryimage\"},\"image\":{\"@id\":\"https:\/\/longchangchemical.com\/product\/cysteamine-hydrochloride-cas-156-57-0\/#primaryimage\"},\"thumbnailUrl\":\"https:\/\/longchangchemical.com\/wp-content\/uploads\/2021\/01\/Appearance-5.jpg\",\"datePublished\":\"2021-01-21T12:22:49+00:00\",\"dateModified\":\"2025-12-23T06:19:56+00:00\",\"description\":\"Longchang Chemical is a leading manufacturer and supplier of Cysteamine hydrochloride in China. Buy Cysteamine hydrochloride in china. We can provide the best Cysteamine hydrochloride price.\",\"breadcrumb\":{\"@id\":\"https:\/\/longchangchemical.com\/product\/cysteamine-hydrochloride-cas-156-57-0\/#breadcrumb\"},\"inLanguage\":\"tr\",\"potentialAction\":[{\"@type\":\"ReadAction\",\"target\":[\"https:\/\/longchangchemical.com\/product\/cysteamine-hydrochloride-cas-156-57-0\/\"]}]},{\"@type\":\"ImageObject\",\"inLanguage\":\"tr\",\"@id\":\"https:\/\/longchangchemical.com\/product\/cysteamine-hydrochloride-cas-156-57-0\/#primaryimage\",\"url\":\"https:\/\/longchangchemical.com\/wp-content\/uploads\/2021\/01\/Appearance-5.jpg\",\"contentUrl\":\"https:\/\/longchangchemical.com\/wp-content\/uploads\/2021\/01\/Appearance-5.jpg\",\"width\":600,\"height\":800,\"caption\":\"Cysteamine hydrochloride Appearance\"},{\"@type\":\"BreadcrumbList\",\"@id\":\"https:\/\/longchangchemical.com\/product\/cysteamine-hydrochloride-cas-156-57-0\/#breadcrumb\",\"itemListElement\":[{\"@type\":\"ListItem\",\"position\":1,\"name\":\"Home\",\"item\":\"https:\/\/longchangchemical.com\/\"},{\"@type\":\"ListItem\",\"position\":2,\"name\":\"Products Longchang\",\"item\":\"https:\/\/longchangchemical.com\/product\/\"},{\"@type\":\"ListItem\",\"position\":3,\"name\":\"cysteamine hydrochloride CAS 156-57-0\"}]},{\"@type\":\"WebSite\",\"@id\":\"https:\/\/longchangchemical.com\/#website\",\"url\":\"https:\/\/longchangchemical.com\/\",\"name\":\"Longchang Chemical\",\"description\":\"China chemical manufacturer \uff06 supplier\",\"publisher\":{\"@id\":\"https:\/\/longchangchemical.com\/#organization\"},\"potentialAction\":[{\"@type\":\"SearchAction\",\"target\":{\"@type\":\"EntryPoint\",\"urlTemplate\":\"https:\/\/longchangchemical.com\/?s={search_term_string}\"},\"query-input\":{\"@type\":\"PropertyValueSpecification\",\"valueRequired\":true,\"valueName\":\"search_term_string\"}}],\"inLanguage\":\"tr\"},{\"@type\":\"Organization\",\"@id\":\"https:\/\/longchangchemical.com\/#organization\",\"name\":\"Longchang Chemical\",\"url\":\"https:\/\/longchangchemical.com\/\",\"logo\":{\"@type\":\"ImageObject\",\"inLanguage\":\"tr\",\"@id\":\"https:\/\/longchangchemical.com\/#\/schema\/logo\/image\/\",\"url\":\"https:\/\/longchangchemical.com\/wp-content\/uploads\/2020\/08\/cropped-longchang-logo.png\",\"contentUrl\":\"https:\/\/longchangchemical.com\/wp-content\/uploads\/2020\/08\/cropped-longchang-logo.png\",\"width\":512,\"height\":512,\"caption\":\"Longchang Chemical\"},\"image\":{\"@id\":\"https:\/\/longchangchemical.com\/#\/schema\/logo\/image\/\"}}]}<\/script>\n<!-- \/ Yoast SEO plugin. -->","yoast_head_json":{"title":"\u00c7in Sisteamin hidroklor\u00fcr \u00dcretici \uff06 Tedarik\u00e7i - Longchang chemical Co, Ltd.","description":"Longchang Chemical, \u00c7in'de Sisteamin hidroklor\u00fcr\u00fcn lider \u00fcreticisi ve tedarik\u00e7isidir. \u00c7in'de Sisteamin hidroklor\u00fcr sat\u0131n al\u0131n. En iyi Sisteamin hidroklor\u00fcr fiyat\u0131n\u0131 sa\u011flayabiliriz.","robots":{"index":"index","follow":"follow","max-snippet":"max-snippet:-1","max-image-preview":"max-image-preview:large","max-video-preview":"max-video-preview:-1"},"canonical":"https:\/\/longchangchemical.com\/tr\/product\/cysteamine-hydrochloride-cas-156-57-0\/","og_locale":"tr_TR","og_type":"article","og_title":"China Cysteamine hydrochloride Manufacturer \uff06 Supplier - Longchang chemical Co., Ltd.","og_description":"Longchang Chemical is a leading manufacturer and supplier of Cysteamine hydrochloride in China. Buy Cysteamine hydrochloride in china. We can provide the best Cysteamine hydrochloride price.","og_url":"https:\/\/longchangchemical.com\/tr\/product\/cysteamine-hydrochloride-cas-156-57-0\/","og_site_name":"Longchang Chemical","article_modified_time":"2025-12-23T06:19:56+00:00","og_image":[{"width":600,"height":800,"url":"https:\/\/longchangchemical.com\/wp-content\/uploads\/2021\/01\/Appearance-5.jpg","type":"image\/jpeg"}],"twitter_card":"summary_large_image","schema":{"@context":"https:\/\/schema.org","@graph":[{"@type":"WebPage","@id":"https:\/\/longchangchemical.com\/product\/cysteamine-hydrochloride-cas-156-57-0\/","url":"https:\/\/longchangchemical.com\/product\/cysteamine-hydrochloride-cas-156-57-0\/","name":"\u00c7in Sisteamin hidroklor\u00fcr \u00dcretici \uff06 Tedarik\u00e7i - Longchang chemical Co, Ltd.","isPartOf":{"@id":"https:\/\/longchangchemical.com\/#website"},"primaryImageOfPage":{"@id":"https:\/\/longchangchemical.com\/product\/cysteamine-hydrochloride-cas-156-57-0\/#primaryimage"},"image":{"@id":"https:\/\/longchangchemical.com\/product\/cysteamine-hydrochloride-cas-156-57-0\/#primaryimage"},"thumbnailUrl":"https:\/\/longchangchemical.com\/wp-content\/uploads\/2021\/01\/Appearance-5.jpg","datePublished":"2021-01-21T12:22:49+00:00","dateModified":"2025-12-23T06:19:56+00:00","description":"Longchang Chemical, \u00c7in'de Sisteamin hidroklor\u00fcr\u00fcn lider \u00fcreticisi ve tedarik\u00e7isidir. \u00c7in'de Sisteamin hidroklor\u00fcr sat\u0131n al\u0131n. En iyi Sisteamin hidroklor\u00fcr fiyat\u0131n\u0131 sa\u011flayabiliriz.","breadcrumb":{"@id":"https:\/\/longchangchemical.com\/product\/cysteamine-hydrochloride-cas-156-57-0\/#breadcrumb"},"inLanguage":"tr","potentialAction":[{"@type":"ReadAction","target":["https:\/\/longchangchemical.com\/product\/cysteamine-hydrochloride-cas-156-57-0\/"]}]},{"@type":"ImageObject","inLanguage":"tr","@id":"https:\/\/longchangchemical.com\/product\/cysteamine-hydrochloride-cas-156-57-0\/#primaryimage","url":"https:\/\/longchangchemical.com\/wp-content\/uploads\/2021\/01\/Appearance-5.jpg","contentUrl":"https:\/\/longchangchemical.com\/wp-content\/uploads\/2021\/01\/Appearance-5.jpg","width":600,"height":800,"caption":"Cysteamine hydrochloride Appearance"},{"@type":"BreadcrumbList","@id":"https:\/\/longchangchemical.com\/product\/cysteamine-hydrochloride-cas-156-57-0\/#breadcrumb","itemListElement":[{"@type":"ListItem","position":1,"name":"Home","item":"https:\/\/longchangchemical.com\/"},{"@type":"ListItem","position":2,"name":"Products Longchang","item":"https:\/\/longchangchemical.com\/product\/"},{"@type":"ListItem","position":3,"name":"cysteamine hydrochloride CAS 156-57-0"}]},{"@type":"WebSite","@id":"https:\/\/longchangchemical.com\/#website","url":"https:\/\/longchangchemical.com\/","name":"Longchang Kimya","description":"\u00c7in kimyasal \u00fcreticisi \uff06 tedarik\u00e7isi","publisher":{"@id":"https:\/\/longchangchemical.com\/#organization"},"potentialAction":[{"@type":"SearchAction","target":{"@type":"EntryPoint","urlTemplate":"https:\/\/longchangchemical.com\/?s={search_term_string}"},"query-input":{"@type":"PropertyValueSpecification","valueRequired":true,"valueName":"search_term_string"}}],"inLanguage":"tr"},{"@type":"Organization","@id":"https:\/\/longchangchemical.com\/#organization","name":"Longchang Kimya","url":"https:\/\/longchangchemical.com\/","logo":{"@type":"ImageObject","inLanguage":"tr","@id":"https:\/\/longchangchemical.com\/#\/schema\/logo\/image\/","url":"https:\/\/longchangchemical.com\/wp-content\/uploads\/2020\/08\/cropped-longchang-logo.png","contentUrl":"https:\/\/longchangchemical.com\/wp-content\/uploads\/2020\/08\/cropped-longchang-logo.png","width":512,"height":512,"caption":"Longchang Chemical"},"image":{"@id":"https:\/\/longchangchemical.com\/#\/schema\/logo\/image\/"}}]}},"_links":{"self":[{"href":"https:\/\/longchangchemical.com\/tr\/wp-json\/wp\/v2\/product\/3514","targetHints":{"allow":["GET"]}}],"collection":[{"href":"https:\/\/longchangchemical.com\/tr\/wp-json\/wp\/v2\/product"}],"about":[{"href":"https:\/\/longchangchemical.com\/tr\/wp-json\/wp\/v2\/types\/product"}],"replies":[{"embeddable":true,"href":"https:\/\/longchangchemical.com\/tr\/wp-json\/wp\/v2\/comments?post=3514"}],"wp:featuredmedia":[{"embeddable":true,"href":"https:\/\/longchangchemical.com\/tr\/wp-json\/wp\/v2\/media\/4302"}],"wp:attachment":[{"href":"https:\/\/longchangchemical.com\/tr\/wp-json\/wp\/v2\/media?parent=3514"}],"wp:term":[{"taxonomy":"product_brand","embeddable":true,"href":"https:\/\/longchangchemical.com\/tr\/wp-json\/wp\/v2\/product_brand?post=3514"},{"taxonomy":"product_cat","embeddable":true,"href":"https:\/\/longchangchemical.com\/tr\/wp-json\/wp\/v2\/product_cat?post=3514"},{"taxonomy":"product_tag","embeddable":true,"href":"https:\/\/longchangchemical.com\/tr\/wp-json\/wp\/v2\/product_tag?post=3514"}],"curies":[{"name":"wp","href":"https:\/\/api.w.org\/{rel}","templated":true}]}}