{"id":3513,"date":"2021-01-21T12:14:52","date_gmt":"2021-01-21T12:14:52","guid":{"rendered":"https:\/\/longchangchemical.com\/?post_type=product&#038;p=3513"},"modified":"2025-12-23T06:16:36","modified_gmt":"2025-12-23T06:16:36","slug":"ceramides-cas-100403-19-8","status":"publish","type":"product","link":"https:\/\/longchangchemical.com\/tr\/product\/ceramides-cas-100403-19-8\/","title":{"rendered":"Seramidler CAS 100403-19-8"},"content":{"rendered":"<h1>Seramidler CAS 100403-19-8<\/h1>\n<table class=\"table-1\">\n<tbody>\n<tr>\n<td>\n<h4><strong>E\u015fyalar<\/strong><\/h4>\n<\/td>\n<td>\n<h4><strong>\u015eartname<\/strong><\/h4>\n<\/td>\n<\/tr>\n<tr>\n<td>\n<h4>G\u00f6r\u00fcn\u00fc\u015f<\/h4>\n<\/td>\n<td>\n<h4>Beyaz Toz<\/h4>\n<\/td>\n<\/tr>\n<tr>\n<td>\n<h4>Koku<\/h4>\n<\/td>\n<td>\n<h4>Karakteristik<\/h4>\n<\/td>\n<\/tr>\n<tr>\n<td>\n<h4>Elek Analizi<\/h4>\n<\/td>\n<td>\n<h4>100% ge\u00e7i\u015f 60 a\u011f<\/h4>\n<\/td>\n<\/tr>\n<tr>\n<td>\n<h4>Su (KF)<\/h4>\n<\/td>\n<td>\n<h4>\u22645.0%<\/h4>\n<\/td>\n<\/tr>\n<tr>\n<td>\n<h4>Ate\u015fleme Kal\u0131nt\u0131s\u0131<\/h4>\n<\/td>\n<td>\n<h4>&lt;0,5%<\/h4>\n<\/td>\n<\/tr>\n<tr>\n<td>\n<h4>A\u011f\u0131r Metaller<\/h4>\n<\/td>\n<td>\n<h4>&lt;20 ppm<\/h4>\n<\/td>\n<\/tr>\n<tr>\n<td>\n<h4>As<\/h4>\n<\/td>\n<td>\n<h4>&lt;2 ppm<\/h4>\n<\/td>\n<\/tr>\n<tr>\n<td>\n<h4>Toplam Plaka Say\u0131s\u0131<\/h4>\n<\/td>\n<td>\n<h4>&lt;1000cfu\/g<\/h4>\n<\/td>\n<\/tr>\n<tr>\n<td>\n<h4>Maya K\u00fcf\u00fc<\/h4>\n<\/td>\n<td>\n<h4>&lt;100cfu\/g<\/h4>\n<\/td>\n<\/tr>\n<tr>\n<td>\n<h4>E.Coli<\/h4>\n<\/td>\n<td>\n<h4>Negatif<\/h4>\n<\/td>\n<\/tr>\n<tr>\n<td>\n<h4>Salmonella<\/h4>\n<\/td>\n<td>\n<h4>Negatif<\/h4>\n<\/td>\n<\/tr>\n<tr>\n<td>\n<h4>Test (Seramid)<\/h4>\n<\/td>\n<td>\n<h4>\u226510%<\/h4>\n<\/td>\n<\/tr>\n<\/tbody>\n<\/table>\n<h2><\/h2>\n<h2><strong>Seramid Uygulamalar\u0131<\/strong><\/h2>\n<h3>1. Kozmetik \u00fcr\u00fcnleri<\/h3>\n<h4>Seramid, son y\u0131llarda geli\u015ftirilen yeni nesil bir nemlendirici ajand\u0131r.<\/h4>\n<h4>Cilt stratum corneum'unun fiziksel yap\u0131s\u0131n\u0131 olu\u015fturan, lipitte \u00e7\u00f6z\u00fcnen bir maddedir.<\/h4>\n<h4>Cilde h\u0131zla n\u00fcfuz edebilir ve suyu hapsetmek i\u00e7in bir a\u011f yap\u0131s\u0131 olu\u015fturabilir.<\/h4>\n<h4>Seramid ya\u015fla birlikte azal\u0131r ve bu da cilt kurulu\u011funa, p\u00fcr\u00fczl\u00fc cilde ve di\u011fer anormal semptomlara neden olur. Bu nedenle seramid takviyesi cildi gen\u00e7 tutmak i\u00e7in ideal bir yoldur.<\/h4>\n<h4><\/h4>\n<h3>2. Fonksiyonel G\u0131dalar<\/h3>\n<h4>Seramid ince ba\u011f\u0131rsakta emilir, kana ge\u00e7er ve daha sonra v\u00fccuda ta\u015f\u0131n\u0131r.<\/h4>\n<h4>V\u00fccudun kendi n\u00f6ral asit biyosentezini etkilemeden cilt h\u00fccrelerine iyi bir iyile\u015fme ve yenilenme sa\u011flar.<\/h4>\n<p>&nbsp;<\/p>\n<h2><strong>Seramidler Paketleme ve Nakliye<\/strong><\/h2>\n<h4>25kg\/davul<\/h4>\n<p>&nbsp;<\/p>\n<h2><strong>Seramid Depolama<\/strong><\/h2>\n<h4>Serin ve kuru yerde, g\u00fc\u00e7l\u00fc \u0131\u015f\u0131k ve \u0131s\u0131dan uzakta saklan\u0131r.<\/h4>\n<p>&nbsp;<\/p>\n<h2><strong><b>\u015eimdi Bize Ula\u015f\u0131n!<\/b><\/strong><\/h2>\n<h4><strong><b>\u00d6zelle\u015ftirilmi\u015f hizmetler sunuyoruz, genellikle 24 saat i\u00e7inde sizinle ileti\u015fime ge\u00e7ece\u011fiz. Ayr\u0131ca mesai saatleri i\u00e7inde (8:30 - 6:00 UTC+8 Pzt.~Sat.) info@longchangchemical.com adresine e-posta g\u00f6nderebilir veya h\u0131zl\u0131 yan\u0131t almak i\u00e7in web sitesi canl\u0131 sohbetini kullanabilirsiniz.<\/b><\/strong><\/h4>","protected":false},"excerpt":{"rendered":"<h4>Kimyasal Ad\u0131: Seramidler<\/h4>\n<h4>CAS No: 100403-19-8<\/h4>\n<h4>Molek\u00fcler Fom\u00fcl: C24H47NO3<\/h4>\n<h4>Molek\u00fcl a\u011f\u0131rl\u0131\u011f\u0131: 397.63488<\/h4>\n<h4>G\u00f6r\u00fcn\u00fc\u015f: Beyaz toz<\/h4>\n<h4>Test: \u226510%<\/h4>","protected":false},"featured_media":4301,"comment_status":"open","ping_status":"closed","template":"","meta":[],"product_brand":[],"product_cat":[103],"product_tag":[],"class_list":{"0":"post-3513","1":"product","2":"type-product","3":"status-publish","4":"has-post-thumbnail","6":"product_cat-cosmetic-additives","8":"first","9":"instock","10":"shipping-taxable","11":"product-type-simple"},"yoast_head":"<!-- This site is optimized with the Yoast SEO plugin v25.3.1 - https:\/\/yoast.com\/wordpress\/plugins\/seo\/ -->\n<title>China Ceramide Manufacturer \uff06 Supplier - Longchang chemical Co., Ltd.<\/title>\n<meta name=\"description\" content=\"Longchang Chemical is a leading manufacturer and supplier of Ceramide in China. Buy Ceramide in china. We can provide the best Ceramide price.\" \/>\n<meta name=\"robots\" content=\"index, follow, max-snippet:-1, max-image-preview:large, max-video-preview:-1\" \/>\n<link rel=\"canonical\" href=\"https:\/\/longchangchemical.com\/tr\/product\/ceramides-cas-100403-19-8\/\" \/>\n<meta property=\"og:locale\" content=\"tr_TR\" \/>\n<meta property=\"og:type\" content=\"article\" \/>\n<meta property=\"og:title\" content=\"China Ceramide Manufacturer \uff06 Supplier - Longchang chemical Co., Ltd.\" \/>\n<meta property=\"og:description\" content=\"Longchang Chemical is a leading manufacturer and supplier of Ceramide in China. Buy Ceramide in china. We can provide the best Ceramide price.\" \/>\n<meta property=\"og:url\" content=\"https:\/\/longchangchemical.com\/tr\/product\/ceramides-cas-100403-19-8\/\" \/>\n<meta property=\"og:site_name\" content=\"Longchang Chemical\" \/>\n<meta property=\"article:modified_time\" content=\"2025-12-23T06:16:36+00:00\" \/>\n<meta property=\"og:image\" content=\"https:\/\/longchangchemical.com\/wp-content\/uploads\/2021\/01\/Ceramides-Appearance.jpg\" \/>\n\t<meta property=\"og:image:width\" content=\"600\" \/>\n\t<meta property=\"og:image:height\" content=\"800\" \/>\n\t<meta property=\"og:image:type\" content=\"image\/jpeg\" \/>\n<meta name=\"twitter:card\" content=\"summary_large_image\" \/>\n<script type=\"application\/ld+json\" class=\"yoast-schema-graph\">{\"@context\":\"https:\/\/schema.org\",\"@graph\":[{\"@type\":\"WebPage\",\"@id\":\"https:\/\/longchangchemical.com\/product\/ceramides-cas-100403-19-8\/\",\"url\":\"https:\/\/longchangchemical.com\/product\/ceramides-cas-100403-19-8\/\",\"name\":\"China Ceramide Manufacturer \uff06 Supplier - Longchang chemical Co., Ltd.\",\"isPartOf\":{\"@id\":\"https:\/\/longchangchemical.com\/#website\"},\"primaryImageOfPage\":{\"@id\":\"https:\/\/longchangchemical.com\/product\/ceramides-cas-100403-19-8\/#primaryimage\"},\"image\":{\"@id\":\"https:\/\/longchangchemical.com\/product\/ceramides-cas-100403-19-8\/#primaryimage\"},\"thumbnailUrl\":\"https:\/\/longchangchemical.com\/wp-content\/uploads\/2021\/01\/Ceramides-Appearance.jpg\",\"datePublished\":\"2021-01-21T12:14:52+00:00\",\"dateModified\":\"2025-12-23T06:16:36+00:00\",\"description\":\"Longchang Chemical is a leading manufacturer and supplier of Ceramide in China. Buy Ceramide in china. We can provide the best Ceramide price.\",\"breadcrumb\":{\"@id\":\"https:\/\/longchangchemical.com\/product\/ceramides-cas-100403-19-8\/#breadcrumb\"},\"inLanguage\":\"tr\",\"potentialAction\":[{\"@type\":\"ReadAction\",\"target\":[\"https:\/\/longchangchemical.com\/product\/ceramides-cas-100403-19-8\/\"]}]},{\"@type\":\"ImageObject\",\"inLanguage\":\"tr\",\"@id\":\"https:\/\/longchangchemical.com\/product\/ceramides-cas-100403-19-8\/#primaryimage\",\"url\":\"https:\/\/longchangchemical.com\/wp-content\/uploads\/2021\/01\/Ceramides-Appearance.jpg\",\"contentUrl\":\"https:\/\/longchangchemical.com\/wp-content\/uploads\/2021\/01\/Ceramides-Appearance.jpg\",\"width\":600,\"height\":800,\"caption\":\"Ceramides Appearance\"},{\"@type\":\"BreadcrumbList\",\"@id\":\"https:\/\/longchangchemical.com\/product\/ceramides-cas-100403-19-8\/#breadcrumb\",\"itemListElement\":[{\"@type\":\"ListItem\",\"position\":1,\"name\":\"Home\",\"item\":\"https:\/\/longchangchemical.com\/\"},{\"@type\":\"ListItem\",\"position\":2,\"name\":\"Products Longchang\",\"item\":\"https:\/\/longchangchemical.com\/product\/\"},{\"@type\":\"ListItem\",\"position\":3,\"name\":\"Ceramides CAS 100403-19-8\"}]},{\"@type\":\"WebSite\",\"@id\":\"https:\/\/longchangchemical.com\/#website\",\"url\":\"https:\/\/longchangchemical.com\/\",\"name\":\"Longchang Chemical\",\"description\":\"China chemical manufacturer \uff06 supplier\",\"publisher\":{\"@id\":\"https:\/\/longchangchemical.com\/#organization\"},\"potentialAction\":[{\"@type\":\"SearchAction\",\"target\":{\"@type\":\"EntryPoint\",\"urlTemplate\":\"https:\/\/longchangchemical.com\/?s={search_term_string}\"},\"query-input\":{\"@type\":\"PropertyValueSpecification\",\"valueRequired\":true,\"valueName\":\"search_term_string\"}}],\"inLanguage\":\"tr\"},{\"@type\":\"Organization\",\"@id\":\"https:\/\/longchangchemical.com\/#organization\",\"name\":\"Longchang Chemical\",\"url\":\"https:\/\/longchangchemical.com\/\",\"logo\":{\"@type\":\"ImageObject\",\"inLanguage\":\"tr\",\"@id\":\"https:\/\/longchangchemical.com\/#\/schema\/logo\/image\/\",\"url\":\"https:\/\/longchangchemical.com\/wp-content\/uploads\/2020\/08\/cropped-longchang-logo.png\",\"contentUrl\":\"https:\/\/longchangchemical.com\/wp-content\/uploads\/2020\/08\/cropped-longchang-logo.png\",\"width\":512,\"height\":512,\"caption\":\"Longchang Chemical\"},\"image\":{\"@id\":\"https:\/\/longchangchemical.com\/#\/schema\/logo\/image\/\"}}]}<\/script>\n<!-- \/ Yoast SEO plugin. -->","yoast_head_json":{"title":"\u00c7in Seramid \u00dcreticisi \uff06 Tedarik\u00e7i - Longchang chemical Co, Ltd.","description":"Longchang Chemical, \u00c7in'in \u00f6nde gelen Seramid \u00fcreticisi ve tedarik\u00e7isidir. \u00c7in'de Ceramide sat\u0131n al\u0131n. En iyi Ceramide fiyat\u0131n\u0131 sa\u011flayabiliriz.","robots":{"index":"index","follow":"follow","max-snippet":"max-snippet:-1","max-image-preview":"max-image-preview:large","max-video-preview":"max-video-preview:-1"},"canonical":"https:\/\/longchangchemical.com\/tr\/product\/ceramides-cas-100403-19-8\/","og_locale":"tr_TR","og_type":"article","og_title":"China Ceramide Manufacturer \uff06 Supplier - Longchang chemical Co., Ltd.","og_description":"Longchang Chemical is a leading manufacturer and supplier of Ceramide in China. Buy Ceramide in china. We can provide the best Ceramide price.","og_url":"https:\/\/longchangchemical.com\/tr\/product\/ceramides-cas-100403-19-8\/","og_site_name":"Longchang Chemical","article_modified_time":"2025-12-23T06:16:36+00:00","og_image":[{"width":600,"height":800,"url":"https:\/\/longchangchemical.com\/wp-content\/uploads\/2021\/01\/Ceramides-Appearance.jpg","type":"image\/jpeg"}],"twitter_card":"summary_large_image","schema":{"@context":"https:\/\/schema.org","@graph":[{"@type":"WebPage","@id":"https:\/\/longchangchemical.com\/product\/ceramides-cas-100403-19-8\/","url":"https:\/\/longchangchemical.com\/product\/ceramides-cas-100403-19-8\/","name":"\u00c7in Seramid \u00dcreticisi \uff06 Tedarik\u00e7i - Longchang chemical Co, Ltd.","isPartOf":{"@id":"https:\/\/longchangchemical.com\/#website"},"primaryImageOfPage":{"@id":"https:\/\/longchangchemical.com\/product\/ceramides-cas-100403-19-8\/#primaryimage"},"image":{"@id":"https:\/\/longchangchemical.com\/product\/ceramides-cas-100403-19-8\/#primaryimage"},"thumbnailUrl":"https:\/\/longchangchemical.com\/wp-content\/uploads\/2021\/01\/Ceramides-Appearance.jpg","datePublished":"2021-01-21T12:14:52+00:00","dateModified":"2025-12-23T06:16:36+00:00","description":"Longchang Chemical, \u00c7in'in \u00f6nde gelen Seramid \u00fcreticisi ve tedarik\u00e7isidir. \u00c7in'de Ceramide sat\u0131n al\u0131n. En iyi Ceramide fiyat\u0131n\u0131 sa\u011flayabiliriz.","breadcrumb":{"@id":"https:\/\/longchangchemical.com\/product\/ceramides-cas-100403-19-8\/#breadcrumb"},"inLanguage":"tr","potentialAction":[{"@type":"ReadAction","target":["https:\/\/longchangchemical.com\/product\/ceramides-cas-100403-19-8\/"]}]},{"@type":"ImageObject","inLanguage":"tr","@id":"https:\/\/longchangchemical.com\/product\/ceramides-cas-100403-19-8\/#primaryimage","url":"https:\/\/longchangchemical.com\/wp-content\/uploads\/2021\/01\/Ceramides-Appearance.jpg","contentUrl":"https:\/\/longchangchemical.com\/wp-content\/uploads\/2021\/01\/Ceramides-Appearance.jpg","width":600,"height":800,"caption":"Ceramides Appearance"},{"@type":"BreadcrumbList","@id":"https:\/\/longchangchemical.com\/product\/ceramides-cas-100403-19-8\/#breadcrumb","itemListElement":[{"@type":"ListItem","position":1,"name":"Home","item":"https:\/\/longchangchemical.com\/"},{"@type":"ListItem","position":2,"name":"Products Longchang","item":"https:\/\/longchangchemical.com\/product\/"},{"@type":"ListItem","position":3,"name":"Ceramides CAS 100403-19-8"}]},{"@type":"WebSite","@id":"https:\/\/longchangchemical.com\/#website","url":"https:\/\/longchangchemical.com\/","name":"Longchang Kimya","description":"\u00c7in kimyasal \u00fcreticisi \uff06 tedarik\u00e7isi","publisher":{"@id":"https:\/\/longchangchemical.com\/#organization"},"potentialAction":[{"@type":"SearchAction","target":{"@type":"EntryPoint","urlTemplate":"https:\/\/longchangchemical.com\/?s={search_term_string}"},"query-input":{"@type":"PropertyValueSpecification","valueRequired":true,"valueName":"search_term_string"}}],"inLanguage":"tr"},{"@type":"Organization","@id":"https:\/\/longchangchemical.com\/#organization","name":"Longchang Kimya","url":"https:\/\/longchangchemical.com\/","logo":{"@type":"ImageObject","inLanguage":"tr","@id":"https:\/\/longchangchemical.com\/#\/schema\/logo\/image\/","url":"https:\/\/longchangchemical.com\/wp-content\/uploads\/2020\/08\/cropped-longchang-logo.png","contentUrl":"https:\/\/longchangchemical.com\/wp-content\/uploads\/2020\/08\/cropped-longchang-logo.png","width":512,"height":512,"caption":"Longchang Chemical"},"image":{"@id":"https:\/\/longchangchemical.com\/#\/schema\/logo\/image\/"}}]}},"_links":{"self":[{"href":"https:\/\/longchangchemical.com\/tr\/wp-json\/wp\/v2\/product\/3513","targetHints":{"allow":["GET"]}}],"collection":[{"href":"https:\/\/longchangchemical.com\/tr\/wp-json\/wp\/v2\/product"}],"about":[{"href":"https:\/\/longchangchemical.com\/tr\/wp-json\/wp\/v2\/types\/product"}],"replies":[{"embeddable":true,"href":"https:\/\/longchangchemical.com\/tr\/wp-json\/wp\/v2\/comments?post=3513"}],"wp:featuredmedia":[{"embeddable":true,"href":"https:\/\/longchangchemical.com\/tr\/wp-json\/wp\/v2\/media\/4301"}],"wp:attachment":[{"href":"https:\/\/longchangchemical.com\/tr\/wp-json\/wp\/v2\/media?parent=3513"}],"wp:term":[{"taxonomy":"product_brand","embeddable":true,"href":"https:\/\/longchangchemical.com\/tr\/wp-json\/wp\/v2\/product_brand?post=3513"},{"taxonomy":"product_cat","embeddable":true,"href":"https:\/\/longchangchemical.com\/tr\/wp-json\/wp\/v2\/product_cat?post=3513"},{"taxonomy":"product_tag","embeddable":true,"href":"https:\/\/longchangchemical.com\/tr\/wp-json\/wp\/v2\/product_tag?post=3513"}],"curies":[{"name":"wp","href":"https:\/\/api.w.org\/{rel}","templated":true}]}}