{"id":3507,"date":"2021-01-21T11:40:36","date_gmt":"2021-01-21T11:40:36","guid":{"rendered":"https:\/\/longchangchemical.com\/?post_type=product&#038;p=3507"},"modified":"2025-12-23T06:07:22","modified_gmt":"2025-12-23T06:07:22","slug":"methyl-anthranilate-cas-134-20-3","status":"publish","type":"product","link":"https:\/\/longchangchemical.com\/tr\/product\/methyl-anthranilate-cas-134-20-3\/","title":{"rendered":"metil antranilat CAS 134-20-3"},"content":{"rendered":"<h1><strong>metil antranilat CAS 134-20-3<\/strong><\/h1>\n<table class=\"table-1\">\n<tbody>\n<tr>\n<td>\n<h4>E\u015fyalar<\/h4>\n<\/td>\n<td>\n<h4>Teknik \u00d6zellikler<\/h4>\n<\/td>\n<\/tr>\n<tr>\n<td>\n<h4>G\u00f6r\u00fcn\u00fc\u015f<\/h4>\n<\/td>\n<td>\n<h4>Renksiz ila a\u00e7\u0131k sar\u0131 berrak s\u0131v\u0131<\/h4>\n<\/td>\n<\/tr>\n<tr>\n<td>\n<h4>Aktif \u0130\u00e7erik<\/h4>\n<\/td>\n<td>\n<h4>\u226599%<\/h4>\n<\/td>\n<\/tr>\n<tr>\n<td>\n<h4>Yo\u011funluk<\/h4>\n<\/td>\n<td>\n<h4>1.161-1.169<\/h4>\n<\/td>\n<\/tr>\n<tr>\n<td>\n<h4>Parlama Noktas\u0131<\/h4>\n<\/td>\n<td>\n<h4>104\u00b0C<\/h4>\n<\/td>\n<\/tr>\n<tr>\n<td>\n<h4>Kaynama Noktas\u0131<\/h4>\n<\/td>\n<td>\n<h4>237\u00b0C<\/h4>\n<\/td>\n<\/tr>\n<\/tbody>\n<\/table>\n<p>&nbsp;<\/p>\n<h2><strong>Metil antranilat Kullan\u0131m\u0131<\/strong><\/h2>\n<h4>1. Metil antranilat, pestisitler ve sakarin i\u00e7in bir ara madde olarak kullan\u0131labilir.<\/h4>\n<h4>2. Metil antranilat, seyreltildi\u011finde \u00fcz\u00fcm benzeri bir aroma ile kule \u00e7i\u00e7eklerinin tatl\u0131 aromas\u0131na sahiptir. Ucuz yapay \u00e7i\u00e7ek ya\u011f\u0131, sabun ve \u00fcz\u00fcm aromas\u0131n\u0131n harmanlanmas\u0131nda kullan\u0131l\u0131r.<\/h4>\n<h4>3. Metil antranilat yasemin, neroli, mu\u015fmula, nergis, s\u00fcmb\u00fclteber, beyaz orkide ve ylang-ylang gibi aromalar\u0131 form\u00fcle etmek i\u00e7in kullan\u0131labilir.<\/h4>\n<h4>4. Metil antranilat Oryantal koku, a\u011f\u0131r \u00e7i\u00e7ek, tatl\u0131 ah\u015fap kokusunda portakal yapra\u011f\u0131 ya\u011f\u0131 ile kullan\u0131l\u0131r. G\u0131da aromas\u0131nda sadece \u00fcz\u00fcm t\u00fcr\u00fc i\u00e7in de\u011fil, ayn\u0131 zamanda \u00e7ilek, \u00e7ilek, karpuz, bal, narenciye vb. i\u00e7in de uygundur.<\/h4>\n<h4>5. Metil antranilat, yakla\u015f\u0131k 60 \u00e7e\u015fit baharat\u0131n haz\u0131rlanabildi\u011fi parf\u00fcm end\u00fcstrisinin omurga \u00fcr\u00fcnlerinden biridir; mentol ile transesterifikasyondan sonra elde edilen mentil antranilat etkili bir g\u00fcne\u015f koruyucu maddedir.<\/h4>\n<p>&nbsp;<\/p>\n<h2><strong>Metil antranilat<\/strong><strong>Paket<\/strong><strong>ing ve Nakliye<\/strong><\/h2>\n<h4>200kg\/Davul<\/h4>\n<p>&nbsp;<\/p>\n<h2><strong>Metil antranilat Depolama<\/strong><\/h2>\n<h4>Serin ve havaland\u0131r\u0131lm\u0131\u015f bir depoda saklan\u0131r.<\/h4>\n<p>&nbsp;<\/p>\n<h2><strong><b>\u015eimdi Bize Ula\u015f\u0131n!<\/b><\/strong><\/h2>\n<h4><strong><b>\u00d6zelle\u015ftirilmi\u015f hizmetler sunuyoruz, genellikle 24 saat i\u00e7inde sizinle ileti\u015fime ge\u00e7ece\u011fiz. Bana e-posta da g\u00f6nderebilirsiniz <a href=\"mailto:info@longchangchemical.com\"><span style=\"color: #00ccff;\">info@longchangchemical.com<\/span><\/a> \u00c7al\u0131\u015fma saatleri i\u00e7inde (8:30 - 6:00 UTC+8 Pzt.~Sat.) veya h\u0131zl\u0131 yan\u0131t almak i\u00e7in web sitesi canl\u0131 sohbetini kullan\u0131n.<\/b><\/strong><\/h4>","protected":false},"excerpt":{"rendered":"<h4>Kimyasal Ad\u0131: Metil antranilat<\/h4>\n<h4>CAS No.:134-20-3<\/h4>\n<h4>Molek\u00fcler Fom\u00fcl: C8H9NO2<\/h4>\n<h4>Molek\u00fcl a\u011f\u0131rl\u0131\u011f\u0131: 151.16<\/h4>\n<h4>G\u00f6r\u00fcn\u00fc\u015f: A\u00e7\u0131k sar\u0131 berrak s\u0131v\u0131<\/h4>\n<h4>Test \uff1a 99%min<\/h4>","protected":false},"featured_media":4293,"comment_status":"open","ping_status":"closed","template":"","meta":[],"product_brand":[],"product_cat":[113],"product_tag":[],"class_list":{"0":"post-3507","1":"product","2":"type-product","3":"status-publish","4":"has-post-thumbnail","6":"product_cat-organic-intermediate","8":"first","9":"instock","10":"shipping-taxable","11":"product-type-simple"},"yoast_head":"<!-- This site is optimized with the Yoast SEO plugin v25.3.1 - https:\/\/yoast.com\/wordpress\/plugins\/seo\/ -->\n<title>China Methyl anthranilate Manufacturer \uff06 CAS 134-20-3 Supplier - Longchang chemical Co., Ltd.<\/title>\n<meta name=\"description\" content=\"Longchang Chemical is a leading manufacturer and supplier of Methyl anthranilate in China. Buy Methyl anthranilate in china. We can provide the best Methyl anthranilate price.\" \/>\n<meta name=\"robots\" content=\"index, follow, max-snippet:-1, max-image-preview:large, max-video-preview:-1\" \/>\n<link rel=\"canonical\" href=\"https:\/\/longchangchemical.com\/tr\/product\/methyl-anthranilate-cas-134-20-3\/\" \/>\n<meta property=\"og:locale\" content=\"tr_TR\" \/>\n<meta property=\"og:type\" content=\"article\" \/>\n<meta property=\"og:title\" content=\"China Methyl anthranilate Manufacturer \uff06 CAS 134-20-3 Supplier - Longchang chemical Co., Ltd.\" \/>\n<meta property=\"og:description\" content=\"Longchang Chemical is a leading manufacturer and supplier of Methyl anthranilate in China. Buy Methyl anthranilate in china. We can provide the best Methyl anthranilate price.\" \/>\n<meta property=\"og:url\" content=\"https:\/\/longchangchemical.com\/tr\/product\/methyl-anthranilate-cas-134-20-3\/\" \/>\n<meta property=\"og:site_name\" content=\"Longchang Chemical\" \/>\n<meta property=\"article:modified_time\" content=\"2025-12-23T06:07:22+00:00\" \/>\n<meta property=\"og:image\" content=\"https:\/\/longchangchemical.com\/wp-content\/uploads\/2021\/01\/Methyl-anthranilate-Appearance.jpg\" \/>\n\t<meta property=\"og:image:width\" content=\"600\" \/>\n\t<meta property=\"og:image:height\" content=\"800\" \/>\n\t<meta property=\"og:image:type\" content=\"image\/jpeg\" \/>\n<meta name=\"twitter:card\" content=\"summary_large_image\" \/>\n<script type=\"application\/ld+json\" class=\"yoast-schema-graph\">{\"@context\":\"https:\/\/schema.org\",\"@graph\":[{\"@type\":\"WebPage\",\"@id\":\"https:\/\/longchangchemical.com\/product\/methyl-anthranilate-cas-134-20-3\/\",\"url\":\"https:\/\/longchangchemical.com\/product\/methyl-anthranilate-cas-134-20-3\/\",\"name\":\"China Methyl anthranilate Manufacturer \uff06 CAS 134-20-3 Supplier - Longchang chemical Co., Ltd.\",\"isPartOf\":{\"@id\":\"https:\/\/longchangchemical.com\/#website\"},\"primaryImageOfPage\":{\"@id\":\"https:\/\/longchangchemical.com\/product\/methyl-anthranilate-cas-134-20-3\/#primaryimage\"},\"image\":{\"@id\":\"https:\/\/longchangchemical.com\/product\/methyl-anthranilate-cas-134-20-3\/#primaryimage\"},\"thumbnailUrl\":\"https:\/\/longchangchemical.com\/wp-content\/uploads\/2021\/01\/Methyl-anthranilate-Appearance.jpg\",\"datePublished\":\"2021-01-21T11:40:36+00:00\",\"dateModified\":\"2025-12-23T06:07:22+00:00\",\"description\":\"Longchang Chemical is a leading manufacturer and supplier of Methyl anthranilate in China. Buy Methyl anthranilate in china. We can provide the best Methyl anthranilate price.\",\"breadcrumb\":{\"@id\":\"https:\/\/longchangchemical.com\/product\/methyl-anthranilate-cas-134-20-3\/#breadcrumb\"},\"inLanguage\":\"tr\",\"potentialAction\":[{\"@type\":\"ReadAction\",\"target\":[\"https:\/\/longchangchemical.com\/product\/methyl-anthranilate-cas-134-20-3\/\"]}]},{\"@type\":\"ImageObject\",\"inLanguage\":\"tr\",\"@id\":\"https:\/\/longchangchemical.com\/product\/methyl-anthranilate-cas-134-20-3\/#primaryimage\",\"url\":\"https:\/\/longchangchemical.com\/wp-content\/uploads\/2021\/01\/Methyl-anthranilate-Appearance.jpg\",\"contentUrl\":\"https:\/\/longchangchemical.com\/wp-content\/uploads\/2021\/01\/Methyl-anthranilate-Appearance.jpg\",\"width\":600,\"height\":800,\"caption\":\"Methyl anthranilate Appearance\"},{\"@type\":\"BreadcrumbList\",\"@id\":\"https:\/\/longchangchemical.com\/product\/methyl-anthranilate-cas-134-20-3\/#breadcrumb\",\"itemListElement\":[{\"@type\":\"ListItem\",\"position\":1,\"name\":\"Home\",\"item\":\"https:\/\/longchangchemical.com\/\"},{\"@type\":\"ListItem\",\"position\":2,\"name\":\"Products Longchang\",\"item\":\"https:\/\/longchangchemical.com\/product\/\"},{\"@type\":\"ListItem\",\"position\":3,\"name\":\"methyl anthranilate CAS 134-20-3\"}]},{\"@type\":\"WebSite\",\"@id\":\"https:\/\/longchangchemical.com\/#website\",\"url\":\"https:\/\/longchangchemical.com\/\",\"name\":\"Longchang Chemical\",\"description\":\"China chemical manufacturer \uff06 supplier\",\"publisher\":{\"@id\":\"https:\/\/longchangchemical.com\/#organization\"},\"potentialAction\":[{\"@type\":\"SearchAction\",\"target\":{\"@type\":\"EntryPoint\",\"urlTemplate\":\"https:\/\/longchangchemical.com\/?s={search_term_string}\"},\"query-input\":{\"@type\":\"PropertyValueSpecification\",\"valueRequired\":true,\"valueName\":\"search_term_string\"}}],\"inLanguage\":\"tr\"},{\"@type\":\"Organization\",\"@id\":\"https:\/\/longchangchemical.com\/#organization\",\"name\":\"Longchang Chemical\",\"url\":\"https:\/\/longchangchemical.com\/\",\"logo\":{\"@type\":\"ImageObject\",\"inLanguage\":\"tr\",\"@id\":\"https:\/\/longchangchemical.com\/#\/schema\/logo\/image\/\",\"url\":\"https:\/\/longchangchemical.com\/wp-content\/uploads\/2020\/08\/cropped-longchang-logo.png\",\"contentUrl\":\"https:\/\/longchangchemical.com\/wp-content\/uploads\/2020\/08\/cropped-longchang-logo.png\",\"width\":512,\"height\":512,\"caption\":\"Longchang Chemical\"},\"image\":{\"@id\":\"https:\/\/longchangchemical.com\/#\/schema\/logo\/image\/\"}}]}<\/script>\n<!-- \/ Yoast SEO plugin. -->","yoast_head_json":{"title":"\u00c7in Metil antranilat \u00dcretici \uff06 CAS 134-20-3 Tedarik\u00e7i - Longchang chemical Co, Ltd.","description":"Longchang Chemical, \u00c7in'in \u00f6nde gelen Metil antranilat \u00fcreticisi ve tedarik\u00e7isidir. \u00c7in'de Metil antranilat sat\u0131n al\u0131n. En iyi Metil antranilat fiyat\u0131n\u0131 sa\u011flayabiliriz.","robots":{"index":"index","follow":"follow","max-snippet":"max-snippet:-1","max-image-preview":"max-image-preview:large","max-video-preview":"max-video-preview:-1"},"canonical":"https:\/\/longchangchemical.com\/tr\/product\/methyl-anthranilate-cas-134-20-3\/","og_locale":"tr_TR","og_type":"article","og_title":"China Methyl anthranilate Manufacturer \uff06 CAS 134-20-3 Supplier - Longchang chemical Co., Ltd.","og_description":"Longchang Chemical is a leading manufacturer and supplier of Methyl anthranilate in China. Buy Methyl anthranilate in china. We can provide the best Methyl anthranilate price.","og_url":"https:\/\/longchangchemical.com\/tr\/product\/methyl-anthranilate-cas-134-20-3\/","og_site_name":"Longchang Chemical","article_modified_time":"2025-12-23T06:07:22+00:00","og_image":[{"width":600,"height":800,"url":"https:\/\/longchangchemical.com\/wp-content\/uploads\/2021\/01\/Methyl-anthranilate-Appearance.jpg","type":"image\/jpeg"}],"twitter_card":"summary_large_image","schema":{"@context":"https:\/\/schema.org","@graph":[{"@type":"WebPage","@id":"https:\/\/longchangchemical.com\/product\/methyl-anthranilate-cas-134-20-3\/","url":"https:\/\/longchangchemical.com\/product\/methyl-anthranilate-cas-134-20-3\/","name":"\u00c7in Metil antranilat \u00dcretici \uff06 CAS 134-20-3 Tedarik\u00e7i - Longchang chemical Co, Ltd.","isPartOf":{"@id":"https:\/\/longchangchemical.com\/#website"},"primaryImageOfPage":{"@id":"https:\/\/longchangchemical.com\/product\/methyl-anthranilate-cas-134-20-3\/#primaryimage"},"image":{"@id":"https:\/\/longchangchemical.com\/product\/methyl-anthranilate-cas-134-20-3\/#primaryimage"},"thumbnailUrl":"https:\/\/longchangchemical.com\/wp-content\/uploads\/2021\/01\/Methyl-anthranilate-Appearance.jpg","datePublished":"2021-01-21T11:40:36+00:00","dateModified":"2025-12-23T06:07:22+00:00","description":"Longchang Chemical, \u00c7in'in \u00f6nde gelen Metil antranilat \u00fcreticisi ve tedarik\u00e7isidir. \u00c7in'de Metil antranilat sat\u0131n al\u0131n. En iyi Metil antranilat fiyat\u0131n\u0131 sa\u011flayabiliriz.","breadcrumb":{"@id":"https:\/\/longchangchemical.com\/product\/methyl-anthranilate-cas-134-20-3\/#breadcrumb"},"inLanguage":"tr","potentialAction":[{"@type":"ReadAction","target":["https:\/\/longchangchemical.com\/product\/methyl-anthranilate-cas-134-20-3\/"]}]},{"@type":"ImageObject","inLanguage":"tr","@id":"https:\/\/longchangchemical.com\/product\/methyl-anthranilate-cas-134-20-3\/#primaryimage","url":"https:\/\/longchangchemical.com\/wp-content\/uploads\/2021\/01\/Methyl-anthranilate-Appearance.jpg","contentUrl":"https:\/\/longchangchemical.com\/wp-content\/uploads\/2021\/01\/Methyl-anthranilate-Appearance.jpg","width":600,"height":800,"caption":"Methyl anthranilate Appearance"},{"@type":"BreadcrumbList","@id":"https:\/\/longchangchemical.com\/product\/methyl-anthranilate-cas-134-20-3\/#breadcrumb","itemListElement":[{"@type":"ListItem","position":1,"name":"Home","item":"https:\/\/longchangchemical.com\/"},{"@type":"ListItem","position":2,"name":"Products Longchang","item":"https:\/\/longchangchemical.com\/product\/"},{"@type":"ListItem","position":3,"name":"methyl anthranilate CAS 134-20-3"}]},{"@type":"WebSite","@id":"https:\/\/longchangchemical.com\/#website","url":"https:\/\/longchangchemical.com\/","name":"Longchang Kimya","description":"\u00c7in kimyasal \u00fcreticisi \uff06 tedarik\u00e7isi","publisher":{"@id":"https:\/\/longchangchemical.com\/#organization"},"potentialAction":[{"@type":"SearchAction","target":{"@type":"EntryPoint","urlTemplate":"https:\/\/longchangchemical.com\/?s={search_term_string}"},"query-input":{"@type":"PropertyValueSpecification","valueRequired":true,"valueName":"search_term_string"}}],"inLanguage":"tr"},{"@type":"Organization","@id":"https:\/\/longchangchemical.com\/#organization","name":"Longchang Kimya","url":"https:\/\/longchangchemical.com\/","logo":{"@type":"ImageObject","inLanguage":"tr","@id":"https:\/\/longchangchemical.com\/#\/schema\/logo\/image\/","url":"https:\/\/longchangchemical.com\/wp-content\/uploads\/2020\/08\/cropped-longchang-logo.png","contentUrl":"https:\/\/longchangchemical.com\/wp-content\/uploads\/2020\/08\/cropped-longchang-logo.png","width":512,"height":512,"caption":"Longchang Chemical"},"image":{"@id":"https:\/\/longchangchemical.com\/#\/schema\/logo\/image\/"}}]}},"_links":{"self":[{"href":"https:\/\/longchangchemical.com\/tr\/wp-json\/wp\/v2\/product\/3507","targetHints":{"allow":["GET"]}}],"collection":[{"href":"https:\/\/longchangchemical.com\/tr\/wp-json\/wp\/v2\/product"}],"about":[{"href":"https:\/\/longchangchemical.com\/tr\/wp-json\/wp\/v2\/types\/product"}],"replies":[{"embeddable":true,"href":"https:\/\/longchangchemical.com\/tr\/wp-json\/wp\/v2\/comments?post=3507"}],"wp:featuredmedia":[{"embeddable":true,"href":"https:\/\/longchangchemical.com\/tr\/wp-json\/wp\/v2\/media\/4293"}],"wp:attachment":[{"href":"https:\/\/longchangchemical.com\/tr\/wp-json\/wp\/v2\/media?parent=3507"}],"wp:term":[{"taxonomy":"product_brand","embeddable":true,"href":"https:\/\/longchangchemical.com\/tr\/wp-json\/wp\/v2\/product_brand?post=3507"},{"taxonomy":"product_cat","embeddable":true,"href":"https:\/\/longchangchemical.com\/tr\/wp-json\/wp\/v2\/product_cat?post=3507"},{"taxonomy":"product_tag","embeddable":true,"href":"https:\/\/longchangchemical.com\/tr\/wp-json\/wp\/v2\/product_tag?post=3507"}],"curies":[{"name":"wp","href":"https:\/\/api.w.org\/{rel}","templated":true}]}}