{"id":3506,"date":"2021-01-21T11:33:18","date_gmt":"2021-01-21T11:33:18","guid":{"rendered":"https:\/\/longchangchemical.com\/?post_type=product&#038;p=3506"},"modified":"2026-05-08T02:59:28","modified_gmt":"2026-05-08T02:59:28","slug":"magnesium-orotate-cas-34717-03-8","status":"publish","type":"product","link":"https:\/\/longchangchemical.com\/tr\/product\/magnesium-orotate-cas-34717-03-8\/","title":{"rendered":"magnezyum orotat CAS 34717-03-8"},"content":{"rendered":"<h2><strong>magnezyum orotat CAS 34717-03-8<\/strong><\/h2>\n<table class=\"table-1\" cellspacing=\"0\">\n<tbody>\n<tr>\n<td>\n<h4><strong>\u00d6\u011fe<\/strong><\/h4>\n<\/td>\n<td>\n<h4><strong>Standart<\/strong><strong>(%)<\/strong><\/h4>\n<\/td>\n<\/tr>\n<tr>\n<td>\n<h4>G\u00f6r\u00fcn\u00fc\u015f<\/h4>\n<\/td>\n<td>\n<h4>Beyaz kristal toz<\/h4>\n<\/td>\n<\/tr>\n<tr>\n<td>\n<h4>S\u00fclfat (SO4\uff09<\/h4>\n<\/td>\n<td>\n<h4>\ufe64200 ppm<\/h4>\n<\/td>\n<\/tr>\n<tr>\n<td>\n<h4>A\u011f\u0131r metal (Pb)<\/h4>\n<\/td>\n<td>\n<h4>\ufe6420 ppm<\/h4>\n<\/td>\n<\/tr>\n<tr>\n<td>\n<h4>Arsenik (As2O3)<\/h4>\n<\/td>\n<td>\n<h4>\ufe641 ppm<\/h4>\n<\/td>\n<\/tr>\n<tr>\n<td>\n<h4>Kurutma kayb\u0131<\/h4>\n<\/td>\n<td>\n<h4>\ufe641.0%<\/h4>\n<\/td>\n<\/tr>\n<tr>\n<td>\n<h4>Magnezyum i\u00e7eri\u011fi<\/h4>\n<\/td>\n<td>\n<h4>6.40~6.80%<\/h4>\n<\/td>\n<\/tr>\n<tr>\n<td>\n<h4>Tahlil<\/h4>\n<\/td>\n<td>\n<h4>98.0~101.0%<\/h4>\n<\/td>\n<\/tr>\n<\/tbody>\n<\/table>\n<p>&nbsp;<\/p>\n<h2><strong>Magnezyum orotat Kullan\u0131m\u0131<\/strong><\/h2>\n<h4>1. Magnezyum orotat sa\u011fl\u0131k bak\u0131m \u00fcr\u00fcnlerinde kullan\u0131labilir, Kalp sa\u011fl\u0131\u011f\u0131n\u0131 desteklemek ve kas spazmlar\u0131n\u0131 ve konv\u00fclsiyonlar\u0131 azaltmaya yard\u0131mc\u0131 olmak i\u00e7in kullan\u0131l\u0131r<\/h4>\n<h4>2. Magnezyum orotat v\u00fccuttaki normal metabolizman\u0131n korunmas\u0131na yard\u0131mc\u0131 olur, beyni tamamen rahatlat\u0131r ve ba\u011f\u0131rsak peristaltizmini daha d\u00fczenli hale getirir.<\/h4>\n<p>&nbsp;<\/p>\n<h2><strong>Magnezyum orotat Paketleme ve Nakliye<\/strong><\/h2>\n<h4>25kg Karton kova<\/h4>\n<p>&nbsp;<\/p>\n<h2><strong>Magnezyum orotat Depolama<\/strong><\/h2>\n<h4>Depo havaland\u0131rmas\u0131 ve d\u00fc\u015f\u00fck s\u0131cakl\u0131kta kurutma.<\/h4>\n<p>&nbsp;<\/p>\n<h2><strong><b>\u015eimdi Bize Ula\u015f\u0131n!<\/b><\/strong><\/h2>\n<h4><strong><b>\u00d6zelle\u015ftirilmi\u015f hizmetler sunuyoruz, genellikle 24 saat i\u00e7inde sizinle ileti\u015fime ge\u00e7ece\u011fiz. Ayr\u0131ca mesai saatleri i\u00e7inde (8:30 - 6:00 UTC+8 Pzt.~Sat.) info@longchangchemical.com adresine e-posta g\u00f6nderebilir veya h\u0131zl\u0131 yan\u0131t almak i\u00e7in web sitesi canl\u0131 sohbetini kullanabilirsiniz.<\/b><\/strong><\/h4>","protected":false},"excerpt":{"rendered":"<h4>Kimyasal Ad\u0131: Magnezyum orotat<\/h4>\n<h4>CAS No: 34717-03-8<\/h4>\n<h4>Molek\u00fcler Fom\u00fcl: C10H6MgN4O8<\/h4>\n<h4>Molek\u00fcl a\u011f\u0131rl\u0131\u011f\u0131: 334,48<\/h4>\n<h4>G\u00f6r\u00fcn\u00fc\u015f: Beyaz kristal toz<\/h4>\n<h4>Tahlil: 98.0~101.0%<\/h4>","protected":false},"featured_media":4290,"comment_status":"open","ping_status":"closed","template":"","meta":[],"product_brand":[],"product_cat":[15],"product_tag":[],"class_list":{"0":"post-3506","1":"product","2":"type-product","3":"status-publish","4":"has-post-thumbnail","6":"product_cat-food-additives","8":"first","9":"instock","10":"shipping-taxable","11":"product-type-simple"},"yoast_head":"<!-- This site is optimized with the Yoast SEO plugin v25.3.1 - https:\/\/yoast.com\/wordpress\/plugins\/seo\/ -->\n<title>China Magnesium Orotate Manufacturer \uff06 CAS 34717-03-8 Supplier - Longchang chemical Co., Ltd.<\/title>\n<meta name=\"description\" content=\"Longchang Chemical is a leading manufacturer and supplier of Magnesium Orotate CAS 34717-03-8 in China. Buy Magnesium Orotate in china. We can provide the best Magnesium Orotate price.\" \/>\n<meta name=\"robots\" content=\"index, follow, max-snippet:-1, max-image-preview:large, max-video-preview:-1\" \/>\n<link rel=\"canonical\" href=\"https:\/\/longchangchemical.com\/tr\/product\/magnesium-orotate-cas-34717-03-8\/\" \/>\n<meta property=\"og:locale\" content=\"tr_TR\" \/>\n<meta property=\"og:type\" content=\"article\" \/>\n<meta property=\"og:title\" content=\"China Magnesium Orotate Manufacturer \uff06 CAS 34717-03-8 Supplier - Longchang chemical Co., Ltd.\" \/>\n<meta property=\"og:description\" content=\"Longchang Chemical is a leading manufacturer and supplier of Magnesium Orotate CAS 34717-03-8 in China. Buy Magnesium Orotate in china. We can provide the best Magnesium Orotate price.\" \/>\n<meta property=\"og:url\" content=\"https:\/\/longchangchemical.com\/tr\/product\/magnesium-orotate-cas-34717-03-8\/\" \/>\n<meta property=\"og:site_name\" content=\"Longchang Chemical\" \/>\n<meta property=\"article:modified_time\" content=\"2026-05-08T02:59:28+00:00\" \/>\n<meta property=\"og:image\" content=\"https:\/\/longchangchemical.com\/wp-content\/uploads\/2021\/01\/Appearance-3.jpg\" \/>\n\t<meta property=\"og:image:width\" content=\"600\" \/>\n\t<meta property=\"og:image:height\" content=\"800\" \/>\n\t<meta property=\"og:image:type\" content=\"image\/jpeg\" \/>\n<meta name=\"twitter:card\" content=\"summary_large_image\" \/>\n<script type=\"application\/ld+json\" class=\"yoast-schema-graph\">{\"@context\":\"https:\/\/schema.org\",\"@graph\":[{\"@type\":\"WebPage\",\"@id\":\"https:\/\/longchangchemical.com\/product\/magnesium-orotate-cas-34717-03-8\/\",\"url\":\"https:\/\/longchangchemical.com\/product\/magnesium-orotate-cas-34717-03-8\/\",\"name\":\"China Magnesium Orotate Manufacturer \uff06 CAS 34717-03-8 Supplier - Longchang chemical Co., Ltd.\",\"isPartOf\":{\"@id\":\"https:\/\/longchangchemical.com\/#website\"},\"primaryImageOfPage\":{\"@id\":\"https:\/\/longchangchemical.com\/product\/magnesium-orotate-cas-34717-03-8\/#primaryimage\"},\"image\":{\"@id\":\"https:\/\/longchangchemical.com\/product\/magnesium-orotate-cas-34717-03-8\/#primaryimage\"},\"thumbnailUrl\":\"https:\/\/longchangchemical.com\/wp-content\/uploads\/2021\/01\/Appearance-3.jpg\",\"datePublished\":\"2021-01-21T11:33:18+00:00\",\"dateModified\":\"2026-05-08T02:59:28+00:00\",\"description\":\"Longchang Chemical is a leading manufacturer and supplier of Magnesium Orotate CAS 34717-03-8 in China. Buy Magnesium Orotate in china. We can provide the best Magnesium Orotate price.\",\"breadcrumb\":{\"@id\":\"https:\/\/longchangchemical.com\/product\/magnesium-orotate-cas-34717-03-8\/#breadcrumb\"},\"inLanguage\":\"tr\",\"potentialAction\":[{\"@type\":\"ReadAction\",\"target\":[\"https:\/\/longchangchemical.com\/product\/magnesium-orotate-cas-34717-03-8\/\"]}]},{\"@type\":\"ImageObject\",\"inLanguage\":\"tr\",\"@id\":\"https:\/\/longchangchemical.com\/product\/magnesium-orotate-cas-34717-03-8\/#primaryimage\",\"url\":\"https:\/\/longchangchemical.com\/wp-content\/uploads\/2021\/01\/Appearance-3.jpg\",\"contentUrl\":\"https:\/\/longchangchemical.com\/wp-content\/uploads\/2021\/01\/Appearance-3.jpg\",\"width\":600,\"height\":800,\"caption\":\"Magnesium Orotate Appearance\"},{\"@type\":\"BreadcrumbList\",\"@id\":\"https:\/\/longchangchemical.com\/product\/magnesium-orotate-cas-34717-03-8\/#breadcrumb\",\"itemListElement\":[{\"@type\":\"ListItem\",\"position\":1,\"name\":\"Home\",\"item\":\"https:\/\/longchangchemical.com\/\"},{\"@type\":\"ListItem\",\"position\":2,\"name\":\"Products Longchang\",\"item\":\"https:\/\/longchangchemical.com\/product\/\"},{\"@type\":\"ListItem\",\"position\":3,\"name\":\"magnesium orotate CAS 34717-03-8\"}]},{\"@type\":\"WebSite\",\"@id\":\"https:\/\/longchangchemical.com\/#website\",\"url\":\"https:\/\/longchangchemical.com\/\",\"name\":\"Longchang Chemical\",\"description\":\"China chemical manufacturer \uff06 supplier\",\"publisher\":{\"@id\":\"https:\/\/longchangchemical.com\/#organization\"},\"potentialAction\":[{\"@type\":\"SearchAction\",\"target\":{\"@type\":\"EntryPoint\",\"urlTemplate\":\"https:\/\/longchangchemical.com\/?s={search_term_string}\"},\"query-input\":{\"@type\":\"PropertyValueSpecification\",\"valueRequired\":true,\"valueName\":\"search_term_string\"}}],\"inLanguage\":\"tr\"},{\"@type\":\"Organization\",\"@id\":\"https:\/\/longchangchemical.com\/#organization\",\"name\":\"Longchang Chemical\",\"url\":\"https:\/\/longchangchemical.com\/\",\"logo\":{\"@type\":\"ImageObject\",\"inLanguage\":\"tr\",\"@id\":\"https:\/\/longchangchemical.com\/#\/schema\/logo\/image\/\",\"url\":\"https:\/\/longchangchemical.com\/wp-content\/uploads\/2020\/08\/cropped-longchang-logo.png\",\"contentUrl\":\"https:\/\/longchangchemical.com\/wp-content\/uploads\/2020\/08\/cropped-longchang-logo.png\",\"width\":512,\"height\":512,\"caption\":\"Longchang Chemical\"},\"image\":{\"@id\":\"https:\/\/longchangchemical.com\/#\/schema\/logo\/image\/\"}}]}<\/script>\n<!-- \/ Yoast SEO plugin. -->","yoast_head_json":{"title":"\u00c7in Magnezyum Orotat \u00dcreticisi \uff06 CAS 34717-03-8 Tedarik\u00e7i - Longchang chemical Co, Ltd.","description":"Longchang Chemical, \u00c7in'in \u00f6nde gelen Magnezyum Orotat CAS 34717-03-8 \u00fcreticisi ve tedarik\u00e7isidir. \u00c7in'de Magnezyum Orotat sat\u0131n al\u0131n. En iyi Magnezyum Orotat fiyat\u0131n\u0131 sa\u011flayabiliriz.","robots":{"index":"index","follow":"follow","max-snippet":"max-snippet:-1","max-image-preview":"max-image-preview:large","max-video-preview":"max-video-preview:-1"},"canonical":"https:\/\/longchangchemical.com\/tr\/product\/magnesium-orotate-cas-34717-03-8\/","og_locale":"tr_TR","og_type":"article","og_title":"China Magnesium Orotate Manufacturer \uff06 CAS 34717-03-8 Supplier - Longchang chemical Co., Ltd.","og_description":"Longchang Chemical is a leading manufacturer and supplier of Magnesium Orotate CAS 34717-03-8 in China. Buy Magnesium Orotate in china. We can provide the best Magnesium Orotate price.","og_url":"https:\/\/longchangchemical.com\/tr\/product\/magnesium-orotate-cas-34717-03-8\/","og_site_name":"Longchang Chemical","article_modified_time":"2026-05-08T02:59:28+00:00","og_image":[{"width":600,"height":800,"url":"https:\/\/longchangchemical.com\/wp-content\/uploads\/2021\/01\/Appearance-3.jpg","type":"image\/jpeg"}],"twitter_card":"summary_large_image","schema":{"@context":"https:\/\/schema.org","@graph":[{"@type":"WebPage","@id":"https:\/\/longchangchemical.com\/product\/magnesium-orotate-cas-34717-03-8\/","url":"https:\/\/longchangchemical.com\/product\/magnesium-orotate-cas-34717-03-8\/","name":"\u00c7in Magnezyum Orotat \u00dcreticisi \uff06 CAS 34717-03-8 Tedarik\u00e7i - Longchang chemical Co, Ltd.","isPartOf":{"@id":"https:\/\/longchangchemical.com\/#website"},"primaryImageOfPage":{"@id":"https:\/\/longchangchemical.com\/product\/magnesium-orotate-cas-34717-03-8\/#primaryimage"},"image":{"@id":"https:\/\/longchangchemical.com\/product\/magnesium-orotate-cas-34717-03-8\/#primaryimage"},"thumbnailUrl":"https:\/\/longchangchemical.com\/wp-content\/uploads\/2021\/01\/Appearance-3.jpg","datePublished":"2021-01-21T11:33:18+00:00","dateModified":"2026-05-08T02:59:28+00:00","description":"Longchang Chemical, \u00c7in'in \u00f6nde gelen Magnezyum Orotat CAS 34717-03-8 \u00fcreticisi ve tedarik\u00e7isidir. \u00c7in'de Magnezyum Orotat sat\u0131n al\u0131n. En iyi Magnezyum Orotat fiyat\u0131n\u0131 sa\u011flayabiliriz.","breadcrumb":{"@id":"https:\/\/longchangchemical.com\/product\/magnesium-orotate-cas-34717-03-8\/#breadcrumb"},"inLanguage":"tr","potentialAction":[{"@type":"ReadAction","target":["https:\/\/longchangchemical.com\/product\/magnesium-orotate-cas-34717-03-8\/"]}]},{"@type":"ImageObject","inLanguage":"tr","@id":"https:\/\/longchangchemical.com\/product\/magnesium-orotate-cas-34717-03-8\/#primaryimage","url":"https:\/\/longchangchemical.com\/wp-content\/uploads\/2021\/01\/Appearance-3.jpg","contentUrl":"https:\/\/longchangchemical.com\/wp-content\/uploads\/2021\/01\/Appearance-3.jpg","width":600,"height":800,"caption":"Magnesium Orotate Appearance"},{"@type":"BreadcrumbList","@id":"https:\/\/longchangchemical.com\/product\/magnesium-orotate-cas-34717-03-8\/#breadcrumb","itemListElement":[{"@type":"ListItem","position":1,"name":"Home","item":"https:\/\/longchangchemical.com\/"},{"@type":"ListItem","position":2,"name":"Products Longchang","item":"https:\/\/longchangchemical.com\/product\/"},{"@type":"ListItem","position":3,"name":"magnesium orotate CAS 34717-03-8"}]},{"@type":"WebSite","@id":"https:\/\/longchangchemical.com\/#website","url":"https:\/\/longchangchemical.com\/","name":"Longchang Kimya","description":"\u00c7in kimyasal \u00fcreticisi \uff06 tedarik\u00e7isi","publisher":{"@id":"https:\/\/longchangchemical.com\/#organization"},"potentialAction":[{"@type":"SearchAction","target":{"@type":"EntryPoint","urlTemplate":"https:\/\/longchangchemical.com\/?s={search_term_string}"},"query-input":{"@type":"PropertyValueSpecification","valueRequired":true,"valueName":"search_term_string"}}],"inLanguage":"tr"},{"@type":"Organization","@id":"https:\/\/longchangchemical.com\/#organization","name":"Longchang Kimya","url":"https:\/\/longchangchemical.com\/","logo":{"@type":"ImageObject","inLanguage":"tr","@id":"https:\/\/longchangchemical.com\/#\/schema\/logo\/image\/","url":"https:\/\/longchangchemical.com\/wp-content\/uploads\/2020\/08\/cropped-longchang-logo.png","contentUrl":"https:\/\/longchangchemical.com\/wp-content\/uploads\/2020\/08\/cropped-longchang-logo.png","width":512,"height":512,"caption":"Longchang Chemical"},"image":{"@id":"https:\/\/longchangchemical.com\/#\/schema\/logo\/image\/"}}]}},"_links":{"self":[{"href":"https:\/\/longchangchemical.com\/tr\/wp-json\/wp\/v2\/product\/3506","targetHints":{"allow":["GET"]}}],"collection":[{"href":"https:\/\/longchangchemical.com\/tr\/wp-json\/wp\/v2\/product"}],"about":[{"href":"https:\/\/longchangchemical.com\/tr\/wp-json\/wp\/v2\/types\/product"}],"replies":[{"embeddable":true,"href":"https:\/\/longchangchemical.com\/tr\/wp-json\/wp\/v2\/comments?post=3506"}],"wp:featuredmedia":[{"embeddable":true,"href":"https:\/\/longchangchemical.com\/tr\/wp-json\/wp\/v2\/media\/4290"}],"wp:attachment":[{"href":"https:\/\/longchangchemical.com\/tr\/wp-json\/wp\/v2\/media?parent=3506"}],"wp:term":[{"taxonomy":"product_brand","embeddable":true,"href":"https:\/\/longchangchemical.com\/tr\/wp-json\/wp\/v2\/product_brand?post=3506"},{"taxonomy":"product_cat","embeddable":true,"href":"https:\/\/longchangchemical.com\/tr\/wp-json\/wp\/v2\/product_cat?post=3506"},{"taxonomy":"product_tag","embeddable":true,"href":"https:\/\/longchangchemical.com\/tr\/wp-json\/wp\/v2\/product_tag?post=3506"}],"curies":[{"name":"wp","href":"https:\/\/api.w.org\/{rel}","templated":true}]}}