{"id":3502,"date":"2021-01-20T11:16:54","date_gmt":"2021-01-20T11:16:54","guid":{"rendered":"https:\/\/longchangchemical.com\/?post_type=product&#038;p=3502"},"modified":"2026-01-09T09:40:55","modified_gmt":"2026-01-09T09:40:55","slug":"diethylamino-hydroxybenzoyl-hexyl-benzoate-dhhb-uvinul-a-plus-cas-302776-68-7","status":"publish","type":"product","link":"https:\/\/longchangchemical.com\/tr\/product\/diethylamino-hydroxybenzoyl-hexyl-benzoate-dhhb-uvinul-a-plus-cas-302776-68-7\/","title":{"rendered":"DHHB \/ Uvinul A Plus CAS 302776-68-7"},"content":{"rendered":"<h1>Dietilamino hidroksibenzoil heksil benzoat \/ DHHB \/<\/h1>\n<h1 class=\"title\">Uvinul A Plus CAS 302776-68-7<\/h1>\n<table>\n<tbody>\n<tr>\n<td width=\"213\">\u00d6\u011fe<\/td>\n<td width=\"329\">Standart<\/td>\n<td width=\"152\">Sonu\u00e7lar<\/td>\n<\/tr>\n<tr>\n<td width=\"213\">G\u00f6r\u00fcn\u00fc\u015f<\/td>\n<td width=\"329\">Hafif beyaz toz veya gran\u00fcl<\/td>\n<td width=\"152\">Uygundur<\/td>\n<\/tr>\n<tr>\n<td width=\"213\">Kurutma kayb\u0131<\/td>\n<td width=\"329\">\u22640,5%<\/td>\n<td width=\"152\">0.07%<\/td>\n<\/tr>\n<tr>\n<td width=\"213\">Tahlil (GC)<\/td>\n<td width=\"329\">98.0~105.0%<\/td>\n<td width=\"152\">99.1%<\/td>\n<\/tr>\n<tr>\n<td width=\"213\">Sonu\u00e7<\/td>\n<td colspan=\"2\" width=\"481\">Nitelikli<\/td>\n<\/tr>\n<\/tbody>\n<\/table>\n<p>&nbsp;<\/p>\n<p><strong>Dietilamino Hidroksibenzoil Heksil Benzoat Kullan\u0131m\u0131<\/strong><\/p>\n<p>&nbsp;<\/p>\n<h4><span class=\"JLqJ4b ChMk0b\" data-language-for-alternatives=\"en\" data-language-to-translate-into=\"auto\" data-phrase-index=\"0\">1. Kuma\u015f kirlili\u011fini azaltmak ve g\u00fcne\u015f koruma fakt\u00f6r\u00fcn\u00fc (SPF) art\u0131rmak i\u00e7in kozmetik preparatlara Uvinul A Plus ekleme y\u00f6ntemi ve preparatlar\u0131n neden oldu\u011fu kuma\u015f kirlili\u011fini azaltmak ve preparatlar\u0131n g\u00fcne\u015f koruma fakt\u00f6r\u00fcn\u00fc (SPF) art\u0131rmak i\u00e7in kozmetik preparatlarda Uvinul A Plus kullan\u0131lmas\u0131<\/span> <span class=\"JLqJ4b ChMk0b\" data-language-for-alternatives=\"en\" data-language-to-translate-into=\"auto\" data-phrase-index=\"1\">kullan\u0131n.<\/span><\/h4>\n<h4><span class=\"JLqJ4b ChMk0b\" data-language-for-alternatives=\"en\" data-language-to-translate-into=\"auto\" data-phrase-index=\"3\">2. UV emici UV-A PLUS, en g\u00fc\u00e7l\u00fc UVA emme kapasitesine sahip UVA emici olan bir benzoat UV emicidir. 320-400 nanometre ultraviyole \u0131\u015f\u0131\u011f\u0131 absorbe edebilir ve tepe absorpsiyon de\u011feri 354 nanometredir. \u0130yi uyumluluk, d\u00fc\u015f\u00fck migrasyon, iyi termal stabilite, y\u00fcksek absorpsiyon verimlili\u011fi vb. ile karakterizedir. Kozmetikler, g\u00fcne\u015f kremi ve filtreler i\u00e7in uygundur. Genel dozaj 0.2-0.5%'dir.<\/span><\/h4>\n<p>&nbsp;<\/p>\n<h2><strong>Dietilamino Hidroksibenzoil Heksil Benzoat Ambalaj<\/strong><\/h2>\n<h4>25kgs\/tambur<\/h4>\n<p>&nbsp;<\/p>\n<h2><strong>Dietilamino Hidroksibenzoil Heksil Benzoat Depolama<\/strong><\/h2>\n<h4>DHHB kapal\u0131 bir sistemde saklanmal\u0131 ve \u0131\u015f\u0131\u011fa maruz kalmayan kuru ve karanl\u0131k bir yerde muhafaza edilmelidir. DHHB'nin raf \u00f6mr\u00fc orijinal, a\u00e7\u0131lmam\u0131\u015f kaplarda iki y\u0131ld\u0131r.<\/h4>\n<p>&nbsp;<\/p>\n<h2><strong><b>\u015eimdi Bize Ula\u015f\u0131n!<\/b><\/strong><\/h2>\n<h4><strong><b>COA, MSDS veya TDS'ye ihtiyac\u0131n\u0131z varsa, l\u00fctfen a\u015fa\u011f\u0131daki forma ileti\u015fim bilgilerinizi girin, genellikle 24 saat i\u00e7inde sizinle ileti\u015fime ge\u00e7ece\u011fiz. Bana e-posta da g\u00f6nderebilirsiniz <span style=\"color: #0000ff;\"><a style=\"color: #0000ff;\" href=\"mailto:info@longchangchemical.com\">info@longchangchemical.com<\/a><\/span> \u00c7al\u0131\u015fma saatleri i\u00e7inde (8:30 - 6:00 UTC+8 Pzt.~Sat.) veya h\u0131zl\u0131 yan\u0131t almak i\u00e7in web sitesi canl\u0131 sohbetini kullan\u0131n.<\/b><\/strong><\/h4>","protected":false},"excerpt":{"rendered":"<h4>Kimyasal Ad\u0131: Dietilamino Hidroksibenzoil Heksil Benzoat<\/h4>\n<h4>CAS No.:302776-68-7<\/h4>\n<h4>Molek\u00fcler Form\u00fcl:C24H31NO4<\/h4>\n<h4>Molek\u00fcl a\u011f\u0131rl\u0131\u011f\u0131:397.51<\/h4>\n<h4><\/h4>\n<h4>Kimyasal Yap\u0131:<img decoding=\"async\" title=\"Dietilamino Hidroksibenzoil Heksil Benzoat\" src=\"https:\/\/www.longchangchemical.com\/wp-content\/uploads\/product-details\/20200612257136.png\" alt=\"Dietilamino Hidroksibenzoil Heksil Benzoat\" width=\"310\" height=\"116\" border=\"0\" vspace=\"0\" \/><\/h4>\n<h4>G\u00f6r\u00fcn\u00fcm:Hafif beyaz toz veya gran\u00fcl<\/h4>","protected":false},"featured_media":7967,"comment_status":"open","ping_status":"closed","template":"","meta":[],"product_brand":[],"product_cat":[139],"product_tag":[],"class_list":{"0":"post-3502","1":"product","2":"type-product","3":"status-publish","4":"has-post-thumbnail","6":"product_cat-lcsorb-uv-absorber","8":"first","9":"instock","10":"shipping-taxable","11":"product-type-simple"},"yoast_head":"<!-- This site is optimized with the Yoast SEO plugin v25.3.1 - https:\/\/yoast.com\/wordpress\/plugins\/seo\/ -->\n<title>China Uvinul A Plus \/ Diethylamino Hydroxybenzoyl Hexyl Benzoate CAS 302776-68-7 Manufacturer \uff06 Supplier - Longchang chemical Co., Ltd.<\/title>\n<meta name=\"description\" content=\"Longchang Chemical is a leading DHHB manufacturer and supplier of Diethylamino Hydroxybenzoyl Hexyl Benzoate CAS 302776-68-7 in China. Buy Uvinul A Plus in china. We can provide the best Diethylamino Hydroxybenzoyl Hexyl Benzoate price.\" \/>\n<meta name=\"robots\" content=\"index, follow, max-snippet:-1, max-image-preview:large, max-video-preview:-1\" \/>\n<link rel=\"canonical\" href=\"https:\/\/longchangchemical.com\/tr\/product\/diethylamino-hydroxybenzoyl-hexyl-benzoate-dhhb-uvinul-a-plus-cas-302776-68-7\/\" \/>\n<meta property=\"og:locale\" content=\"tr_TR\" \/>\n<meta property=\"og:type\" content=\"article\" \/>\n<meta property=\"og:title\" content=\"China Uvinul A Plus \/ Diethylamino Hydroxybenzoyl Hexyl Benzoate CAS 302776-68-7 Manufacturer \uff06 Supplier - Longchang chemical Co., Ltd.\" \/>\n<meta property=\"og:description\" content=\"Longchang Chemical is a leading DHHB manufacturer and supplier of Diethylamino Hydroxybenzoyl Hexyl Benzoate CAS 302776-68-7 in China. Buy Uvinul A Plus in china. We can provide the best Diethylamino Hydroxybenzoyl Hexyl Benzoate price.\" \/>\n<meta property=\"og:url\" content=\"https:\/\/longchangchemical.com\/tr\/product\/diethylamino-hydroxybenzoyl-hexyl-benzoate-dhhb-uvinul-a-plus-cas-302776-68-7\/\" \/>\n<meta property=\"og:site_name\" content=\"Longchang Chemical\" \/>\n<meta property=\"article:modified_time\" content=\"2026-01-09T09:40:55+00:00\" \/>\n<meta property=\"og:image\" content=\"https:\/\/longchangchemical.com\/wp-content\/uploads\/2021\/01\/302776-68-7.jpg\" \/>\n\t<meta property=\"og:image:width\" content=\"600\" \/>\n\t<meta property=\"og:image:height\" content=\"600\" \/>\n\t<meta property=\"og:image:type\" content=\"image\/jpeg\" \/>\n<meta name=\"twitter:card\" content=\"summary_large_image\" \/>\n<script type=\"application\/ld+json\" class=\"yoast-schema-graph\">{\"@context\":\"https:\/\/schema.org\",\"@graph\":[{\"@type\":\"WebPage\",\"@id\":\"https:\/\/longchangchemical.com\/product\/diethylamino-hydroxybenzoyl-hexyl-benzoate-dhhb-uvinul-a-plus-cas-302776-68-7\/\",\"url\":\"https:\/\/longchangchemical.com\/product\/diethylamino-hydroxybenzoyl-hexyl-benzoate-dhhb-uvinul-a-plus-cas-302776-68-7\/\",\"name\":\"China Uvinul A Plus \/ Diethylamino Hydroxybenzoyl Hexyl Benzoate CAS 302776-68-7 Manufacturer \uff06 Supplier - Longchang chemical Co., Ltd.\",\"isPartOf\":{\"@id\":\"https:\/\/longchangchemical.com\/#website\"},\"primaryImageOfPage\":{\"@id\":\"https:\/\/longchangchemical.com\/product\/diethylamino-hydroxybenzoyl-hexyl-benzoate-dhhb-uvinul-a-plus-cas-302776-68-7\/#primaryimage\"},\"image\":{\"@id\":\"https:\/\/longchangchemical.com\/product\/diethylamino-hydroxybenzoyl-hexyl-benzoate-dhhb-uvinul-a-plus-cas-302776-68-7\/#primaryimage\"},\"thumbnailUrl\":\"https:\/\/longchangchemical.com\/wp-content\/uploads\/2021\/01\/302776-68-7.jpg\",\"datePublished\":\"2021-01-20T11:16:54+00:00\",\"dateModified\":\"2026-01-09T09:40:55+00:00\",\"description\":\"Longchang Chemical is a leading DHHB manufacturer and supplier of Diethylamino Hydroxybenzoyl Hexyl Benzoate CAS 302776-68-7 in China. Buy Uvinul A Plus in china. We can provide the best Diethylamino Hydroxybenzoyl Hexyl Benzoate price.\",\"breadcrumb\":{\"@id\":\"https:\/\/longchangchemical.com\/product\/diethylamino-hydroxybenzoyl-hexyl-benzoate-dhhb-uvinul-a-plus-cas-302776-68-7\/#breadcrumb\"},\"inLanguage\":\"tr\",\"potentialAction\":[{\"@type\":\"ReadAction\",\"target\":[\"https:\/\/longchangchemical.com\/product\/diethylamino-hydroxybenzoyl-hexyl-benzoate-dhhb-uvinul-a-plus-cas-302776-68-7\/\"]}]},{\"@type\":\"ImageObject\",\"inLanguage\":\"tr\",\"@id\":\"https:\/\/longchangchemical.com\/product\/diethylamino-hydroxybenzoyl-hexyl-benzoate-dhhb-uvinul-a-plus-cas-302776-68-7\/#primaryimage\",\"url\":\"https:\/\/longchangchemical.com\/wp-content\/uploads\/2021\/01\/302776-68-7.jpg\",\"contentUrl\":\"https:\/\/longchangchemical.com\/wp-content\/uploads\/2021\/01\/302776-68-7.jpg\",\"width\":600,\"height\":600},{\"@type\":\"BreadcrumbList\",\"@id\":\"https:\/\/longchangchemical.com\/product\/diethylamino-hydroxybenzoyl-hexyl-benzoate-dhhb-uvinul-a-plus-cas-302776-68-7\/#breadcrumb\",\"itemListElement\":[{\"@type\":\"ListItem\",\"position\":1,\"name\":\"Home\",\"item\":\"https:\/\/longchangchemical.com\/\"},{\"@type\":\"ListItem\",\"position\":2,\"name\":\"Products Longchang\",\"item\":\"https:\/\/longchangchemical.com\/product\/\"},{\"@type\":\"ListItem\",\"position\":3,\"name\":\"DHHB \/ Uvinul A Plus CAS 302776-68-7\"}]},{\"@type\":\"WebSite\",\"@id\":\"https:\/\/longchangchemical.com\/#website\",\"url\":\"https:\/\/longchangchemical.com\/\",\"name\":\"Longchang Chemical\",\"description\":\"China chemical manufacturer \uff06 supplier\",\"publisher\":{\"@id\":\"https:\/\/longchangchemical.com\/#organization\"},\"potentialAction\":[{\"@type\":\"SearchAction\",\"target\":{\"@type\":\"EntryPoint\",\"urlTemplate\":\"https:\/\/longchangchemical.com\/?s={search_term_string}\"},\"query-input\":{\"@type\":\"PropertyValueSpecification\",\"valueRequired\":true,\"valueName\":\"search_term_string\"}}],\"inLanguage\":\"tr\"},{\"@type\":\"Organization\",\"@id\":\"https:\/\/longchangchemical.com\/#organization\",\"name\":\"Longchang Chemical\",\"url\":\"https:\/\/longchangchemical.com\/\",\"logo\":{\"@type\":\"ImageObject\",\"inLanguage\":\"tr\",\"@id\":\"https:\/\/longchangchemical.com\/#\/schema\/logo\/image\/\",\"url\":\"https:\/\/longchangchemical.com\/wp-content\/uploads\/2020\/08\/cropped-longchang-logo.png\",\"contentUrl\":\"https:\/\/longchangchemical.com\/wp-content\/uploads\/2020\/08\/cropped-longchang-logo.png\",\"width\":512,\"height\":512,\"caption\":\"Longchang Chemical\"},\"image\":{\"@id\":\"https:\/\/longchangchemical.com\/#\/schema\/logo\/image\/\"}}]}<\/script>\n<!-- \/ Yoast SEO plugin. -->","yoast_head_json":{"title":"\u00c7in Uvinul A Plus \/ Diethylamino Hydroxybenzoyl Hexyl Benzoate CAS 302776-68-7 \u00dcretici \uff06 Tedarik\u00e7i - Longchang chemical Co, Ltd.","description":"Longchang Chemical, \u00c7in'in \u00f6nde gelen DHHB \u00fcreticisi ve Diethylamino Hydroxybenzoyl Hexyl Benzoate CAS 302776-68-7 tedarik\u00e7isidir. \u00c7in'de Uvinul A Plus sat\u0131n al\u0131n. Biz en iyi Diethylamino Hydroxybenzoyl Hexyl Benzoate fiyat sa\u011flayabilir.","robots":{"index":"index","follow":"follow","max-snippet":"max-snippet:-1","max-image-preview":"max-image-preview:large","max-video-preview":"max-video-preview:-1"},"canonical":"https:\/\/longchangchemical.com\/tr\/product\/diethylamino-hydroxybenzoyl-hexyl-benzoate-dhhb-uvinul-a-plus-cas-302776-68-7\/","og_locale":"tr_TR","og_type":"article","og_title":"China Uvinul A Plus \/ Diethylamino Hydroxybenzoyl Hexyl Benzoate CAS 302776-68-7 Manufacturer \uff06 Supplier - Longchang chemical Co., Ltd.","og_description":"Longchang Chemical is a leading DHHB manufacturer and supplier of Diethylamino Hydroxybenzoyl Hexyl Benzoate CAS 302776-68-7 in China. Buy Uvinul A Plus in china. We can provide the best Diethylamino Hydroxybenzoyl Hexyl Benzoate price.","og_url":"https:\/\/longchangchemical.com\/tr\/product\/diethylamino-hydroxybenzoyl-hexyl-benzoate-dhhb-uvinul-a-plus-cas-302776-68-7\/","og_site_name":"Longchang Chemical","article_modified_time":"2026-01-09T09:40:55+00:00","og_image":[{"width":600,"height":600,"url":"https:\/\/longchangchemical.com\/wp-content\/uploads\/2021\/01\/302776-68-7.jpg","type":"image\/jpeg"}],"twitter_card":"summary_large_image","schema":{"@context":"https:\/\/schema.org","@graph":[{"@type":"WebPage","@id":"https:\/\/longchangchemical.com\/product\/diethylamino-hydroxybenzoyl-hexyl-benzoate-dhhb-uvinul-a-plus-cas-302776-68-7\/","url":"https:\/\/longchangchemical.com\/product\/diethylamino-hydroxybenzoyl-hexyl-benzoate-dhhb-uvinul-a-plus-cas-302776-68-7\/","name":"\u00c7in Uvinul A Plus \/ Diethylamino Hydroxybenzoyl Hexyl Benzoate CAS 302776-68-7 \u00dcretici \uff06 Tedarik\u00e7i - Longchang chemical Co, Ltd.","isPartOf":{"@id":"https:\/\/longchangchemical.com\/#website"},"primaryImageOfPage":{"@id":"https:\/\/longchangchemical.com\/product\/diethylamino-hydroxybenzoyl-hexyl-benzoate-dhhb-uvinul-a-plus-cas-302776-68-7\/#primaryimage"},"image":{"@id":"https:\/\/longchangchemical.com\/product\/diethylamino-hydroxybenzoyl-hexyl-benzoate-dhhb-uvinul-a-plus-cas-302776-68-7\/#primaryimage"},"thumbnailUrl":"https:\/\/longchangchemical.com\/wp-content\/uploads\/2021\/01\/302776-68-7.jpg","datePublished":"2021-01-20T11:16:54+00:00","dateModified":"2026-01-09T09:40:55+00:00","description":"Longchang Chemical, \u00c7in'in \u00f6nde gelen DHHB \u00fcreticisi ve Diethylamino Hydroxybenzoyl Hexyl Benzoate CAS 302776-68-7 tedarik\u00e7isidir. \u00c7in'de Uvinul A Plus sat\u0131n al\u0131n. Biz en iyi Diethylamino Hydroxybenzoyl Hexyl Benzoate fiyat sa\u011flayabilir.","breadcrumb":{"@id":"https:\/\/longchangchemical.com\/product\/diethylamino-hydroxybenzoyl-hexyl-benzoate-dhhb-uvinul-a-plus-cas-302776-68-7\/#breadcrumb"},"inLanguage":"tr","potentialAction":[{"@type":"ReadAction","target":["https:\/\/longchangchemical.com\/product\/diethylamino-hydroxybenzoyl-hexyl-benzoate-dhhb-uvinul-a-plus-cas-302776-68-7\/"]}]},{"@type":"ImageObject","inLanguage":"tr","@id":"https:\/\/longchangchemical.com\/product\/diethylamino-hydroxybenzoyl-hexyl-benzoate-dhhb-uvinul-a-plus-cas-302776-68-7\/#primaryimage","url":"https:\/\/longchangchemical.com\/wp-content\/uploads\/2021\/01\/302776-68-7.jpg","contentUrl":"https:\/\/longchangchemical.com\/wp-content\/uploads\/2021\/01\/302776-68-7.jpg","width":600,"height":600},{"@type":"BreadcrumbList","@id":"https:\/\/longchangchemical.com\/product\/diethylamino-hydroxybenzoyl-hexyl-benzoate-dhhb-uvinul-a-plus-cas-302776-68-7\/#breadcrumb","itemListElement":[{"@type":"ListItem","position":1,"name":"Home","item":"https:\/\/longchangchemical.com\/"},{"@type":"ListItem","position":2,"name":"Products Longchang","item":"https:\/\/longchangchemical.com\/product\/"},{"@type":"ListItem","position":3,"name":"DHHB \/ Uvinul A Plus CAS 302776-68-7"}]},{"@type":"WebSite","@id":"https:\/\/longchangchemical.com\/#website","url":"https:\/\/longchangchemical.com\/","name":"Longchang Kimya","description":"\u00c7in kimyasal \u00fcreticisi \uff06 tedarik\u00e7isi","publisher":{"@id":"https:\/\/longchangchemical.com\/#organization"},"potentialAction":[{"@type":"SearchAction","target":{"@type":"EntryPoint","urlTemplate":"https:\/\/longchangchemical.com\/?s={search_term_string}"},"query-input":{"@type":"PropertyValueSpecification","valueRequired":true,"valueName":"search_term_string"}}],"inLanguage":"tr"},{"@type":"Organization","@id":"https:\/\/longchangchemical.com\/#organization","name":"Longchang Kimya","url":"https:\/\/longchangchemical.com\/","logo":{"@type":"ImageObject","inLanguage":"tr","@id":"https:\/\/longchangchemical.com\/#\/schema\/logo\/image\/","url":"https:\/\/longchangchemical.com\/wp-content\/uploads\/2020\/08\/cropped-longchang-logo.png","contentUrl":"https:\/\/longchangchemical.com\/wp-content\/uploads\/2020\/08\/cropped-longchang-logo.png","width":512,"height":512,"caption":"Longchang Chemical"},"image":{"@id":"https:\/\/longchangchemical.com\/#\/schema\/logo\/image\/"}}]}},"_links":{"self":[{"href":"https:\/\/longchangchemical.com\/tr\/wp-json\/wp\/v2\/product\/3502","targetHints":{"allow":["GET"]}}],"collection":[{"href":"https:\/\/longchangchemical.com\/tr\/wp-json\/wp\/v2\/product"}],"about":[{"href":"https:\/\/longchangchemical.com\/tr\/wp-json\/wp\/v2\/types\/product"}],"replies":[{"embeddable":true,"href":"https:\/\/longchangchemical.com\/tr\/wp-json\/wp\/v2\/comments?post=3502"}],"wp:featuredmedia":[{"embeddable":true,"href":"https:\/\/longchangchemical.com\/tr\/wp-json\/wp\/v2\/media\/7967"}],"wp:attachment":[{"href":"https:\/\/longchangchemical.com\/tr\/wp-json\/wp\/v2\/media?parent=3502"}],"wp:term":[{"taxonomy":"product_brand","embeddable":true,"href":"https:\/\/longchangchemical.com\/tr\/wp-json\/wp\/v2\/product_brand?post=3502"},{"taxonomy":"product_cat","embeddable":true,"href":"https:\/\/longchangchemical.com\/tr\/wp-json\/wp\/v2\/product_cat?post=3502"},{"taxonomy":"product_tag","embeddable":true,"href":"https:\/\/longchangchemical.com\/tr\/wp-json\/wp\/v2\/product_tag?post=3502"}],"curies":[{"name":"wp","href":"https:\/\/api.w.org\/{rel}","templated":true}]}}