{"id":3501,"date":"2021-01-20T11:02:20","date_gmt":"2021-01-20T11:02:20","guid":{"rendered":"https:\/\/longchangchemical.com\/?post_type=product&#038;p=3501"},"modified":"2025-12-23T05:51:31","modified_gmt":"2025-12-23T05:51:31","slug":"12-benzisothiazolin-3-one-bit-cas-2634-33-5","status":"publish","type":"product","link":"https:\/\/longchangchemical.com\/tr\/product\/12-benzisothiazolin-3-one-bit-cas-2634-33-5\/","title":{"rendered":"1,2-Benzisothiazolin-3-one \/ Bit CAS 2634-33-5"},"content":{"rendered":"<h1>1,2-Benzisothiazolin-3-one \/ Bit CAS 2634-33-5<\/h1>\n<table>\n<tbody>\n<tr>\n<td width=\"221\">\n<h4>\u00d6\u011fe<\/h4>\n<\/td>\n<td width=\"255\">\n<h4>\u015eartname<\/h4>\n<\/td>\n<td width=\"231\">\n<h4>Sonu\u00e7lar<\/h4>\n<\/td>\n<\/tr>\n<tr>\n<td width=\"221\">\n<h4>G\u00f6r\u00fcn\u00fc\u015f<\/h4>\n<\/td>\n<td width=\"255\">\n<h4>Beyaz veya A\u00e7\u0131k<\/h4>\n<h4>\u00a0Sar\u0131 Hidratl\u0131 toz<\/h4>\n<\/td>\n<td width=\"231\">\n<h4>Uygundur<\/h4>\n<\/td>\n<\/tr>\n<tr>\n<td width=\"221\">\n<h4>Tahlil \uff08HPLC\uff09<\/h4>\n<\/td>\n<td width=\"255\">\n<h4>99%min<\/h4>\n<\/td>\n<td width=\"231\">\n<h4>99.05%<\/h4>\n<\/td>\n<\/tr>\n<tr>\n<td width=\"221\">\n<h4>Erime noktas\u0131<\/h4>\n<\/td>\n<td width=\"255\">\n<h4>155-158\u2103<\/h4>\n<\/td>\n<td width=\"231\">\n<h4>155.2-157.1<\/h4>\n<\/td>\n<\/tr>\n<tr>\n<td width=\"221\">\n<h4>Alkali \u00c7\u00f6zeltisinin Rengi Y<\/h4>\n<\/td>\n<td width=\"255\">\n<h4>4Max<\/h4>\n<\/td>\n<td width=\"231\">\n<h4>2<\/h4>\n<\/td>\n<\/tr>\n<tr>\n<td width=\"221\">\n<h4>Su<\/h4>\n<\/td>\n<td width=\"255\">\n<h4>15<\/h4>\n<\/td>\n<td width=\"231\">\n<h4>15.04<\/h4>\n<\/td>\n<\/tr>\n<tr>\n<td width=\"221\">\n<h4>Klor\u00fcr<\/h4>\n<\/td>\n<td width=\"255\">\n<h4>0,6%max<\/h4>\n<\/td>\n<td width=\"231\">\n<h4>0.23<\/h4>\n<\/td>\n<\/tr>\n<\/tbody>\n<\/table>\n<p>&nbsp;<\/p>\n<h2><strong>BIT85 Kullan\u0131m\u0131<\/strong><\/h2>\n<div class=\"OlSOob\">\n<div class=\"ccvoYb\">\n<div class=\"AxqVh\">\n<div class=\"OPPzxe\">\n<div class=\"dePhmb\">\n<div class=\"eyKpYb\" data-language=\"en\" data-original-language=\"auto\" data-result-index=\"0\">\n<h4 class=\"J0lOec\"><span class=\"VIiyi\" lang=\"en\"><span class=\"JLqJ4b\" data-language-for-alternatives=\"en\" data-language-to-translate-into=\"auto\" data-phrase-index=\"0\">1. BIT, ana end\u00fcstriyel sterilizasyon, antiseptik ve anti-enzim ajan\u0131d\u0131r. Organik ortamda k\u00fcf, yosun ve di\u011fer mikroorganizmalar\u0131n b\u00fcy\u00fcmesi \u00fczerinde belirgin bir inhibit\u00f6r etkiye sahiptir ve mikroorganizmalar\u0131n neden oldu\u011fu organik \u00fcr\u00fcnlerin k\u00fcf, fermantasyon, bozulma, dem\u00fclsifikasyon ve k\u0131l b\u00fcy\u00fcmesini \u00e7\u00f6zebilir. Koku gibi bir dizi sorun, sterilizasyon, deniz antifouling ve di\u011fer alanlarda yayg\u0131n olarak kullan\u0131lmaktad\u0131r. <\/span><\/span><\/h4>\n<h4><\/h4>\n<h4 class=\"J0lOec\"><span class=\"VIiyi\" lang=\"en\"><span class=\"JLqJ4b\" data-language-for-alternatives=\"en\" data-language-to-translate-into=\"auto\" data-phrase-index=\"0\">2. BIT, geli\u015fmi\u015f \u00fclkelerde lateks \u00fcr\u00fcnlerde, suda \u00e7\u00f6z\u00fcn\u00fcr re\u00e7inelerde, kaplamalarda (lateks boya), akriliklerde ve polimerlerde yayg\u0131n olarak kullan\u0131lmaktad\u0131r. Poliamin \u00fcr\u00fcnleri, foto\u011fraf losyonu, ka\u011f\u0131t yap\u0131m\u0131, m\u00fcrekkep, deri, ya\u011flay\u0131c\u0131lar ve di\u011fer \u00fcr\u00fcnler. Bununla birlikte, izotiyazolinon bile\u015fiklerinin \u00e7evresel davran\u0131\u015f\u0131 ve ekolojik toksisitesi insanlar\u0131n dikkatini \u00e7ekmi\u015ftir. <\/span><\/span><\/h4>\n<h4><\/h4>\n<h4 class=\"J0lOec\"><span class=\"VIiyi\" lang=\"en\"><span class=\"JLqJ4b\" data-language-for-alternatives=\"en\" data-language-to-translate-into=\"auto\" data-phrase-index=\"0\">3. \u015eu anda, evsel organik kimyasal at\u0131k su ar\u0131tma y\u00f6ntemleri temel olarak adsorpsiyon, s\u0131v\u0131 membran ekstraksiyonu, ters ozmoz, elektrodiyaliz, hava s\u0131y\u0131rma, ultrafiltrasyon vb. i\u00e7erir. Adsorpsiyon y\u00f6ntemi yeni kirleticiler ortaya \u00e7\u0131karmad\u0131\u011f\u0131ndan, d\u00fc\u015f\u00fck enerji t\u00fcketimine sahip oldu\u011fundan ve organikleri at\u0131k sudan ay\u0131r\u0131p zenginle\u015ftirebildi\u011finden ve at\u0131k geri d\u00f6n\u00fc\u015f\u00fcm\u00fcn\u00fc ger\u00e7ekle\u015ftirebildi\u011finden, toksik ve zararl\u0131 organik maddeleri sudan adsorbe etmek i\u00e7in en uygun teknoloji olarak kabul edilir. 4. Son y\u0131llarda, fonksiyonel gruplar i\u00e7eren kompozit fonksiyonel re\u00e7ineleri sentezlemek i\u00e7in kimyasal modifikasyon kullan\u0131m\u0131 organik zehirlerin kontrol\u00fcnde kullan\u0131lmaktad\u0131r.<\/span><\/span><\/h4>\n<\/div>\n<\/div>\n<\/div>\n<\/div>\n<\/div>\n<\/div>\n<h2><strong>BIT85 <\/strong><strong>Paketleme<\/strong><\/h2>\n<h4>25kg\/tambur, 9 ton\/1*20 ft konteyner<\/h4>\n<h4>25 kg\/torba, 15 ton\/1*20 ft konteyner<\/h4>\n<h4>Hava veya deniz yoluyla nakliye<\/h4>\n<h4>Fedex veya DHL ile \u00fccretsiz numune<\/h4>\n<p>&nbsp;<\/p>\n<h2><strong>BIT85<\/strong><strong>\u00a0Depolama<\/strong><\/h2>\n<h4>Kuru, serin, iyi havaland\u0131r\u0131lan bir yerde saklanmak \u00fczere m\u00fch\u00fcrlenmeli ve g\u00f6lgelendirilmelidir.<\/h4>\n<h2><strong><b>\u015eimdi Bize Ula\u015f\u0131n!<\/b><\/strong><\/h2>\n<h4><strong><b>\u00d6zelle\u015ftirilmi\u015f hizmetler sunuyoruz, genellikle 24 saat i\u00e7inde sizinle ileti\u015fime ge\u00e7ece\u011fiz. Ayr\u0131ca mesai saatleri i\u00e7inde (8:30 - 6:00 UTC+8 Pzt.~Sat.) info@longchangchemical.com adresine e-posta g\u00f6nderebilir veya h\u0131zl\u0131 yan\u0131t almak i\u00e7in web sitesi canl\u0131 sohbetini kullanabilirsiniz.<\/b><\/strong><\/h4>","protected":false},"excerpt":{"rendered":"<h4>Kimyasal Ad\u0131: BIT85<\/h4>\n<h4>CAS No: 2634-33-5<\/h4>\n<h4>Molek\u00fcler Form\u00fcl: C7H5SNO<\/h4>\n<h4>Molek\u00fcler A\u011f\u0131rl\u0131k: 151.19<\/h4>\n<h4>BIT Yap\u0131s\u0131:<img decoding=\"async\" title=\"BIT Yap\u0131s\u0131\" src=\"https:\/\/www.longchangchemical.com\/wp-content\/uploads\/product-details\/20200616217303.png\" alt=\"BIT Yap\u0131s\u0131\" width=\"198\" height=\"176\" border=\"0\" vspace=\"0\" \/><\/h4>\n<h4>G\u00f6r\u00fcn\u00fcm: beyaz ila a\u00e7\u0131k sar\u0131 toz<\/h4>\n<h4>Tahlil: 85.0%<\/h4>","protected":false},"featured_media":4181,"comment_status":"open","ping_status":"closed","template":"","meta":[],"product_brand":[],"product_cat":[69],"product_tag":[],"class_list":{"0":"post-3501","1":"product","2":"type-product","3":"status-publish","4":"has-post-thumbnail","6":"product_cat-catalysts-chemical-auxiliary-agents","8":"first","9":"instock","10":"shipping-taxable","11":"product-type-simple"},"yoast_head":"<!-- This site is optimized with the Yoast SEO plugin v25.3.1 - https:\/\/yoast.com\/wordpress\/plugins\/seo\/ -->\n<title>China Benzisothiazolin-3-one \/ BIT CAS 2634-33-5 Manufacturer \uff06 Supplier - Longchang chemical Co., Ltd.<\/title>\n<meta name=\"description\" content=\"Longchang Chemical is a leading manufacturer and supplier of BIT \/ Benzisothiazolin-3-one CAS 2634-33-5 in China. Buy BIT in china. We can provide the best 1,2-Benzisothiazolin-3-one price.\" \/>\n<meta name=\"robots\" content=\"index, follow, max-snippet:-1, max-image-preview:large, max-video-preview:-1\" \/>\n<link rel=\"canonical\" href=\"https:\/\/longchangchemical.com\/tr\/product\/12-benzisothiazolin-3-one-bit-cas-2634-33-5\/\" \/>\n<meta property=\"og:locale\" content=\"tr_TR\" \/>\n<meta property=\"og:type\" content=\"article\" \/>\n<meta property=\"og:title\" content=\"China Benzisothiazolin-3-one \/ BIT CAS 2634-33-5 Manufacturer \uff06 Supplier - Longchang chemical Co., Ltd.\" \/>\n<meta property=\"og:description\" content=\"Longchang Chemical is a leading manufacturer and supplier of BIT \/ Benzisothiazolin-3-one CAS 2634-33-5 in China. Buy BIT in china. We can provide the best 1,2-Benzisothiazolin-3-one price.\" \/>\n<meta property=\"og:url\" content=\"https:\/\/longchangchemical.com\/tr\/product\/12-benzisothiazolin-3-one-bit-cas-2634-33-5\/\" \/>\n<meta property=\"og:site_name\" content=\"Longchang Chemical\" \/>\n<meta property=\"article:modified_time\" content=\"2025-12-23T05:51:31+00:00\" \/>\n<meta property=\"og:image\" content=\"https:\/\/longchangchemical.com\/wp-content\/uploads\/2021\/01\/BIT-Appearance.jpg\" \/>\n\t<meta property=\"og:image:width\" content=\"600\" \/>\n\t<meta property=\"og:image:height\" content=\"800\" \/>\n\t<meta property=\"og:image:type\" content=\"image\/jpeg\" \/>\n<meta name=\"twitter:card\" content=\"summary_large_image\" \/>\n<script type=\"application\/ld+json\" class=\"yoast-schema-graph\">{\"@context\":\"https:\/\/schema.org\",\"@graph\":[{\"@type\":\"WebPage\",\"@id\":\"https:\/\/longchangchemical.com\/product\/12-benzisothiazolin-3-one-bit-cas-2634-33-5\/\",\"url\":\"https:\/\/longchangchemical.com\/product\/12-benzisothiazolin-3-one-bit-cas-2634-33-5\/\",\"name\":\"China Benzisothiazolin-3-one \/ BIT CAS 2634-33-5 Manufacturer \uff06 Supplier - Longchang chemical Co., Ltd.\",\"isPartOf\":{\"@id\":\"https:\/\/longchangchemical.com\/#website\"},\"primaryImageOfPage\":{\"@id\":\"https:\/\/longchangchemical.com\/product\/12-benzisothiazolin-3-one-bit-cas-2634-33-5\/#primaryimage\"},\"image\":{\"@id\":\"https:\/\/longchangchemical.com\/product\/12-benzisothiazolin-3-one-bit-cas-2634-33-5\/#primaryimage\"},\"thumbnailUrl\":\"https:\/\/longchangchemical.com\/wp-content\/uploads\/2021\/01\/BIT-Appearance.jpg\",\"datePublished\":\"2021-01-20T11:02:20+00:00\",\"dateModified\":\"2025-12-23T05:51:31+00:00\",\"description\":\"Longchang Chemical is a leading manufacturer and supplier of BIT \/ Benzisothiazolin-3-one CAS 2634-33-5 in China. Buy BIT in china. We can provide the best 1,2-Benzisothiazolin-3-one price.\",\"breadcrumb\":{\"@id\":\"https:\/\/longchangchemical.com\/product\/12-benzisothiazolin-3-one-bit-cas-2634-33-5\/#breadcrumb\"},\"inLanguage\":\"tr\",\"potentialAction\":[{\"@type\":\"ReadAction\",\"target\":[\"https:\/\/longchangchemical.com\/product\/12-benzisothiazolin-3-one-bit-cas-2634-33-5\/\"]}]},{\"@type\":\"ImageObject\",\"inLanguage\":\"tr\",\"@id\":\"https:\/\/longchangchemical.com\/product\/12-benzisothiazolin-3-one-bit-cas-2634-33-5\/#primaryimage\",\"url\":\"https:\/\/longchangchemical.com\/wp-content\/uploads\/2021\/01\/BIT-Appearance.jpg\",\"contentUrl\":\"https:\/\/longchangchemical.com\/wp-content\/uploads\/2021\/01\/BIT-Appearance.jpg\",\"width\":600,\"height\":800,\"caption\":\"BIT Appearance\"},{\"@type\":\"BreadcrumbList\",\"@id\":\"https:\/\/longchangchemical.com\/product\/12-benzisothiazolin-3-one-bit-cas-2634-33-5\/#breadcrumb\",\"itemListElement\":[{\"@type\":\"ListItem\",\"position\":1,\"name\":\"Home\",\"item\":\"https:\/\/longchangchemical.com\/\"},{\"@type\":\"ListItem\",\"position\":2,\"name\":\"Products Longchang\",\"item\":\"https:\/\/longchangchemical.com\/product\/\"},{\"@type\":\"ListItem\",\"position\":3,\"name\":\"1,2-Benzisothiazolin-3-one \/ Bit CAS 2634-33-5\"}]},{\"@type\":\"WebSite\",\"@id\":\"https:\/\/longchangchemical.com\/#website\",\"url\":\"https:\/\/longchangchemical.com\/\",\"name\":\"Longchang Chemical\",\"description\":\"China chemical manufacturer \uff06 supplier\",\"publisher\":{\"@id\":\"https:\/\/longchangchemical.com\/#organization\"},\"potentialAction\":[{\"@type\":\"SearchAction\",\"target\":{\"@type\":\"EntryPoint\",\"urlTemplate\":\"https:\/\/longchangchemical.com\/?s={search_term_string}\"},\"query-input\":{\"@type\":\"PropertyValueSpecification\",\"valueRequired\":true,\"valueName\":\"search_term_string\"}}],\"inLanguage\":\"tr\"},{\"@type\":\"Organization\",\"@id\":\"https:\/\/longchangchemical.com\/#organization\",\"name\":\"Longchang Chemical\",\"url\":\"https:\/\/longchangchemical.com\/\",\"logo\":{\"@type\":\"ImageObject\",\"inLanguage\":\"tr\",\"@id\":\"https:\/\/longchangchemical.com\/#\/schema\/logo\/image\/\",\"url\":\"https:\/\/longchangchemical.com\/wp-content\/uploads\/2020\/08\/cropped-longchang-logo.png\",\"contentUrl\":\"https:\/\/longchangchemical.com\/wp-content\/uploads\/2020\/08\/cropped-longchang-logo.png\",\"width\":512,\"height\":512,\"caption\":\"Longchang Chemical\"},\"image\":{\"@id\":\"https:\/\/longchangchemical.com\/#\/schema\/logo\/image\/\"}}]}<\/script>\n<!-- \/ Yoast SEO plugin. -->","yoast_head_json":{"title":"\u00c7in Benzisothiazolin-3-one \/ BIT CAS 2634-33-5 \u00dcretici \uff06 Tedarik\u00e7i - Longchang chemical Co, Ltd.","description":"Longchang Chemical, \u00c7in'de BIT \/ Benzisothiazolin-3-one CAS 2634-33-5'in lider \u00fcreticisi ve tedarik\u00e7isidir. \u00c7in'de BIT sat\u0131n al\u0131n. En iyi 1,2-Benzisothiazolin-3-one fiyat\u0131n\u0131 sa\u011flayabiliriz.","robots":{"index":"index","follow":"follow","max-snippet":"max-snippet:-1","max-image-preview":"max-image-preview:large","max-video-preview":"max-video-preview:-1"},"canonical":"https:\/\/longchangchemical.com\/tr\/product\/12-benzisothiazolin-3-one-bit-cas-2634-33-5\/","og_locale":"tr_TR","og_type":"article","og_title":"China Benzisothiazolin-3-one \/ BIT CAS 2634-33-5 Manufacturer \uff06 Supplier - Longchang chemical Co., Ltd.","og_description":"Longchang Chemical is a leading manufacturer and supplier of BIT \/ Benzisothiazolin-3-one CAS 2634-33-5 in China. Buy BIT in china. We can provide the best 1,2-Benzisothiazolin-3-one price.","og_url":"https:\/\/longchangchemical.com\/tr\/product\/12-benzisothiazolin-3-one-bit-cas-2634-33-5\/","og_site_name":"Longchang Chemical","article_modified_time":"2025-12-23T05:51:31+00:00","og_image":[{"width":600,"height":800,"url":"https:\/\/longchangchemical.com\/wp-content\/uploads\/2021\/01\/BIT-Appearance.jpg","type":"image\/jpeg"}],"twitter_card":"summary_large_image","schema":{"@context":"https:\/\/schema.org","@graph":[{"@type":"WebPage","@id":"https:\/\/longchangchemical.com\/product\/12-benzisothiazolin-3-one-bit-cas-2634-33-5\/","url":"https:\/\/longchangchemical.com\/product\/12-benzisothiazolin-3-one-bit-cas-2634-33-5\/","name":"\u00c7in Benzisothiazolin-3-one \/ BIT CAS 2634-33-5 \u00dcretici \uff06 Tedarik\u00e7i - Longchang chemical Co, Ltd.","isPartOf":{"@id":"https:\/\/longchangchemical.com\/#website"},"primaryImageOfPage":{"@id":"https:\/\/longchangchemical.com\/product\/12-benzisothiazolin-3-one-bit-cas-2634-33-5\/#primaryimage"},"image":{"@id":"https:\/\/longchangchemical.com\/product\/12-benzisothiazolin-3-one-bit-cas-2634-33-5\/#primaryimage"},"thumbnailUrl":"https:\/\/longchangchemical.com\/wp-content\/uploads\/2021\/01\/BIT-Appearance.jpg","datePublished":"2021-01-20T11:02:20+00:00","dateModified":"2025-12-23T05:51:31+00:00","description":"Longchang Chemical, \u00c7in'de BIT \/ Benzisothiazolin-3-one CAS 2634-33-5'in lider \u00fcreticisi ve tedarik\u00e7isidir. \u00c7in'de BIT sat\u0131n al\u0131n. En iyi 1,2-Benzisothiazolin-3-one fiyat\u0131n\u0131 sa\u011flayabiliriz.","breadcrumb":{"@id":"https:\/\/longchangchemical.com\/product\/12-benzisothiazolin-3-one-bit-cas-2634-33-5\/#breadcrumb"},"inLanguage":"tr","potentialAction":[{"@type":"ReadAction","target":["https:\/\/longchangchemical.com\/product\/12-benzisothiazolin-3-one-bit-cas-2634-33-5\/"]}]},{"@type":"ImageObject","inLanguage":"tr","@id":"https:\/\/longchangchemical.com\/product\/12-benzisothiazolin-3-one-bit-cas-2634-33-5\/#primaryimage","url":"https:\/\/longchangchemical.com\/wp-content\/uploads\/2021\/01\/BIT-Appearance.jpg","contentUrl":"https:\/\/longchangchemical.com\/wp-content\/uploads\/2021\/01\/BIT-Appearance.jpg","width":600,"height":800,"caption":"BIT Appearance"},{"@type":"BreadcrumbList","@id":"https:\/\/longchangchemical.com\/product\/12-benzisothiazolin-3-one-bit-cas-2634-33-5\/#breadcrumb","itemListElement":[{"@type":"ListItem","position":1,"name":"Home","item":"https:\/\/longchangchemical.com\/"},{"@type":"ListItem","position":2,"name":"Products Longchang","item":"https:\/\/longchangchemical.com\/product\/"},{"@type":"ListItem","position":3,"name":"1,2-Benzisothiazolin-3-one \/ Bit CAS 2634-33-5"}]},{"@type":"WebSite","@id":"https:\/\/longchangchemical.com\/#website","url":"https:\/\/longchangchemical.com\/","name":"Longchang Kimya","description":"\u00c7in kimyasal \u00fcreticisi \uff06 tedarik\u00e7isi","publisher":{"@id":"https:\/\/longchangchemical.com\/#organization"},"potentialAction":[{"@type":"SearchAction","target":{"@type":"EntryPoint","urlTemplate":"https:\/\/longchangchemical.com\/?s={search_term_string}"},"query-input":{"@type":"PropertyValueSpecification","valueRequired":true,"valueName":"search_term_string"}}],"inLanguage":"tr"},{"@type":"Organization","@id":"https:\/\/longchangchemical.com\/#organization","name":"Longchang Kimya","url":"https:\/\/longchangchemical.com\/","logo":{"@type":"ImageObject","inLanguage":"tr","@id":"https:\/\/longchangchemical.com\/#\/schema\/logo\/image\/","url":"https:\/\/longchangchemical.com\/wp-content\/uploads\/2020\/08\/cropped-longchang-logo.png","contentUrl":"https:\/\/longchangchemical.com\/wp-content\/uploads\/2020\/08\/cropped-longchang-logo.png","width":512,"height":512,"caption":"Longchang Chemical"},"image":{"@id":"https:\/\/longchangchemical.com\/#\/schema\/logo\/image\/"}}]}},"_links":{"self":[{"href":"https:\/\/longchangchemical.com\/tr\/wp-json\/wp\/v2\/product\/3501","targetHints":{"allow":["GET"]}}],"collection":[{"href":"https:\/\/longchangchemical.com\/tr\/wp-json\/wp\/v2\/product"}],"about":[{"href":"https:\/\/longchangchemical.com\/tr\/wp-json\/wp\/v2\/types\/product"}],"replies":[{"embeddable":true,"href":"https:\/\/longchangchemical.com\/tr\/wp-json\/wp\/v2\/comments?post=3501"}],"wp:featuredmedia":[{"embeddable":true,"href":"https:\/\/longchangchemical.com\/tr\/wp-json\/wp\/v2\/media\/4181"}],"wp:attachment":[{"href":"https:\/\/longchangchemical.com\/tr\/wp-json\/wp\/v2\/media?parent=3501"}],"wp:term":[{"taxonomy":"product_brand","embeddable":true,"href":"https:\/\/longchangchemical.com\/tr\/wp-json\/wp\/v2\/product_brand?post=3501"},{"taxonomy":"product_cat","embeddable":true,"href":"https:\/\/longchangchemical.com\/tr\/wp-json\/wp\/v2\/product_cat?post=3501"},{"taxonomy":"product_tag","embeddable":true,"href":"https:\/\/longchangchemical.com\/tr\/wp-json\/wp\/v2\/product_tag?post=3501"}],"curies":[{"name":"wp","href":"https:\/\/api.w.org\/{rel}","templated":true}]}}