{"id":3497,"date":"2021-01-20T06:45:26","date_gmt":"2021-01-20T06:45:26","guid":{"rendered":"https:\/\/longchangchemical.com\/?post_type=product&#038;p=3497"},"modified":"2026-05-08T02:59:27","modified_gmt":"2026-05-08T02:59:27","slug":"2-imidazolidone-ethyleneurea-cas-120-93-4","status":"publish","type":"product","link":"https:\/\/longchangchemical.com\/tr\/product\/2-imidazolidone-ethyleneurea-cas-120-93-4\/","title":{"rendered":"2-imidazolidon \/ Etilen\u00fcre cas 120-93-4"},"content":{"rendered":"<h2>2-imidazolidon \/ Etilen\u00fcre cas 120-93-4<\/h2>\n<table class=\"table-1\" cellspacing=\"0\" cellpadding=\"0\">\n<tbody>\n<tr align=\"left\">\n<td>\n<h4>E\u015fyalar<\/h4>\n<\/td>\n<td>\n<h4>\u015eartname<\/h4>\n<\/td>\n<td>\n<h4>Sonu\u00e7lar<\/h4>\n<\/td>\n<\/tr>\n<tr align=\"left\">\n<td>\n<h4>G\u00f6r\u00fcn\u00fc\u015f<\/h4>\n<\/td>\n<td>\n<h4>Beyaz kristal toz<\/h4>\n<\/td>\n<td>\n<h4>Teyit Ediyor<\/h4>\n<\/td>\n<\/tr>\n<tr align=\"left\">\n<td>\n<h4>Test, %<\/h4>\n<\/td>\n<td>\n<h4>\u226599.0<\/h4>\n<\/td>\n<td>\n<h4>99.28<\/h4>\n<\/td>\n<\/tr>\n<tr align=\"left\">\n<td>\n<h4>\u00c7\u00f6z\u00fcn\u00fcrl\u00fck<\/h4>\n<\/td>\n<td>\n<h4>Suda kolayl\u0131kla \u00e7\u00f6z\u00fcn\u00fcr<\/h4>\n<\/td>\n<td>\n<h4>Teyit Ediyor<\/h4>\n<\/td>\n<\/tr>\n<tr align=\"left\">\n<td>\n<h4>Erime noktas\u0131, \u00b0C<\/h4>\n<\/td>\n<td>\n<h4>\u2265129.0<\/h4>\n<\/td>\n<td>\n<h4>131<\/h4>\n<\/td>\n<\/tr>\n<tr align=\"left\">\n<td>\n<h4>Kurutma Kayb\u0131, %<\/h4>\n<\/td>\n<td>\n<h4>\u22640.50<\/h4>\n<\/td>\n<td data-spm-anchor-id=\"a2700.details.pronpeci14.i0.47c51007xDDJHu\">\n<h4>0.35<\/h4>\n<\/td>\n<\/tr>\n<\/tbody>\n<\/table>\n<p>&nbsp;<\/p>\n<h2><strong>2-\u0130midazolidon \/ Etilen\u00fcre Kullan\u0131m\u0131<\/strong><\/h2>\n<h4><span class=\"JLqJ4b ChMk0b\" data-language-for-alternatives=\"en\" data-language-to-translate-into=\"auto\" data-phrase-index=\"0\">1. Etilen\u00fcre, akiral \u00f6nc\u00fclerden haz\u0131rlanan kiral mikro g\u00f6zenekli malzemeleri sentezlemek i\u00e7in kullan\u0131labilir.<\/span><\/h4>\n<h4><span class=\"JLqJ4b ChMk0b\" data-language-for-alternatives=\"en\" data-language-to-translate-into=\"auto\" data-phrase-index=\"2\">2. Etilen\u00fcre, mikrodalga destekli paladyum katalizli karbonilasyon reaksiyonu ile aril ve heteroaril N-asil\u00fcreleri haz\u0131rlamak i\u00e7in kullan\u0131labilir.<\/span><\/h4>\n<h4><span class=\"JLqJ4b ChMk0b\" data-language-for-alternatives=\"en\" data-language-to-translate-into=\"auto\" data-phrase-index=\"4\">3. Etilen\u00fcre, insan n\u00f6trofil elastaz inhibit\u00f6r\u00fcne dayanan y\u00fcksek oranda suda \u00e7\u00f6z\u00fcn\u00fcr bir peptidi sentezlemek i\u00e7in kullan\u0131labilir.<\/span><\/h4>\n<h4><span class=\"JLqJ4b ChMk0b\" data-language-for-alternatives=\"en\" data-language-to-translate-into=\"auto\" data-phrase-index=\"6\">4. Etilen\u00fcre, siyano asetilasyon reaksiyonu ile olu\u015fturulabilir ve antibakteriyel heterosiklleri sentezlemek i\u00e7in kullan\u0131labilir.<\/span><\/h4>\n<h4><span class=\"JLqJ4b ChMk0b\" data-language-for-alternatives=\"en\" data-language-to-translate-into=\"auto\" data-phrase-index=\"8\">5. Etilen\u00fcre, Pd ve heteroaromatik tosilat aras\u0131nda C-N ba\u011flar\u0131n\u0131n olu\u015fumunu katalize etmek i\u00e7in kullan\u0131labilir.<\/span><\/h4>\n<h4><span class=\"JLqJ4b ChMk0b\" data-language-for-alternatives=\"en\" data-language-to-translate-into=\"auto\" data-phrase-index=\"10\">6. Etilen\u00fcre, alkenlerin oksidatif amidasyon reaksiyonunu aktive etmek i\u00e7in kullan\u0131labilir.<\/span><\/h4>\n<h4><span class=\"JLqJ4b ChMk0b\" data-language-for-alternatives=\"en\" data-language-to-translate-into=\"auto\" data-phrase-index=\"12\">7. Etilen\u00fcre, 2D-re\u00e7ine, KB re\u00e7ine, \u00fcre-formaldehit re\u00e7ine, melamin-formaldehit re\u00e7ine vb. ile terbiye i\u015fleminden sonra kuma\u015ftaki kal\u0131nt\u0131 formaldehiti gidermek i\u00e7in bir formaldehit yakalama maddesi olarak kullan\u0131labilir.<\/span><\/h4>\n<h4><span class=\"JLqJ4b ChMk0b\" data-language-for-alternatives=\"en\" data-language-to-translate-into=\"auto\" data-phrase-index=\"14\">8. \u00dcr\u00fcn ayr\u0131ca re\u00e7ineler, plastikle\u015ftiriciler, sprey boyalar, yap\u0131\u015ft\u0131r\u0131c\u0131lar vb. \u00fcretiminde kullan\u0131lan ince kimyasallar\u0131n bir ara maddesi olarak da kullan\u0131l\u0131r.<\/span><\/h4>\n<p>&nbsp;<\/p>\n<h2><strong>2-\u0130midazolidon \/ Etilen\u00fcre Paketleme<br \/>\n<\/strong><\/h2>\n<h4>\u00c7ift katmanl\u0131 polietilen film ile kapl\u0131 25KG sunta tambur.<\/h4>\n<p>&nbsp;<\/p>\n<h2><strong>2-\u0130midazolidon \/ Etilen\u00fcre Depolama<\/strong><\/h2>\n<h4>Ate\u015f ve \u0131s\u0131dan uzak tutunuz. Nemden korunarak serin ve kuru bir ortamda m\u00fch\u00fcrlenip saklanmal\u0131d\u0131r. Oksitlerle bir arada bulunmas\u0131ndan ka\u00e7\u0131n\u0131n.<\/h4>\n<h2><strong><b>\u015eimdi Bize Ula\u015f\u0131n!<\/b><\/strong><\/h2>\n<h4><strong><b>COA, MSDS veya TDS'ye ihtiyac\u0131n\u0131z varsa, l\u00fctfen a\u015fa\u011f\u0131daki forma ileti\u015fim bilgilerinizi girin, genellikle 24 saat i\u00e7inde sizinle ileti\u015fime ge\u00e7ece\u011fiz. Bana e-posta da g\u00f6nderebilirsiniz <span style=\"color: #0000ff;\"><a style=\"color: #0000ff;\" href=\"mailto:info@longchangchemical.com\">info@longchangchemical.com<\/a><\/span> \u00c7al\u0131\u015fma saatleri i\u00e7inde (8:30 - 6:00 UTC+8 Pzt.~Sat.) veya h\u0131zl\u0131 yan\u0131t almak i\u00e7in web sitesi canl\u0131 sohbetini kullan\u0131n.<\/b><\/strong><\/h4>","protected":false},"excerpt":{"rendered":"<h4>Kimyasal Ad\u0131: 2-\u0130midazolidon<\/h4>\n<h4>Di\u011fer Ad\u0131: Etilen\u00fcre<\/h4>\n<h4>CAS No: 120-93-4<\/h4>\n<h4>Molek\u00fcler Fom\u00fcl:C3H6N2O<\/h4>\n<h4>Molek\u00fcl a\u011f\u0131rl\u0131\u011f\u0131:86.09<\/h4>\n<h4>Kimyasal Yap\u0131:<img decoding=\"async\" title=\"2-\u0130midazolidon Yap\u0131s\u0131\" src=\"https:\/\/www.longchangchemical.com\/wp-content\/uploads\/product-details\/20200616011406.png\" alt=\"2-\u0130midazolidon Yap\u0131s\u0131\" width=\"60\" height=\"69\" border=\"0\" vspace=\"0\" \/><\/h4>\n<h4>G\u00f6r\u00fcn\u00fc\u015f: Beyaz kristal toz<\/h4>\n<h4>Test: \u0130la\u00e7 s\u0131n\u0131f\u0131 i\u00e7in 99%, end\u00fcstri s\u0131n\u0131f\u0131 i\u00e7in 96%<\/h4>","protected":false},"featured_media":4169,"comment_status":"open","ping_status":"closed","template":"","meta":[],"product_brand":[],"product_cat":[69],"product_tag":[],"class_list":{"0":"post-3497","1":"product","2":"type-product","3":"status-publish","4":"has-post-thumbnail","6":"product_cat-catalysts-chemical-auxiliary-agents","8":"first","9":"instock","10":"shipping-taxable","11":"product-type-simple"},"yoast_head":"<!-- This site is optimized with the Yoast SEO plugin v25.3.1 - https:\/\/yoast.com\/wordpress\/plugins\/seo\/ -->\n<title>China 2-Imidazolidone \/ Ethyleneurea CAS 120-93-4 Manufacturer \uff06 Supplier - Longchang chemical Co., Ltd.<\/title>\n<meta name=\"description\" content=\"Longchang Chemical is a leading manufacturer and supplier of 2-Imidazolidone \/ Ethyleneurea CAS 120-93-4 in China. Buy 2-Imidazolidone \/ Ethyleneurea in china. We can provide the best 2-Imidazolidone \/ Ethyleneurea price.\" \/>\n<meta name=\"robots\" content=\"index, follow, max-snippet:-1, max-image-preview:large, max-video-preview:-1\" \/>\n<link rel=\"canonical\" href=\"https:\/\/longchangchemical.com\/tr\/product\/2-imidazolidone-ethyleneurea-cas-120-93-4\/\" \/>\n<meta property=\"og:locale\" content=\"tr_TR\" \/>\n<meta property=\"og:type\" content=\"article\" \/>\n<meta property=\"og:title\" content=\"China 2-Imidazolidone \/ Ethyleneurea CAS 120-93-4 Manufacturer \uff06 Supplier - Longchang chemical Co., Ltd.\" \/>\n<meta property=\"og:description\" content=\"Longchang Chemical is a leading manufacturer and supplier of 2-Imidazolidone \/ Ethyleneurea CAS 120-93-4 in China. Buy 2-Imidazolidone \/ Ethyleneurea in china. We can provide the best 2-Imidazolidone \/ Ethyleneurea price.\" \/>\n<meta property=\"og:url\" content=\"https:\/\/longchangchemical.com\/tr\/product\/2-imidazolidone-ethyleneurea-cas-120-93-4\/\" \/>\n<meta property=\"og:site_name\" content=\"Longchang Chemical\" \/>\n<meta property=\"article:modified_time\" content=\"2026-05-08T02:59:27+00:00\" \/>\n<meta property=\"og:image\" content=\"https:\/\/longchangchemical.com\/wp-content\/uploads\/2021\/01\/Ethyleneurea-Appearance.jpg\" \/>\n\t<meta property=\"og:image:width\" content=\"600\" \/>\n\t<meta property=\"og:image:height\" content=\"800\" \/>\n\t<meta property=\"og:image:type\" content=\"image\/jpeg\" \/>\n<meta name=\"twitter:card\" content=\"summary_large_image\" \/>\n<script type=\"application\/ld+json\" class=\"yoast-schema-graph\">{\"@context\":\"https:\/\/schema.org\",\"@graph\":[{\"@type\":\"WebPage\",\"@id\":\"https:\/\/longchangchemical.com\/product\/2-imidazolidone-ethyleneurea-cas-120-93-4\/\",\"url\":\"https:\/\/longchangchemical.com\/product\/2-imidazolidone-ethyleneurea-cas-120-93-4\/\",\"name\":\"China 2-Imidazolidone \/ Ethyleneurea CAS 120-93-4 Manufacturer \uff06 Supplier - Longchang chemical Co., Ltd.\",\"isPartOf\":{\"@id\":\"https:\/\/longchangchemical.com\/#website\"},\"primaryImageOfPage\":{\"@id\":\"https:\/\/longchangchemical.com\/product\/2-imidazolidone-ethyleneurea-cas-120-93-4\/#primaryimage\"},\"image\":{\"@id\":\"https:\/\/longchangchemical.com\/product\/2-imidazolidone-ethyleneurea-cas-120-93-4\/#primaryimage\"},\"thumbnailUrl\":\"https:\/\/longchangchemical.com\/wp-content\/uploads\/2021\/01\/Ethyleneurea-Appearance.jpg\",\"datePublished\":\"2021-01-20T06:45:26+00:00\",\"dateModified\":\"2026-05-08T02:59:27+00:00\",\"description\":\"Longchang Chemical is a leading manufacturer and supplier of 2-Imidazolidone \/ Ethyleneurea CAS 120-93-4 in China. Buy 2-Imidazolidone \/ Ethyleneurea in china. We can provide the best 2-Imidazolidone \/ Ethyleneurea price.\",\"breadcrumb\":{\"@id\":\"https:\/\/longchangchemical.com\/product\/2-imidazolidone-ethyleneurea-cas-120-93-4\/#breadcrumb\"},\"inLanguage\":\"tr\",\"potentialAction\":[{\"@type\":\"ReadAction\",\"target\":[\"https:\/\/longchangchemical.com\/product\/2-imidazolidone-ethyleneurea-cas-120-93-4\/\"]}]},{\"@type\":\"ImageObject\",\"inLanguage\":\"tr\",\"@id\":\"https:\/\/longchangchemical.com\/product\/2-imidazolidone-ethyleneurea-cas-120-93-4\/#primaryimage\",\"url\":\"https:\/\/longchangchemical.com\/wp-content\/uploads\/2021\/01\/Ethyleneurea-Appearance.jpg\",\"contentUrl\":\"https:\/\/longchangchemical.com\/wp-content\/uploads\/2021\/01\/Ethyleneurea-Appearance.jpg\",\"width\":600,\"height\":800,\"caption\":\"Ethyleneurea Appearance\"},{\"@type\":\"BreadcrumbList\",\"@id\":\"https:\/\/longchangchemical.com\/product\/2-imidazolidone-ethyleneurea-cas-120-93-4\/#breadcrumb\",\"itemListElement\":[{\"@type\":\"ListItem\",\"position\":1,\"name\":\"Home\",\"item\":\"https:\/\/longchangchemical.com\/\"},{\"@type\":\"ListItem\",\"position\":2,\"name\":\"Products Longchang\",\"item\":\"https:\/\/longchangchemical.com\/product\/\"},{\"@type\":\"ListItem\",\"position\":3,\"name\":\"2-imidazolidone \/ Ethyleneurea cas 120-93-4\"}]},{\"@type\":\"WebSite\",\"@id\":\"https:\/\/longchangchemical.com\/#website\",\"url\":\"https:\/\/longchangchemical.com\/\",\"name\":\"Longchang Chemical\",\"description\":\"China chemical manufacturer \uff06 supplier\",\"publisher\":{\"@id\":\"https:\/\/longchangchemical.com\/#organization\"},\"potentialAction\":[{\"@type\":\"SearchAction\",\"target\":{\"@type\":\"EntryPoint\",\"urlTemplate\":\"https:\/\/longchangchemical.com\/?s={search_term_string}\"},\"query-input\":{\"@type\":\"PropertyValueSpecification\",\"valueRequired\":true,\"valueName\":\"search_term_string\"}}],\"inLanguage\":\"tr\"},{\"@type\":\"Organization\",\"@id\":\"https:\/\/longchangchemical.com\/#organization\",\"name\":\"Longchang Chemical\",\"url\":\"https:\/\/longchangchemical.com\/\",\"logo\":{\"@type\":\"ImageObject\",\"inLanguage\":\"tr\",\"@id\":\"https:\/\/longchangchemical.com\/#\/schema\/logo\/image\/\",\"url\":\"https:\/\/longchangchemical.com\/wp-content\/uploads\/2020\/08\/cropped-longchang-logo.png\",\"contentUrl\":\"https:\/\/longchangchemical.com\/wp-content\/uploads\/2020\/08\/cropped-longchang-logo.png\",\"width\":512,\"height\":512,\"caption\":\"Longchang Chemical\"},\"image\":{\"@id\":\"https:\/\/longchangchemical.com\/#\/schema\/logo\/image\/\"}}]}<\/script>\n<!-- \/ Yoast SEO plugin. -->","yoast_head_json":{"title":"\u00c7in 2-Imidazolidone \/ Ethyleneurea CAS 120-93-4 \u00dcretici \uff06 Tedarik\u00e7i - Longchang chemical Co, Ltd.","description":"Longchang Chemical, \u00c7in'de 2-Imidazolidone \/ Ethyleneurea CAS 120-93-4'\u00fcn lider \u00fcreticisi ve tedarik\u00e7isidir. \u00c7in'de 2-Imidazolidone \/ Ethyleneurea sat\u0131n al\u0131n. En iyi 2-Imidazolidone \/ Ethyleneurea fiyat\u0131n\u0131 sa\u011flayabiliriz.","robots":{"index":"index","follow":"follow","max-snippet":"max-snippet:-1","max-image-preview":"max-image-preview:large","max-video-preview":"max-video-preview:-1"},"canonical":"https:\/\/longchangchemical.com\/tr\/product\/2-imidazolidone-ethyleneurea-cas-120-93-4\/","og_locale":"tr_TR","og_type":"article","og_title":"China 2-Imidazolidone \/ Ethyleneurea CAS 120-93-4 Manufacturer \uff06 Supplier - Longchang chemical Co., Ltd.","og_description":"Longchang Chemical is a leading manufacturer and supplier of 2-Imidazolidone \/ Ethyleneurea CAS 120-93-4 in China. Buy 2-Imidazolidone \/ Ethyleneurea in china. We can provide the best 2-Imidazolidone \/ Ethyleneurea price.","og_url":"https:\/\/longchangchemical.com\/tr\/product\/2-imidazolidone-ethyleneurea-cas-120-93-4\/","og_site_name":"Longchang Chemical","article_modified_time":"2026-05-08T02:59:27+00:00","og_image":[{"width":600,"height":800,"url":"https:\/\/longchangchemical.com\/wp-content\/uploads\/2021\/01\/Ethyleneurea-Appearance.jpg","type":"image\/jpeg"}],"twitter_card":"summary_large_image","schema":{"@context":"https:\/\/schema.org","@graph":[{"@type":"WebPage","@id":"https:\/\/longchangchemical.com\/product\/2-imidazolidone-ethyleneurea-cas-120-93-4\/","url":"https:\/\/longchangchemical.com\/product\/2-imidazolidone-ethyleneurea-cas-120-93-4\/","name":"\u00c7in 2-Imidazolidone \/ Ethyleneurea CAS 120-93-4 \u00dcretici \uff06 Tedarik\u00e7i - Longchang chemical Co, Ltd.","isPartOf":{"@id":"https:\/\/longchangchemical.com\/#website"},"primaryImageOfPage":{"@id":"https:\/\/longchangchemical.com\/product\/2-imidazolidone-ethyleneurea-cas-120-93-4\/#primaryimage"},"image":{"@id":"https:\/\/longchangchemical.com\/product\/2-imidazolidone-ethyleneurea-cas-120-93-4\/#primaryimage"},"thumbnailUrl":"https:\/\/longchangchemical.com\/wp-content\/uploads\/2021\/01\/Ethyleneurea-Appearance.jpg","datePublished":"2021-01-20T06:45:26+00:00","dateModified":"2026-05-08T02:59:27+00:00","description":"Longchang Chemical, \u00c7in'de 2-Imidazolidone \/ Ethyleneurea CAS 120-93-4'\u00fcn lider \u00fcreticisi ve tedarik\u00e7isidir. \u00c7in'de 2-Imidazolidone \/ Ethyleneurea sat\u0131n al\u0131n. En iyi 2-Imidazolidone \/ Ethyleneurea fiyat\u0131n\u0131 sa\u011flayabiliriz.","breadcrumb":{"@id":"https:\/\/longchangchemical.com\/product\/2-imidazolidone-ethyleneurea-cas-120-93-4\/#breadcrumb"},"inLanguage":"tr","potentialAction":[{"@type":"ReadAction","target":["https:\/\/longchangchemical.com\/product\/2-imidazolidone-ethyleneurea-cas-120-93-4\/"]}]},{"@type":"ImageObject","inLanguage":"tr","@id":"https:\/\/longchangchemical.com\/product\/2-imidazolidone-ethyleneurea-cas-120-93-4\/#primaryimage","url":"https:\/\/longchangchemical.com\/wp-content\/uploads\/2021\/01\/Ethyleneurea-Appearance.jpg","contentUrl":"https:\/\/longchangchemical.com\/wp-content\/uploads\/2021\/01\/Ethyleneurea-Appearance.jpg","width":600,"height":800,"caption":"Ethyleneurea Appearance"},{"@type":"BreadcrumbList","@id":"https:\/\/longchangchemical.com\/product\/2-imidazolidone-ethyleneurea-cas-120-93-4\/#breadcrumb","itemListElement":[{"@type":"ListItem","position":1,"name":"Home","item":"https:\/\/longchangchemical.com\/"},{"@type":"ListItem","position":2,"name":"Products Longchang","item":"https:\/\/longchangchemical.com\/product\/"},{"@type":"ListItem","position":3,"name":"2-imidazolidone \/ Ethyleneurea cas 120-93-4"}]},{"@type":"WebSite","@id":"https:\/\/longchangchemical.com\/#website","url":"https:\/\/longchangchemical.com\/","name":"Longchang Kimya","description":"\u00c7in kimyasal \u00fcreticisi \uff06 tedarik\u00e7isi","publisher":{"@id":"https:\/\/longchangchemical.com\/#organization"},"potentialAction":[{"@type":"SearchAction","target":{"@type":"EntryPoint","urlTemplate":"https:\/\/longchangchemical.com\/?s={search_term_string}"},"query-input":{"@type":"PropertyValueSpecification","valueRequired":true,"valueName":"search_term_string"}}],"inLanguage":"tr"},{"@type":"Organization","@id":"https:\/\/longchangchemical.com\/#organization","name":"Longchang Kimya","url":"https:\/\/longchangchemical.com\/","logo":{"@type":"ImageObject","inLanguage":"tr","@id":"https:\/\/longchangchemical.com\/#\/schema\/logo\/image\/","url":"https:\/\/longchangchemical.com\/wp-content\/uploads\/2020\/08\/cropped-longchang-logo.png","contentUrl":"https:\/\/longchangchemical.com\/wp-content\/uploads\/2020\/08\/cropped-longchang-logo.png","width":512,"height":512,"caption":"Longchang Chemical"},"image":{"@id":"https:\/\/longchangchemical.com\/#\/schema\/logo\/image\/"}}]}},"_links":{"self":[{"href":"https:\/\/longchangchemical.com\/tr\/wp-json\/wp\/v2\/product\/3497","targetHints":{"allow":["GET"]}}],"collection":[{"href":"https:\/\/longchangchemical.com\/tr\/wp-json\/wp\/v2\/product"}],"about":[{"href":"https:\/\/longchangchemical.com\/tr\/wp-json\/wp\/v2\/types\/product"}],"replies":[{"embeddable":true,"href":"https:\/\/longchangchemical.com\/tr\/wp-json\/wp\/v2\/comments?post=3497"}],"wp:featuredmedia":[{"embeddable":true,"href":"https:\/\/longchangchemical.com\/tr\/wp-json\/wp\/v2\/media\/4169"}],"wp:attachment":[{"href":"https:\/\/longchangchemical.com\/tr\/wp-json\/wp\/v2\/media?parent=3497"}],"wp:term":[{"taxonomy":"product_brand","embeddable":true,"href":"https:\/\/longchangchemical.com\/tr\/wp-json\/wp\/v2\/product_brand?post=3497"},{"taxonomy":"product_cat","embeddable":true,"href":"https:\/\/longchangchemical.com\/tr\/wp-json\/wp\/v2\/product_cat?post=3497"},{"taxonomy":"product_tag","embeddable":true,"href":"https:\/\/longchangchemical.com\/tr\/wp-json\/wp\/v2\/product_tag?post=3497"}],"curies":[{"name":"wp","href":"https:\/\/api.w.org\/{rel}","templated":true}]}}